{"id":3780,"date":"2026-03-27T09:51:05","date_gmt":"2026-03-27T09:51:05","guid":{"rendered":"https:\/\/www.elementlogic.net\/dk\/?page_id=3780"},"modified":"2026-03-30T13:35:46","modified_gmt":"2026-03-30T13:35:46","slug":"medicinal-og-pharmaindustrien","status":"publish","type":"page","link":"https:\/\/www.elementlogic.net\/dk\/brancher\/medicinal-og-pharmaindustrien\/","title":{"rendered":"Medicinal og pharma"},"content":{"rendered":"\n\t\t<div style=\"--dekode-hero-dim:0.5; --t2-icon-fill:var(--wp--preset--color--white);\" class=\"alignfull dekode-hero-content-position-center has-media-background wp-block-dekode-hero has-text-color has-white-color\">\n\t\t\t<img loading=\"lazy\" decoding=\"async\" width=\"1024\" height=\"576\" src=\"https:\/\/www.elementlogic.net\/content\/uploads\/sites\/15\/2026\/03\/Wholesale-Automation-3-1.png\" class=\"dekode-hero__image\" alt=\"\" style=\"--focalpoint: 48% 51%;\" srcset=\"https:\/\/www.elementlogic.net\/content\/uploads\/sites\/15\/2026\/03\/Wholesale-Automation-3-1.png 1024w, https:\/\/www.elementlogic.net\/content\/uploads\/sites\/15\/2026\/03\/Wholesale-Automation-3-1-300x169.png 300w, https:\/\/www.elementlogic.net\/content\/uploads\/sites\/15\/2026\/03\/Wholesale-Automation-3-1-768x432.png 768w\" sizes=\"(max-width: 1024px) 100vw, 1024px\" \/>\n\t\t\t<div class=\"dekode-hero__content\">\n\t\t\t\t<div class=\"dekode-hero__container\">\n\t\t\t\t\t\n\n<p><\/p>\n\n\n\n<h1 class=\"wp-block-heading\" id=\"h-medicinal-og-pharmaindustrien\">Medicinal- og pharmaindustrien<\/h1>\n\n\n<p class=\"t2-ingress wp-block-t2-ingress\">Pr\u00e6cision og compliance i hver eneste dosis<\/p>\n\n\n<div class=\"wp-block-buttons is-layout-flex wp-block-buttons-is-layout-flex\">\n<div class=\"wp-block-button hs-cta-trigger-button hs-cta-trigger-button-195241208906 has-icon has-icon-theme_arrow\"><a class=\"wp-block-button__link wp-element-button\" href=\"https:\/\/www.elementlogic.net\/dk\/kontakt-os\/\">Kontakt os<svg xmlns=\"http:\/\/www.w3.org\/2000\/svg\" viewBox=\"0 0 24 24\" height=\"24\" width=\"24\" class=\"t2-icon t2-icon-theme_arrow\" aria-hidden=\"true\" focusable=\"false\"><path d=\"M16.627 12.75H5.25C5.03717 12.75 4.859 12.6782 4.7155 12.5345C4.57183 12.391 4.5 12.2128 4.5 12C4.5 11.7872 4.57183 11.609 4.7155 11.4655C4.859 11.3218 5.03717 11.25 5.25 11.25H16.627L11.4577 6.08076C11.3091 5.93209 11.2357 5.75809 11.2375 5.55876C11.2395 5.35942 11.318 5.18217 11.473 5.02701C11.6282 4.88217 11.8038 4.80717 12 4.80201C12.1962 4.79684 12.3718 4.87184 12.527 5.02701L18.8673 11.3673C18.9609 11.4609 19.0269 11.5597 19.0652 11.6635C19.1037 11.7673 19.123 11.8795 19.123 12C19.123 12.1205 19.1037 12.2327 19.0652 12.3365C19.0269 12.4403 18.9609 12.5391 18.8673 12.6328L12.527 18.973C12.3885 19.1115 12.217 19.1823 12.0125 19.1855C11.808 19.1887 11.6282 19.1178 11.473 18.973C11.318 18.8178 11.2405 18.6397 11.2405 18.4385C11.2405 18.2372 11.318 18.0589 11.473 17.9038L16.627 12.75Z\" fill=\"var(--t2-icon-fill, #000)\"\/><\/svg><\/a><\/div>\n<\/div>\n\n\n\t\t\t\t<\/div>\n\t\t\t<\/div>\n\t\t<\/div>\n\t\t\n\n<p class=\"t2-ingress wp-block-t2-ingress\">I medicinal- og pharmaindustrien er <strong>pr\u00e6cision afg\u00f8rende<\/strong> \u2013 her kan fejl f\u00e5 alvorlige konsekvenser. Hver ordre skal leve op til <strong>strenge krav<\/strong>, <strong>sikre fuld sporbarhed<\/strong> og leveres under optimale forhold. Med et stigende produktudvalg, sk\u00e6rpede compliancekrav og udfordringer med arbejdskraft er automation n\u00f8glen til at sikre kvalitet og driftssikkerhed.<\/p>\n\n\n<p>Element Logic hj\u00e6lper distribut\u00f8rer, producenter og sundhedsakt\u00f8rer inden for medico og pharma med at optimere lageret, sikre compliance og h\u00e5ndtere produkter fejlfrit. Som verdens f\u00f8rste AutoStore-partner og med mere end 40 \u00e5rs erfaring inden for intralogistik leverer vi automation, der beskytter b\u00e5de patienter og performance.<\/p>\n\n\n\n<div class=\"wp-block-group has-global-padding is-layout-constrained wp-block-group-is-layout-constrained\">\n<h2 class=\"wp-block-heading wp-container-content-1\" id=\"h-udfordringer-i-medico-og-pharmalogistik\"><strong>Udfordringer i medico- og pharmalogistik<\/strong><\/h2>\n\n\n\n<ul class=\"wp-block-list\">\n<li>Sikre pr\u00e6cis temperaturkontrol og produktintegritet p\u00e5 tv\u00e6rs af lagerzoner<\/li>\n\n\n\n<li>Leve op til omfattende regulatoriske krav<\/li>\n\n\n\n<li>Minimere risikoen for menneskelige fejl ved h\u00e5ndtering af f\u00f8lsomme produkter<\/li>\n\n\n\n<li>H\u00e5ndtere et bredt sortiment af varenumre inden for medicin, udstyr og forbrugsvarer<\/li>\n\n\n\n<li>Balancere hastighed, pr\u00e6cision og sikkerhed i tidskritiske leverancer\u00a0<\/li>\n<\/ul>\n<\/div>\n\n\n\n\t\t<div style=\"--dekode-hero-dim:0.5; --t2-icon-fill:var(--wp--preset--color--white);\" class=\"alignfull dekode-hero-content-position-center has-media-background wp-block-dekode-hero has-text-color has-white-color\">\n\t\t\t\t\t<video\n\t\t\tautoplay\n\t\t\tloop\n\t\t\tmuted\n\t\t\tplaysinline\n\t\t\tposter=\"\"\n\t\t\tsrc=\"https:\/\/www.elementlogic.net\/content\/uploads\/2024\/07\/solutions-and-services.mp4\">\n\t\t<\/video>\n\t\t\n\t\t\t<div class=\"dekode-hero__content\">\n\t\t\t\t<div class=\"dekode-hero__container\">\n\t\t\t\t\t\n\n<h2 class=\"wp-block-heading\" id=\"h-betroet-af-forende-medico-og-pharmavirksomheder\">Betroet af f\u00f8rende medico- og pharmavirksomheder:<\/h2>\n\n\n\t\t\t\t<\/div>\n\t\t\t<\/div>\n\t\t<\/div>\n\t\t\n\n<div class=\"t2-featured-content-layout alignwide wp-block-t2-featured-content-layout\">\n\n\n\n\n\n<\/div>\n\n\n<div class=\"wp-block-buttons is-layout-flex wp-block-buttons-is-layout-flex\">\n<div class=\"wp-block-button\"><a class=\"wp-block-button__link wp-element-button\" href=\"https:\/\/www.elementlogic.net\/dk\/cases\/category\/pharmaceuticals\/\">Se flere cases fra medico- og pharmaindustrien<\/a><\/div>\n<\/div>\n\n\n\n<div class=\"wp-block-group has-global-padding is-layout-constrained wp-block-group-is-layout-constrained\">\n<h2 class=\"wp-block-heading wp-container-content-2\" id=\"h-derfor-vaelger-medico-og-pharmavirksomheder-element-logic\">Derfor v\u00e6lger medico- og pharmavirksomheder Element Logic<\/h2>\n\n\n\n<ul class=\"wp-block-list\">\n<li>Sikr fuld compliance med sporbar automation<\/li>\n\n\n\n<li>Beskyt produkternes kvalitet og minim\u00e9r risikoen for kontaminering<\/li>\n\n\n\n<li>Opn\u00e5 h\u00f8j pr\u00e6cision i ordreopfyldelsen med fuld sporbarhed fra start til slut<\/li>\n\n\n\n<li>Skal\u00e9r driften uden at g\u00e5 p\u00e5 kompromis med stabile og kontrollerede forhold<\/li>\n<\/ul>\n<\/div>\n\n\n\n<div style=\"height:100px\" aria-hidden=\"true\" class=\"wp-block-spacer\"><\/div>\n\n\n\n\t\t<div style=\"--dekode-hero-dim:0.6; --t2-icon-fill:var(--wp--preset--color--white);\" class=\"alignfull dekode-hero-content-position-center has-media-background wp-block-dekode-hero has-text-color has-white-color\">\n\t\t\t<img loading=\"lazy\" decoding=\"async\" width=\"1024\" height=\"683\" src=\"https:\/\/www.elementlogic.net\/content\/uploads\/sites\/15\/2026\/03\/Fiege_1-6-1.jpg\" class=\"dekode-hero__image\" alt=\"\" style=\"--focalpoint: 75% 71%;\" srcset=\"https:\/\/www.elementlogic.net\/content\/uploads\/sites\/15\/2026\/03\/Fiege_1-6-1.jpg 1024w, https:\/\/www.elementlogic.net\/content\/uploads\/sites\/15\/2026\/03\/Fiege_1-6-1-300x200.jpg 300w, https:\/\/www.elementlogic.net\/content\/uploads\/sites\/15\/2026\/03\/Fiege_1-6-1-768x512.jpg 768w\" sizes=\"(max-width: 1024px) 100vw, 1024px\" \/>\n\t\t\t<div class=\"dekode-hero__content\">\n\t\t\t\t<div class=\"dekode-hero__container\">\n\t\t\t\t\t\n\n<h1 class=\"wp-block-heading\" id=\"h-skab-praecision-i-hver-eneste-ordre-med-lagerautomation-fra-element-logic\"><strong>Skab pr\u00e6cision i hver eneste ordre med lagerautomation fra Element Logic<\/strong><\/h1>\n\n\n\n<div class=\"wp-block-buttons is-layout-flex wp-block-buttons-is-layout-flex\">\n<div class=\"wp-block-button http:\/\/hs-cta-trigger-button hs-cta-trigger-button-195241208906\"><a class=\"wp-block-button__link wp-element-button\">Kontakt os<\/a><\/div>\n<\/div>\n\n\n\t\t\t\t<\/div>\n\t\t\t<\/div>\n\t\t<\/div>\n\t\t\n\n\n<p><\/p>\n","protected":false},"excerpt":{"rendered":"<p>Element Logic hj\u00e6lper distribut\u00f8rer, producenter og sundhedsakt\u00f8rer inden for medico og pharma med at optimere lageret, sikre compliance og h\u00e5ndtere [&hellip;]<\/p>\n","protected":false},"author":2,"featured_media":4185,"parent":3782,"menu_order":0,"comment_status":"closed","ping_status":"closed","template":"","meta":{"hreflang_relation":0,"_el_cross_publish_source_blog_url":"","_el_cross_publish_source_blog_id":0,"_el_cross_publish_source_post_id":0,"_el_cross_publish_sync_state":"","exclude_from_search":false,"footnotes":""},"class_list":["post-3780","page","type-page","status-publish","has-post-thumbnail","hentry"],"yoast_head":"<!-- This site is optimized with the Yoast SEO Premium plugin v23.9 (Yoast SEO v23.9) - https:\/\/yoast.com\/wordpress\/plugins\/seo\/ -->\n<title>Medicinal og pharma - Element Logic Denmark<\/title>\n<meta name=\"description\" content=\"Element Logic hj\u00e6lper distribut\u00f8rer, producenter og sundhedsakt\u00f8rer inden for medico og pharma med at optimere lageret, sikre compliance og h\u00e5ndtere produkter fejlfrit. .\" \/>\n<meta name=\"robots\" content=\"index, follow, max-snippet:-1, max-image-preview:large, max-video-preview:-1\" \/>\n<link rel=\"canonical\" href=\"https:\/\/www.elementlogic.net\/dk\/brancher\/medicinal-og-pharmaindustrien\/\" \/>\n<meta property=\"og:locale\" content=\"da_DK\" \/>\n<meta property=\"og:type\" content=\"article\" \/>\n<meta property=\"og:title\" content=\"Medicinal og pharma\" \/>\n<meta property=\"og:description\" content=\"Element Logic hj\u00e6lper distribut\u00f8rer, producenter og sundhedsakt\u00f8rer inden for medico og pharma med at optimere lageret, sikre compliance og h\u00e5ndtere produkter fejlfrit. .\" \/>\n<meta property=\"og:url\" content=\"https:\/\/www.elementlogic.net\/dk\/brancher\/medicinal-og-pharmaindustrien\/\" \/>\n<meta property=\"og:site_name\" content=\"Element Logic Denmark\" \/>\n<meta property=\"article:modified_time\" content=\"2026-03-30T13:35:46+00:00\" \/>\n<meta property=\"og:image\" content=\"https:\/\/www.elementlogic.net\/content\/uploads\/sites\/15\/2026\/03\/Wholesale-Automation-3-1.png\" \/>\n\t<meta property=\"og:image:width\" content=\"1024\" \/>\n\t<meta property=\"og:image:height\" content=\"576\" \/>\n\t<meta property=\"og:image:type\" content=\"image\/png\" \/>\n<meta name=\"twitter:card\" content=\"summary_large_image\" \/>\n<meta name=\"twitter:label1\" content=\"Estimeret l\u00e6setid\" \/>\n\t<meta name=\"twitter:data1\" content=\"2 minutter\" \/>\n<script type=\"application\/ld+json\" class=\"yoast-schema-graph\">{\"@context\":\"https:\/\/schema.org\",\"@graph\":[{\"@type\":\"WebPage\",\"@id\":\"https:\/\/www.elementlogic.net\/dk\/brancher\/medicinal-og-pharmaindustrien\/\",\"url\":\"https:\/\/www.elementlogic.net\/dk\/brancher\/medicinal-og-pharmaindustrien\/\",\"name\":\"Medicinal og pharma - Element Logic Denmark\",\"isPartOf\":{\"@id\":\"https:\/\/www.elementlogic.net\/dk\/#website\"},\"primaryImageOfPage\":{\"@id\":\"https:\/\/www.elementlogic.net\/dk\/brancher\/medicinal-og-pharmaindustrien\/#primaryimage\"},\"image\":{\"@id\":\"https:\/\/www.elementlogic.net\/dk\/brancher\/medicinal-og-pharmaindustrien\/#primaryimage\"},\"thumbnailUrl\":\"https:\/\/www.elementlogic.net\/content\/uploads\/sites\/15\/2026\/03\/Wholesale-Automation-3-1.png\",\"datePublished\":\"2026-03-27T09:51:05+00:00\",\"dateModified\":\"2026-03-30T13:35:46+00:00\",\"description\":\"Element Logic hj\u00e6lper distribut\u00f8rer, producenter og sundhedsakt\u00f8rer inden for medico og pharma med at optimere lageret, sikre compliance og h\u00e5ndtere produkter fejlfrit. .\",\"breadcrumb\":{\"@id\":\"https:\/\/www.elementlogic.net\/dk\/brancher\/medicinal-og-pharmaindustrien\/#breadcrumb\"},\"inLanguage\":\"da-DK\",\"potentialAction\":[{\"@type\":\"ReadAction\",\"target\":[\"https:\/\/www.elementlogic.net\/dk\/brancher\/medicinal-og-pharmaindustrien\/\"]}]},{\"@type\":\"ImageObject\",\"inLanguage\":\"da-DK\",\"@id\":\"https:\/\/www.elementlogic.net\/dk\/brancher\/medicinal-og-pharmaindustrien\/#primaryimage\",\"url\":\"https:\/\/www.elementlogic.net\/content\/uploads\/sites\/15\/2026\/03\/Wholesale-Automation-3-1.png\",\"contentUrl\":\"https:\/\/www.elementlogic.net\/content\/uploads\/sites\/15\/2026\/03\/Wholesale-Automation-3-1.png\",\"width\":1024,\"height\":576},{\"@type\":\"BreadcrumbList\",\"@id\":\"https:\/\/www.elementlogic.net\/dk\/brancher\/medicinal-og-pharmaindustrien\/#breadcrumb\",\"itemListElement\":[{\"@type\":\"ListItem\",\"position\":1,\"name\":\"Brancher\",\"item\":\"https:\/\/www.elementlogic.net\/dk\/brancher\/\"},{\"@type\":\"ListItem\",\"position\":2,\"name\":\"Medicinal og pharma\"}]},{\"@type\":\"WebSite\",\"@id\":\"https:\/\/www.elementlogic.net\/dk\/#website\",\"url\":\"https:\/\/www.elementlogic.net\/dk\/\",\"name\":\"Element Logic Denmark\",\"description\":\"\",\"potentialAction\":[{\"@type\":\"SearchAction\",\"target\":{\"@type\":\"EntryPoint\",\"urlTemplate\":\"https:\/\/www.elementlogic.net\/dk\/?s={search_term_string}\"},\"query-input\":{\"@type\":\"PropertyValueSpecification\",\"valueRequired\":true,\"valueName\":\"search_term_string\"}}],\"inLanguage\":\"da-DK\"}]}<\/script>\n<!-- \/ Yoast SEO Premium plugin. -->","yoast_head_json":{"title":"Medicinal og pharma - Element Logic Denmark","description":"Element Logic hj\u00e6lper distribut\u00f8rer, producenter og sundhedsakt\u00f8rer inden for medico og pharma med at optimere lageret, sikre compliance og h\u00e5ndtere produkter fejlfrit. .","robots":{"index":"index","follow":"follow","max-snippet":"max-snippet:-1","max-image-preview":"max-image-preview:large","max-video-preview":"max-video-preview:-1"},"canonical":"https:\/\/www.elementlogic.net\/dk\/brancher\/medicinal-og-pharmaindustrien\/","og_locale":"da_DK","og_type":"article","og_title":"Medicinal og pharma","og_description":"Element Logic hj\u00e6lper distribut\u00f8rer, producenter og sundhedsakt\u00f8rer inden for medico og pharma med at optimere lageret, sikre compliance og h\u00e5ndtere produkter fejlfrit. .","og_url":"https:\/\/www.elementlogic.net\/dk\/brancher\/medicinal-og-pharmaindustrien\/","og_site_name":"Element Logic Denmark","article_modified_time":"2026-03-30T13:35:46+00:00","og_image":[{"width":1024,"height":576,"url":"https:\/\/www.elementlogic.net\/content\/uploads\/sites\/15\/2026\/03\/Wholesale-Automation-3-1.png","type":"image\/png"}],"twitter_card":"summary_large_image","twitter_misc":{"Estimeret l\u00e6setid":"2 minutter"},"schema":{"@context":"https:\/\/schema.org","@graph":[{"@type":"WebPage","@id":"https:\/\/www.elementlogic.net\/dk\/brancher\/medicinal-og-pharmaindustrien\/","url":"https:\/\/www.elementlogic.net\/dk\/brancher\/medicinal-og-pharmaindustrien\/","name":"Medicinal og pharma - Element Logic Denmark","isPartOf":{"@id":"https:\/\/www.elementlogic.net\/dk\/#website"},"primaryImageOfPage":{"@id":"https:\/\/www.elementlogic.net\/dk\/brancher\/medicinal-og-pharmaindustrien\/#primaryimage"},"image":{"@id":"https:\/\/www.elementlogic.net\/dk\/brancher\/medicinal-og-pharmaindustrien\/#primaryimage"},"thumbnailUrl":"https:\/\/www.elementlogic.net\/content\/uploads\/sites\/15\/2026\/03\/Wholesale-Automation-3-1.png","datePublished":"2026-03-27T09:51:05+00:00","dateModified":"2026-03-30T13:35:46+00:00","description":"Element Logic hj\u00e6lper distribut\u00f8rer, producenter og sundhedsakt\u00f8rer inden for medico og pharma med at optimere lageret, sikre compliance og h\u00e5ndtere produkter fejlfrit. .","breadcrumb":{"@id":"https:\/\/www.elementlogic.net\/dk\/brancher\/medicinal-og-pharmaindustrien\/#breadcrumb"},"inLanguage":"da-DK","potentialAction":[{"@type":"ReadAction","target":["https:\/\/www.elementlogic.net\/dk\/brancher\/medicinal-og-pharmaindustrien\/"]}]},{"@type":"ImageObject","inLanguage":"da-DK","@id":"https:\/\/www.elementlogic.net\/dk\/brancher\/medicinal-og-pharmaindustrien\/#primaryimage","url":"https:\/\/www.elementlogic.net\/content\/uploads\/sites\/15\/2026\/03\/Wholesale-Automation-3-1.png","contentUrl":"https:\/\/www.elementlogic.net\/content\/uploads\/sites\/15\/2026\/03\/Wholesale-Automation-3-1.png","width":1024,"height":576},{"@type":"BreadcrumbList","@id":"https:\/\/www.elementlogic.net\/dk\/brancher\/medicinal-og-pharmaindustrien\/#breadcrumb","itemListElement":[{"@type":"ListItem","position":1,"name":"Brancher","item":"https:\/\/www.elementlogic.net\/dk\/brancher\/"},{"@type":"ListItem","position":2,"name":"Medicinal og pharma"}]},{"@type":"WebSite","@id":"https:\/\/www.elementlogic.net\/dk\/#website","url":"https:\/\/www.elementlogic.net\/dk\/","name":"Element Logic Denmark","description":"","potentialAction":[{"@type":"SearchAction","target":{"@type":"EntryPoint","urlTemplate":"https:\/\/www.elementlogic.net\/dk\/?s={search_term_string}"},"query-input":{"@type":"PropertyValueSpecification","valueRequired":true,"valueName":"search_term_string"}}],"inLanguage":"da-DK"}]}},"_links":{"self":[{"href":"https:\/\/www.elementlogic.net\/dk\/wp-json\/wp\/v2\/pages\/3780"}],"collection":[{"href":"https:\/\/www.elementlogic.net\/dk\/wp-json\/wp\/v2\/pages"}],"about":[{"href":"https:\/\/www.elementlogic.net\/dk\/wp-json\/wp\/v2\/types\/page"}],"author":[{"embeddable":true,"href":"https:\/\/www.elementlogic.net\/dk\/wp-json\/wp\/v2\/users\/2"}],"replies":[{"embeddable":true,"href":"https:\/\/www.elementlogic.net\/dk\/wp-json\/wp\/v2\/comments?post=3780"}],"version-history":[{"count":4,"href":"https:\/\/www.elementlogic.net\/dk\/wp-json\/wp\/v2\/pages\/3780\/revisions"}],"predecessor-version":[{"id":4206,"href":"https:\/\/www.elementlogic.net\/dk\/wp-json\/wp\/v2\/pages\/3780\/revisions\/4206"}],"up":[{"embeddable":true,"href":"https:\/\/www.elementlogic.net\/dk\/wp-json\/wp\/v2\/pages\/3782"}],"wp:featuredmedia":[{"embeddable":true,"href":"https:\/\/www.elementlogic.net\/dk\/wp-json\/wp\/v2\/media\/4185"}],"wp:attachment":[{"href":"https:\/\/www.elementlogic.net\/dk\/wp-json\/wp\/v2\/media?parent=3780"}],"curies":[{"name":"wp","href":"https:\/\/api.w.org\/{rel}","templated":true}]}}