{"id":3782,"date":"2026-03-27T09:43:52","date_gmt":"2026-03-27T09:43:52","guid":{"rendered":"https:\/\/www.elementlogic.net\/dk\/?page_id=3782"},"modified":"2026-03-30T13:26:25","modified_gmt":"2026-03-30T13:26:25","slug":"brancher","status":"publish","type":"page","link":"https:\/\/www.elementlogic.net\/dk\/brancher\/","title":{"rendered":"Brancher"},"content":{"rendered":"\n\t\t<div style=\"--dekode-hero-dim:0.5; --t2-icon-fill:var(--wp--preset--color--white);\" class=\"alignfull dekode-hero-content-position-center has-media-background wp-block-dekode-hero has-text-color has-white-color\">\n\t\t\t\t\t<video\n\t\t\tautoplay\n\t\t\tloop\n\t\t\tmuted\n\t\t\tplaysinline\n\t\t\tposter=\"\"\n\t\t\tsrc=\"https:\/\/www.elementlogic.net\/content\/uploads\/2025\/07\/AAAS-topvideo.mp4\">\n\t\t<\/video>\n\t\t\n\t\t\t<div class=\"dekode-hero__content\">\n\t\t\t\t<div class=\"dekode-hero__container\">\n\t\t\t\t\t\n\n<h1 class=\"wp-block-heading\" id=\"h-vi-styrker-brancher-med-smartere-intralogistik\">Vi styrker brancher med smartere intralogistik<\/h1>\n\n\n<p class=\"t2-ingress wp-block-t2-ingress\">Fra engroshandel til 3PL hj\u00e6lper Element Logic virksomheder p\u00e5 tv\u00e6rs af brancher med at vokse hurtigere, lagre mere effektivt og levere med pr\u00e6cision.<\/p>\n\n\n<div class=\"wp-block-buttons is-layout-flex wp-block-buttons-is-layout-flex\">\n<div class=\"wp-block-button\"><a class=\"wp-block-button__link wp-element-button\" href=\"#explore-industries\">Udforsk vores brancher<\/a><\/div>\n<\/div>\n\n\n\t\t\t\t<\/div>\n\t\t\t<\/div>\n\t\t<\/div>\n\t\t\n\n\n<h2 class=\"wp-block-heading\" id=\"h-optimering-af-lagerets-ydeevne\">Optimering af lagerets ydeevne<\/h2>\n\n\n\n<p>Optimering er kernen i enhver blomstrende virksomhed. Uanset branche er lagerets effektivitet afg\u00f8rende for din evne til at levere, konkurrere og vokse. Element Logic samarbejder med ambiti\u00f8se virksomheder over hele verden om at automatisere og optimere deres interne logistik, s\u00e5 de kan minimere spild, maksimere ydeevnen og sikre langsigtet rentabilitet.<\/p>\n\n\n\n<h2 class=\"wp-block-heading\" id=\"h-skraeddersyet-automatisering-til-alle-brancher\">Skr\u00e6ddersyet automatisering til alle brancher<\/h2>\n\n\n\n<p>Ingen to brancher st\u00e5r over for de samme udfordringer, og derfor tilpasser Element Logic automatiseringen, s\u00e5 den passer til netop din virksomhed. Uanset om du arbejder inden for e-handel, tredjepartslogistik, detailhandel, produktion eller specialiserede omr\u00e5der som medicinalvarer eller k\u00f8leopbevaring, udvikler vi l\u00f8sninger, der im\u00f8dekommer netop dine behov. Med \u00e5rtiers erfaring og en global kundebase forst\u00e5r vi de unikke krav, der stilles i hver enkelt branche. Fra h\u00e5ndtering af store returm\u00e6ngder inden for mode til sikring af n\u00f8jagtighed i medicinsk distribution leverer vi automatisering, der hj\u00e6lper dig med at reducere omkostninger, forbedre effektiviteten og skalere med tillid.<\/p>\n\n\n\n<h2 class=\"wp-block-heading\" id=\"h-udforsk-brancher\">Udforsk brancher<\/h2>\n\n\n\n\t\t<div style=\"--link-cards-grid-columns: 3\" class=\"dekode-link-cards has-3-columns wp-block-dekode-link-cards\">\n\t\t\t<div class=\"dekode-link-cards__items\">\n\t\t\t\t\n<a class=\"wp-block-dekode-link-card\" href=\"https:\/\/www.elementlogic.net\/dk\/3pl-og-logistik\/\"><img loading=\"lazy\" decoding=\"async\" width=\"768\" height=\"432\" src=\"https:\/\/www.elementlogic.net\/content\/uploads\/sites\/15\/2026\/03\/Wholesale-Automation-2-768x432.png\" class=\"\" alt=\"\" \/>\t<div class=\"dekode-link-card__content\">\n\t\t\t\t<p class=\"dekode-link-card__title\">\n\t\t\t3PL\t\t<\/p>\n\t\t\t<\/div>\n\t<\/a>\n\n<a class=\"wp-block-dekode-link-card\" href=\"https:\/\/www.elementlogic.net\/dk\/mode-og-beklaedningsbranchen\/\"><img loading=\"lazy\" decoding=\"async\" width=\"768\" height=\"432\" src=\"https:\/\/www.elementlogic.net\/content\/uploads\/sites\/15\/2026\/03\/Wholesale-Automation1-2-768x432.png\" class=\"\" alt=\"\" \/>\t<div class=\"dekode-link-card__content\">\n\t\t\t\t<p class=\"dekode-link-card__title\">\n\t\t\tMode &amp; t\u00f8j\t\t<\/p>\n\t\t\t<\/div>\n\t<\/a>\n\n<a class=\"wp-block-dekode-link-card\" href=\"https:\/\/www.elementlogic.net\/dk\/sportswear\/\"><img loading=\"lazy\" decoding=\"async\" width=\"768\" height=\"432\" src=\"https:\/\/www.elementlogic.net\/content\/uploads\/sites\/15\/2026\/03\/Wholesale-Automation1-3-768x432.png\" class=\"\" alt=\"\" \/>\t<div class=\"dekode-link-card__content\">\n\t\t\t\t<p class=\"dekode-link-card__title\">\n\t\t\tSportswear\t\t<\/p>\n\t\t\t<\/div>\n\t<\/a>\n\n<a class=\"wp-block-dekode-link-card\" href=\"https:\/\/www.elementlogic.net\/dk\/cases\/category\/ecommerce\/\"><img loading=\"lazy\" decoding=\"async\" width=\"768\" height=\"432\" src=\"https:\/\/www.elementlogic.net\/content\/uploads\/sites\/15\/2026\/03\/Wholesale-Automation1-1-1-768x432.png\" class=\"\" alt=\"\" \/>\t<div class=\"dekode-link-card__content\">\n\t\t\t\t<p class=\"dekode-link-card__title\">\n\t\t\tE-Commerce\t\t<\/p>\n\t\t\t<\/div>\n\t<\/a>\n\n<a class=\"wp-block-dekode-link-card\" href=\"https:\/\/www.elementlogic.net\/dk\/elektroniske-komponenter\/\"><img loading=\"lazy\" decoding=\"async\" width=\"768\" height=\"432\" src=\"https:\/\/www.elementlogic.net\/content\/uploads\/sites\/15\/2026\/03\/Wholesale-Automation1-4-768x432.png\" class=\"\" alt=\"\" \/>\t<div class=\"dekode-link-card__content\">\n\t\t\t\t<p class=\"dekode-link-card__title\">\n\t\t\tElektroniske komponenter\t\t<\/p>\n\t\t\t<\/div>\n\t<\/a>\n\n<a class=\"wp-block-dekode-link-card\" href=\"https:\/\/www.elementlogic.net\/dk\/produktion-og-fremstilling\/\"><img loading=\"lazy\" decoding=\"async\" width=\"768\" height=\"513\" src=\"https:\/\/www.elementlogic.net\/content\/uploads\/sites\/15\/2026\/03\/ElementLogic_Conveyors-in-action-768x513-1-3.jpg\" class=\"\" alt=\"\" \/>\t<div class=\"dekode-link-card__content\">\n\t\t\t\t<p class=\"dekode-link-card__title\">\n\t\t\tProduktion &amp; Fremstilling\t\t<\/p>\n\t\t\t<\/div>\n\t<\/a>\n\n<a class=\"wp-block-dekode-link-card\" href=\"https:\/\/www.elementlogic.net\/dk\/reservedele-og-distribution\/\"><img loading=\"lazy\" decoding=\"async\" width=\"768\" height=\"432\" src=\"https:\/\/www.elementlogic.net\/content\/uploads\/sites\/15\/2026\/03\/Wholesale-Automation-3-768x432.png\" class=\"\" alt=\"\" \/>\t<div class=\"dekode-link-card__content\">\n\t\t\t\t<p class=\"dekode-link-card__title\">\n\t\t\tDistribution af reservedele\t\t<\/p>\n\t\t\t<\/div>\n\t<\/a>\n\n<a class=\"wp-block-dekode-link-card\" href=\"https:\/\/www.elementlogic.net\/dk\/medicinal-og-pharmaindustrien\/\"><img loading=\"lazy\" decoding=\"async\" width=\"768\" height=\"432\" src=\"https:\/\/www.elementlogic.net\/content\/uploads\/sites\/15\/2026\/03\/Wholesale-Automation-2-1-768x432.png\" class=\"\" alt=\"\" \/>\t<div class=\"dekode-link-card__content\">\n\t\t\t\t<p class=\"dekode-link-card__title\">\n\t\t\tMedico og Pharma\t\t<\/p>\n\t\t\t<\/div>\n\t<\/a>\n\n<a class=\"wp-block-dekode-link-card\" href=\"https:\/\/www.elementlogic.net\/dk\/detail\/\"><img loading=\"lazy\" decoding=\"async\" width=\"768\" height=\"432\" src=\"https:\/\/www.elementlogic.net\/content\/uploads\/sites\/15\/2026\/03\/Wholesale-Automation-6-768x432.png\" class=\"\" alt=\"\" \/>\t<div class=\"dekode-link-card__content\">\n\t\t\t\t<p class=\"dekode-link-card__title\">\n\t\t\tDetail\t\t<\/p>\n\t\t\t<\/div>\n\t<\/a>\n\n<a class=\"wp-block-dekode-link-card\" href=\"https:\/\/www.elementlogic.net\/dk\/engrosvirksomheder\/\"><img loading=\"lazy\" decoding=\"async\" width=\"768\" height=\"432\" src=\"https:\/\/www.elementlogic.net\/content\/uploads\/sites\/15\/2026\/03\/Wholesale-Automation-4-768x432.png\" class=\"\" alt=\"\" \/>\t<div class=\"dekode-link-card__content\">\n\t\t\t\t<p class=\"dekode-link-card__title\">\n\t\t\tEngros\t\t<\/p>\n\t\t\t<\/div>\n\t<\/a>\n\n<a class=\"wp-block-dekode-link-card\" href=\"https:\/\/www.elementlogic.net\/dk\/e-grocery\/\"><img loading=\"lazy\" decoding=\"async\" width=\"768\" height=\"432\" src=\"https:\/\/www.elementlogic.net\/content\/uploads\/sites\/15\/2026\/03\/Wholesale-Automation-5-768x432.png\" class=\"\" alt=\"\" \/>\t<div class=\"dekode-link-card__content\">\n\t\t\t\t<p class=\"dekode-link-card__title\">\n\t\t\teGrocery\t\t<\/p>\n\t\t\t<\/div>\n\t<\/a>\n\n\t\t\t<\/div>\n\t\t<\/div>\n\n\n<h2 class=\"wp-block-heading\" id=\"h-faelles-udfordringer-pa-tvaers-af-brancher\">F\u00e6lles udfordringer p\u00e5 tv\u00e6rs af brancher<\/h2>\n\n\n\n<p>Lagervirksomheder st\u00e5r i dag over for en hidtil uset kompleksitet og stadig h\u00f8jere forventninger fra kunderne. P\u00e5 tv\u00e6rs af brancher skal virksomhederne h\u00e5ndtere:<\/p>\n\n\n\n<ul class=\"wp-block-list\">\n<li>Arbejdskraftmangel og stigende driftsomkostninger<\/li>\n<\/ul>\n\n\n\n<ul class=\"wp-block-list\">\n<li>Stigende udvalg af varenumre og uforudsigelig eftersp\u00f8rgsel<\/li>\n<\/ul>\n\n\n\n<ul class=\"wp-block-list\">\n<li>Presset for hurtigere og mere pr\u00e6cis ordreafvikling<\/li>\n<\/ul>\n\n\n\n<ul class=\"wp-block-list\">\n<li>Begr\u00e6nset gulvplads og behovet for skalerbare systemer<\/li>\n<\/ul>\n\n\n\n<ul class=\"wp-block-list\">\n<li>Integration af ny teknologi i eksisterende infrastruktur<\/li>\n<\/ul>\n\n\n\n<p>Disse f\u00e6lles udfordringer kr\u00e6ver intelligent og fleksibel automatisering, der fungerer problemfrit sammen med de eksisterende arbejdsgange.&nbsp;<\/p>\n\n\n\n\t\t<div class=\"wp-block-dekode-simple-cta\">\n\t\t\t<div class=\"dekode-simple-cta__inner\">\n\n<h3 class=\"wp-block-heading\" id=\"h-vil-du-vide-mere-om-hvordan-element-logic-kan-optimere-dit-lagers-ydeevne\">Vil du vide mere om, hvordan Element Logic kan optimere dit lagers ydeevne?<\/h3>\n\n\n\n<div class=\"wp-block-buttons is-layout-flex wp-block-buttons-is-layout-flex\">\n<div class=\"wp-block-button\"><a class=\"wp-block-button__link wp-element-button\" href=\"https:\/\/www.elementlogic.net\/dk\/kontakt-os\/\">Kontakt os i dag<\/a><\/div>\n<\/div>\n\n<\/div>\n\t\t<\/div>","protected":false},"excerpt":{"rendered":"<p>Optimering af lagerets ydeevne Optimering er kernen i enhver blomstrende virksomhed. Uanset branche er lagerets effektivitet afg\u00f8rende for din evne [&hellip;]<\/p>\n","protected":false},"author":2,"featured_media":4159,"parent":0,"menu_order":0,"comment_status":"closed","ping_status":"closed","template":"","meta":{"hreflang_relation":0,"_el_cross_publish_source_blog_url":"","_el_cross_publish_source_blog_id":0,"_el_cross_publish_source_post_id":0,"_el_cross_publish_sync_state":"","exclude_from_search":false,"footnotes":""},"class_list":["post-3782","page","type-page","status-publish","has-post-thumbnail","hentry"],"yoast_head":"<!-- This site is optimized with the Yoast SEO Premium plugin v23.9 (Yoast SEO v23.9) - https:\/\/yoast.com\/wordpress\/plugins\/seo\/ -->\n<title>Brancher - Element Logic Denmark<\/title>\n<meta name=\"description\" content=\"Fra engroshandel til 3PL hj\u00e6lper Element Logic virksomheder p\u00e5 tv\u00e6rs af brancher med at vokse hurtigere, lagre mere effektivt og levere med pr\u00e6cision.\" \/>\n<meta name=\"robots\" content=\"index, follow, max-snippet:-1, max-image-preview:large, max-video-preview:-1\" \/>\n<link rel=\"canonical\" href=\"https:\/\/www.elementlogic.net\/dk\/brancher\/\" \/>\n<meta property=\"og:locale\" content=\"da_DK\" \/>\n<meta property=\"og:type\" content=\"article\" \/>\n<meta property=\"og:title\" content=\"Brancher\" \/>\n<meta property=\"og:description\" content=\"Fra engroshandel til 3PL hj\u00e6lper Element Logic virksomheder p\u00e5 tv\u00e6rs af brancher med at vokse hurtigere, lagre mere effektivt og levere med pr\u00e6cision.\" \/>\n<meta property=\"og:url\" content=\"https:\/\/www.elementlogic.net\/dk\/brancher\/\" \/>\n<meta property=\"og:site_name\" content=\"Element Logic Denmark\" \/>\n<meta property=\"article:modified_time\" content=\"2026-03-30T13:26:25+00:00\" \/>\n<meta property=\"og:image\" content=\"https:\/\/www.elementlogic.net\/content\/uploads\/sites\/15\/2026\/03\/Sporstwear-1.png\" \/>\n\t<meta property=\"og:image:width\" content=\"1024\" \/>\n\t<meta property=\"og:image:height\" content=\"1024\" \/>\n\t<meta property=\"og:image:type\" content=\"image\/png\" \/>\n<meta name=\"twitter:card\" content=\"summary_large_image\" \/>\n<meta name=\"twitter:label1\" content=\"Estimeret l\u00e6setid\" \/>\n\t<meta name=\"twitter:data1\" content=\"2 minutter\" \/>\n<script type=\"application\/ld+json\" class=\"yoast-schema-graph\">{\"@context\":\"https:\/\/schema.org\",\"@graph\":[{\"@type\":\"WebPage\",\"@id\":\"https:\/\/www.elementlogic.net\/dk\/brancher\/\",\"url\":\"https:\/\/www.elementlogic.net\/dk\/brancher\/\",\"name\":\"Brancher - Element Logic Denmark\",\"isPartOf\":{\"@id\":\"https:\/\/www.elementlogic.net\/dk\/#website\"},\"primaryImageOfPage\":{\"@id\":\"https:\/\/www.elementlogic.net\/dk\/brancher\/#primaryimage\"},\"image\":{\"@id\":\"https:\/\/www.elementlogic.net\/dk\/brancher\/#primaryimage\"},\"thumbnailUrl\":\"https:\/\/www.elementlogic.net\/content\/uploads\/sites\/15\/2026\/03\/Sporstwear-1.png\",\"datePublished\":\"2026-03-27T09:43:52+00:00\",\"dateModified\":\"2026-03-30T13:26:25+00:00\",\"description\":\"Fra engroshandel til 3PL hj\u00e6lper Element Logic virksomheder p\u00e5 tv\u00e6rs af brancher med at vokse hurtigere, lagre mere effektivt og levere med pr\u00e6cision.\",\"inLanguage\":\"da-DK\",\"potentialAction\":[{\"@type\":\"ReadAction\",\"target\":[\"https:\/\/www.elementlogic.net\/dk\/brancher\/\"]}]},{\"@type\":\"ImageObject\",\"inLanguage\":\"da-DK\",\"@id\":\"https:\/\/www.elementlogic.net\/dk\/brancher\/#primaryimage\",\"url\":\"https:\/\/www.elementlogic.net\/content\/uploads\/sites\/15\/2026\/03\/Sporstwear-1.png\",\"contentUrl\":\"https:\/\/www.elementlogic.net\/content\/uploads\/sites\/15\/2026\/03\/Sporstwear-1.png\",\"width\":1024,\"height\":1024},{\"@type\":\"WebSite\",\"@id\":\"https:\/\/www.elementlogic.net\/dk\/#website\",\"url\":\"https:\/\/www.elementlogic.net\/dk\/\",\"name\":\"Element Logic Denmark\",\"description\":\"\",\"potentialAction\":[{\"@type\":\"SearchAction\",\"target\":{\"@type\":\"EntryPoint\",\"urlTemplate\":\"https:\/\/www.elementlogic.net\/dk\/?s={search_term_string}\"},\"query-input\":{\"@type\":\"PropertyValueSpecification\",\"valueRequired\":true,\"valueName\":\"search_term_string\"}}],\"inLanguage\":\"da-DK\"}]}<\/script>\n<!-- \/ Yoast SEO Premium plugin. -->","yoast_head_json":{"title":"Brancher - Element Logic Denmark","description":"Fra engroshandel til 3PL hj\u00e6lper Element Logic virksomheder p\u00e5 tv\u00e6rs af brancher med at vokse hurtigere, lagre mere effektivt og levere med pr\u00e6cision.","robots":{"index":"index","follow":"follow","max-snippet":"max-snippet:-1","max-image-preview":"max-image-preview:large","max-video-preview":"max-video-preview:-1"},"canonical":"https:\/\/www.elementlogic.net\/dk\/brancher\/","og_locale":"da_DK","og_type":"article","og_title":"Brancher","og_description":"Fra engroshandel til 3PL hj\u00e6lper Element Logic virksomheder p\u00e5 tv\u00e6rs af brancher med at vokse hurtigere, lagre mere effektivt og levere med pr\u00e6cision.","og_url":"https:\/\/www.elementlogic.net\/dk\/brancher\/","og_site_name":"Element Logic Denmark","article_modified_time":"2026-03-30T13:26:25+00:00","og_image":[{"width":1024,"height":1024,"url":"https:\/\/www.elementlogic.net\/content\/uploads\/sites\/15\/2026\/03\/Sporstwear-1.png","type":"image\/png"}],"twitter_card":"summary_large_image","twitter_misc":{"Estimeret l\u00e6setid":"2 minutter"},"schema":{"@context":"https:\/\/schema.org","@graph":[{"@type":"WebPage","@id":"https:\/\/www.elementlogic.net\/dk\/brancher\/","url":"https:\/\/www.elementlogic.net\/dk\/brancher\/","name":"Brancher - Element Logic Denmark","isPartOf":{"@id":"https:\/\/www.elementlogic.net\/dk\/#website"},"primaryImageOfPage":{"@id":"https:\/\/www.elementlogic.net\/dk\/brancher\/#primaryimage"},"image":{"@id":"https:\/\/www.elementlogic.net\/dk\/brancher\/#primaryimage"},"thumbnailUrl":"https:\/\/www.elementlogic.net\/content\/uploads\/sites\/15\/2026\/03\/Sporstwear-1.png","datePublished":"2026-03-27T09:43:52+00:00","dateModified":"2026-03-30T13:26:25+00:00","description":"Fra engroshandel til 3PL hj\u00e6lper Element Logic virksomheder p\u00e5 tv\u00e6rs af brancher med at vokse hurtigere, lagre mere effektivt og levere med pr\u00e6cision.","inLanguage":"da-DK","potentialAction":[{"@type":"ReadAction","target":["https:\/\/www.elementlogic.net\/dk\/brancher\/"]}]},{"@type":"ImageObject","inLanguage":"da-DK","@id":"https:\/\/www.elementlogic.net\/dk\/brancher\/#primaryimage","url":"https:\/\/www.elementlogic.net\/content\/uploads\/sites\/15\/2026\/03\/Sporstwear-1.png","contentUrl":"https:\/\/www.elementlogic.net\/content\/uploads\/sites\/15\/2026\/03\/Sporstwear-1.png","width":1024,"height":1024},{"@type":"WebSite","@id":"https:\/\/www.elementlogic.net\/dk\/#website","url":"https:\/\/www.elementlogic.net\/dk\/","name":"Element Logic Denmark","description":"","potentialAction":[{"@type":"SearchAction","target":{"@type":"EntryPoint","urlTemplate":"https:\/\/www.elementlogic.net\/dk\/?s={search_term_string}"},"query-input":{"@type":"PropertyValueSpecification","valueRequired":true,"valueName":"search_term_string"}}],"inLanguage":"da-DK"}]}},"_links":{"self":[{"href":"https:\/\/www.elementlogic.net\/dk\/wp-json\/wp\/v2\/pages\/3782"}],"collection":[{"href":"https:\/\/www.elementlogic.net\/dk\/wp-json\/wp\/v2\/pages"}],"about":[{"href":"https:\/\/www.elementlogic.net\/dk\/wp-json\/wp\/v2\/types\/page"}],"author":[{"embeddable":true,"href":"https:\/\/www.elementlogic.net\/dk\/wp-json\/wp\/v2\/users\/2"}],"replies":[{"embeddable":true,"href":"https:\/\/www.elementlogic.net\/dk\/wp-json\/wp\/v2\/comments?post=3782"}],"version-history":[{"count":4,"href":"https:\/\/www.elementlogic.net\/dk\/wp-json\/wp\/v2\/pages\/3782\/revisions"}],"predecessor-version":[{"id":4236,"href":"https:\/\/www.elementlogic.net\/dk\/wp-json\/wp\/v2\/pages\/3782\/revisions\/4236"}],"wp:featuredmedia":[{"embeddable":true,"href":"https:\/\/www.elementlogic.net\/dk\/wp-json\/wp\/v2\/media\/4159"}],"wp:attachment":[{"href":"https:\/\/www.elementlogic.net\/dk\/wp-json\/wp\/v2\/media?parent=3782"}],"curies":[{"name":"wp","href":"https:\/\/api.w.org\/{rel}","templated":true}]}}