{"id":3786,"date":"2026-03-27T09:47:37","date_gmt":"2026-03-27T09:47:37","guid":{"rendered":"https:\/\/www.elementlogic.net\/dk\/?page_id=3786"},"modified":"2026-03-30T20:09:37","modified_gmt":"2026-03-30T20:09:37","slug":"indsigt-optimering","status":"publish","type":"page","link":"https:\/\/www.elementlogic.net\/dk\/customer-success\/indsigt-optimering\/","title":{"rendered":"Indsigt og optimering"},"content":{"rendered":"\n\t\t<div style=\"--dekode-hero-dim:0.5; --t2-icon-fill:var(--wp--preset--color--white);\" class=\"alignfull dekode-hero-content-position-center has-media-background wp-block-dekode-hero has-text-color has-white-color\">\n\t\t\t<img loading=\"lazy\" decoding=\"async\" width=\"1024\" height=\"429\" src=\"https:\/\/www.elementlogic.net\/content\/uploads\/sites\/15\/2026\/03\/Wallpaper-6-scaled-3-1024x429.jpg\" class=\"dekode-hero__image\" alt=\"\" style=\"--focalpoint: 50% 50%;\" srcset=\"https:\/\/www.elementlogic.net\/content\/uploads\/sites\/15\/2026\/03\/Wallpaper-6-scaled-3-1024x429.jpg 1024w, https:\/\/www.elementlogic.net\/content\/uploads\/sites\/15\/2026\/03\/Wallpaper-6-scaled-3-300x126.jpg 300w, https:\/\/www.elementlogic.net\/content\/uploads\/sites\/15\/2026\/03\/Wallpaper-6-scaled-3-768x322.jpg 768w, https:\/\/www.elementlogic.net\/content\/uploads\/sites\/15\/2026\/03\/Wallpaper-6-scaled-3-1536x643.jpg 1536w, https:\/\/www.elementlogic.net\/content\/uploads\/sites\/15\/2026\/03\/Wallpaper-6-scaled-3-2048x858.jpg 2048w\" sizes=\"(max-width: 1024px) 100vw, 1024px\" \/>\n\t\t\t<div class=\"dekode-hero__content\">\n\t\t\t\t<div class=\"dekode-hero__container\">\n\t\t\t\t\t\n\n<h1 class=\"wp-block-heading\" id=\"h-indsigt-og-optimering\">Indsigt og optimering<\/h1>\n\n\n<p class=\"t2-ingress wp-block-t2-ingress\">Skaber vedvarende v\u00e6rdi<\/p>\n\n\t\t\t\t<\/div>\n\t\t\t<\/div>\n\t\t<\/div>\n\t\t\n\n\n<h2 class=\"wp-block-heading\" id=\"h-en-afgorende-del-af-kundernes-succes-nbsp\"><strong>En afg\u00f8rende del af kundernes succes<\/strong>&nbsp;<\/h2>\n\n\n\n<p>Hos Element Logic handler Customer Success om mere end blot at levere en lagerl\u00f8sning. Det handler om at sikre, at din l\u00f8sning fortsat skaber v\u00e6rdi over tid. Indsigt og optimering er den fremadrettede del af kundesuccesen \u2013 vi hj\u00e6lper dig med at forst\u00e5, hvordan dit lager klarer sig i dag, og hvordan det kan pr\u00e6stere endnu bedre i fremtiden.<\/p>\n\n\n\n<p><strong>At omdanne data til v\u00e6kst<\/strong><\/p>\n\n\n\n<p>Dit lager genererer hver dag v\u00e6rdifulde data. Med vores ekspertise og v\u00e6rkt\u00f8jer omdanner vi disse data til indsigt, der afsl\u00f8rer muligheder for forbedringer. Fra systemudnyttelse til proceseffektivitet leverer vores Customer Success-team og vores software anbefalinger, der hj\u00e6lper dig med at tilpasse dig, vokse og bevare din konkurrenceevne.<\/p>\n\n\n\n\t\t<div class=\"alignwide is-mode-constrained is-gap-center has-media-on-the-right wp-block-t2-simple-media-text   \">\n\t\t\t<div class=\"t2-simple-media-text__container\">\n\t\t\t\t<div class=\"t2-simple-media-text__image\"><img loading=\"lazy\" decoding=\"async\" width=\"768\" height=\"498\" src=\"https:\/\/www.elementlogic.net\/content\/uploads\/sites\/15\/2026\/03\/Element-Logic-and-Bergaard-Amundsen-People-2-768x498.jpg\" class=\"\" alt=\"\" style=\"--focalpoint: 50% 50%;\" srcset=\"https:\/\/www.elementlogic.net\/content\/uploads\/sites\/15\/2026\/03\/Element-Logic-and-Bergaard-Amundsen-People-2-768x498.jpg 768w, https:\/\/www.elementlogic.net\/content\/uploads\/sites\/15\/2026\/03\/Element-Logic-and-Bergaard-Amundsen-People-2-300x194.jpg 300w, https:\/\/www.elementlogic.net\/content\/uploads\/sites\/15\/2026\/03\/Element-Logic-and-Bergaard-Amundsen-People-2-1024x664.jpg 1024w, https:\/\/www.elementlogic.net\/content\/uploads\/sites\/15\/2026\/03\/Element-Logic-and-Bergaard-Amundsen-People-2-1536x996.jpg 1536w, https:\/\/www.elementlogic.net\/content\/uploads\/sites\/15\/2026\/03\/Element-Logic-and-Bergaard-Amundsen-People-2.jpg 1600w\" sizes=\"(max-width: 768px) 100vw, 768px\" \/><\/div>\n\t\t\t\t<div class=\"t2-simple-media-text__content-container\">\n\t\t\t\t\t<div class=\"t2-simple-media-text__content\">\n\t\t\t\t\t\t<div class=\"t2-simple-media-text__content-inner\">\n\t\t\t\t\t\t\t\n\n<h3 class=\"wp-block-heading\" id=\"h-et-vedvarende-partnerskab-nbsp\"><strong>Et vedvarende partnerskab<\/strong>&nbsp;<\/h3>\n\n\n\n<p>Indsigt &amp; Optimering er ikke en engangsydelse \u2014 det er en l\u00f8bende dialog mellem dig og vores Customer Success-eksperter. Sammen:<br><br>&#8211; Overv\u00e5ger vi systemets ydeevne og identificerer m\u00f8nstre<br>&#8211; Sporer vi n\u00f8gletal som plukhastighed, n\u00f8jagtighed og oppetid<br>&#8211; Forudser og forebygger vi fremtidige udfordringer gennem pr\u00e6diktiv analyse<br>&#8211; Anbefaler og implementerer vi justeringer, der er afstemt efter dine forretningsm\u00e5l<br><br>Dette sikrer, at din lagerl\u00f8sning forbliver en st\u00e6rk og p\u00e5lidelig rygrad i din drift.<\/p>\n\n\n\t\t\t\t\t\t<\/div>\n\t\t\t\t\t<\/div>\n\t\t\t\t<\/div>\n\t\t\t<\/div>\n\t\t<\/div>\n\t\t\n\n\n\t\t<div class=\"alignwide is-mode-constrained is-gap-center wp-block-t2-simple-media-text   \">\n\t\t\t<div class=\"t2-simple-media-text__container\">\n\t\t\t\t<div class=\"t2-simple-media-text__image\"><img loading=\"lazy\" decoding=\"async\" width=\"768\" height=\"512\" src=\"https:\/\/www.elementlogic.net\/content\/uploads\/sites\/15\/2026\/03\/image-68-2-768x512.png\" class=\"\" alt=\"\" style=\"--focalpoint: 50% 50%;\" srcset=\"https:\/\/www.elementlogic.net\/content\/uploads\/sites\/15\/2026\/03\/image-68-2-768x512.png 768w, https:\/\/www.elementlogic.net\/content\/uploads\/sites\/15\/2026\/03\/image-68-2-300x200.png 300w, https:\/\/www.elementlogic.net\/content\/uploads\/sites\/15\/2026\/03\/image-68-2-1024x683.png 1024w, https:\/\/www.elementlogic.net\/content\/uploads\/sites\/15\/2026\/03\/image-68-2.png 1500w\" sizes=\"(max-width: 768px) 100vw, 768px\" \/><\/div>\n\t\t\t\t<div class=\"t2-simple-media-text__content-container\">\n\t\t\t\t\t<div class=\"t2-simple-media-text__content\">\n\t\t\t\t\t\t<div class=\"t2-simple-media-text__content-inner\">\n\t\t\t\t\t\t\t\n\n<h3 class=\"wp-block-heading\" id=\"h-software-der-muliggor-smartere-beslutninger\">Software, der muligg\u00f8r smartere beslutninger<\/h3>\n\n\n\n<p>Med software som <strong>eLogiq <\/strong>og <strong>eManager<\/strong> f\u00e5r du adgang til realtidsdashboards og detaljerede rapporter. Disse giver dig indsigt i produktivitet, systemtilstand og lagerudnyttelse \u2013 alt sammen afg\u00f8rende for at kunne tr\u00e6ffe velinformerede beslutninger.<\/p>\n\n\n\n<p>Vores Customer Success-team arbejder t\u00e6t sammen med dig for at fortolke disse oplysninger og oms\u00e6tte dem til konkrete handlinger.<\/p>\n\n\n\t\t\t\t\t\t<\/div>\n\t\t\t\t\t<\/div>\n\t\t\t\t<\/div>\n\t\t\t<\/div>\n\t\t<\/div>\n\t\t\n\n\n<h2 class=\"wp-block-heading\" id=\"h-hvorfor-det-gor-en-forskel\">Hvorfor det g\u00f8r en forskel<\/h2>\n\n\n\n<p>Lagerh\u00e5ndtering er i konstant forandring. Nye produkter, s\u00e6sonm\u00e6ssige spidsbelastninger og kundernes forventninger kr\u00e6ver fleksibilitet. Indsigt &amp; Optimering sikrer, at dit system udvikler sig i takt med dig:<\/p>\n\n\n\n<ul class=\"wp-block-list\">\n<li><strong>Effektivitet:<\/strong> Identificer og fjern flaskehalse.<\/li>\n<\/ul>\n\n\n\n<ul class=\"wp-block-list\">\n<li><strong>Skalerbarhed:<\/strong> Forbered dit lager p\u00e5 at h\u00e5ndtere v\u00e6kst.<\/li>\n<\/ul>\n\n\n\n<ul class=\"wp-block-list\">\n<li><strong>B\u00e6redygtighed:<\/strong> Reducer affald, energiforbrug og omkostninger.<\/li>\n<\/ul>\n\n\n\n<ul class=\"wp-block-list\">\n<li><strong>Tryghed: <\/strong>Du kan v\u00e6re sikker p\u00e5, at dit system altid fungerer optimalt.<\/li>\n<\/ul>\n\n\n\n<h2 class=\"wp-block-heading\" id=\"h-dine-langsigtede-fordele\">Dine langsigtede fordele<\/h2>\n\n\n\n<p>Indsigt &amp; Optimering er en del af vores indsats for at g\u00f8re dit lager til en succeshistorie p\u00e5 lang sigt. Ved at kombinere data, teknologi og vores unikke ekspertise hj\u00e6lper vi dig med at minimere ineffektivitet og maksimere ydeevnen \u2013 \u00e5r efter \u00e5r.<\/p>\n\n\n\n<h3 class=\"wp-block-heading\" id=\"h-udforsk-vores-ydelser\">Udforsk vores ydelser<\/h3>\n\n\n\n\t\t<div style=\"--link-cards-grid-columns: 3\" class=\"dekode-link-cards has-3-columns wp-block-dekode-link-cards\">\n\t\t\t<div class=\"dekode-link-cards__items\">\n\t\t\t\t\n<a class=\"wp-block-dekode-link-card\" href=\"https:\/\/www.elementlogic.net\/dk\/uddannelse-og-udvikling\/\"><img loading=\"lazy\" decoding=\"async\" width=\"768\" height=\"512\" src=\"https:\/\/www.elementlogic.net\/content\/uploads\/sites\/15\/2026\/03\/EL_eLogiq-3-768x512.png\" class=\"\" alt=\"\" \/>\t<div class=\"dekode-link-card__content\">\n\t\t\t\t<p class=\"dekode-link-card__title\">\n\t\t\tUddannelse\t\t<\/p>\n\t\t\t\t\t<p class=\"dekode-link-card__description\">Uddannelse som fundamentet for Customer Success<\/p>\n\t\t\t<\/div>\n\t<\/a>\n\n<a class=\"wp-block-dekode-link-card\" href=\"https:\/\/www.elementlogic.net\/dk\/vedligehold\/\"><img loading=\"lazy\" decoding=\"async\" width=\"768\" height=\"512\" src=\"https:\/\/www.elementlogic.net\/content\/uploads\/sites\/15\/2026\/03\/wallpaper_Customer-success-2-768x512.png\" class=\"\" alt=\"\" \/>\t<div class=\"dekode-link-card__content\">\n\t\t\t\t<p class=\"dekode-link-card__title\">\n\t\t\tVedligehold\t\t<\/p>\n\t\t\t\t\t<p class=\"dekode-link-card__description\">S\u00e5dan holder du dit system k\u00f8rende uden problemer<\/p>\n\t\t\t<\/div>\n\t<\/a>\n\n<a class=\"wp-block-dekode-link-card\" href=\"https:\/\/www.elementlogic.net\/dk\/support\/\"><img loading=\"lazy\" decoding=\"async\" width=\"768\" height=\"512\" src=\"https:\/\/www.elementlogic.net\/content\/uploads\/sites\/15\/2026\/03\/support_customer-success-2-768x512.png\" class=\"\" alt=\"\" \/>\t<div class=\"dekode-link-card__content\">\n\t\t\t\t<p class=\"dekode-link-card__title\">\n\t\t\tSupport\t\t<\/p>\n\t\t\t\t\t<p class=\"dekode-link-card__description\">Support: 24\/7 \u2013 tryghed i din lagerdrift<\/p>\n\t\t\t<\/div>\n\t<\/a>\n\n\t\t\t<\/div>\n\t\t<\/div>","protected":false},"excerpt":{"rendered":"<p>En afg\u00f8rende del af kundernes succes&nbsp; Hos Element Logic handler Customer Success om mere end blot at levere en lagerl\u00f8sning. [&hellip;]<\/p>\n","protected":false},"author":2,"featured_media":4153,"parent":3784,"menu_order":0,"comment_status":"closed","ping_status":"closed","template":"","meta":{"hreflang_relation":0,"_el_cross_publish_source_blog_url":"","_el_cross_publish_source_blog_id":0,"_el_cross_publish_source_post_id":0,"_el_cross_publish_sync_state":"","exclude_from_search":false,"footnotes":""},"class_list":["post-3786","page","type-page","status-publish","has-post-thumbnail","hentry"],"yoast_head":"<!-- This site is optimized with the Yoast SEO Premium plugin v23.9 (Yoast SEO v23.9) - https:\/\/yoast.com\/wordpress\/plugins\/seo\/ -->\n<title>Indsigt og optimering - Element Logic Denmark<\/title>\n<meta name=\"description\" content=\"L\u00e6r mere om, hvordan vi hos Element Logic skaber v\u00e6rdi over tid via Indsigt &amp; Optimering. Vi styrker din lagerdrift.\" \/>\n<meta name=\"robots\" content=\"index, follow, max-snippet:-1, max-image-preview:large, max-video-preview:-1\" \/>\n<link rel=\"canonical\" href=\"https:\/\/www.elementlogic.net\/dk\/customer-success\/indsigt-optimering\/\" \/>\n<meta property=\"og:locale\" content=\"da_DK\" \/>\n<meta property=\"og:type\" content=\"article\" \/>\n<meta property=\"og:title\" content=\"Indsigt og optimering\" \/>\n<meta property=\"og:description\" content=\"L\u00e6r mere om, hvordan vi hos Element Logic skaber v\u00e6rdi over tid via Indsigt &amp; Optimering. Vi styrker din lagerdrift.\" \/>\n<meta property=\"og:url\" content=\"https:\/\/www.elementlogic.net\/dk\/customer-success\/indsigt-optimering\/\" \/>\n<meta property=\"og:site_name\" content=\"Element Logic Denmark\" \/>\n<meta property=\"article:modified_time\" content=\"2026-03-30T20:09:37+00:00\" \/>\n<meta property=\"og:image\" content=\"https:\/\/www.elementlogic.net\/content\/uploads\/sites\/15\/2026\/03\/EL_eLogiq_-11-1024x683-1-6.jpg\" \/>\n\t<meta property=\"og:image:width\" content=\"1024\" \/>\n\t<meta property=\"og:image:height\" content=\"683\" \/>\n\t<meta property=\"og:image:type\" content=\"image\/jpeg\" \/>\n<meta name=\"twitter:card\" content=\"summary_large_image\" \/>\n<meta name=\"twitter:label1\" content=\"Estimeret l\u00e6setid\" \/>\n\t<meta name=\"twitter:data1\" content=\"3 minutter\" \/>\n<script type=\"application\/ld+json\" class=\"yoast-schema-graph\">{\"@context\":\"https:\/\/schema.org\",\"@graph\":[{\"@type\":\"WebPage\",\"@id\":\"https:\/\/www.elementlogic.net\/dk\/customer-success\/indsigt-optimering\/\",\"url\":\"https:\/\/www.elementlogic.net\/dk\/customer-success\/indsigt-optimering\/\",\"name\":\"Indsigt og optimering - Element Logic Denmark\",\"isPartOf\":{\"@id\":\"https:\/\/www.elementlogic.net\/dk\/#website\"},\"primaryImageOfPage\":{\"@id\":\"https:\/\/www.elementlogic.net\/dk\/customer-success\/indsigt-optimering\/#primaryimage\"},\"image\":{\"@id\":\"https:\/\/www.elementlogic.net\/dk\/customer-success\/indsigt-optimering\/#primaryimage\"},\"thumbnailUrl\":\"https:\/\/www.elementlogic.net\/content\/uploads\/sites\/15\/2026\/03\/EL_eLogiq_-11-1024x683-1-6.jpg\",\"datePublished\":\"2026-03-27T09:47:37+00:00\",\"dateModified\":\"2026-03-30T20:09:37+00:00\",\"description\":\"L\u00e6r mere om, hvordan vi hos Element Logic skaber v\u00e6rdi over tid via Indsigt & Optimering. Vi styrker din lagerdrift.\",\"breadcrumb\":{\"@id\":\"https:\/\/www.elementlogic.net\/dk\/customer-success\/indsigt-optimering\/#breadcrumb\"},\"inLanguage\":\"da-DK\",\"potentialAction\":[{\"@type\":\"ReadAction\",\"target\":[\"https:\/\/www.elementlogic.net\/dk\/customer-success\/indsigt-optimering\/\"]}]},{\"@type\":\"ImageObject\",\"inLanguage\":\"da-DK\",\"@id\":\"https:\/\/www.elementlogic.net\/dk\/customer-success\/indsigt-optimering\/#primaryimage\",\"url\":\"https:\/\/www.elementlogic.net\/content\/uploads\/sites\/15\/2026\/03\/EL_eLogiq_-11-1024x683-1-6.jpg\",\"contentUrl\":\"https:\/\/www.elementlogic.net\/content\/uploads\/sites\/15\/2026\/03\/EL_eLogiq_-11-1024x683-1-6.jpg\",\"width\":1024,\"height\":683},{\"@type\":\"BreadcrumbList\",\"@id\":\"https:\/\/www.elementlogic.net\/dk\/customer-success\/indsigt-optimering\/#breadcrumb\",\"itemListElement\":[{\"@type\":\"ListItem\",\"position\":1,\"name\":\"Customer Success NY\",\"item\":\"https:\/\/www.elementlogic.net\/dk\/customer-success\/\"},{\"@type\":\"ListItem\",\"position\":2,\"name\":\"Indsigt og optimering\"}]},{\"@type\":\"WebSite\",\"@id\":\"https:\/\/www.elementlogic.net\/dk\/#website\",\"url\":\"https:\/\/www.elementlogic.net\/dk\/\",\"name\":\"Element Logic Denmark\",\"description\":\"\",\"potentialAction\":[{\"@type\":\"SearchAction\",\"target\":{\"@type\":\"EntryPoint\",\"urlTemplate\":\"https:\/\/www.elementlogic.net\/dk\/?s={search_term_string}\"},\"query-input\":{\"@type\":\"PropertyValueSpecification\",\"valueRequired\":true,\"valueName\":\"search_term_string\"}}],\"inLanguage\":\"da-DK\"}]}<\/script>\n<!-- \/ Yoast SEO Premium plugin. -->","yoast_head_json":{"title":"Indsigt og optimering - Element Logic Denmark","description":"L\u00e6r mere om, hvordan vi hos Element Logic skaber v\u00e6rdi over tid via Indsigt & Optimering. Vi styrker din lagerdrift.","robots":{"index":"index","follow":"follow","max-snippet":"max-snippet:-1","max-image-preview":"max-image-preview:large","max-video-preview":"max-video-preview:-1"},"canonical":"https:\/\/www.elementlogic.net\/dk\/customer-success\/indsigt-optimering\/","og_locale":"da_DK","og_type":"article","og_title":"Indsigt og optimering","og_description":"L\u00e6r mere om, hvordan vi hos Element Logic skaber v\u00e6rdi over tid via Indsigt & Optimering. Vi styrker din lagerdrift.","og_url":"https:\/\/www.elementlogic.net\/dk\/customer-success\/indsigt-optimering\/","og_site_name":"Element Logic Denmark","article_modified_time":"2026-03-30T20:09:37+00:00","og_image":[{"width":1024,"height":683,"url":"https:\/\/www.elementlogic.net\/content\/uploads\/sites\/15\/2026\/03\/EL_eLogiq_-11-1024x683-1-6.jpg","type":"image\/jpeg"}],"twitter_card":"summary_large_image","twitter_misc":{"Estimeret l\u00e6setid":"3 minutter"},"schema":{"@context":"https:\/\/schema.org","@graph":[{"@type":"WebPage","@id":"https:\/\/www.elementlogic.net\/dk\/customer-success\/indsigt-optimering\/","url":"https:\/\/www.elementlogic.net\/dk\/customer-success\/indsigt-optimering\/","name":"Indsigt og optimering - Element Logic Denmark","isPartOf":{"@id":"https:\/\/www.elementlogic.net\/dk\/#website"},"primaryImageOfPage":{"@id":"https:\/\/www.elementlogic.net\/dk\/customer-success\/indsigt-optimering\/#primaryimage"},"image":{"@id":"https:\/\/www.elementlogic.net\/dk\/customer-success\/indsigt-optimering\/#primaryimage"},"thumbnailUrl":"https:\/\/www.elementlogic.net\/content\/uploads\/sites\/15\/2026\/03\/EL_eLogiq_-11-1024x683-1-6.jpg","datePublished":"2026-03-27T09:47:37+00:00","dateModified":"2026-03-30T20:09:37+00:00","description":"L\u00e6r mere om, hvordan vi hos Element Logic skaber v\u00e6rdi over tid via Indsigt & Optimering. Vi styrker din lagerdrift.","breadcrumb":{"@id":"https:\/\/www.elementlogic.net\/dk\/customer-success\/indsigt-optimering\/#breadcrumb"},"inLanguage":"da-DK","potentialAction":[{"@type":"ReadAction","target":["https:\/\/www.elementlogic.net\/dk\/customer-success\/indsigt-optimering\/"]}]},{"@type":"ImageObject","inLanguage":"da-DK","@id":"https:\/\/www.elementlogic.net\/dk\/customer-success\/indsigt-optimering\/#primaryimage","url":"https:\/\/www.elementlogic.net\/content\/uploads\/sites\/15\/2026\/03\/EL_eLogiq_-11-1024x683-1-6.jpg","contentUrl":"https:\/\/www.elementlogic.net\/content\/uploads\/sites\/15\/2026\/03\/EL_eLogiq_-11-1024x683-1-6.jpg","width":1024,"height":683},{"@type":"BreadcrumbList","@id":"https:\/\/www.elementlogic.net\/dk\/customer-success\/indsigt-optimering\/#breadcrumb","itemListElement":[{"@type":"ListItem","position":1,"name":"Customer Success NY","item":"https:\/\/www.elementlogic.net\/dk\/customer-success\/"},{"@type":"ListItem","position":2,"name":"Indsigt og optimering"}]},{"@type":"WebSite","@id":"https:\/\/www.elementlogic.net\/dk\/#website","url":"https:\/\/www.elementlogic.net\/dk\/","name":"Element Logic Denmark","description":"","potentialAction":[{"@type":"SearchAction","target":{"@type":"EntryPoint","urlTemplate":"https:\/\/www.elementlogic.net\/dk\/?s={search_term_string}"},"query-input":{"@type":"PropertyValueSpecification","valueRequired":true,"valueName":"search_term_string"}}],"inLanguage":"da-DK"}]}},"_links":{"self":[{"href":"https:\/\/www.elementlogic.net\/dk\/wp-json\/wp\/v2\/pages\/3786"}],"collection":[{"href":"https:\/\/www.elementlogic.net\/dk\/wp-json\/wp\/v2\/pages"}],"about":[{"href":"https:\/\/www.elementlogic.net\/dk\/wp-json\/wp\/v2\/types\/page"}],"author":[{"embeddable":true,"href":"https:\/\/www.elementlogic.net\/dk\/wp-json\/wp\/v2\/users\/2"}],"replies":[{"embeddable":true,"href":"https:\/\/www.elementlogic.net\/dk\/wp-json\/wp\/v2\/comments?post=3786"}],"version-history":[{"count":4,"href":"https:\/\/www.elementlogic.net\/dk\/wp-json\/wp\/v2\/pages\/3786\/revisions"}],"predecessor-version":[{"id":4242,"href":"https:\/\/www.elementlogic.net\/dk\/wp-json\/wp\/v2\/pages\/3786\/revisions\/4242"}],"up":[{"embeddable":true,"href":"https:\/\/www.elementlogic.net\/dk\/wp-json\/wp\/v2\/pages\/3784"}],"wp:featuredmedia":[{"embeddable":true,"href":"https:\/\/www.elementlogic.net\/dk\/wp-json\/wp\/v2\/media\/4153"}],"wp:attachment":[{"href":"https:\/\/www.elementlogic.net\/dk\/wp-json\/wp\/v2\/media?parent=3786"}],"curies":[{"name":"wp","href":"https:\/\/api.w.org\/{rel}","templated":true}]}}