{"id":3788,"date":"2026-03-27T09:46:18","date_gmt":"2026-03-27T09:46:18","guid":{"rendered":"https:\/\/www.elementlogic.net\/dk\/?page_id=3788"},"modified":"2026-03-30T19:59:28","modified_gmt":"2026-03-30T19:59:28","slug":"vedligehold","status":"publish","type":"page","link":"https:\/\/www.elementlogic.net\/dk\/customer-success\/vedligehold\/","title":{"rendered":"Vedligehold"},"content":{"rendered":"\n\t\t<div style=\"--dekode-hero-dim:0.5; --t2-icon-fill:var(--wp--preset--color--white);\" class=\"alignfull dekode-hero-content-position-center has-media-background wp-block-dekode-hero has-text-color has-white-color\">\n\t\t\t<img loading=\"lazy\" decoding=\"async\" width=\"1024\" height=\"429\" src=\"https:\/\/www.elementlogic.net\/content\/uploads\/sites\/15\/2026\/03\/Wallpaper-10-scaled-2-1024x429.jpg\" class=\"dekode-hero__image\" alt=\"\" style=\"--focalpoint: 50% 50%;\" srcset=\"https:\/\/www.elementlogic.net\/content\/uploads\/sites\/15\/2026\/03\/Wallpaper-10-scaled-2-1024x429.jpg 1024w, https:\/\/www.elementlogic.net\/content\/uploads\/sites\/15\/2026\/03\/Wallpaper-10-scaled-2-300x126.jpg 300w, https:\/\/www.elementlogic.net\/content\/uploads\/sites\/15\/2026\/03\/Wallpaper-10-scaled-2-768x322.jpg 768w, https:\/\/www.elementlogic.net\/content\/uploads\/sites\/15\/2026\/03\/Wallpaper-10-scaled-2-1536x643.jpg 1536w, https:\/\/www.elementlogic.net\/content\/uploads\/sites\/15\/2026\/03\/Wallpaper-10-scaled-2-2048x858.jpg 2048w\" sizes=\"(max-width: 1024px) 100vw, 1024px\" \/>\n\t\t\t<div class=\"dekode-hero__content\">\n\t\t\t\t<div class=\"dekode-hero__container\">\n\t\t\t\t\t\n\n<h1 class=\"wp-block-heading\" id=\"h-vedligehold\">Vedligehold<\/h1>\n\n\n<p class=\"t2-ingress wp-block-t2-ingress\">S\u00e5dan holder du dit system k\u00f8rende uden problemer<\/p>\n\n\t\t\t\t<\/div>\n\t\t\t<\/div>\n\t\t<\/div>\n\t\t\n\n\n<h2 class=\"wp-block-heading\" id=\"h-vedligeholdelse-som-en-del-af-din-vej-mod-succes-nbsp\"><strong>Vedligeholdelse som en del af din vej mod succes<\/strong>&nbsp;<\/h2>\n\n\n\n<p>Vedligeholdelse handler ikke kun om at l\u00f8se problemer \u2014 det er en central del af den m\u00e5de, Element Logic sikrer dit lagers ydeevne p\u00e5 lang sigt. Som en af grundpillerne i vores Customer Success-program sikrer vores vedligeholdelsesservice, at dine automatiserede lagersystemer forbliver p\u00e5lidelige, effektive og klar til fremtidens udfordringer.<\/p>\n\n\n\n<h2 class=\"wp-block-heading\" id=\"h-proaktivt-og-planlagt-vedligehold-nbsp\"><strong>Proaktivt og planlagt vedligehold<\/strong>&nbsp;<\/h2>\n\n\n\n<p>Fra det \u00f8jeblik, dit system tages i brug, samarbejder vores proaktive serviceteam med dig om at udarbejde en vedligeholdelsesplan, der er skr\u00e6ddersyet til din drift.<\/p>\n\n\n\n<p>Vi udf\u00f8rer regelm\u00e6ssige eftersyn, reng\u00f8ring, udskiftninger og forebyggende vedligeholdelse p\u00e5 alle kritiske komponenter \u2013 robotter, netv\u00e6rk, transportb\u00e5ndssystemer, software og styringssystemer. Disse planlagte vedligeholdelsesintervaller er udformet med henblik p\u00e5 at forhindre, at slitage f\u00f8rer til driftsstop.<\/p>\n\n\n\n<p>Vi planl\u00e6gger vedligeholdelsen omhyggeligt for at undg\u00e5 afbrydelser og koordinerer med dit team, s\u00e5 spidsbelastningsperioder tages i betragtning, og driften forts\u00e6tter uden problemer.<\/p>\n\n\n\n\t\t<div class=\"alignwide is-mode-constrained is-gap-center wp-block-t2-simple-media-text   \">\n\t\t\t<div class=\"t2-simple-media-text__container\">\n\t\t\t\t<div class=\"t2-simple-media-text__image\"><img loading=\"lazy\" decoding=\"async\" width=\"768\" height=\"322\" src=\"https:\/\/www.elementlogic.net\/content\/uploads\/sites\/15\/2026\/03\/Wallpaper-2-scaled-2-768x322.jpg\" class=\"\" alt=\"\" style=\"--focalpoint: 50% 50%;\" srcset=\"https:\/\/www.elementlogic.net\/content\/uploads\/sites\/15\/2026\/03\/Wallpaper-2-scaled-2-768x322.jpg 768w, https:\/\/www.elementlogic.net\/content\/uploads\/sites\/15\/2026\/03\/Wallpaper-2-scaled-2-300x126.jpg 300w, https:\/\/www.elementlogic.net\/content\/uploads\/sites\/15\/2026\/03\/Wallpaper-2-scaled-2-1024x429.jpg 1024w, https:\/\/www.elementlogic.net\/content\/uploads\/sites\/15\/2026\/03\/Wallpaper-2-scaled-2-1536x643.jpg 1536w, https:\/\/www.elementlogic.net\/content\/uploads\/sites\/15\/2026\/03\/Wallpaper-2-scaled-2-2048x858.jpg 2048w\" sizes=\"(max-width: 768px) 100vw, 768px\" \/><\/div>\n\t\t\t\t<div class=\"t2-simple-media-text__content-container\">\n\t\t\t\t\t<div class=\"t2-simple-media-text__content\">\n\t\t\t\t\t\t<div class=\"t2-simple-media-text__content-inner\">\n\t\t\t\t\t\t\t\n\n<h3 class=\"wp-block-heading\" id=\"h-overvagning-af-systemtilstand-og-registrering-af-slitage\">Overv\u00e5gning af systemtilstand og registrering af slitage<\/h3>\n\n\n\n<p>Ved hj\u00e6lp af software som eLogiq til overv\u00e5gning af systemets tilstand holder vi \u00f8je med n\u00f8gleindikatorer som roboternes adf\u00e6rd, motorernes ydeevne, remsp\u00e6nding, komponenters slitage og systembelastning.<\/p>\n\n\n\n<p>Denne l\u00f8bende overv\u00e5gning giver os mulighed for at opdage tidlige advarselssignaler: dele, der er ved at blive slidt ned, unormale m\u00f8nstre, sensorer, der afviger fra det forventede, osv. N\u00e5r der opst\u00e5r problemer, griber vores team ind med justeringer eller indgreb, inden de udvikler sig til fejl.<\/p>\n\n\n\t\t\t\t\t\t<\/div>\n\t\t\t\t\t<\/div>\n\t\t\t\t<\/div>\n\t\t\t<\/div>\n\t\t<\/div>\n\t\t\n\n\n\t\t<div class=\"alignwide is-mode-constrained is-gap-center has-media-on-the-right wp-block-t2-simple-media-text   \">\n\t\t\t<div class=\"t2-simple-media-text__container\">\n\t\t\t\t<div class=\"t2-simple-media-text__image\"><img loading=\"lazy\" decoding=\"async\" width=\"768\" height=\"512\" src=\"https:\/\/www.elementlogic.net\/content\/uploads\/sites\/15\/2026\/03\/MFH-Royal-Design5-28167272-1-1-768x512.jpg\" class=\"\" alt=\"\" style=\"--focalpoint: 50% 50%;\" srcset=\"https:\/\/www.elementlogic.net\/content\/uploads\/sites\/15\/2026\/03\/MFH-Royal-Design5-28167272-1-1-768x512.jpg 768w, https:\/\/www.elementlogic.net\/content\/uploads\/sites\/15\/2026\/03\/MFH-Royal-Design5-28167272-1-1-300x200.jpg 300w, https:\/\/www.elementlogic.net\/content\/uploads\/sites\/15\/2026\/03\/MFH-Royal-Design5-28167272-1-1-1024x683.jpg 1024w, https:\/\/www.elementlogic.net\/content\/uploads\/sites\/15\/2026\/03\/MFH-Royal-Design5-28167272-1-1.jpg 1080w\" sizes=\"(max-width: 768px) 100vw, 768px\" \/><\/div>\n\t\t\t\t<div class=\"t2-simple-media-text__content-container\">\n\t\t\t\t\t<div class=\"t2-simple-media-text__content\">\n\t\t\t\t\t\t<div class=\"t2-simple-media-text__content-inner\">\n\t\t\t\t\t\t\t\n\n<h3 class=\"wp-block-heading\" id=\"h-forebyggende-vedligeholdelse-og-forbedring-af-driftssikkerheden\">Forebyggende vedligeholdelse og forbedring af driftssikkerheden<\/h3>\n\n\n\n<p>Vi g\u00f8r mere end blot at reagere. Vi forudser.<br><\/p>\n\n\n\n<p>Ved hj\u00e6lp af historiske data, sensorinddata og trendanalyser omfatter vores vedligeholdelsesprogram forebyggende vedligeholdelsesindsatser:<br>Forudsigelse af fejl i robotter eller drivsystemer.<br>Forudse vedligeholdelse af transportb\u00e5nd eller sorteringsb\u00e5nd, inden glidning eller fejljustering for\u00e5rsager problemer.<br>P\u00e5visning af netv\u00e6rksafvigelser, energieffektivitet eller komponentudmattelse.<\/p>\n\n\n\n<p>Resultatet er f\u00e6rre uventede afbrydelser, forbedret oppetid, forl\u00e6nget komponentlevetid og mere p\u00e5lidelig gennemstr\u00f8mning.<\/p>\n\n\n\t\t\t\t\t\t<\/div>\n\t\t\t\t\t<\/div>\n\t\t\t\t<\/div>\n\t\t\t<\/div>\n\t\t<\/div>\n\t\t\n\n\n<h2 class=\"wp-block-heading\" id=\"h-minimering-af-forstyrrelser-maksimering-af-levetiden-nbsp\"><strong>Minimering af forstyrrelser, maksimering af levetiden<\/strong>&nbsp;<\/h2>\n\n\n\n<p>Vi ved, at enhver vedligeholdelsesopgave medf\u00f8rer omkostninger \u2013 tabt produktion, planl\u00e6gning og ressourceallokering. Derfor er vores vedligeholdelsesservice udformet med henblik p\u00e5 at minimere driftsforstyrrelser og maksimere levetiden:<\/p>\n\n\n\n<ul class=\"wp-block-list\">\n<li>Planl\u00e6g vedligeholdelsesarbejdet i perioder med lav aktivitet, n\u00e5r det er muligt<\/li>\n<\/ul>\n\n\n\n<ul class=\"wp-block-list\">\n<li>Brug af reservedelslagre til at sikre hurtig udskiftning<\/li>\n<\/ul>\n\n\n\n<ul class=\"wp-block-list\">\n<li>Koordineret adgang, s\u00e5 adgang for robotnet eller transportb\u00e5nd ikke afbryder kritiske processer<\/li>\n<\/ul>\n\n\n\n<ul class=\"wp-block-list\">\n<li>Tydelig kommunikation og planl\u00e6gning med dit driftsteam<\/li>\n<\/ul>\n\n\n\n<p>Derudover indg\u00e5r vedligeholdelse i vores regelm\u00e6ssige statusm\u00f8der under Customer Success, s\u00e5 vi tilpasser os i henhold til jeres h\u00f8js\u00e6soner, v\u00e6kstplaner og skiftende brugsm\u00f8nstre.<\/p>\n\n\n\n<h2 class=\"wp-block-heading\" id=\"h-hvorfor-vedligeholdelse-fra-element-logic-er-vigtig\">Hvorfor vedligeholdelse fra Element Logic er vigtig<\/h2>\n\n\n\n<ul class=\"wp-block-list\">\n<li><strong>Driftstid:<\/strong> F\u00e6rre nedbrud. Mere p\u00e5lidelig drift.<\/li>\n<\/ul>\n\n\n\n<ul class=\"wp-block-list\">\n<li><strong>Lavere driftsomkostninger: <\/strong>Regelm\u00e6ssig vedligeholdelse mindsker risikoen for komponentfejl og forl\u00e6nger systemets levetid.<\/li>\n<\/ul>\n\n\n\n<ul class=\"wp-block-list\">\n<li><strong>Stabil ydeevne:<\/strong> Dit system opretholder gennemstr\u00f8mning, n\u00f8jagtighed og stabilitet over tid.&nbsp;<\/li>\n<\/ul>\n\n\n\n<ul class=\"wp-block-list\">\n<li><strong>Skalerbarhed og robusthed: <\/strong>Systemet er fortsat i stand til at h\u00e5ndtere kapacitetsv\u00e6kst, nye produkttyper eller \u00e6ndringer i brugen uden uventede nedbrud.<\/li>\n<\/ul>\n\n\n\n\t\t<div class=\"wp-block-dekode-simple-cta\">\n\t\t\t<div class=\"dekode-simple-cta__inner\">\n\n<h3 class=\"wp-block-heading\" id=\"h-lad-os-komme-faelles-i-gang-med-vedligeholdelse\">Lad os komme f\u00e6lles i gang med vedligeholdelse<\/h3>\n\n\n<p class=\"t2-ingress wp-block-t2-ingress\">Vedligeholdelse er ikke noget, man kan undv\u00e6re \u2014 det er afg\u00f8rende for ydeevne, p\u00e5lidelighed og omkostningsstyring p\u00e5 lang sigt.<\/p>\n\n\n<div class=\"wp-block-buttons is-layout-flex wp-block-buttons-is-layout-flex\">\n<div class=\"wp-block-button has-icon has-icon-theme_arrow\"><a class=\"wp-block-button__link wp-element-button\" href=\"https:\/\/www.elementlogic.net\/dk\/kontakt-os\/\">Tag kontakt til os<svg xmlns=\"http:\/\/www.w3.org\/2000\/svg\" viewBox=\"0 0 24 24\" height=\"24\" width=\"24\" class=\"t2-icon t2-icon-theme_arrow\" aria-hidden=\"true\" focusable=\"false\"><path d=\"M16.627 12.75H5.25C5.03717 12.75 4.859 12.6782 4.7155 12.5345C4.57183 12.391 4.5 12.2128 4.5 12C4.5 11.7872 4.57183 11.609 4.7155 11.4655C4.859 11.3218 5.03717 11.25 5.25 11.25H16.627L11.4577 6.08076C11.3091 5.93209 11.2357 5.75809 11.2375 5.55876C11.2395 5.35942 11.318 5.18217 11.473 5.02701C11.6282 4.88217 11.8038 4.80717 12 4.80201C12.1962 4.79684 12.3718 4.87184 12.527 5.02701L18.8673 11.3673C18.9609 11.4609 19.0269 11.5597 19.0652 11.6635C19.1037 11.7673 19.123 11.8795 19.123 12C19.123 12.1205 19.1037 12.2327 19.0652 12.3365C19.0269 12.4403 18.9609 12.5391 18.8673 12.6328L12.527 18.973C12.3885 19.1115 12.217 19.1823 12.0125 19.1855C11.808 19.1887 11.6282 19.1178 11.473 18.973C11.318 18.8178 11.2405 18.6397 11.2405 18.4385C11.2405 18.2372 11.318 18.0589 11.473 17.9038L16.627 12.75Z\" fill=\"var(--t2-icon-fill, #000)\"\/><\/svg><\/a><\/div>\n<\/div>\n\n<\/div>\n\t\t<\/div>\n\n\n<h3 class=\"wp-block-heading\" id=\"h-udforsk-vores-ydelser\">Udforsk vores ydelser<\/h3>\n\n\n\n\t\t<div style=\"--link-cards-grid-columns: 3\" class=\"dekode-link-cards has-3-columns wp-block-dekode-link-cards\">\n\t\t\t<div class=\"dekode-link-cards__items\">\n\t\t\t\t\n<a class=\"wp-block-dekode-link-card\" href=\"https:\/\/www.elementlogic.net\/dk\/uddannelse-og-udvikling\/\"><img loading=\"lazy\" decoding=\"async\" width=\"768\" height=\"512\" src=\"https:\/\/www.elementlogic.net\/content\/uploads\/sites\/15\/2026\/03\/EL_eLogiq-4-768x512.png\" class=\"\" alt=\"\" \/>\t<div class=\"dekode-link-card__content\">\n\t\t\t\t<p class=\"dekode-link-card__title\">\n\t\t\tUddannelse\t\t<\/p>\n\t\t\t\t\t<p class=\"dekode-link-card__description\">Uddannelse som fundamentet for Customer Success<\/p>\n\t\t\t<\/div>\n\t<\/a>\n\n<a class=\"wp-block-dekode-link-card\" href=\"https:\/\/www.elementlogic.net\/dk\/customer-success\/indsigt-optimering\/\"><img loading=\"lazy\" decoding=\"async\" width=\"768\" height=\"512\" src=\"https:\/\/www.elementlogic.net\/content\/uploads\/sites\/15\/2026\/03\/EL_eLogiq_-11-1024x683-1-6-768x512.jpg\" class=\"\" alt=\"\" \/>\t<div class=\"dekode-link-card__content\">\n\t\t\t\t<p class=\"dekode-link-card__title\">\n\t\t\tIndsigt &amp; Optimering\t\t<\/p>\n\t\t\t\t\t<p class=\"dekode-link-card__description\">Skaber vedvarende v\u00e6rdi\u00a0<br><\/p>\n\t\t\t<\/div>\n\t<\/a>\n\n<a class=\"wp-block-dekode-link-card\" href=\"https:\/\/www.elementlogic.net\/dk\/support\/\"><img loading=\"lazy\" decoding=\"async\" width=\"768\" height=\"512\" src=\"https:\/\/www.elementlogic.net\/content\/uploads\/sites\/15\/2026\/03\/support_customer-success-3-768x512.png\" class=\"\" alt=\"\" \/>\t<div class=\"dekode-link-card__content\">\n\t\t\t\t<p class=\"dekode-link-card__title\">\n\t\t\tSupport\t\t<\/p>\n\t\t\t\t\t<p class=\"dekode-link-card__description\">Support: 24\/7 \u2013 tryghed i din lagerdrift<\/p>\n\t\t\t<\/div>\n\t<\/a>\n\n\t\t\t<\/div>\n\t\t<\/div>","protected":false},"excerpt":{"rendered":"<p>Vedligeholdelse som en del af din vej mod succes&nbsp; Vedligeholdelse handler ikke kun om at l\u00f8se problemer \u2014 det er [&hellip;]<\/p>\n","protected":false},"author":2,"featured_media":4171,"parent":3784,"menu_order":0,"comment_status":"closed","ping_status":"closed","template":"","meta":{"hreflang_relation":0,"_el_cross_publish_source_blog_url":"","_el_cross_publish_source_blog_id":0,"_el_cross_publish_source_post_id":0,"_el_cross_publish_sync_state":"","exclude_from_search":false,"footnotes":""},"class_list":["post-3788","page","type-page","status-publish","has-post-thumbnail","hentry"],"yoast_head":"<!-- This site is optimized with the Yoast SEO Premium plugin v23.9 (Yoast SEO v23.9) - https:\/\/yoast.com\/wordpress\/plugins\/seo\/ -->\n<title>Vedligehold - Element Logic Denmark<\/title>\n<meta name=\"description\" content=\"Vedligeholdelse er en central del af den m\u00e5de, Element Logic sikrer dit lagers ydeevne og performance p\u00e5 lang sigt.\" \/>\n<meta name=\"robots\" content=\"index, follow, max-snippet:-1, max-image-preview:large, max-video-preview:-1\" \/>\n<link rel=\"canonical\" href=\"https:\/\/www.elementlogic.net\/dk\/customer-success\/vedligehold\/\" \/>\n<meta property=\"og:locale\" content=\"da_DK\" \/>\n<meta property=\"og:type\" content=\"article\" \/>\n<meta property=\"og:title\" content=\"Vedligehold\" \/>\n<meta property=\"og:description\" content=\"Vedligeholdelse er en central del af den m\u00e5de, Element Logic sikrer dit lagers ydeevne og performance p\u00e5 lang sigt.\" \/>\n<meta property=\"og:url\" content=\"https:\/\/www.elementlogic.net\/dk\/customer-success\/vedligehold\/\" \/>\n<meta property=\"og:site_name\" content=\"Element Logic Denmark\" \/>\n<meta property=\"article:modified_time\" content=\"2026-03-30T19:59:28+00:00\" \/>\n<meta property=\"og:image\" content=\"https:\/\/www.elementlogic.net\/content\/uploads\/sites\/15\/2026\/03\/wallpaper_Customer-success-2.png\" \/>\n\t<meta property=\"og:image:width\" content=\"1024\" \/>\n\t<meta property=\"og:image:height\" content=\"683\" \/>\n\t<meta property=\"og:image:type\" content=\"image\/png\" \/>\n<meta name=\"twitter:card\" content=\"summary_large_image\" \/>\n<meta name=\"twitter:label1\" content=\"Estimeret l\u00e6setid\" \/>\n\t<meta name=\"twitter:data1\" content=\"3 minutter\" \/>\n<script type=\"application\/ld+json\" class=\"yoast-schema-graph\">{\"@context\":\"https:\/\/schema.org\",\"@graph\":[{\"@type\":\"WebPage\",\"@id\":\"https:\/\/www.elementlogic.net\/dk\/customer-success\/vedligehold\/\",\"url\":\"https:\/\/www.elementlogic.net\/dk\/customer-success\/vedligehold\/\",\"name\":\"Vedligehold - Element Logic Denmark\",\"isPartOf\":{\"@id\":\"https:\/\/www.elementlogic.net\/dk\/#website\"},\"primaryImageOfPage\":{\"@id\":\"https:\/\/www.elementlogic.net\/dk\/customer-success\/vedligehold\/#primaryimage\"},\"image\":{\"@id\":\"https:\/\/www.elementlogic.net\/dk\/customer-success\/vedligehold\/#primaryimage\"},\"thumbnailUrl\":\"https:\/\/www.elementlogic.net\/content\/uploads\/sites\/15\/2026\/03\/wallpaper_Customer-success-2.png\",\"datePublished\":\"2026-03-27T09:46:18+00:00\",\"dateModified\":\"2026-03-30T19:59:28+00:00\",\"description\":\"Vedligeholdelse er en central del af den m\u00e5de, Element Logic sikrer dit lagers ydeevne og performance p\u00e5 lang sigt.\",\"breadcrumb\":{\"@id\":\"https:\/\/www.elementlogic.net\/dk\/customer-success\/vedligehold\/#breadcrumb\"},\"inLanguage\":\"da-DK\",\"potentialAction\":[{\"@type\":\"ReadAction\",\"target\":[\"https:\/\/www.elementlogic.net\/dk\/customer-success\/vedligehold\/\"]}]},{\"@type\":\"ImageObject\",\"inLanguage\":\"da-DK\",\"@id\":\"https:\/\/www.elementlogic.net\/dk\/customer-success\/vedligehold\/#primaryimage\",\"url\":\"https:\/\/www.elementlogic.net\/content\/uploads\/sites\/15\/2026\/03\/wallpaper_Customer-success-2.png\",\"contentUrl\":\"https:\/\/www.elementlogic.net\/content\/uploads\/sites\/15\/2026\/03\/wallpaper_Customer-success-2.png\",\"width\":1024,\"height\":683},{\"@type\":\"BreadcrumbList\",\"@id\":\"https:\/\/www.elementlogic.net\/dk\/customer-success\/vedligehold\/#breadcrumb\",\"itemListElement\":[{\"@type\":\"ListItem\",\"position\":1,\"name\":\"Customer Success NY\",\"item\":\"https:\/\/www.elementlogic.net\/dk\/customer-success\/\"},{\"@type\":\"ListItem\",\"position\":2,\"name\":\"Vedligehold\"}]},{\"@type\":\"WebSite\",\"@id\":\"https:\/\/www.elementlogic.net\/dk\/#website\",\"url\":\"https:\/\/www.elementlogic.net\/dk\/\",\"name\":\"Element Logic Denmark\",\"description\":\"\",\"potentialAction\":[{\"@type\":\"SearchAction\",\"target\":{\"@type\":\"EntryPoint\",\"urlTemplate\":\"https:\/\/www.elementlogic.net\/dk\/?s={search_term_string}\"},\"query-input\":{\"@type\":\"PropertyValueSpecification\",\"valueRequired\":true,\"valueName\":\"search_term_string\"}}],\"inLanguage\":\"da-DK\"}]}<\/script>\n<!-- \/ Yoast SEO Premium plugin. -->","yoast_head_json":{"title":"Vedligehold - Element Logic Denmark","description":"Vedligeholdelse er en central del af den m\u00e5de, Element Logic sikrer dit lagers ydeevne og performance p\u00e5 lang sigt.","robots":{"index":"index","follow":"follow","max-snippet":"max-snippet:-1","max-image-preview":"max-image-preview:large","max-video-preview":"max-video-preview:-1"},"canonical":"https:\/\/www.elementlogic.net\/dk\/customer-success\/vedligehold\/","og_locale":"da_DK","og_type":"article","og_title":"Vedligehold","og_description":"Vedligeholdelse er en central del af den m\u00e5de, Element Logic sikrer dit lagers ydeevne og performance p\u00e5 lang sigt.","og_url":"https:\/\/www.elementlogic.net\/dk\/customer-success\/vedligehold\/","og_site_name":"Element Logic Denmark","article_modified_time":"2026-03-30T19:59:28+00:00","og_image":[{"width":1024,"height":683,"url":"https:\/\/www.elementlogic.net\/content\/uploads\/sites\/15\/2026\/03\/wallpaper_Customer-success-2.png","type":"image\/png"}],"twitter_card":"summary_large_image","twitter_misc":{"Estimeret l\u00e6setid":"3 minutter"},"schema":{"@context":"https:\/\/schema.org","@graph":[{"@type":"WebPage","@id":"https:\/\/www.elementlogic.net\/dk\/customer-success\/vedligehold\/","url":"https:\/\/www.elementlogic.net\/dk\/customer-success\/vedligehold\/","name":"Vedligehold - Element Logic Denmark","isPartOf":{"@id":"https:\/\/www.elementlogic.net\/dk\/#website"},"primaryImageOfPage":{"@id":"https:\/\/www.elementlogic.net\/dk\/customer-success\/vedligehold\/#primaryimage"},"image":{"@id":"https:\/\/www.elementlogic.net\/dk\/customer-success\/vedligehold\/#primaryimage"},"thumbnailUrl":"https:\/\/www.elementlogic.net\/content\/uploads\/sites\/15\/2026\/03\/wallpaper_Customer-success-2.png","datePublished":"2026-03-27T09:46:18+00:00","dateModified":"2026-03-30T19:59:28+00:00","description":"Vedligeholdelse er en central del af den m\u00e5de, Element Logic sikrer dit lagers ydeevne og performance p\u00e5 lang sigt.","breadcrumb":{"@id":"https:\/\/www.elementlogic.net\/dk\/customer-success\/vedligehold\/#breadcrumb"},"inLanguage":"da-DK","potentialAction":[{"@type":"ReadAction","target":["https:\/\/www.elementlogic.net\/dk\/customer-success\/vedligehold\/"]}]},{"@type":"ImageObject","inLanguage":"da-DK","@id":"https:\/\/www.elementlogic.net\/dk\/customer-success\/vedligehold\/#primaryimage","url":"https:\/\/www.elementlogic.net\/content\/uploads\/sites\/15\/2026\/03\/wallpaper_Customer-success-2.png","contentUrl":"https:\/\/www.elementlogic.net\/content\/uploads\/sites\/15\/2026\/03\/wallpaper_Customer-success-2.png","width":1024,"height":683},{"@type":"BreadcrumbList","@id":"https:\/\/www.elementlogic.net\/dk\/customer-success\/vedligehold\/#breadcrumb","itemListElement":[{"@type":"ListItem","position":1,"name":"Customer Success NY","item":"https:\/\/www.elementlogic.net\/dk\/customer-success\/"},{"@type":"ListItem","position":2,"name":"Vedligehold"}]},{"@type":"WebSite","@id":"https:\/\/www.elementlogic.net\/dk\/#website","url":"https:\/\/www.elementlogic.net\/dk\/","name":"Element Logic Denmark","description":"","potentialAction":[{"@type":"SearchAction","target":{"@type":"EntryPoint","urlTemplate":"https:\/\/www.elementlogic.net\/dk\/?s={search_term_string}"},"query-input":{"@type":"PropertyValueSpecification","valueRequired":true,"valueName":"search_term_string"}}],"inLanguage":"da-DK"}]}},"_links":{"self":[{"href":"https:\/\/www.elementlogic.net\/dk\/wp-json\/wp\/v2\/pages\/3788"}],"collection":[{"href":"https:\/\/www.elementlogic.net\/dk\/wp-json\/wp\/v2\/pages"}],"about":[{"href":"https:\/\/www.elementlogic.net\/dk\/wp-json\/wp\/v2\/types\/page"}],"author":[{"embeddable":true,"href":"https:\/\/www.elementlogic.net\/dk\/wp-json\/wp\/v2\/users\/2"}],"replies":[{"embeddable":true,"href":"https:\/\/www.elementlogic.net\/dk\/wp-json\/wp\/v2\/comments?post=3788"}],"version-history":[{"count":4,"href":"https:\/\/www.elementlogic.net\/dk\/wp-json\/wp\/v2\/pages\/3788\/revisions"}],"predecessor-version":[{"id":4244,"href":"https:\/\/www.elementlogic.net\/dk\/wp-json\/wp\/v2\/pages\/3788\/revisions\/4244"}],"up":[{"embeddable":true,"href":"https:\/\/www.elementlogic.net\/dk\/wp-json\/wp\/v2\/pages\/3784"}],"wp:featuredmedia":[{"embeddable":true,"href":"https:\/\/www.elementlogic.net\/dk\/wp-json\/wp\/v2\/media\/4171"}],"wp:attachment":[{"href":"https:\/\/www.elementlogic.net\/dk\/wp-json\/wp\/v2\/media?parent=3788"}],"curies":[{"name":"wp","href":"https:\/\/api.w.org\/{rel}","templated":true}]}}