{"id":3791,"date":"2026-03-27T09:45:11","date_gmt":"2026-03-27T09:45:11","guid":{"rendered":"https:\/\/www.elementlogic.net\/dk\/?page_id=3791"},"modified":"2026-03-30T20:03:54","modified_gmt":"2026-03-30T20:03:54","slug":"support","status":"publish","type":"page","link":"https:\/\/www.elementlogic.net\/dk\/customer-success\/support\/","title":{"rendered":"Support"},"content":{"rendered":"\n\t\t<div style=\"--dekode-hero-dim:0.5; --t2-icon-fill:var(--wp--preset--color--white);\" class=\"alignfull dekode-hero-content-position-center has-media-background wp-block-dekode-hero has-text-color has-white-color\">\n\t\t\t<img loading=\"lazy\" decoding=\"async\" width=\"335\" height=\"318\" src=\"https:\/\/www.elementlogic.net\/content\/uploads\/sites\/15\/\/2024\/09\/Roger-Furnes-Elotec.jpg\" class=\"dekode-hero__image\" alt=\"\" style=\"--focalpoint: 52% 11%;\" srcset=\"https:\/\/www.elementlogic.net\/content\/uploads\/sites\/15\/2024\/09\/Roger-Furnes-Elotec.jpg 335w, https:\/\/www.elementlogic.net\/content\/uploads\/sites\/15\/2024\/09\/Roger-Furnes-Elotec-300x285.jpg 300w\" sizes=\"(max-width: 335px) 100vw, 335px\" \/>\n\t\t\t<div class=\"dekode-hero__content\">\n\t\t\t\t<div class=\"dekode-hero__container\">\n\t\t\t\t\t\n\n<p>Support: 24\/7 \u2013 tryghed i din lagerdrift<\/p>\n\n\n\n<h1 class=\"wp-block-heading\" id=\"h-support\">Support<\/h1>\n\n\n<p class=\"t2-ingress wp-block-t2-ingress\"><strong>Altid tilg\u00e6ngelig, altid p\u00e5lidelig<\/strong>\u00a0<\/p>\n\n\n<div class=\"wp-block-buttons is-layout-flex wp-block-buttons-is-layout-flex\">\n<div class=\"wp-block-button\"><a class=\"wp-block-button__link wp-element-button\" href=\"https:\/\/www.elementlogic.net\/dk\/kontakt-os\/\">Kontakt os<\/a><\/div>\n<\/div>\n\n\n\t\t\t\t<\/div>\n\t\t\t<\/div>\n\t\t<\/div>\n\t\t\n\n\n<p>Dit lager er afh\u00e6ngigt af, at udstyret fungerer. Derfor tilbyder Element Logic dedikeret support d\u00f8gnet rundt. Vores Customer Success Support-team s\u00f8rger for, at dine l\u00f8sninger, din software og dit integrerede udstyr fungerer som forventet \u2013 s\u00e5 du kan v\u00e6re sikker p\u00e5, at dit lager leverer til tiden, hver gang.<\/p>\n\n\n\n\t\t<div class=\"alignwide is-mode-constrained is-gap-center wp-block-t2-simple-media-text   \">\n\t\t\t<div class=\"t2-simple-media-text__container\">\n\t\t\t\t<div class=\"t2-simple-media-text__image\"><img loading=\"lazy\" decoding=\"async\" width=\"768\" height=\"576\" src=\"https:\/\/www.elementlogic.net\/content\/uploads\/sites\/15\/2026\/03\/Element-Logic_AutoStore-support-aftermarket-scaled-2-768x576.jpg\" class=\"\" alt=\"\" style=\"--focalpoint: 50% 50%;\" srcset=\"https:\/\/www.elementlogic.net\/content\/uploads\/sites\/15\/2026\/03\/Element-Logic_AutoStore-support-aftermarket-scaled-2-768x576.jpg 768w, https:\/\/www.elementlogic.net\/content\/uploads\/sites\/15\/2026\/03\/Element-Logic_AutoStore-support-aftermarket-scaled-2-300x225.jpg 300w, https:\/\/www.elementlogic.net\/content\/uploads\/sites\/15\/2026\/03\/Element-Logic_AutoStore-support-aftermarket-scaled-2-1024x768.jpg 1024w, https:\/\/www.elementlogic.net\/content\/uploads\/sites\/15\/2026\/03\/Element-Logic_AutoStore-support-aftermarket-scaled-2-1536x1152.jpg 1536w, https:\/\/www.elementlogic.net\/content\/uploads\/sites\/15\/2026\/03\/Element-Logic_AutoStore-support-aftermarket-scaled-2-2048x1536.jpg 2048w\" sizes=\"(max-width: 768px) 100vw, 768px\" \/><\/div>\n\t\t\t\t<div class=\"t2-simple-media-text__content-container\">\n\t\t\t\t\t<div class=\"t2-simple-media-text__content\">\n\t\t\t\t\t\t<div class=\"t2-simple-media-text__content-inner\">\n\t\t\t\t\t\t\t\n\n<h3 class=\"wp-block-heading\" id=\"h-hurtig-ekspertassistance\">Hurtig ekspertassistance<\/h3>\n\n\n\n<p>N\u00e5r der opst\u00e5r problemer, er tiden afg\u00f8rende. Vores globale supportteams reagerer hurtigt, finder \u00e5rsagen og stiller den rette ekspertise til r\u00e5dighed for at l\u00f8se problemet. De fleste h\u00e6ndelser kan h\u00e5ndteres eksternt via sikker VPN-adgang, hvilket betyder mindre nedetid og hurtigere genopretning. Takket v\u00e6re proaktiv overv\u00e5gning opdager og l\u00f8ser vi ofte potentielle problemer, inden de p\u00e5virker driften.<\/p>\n\n\n\n<div class=\"wp-block-buttons is-layout-flex wp-block-buttons-is-layout-flex\">\n<div class=\"wp-block-button is-style-fill has-icon has-icon-theme_arrow\"><a class=\"wp-block-button__link wp-element-button\" href=\"https:\/\/www.elementlogic.net\/dk\/kontakt-os\/kundesupport\/\">Kontakt os her<svg xmlns=\"http:\/\/www.w3.org\/2000\/svg\" viewBox=\"0 0 24 24\" height=\"24\" width=\"24\" class=\"t2-icon t2-icon-theme_arrow\" aria-hidden=\"true\" focusable=\"false\"><path d=\"M16.627 12.75H5.25C5.03717 12.75 4.859 12.6782 4.7155 12.5345C4.57183 12.391 4.5 12.2128 4.5 12C4.5 11.7872 4.57183 11.609 4.7155 11.4655C4.859 11.3218 5.03717 11.25 5.25 11.25H16.627L11.4577 6.08076C11.3091 5.93209 11.2357 5.75809 11.2375 5.55876C11.2395 5.35942 11.318 5.18217 11.473 5.02701C11.6282 4.88217 11.8038 4.80717 12 4.80201C12.1962 4.79684 12.3718 4.87184 12.527 5.02701L18.8673 11.3673C18.9609 11.4609 19.0269 11.5597 19.0652 11.6635C19.1037 11.7673 19.123 11.8795 19.123 12C19.123 12.1205 19.1037 12.2327 19.0652 12.3365C19.0269 12.4403 18.9609 12.5391 18.8673 12.6328L12.527 18.973C12.3885 19.1115 12.217 19.1823 12.0125 19.1855C11.808 19.1887 11.6282 19.1178 11.473 18.973C11.318 18.8178 11.2405 18.6397 11.2405 18.4385C11.2405 18.2372 11.318 18.0589 11.473 17.9038L16.627 12.75Z\" fill=\"var(--t2-icon-fill, #000)\"\/><\/svg><\/a><\/div>\n<\/div>\n\n\n\t\t\t\t\t\t<\/div>\n\t\t\t\t\t<\/div>\n\t\t\t\t<\/div>\n\t\t\t<\/div>\n\t\t<\/div>\n\t\t\n\n\n\t\t<div class=\"alignwide is-mode-constrained is-gap-center has-media-on-the-right wp-block-t2-simple-media-text   \">\n\t\t\t<div class=\"t2-simple-media-text__container\">\n\t\t\t\t<div class=\"t2-simple-media-text__image\"><img loading=\"lazy\" decoding=\"async\" width=\"768\" height=\"640\" src=\"https:\/\/www.elementlogic.net\/content\/uploads\/sites\/15\/2026\/03\/man-scans-at-autostore-2-768x640.png\" class=\"\" alt=\"\" style=\"--focalpoint: 50% 50%;\" srcset=\"https:\/\/www.elementlogic.net\/content\/uploads\/sites\/15\/2026\/03\/man-scans-at-autostore-2-768x640.png 768w, https:\/\/www.elementlogic.net\/content\/uploads\/sites\/15\/2026\/03\/man-scans-at-autostore-2-300x250.png 300w, https:\/\/www.elementlogic.net\/content\/uploads\/sites\/15\/2026\/03\/man-scans-at-autostore-2-1024x853.png 1024w, https:\/\/www.elementlogic.net\/content\/uploads\/sites\/15\/2026\/03\/man-scans-at-autostore-2.png 1052w\" sizes=\"(max-width: 768px) 100vw, 768px\" \/><\/div>\n\t\t\t\t<div class=\"t2-simple-media-text__content-container\">\n\t\t\t\t\t<div class=\"t2-simple-media-text__content\">\n\t\t\t\t\t\t<div class=\"t2-simple-media-text__content-inner\">\n\t\t\t\t\t\t\t\n\n<h3 class=\"wp-block-heading\" id=\"h-mere-end-fejlfinding\">Mere end fejlfinding<\/h3>\n\n\n\n<p>St\u00f8tte fra Element Logic er mere end blot kriseh\u00e5ndtering. Vores strukturerede tilgang omfatter:<br><strong>H\u00e6ndelsesstyring<\/strong> for hurtigt at genoprette driften.<br><strong>Problemh\u00e5ndtering<\/strong> for at forhindre, at problemer opst\u00e5r igen.<br><strong>Styring af \u00e6ndrings- og serviceanmodninger<\/strong> for at tilpasse dit system i takt med, at din virksomhed udvikler sig.<br>Denne kombination sikrer b\u00e5de stabilitet i dag og robusthed i fremtiden.<\/p>\n\n\n\t\t\t\t\t\t<\/div>\n\t\t\t\t\t<\/div>\n\t\t\t\t<\/div>\n\t\t\t<\/div>\n\t\t<\/div>\n\t\t\n\n\n<h2 class=\"wp-block-heading\" id=\"h-en-palidelig-partner-inden-for-ydeevne-nbsp\"><strong>En p\u00e5lidelig partner inden for ydeevne<\/strong>&nbsp;<\/h2>\n\n\n\n<p>Support er en del af vores overordnede forpligtelse til at sikre vores kunders succes. N\u00e5r du samarbejder med Element Logic, f\u00e5r du ikke blot support d\u00f8gnet rundt, men ogs\u00e5 trygheden ved at vide, at dit lager er i kyndige h\u00e6nder. Fra hurtige l\u00f8sninger til langsigtet optimering er vores supporttjenester designet til at minimere risici og maksimere din ydeevne.<\/p>\n\n\n\n\t\t<div class=\"wp-block-dekode-simple-cta\">\n\t\t\t<div class=\"dekode-simple-cta__inner\">\n\n<h2 class=\"wp-block-heading\" id=\"h-fa-support-i-dag\">F\u00e5 support i dag<\/h2>\n\n\n<p class=\"t2-ingress wp-block-t2-ingress\">Uanset om du har brug for \u00f8jeblikkelig hj\u00e6lp eller \u00f8nsker at styrke din langsigtede supportl\u00f8sning, st\u00e5r Element Logic klar til at hj\u00e6lpe.\u00a0<\/p>\n\n\n<div class=\"wp-block-buttons is-layout-flex wp-block-buttons-is-layout-flex\">\n<div class=\"wp-block-button has-icon has-icon-theme_arrow\"><a class=\"wp-block-button__link wp-element-button\" href=\"https:\/\/www.elementlogic.net\/dk\/kontakt-os\/\">Kontakt os i dag<svg xmlns=\"http:\/\/www.w3.org\/2000\/svg\" viewBox=\"0 0 24 24\" height=\"24\" width=\"24\" class=\"t2-icon t2-icon-theme_arrow\" aria-hidden=\"true\" focusable=\"false\"><path d=\"M16.627 12.75H5.25C5.03717 12.75 4.859 12.6782 4.7155 12.5345C4.57183 12.391 4.5 12.2128 4.5 12C4.5 11.7872 4.57183 11.609 4.7155 11.4655C4.859 11.3218 5.03717 11.25 5.25 11.25H16.627L11.4577 6.08076C11.3091 5.93209 11.2357 5.75809 11.2375 5.55876C11.2395 5.35942 11.318 5.18217 11.473 5.02701C11.6282 4.88217 11.8038 4.80717 12 4.80201C12.1962 4.79684 12.3718 4.87184 12.527 5.02701L18.8673 11.3673C18.9609 11.4609 19.0269 11.5597 19.0652 11.6635C19.1037 11.7673 19.123 11.8795 19.123 12C19.123 12.1205 19.1037 12.2327 19.0652 12.3365C19.0269 12.4403 18.9609 12.5391 18.8673 12.6328L12.527 18.973C12.3885 19.1115 12.217 19.1823 12.0125 19.1855C11.808 19.1887 11.6282 19.1178 11.473 18.973C11.318 18.8178 11.2405 18.6397 11.2405 18.4385C11.2405 18.2372 11.318 18.0589 11.473 17.9038L16.627 12.75Z\" fill=\"var(--t2-icon-fill, #000)\"\/><\/svg><\/a><\/div>\n<\/div>\n\n<\/div>\n\t\t<\/div>\n\n\n<h3 class=\"wp-block-heading\" id=\"h-udforsk-vores-ydelser\">Udforsk vores ydelser<\/h3>\n\n\n\n\t\t<div style=\"--link-cards-grid-columns: 3\" class=\"dekode-link-cards has-3-columns wp-block-dekode-link-cards\">\n\t\t\t<div class=\"dekode-link-cards__items\">\n\t\t\t\t\n<a class=\"wp-block-dekode-link-card\" href=\"https:\/\/www.elementlogic.net\/dk\/uddannelse-og-udvikling\/\"><img loading=\"lazy\" decoding=\"async\" width=\"768\" height=\"512\" src=\"https:\/\/www.elementlogic.net\/content\/uploads\/sites\/15\/2026\/03\/EL_eLogiq-5-768x512.png\" class=\"\" alt=\"\" \/>\t<div class=\"dekode-link-card__content\">\n\t\t\t\t<p class=\"dekode-link-card__title\">\n\t\t\tUddannelse\t\t<\/p>\n\t\t\t\t\t<p class=\"dekode-link-card__description\">Uddannelse som grundlag for Customer Success<\/p>\n\t\t\t<\/div>\n\t<\/a>\n\n<a class=\"wp-block-dekode-link-card\" href=\"https:\/\/www.elementlogic.net\/dk\/customer-success\/indsigt-optimering\/\"><img loading=\"lazy\" decoding=\"async\" width=\"768\" height=\"512\" src=\"https:\/\/www.elementlogic.net\/content\/uploads\/sites\/15\/2026\/03\/EL_eLogiq_-11-1024x683-1-7-768x512.jpg\" class=\"\" alt=\"\" \/>\t<div class=\"dekode-link-card__content\">\n\t\t\t\t<p class=\"dekode-link-card__title\">\n\t\t\tIndsigt &amp; Optimering\t\t<\/p>\n\t\t\t\t\t<p class=\"dekode-link-card__description\">Skaber vedvarende v\u00e6rdi<br><\/p>\n\t\t\t<\/div>\n\t<\/a>\n\n<a class=\"wp-block-dekode-link-card\" href=\"https:\/\/www.elementlogic.net\/dk\/vedligehold\/\"><img loading=\"lazy\" decoding=\"async\" width=\"768\" height=\"512\" src=\"https:\/\/www.elementlogic.net\/content\/uploads\/sites\/15\/2026\/03\/wallpaper_Customer-success-3-768x512.png\" class=\"\" alt=\"\" \/>\t<div class=\"dekode-link-card__content\">\n\t\t\t\t<p class=\"dekode-link-card__title\">\n\t\t\tVedligehold\t\t<\/p>\n\t\t\t\t\t<p class=\"dekode-link-card__description\">S\u00e5dan holder du dit system k\u00f8rende uden problemer<\/p>\n\t\t\t<\/div>\n\t<\/a>\n\n\t\t\t<\/div>\n\t\t<\/div>","protected":false},"excerpt":{"rendered":"<p>Dit lager er afh\u00e6ngigt af, at udstyret fungerer. Derfor tilbyder Element Logic dedikeret support d\u00f8gnet rundt. Vores Customer Success Support-team [&hellip;]<\/p>\n","protected":false},"author":2,"featured_media":4172,"parent":3784,"menu_order":0,"comment_status":"closed","ping_status":"closed","template":"","meta":{"hreflang_relation":0,"_el_cross_publish_source_blog_url":"","_el_cross_publish_source_blog_id":0,"_el_cross_publish_source_post_id":0,"_el_cross_publish_sync_state":"","exclude_from_search":false,"footnotes":""},"class_list":["post-3791","page","type-page","status-publish","has-post-thumbnail","hentry"],"yoast_head":"<!-- This site is optimized with the Yoast SEO Premium plugin v23.9 (Yoast SEO v23.9) - https:\/\/yoast.com\/wordpress\/plugins\/seo\/ -->\n<title>Support - Element Logic Denmark<\/title>\n<meta name=\"description\" content=\"Element Logic tilbyder dedikeret support d\u00f8gnet rundt. Vores Customer Success Support-team s\u00f8rger for, at dine l\u00f8sninger fungerer som forventet.\" \/>\n<meta name=\"robots\" content=\"index, follow, max-snippet:-1, max-image-preview:large, max-video-preview:-1\" \/>\n<link rel=\"canonical\" href=\"https:\/\/www.elementlogic.net\/dk\/customer-success\/support\/\" \/>\n<meta property=\"og:locale\" content=\"da_DK\" \/>\n<meta property=\"og:type\" content=\"article\" \/>\n<meta property=\"og:title\" content=\"Support\" \/>\n<meta property=\"og:description\" content=\"Element Logic tilbyder dedikeret support d\u00f8gnet rundt. Vores Customer Success Support-team s\u00f8rger for, at dine l\u00f8sninger fungerer som forventet.\" \/>\n<meta property=\"og:url\" content=\"https:\/\/www.elementlogic.net\/dk\/customer-success\/support\/\" \/>\n<meta property=\"og:site_name\" content=\"Element Logic Denmark\" \/>\n<meta property=\"article:modified_time\" content=\"2026-03-30T20:03:54+00:00\" \/>\n<meta property=\"og:image\" content=\"https:\/\/www.elementlogic.net\/content\/uploads\/sites\/15\/2026\/03\/support_customer-success-2.png\" \/>\n\t<meta property=\"og:image:width\" content=\"1024\" \/>\n\t<meta property=\"og:image:height\" content=\"683\" \/>\n\t<meta property=\"og:image:type\" content=\"image\/png\" \/>\n<meta name=\"twitter:card\" content=\"summary_large_image\" \/>\n<meta name=\"twitter:label1\" content=\"Estimeret l\u00e6setid\" \/>\n\t<meta name=\"twitter:data1\" content=\"2 minutter\" \/>\n<script type=\"application\/ld+json\" class=\"yoast-schema-graph\">{\"@context\":\"https:\/\/schema.org\",\"@graph\":[{\"@type\":\"WebPage\",\"@id\":\"https:\/\/www.elementlogic.net\/dk\/customer-success\/support\/\",\"url\":\"https:\/\/www.elementlogic.net\/dk\/customer-success\/support\/\",\"name\":\"Support - Element Logic Denmark\",\"isPartOf\":{\"@id\":\"https:\/\/www.elementlogic.net\/dk\/#website\"},\"primaryImageOfPage\":{\"@id\":\"https:\/\/www.elementlogic.net\/dk\/customer-success\/support\/#primaryimage\"},\"image\":{\"@id\":\"https:\/\/www.elementlogic.net\/dk\/customer-success\/support\/#primaryimage\"},\"thumbnailUrl\":\"https:\/\/www.elementlogic.net\/content\/uploads\/sites\/15\/2026\/03\/support_customer-success-2.png\",\"datePublished\":\"2026-03-27T09:45:11+00:00\",\"dateModified\":\"2026-03-30T20:03:54+00:00\",\"description\":\"Element Logic tilbyder dedikeret support d\u00f8gnet rundt. Vores Customer Success Support-team s\u00f8rger for, at dine l\u00f8sninger fungerer som forventet.\",\"breadcrumb\":{\"@id\":\"https:\/\/www.elementlogic.net\/dk\/customer-success\/support\/#breadcrumb\"},\"inLanguage\":\"da-DK\",\"potentialAction\":[{\"@type\":\"ReadAction\",\"target\":[\"https:\/\/www.elementlogic.net\/dk\/customer-success\/support\/\"]}]},{\"@type\":\"ImageObject\",\"inLanguage\":\"da-DK\",\"@id\":\"https:\/\/www.elementlogic.net\/dk\/customer-success\/support\/#primaryimage\",\"url\":\"https:\/\/www.elementlogic.net\/content\/uploads\/sites\/15\/2026\/03\/support_customer-success-2.png\",\"contentUrl\":\"https:\/\/www.elementlogic.net\/content\/uploads\/sites\/15\/2026\/03\/support_customer-success-2.png\",\"width\":1024,\"height\":683},{\"@type\":\"BreadcrumbList\",\"@id\":\"https:\/\/www.elementlogic.net\/dk\/customer-success\/support\/#breadcrumb\",\"itemListElement\":[{\"@type\":\"ListItem\",\"position\":1,\"name\":\"Customer Success NY\",\"item\":\"https:\/\/www.elementlogic.net\/dk\/customer-success\/\"},{\"@type\":\"ListItem\",\"position\":2,\"name\":\"Support\"}]},{\"@type\":\"WebSite\",\"@id\":\"https:\/\/www.elementlogic.net\/dk\/#website\",\"url\":\"https:\/\/www.elementlogic.net\/dk\/\",\"name\":\"Element Logic Denmark\",\"description\":\"\",\"potentialAction\":[{\"@type\":\"SearchAction\",\"target\":{\"@type\":\"EntryPoint\",\"urlTemplate\":\"https:\/\/www.elementlogic.net\/dk\/?s={search_term_string}\"},\"query-input\":{\"@type\":\"PropertyValueSpecification\",\"valueRequired\":true,\"valueName\":\"search_term_string\"}}],\"inLanguage\":\"da-DK\"}]}<\/script>\n<!-- \/ Yoast SEO Premium plugin. -->","yoast_head_json":{"title":"Support - Element Logic Denmark","description":"Element Logic tilbyder dedikeret support d\u00f8gnet rundt. Vores Customer Success Support-team s\u00f8rger for, at dine l\u00f8sninger fungerer som forventet.","robots":{"index":"index","follow":"follow","max-snippet":"max-snippet:-1","max-image-preview":"max-image-preview:large","max-video-preview":"max-video-preview:-1"},"canonical":"https:\/\/www.elementlogic.net\/dk\/customer-success\/support\/","og_locale":"da_DK","og_type":"article","og_title":"Support","og_description":"Element Logic tilbyder dedikeret support d\u00f8gnet rundt. Vores Customer Success Support-team s\u00f8rger for, at dine l\u00f8sninger fungerer som forventet.","og_url":"https:\/\/www.elementlogic.net\/dk\/customer-success\/support\/","og_site_name":"Element Logic Denmark","article_modified_time":"2026-03-30T20:03:54+00:00","og_image":[{"width":1024,"height":683,"url":"https:\/\/www.elementlogic.net\/content\/uploads\/sites\/15\/2026\/03\/support_customer-success-2.png","type":"image\/png"}],"twitter_card":"summary_large_image","twitter_misc":{"Estimeret l\u00e6setid":"2 minutter"},"schema":{"@context":"https:\/\/schema.org","@graph":[{"@type":"WebPage","@id":"https:\/\/www.elementlogic.net\/dk\/customer-success\/support\/","url":"https:\/\/www.elementlogic.net\/dk\/customer-success\/support\/","name":"Support - Element Logic Denmark","isPartOf":{"@id":"https:\/\/www.elementlogic.net\/dk\/#website"},"primaryImageOfPage":{"@id":"https:\/\/www.elementlogic.net\/dk\/customer-success\/support\/#primaryimage"},"image":{"@id":"https:\/\/www.elementlogic.net\/dk\/customer-success\/support\/#primaryimage"},"thumbnailUrl":"https:\/\/www.elementlogic.net\/content\/uploads\/sites\/15\/2026\/03\/support_customer-success-2.png","datePublished":"2026-03-27T09:45:11+00:00","dateModified":"2026-03-30T20:03:54+00:00","description":"Element Logic tilbyder dedikeret support d\u00f8gnet rundt. Vores Customer Success Support-team s\u00f8rger for, at dine l\u00f8sninger fungerer som forventet.","breadcrumb":{"@id":"https:\/\/www.elementlogic.net\/dk\/customer-success\/support\/#breadcrumb"},"inLanguage":"da-DK","potentialAction":[{"@type":"ReadAction","target":["https:\/\/www.elementlogic.net\/dk\/customer-success\/support\/"]}]},{"@type":"ImageObject","inLanguage":"da-DK","@id":"https:\/\/www.elementlogic.net\/dk\/customer-success\/support\/#primaryimage","url":"https:\/\/www.elementlogic.net\/content\/uploads\/sites\/15\/2026\/03\/support_customer-success-2.png","contentUrl":"https:\/\/www.elementlogic.net\/content\/uploads\/sites\/15\/2026\/03\/support_customer-success-2.png","width":1024,"height":683},{"@type":"BreadcrumbList","@id":"https:\/\/www.elementlogic.net\/dk\/customer-success\/support\/#breadcrumb","itemListElement":[{"@type":"ListItem","position":1,"name":"Customer Success NY","item":"https:\/\/www.elementlogic.net\/dk\/customer-success\/"},{"@type":"ListItem","position":2,"name":"Support"}]},{"@type":"WebSite","@id":"https:\/\/www.elementlogic.net\/dk\/#website","url":"https:\/\/www.elementlogic.net\/dk\/","name":"Element Logic Denmark","description":"","potentialAction":[{"@type":"SearchAction","target":{"@type":"EntryPoint","urlTemplate":"https:\/\/www.elementlogic.net\/dk\/?s={search_term_string}"},"query-input":{"@type":"PropertyValueSpecification","valueRequired":true,"valueName":"search_term_string"}}],"inLanguage":"da-DK"}]}},"_links":{"self":[{"href":"https:\/\/www.elementlogic.net\/dk\/wp-json\/wp\/v2\/pages\/3791"}],"collection":[{"href":"https:\/\/www.elementlogic.net\/dk\/wp-json\/wp\/v2\/pages"}],"about":[{"href":"https:\/\/www.elementlogic.net\/dk\/wp-json\/wp\/v2\/types\/page"}],"author":[{"embeddable":true,"href":"https:\/\/www.elementlogic.net\/dk\/wp-json\/wp\/v2\/users\/2"}],"replies":[{"embeddable":true,"href":"https:\/\/www.elementlogic.net\/dk\/wp-json\/wp\/v2\/comments?post=3791"}],"version-history":[{"count":4,"href":"https:\/\/www.elementlogic.net\/dk\/wp-json\/wp\/v2\/pages\/3791\/revisions"}],"predecessor-version":[{"id":4246,"href":"https:\/\/www.elementlogic.net\/dk\/wp-json\/wp\/v2\/pages\/3791\/revisions\/4246"}],"up":[{"embeddable":true,"href":"https:\/\/www.elementlogic.net\/dk\/wp-json\/wp\/v2\/pages\/3784"}],"wp:featuredmedia":[{"embeddable":true,"href":"https:\/\/www.elementlogic.net\/dk\/wp-json\/wp\/v2\/media\/4172"}],"wp:attachment":[{"href":"https:\/\/www.elementlogic.net\/dk\/wp-json\/wp\/v2\/media?parent=3791"}],"curies":[{"name":"wp","href":"https:\/\/api.w.org\/{rel}","templated":true}]}}