{"id":3793,"date":"2026-03-27T09:40:33","date_gmt":"2026-03-27T09:40:33","guid":{"rendered":"https:\/\/www.elementlogic.net\/dk\/?page_id=3793"},"modified":"2026-03-30T20:09:06","modified_gmt":"2026-03-30T20:09:06","slug":"uddannelse-og-udvikling","status":"publish","type":"page","link":"https:\/\/www.elementlogic.net\/dk\/customer-success\/uddannelse-og-udvikling\/","title":{"rendered":"Uddannelse og udvikling"},"content":{"rendered":"\n\t\t<div style=\"--dekode-hero-dim:0.2; --t2-icon-fill:var(--wp--preset--color--white);\" class=\"alignfull dekode-hero-content-position-center has-media-background wp-block-dekode-hero has-text-color has-white-color\">\n\t\t\t<img loading=\"lazy\" decoding=\"async\" width=\"1024\" height=\"532\" src=\"https:\/\/www.elementlogic.net\/content\/uploads\/sites\/15\/2026\/03\/EL_superuser-training8-wo-instr-e1726227709934-2-1024x532.jpg\" class=\"dekode-hero__image\" alt=\"\" style=\"--focalpoint: 84% 25%;\" srcset=\"https:\/\/www.elementlogic.net\/content\/uploads\/sites\/15\/2026\/03\/EL_superuser-training8-wo-instr-e1726227709934-2-1024x532.jpg 1024w, https:\/\/www.elementlogic.net\/content\/uploads\/sites\/15\/2026\/03\/EL_superuser-training8-wo-instr-e1726227709934-2-300x156.jpg 300w, https:\/\/www.elementlogic.net\/content\/uploads\/sites\/15\/2026\/03\/EL_superuser-training8-wo-instr-e1726227709934-2-768x399.jpg 768w, https:\/\/www.elementlogic.net\/content\/uploads\/sites\/15\/2026\/03\/EL_superuser-training8-wo-instr-e1726227709934-2-1536x798.jpg 1536w, https:\/\/www.elementlogic.net\/content\/uploads\/sites\/15\/2026\/03\/EL_superuser-training8-wo-instr-e1726227709934-2.jpg 1645w\" sizes=\"(max-width: 1024px) 100vw, 1024px\" \/>\n\t\t\t<div class=\"dekode-hero__content\">\n\t\t\t\t<div class=\"dekode-hero__container\">\n\t\t\t\t\t\n\n<h1 class=\"wp-block-heading\" id=\"h-uddannelse-og-udvikling\">Uddannelse og udvikling<\/h1>\n\n\n<p class=\"t2-ingress wp-block-t2-ingress\"><strong>Uddannelse som grundlag for<\/strong> <strong>Customer Success<\/strong>\u00a0<\/p>\n\n\n<div class=\"wp-block-buttons is-layout-flex wp-block-buttons-is-layout-flex\">\n<div class=\"wp-block-button\"><a class=\"wp-block-button__link wp-element-button\" href=\"https:\/\/www.elementlogic.net\/dk\/kontakt-os\/\">Kontakt os om uddannelse og tr\u00e6ning<\/a><\/div>\n<\/div>\n\n\n\t\t\t\t<\/div>\n\t\t\t<\/div>\n\t\t<\/div>\n\t\t\n\n\n<p>En lagerl\u00f8sning leverer kun fuld v\u00e6rdi, n\u00e5r de medarbejdere, der betjener den, er selvsikre, kompetente og velforberedte. Uddannelse og faglig udvikling gennem vores SuperUser-certificeringsprogram er derfor et centralt element i vores tilbud inden for kundesucces. Med struktureret introduktion, rollebaseret l\u00e6ring og muligheder for avanceret certificering sikrer vi, at jeres teams er klar til at f\u00e5 det optimale ud af jeres l\u00f8sning fra Element Logic fra f\u00f8rste dag \u2013 og fortsat udbygge deres ekspertise over tid.<\/p>\n\n\n\n<h2 class=\"wp-block-heading\" id=\"h-fra-introduktion-til-fuldstaendig-beherskelse\">Fra introduktion til fuldst\u00e6ndig beherskelse<\/h2>\n\n\n\n<p>Uddannelsen starter, inden systemet tages i brug, og forts\u00e6tter gennem hele dets levetid. Vi l\u00e6gger v\u00e6gt p\u00e5 at give dit team de n\u00f8dvendige kompetencer og selvtillid til at sikre en problemfri drift, h\u00e5ndtere udfordringer og tilpasse sig skiftende krav.<\/p>\n\n\n\n<ul class=\"wp-block-list\">\n<li><strong>Onboarding og scenariebaseret tr\u00e6ning:<\/strong> Medarbejderne bliver uddannet i at betjene automatiserede lagersystemer sikkert og effektivt. Uddannelsen omfatter praktiske \u00f8velser i de daglige arbejdsgange samt forberedelse til at h\u00e5ndtere uheld og klare spidsbelastninger med sikker h\u00e5nd.&nbsp;<\/li>\n\n\n\n<li><strong>Genopfrisknings- og opdateringskurser: <\/strong>Sikrer, at kompetencerne holdes ajour i takt med, at processerne udvikler sig, og der introduceres softwareopdateringer.<\/li>\n\n\n\n<li><strong>Rollebaseret l\u00e6ring:<\/strong> Kurserne er skr\u00e6ddersyet til operat\u00f8rer, vejledere og ledere, s\u00e5 hver rolle kan udfolde sig optimalt.<\/li>\n<\/ul>\n\n\n\n\t\t<div class=\"alignwide is-mode-constrained is-gap-center wp-block-t2-simple-media-text   \">\n\t\t\t<div class=\"t2-simple-media-text__container\">\n\t\t\t\t<div class=\"t2-simple-media-text__image\"><img loading=\"lazy\" decoding=\"async\" width=\"768\" height=\"322\" src=\"https:\/\/www.elementlogic.net\/content\/uploads\/sites\/15\/2026\/03\/Wallpaper-2-scaled-2-768x322.jpg\" class=\"\" alt=\"\" style=\"--focalpoint: 50% 50%;\" srcset=\"https:\/\/www.elementlogic.net\/content\/uploads\/sites\/15\/2026\/03\/Wallpaper-2-scaled-2-768x322.jpg 768w, https:\/\/www.elementlogic.net\/content\/uploads\/sites\/15\/2026\/03\/Wallpaper-2-scaled-2-300x126.jpg 300w, https:\/\/www.elementlogic.net\/content\/uploads\/sites\/15\/2026\/03\/Wallpaper-2-scaled-2-1024x429.jpg 1024w, https:\/\/www.elementlogic.net\/content\/uploads\/sites\/15\/2026\/03\/Wallpaper-2-scaled-2-1536x643.jpg 1536w, https:\/\/www.elementlogic.net\/content\/uploads\/sites\/15\/2026\/03\/Wallpaper-2-scaled-2-2048x858.jpg 2048w\" sizes=\"(max-width: 768px) 100vw, 768px\" \/><\/div>\n\t\t\t\t<div class=\"t2-simple-media-text__content-container\">\n\t\t\t\t\t<div class=\"t2-simple-media-text__content\">\n\t\t\t\t\t\t<div class=\"t2-simple-media-text__content-inner\">\n\t\t\t\t\t\t\t\n\n<h3 class=\"wp-block-heading\" id=\"h-element-logic-academy\"><strong>Element Logic Academy<\/strong><\/h3>\n\n\n\n<p>Element Logic Academy \u2014 en digital l\u00e6ringsplatform, der tilbyder e-l\u00e6ringsmoduler, vejledninger og struktureret undervisningsmateriale. Akademiet vil g\u00f8re uddannelse tilg\u00e6ngelig p\u00e5 tv\u00e6rs af lokationer og skiftehold og dermed sikre ensartet l\u00e6ring for alle medarbejdere.<\/p>\n\n\n\n<p>Ledere f\u00e5r indsigt i gennemf\u00f8relsesprocenter og kompetenceniveauer, mens medarbejderne f\u00e5r gl\u00e6de af interaktive ressourcer, der underst\u00f8tter b\u00e5de den indledende l\u00e6ring og den l\u00f8bende udvikling.<\/p>\n\n\n\n<div class=\"wp-block-buttons is-layout-flex wp-block-buttons-is-layout-flex\">\n<div class=\"wp-block-button is-style-fill has-icon has-icon-theme_arrow\"><a class=\"wp-block-button__link wp-element-button\" href=\"https:\/\/www.elementlogic.net\/dk\/kontakt-os\/\">Kontakt os<svg xmlns=\"http:\/\/www.w3.org\/2000\/svg\" viewBox=\"0 0 24 24\" height=\"24\" width=\"24\" class=\"t2-icon t2-icon-theme_arrow\" aria-hidden=\"true\" focusable=\"false\"><path d=\"M16.627 12.75H5.25C5.03717 12.75 4.859 12.6782 4.7155 12.5345C4.57183 12.391 4.5 12.2128 4.5 12C4.5 11.7872 4.57183 11.609 4.7155 11.4655C4.859 11.3218 5.03717 11.25 5.25 11.25H16.627L11.4577 6.08076C11.3091 5.93209 11.2357 5.75809 11.2375 5.55876C11.2395 5.35942 11.318 5.18217 11.473 5.02701C11.6282 4.88217 11.8038 4.80717 12 4.80201C12.1962 4.79684 12.3718 4.87184 12.527 5.02701L18.8673 11.3673C18.9609 11.4609 19.0269 11.5597 19.0652 11.6635C19.1037 11.7673 19.123 11.8795 19.123 12C19.123 12.1205 19.1037 12.2327 19.0652 12.3365C19.0269 12.4403 18.9609 12.5391 18.8673 12.6328L12.527 18.973C12.3885 19.1115 12.217 19.1823 12.0125 19.1855C11.808 19.1887 11.6282 19.1178 11.473 18.973C11.318 18.8178 11.2405 18.6397 11.2405 18.4385C11.2405 18.2372 11.318 18.0589 11.473 17.9038L16.627 12.75Z\" fill=\"var(--t2-icon-fill, #000)\"\/><\/svg><\/a><\/div>\n<\/div>\n\n\n\t\t\t\t\t\t<\/div>\n\t\t\t\t\t<\/div>\n\t\t\t\t<\/div>\n\t\t\t<\/div>\n\t\t<\/div>\n\t\t\n\n\n\t\t<div class=\"alignwide is-mode-constrained is-gap-center has-media-on-the-right wp-block-t2-simple-media-text   \">\n\t\t\t<div class=\"t2-simple-media-text__container\">\n\t\t\t\t<div class=\"t2-simple-media-text__image\"><img loading=\"lazy\" decoding=\"async\" width=\"500\" height=\"375\" src=\"https:\/\/www.elementlogic.net\/content\/uploads\/sites\/15\/2026\/03\/Picking-at-port-at-Styleboom-1.jpg\" class=\"\" alt=\"\" style=\"--focalpoint: 50% 50%;\" srcset=\"https:\/\/www.elementlogic.net\/content\/uploads\/sites\/15\/2026\/03\/Picking-at-port-at-Styleboom-1.jpg 500w, https:\/\/www.elementlogic.net\/content\/uploads\/sites\/15\/2026\/03\/Picking-at-port-at-Styleboom-1-300x225.jpg 300w\" sizes=\"(max-width: 500px) 100vw, 500px\" \/><\/div>\n\t\t\t\t<div class=\"t2-simple-media-text__content-container\">\n\t\t\t\t\t<div class=\"t2-simple-media-text__content\">\n\t\t\t\t\t\t<div class=\"t2-simple-media-text__content-inner\">\n\t\t\t\t\t\t\t\n\n<h3 class=\"wp-block-heading\" id=\"h-superbruger-certificering-nbsp\"><strong>Superbruger-certificering&nbsp;<\/strong><\/h3>\n\n\n\n<p>For at styrke modstandsdygtigheden i jeres daglige drift tilbyder vi et <strong>certificeringsprogram for superbrugere.<\/strong><br><br><strong>Certificerede superbrugere bliver interne eksperter, der:<\/strong><br>L\u00f8ser komplekse udfordringer hurtigere og mindsker afh\u00e6ngigheden af ekstern support.<br>Vejleder og uddanner kolleger og sikrer, at bedste praksis bliver en fast del af arbejdet p\u00e5 lageret.<br>St\u00f8tter l\u00f8bende forbedringer ved at koble driftsm\u00e6ssige indsigter sammen med systemoptimering.<\/p>\n\n\n\n<p>Dette program skaber en klar karrierevej for engagerede medarbejdere og sikrer, at ekspertviden altid er tilg\u00e6ngelig i dit team.<\/p>\n\n\n\n<div class=\"wp-block-buttons is-layout-flex wp-block-buttons-is-layout-flex\">\n<div class=\"wp-block-button is-style-fill has-icon has-icon-theme_arrow\"><a class=\"wp-block-button__link wp-element-button\" href=\"https:\/\/www.elementlogic.net\/dk\/kontakt-os\/\">Kontakt os<svg xmlns=\"http:\/\/www.w3.org\/2000\/svg\" viewBox=\"0 0 24 24\" height=\"24\" width=\"24\" class=\"t2-icon t2-icon-theme_arrow\" aria-hidden=\"true\" focusable=\"false\"><path d=\"M16.627 12.75H5.25C5.03717 12.75 4.859 12.6782 4.7155 12.5345C4.57183 12.391 4.5 12.2128 4.5 12C4.5 11.7872 4.57183 11.609 4.7155 11.4655C4.859 11.3218 5.03717 11.25 5.25 11.25H16.627L11.4577 6.08076C11.3091 5.93209 11.2357 5.75809 11.2375 5.55876C11.2395 5.35942 11.318 5.18217 11.473 5.02701C11.6282 4.88217 11.8038 4.80717 12 4.80201C12.1962 4.79684 12.3718 4.87184 12.527 5.02701L18.8673 11.3673C18.9609 11.4609 19.0269 11.5597 19.0652 11.6635C19.1037 11.7673 19.123 11.8795 19.123 12C19.123 12.1205 19.1037 12.2327 19.0652 12.3365C19.0269 12.4403 18.9609 12.5391 18.8673 12.6328L12.527 18.973C12.3885 19.1115 12.217 19.1823 12.0125 19.1855C11.808 19.1887 11.6282 19.1178 11.473 18.973C11.318 18.8178 11.2405 18.6397 11.2405 18.4385C11.2405 18.2372 11.318 18.0589 11.473 17.9038L16.627 12.75Z\" fill=\"var(--t2-icon-fill, #000)\"\/><\/svg><\/a><\/div>\n<\/div>\n\n\n\t\t\t\t\t\t<\/div>\n\t\t\t\t\t<\/div>\n\t\t\t\t<\/div>\n\t\t\t<\/div>\n\t\t<\/div>\n\t\t\n\n\n<h2 class=\"wp-block-heading\" id=\"h-hvorfor-uddannelse-er-vigtig\">Hvorfor uddannelse er vigtig<\/h2>\n\n\n\n<p>Veluddannet personale er afg\u00f8rende for at sikre maksimal driftstid, n\u00f8jagtighed og kapacitet i systemet. Uddannelse sikrer, at dine medarbejdere kan:<\/p>\n\n\n\n<ul class=\"wp-block-list\">\n<li>Brug systemerne sikkert og trygt<\/li>\n<\/ul>\n\n\n\n<ul class=\"wp-block-list\">\n<li>H\u00e5ndt\u00e9r undtagelser og genopret ydeevnen hurtigt<\/li>\n<\/ul>\n\n\n\n<ul class=\"wp-block-list\">\n<li>Tilpasse sig s\u00e6sonm\u00e6ssige spidsbelastninger og \u00e6ndringer i processerne<\/li>\n<\/ul>\n\n\n\n<ul class=\"wp-block-list\">\n<li>Brug oversigtspaneler og rapporter til at tr\u00e6ffe smartere beslutninger<\/li>\n<\/ul>\n\n\n\n<h2 class=\"wp-block-heading\" id=\"h-giv-dine-medarbejdere-redskaber-til-fremtiden-nbsp\"><strong>Giv dine medarbejdere redskaber til fremtiden<\/strong>&nbsp;<\/h2>\n\n\n\n<p>Uddannelse er en investering i dit team og i dit lagers ydeevne. Ved at kombinere struktureret l\u00e6ring med l\u00f8bende udviklings- og certificeringsmuligheder sikrer Element Logic, at dine medarbejdere har de n\u00f8dvendige kompetencer og selvtillid til at holde dit lager k\u00f8rende p\u00e5 h\u00f8jeste niveau.<\/p>\n\n\n\n<h3 class=\"wp-block-heading\" id=\"h-udforsk-vores-ydelser\">Udforsk vores ydelser<\/h3>\n\n\n\n\t\t<div style=\"--link-cards-grid-columns: 3\" class=\"dekode-link-cards has-3-columns wp-block-dekode-link-cards\">\n\t\t\t<div class=\"dekode-link-cards__items\">\n\t\t\t\t\n<a class=\"wp-block-dekode-link-card\" href=\"https:\/\/www.elementlogic.net\/dk\/customer-success\/indsigt-optimering\/\"><img loading=\"lazy\" decoding=\"async\" width=\"768\" height=\"512\" src=\"https:\/\/www.elementlogic.net\/content\/uploads\/sites\/15\/2026\/03\/EL_eLogiq_-11-1024x683-1-6-768x512.jpg\" class=\"\" alt=\"\" \/>\t<div class=\"dekode-link-card__content\">\n\t\t\t\t<p class=\"dekode-link-card__title\">\n\t\t\tInsigt &amp; Optimering\t\t<\/p>\n\t\t\t\t\t<p class=\"dekode-link-card__description\">Skaber vedvarende v\u00e6rdi\u00a0<br><\/p>\n\t\t\t<\/div>\n\t<\/a>\n\n<a class=\"wp-block-dekode-link-card\" href=\"https:\/\/www.elementlogic.net\/dk\/vedligehold\/\"><img loading=\"lazy\" decoding=\"async\" width=\"768\" height=\"512\" src=\"https:\/\/www.elementlogic.net\/content\/uploads\/sites\/15\/2026\/03\/wallpaper_Customer-success-2-768x512.png\" class=\"\" alt=\"\" \/>\t<div class=\"dekode-link-card__content\">\n\t\t\t\t<p class=\"dekode-link-card__title\">\n\t\t\tVedligehold\t\t<\/p>\n\t\t\t\t\t<p class=\"dekode-link-card__description\">S\u00e5dan holder du dit system k\u00f8rende uden problemer<\/p>\n\t\t\t<\/div>\n\t<\/a>\n\n<a class=\"wp-block-dekode-link-card\" href=\"https:\/\/www.elementlogic.net\/dk\/support\/\"><img loading=\"lazy\" decoding=\"async\" width=\"768\" height=\"512\" src=\"https:\/\/www.elementlogic.net\/content\/uploads\/sites\/15\/2026\/03\/support_customer-success-2-768x512.png\" class=\"\" alt=\"\" \/>\t<div class=\"dekode-link-card__content\">\n\t\t\t\t<p class=\"dekode-link-card__title\">\n\t\t\tSupport\t\t<\/p>\n\t\t\t\t\t<p class=\"dekode-link-card__description\">Support: 24\/7 \u2013 tryghed i din lagerdrift<\/p>\n\t\t\t<\/div>\n\t<\/a>\n\n\t\t\t<\/div>\n\t\t<\/div>","protected":false},"excerpt":{"rendered":"<p>En lagerl\u00f8sning leverer kun fuld v\u00e6rdi, n\u00e5r de medarbejdere, der betjener den, er selvsikre, kompetente og velforberedte. Uddannelse og faglig [&hellip;]<\/p>\n","protected":false},"author":2,"featured_media":4170,"parent":3784,"menu_order":0,"comment_status":"closed","ping_status":"closed","template":"","meta":{"hreflang_relation":0,"_el_cross_publish_source_blog_url":"","_el_cross_publish_source_blog_id":0,"_el_cross_publish_source_post_id":0,"_el_cross_publish_sync_state":"","exclude_from_search":false,"footnotes":""},"class_list":["post-3793","page","type-page","status-publish","has-post-thumbnail","hentry"],"yoast_head":"<!-- This site is optimized with the Yoast SEO Premium plugin v23.9 (Yoast SEO v23.9) - https:\/\/yoast.com\/wordpress\/plugins\/seo\/ -->\n<title>Uddannelse og udvikling - Element Logic Denmark<\/title>\n<meta name=\"description\" content=\"Med struktureret introduktion, rollebaseret l\u00e6ring og muligheder for avanceret certificering sikrer vi, at I er klar til at f\u00e5 det optimale ud af jeres l\u00f8sning.\" \/>\n<meta name=\"robots\" content=\"index, follow, max-snippet:-1, max-image-preview:large, max-video-preview:-1\" \/>\n<link rel=\"canonical\" href=\"https:\/\/www.elementlogic.net\/dk\/customer-success\/uddannelse-og-udvikling\/\" \/>\n<meta property=\"og:locale\" content=\"da_DK\" \/>\n<meta property=\"og:type\" content=\"article\" \/>\n<meta property=\"og:title\" content=\"Uddannelse og udvikling\" \/>\n<meta property=\"og:description\" content=\"Med struktureret introduktion, rollebaseret l\u00e6ring og muligheder for avanceret certificering sikrer vi, at I er klar til at f\u00e5 det optimale ud af jeres l\u00f8sning.\" \/>\n<meta property=\"og:url\" content=\"https:\/\/www.elementlogic.net\/dk\/customer-success\/uddannelse-og-udvikling\/\" \/>\n<meta property=\"og:site_name\" content=\"Element Logic Denmark\" \/>\n<meta property=\"article:modified_time\" content=\"2026-03-30T20:09:06+00:00\" \/>\n<meta property=\"og:image\" content=\"https:\/\/www.elementlogic.net\/content\/uploads\/sites\/15\/2026\/03\/EL_eLogiq-3.png\" \/>\n\t<meta property=\"og:image:width\" content=\"1024\" \/>\n\t<meta property=\"og:image:height\" content=\"683\" \/>\n\t<meta property=\"og:image:type\" content=\"image\/png\" \/>\n<meta name=\"twitter:card\" content=\"summary_large_image\" \/>\n<meta name=\"twitter:label1\" content=\"Estimeret l\u00e6setid\" \/>\n\t<meta name=\"twitter:data1\" content=\"3 minutter\" \/>\n<script type=\"application\/ld+json\" class=\"yoast-schema-graph\">{\"@context\":\"https:\/\/schema.org\",\"@graph\":[{\"@type\":\"WebPage\",\"@id\":\"https:\/\/www.elementlogic.net\/dk\/customer-success\/uddannelse-og-udvikling\/\",\"url\":\"https:\/\/www.elementlogic.net\/dk\/customer-success\/uddannelse-og-udvikling\/\",\"name\":\"Uddannelse og udvikling - Element Logic Denmark\",\"isPartOf\":{\"@id\":\"https:\/\/www.elementlogic.net\/dk\/#website\"},\"primaryImageOfPage\":{\"@id\":\"https:\/\/www.elementlogic.net\/dk\/customer-success\/uddannelse-og-udvikling\/#primaryimage\"},\"image\":{\"@id\":\"https:\/\/www.elementlogic.net\/dk\/customer-success\/uddannelse-og-udvikling\/#primaryimage\"},\"thumbnailUrl\":\"https:\/\/www.elementlogic.net\/content\/uploads\/sites\/15\/2026\/03\/EL_eLogiq-3.png\",\"datePublished\":\"2026-03-27T09:40:33+00:00\",\"dateModified\":\"2026-03-30T20:09:06+00:00\",\"description\":\"Med struktureret introduktion, rollebaseret l\u00e6ring og muligheder for avanceret certificering sikrer vi, at I er klar til at f\u00e5 det optimale ud af jeres l\u00f8sning.\",\"breadcrumb\":{\"@id\":\"https:\/\/www.elementlogic.net\/dk\/customer-success\/uddannelse-og-udvikling\/#breadcrumb\"},\"inLanguage\":\"da-DK\",\"potentialAction\":[{\"@type\":\"ReadAction\",\"target\":[\"https:\/\/www.elementlogic.net\/dk\/customer-success\/uddannelse-og-udvikling\/\"]}]},{\"@type\":\"ImageObject\",\"inLanguage\":\"da-DK\",\"@id\":\"https:\/\/www.elementlogic.net\/dk\/customer-success\/uddannelse-og-udvikling\/#primaryimage\",\"url\":\"https:\/\/www.elementlogic.net\/content\/uploads\/sites\/15\/2026\/03\/EL_eLogiq-3.png\",\"contentUrl\":\"https:\/\/www.elementlogic.net\/content\/uploads\/sites\/15\/2026\/03\/EL_eLogiq-3.png\",\"width\":1024,\"height\":683},{\"@type\":\"BreadcrumbList\",\"@id\":\"https:\/\/www.elementlogic.net\/dk\/customer-success\/uddannelse-og-udvikling\/#breadcrumb\",\"itemListElement\":[{\"@type\":\"ListItem\",\"position\":1,\"name\":\"Customer Success NY\",\"item\":\"https:\/\/www.elementlogic.net\/dk\/customer-success\/\"},{\"@type\":\"ListItem\",\"position\":2,\"name\":\"Uddannelse og udvikling\"}]},{\"@type\":\"WebSite\",\"@id\":\"https:\/\/www.elementlogic.net\/dk\/#website\",\"url\":\"https:\/\/www.elementlogic.net\/dk\/\",\"name\":\"Element Logic Denmark\",\"description\":\"\",\"potentialAction\":[{\"@type\":\"SearchAction\",\"target\":{\"@type\":\"EntryPoint\",\"urlTemplate\":\"https:\/\/www.elementlogic.net\/dk\/?s={search_term_string}\"},\"query-input\":{\"@type\":\"PropertyValueSpecification\",\"valueRequired\":true,\"valueName\":\"search_term_string\"}}],\"inLanguage\":\"da-DK\"}]}<\/script>\n<!-- \/ Yoast SEO Premium plugin. -->","yoast_head_json":{"title":"Uddannelse og udvikling - Element Logic Denmark","description":"Med struktureret introduktion, rollebaseret l\u00e6ring og muligheder for avanceret certificering sikrer vi, at I er klar til at f\u00e5 det optimale ud af jeres l\u00f8sning.","robots":{"index":"index","follow":"follow","max-snippet":"max-snippet:-1","max-image-preview":"max-image-preview:large","max-video-preview":"max-video-preview:-1"},"canonical":"https:\/\/www.elementlogic.net\/dk\/customer-success\/uddannelse-og-udvikling\/","og_locale":"da_DK","og_type":"article","og_title":"Uddannelse og udvikling","og_description":"Med struktureret introduktion, rollebaseret l\u00e6ring og muligheder for avanceret certificering sikrer vi, at I er klar til at f\u00e5 det optimale ud af jeres l\u00f8sning.","og_url":"https:\/\/www.elementlogic.net\/dk\/customer-success\/uddannelse-og-udvikling\/","og_site_name":"Element Logic Denmark","article_modified_time":"2026-03-30T20:09:06+00:00","og_image":[{"width":1024,"height":683,"url":"https:\/\/www.elementlogic.net\/content\/uploads\/sites\/15\/2026\/03\/EL_eLogiq-3.png","type":"image\/png"}],"twitter_card":"summary_large_image","twitter_misc":{"Estimeret l\u00e6setid":"3 minutter"},"schema":{"@context":"https:\/\/schema.org","@graph":[{"@type":"WebPage","@id":"https:\/\/www.elementlogic.net\/dk\/customer-success\/uddannelse-og-udvikling\/","url":"https:\/\/www.elementlogic.net\/dk\/customer-success\/uddannelse-og-udvikling\/","name":"Uddannelse og udvikling - Element Logic Denmark","isPartOf":{"@id":"https:\/\/www.elementlogic.net\/dk\/#website"},"primaryImageOfPage":{"@id":"https:\/\/www.elementlogic.net\/dk\/customer-success\/uddannelse-og-udvikling\/#primaryimage"},"image":{"@id":"https:\/\/www.elementlogic.net\/dk\/customer-success\/uddannelse-og-udvikling\/#primaryimage"},"thumbnailUrl":"https:\/\/www.elementlogic.net\/content\/uploads\/sites\/15\/2026\/03\/EL_eLogiq-3.png","datePublished":"2026-03-27T09:40:33+00:00","dateModified":"2026-03-30T20:09:06+00:00","description":"Med struktureret introduktion, rollebaseret l\u00e6ring og muligheder for avanceret certificering sikrer vi, at I er klar til at f\u00e5 det optimale ud af jeres l\u00f8sning.","breadcrumb":{"@id":"https:\/\/www.elementlogic.net\/dk\/customer-success\/uddannelse-og-udvikling\/#breadcrumb"},"inLanguage":"da-DK","potentialAction":[{"@type":"ReadAction","target":["https:\/\/www.elementlogic.net\/dk\/customer-success\/uddannelse-og-udvikling\/"]}]},{"@type":"ImageObject","inLanguage":"da-DK","@id":"https:\/\/www.elementlogic.net\/dk\/customer-success\/uddannelse-og-udvikling\/#primaryimage","url":"https:\/\/www.elementlogic.net\/content\/uploads\/sites\/15\/2026\/03\/EL_eLogiq-3.png","contentUrl":"https:\/\/www.elementlogic.net\/content\/uploads\/sites\/15\/2026\/03\/EL_eLogiq-3.png","width":1024,"height":683},{"@type":"BreadcrumbList","@id":"https:\/\/www.elementlogic.net\/dk\/customer-success\/uddannelse-og-udvikling\/#breadcrumb","itemListElement":[{"@type":"ListItem","position":1,"name":"Customer Success NY","item":"https:\/\/www.elementlogic.net\/dk\/customer-success\/"},{"@type":"ListItem","position":2,"name":"Uddannelse og udvikling"}]},{"@type":"WebSite","@id":"https:\/\/www.elementlogic.net\/dk\/#website","url":"https:\/\/www.elementlogic.net\/dk\/","name":"Element Logic Denmark","description":"","potentialAction":[{"@type":"SearchAction","target":{"@type":"EntryPoint","urlTemplate":"https:\/\/www.elementlogic.net\/dk\/?s={search_term_string}"},"query-input":{"@type":"PropertyValueSpecification","valueRequired":true,"valueName":"search_term_string"}}],"inLanguage":"da-DK"}]}},"_links":{"self":[{"href":"https:\/\/www.elementlogic.net\/dk\/wp-json\/wp\/v2\/pages\/3793"}],"collection":[{"href":"https:\/\/www.elementlogic.net\/dk\/wp-json\/wp\/v2\/pages"}],"about":[{"href":"https:\/\/www.elementlogic.net\/dk\/wp-json\/wp\/v2\/types\/page"}],"author":[{"embeddable":true,"href":"https:\/\/www.elementlogic.net\/dk\/wp-json\/wp\/v2\/users\/2"}],"replies":[{"embeddable":true,"href":"https:\/\/www.elementlogic.net\/dk\/wp-json\/wp\/v2\/comments?post=3793"}],"version-history":[{"count":5,"href":"https:\/\/www.elementlogic.net\/dk\/wp-json\/wp\/v2\/pages\/3793\/revisions"}],"predecessor-version":[{"id":4249,"href":"https:\/\/www.elementlogic.net\/dk\/wp-json\/wp\/v2\/pages\/3793\/revisions\/4249"}],"up":[{"embeddable":true,"href":"https:\/\/www.elementlogic.net\/dk\/wp-json\/wp\/v2\/pages\/3784"}],"wp:featuredmedia":[{"embeddable":true,"href":"https:\/\/www.elementlogic.net\/dk\/wp-json\/wp\/v2\/media\/4170"}],"wp:attachment":[{"href":"https:\/\/www.elementlogic.net\/dk\/wp-json\/wp\/v2\/media?parent=3793"}],"curies":[{"name":"wp","href":"https:\/\/api.w.org\/{rel}","templated":true}]}}