{"id":3797,"date":"2026-03-27T09:25:48","date_gmt":"2026-03-27T09:25:48","guid":{"rendered":"https:\/\/www.elementlogic.net\/dk\/?page_id=3797"},"modified":"2026-03-30T20:32:23","modified_gmt":"2026-03-30T20:32:23","slug":"element-logic-lagersoftware","status":"publish","type":"page","link":"https:\/\/www.elementlogic.net\/dk\/element-logic-lagersoftware\/","title":{"rendered":"Element Logic lagersoftware"},"content":{"rendered":"\n\t\t<div style=\"--dekode-hero-dim:0.5; --t2-icon-fill:var(--wp--preset--color--white);\" class=\"alignfull dekode-hero-content-position-center has-media-background wp-block-dekode-hero has-text-color has-white-color\">\n\t\t\t\t\t<video\n\t\t\tautoplay\n\t\t\tloop\n\t\t\tmuted\n\t\t\tplaysinline\n\t\t\tposter=\"\"\n\t\t\tsrc=\"https:\/\/www.elementlogic.net\/content\/uploads\/2024\/08\/software.mp4\">\n\t\t<\/video>\n\t\t\n\t\t\t<div class=\"dekode-hero__content\">\n\t\t\t\t<div class=\"dekode-hero__container\">\n\t\t\t\t\t\n\n<h1 class=\"wp-block-heading\" id=\"h-element-logic-lagersoftware\"><strong>Element Logic lagersoftware<\/strong><\/h1>\n\n\n<p class=\"t2-ingress wp-block-t2-ingress\">Optimer alle processer. F\u00e5 det bedste ud af din ydeevne.<\/p>\n\n\t\t\t\t<\/div>\n\t\t\t<\/div>\n\t\t<\/div>\n\t\t\n\n\n<p>Lagervirksomheder er i dag afh\u00e6ngige af datadrevet pr\u00e6cision for at forblive konkurrencedygtige. Element Logics lagerstyringspakke samler alle trin i jeres arbejdsgang \u2013 fra varemodtagelse til udlevering \u2013 i \u00e9t intelligent system, der \u00f8ger effektiviteten, n\u00f8jagtigheden og kontrollen.<\/p>\n\n\n\n<p>Vores softwarepakke omfatter <a href=\"https:\/\/www.elementlogic.net\/dk\/warehouse-control-systems-wcs\/\">lagerstyringssystemer (WCS)<\/a> og <a href=\"https:\/\/www.elementlogic.net\/dk\/warehouse-intelligence-software\/\">lagerstyringssoftware<\/a>, hvilket sikrer, at mennesker, robotter og data fungerer som \u00e9t optimeret \u00f8kosystem.<\/p>\n\n\n\n\t\t<div class=\"alignwide is-mode-constrained is-gap-center has-media-on-the-right wp-block-t2-simple-media-text   \">\n\t\t\t<div class=\"t2-simple-media-text__container\">\n\t\t\t\t<div class=\"t2-simple-media-text__image\"><img loading=\"lazy\" decoding=\"async\" width=\"768\" height=\"721\" src=\"https:\/\/www.elementlogic.net\/content\/uploads\/sites\/15\/2026\/03\/emanager-solutions-1024x961-1-4-768x721.jpg\" class=\"\" alt=\"\" style=\"--focalpoint: 50% 50%;\" srcset=\"https:\/\/www.elementlogic.net\/content\/uploads\/sites\/15\/2026\/03\/emanager-solutions-1024x961-1-4-768x721.jpg 768w, https:\/\/www.elementlogic.net\/content\/uploads\/sites\/15\/2026\/03\/emanager-solutions-1024x961-1-4-300x282.jpg 300w, https:\/\/www.elementlogic.net\/content\/uploads\/sites\/15\/2026\/03\/emanager-solutions-1024x961-1-4.jpg 1024w\" sizes=\"(max-width: 768px) 100vw, 768px\" \/><\/div>\n\t\t\t\t<div class=\"t2-simple-media-text__content-container\">\n\t\t\t\t\t<div class=\"t2-simple-media-text__content\">\n\t\t\t\t\t\t<div class=\"t2-simple-media-text__content-inner\">\n\t\t\t\t\t\t\t\n\n<h3 class=\"wp-block-heading\" id=\"h-fuld-kontrol-via-intelligent-koordinering\">Fuld kontrol via intelligent koordinering<\/h3>\n\n\n\n<p><br>Vores lagerstyringssystemer (WCS) sikrer en problemfri koordination mellem automatiseret udstyr og manuelle opgaver. Ved at overv\u00e5ge, styre og synkronisere alle bev\u00e6gelser i realtid fungerer WCS som den operationelle rygrad i dit automatiserede lager.<\/p>\n\n\n\n<p><strong>Minimer driftsstop. Maksimer gennemstr\u00f8mningen.<\/strong><br><\/p>\n\n\n\n<div class=\"wp-block-button\"><a class=\"wp-block-button__link wp-element-button\" href=\"https:\/\/www.elementlogic.net\/dk\/warehouse-control-systems-wcs\/\">Udforsk vores lagerstyringssystemer<\/a><\/div>\n\n\n\t\t\t\t\t\t<\/div>\n\t\t\t\t\t<\/div>\n\t\t\t\t<\/div>\n\t\t\t<\/div>\n\t\t<\/div>\n\t\t\n\n\n\t\t<div class=\"alignwide is-mode-constrained is-gap-center wp-block-t2-simple-media-text   \">\n\t\t\t<div class=\"t2-simple-media-text__container\">\n\t\t\t\t<div class=\"t2-simple-media-text__image\"><img loading=\"lazy\" decoding=\"async\" width=\"768\" height=\"512\" src=\"https:\/\/www.elementlogic.net\/content\/uploads\/sites\/15\/2026\/03\/image-128-2-768x512.png\" class=\"\" alt=\"\" style=\"--focalpoint: 50% 50%;\" srcset=\"https:\/\/www.elementlogic.net\/content\/uploads\/sites\/15\/2026\/03\/image-128-2-768x512.png 768w, https:\/\/www.elementlogic.net\/content\/uploads\/sites\/15\/2026\/03\/image-128-2-300x200.png 300w, https:\/\/www.elementlogic.net\/content\/uploads\/sites\/15\/2026\/03\/image-128-2-1024x683.png 1024w, https:\/\/www.elementlogic.net\/content\/uploads\/sites\/15\/2026\/03\/image-128-2-1536x1024.png 1536w, https:\/\/www.elementlogic.net\/content\/uploads\/sites\/15\/2026\/03\/image-128-2.png 2048w\" sizes=\"(max-width: 768px) 100vw, 768px\" \/><\/div>\n\t\t\t\t<div class=\"t2-simple-media-text__content-container\">\n\t\t\t\t\t<div class=\"t2-simple-media-text__content\">\n\t\t\t\t\t\t<div class=\"t2-simple-media-text__content-inner\">\n\t\t\t\t\t\t\t\n\n<h3 class=\"wp-block-heading\" id=\"h-bedre-beslutninger-med-lagerstyringssoftware-elogiq\"><strong>Bedre beslutninger med lagerstyringssoftware (eLogiq)<\/strong><\/h3>\n\n\n\n<p><strong>Warehouse Intelligence-software (eLogiq) <\/strong>omdanner lagerdata til brugbare indsigter. Den tilbyder realtidsdashboards med pr\u00e6stationsdata, pr\u00e6diktiv analyse og systemanbefalinger, der hj\u00e6lper dig med l\u00f8bende at forbedre effektiviteten, reducere spild og optimere udnyttelsen af arbejdsstyrken.<\/p>\n\n\n\n<p><strong>Minimer usikkerheden. Maksimer ydeevnen.<\/strong><\/p>\n\n\n\n<div class=\"wp-block-button\"><a class=\"wp-block-button__link wp-element-button\" href=\"https:\/\/www.elementlogic.net\/dk\/warehouse-intelligence-software\/\">Udforsk vores intelligente lagersoftware<\/a><\/div>\n\n\n\t\t\t\t\t\t<\/div>\n\t\t\t\t\t<\/div>\n\t\t\t\t<\/div>\n\t\t\t<\/div>\n\t\t<\/div>\n\t\t\n\n\n<p><\/p>\n","protected":false},"excerpt":{"rendered":"<p>Lagervirksomheder er i dag afh\u00e6ngige af datadrevet pr\u00e6cision for at forblive konkurrencedygtige. Element Logics lagerstyringspakke samler alle trin i jeres [&hellip;]<\/p>\n","protected":false},"author":2,"featured_media":4030,"parent":0,"menu_order":0,"comment_status":"closed","ping_status":"closed","template":"","meta":{"hreflang_relation":0,"_el_cross_publish_source_blog_url":"","_el_cross_publish_source_blog_id":0,"_el_cross_publish_source_post_id":0,"_el_cross_publish_sync_state":"","exclude_from_search":false,"footnotes":""},"class_list":["post-3797","page","type-page","status-publish","has-post-thumbnail","hentry"],"yoast_head":"<!-- This site is optimized with the Yoast SEO Premium plugin v23.9 (Yoast SEO v23.9) - https:\/\/yoast.com\/wordpress\/plugins\/seo\/ -->\n<title>Element Logic lagersoftware - Element Logic Denmark<\/title>\n<meta name=\"description\" content=\"Element Logics lagerstyringspakke samler alle arbejdsgange i \u00e9t intelligent system, der \u00f8ger effektiviteten, n\u00f8jagtigheden og kontrollen.\" \/>\n<meta name=\"robots\" content=\"index, follow, max-snippet:-1, max-image-preview:large, max-video-preview:-1\" \/>\n<link rel=\"canonical\" href=\"https:\/\/www.elementlogic.net\/dk\/element-logic-lagersoftware\/\" \/>\n<meta property=\"og:locale\" content=\"da_DK\" \/>\n<meta property=\"og:type\" content=\"article\" \/>\n<meta property=\"og:title\" content=\"Element Logic lagersoftware\" \/>\n<meta property=\"og:description\" content=\"Element Logics lagerstyringspakke samler alle arbejdsgange i \u00e9t intelligent system, der \u00f8ger effektiviteten, n\u00f8jagtigheden og kontrollen.\" \/>\n<meta property=\"og:url\" content=\"https:\/\/www.elementlogic.net\/dk\/element-logic-lagersoftware\/\" \/>\n<meta property=\"og:site_name\" content=\"Element Logic Denmark\" \/>\n<meta property=\"article:modified_time\" content=\"2026-03-30T20:32:23+00:00\" \/>\n<meta property=\"og:image\" content=\"https:\/\/www.elementlogic.net\/content\/uploads\/sites\/15\/2026\/03\/emanager-solutions-1024x961-1-3.jpg\" \/>\n\t<meta property=\"og:image:width\" content=\"1024\" \/>\n\t<meta property=\"og:image:height\" content=\"961\" \/>\n\t<meta property=\"og:image:type\" content=\"image\/jpeg\" \/>\n<meta name=\"twitter:card\" content=\"summary_large_image\" \/>\n<meta name=\"twitter:label1\" content=\"Estimeret l\u00e6setid\" \/>\n\t<meta name=\"twitter:data1\" content=\"2 minutter\" \/>\n<script type=\"application\/ld+json\" class=\"yoast-schema-graph\">{\"@context\":\"https:\/\/schema.org\",\"@graph\":[{\"@type\":\"WebPage\",\"@id\":\"https:\/\/www.elementlogic.net\/dk\/element-logic-lagersoftware\/\",\"url\":\"https:\/\/www.elementlogic.net\/dk\/element-logic-lagersoftware\/\",\"name\":\"Element Logic lagersoftware - Element Logic Denmark\",\"isPartOf\":{\"@id\":\"https:\/\/www.elementlogic.net\/dk\/#website\"},\"primaryImageOfPage\":{\"@id\":\"https:\/\/www.elementlogic.net\/dk\/element-logic-lagersoftware\/#primaryimage\"},\"image\":{\"@id\":\"https:\/\/www.elementlogic.net\/dk\/element-logic-lagersoftware\/#primaryimage\"},\"thumbnailUrl\":\"https:\/\/www.elementlogic.net\/content\/uploads\/sites\/15\/2026\/03\/emanager-solutions-1024x961-1-3.jpg\",\"datePublished\":\"2026-03-27T09:25:48+00:00\",\"dateModified\":\"2026-03-30T20:32:23+00:00\",\"description\":\"Element Logics lagerstyringspakke samler alle arbejdsgange i \u00e9t intelligent system, der \u00f8ger effektiviteten, n\u00f8jagtigheden og kontrollen.\",\"inLanguage\":\"da-DK\",\"potentialAction\":[{\"@type\":\"ReadAction\",\"target\":[\"https:\/\/www.elementlogic.net\/dk\/element-logic-lagersoftware\/\"]}]},{\"@type\":\"ImageObject\",\"inLanguage\":\"da-DK\",\"@id\":\"https:\/\/www.elementlogic.net\/dk\/element-logic-lagersoftware\/#primaryimage\",\"url\":\"https:\/\/www.elementlogic.net\/content\/uploads\/sites\/15\/2026\/03\/emanager-solutions-1024x961-1-3.jpg\",\"contentUrl\":\"https:\/\/www.elementlogic.net\/content\/uploads\/sites\/15\/2026\/03\/emanager-solutions-1024x961-1-3.jpg\",\"width\":1024,\"height\":961},{\"@type\":\"WebSite\",\"@id\":\"https:\/\/www.elementlogic.net\/dk\/#website\",\"url\":\"https:\/\/www.elementlogic.net\/dk\/\",\"name\":\"Element Logic Denmark\",\"description\":\"\",\"potentialAction\":[{\"@type\":\"SearchAction\",\"target\":{\"@type\":\"EntryPoint\",\"urlTemplate\":\"https:\/\/www.elementlogic.net\/dk\/?s={search_term_string}\"},\"query-input\":{\"@type\":\"PropertyValueSpecification\",\"valueRequired\":true,\"valueName\":\"search_term_string\"}}],\"inLanguage\":\"da-DK\"}]}<\/script>\n<!-- \/ Yoast SEO Premium plugin. -->","yoast_head_json":{"title":"Element Logic lagersoftware - Element Logic Denmark","description":"Element Logics lagerstyringspakke samler alle arbejdsgange i \u00e9t intelligent system, der \u00f8ger effektiviteten, n\u00f8jagtigheden og kontrollen.","robots":{"index":"index","follow":"follow","max-snippet":"max-snippet:-1","max-image-preview":"max-image-preview:large","max-video-preview":"max-video-preview:-1"},"canonical":"https:\/\/www.elementlogic.net\/dk\/element-logic-lagersoftware\/","og_locale":"da_DK","og_type":"article","og_title":"Element Logic lagersoftware","og_description":"Element Logics lagerstyringspakke samler alle arbejdsgange i \u00e9t intelligent system, der \u00f8ger effektiviteten, n\u00f8jagtigheden og kontrollen.","og_url":"https:\/\/www.elementlogic.net\/dk\/element-logic-lagersoftware\/","og_site_name":"Element Logic Denmark","article_modified_time":"2026-03-30T20:32:23+00:00","og_image":[{"width":1024,"height":961,"url":"https:\/\/www.elementlogic.net\/content\/uploads\/sites\/15\/2026\/03\/emanager-solutions-1024x961-1-3.jpg","type":"image\/jpeg"}],"twitter_card":"summary_large_image","twitter_misc":{"Estimeret l\u00e6setid":"2 minutter"},"schema":{"@context":"https:\/\/schema.org","@graph":[{"@type":"WebPage","@id":"https:\/\/www.elementlogic.net\/dk\/element-logic-lagersoftware\/","url":"https:\/\/www.elementlogic.net\/dk\/element-logic-lagersoftware\/","name":"Element Logic lagersoftware - Element Logic Denmark","isPartOf":{"@id":"https:\/\/www.elementlogic.net\/dk\/#website"},"primaryImageOfPage":{"@id":"https:\/\/www.elementlogic.net\/dk\/element-logic-lagersoftware\/#primaryimage"},"image":{"@id":"https:\/\/www.elementlogic.net\/dk\/element-logic-lagersoftware\/#primaryimage"},"thumbnailUrl":"https:\/\/www.elementlogic.net\/content\/uploads\/sites\/15\/2026\/03\/emanager-solutions-1024x961-1-3.jpg","datePublished":"2026-03-27T09:25:48+00:00","dateModified":"2026-03-30T20:32:23+00:00","description":"Element Logics lagerstyringspakke samler alle arbejdsgange i \u00e9t intelligent system, der \u00f8ger effektiviteten, n\u00f8jagtigheden og kontrollen.","inLanguage":"da-DK","potentialAction":[{"@type":"ReadAction","target":["https:\/\/www.elementlogic.net\/dk\/element-logic-lagersoftware\/"]}]},{"@type":"ImageObject","inLanguage":"da-DK","@id":"https:\/\/www.elementlogic.net\/dk\/element-logic-lagersoftware\/#primaryimage","url":"https:\/\/www.elementlogic.net\/content\/uploads\/sites\/15\/2026\/03\/emanager-solutions-1024x961-1-3.jpg","contentUrl":"https:\/\/www.elementlogic.net\/content\/uploads\/sites\/15\/2026\/03\/emanager-solutions-1024x961-1-3.jpg","width":1024,"height":961},{"@type":"WebSite","@id":"https:\/\/www.elementlogic.net\/dk\/#website","url":"https:\/\/www.elementlogic.net\/dk\/","name":"Element Logic Denmark","description":"","potentialAction":[{"@type":"SearchAction","target":{"@type":"EntryPoint","urlTemplate":"https:\/\/www.elementlogic.net\/dk\/?s={search_term_string}"},"query-input":{"@type":"PropertyValueSpecification","valueRequired":true,"valueName":"search_term_string"}}],"inLanguage":"da-DK"}]}},"_links":{"self":[{"href":"https:\/\/www.elementlogic.net\/dk\/wp-json\/wp\/v2\/pages\/3797"}],"collection":[{"href":"https:\/\/www.elementlogic.net\/dk\/wp-json\/wp\/v2\/pages"}],"about":[{"href":"https:\/\/www.elementlogic.net\/dk\/wp-json\/wp\/v2\/types\/page"}],"author":[{"embeddable":true,"href":"https:\/\/www.elementlogic.net\/dk\/wp-json\/wp\/v2\/users\/2"}],"replies":[{"embeddable":true,"href":"https:\/\/www.elementlogic.net\/dk\/wp-json\/wp\/v2\/comments?post=3797"}],"version-history":[{"count":4,"href":"https:\/\/www.elementlogic.net\/dk\/wp-json\/wp\/v2\/pages\/3797\/revisions"}],"predecessor-version":[{"id":4260,"href":"https:\/\/www.elementlogic.net\/dk\/wp-json\/wp\/v2\/pages\/3797\/revisions\/4260"}],"wp:featuredmedia":[{"embeddable":true,"href":"https:\/\/www.elementlogic.net\/dk\/wp-json\/wp\/v2\/media\/4030"}],"wp:attachment":[{"href":"https:\/\/www.elementlogic.net\/dk\/wp-json\/wp\/v2\/media?parent=3797"}],"curies":[{"name":"wp","href":"https:\/\/api.w.org\/{rel}","templated":true}]}}