{"id":429,"date":"2024-08-22T19:52:00","date_gmt":"2024-08-22T17:52:00","guid":{"rendered":"https:\/\/www.elementlogic.net\/?page_id=800"},"modified":"2024-12-10T11:15:01","modified_gmt":"2024-12-10T11:15:01","slug":"skraeddersyet-til-din-succes","status":"publish","type":"page","link":"https:\/\/www.elementlogic.net\/dk\/losninger-og-services\/skraeddersyet-til-din-succes\/","title":{"rendered":"Customer Success"},"content":{"rendered":"\n\t\t<div style=\"--dekode-hero-dim:0.5; --t2-icon-fill:var(--wp--preset--color--white); min-height:500px;\" class=\"alignfull dekode-hero-content-position-center has-media-background wp-elements-c5f711734678acdf0254e8f86a651f03 wp-block-dekode-hero has-text-color has-white-color\">\n\t\t\t\t\t<video\n\t\t\tautoplay\n\t\t\tloop\n\t\t\tmuted\n\t\t\tplaysinline\n\t\t\tposter=\"https:\/\/www.elementlogic.net\/content\/uploads\/sites\/15\/\/2024\/09\/Wallpaper-8-scaled.jpg\"\n\t\t\tsrc=\"https:\/\/www.elementlogic.net\/content\/uploads\/sites\/15\/\/2024\/09\/service-support.mp4\">\n\t\t<\/video>\n\t\t\n\t\t\t<div class=\"dekode-hero__content\">\n\t\t\t\t<div class=\"dekode-hero__container\">\n\t\t\t\t\t\n\n<h1 class=\"wp-block-heading has-text-align-center\" id=\"skraeddersyet-til-din-succes\">Skr\u00e6ddersyet til din succes<\/h1>\n\n\n\n<p class=\"has-text-align-center\">Vores m\u00e5l er at levere kundev\u00e6rdi, der overg\u00e5r dine forventninger.<\/p>\n\n\n\n<div class=\"wp-block-buttons is-content-justification-center is-layout-flex wp-container-core-buttons-is-layout-1 wp-block-buttons-is-layout-flex\">\n<div class=\"wp-block-button has-icon has-icon-theme_arrow\"><a class=\"wp-block-button__link has-text-align-center wp-element-button\" href=\"https:\/\/www.elementlogic.net\/dk\/kontakt-os\/\">Kontakt os i dag for at l\u00e6re mere<svg xmlns=\"http:\/\/www.w3.org\/2000\/svg\" viewBox=\"0 0 24 24\" height=\"24\" width=\"24\" class=\"t2-icon t2-icon-theme_arrow\" aria-hidden=\"true\" focusable=\"false\"><path d=\"M16.627 12.75H5.25C5.03717 12.75 4.859 12.6782 4.7155 12.5345C4.57183 12.391 4.5 12.2128 4.5 12C4.5 11.7872 4.57183 11.609 4.7155 11.4655C4.859 11.3218 5.03717 11.25 5.25 11.25H16.627L11.4577 6.08076C11.3091 5.93209 11.2357 5.75809 11.2375 5.55876C11.2395 5.35942 11.318 5.18217 11.473 5.02701C11.6282 4.88217 11.8038 4.80717 12 4.80201C12.1962 4.79684 12.3718 4.87184 12.527 5.02701L18.8673 11.3673C18.9609 11.4609 19.0269 11.5597 19.0652 11.6635C19.1037 11.7673 19.123 11.8795 19.123 12C19.123 12.1205 19.1037 12.2327 19.0652 12.3365C19.0269 12.4403 18.9609 12.5391 18.8673 12.6328L12.527 18.973C12.3885 19.1115 12.217 19.1823 12.0125 19.1855C11.808 19.1887 11.6282 19.1178 11.473 18.973C11.318 18.8178 11.2405 18.6397 11.2405 18.4385C11.2405 18.2372 11.318 18.0589 11.473 17.9038L16.627 12.75Z\" fill=\"var(--t2-icon-fill, #000)\"\/><\/svg><\/a><\/div>\n<\/div>\n\n\n\t\t\t\t<\/div>\n\t\t\t<\/div>\n\t\t<\/div>\n\t\t\n\n\n<p>Fra den indledende kontakt til systemimplementeringen sikrer vi, at din l\u00f8sning er skr\u00e6ddersyet til din virksomheds unikke behov. Vi opn\u00e5r dette via et team, der yder support og vedligeholdelse, tr\u00e6ning samt datadrevet r\u00e5dgivning med indg\u00e5ende kendskab til din varelagerl\u00f8sning \u2013 og hvordan du skaber mest v\u00e6rdi med den.<\/p>\n\n\n\n<h2 class=\"wp-block-heading\" id=\"onboarding-og-traening\"><strong>Onboarding og tr\u00e6ning<\/strong><\/h2>\n\n\n\n<p>F\u00e5 mest muligt ud af dit AutoStore-system med dedikeret onboarding og scenariebaseret tr\u00e6ning. Som kunde hos Element Logic l\u00e6rer du alt, hvad du beh\u00f8ver at vide om lagerautomation fra vores erfarne tr\u00e6ningsteam. Vores sessioner fokuserer p\u00e5 drift, sikkerhed og l\u00f8sning af potentielle problemer. Onboarding sikrer, at dine medarbejdere hurtigt tilpasser sig nye arbejdsgange og bliver trygge ved at bruge den automatiserede lagerl\u00f8sning inden for blot f\u00e5 dage.<\/p>\n\n\n\n<h2 class=\"wp-block-heading\" id=\"superbrugerprogram\"><strong>Superbrugerprogram<\/strong><\/h2>\n\n\n\n<p>Vi anbefaler at tilbyde specialiseret tr\u00e6ning til et udvalgt antal medarbejdere, som vil blive din virksomheds Superbrugere. Disse medarbejdere vil opn\u00e5 indg\u00e5ende kendskab til l\u00f8sningen og h\u00e5ndteringen af komplekse scenarier og problemer. Element Logics tr\u00e6ningsprogram sikrer en konstant l\u00e6ring for at matche behovene, ligesom det sikrer optimering af din l\u00f8sning. Sammen med vores dedikerede supportteam har du alt, hvad du beh\u00f8ver for at opn\u00e5 succes.<\/p>\n\n\n\n<h2 class=\"wp-block-heading\" id=\"support\">Support<\/h2>\n\n\n\n<p>En af de mange fordele ved at v\u00e6re kunde hos Element Logic er vores dedikerede supportteam. Uanset om du har brug for hj\u00e6lp med AutoStore-software, styringssystemer, udstyr, systemops\u00e6tning eller fejlkorrigeringer, er vores team altid klar til at hj\u00e6lpe. Du kan nemt kontakte os via hjemmesiden, e-mail eller telefon for hurtig og p\u00e5lidelig support.<\/p>\n\n\n\n\t\t<blockquote class=\"wp-block-dekode-quote\">\n\t\t\t<div class=\"wp-block-dekode-quote__icon\">\n\t\t\t\t<img loading=\"lazy\" decoding=\"async\" width=\"300\" height=\"156\" src=\"https:\/\/www.elementlogic.net\/content\/uploads\/sites\/15\/\/2024\/09\/EL-Bergaard-Amundsen-Warehouse-300x156.jpg\" class=\"quote-image\" alt=\"\" srcset=\"https:\/\/www.elementlogic.net\/content\/uploads\/sites\/15\/2024\/09\/EL-Bergaard-Amundsen-Warehouse-300x156.jpg 300w, https:\/\/www.elementlogic.net\/content\/uploads\/sites\/15\/2024\/09\/EL-Bergaard-Amundsen-Warehouse-1024x534.jpg 1024w, https:\/\/www.elementlogic.net\/content\/uploads\/sites\/15\/2024\/09\/EL-Bergaard-Amundsen-Warehouse-768x400.jpg 768w, https:\/\/www.elementlogic.net\/content\/uploads\/sites\/15\/2024\/09\/EL-Bergaard-Amundsen-Warehouse-1536x801.jpg 1536w, https:\/\/www.elementlogic.net\/content\/uploads\/sites\/15\/2024\/09\/EL-Bergaard-Amundsen-Warehouse.jpg 1600w\" sizes=\"(max-width: 300px) 100vw, 300px\" \/><svg xmlns=\"http:\/\/www.w3.org\/2000\/svg\" viewBox=\"0 0 24 24\" height=\"96\" width=\"96\" class=\"t2-icon t2-icon-theme_quote\" aria-hidden=\"true\" focusable=\"false\"><path d=\"M6.7808 16.5288L8.49055 13.5673C8.43289 13.5993 8.36555 13.6217 8.28855 13.6345C8.21155 13.6473 8.13464 13.6538 8.0578 13.6538C7.04114 13.6538 6.17797 13.2958 5.4683 12.5798C4.7588 11.8638 4.40405 11.0038 4.40405 10C4.40405 8.98334 4.7588 8.12017 5.4683 7.4105C6.17797 6.701 7.04114 6.34625 8.0578 6.34625C9.06164 6.34625 9.92155 6.701 10.6376 7.4105C11.3536 8.12017 11.7116 8.98334 11.7116 10C11.7116 10.3513 11.669 10.6783 11.5838 10.9808C11.4985 11.2833 11.3737 11.5718 11.2096 11.8463L8.07305 17.2788C8.00905 17.3904 7.92122 17.4808 7.80955 17.55C7.69805 17.6192 7.57305 17.6538 7.43455 17.6538C7.14739 17.6538 6.93205 17.5288 6.78855 17.2788C6.64489 17.0288 6.6423 16.7788 6.7808 16.5288ZM15.6656 16.5288L17.3751 13.5673C17.3174 13.5993 17.2501 13.6217 17.1731 13.6345C17.0962 13.6473 17.0193 13.6538 16.9423 13.6538C15.9256 13.6538 15.0626 13.2958 14.3531 12.5798C13.6434 11.8638 13.2886 11.0038 13.2886 10C13.2886 8.977 13.6434 8.11225 14.3531 7.40575C15.0626 6.69942 15.9256 6.34625 16.9423 6.34625C17.9461 6.34625 18.8061 6.701 19.5221 7.4105C20.2381 8.12017 20.5961 8.98334 20.5961 10C20.5961 10.3513 20.5535 10.6783 20.4683 10.9808C20.383 11.2833 20.2583 11.5718 20.0943 11.8463L16.9578 17.2788C16.8936 17.3904 16.8058 17.4808 16.6943 17.55C16.5828 17.6192 16.4578 17.6538 16.3193 17.6538C16.0321 17.6538 15.8167 17.5288 15.6731 17.2788C15.5296 17.0288 15.5271 16.7788 15.6656 16.5288Z\" fill=\"var(--t2-icon-fill, #000)\"\/><\/svg>\n\t\t\t<\/div>\n\t\t\t<div class=\"wp-block-dekode-quote__text\">\n\t\t\t\t<p>Vores filosofi er at udvikle en skalerbar l\u00f8sning, som vores kunder kan vokse med, og som til hver en tid gavner dem. Dette er &#8216;The Element Way&#8217;.<\/p>\n<cite>Arnold Nielsen, Key Account Manager, Element Logic Norway.<\/cite>\n\t\t\t<\/div>\n\t\t<\/blockquote>\n\n\n<h2 class=\"wp-block-heading\" id=\"vedligeholdelse\"><strong>Vedligeholdelse<\/strong><\/h2>\n\n\n\n<p>Vores proaktive serviceteam s\u00f8ger l\u00f8bende efter omr\u00e5der til forbedring for at hj\u00e6lpe din virksomhed med at vokse. Vores teknikere udf\u00f8rer planlagt vedligeholdelse p\u00e5 stedet uden at forstyrre den daglige drift.<\/p>\n\n\n\n<figure class=\"wp-block-image size-full\"><img loading=\"lazy\" decoding=\"async\" width=\"2560\" height=\"1072\" src=\"https:\/\/www.elementlogic.net\/content\/uploads\/sites\/15\/\/2024\/09\/Wallpaper-10-scaled.jpg\" alt=\"Service Technician doing maintenance at Element Logic\" class=\"wp-image-215\" srcset=\"https:\/\/www.elementlogic.net\/content\/uploads\/sites\/15\/2024\/09\/Wallpaper-10-scaled.jpg 2560w, https:\/\/www.elementlogic.net\/content\/uploads\/sites\/15\/2024\/09\/Wallpaper-10-scaled-300x126.jpg 300w, https:\/\/www.elementlogic.net\/content\/uploads\/sites\/15\/2024\/09\/Wallpaper-10-scaled-1024x429.jpg 1024w, https:\/\/www.elementlogic.net\/content\/uploads\/sites\/15\/2024\/09\/Wallpaper-10-scaled-768x322.jpg 768w, https:\/\/www.elementlogic.net\/content\/uploads\/sites\/15\/2024\/09\/Wallpaper-10-scaled-1536x643.jpg 1536w, https:\/\/www.elementlogic.net\/content\/uploads\/sites\/15\/2024\/09\/Wallpaper-10-scaled-2048x858.jpg 2048w\" sizes=\"(max-width: 2560px) 100vw, 2560px\" \/><\/figure>\n\n\n\n<h2 class=\"wp-block-heading\" id=\"indsigt-og-optimering\"><strong>Indsigt og optimering<\/strong><\/h2>\n\n\n\n<p>Vi giver dig detaljerede data om din AutoStore-l\u00f8sning. Dette er grundlaget for, at vores Customer Success-team kontinuerligt kan underst\u00f8tte optimeringen af din l\u00f8sning.<\/p>\n\n\n\n<p><br>&#8220;For at sikre en h\u00f8j kundetilfredshed har vi et dygtigt team af interne serviceteknikere samt support-, software- og logistikspecialister. Dette g\u00f8r os agile og i stand til at hj\u00e6lpe med det samme. Vores filosofi er at udvikle en skalerbar l\u00f8sning, som vores kunder kan vokse med, og som til hver en tid gavner dem. Dette er &#8216;The Element Way'&#8221; \u2013 Arnold Nielsen, Key Account Manager, Element Logic Norge.<\/p>\n\n\n\n\t\t<div class=\"wp-block-dekode-simple-cta\">\n\t\t\t<div class=\"dekode-simple-cta__inner\">\n\n<h3 class=\"wp-block-heading\" id=\"vil-du-vide-mere-om-hvordan-element-logic-kan-optimere-dit-lager\">Vil du vide mere om, hvordan Element Logic kan optimere dit lager?<\/h3>\n\n\n\n<div class=\"wp-block-buttons is-layout-flex wp-block-buttons-is-layout-flex\">\n<div class=\"wp-block-button\"><a class=\"wp-block-button__link wp-element-button\" href=\"https:\/\/www.elementlogic.net\/dk\/kontakt-os\/\">Kontakt os i dag <\/a><\/div>\n<\/div>\n\n<\/div>\n\t\t<\/div>\n\n\n<h3 class=\"wp-block-heading\" id=\"laer-mere-om-vores-losninger-og-services\">L\u00e6r mere om vores l\u00f8sninger og services:<\/h3>\n\n\n\n\t\t<div style=\"--link-cards-grid-columns: 3\" class=\"dekode-link-cards has-3-columns wp-block-dekode-link-cards\">\n\t\t\t<div class=\"dekode-link-cards__items\">\n\t\t\t\t\n<a class=\"wp-block-dekode-link-card\" href=\"https:\/\/www.elementlogic.net\/dk\/losninger-og-services\/autostore\/\"><img loading=\"lazy\" decoding=\"async\" width=\"768\" height=\"513\" src=\"https:\/\/www.elementlogic.net\/content\/uploads\/sites\/15\/\/2024\/09\/image-121-768x513.png\" class=\"\" alt=\"\" \/>\t<div class=\"dekode-link-card__content\">\n\t\t\t\t<p class=\"dekode-link-card__title\">\n\t\t\tAutoStore\t\t<\/p>\n\t\t\t<\/div>\n\t<\/a>\n\n<a class=\"wp-block-dekode-link-card\" href=\"https:\/\/www.elementlogic.net\/dk\/losninger-og-services\/system-levering\/\"><img loading=\"lazy\" decoding=\"async\" width=\"768\" height=\"512\" src=\"https:\/\/www.elementlogic.net\/content\/uploads\/sites\/15\/\/2024\/09\/EL_construction15-768x512.jpg\" class=\"\" alt=\"\" \/>\t<div class=\"dekode-link-card__content\">\n\t\t\t\t<p class=\"dekode-link-card__title\">\n\t\t\tSystem-levering\t\t<\/p>\n\t\t\t<\/div>\n\t<\/a>\n\n<a class=\"wp-block-dekode-link-card\" href=\"https:\/\/www.elementlogic.net\/dk\/losninger-og-services\/design-og-radgivning\/\"><img loading=\"lazy\" decoding=\"async\" width=\"768\" height=\"512\" src=\"https:\/\/www.elementlogic.net\/content\/uploads\/sites\/15\/\/2024\/09\/Element-Logic_AutoStore-design-copy-768x512.jpg\" class=\"\" alt=\"\" \/>\t<div class=\"dekode-link-card__content\">\n\t\t\t\t<p class=\"dekode-link-card__title\">\n\t\t\tDesign og r\u00e5dgivning\t\t<\/p>\n\t\t\t<\/div>\n\t<\/a>\n\n\t\t\t<\/div>\n\t\t<\/div>","protected":false},"excerpt":{"rendered":"<p>Fra den indledende kontakt til systemimplementeringen sikrer vi, at din l\u00f8sning er skr\u00e6ddersyet til din virksomheds unikke behov. Vi opn\u00e5r [&hellip;]<\/p>\n","protected":false},"author":5,"featured_media":0,"parent":266,"menu_order":0,"comment_status":"closed","ping_status":"closed","template":"","meta":{"hreflang_relation":800,"_el_cross_publish_source_blog_url":"","_el_cross_publish_source_blog_id":0,"_el_cross_publish_source_post_id":0,"_el_cross_publish_sync_state":"","exclude_from_search":false,"footnotes":""},"class_list":["post-429","page","type-page","status-publish","hentry"],"yoast_head":"<!-- This site is optimized with the Yoast SEO Premium plugin v23.9 (Yoast SEO v23.9) - https:\/\/yoast.com\/wordpress\/plugins\/seo\/ -->\n<title>Customer Success - Element Logic Denmark<\/title>\n<meta name=\"robots\" content=\"index, follow, max-snippet:-1, max-image-preview:large, max-video-preview:-1\" \/>\n<link rel=\"canonical\" href=\"https:\/\/www.elementlogic.net\/dk\/losninger-og-services\/skraeddersyet-til-din-succes\/\" \/>\n<meta property=\"og:locale\" content=\"da_DK\" \/>\n<meta property=\"og:type\" content=\"article\" \/>\n<meta property=\"og:title\" content=\"Customer Success\" \/>\n<meta property=\"og:description\" content=\"Fra den indledende kontakt til systemimplementeringen sikrer vi, at din l\u00f8sning er skr\u00e6ddersyet til din virksomheds unikke behov. Vi opn\u00e5r [&hellip;]\" \/>\n<meta property=\"og:url\" content=\"https:\/\/www.elementlogic.net\/dk\/losninger-og-services\/skraeddersyet-til-din-succes\/\" \/>\n<meta property=\"og:site_name\" content=\"Element Logic Denmark\" \/>\n<meta property=\"article:modified_time\" content=\"2024-12-10T11:15:01+00:00\" \/>\n<meta property=\"og:image\" content=\"https:\/\/www.elementlogic.net\/content\/uploads\/sites\/15\/\/2024\/09\/Wallpaper-10-scaled.jpg\" \/>\n<meta name=\"twitter:card\" content=\"summary_large_image\" \/>\n<meta name=\"twitter:label1\" content=\"Estimeret l\u00e6setid\" \/>\n\t<meta name=\"twitter:data1\" content=\"3 minutter\" \/>\n<script type=\"application\/ld+json\" class=\"yoast-schema-graph\">{\"@context\":\"https:\/\/schema.org\",\"@graph\":[{\"@type\":\"WebPage\",\"@id\":\"https:\/\/www.elementlogic.net\/dk\/losninger-og-services\/skraeddersyet-til-din-succes\/\",\"url\":\"https:\/\/www.elementlogic.net\/dk\/losninger-og-services\/skraeddersyet-til-din-succes\/\",\"name\":\"Customer Success - Element Logic Denmark\",\"isPartOf\":{\"@id\":\"https:\/\/www.elementlogic.net\/dk\/#website\"},\"primaryImageOfPage\":{\"@id\":\"https:\/\/www.elementlogic.net\/dk\/losninger-og-services\/skraeddersyet-til-din-succes\/#primaryimage\"},\"image\":{\"@id\":\"https:\/\/www.elementlogic.net\/dk\/losninger-og-services\/skraeddersyet-til-din-succes\/#primaryimage\"},\"thumbnailUrl\":\"https:\/\/www.elementlogic.net\/content\/uploads\/sites\/15\/\/2024\/09\/Wallpaper-10-scaled.jpg\",\"datePublished\":\"2024-08-22T17:52:00+00:00\",\"dateModified\":\"2024-12-10T11:15:01+00:00\",\"breadcrumb\":{\"@id\":\"https:\/\/www.elementlogic.net\/dk\/losninger-og-services\/skraeddersyet-til-din-succes\/#breadcrumb\"},\"inLanguage\":\"da-DK\",\"potentialAction\":[{\"@type\":\"ReadAction\",\"target\":[\"https:\/\/www.elementlogic.net\/dk\/losninger-og-services\/skraeddersyet-til-din-succes\/\"]}]},{\"@type\":\"ImageObject\",\"inLanguage\":\"da-DK\",\"@id\":\"https:\/\/www.elementlogic.net\/dk\/losninger-og-services\/skraeddersyet-til-din-succes\/#primaryimage\",\"url\":\"https:\/\/www.elementlogic.net\/content\/uploads\/sites\/15\/\/2024\/09\/Wallpaper-10-scaled.jpg\",\"contentUrl\":\"https:\/\/www.elementlogic.net\/content\/uploads\/sites\/15\/\/2024\/09\/Wallpaper-10-scaled.jpg\"},{\"@type\":\"BreadcrumbList\",\"@id\":\"https:\/\/www.elementlogic.net\/dk\/losninger-og-services\/skraeddersyet-til-din-succes\/#breadcrumb\",\"itemListElement\":[{\"@type\":\"ListItem\",\"position\":1,\"name\":\"L\u00f8sninger og services\",\"item\":\"https:\/\/www.elementlogic.net\/dk\/losninger-og-services\/\"},{\"@type\":\"ListItem\",\"position\":2,\"name\":\"Customer Success\"}]},{\"@type\":\"WebSite\",\"@id\":\"https:\/\/www.elementlogic.net\/dk\/#website\",\"url\":\"https:\/\/www.elementlogic.net\/dk\/\",\"name\":\"Element Logic Denmark\",\"description\":\"\",\"potentialAction\":[{\"@type\":\"SearchAction\",\"target\":{\"@type\":\"EntryPoint\",\"urlTemplate\":\"https:\/\/www.elementlogic.net\/dk\/?s={search_term_string}\"},\"query-input\":{\"@type\":\"PropertyValueSpecification\",\"valueRequired\":true,\"valueName\":\"search_term_string\"}}],\"inLanguage\":\"da-DK\"}]}<\/script>\n<!-- \/ Yoast SEO Premium plugin. -->","yoast_head_json":{"title":"Customer Success - Element Logic Denmark","robots":{"index":"index","follow":"follow","max-snippet":"max-snippet:-1","max-image-preview":"max-image-preview:large","max-video-preview":"max-video-preview:-1"},"canonical":"https:\/\/www.elementlogic.net\/dk\/losninger-og-services\/skraeddersyet-til-din-succes\/","og_locale":"da_DK","og_type":"article","og_title":"Customer Success","og_description":"Fra den indledende kontakt til systemimplementeringen sikrer vi, at din l\u00f8sning er skr\u00e6ddersyet til din virksomheds unikke behov. Vi opn\u00e5r [&hellip;]","og_url":"https:\/\/www.elementlogic.net\/dk\/losninger-og-services\/skraeddersyet-til-din-succes\/","og_site_name":"Element Logic Denmark","article_modified_time":"2024-12-10T11:15:01+00:00","og_image":[{"url":"https:\/\/www.elementlogic.net\/content\/uploads\/sites\/15\/\/2024\/09\/Wallpaper-10-scaled.jpg"}],"twitter_card":"summary_large_image","twitter_misc":{"Estimeret l\u00e6setid":"3 minutter"},"schema":{"@context":"https:\/\/schema.org","@graph":[{"@type":"WebPage","@id":"https:\/\/www.elementlogic.net\/dk\/losninger-og-services\/skraeddersyet-til-din-succes\/","url":"https:\/\/www.elementlogic.net\/dk\/losninger-og-services\/skraeddersyet-til-din-succes\/","name":"Customer Success - Element Logic Denmark","isPartOf":{"@id":"https:\/\/www.elementlogic.net\/dk\/#website"},"primaryImageOfPage":{"@id":"https:\/\/www.elementlogic.net\/dk\/losninger-og-services\/skraeddersyet-til-din-succes\/#primaryimage"},"image":{"@id":"https:\/\/www.elementlogic.net\/dk\/losninger-og-services\/skraeddersyet-til-din-succes\/#primaryimage"},"thumbnailUrl":"https:\/\/www.elementlogic.net\/content\/uploads\/sites\/15\/\/2024\/09\/Wallpaper-10-scaled.jpg","datePublished":"2024-08-22T17:52:00+00:00","dateModified":"2024-12-10T11:15:01+00:00","breadcrumb":{"@id":"https:\/\/www.elementlogic.net\/dk\/losninger-og-services\/skraeddersyet-til-din-succes\/#breadcrumb"},"inLanguage":"da-DK","potentialAction":[{"@type":"ReadAction","target":["https:\/\/www.elementlogic.net\/dk\/losninger-og-services\/skraeddersyet-til-din-succes\/"]}]},{"@type":"ImageObject","inLanguage":"da-DK","@id":"https:\/\/www.elementlogic.net\/dk\/losninger-og-services\/skraeddersyet-til-din-succes\/#primaryimage","url":"https:\/\/www.elementlogic.net\/content\/uploads\/sites\/15\/\/2024\/09\/Wallpaper-10-scaled.jpg","contentUrl":"https:\/\/www.elementlogic.net\/content\/uploads\/sites\/15\/\/2024\/09\/Wallpaper-10-scaled.jpg"},{"@type":"BreadcrumbList","@id":"https:\/\/www.elementlogic.net\/dk\/losninger-og-services\/skraeddersyet-til-din-succes\/#breadcrumb","itemListElement":[{"@type":"ListItem","position":1,"name":"L\u00f8sninger og services","item":"https:\/\/www.elementlogic.net\/dk\/losninger-og-services\/"},{"@type":"ListItem","position":2,"name":"Customer Success"}]},{"@type":"WebSite","@id":"https:\/\/www.elementlogic.net\/dk\/#website","url":"https:\/\/www.elementlogic.net\/dk\/","name":"Element Logic Denmark","description":"","potentialAction":[{"@type":"SearchAction","target":{"@type":"EntryPoint","urlTemplate":"https:\/\/www.elementlogic.net\/dk\/?s={search_term_string}"},"query-input":{"@type":"PropertyValueSpecification","valueRequired":true,"valueName":"search_term_string"}}],"inLanguage":"da-DK"}]}},"_links":{"self":[{"href":"https:\/\/www.elementlogic.net\/dk\/wp-json\/wp\/v2\/pages\/429"}],"collection":[{"href":"https:\/\/www.elementlogic.net\/dk\/wp-json\/wp\/v2\/pages"}],"about":[{"href":"https:\/\/www.elementlogic.net\/dk\/wp-json\/wp\/v2\/types\/page"}],"author":[{"embeddable":true,"href":"https:\/\/www.elementlogic.net\/dk\/wp-json\/wp\/v2\/users\/5"}],"replies":[{"embeddable":true,"href":"https:\/\/www.elementlogic.net\/dk\/wp-json\/wp\/v2\/comments?post=429"}],"version-history":[{"count":5,"href":"https:\/\/www.elementlogic.net\/dk\/wp-json\/wp\/v2\/pages\/429\/revisions"}],"predecessor-version":[{"id":2632,"href":"https:\/\/www.elementlogic.net\/dk\/wp-json\/wp\/v2\/pages\/429\/revisions\/2632"}],"up":[{"embeddable":true,"href":"https:\/\/www.elementlogic.net\/dk\/wp-json\/wp\/v2\/pages\/266"}],"wp:attachment":[{"href":"https:\/\/www.elementlogic.net\/dk\/wp-json\/wp\/v2\/media?parent=429"}],"curies":[{"name":"wp","href":"https:\/\/api.w.org\/{rel}","templated":true}]}}