{"id":432,"date":"2024-08-22T19:50:10","date_gmt":"2024-08-22T17:50:10","guid":{"rendered":"https:\/\/www.elementlogic.net\/?page_id=264"},"modified":"2025-03-18T11:10:49","modified_gmt":"2025-03-18T11:10:49","slug":"optimering-af-materialeflow","status":"publish","type":"page","link":"https:\/\/www.elementlogic.net\/dk\/losninger-og-services\/optimering-af-materialeflow\/","title":{"rendered":"Materialeflowsh\u00e5ndtering"},"content":{"rendered":"\n\t\t<div style=\"--dekode-hero-dim:0.5; --t2-icon-fill:var(--wp--preset--color--white); min-height:500px;\" class=\"alignfull dekode-hero-content-position-center has-media-background wp-elements-ae674cd9464022dbe917d22502a1dade wp-block-dekode-hero has-text-color has-white-color\">\n\t\t\t\t\t<video\n\t\t\tautoplay\n\t\t\tloop\n\t\t\tmuted\n\t\t\tplaysinline\n\t\t\tposter=\"https:\/\/www.elementlogic.net\/content\/uploads\/sites\/15\/\/2024\/09\/fallback-material-handing.jpg\"\n\t\t\tsrc=\"https:\/\/www.elementlogic.net\/content\/uploads\/sites\/15\/\/2024\/09\/flow.mp4\">\n\t\t<\/video>\n\t\t\n\t\t\t<div class=\"dekode-hero__content\">\n\t\t\t\t<div class=\"dekode-hero__container\">\n\t\t\t\t\t\n\n<h1 class=\"wp-block-heading has-text-align-center\" id=\"optimering-af-materialeflow-til-og-fra-autostore\">Optimering af materialeflow til og fra AutoStore<\/h1>\n\n\n\n<p class=\"has-text-align-center\">Hos Element Logic hj\u00e6lper vi kunderne med at optimere h\u00e5ndteringen af deres ordrer. Vi tilbyder end-to-end-l\u00f8sninger og optimering af vareflowet rundt om AutoStore\u00ae.<\/p>\n\n\n\n<div class=\"wp-block-buttons is-content-justification-left is-layout-flex wp-container-core-buttons-is-layout-1 wp-block-buttons-is-layout-flex\">\n<div class=\"wp-block-button has-icon has-icon-theme_arrow\"><a class=\"wp-block-button__link has-text-align-left wp-element-button\" href=\"https:\/\/www.elementlogic.net\/dk\/kontakt-os\/\">Kontakt os i dag for at h\u00f8re mere<svg xmlns=\"http:\/\/www.w3.org\/2000\/svg\" viewBox=\"0 0 24 24\" height=\"24\" width=\"24\" class=\"t2-icon t2-icon-theme_arrow\" aria-hidden=\"true\" focusable=\"false\"><path d=\"M16.627 12.75H5.25C5.03717 12.75 4.859 12.6782 4.7155 12.5345C4.57183 12.391 4.5 12.2128 4.5 12C4.5 11.7872 4.57183 11.609 4.7155 11.4655C4.859 11.3218 5.03717 11.25 5.25 11.25H16.627L11.4577 6.08076C11.3091 5.93209 11.2357 5.75809 11.2375 5.55876C11.2395 5.35942 11.318 5.18217 11.473 5.02701C11.6282 4.88217 11.8038 4.80717 12 4.80201C12.1962 4.79684 12.3718 4.87184 12.527 5.02701L18.8673 11.3673C18.9609 11.4609 19.0269 11.5597 19.0652 11.6635C19.1037 11.7673 19.123 11.8795 19.123 12C19.123 12.1205 19.1037 12.2327 19.0652 12.3365C19.0269 12.4403 18.9609 12.5391 18.8673 12.6328L12.527 18.973C12.3885 19.1115 12.217 19.1823 12.0125 19.1855C11.808 19.1887 11.6282 19.1178 11.473 18.973C11.318 18.8178 11.2405 18.6397 11.2405 18.4385C11.2405 18.2372 11.318 18.0589 11.473 17.9038L16.627 12.75Z\" fill=\"var(--t2-icon-fill, #000)\"\/><\/svg><\/a><\/div>\n<\/div>\n\n\n\t\t\t\t<\/div>\n\t\t\t<\/div>\n\t\t<\/div>\n\t\t\n\n\n<p>Uanset dit varelagers st\u00f8rrelse er optimering af vareflow afg\u00f8rende for din konkurrenceevne. Vi hj\u00e6lper med at sikre, at hvert trin p\u00e5 varernes rejse gennem dit automatiserede varelager, er optimeret i forhold til processerne i AutoStore \u2013 det sikrer effektivitet, et sikkert arbejdsmilj\u00f8 og muligheden for l\u00f8bende at opskalere kapaciteten uden n\u00f8dvendigvis at \u00f8ge antallet af medarbejdere.<\/p>\n\n\n\n<p>Hos Element Logic tilbyder vi at optimere og forbedre dit vareflow med materialeflowh\u00e5ndteringsl\u00f8sninger til AutoStore \u2013 b\u00e5de f\u00f8r og efter dit AutoStore-robotlager. Vi tilbyder. Vores l\u00f8sninger er skalerbare, s\u00e5 de l\u00f8bende kan tilpasses din virksomheds situation for optimal l\u00f8nsomhed. H\u00e5ndteringen af materialeflow er et kerneelement i end-to-end-l\u00f8sningen for at optimere den indg\u00e5ende og udg\u00e5ende varestr\u00f8m.<\/p>\n\n\n\n\t\t<blockquote class=\"wp-block-dekode-quote\">\n\t\t\t<div class=\"wp-block-dekode-quote__icon\">\n\t\t\t\t<img loading=\"lazy\" decoding=\"async\" width=\"300\" height=\"300\" src=\"https:\/\/www.elementlogic.net\/content\/uploads\/sites\/15\/2024\/10\/Christoffer-Muller_DSC7402-Edit-2-1024x1024-1-300x300.jpg\" class=\"quote-image\" alt=\"Christoffer Muller\" srcset=\"https:\/\/www.elementlogic.net\/content\/uploads\/sites\/15\/2024\/10\/Christoffer-Muller_DSC7402-Edit-2-1024x1024-1-300x300.jpg 300w, https:\/\/www.elementlogic.net\/content\/uploads\/sites\/15\/2024\/10\/Christoffer-Muller_DSC7402-Edit-2-1024x1024-1-150x150.jpg 150w, https:\/\/www.elementlogic.net\/content\/uploads\/sites\/15\/2024\/10\/Christoffer-Muller_DSC7402-Edit-2-1024x1024-1-768x768.jpg 768w, https:\/\/www.elementlogic.net\/content\/uploads\/sites\/15\/2024\/10\/Christoffer-Muller_DSC7402-Edit-2-1024x1024-1.jpg 1024w\" sizes=\"(max-width: 300px) 100vw, 300px\" \/><svg xmlns=\"http:\/\/www.w3.org\/2000\/svg\" viewBox=\"0 0 24 24\" height=\"96\" width=\"96\" class=\"t2-icon t2-icon-theme_quote\" aria-hidden=\"true\" focusable=\"false\"><path d=\"M6.7808 16.5288L8.49055 13.5673C8.43289 13.5993 8.36555 13.6217 8.28855 13.6345C8.21155 13.6473 8.13464 13.6538 8.0578 13.6538C7.04114 13.6538 6.17797 13.2958 5.4683 12.5798C4.7588 11.8638 4.40405 11.0038 4.40405 10C4.40405 8.98334 4.7588 8.12017 5.4683 7.4105C6.17797 6.701 7.04114 6.34625 8.0578 6.34625C9.06164 6.34625 9.92155 6.701 10.6376 7.4105C11.3536 8.12017 11.7116 8.98334 11.7116 10C11.7116 10.3513 11.669 10.6783 11.5838 10.9808C11.4985 11.2833 11.3737 11.5718 11.2096 11.8463L8.07305 17.2788C8.00905 17.3904 7.92122 17.4808 7.80955 17.55C7.69805 17.6192 7.57305 17.6538 7.43455 17.6538C7.14739 17.6538 6.93205 17.5288 6.78855 17.2788C6.64489 17.0288 6.6423 16.7788 6.7808 16.5288ZM15.6656 16.5288L17.3751 13.5673C17.3174 13.5993 17.2501 13.6217 17.1731 13.6345C17.0962 13.6473 17.0193 13.6538 16.9423 13.6538C15.9256 13.6538 15.0626 13.2958 14.3531 12.5798C13.6434 11.8638 13.2886 11.0038 13.2886 10C13.2886 8.977 13.6434 8.11225 14.3531 7.40575C15.0626 6.69942 15.9256 6.34625 16.9423 6.34625C17.9461 6.34625 18.8061 6.701 19.5221 7.4105C20.2381 8.12017 20.5961 8.98334 20.5961 10C20.5961 10.3513 20.5535 10.6783 20.4683 10.9808C20.383 11.2833 20.2583 11.5718 20.0943 11.8463L16.9578 17.2788C16.8936 17.3904 16.8058 17.4808 16.6943 17.55C16.5828 17.6192 16.4578 17.6538 16.3193 17.6538C16.0321 17.6538 15.8167 17.5288 15.6731 17.2788C15.5296 17.0288 15.5271 16.7788 15.6656 16.5288Z\" fill=\"var(--t2-icon-fill, #000)\"\/><\/svg>\n\t\t\t<\/div>\n\t\t\t<div class=\"wp-block-dekode-quote__text\">\n\t\t\t\t<p><strong>N\u00e6rmest uanset branche har b\u00e5de st\u00f8rre og mindre virksomheder stor gavn af et serviceeftersyn af deres processer og vareflow. Takket v\u00e6re vores ekspertise og erfaring hj\u00e6lper vi vores kunder med at designe et optimalt workflow, der sikrer s\u00e5 god udnyttelse af AutoStore som muligt.<\/strong><\/p>\n<cite>Christoffer M\u00fcller, Business Logistics Consultant i Element Logic<\/cite>\n\t\t\t<\/div>\n\t\t<\/blockquote>\n\n\n<figure class=\"wp-block-image alignwide size-large\"><img loading=\"lazy\" decoding=\"async\" width=\"1024\" height=\"576\" src=\"https:\/\/www.elementlogic.net\/content\/uploads\/sites\/15\/\/2024\/09\/Material-flow-handling_01-1024x576.jpg\" alt=\"\" class=\"wp-image-726\" srcset=\"https:\/\/www.elementlogic.net\/content\/uploads\/sites\/15\/2024\/09\/Material-flow-handling_01-1024x576.jpg 1024w, https:\/\/www.elementlogic.net\/content\/uploads\/sites\/15\/2024\/09\/Material-flow-handling_01-300x169.jpg 300w, https:\/\/www.elementlogic.net\/content\/uploads\/sites\/15\/2024\/09\/Material-flow-handling_01-768x432.jpg 768w, https:\/\/www.elementlogic.net\/content\/uploads\/sites\/15\/2024\/09\/Material-flow-handling_01-1536x864.jpg 1536w, https:\/\/www.elementlogic.net\/content\/uploads\/sites\/15\/2024\/09\/Material-flow-handling_01.jpg 1600w\" sizes=\"(max-width: 1024px) 100vw, 1024px\" \/><\/figure>\n\n\n\n<h2 class=\"wp-block-heading\" id=\"sadan-skalerer-du-dit-vareflow-til-vaekst\">S\u00e5dan skalerer du dit vareflow til v\u00e6kst<\/h2>\n\n\n\n<p>Hos Element Logic skr\u00e6ddersyr vi en l\u00f8sning til dig ud fra dine behov og dit varelagers kapacitet. Typiske standardl\u00f8sninger omfatter f.eks.:<\/p>\n\n\n\n<ul class=\"wp-block-list\">\n<li>Transportb\u00e5nd til at optimere varestr\u00f8mmen fra levering til AutoStore og fra AutoStore-plukporten til transportomr\u00e5det<\/li>\n\n\n\n<li>Automatiske kartonhejsere og -lukkere<\/li>\n\n\n\n<li>\u00d8vrige emballeringsmaskiner til kartoner eller poser<\/li>\n\n\n\n<li>Etiketteringsmaskiner<\/li>\n\n\n\n<li>Sorteringssystemer til udg\u00e5ende ordrer og intern distribution p\u00e5 lageret<\/li>\n\n\n\n<li>Banestyring via MFC software<\/li>\n<\/ul>\n\n\n\n<p>I kombination med AutoStore og vores eManager-softwarel\u00f8sning kan vi med udgangspunkt i kundernes processer designe et p\u00e5lidelig og effektivt vareflow, som danner fundamentet for yderligere v\u00e6kst.<\/p>\n\n\n\n\t\t<blockquote class=\"wp-block-dekode-quote\">\n\t\t\t<div class=\"wp-block-dekode-quote__icon\">\n\t\t\t\t<svg xmlns=\"http:\/\/www.w3.org\/2000\/svg\" viewBox=\"0 0 24 24\" height=\"96\" width=\"96\" class=\"t2-icon t2-icon-theme_quote\" aria-hidden=\"true\" focusable=\"false\"><path d=\"M6.7808 16.5288L8.49055 13.5673C8.43289 13.5993 8.36555 13.6217 8.28855 13.6345C8.21155 13.6473 8.13464 13.6538 8.0578 13.6538C7.04114 13.6538 6.17797 13.2958 5.4683 12.5798C4.7588 11.8638 4.40405 11.0038 4.40405 10C4.40405 8.98334 4.7588 8.12017 5.4683 7.4105C6.17797 6.701 7.04114 6.34625 8.0578 6.34625C9.06164 6.34625 9.92155 6.701 10.6376 7.4105C11.3536 8.12017 11.7116 8.98334 11.7116 10C11.7116 10.3513 11.669 10.6783 11.5838 10.9808C11.4985 11.2833 11.3737 11.5718 11.2096 11.8463L8.07305 17.2788C8.00905 17.3904 7.92122 17.4808 7.80955 17.55C7.69805 17.6192 7.57305 17.6538 7.43455 17.6538C7.14739 17.6538 6.93205 17.5288 6.78855 17.2788C6.64489 17.0288 6.6423 16.7788 6.7808 16.5288ZM15.6656 16.5288L17.3751 13.5673C17.3174 13.5993 17.2501 13.6217 17.1731 13.6345C17.0962 13.6473 17.0193 13.6538 16.9423 13.6538C15.9256 13.6538 15.0626 13.2958 14.3531 12.5798C13.6434 11.8638 13.2886 11.0038 13.2886 10C13.2886 8.977 13.6434 8.11225 14.3531 7.40575C15.0626 6.69942 15.9256 6.34625 16.9423 6.34625C17.9461 6.34625 18.8061 6.701 19.5221 7.4105C20.2381 8.12017 20.5961 8.98334 20.5961 10C20.5961 10.3513 20.5535 10.6783 20.4683 10.9808C20.383 11.2833 20.2583 11.5718 20.0943 11.8463L16.9578 17.2788C16.8936 17.3904 16.8058 17.4808 16.6943 17.55C16.5828 17.6192 16.4578 17.6538 16.3193 17.6538C16.0321 17.6538 15.8167 17.5288 15.6731 17.2788C15.5296 17.0288 15.5271 16.7788 15.6656 16.5288Z\" fill=\"var(--t2-icon-fill, #000)\"\/><\/svg>\n\t\t\t<\/div>\n\t\t\t<div class=\"wp-block-dekode-quote__text\">\n\t\t\t\t<p><strong>Vi designer vareflowh\u00e5ndteringsl\u00f8sninger, der er i \u00f8jenh\u00f8jde med vores kunder. Et optimeret vareflow er selve foruds\u00e6tningen for at kunne opskalere sin logistik til mere v\u00e6kst.<\/strong><\/p>\n<cite>Flemming Kronh\u00f8j, Business Logistics Consultant i Element Logic<\/cite>\n\t\t\t<\/div>\n\t\t<\/blockquote>\n\n\n\t\t<div class=\"wp-block-dekode-simple-cta\">\n\t\t\t<div class=\"dekode-simple-cta__inner\">\n\n<h2 class=\"wp-block-heading\" id=\"vil-du-laese-mere-om-materialeflowshandtering-og-autostore-leveret-af-element-logic\">Vil du l\u00e6se mere om materialeflowsh\u00e5ndtering og AutoStore \u2013 leveret af Element Logic?<\/h2>\n\n\n\n<div class=\"wp-block-buttons is-layout-flex wp-block-buttons-is-layout-flex\">\n<div class=\"wp-block-button has-icon has-icon-theme_arrow\"><a class=\"wp-block-button__link wp-element-button\" href=\"https:\/\/www.elementlogic.net\/dk\/kontakt-os\/\">Kontakt os i dag<svg xmlns=\"http:\/\/www.w3.org\/2000\/svg\" viewBox=\"0 0 24 24\" height=\"24\" width=\"24\" class=\"t2-icon t2-icon-theme_arrow\" aria-hidden=\"true\" focusable=\"false\"><path d=\"M16.627 12.75H5.25C5.03717 12.75 4.859 12.6782 4.7155 12.5345C4.57183 12.391 4.5 12.2128 4.5 12C4.5 11.7872 4.57183 11.609 4.7155 11.4655C4.859 11.3218 5.03717 11.25 5.25 11.25H16.627L11.4577 6.08076C11.3091 5.93209 11.2357 5.75809 11.2375 5.55876C11.2395 5.35942 11.318 5.18217 11.473 5.02701C11.6282 4.88217 11.8038 4.80717 12 4.80201C12.1962 4.79684 12.3718 4.87184 12.527 5.02701L18.8673 11.3673C18.9609 11.4609 19.0269 11.5597 19.0652 11.6635C19.1037 11.7673 19.123 11.8795 19.123 12C19.123 12.1205 19.1037 12.2327 19.0652 12.3365C19.0269 12.4403 18.9609 12.5391 18.8673 12.6328L12.527 18.973C12.3885 19.1115 12.217 19.1823 12.0125 19.1855C11.808 19.1887 11.6282 19.1178 11.473 18.973C11.318 18.8178 11.2405 18.6397 11.2405 18.4385C11.2405 18.2372 11.318 18.0589 11.473 17.9038L16.627 12.75Z\" fill=\"var(--t2-icon-fill, #000)\"\/><\/svg><\/a><\/div>\n<\/div>\n\n<\/div>\n\t\t<\/div>\n\n\n<h3 class=\"wp-block-heading\" id=\"learn-more-about-our-solutions-and-services\">Learn more about our Solutions and Services:<\/h3>\n\n\n\n\t\t<div style=\"--link-cards-grid-columns: 3\" class=\"dekode-link-cards has-3-columns wp-block-dekode-link-cards\">\n\t\t\t<div class=\"dekode-link-cards__items\">\n\t\t\t\t\n<a class=\"wp-block-dekode-link-card\" href=\"https:\/\/www.elementlogic.net\/dk\/losninger-og-services\/autostore\/\"><img loading=\"lazy\" decoding=\"async\" width=\"768\" height=\"513\" src=\"https:\/\/www.elementlogic.net\/content\/uploads\/sites\/15\/\/2024\/09\/image-121-768x513.png\" class=\"\" alt=\"\" \/>\t<div class=\"dekode-link-card__content\">\n\t\t\t\t<p class=\"dekode-link-card__title\">\n\t\t\tAutoStore\t\t<\/p>\n\t\t\t<\/div>\n\t<\/a>\n\n<a class=\"wp-block-dekode-link-card\" href=\"https:\/\/www.elementlogic.net\/dk\/losninger-og-services\/robotarme\/\"><img loading=\"lazy\" decoding=\"async\" width=\"768\" height=\"512\" src=\"https:\/\/www.elementlogic.net\/content\/uploads\/sites\/15\/\/2024\/09\/Element-Logic-Bertel-O.-Steen-warehouse-768x512.jpg\" class=\"\" alt=\"\" \/>\t<div class=\"dekode-link-card__content\">\n\t\t\t\t<p class=\"dekode-link-card__title\">\n\t\t\tRobot-l\u00f8sninger\t\t<\/p>\n\t\t\t<\/div>\n\t<\/a>\n\n<a class=\"wp-block-dekode-link-card\" href=\"https:\/\/www.elementlogic.net\/dk\/losninger-og-services\/softwarebaseret-lagerautomatisering\/\"><img loading=\"lazy\" decoding=\"async\" width=\"768\" height=\"512\" src=\"https:\/\/www.elementlogic.net\/content\/uploads\/sites\/15\/\/2024\/09\/image-68-768x512.png\" class=\"\" alt=\"\" \/>\t<div class=\"dekode-link-card__content\">\n\t\t\t\t<p class=\"dekode-link-card__title\">\n\t\t\tSoftware\t\t<\/p>\n\t\t\t<\/div>\n\t<\/a>\n\n\t\t\t<\/div>\n\t\t<\/div>","protected":false},"excerpt":{"rendered":"<p>Uanset dit varelagers st\u00f8rrelse er optimering af vareflow afg\u00f8rende for din konkurrenceevne. Vi hj\u00e6lper med at sikre, at hvert trin [&hellip;]<\/p>\n","protected":false},"author":5,"featured_media":1490,"parent":266,"menu_order":0,"comment_status":"closed","ping_status":"closed","template":"","meta":{"hreflang_relation":264,"_el_cross_publish_source_blog_url":"","_el_cross_publish_source_blog_id":0,"_el_cross_publish_source_post_id":0,"_el_cross_publish_sync_state":"","exclude_from_search":false,"footnotes":""},"class_list":["post-432","page","type-page","status-publish","has-post-thumbnail","hentry"],"yoast_head":"<!-- This site is optimized with the Yoast SEO Premium plugin v23.9 (Yoast SEO v23.9) - https:\/\/yoast.com\/wordpress\/plugins\/seo\/ -->\n<title>Materialeflowsh\u00e5ndtering - Element Logic Denmark<\/title>\n<meta name=\"description\" content=\"Vores fleksible processer til h\u00e5ndtering af materialeflow er afg\u00f8rende for at skabe l\u00f8sninger, som er rentable og b\u00e6redygtige.\" \/>\n<meta name=\"robots\" content=\"index, follow, max-snippet:-1, max-image-preview:large, max-video-preview:-1\" \/>\n<link rel=\"canonical\" href=\"https:\/\/www.elementlogic.net\/dk\/losninger-og-services\/optimering-af-materialeflow\/\" \/>\n<meta property=\"og:locale\" content=\"da_DK\" \/>\n<meta property=\"og:type\" content=\"article\" \/>\n<meta property=\"og:title\" content=\"Materialeflowsh\u00e5ndtering\" \/>\n<meta property=\"og:description\" content=\"Vores fleksible processer til h\u00e5ndtering af materialeflow er afg\u00f8rende for at skabe l\u00f8sninger, som er rentable og b\u00e6redygtige.\" \/>\n<meta property=\"og:url\" content=\"https:\/\/www.elementlogic.net\/dk\/losninger-og-services\/optimering-af-materialeflow\/\" \/>\n<meta property=\"og:site_name\" content=\"Element Logic Denmark\" \/>\n<meta property=\"article:modified_time\" content=\"2025-03-18T11:10:49+00:00\" \/>\n<meta property=\"og:image\" content=\"https:\/\/www.elementlogic.net\/content\/uploads\/sites\/15\/2024\/10\/tti-AutoStore-Swing-Ports.jpg\" \/>\n\t<meta property=\"og:image:width\" content=\"1600\" \/>\n\t<meta property=\"og:image:height\" content=\"1067\" \/>\n\t<meta property=\"og:image:type\" content=\"image\/jpeg\" \/>\n<meta name=\"twitter:card\" content=\"summary_large_image\" \/>\n<meta name=\"twitter:label1\" content=\"Estimeret l\u00e6setid\" \/>\n\t<meta name=\"twitter:data1\" content=\"2 minutter\" \/>\n<script type=\"application\/ld+json\" class=\"yoast-schema-graph\">{\"@context\":\"https:\/\/schema.org\",\"@graph\":[{\"@type\":\"WebPage\",\"@id\":\"https:\/\/www.elementlogic.net\/dk\/losninger-og-services\/optimering-af-materialeflow\/\",\"url\":\"https:\/\/www.elementlogic.net\/dk\/losninger-og-services\/optimering-af-materialeflow\/\",\"name\":\"Materialeflowsh\u00e5ndtering - Element Logic Denmark\",\"isPartOf\":{\"@id\":\"https:\/\/www.elementlogic.net\/dk\/#website\"},\"primaryImageOfPage\":{\"@id\":\"https:\/\/www.elementlogic.net\/dk\/losninger-og-services\/optimering-af-materialeflow\/#primaryimage\"},\"image\":{\"@id\":\"https:\/\/www.elementlogic.net\/dk\/losninger-og-services\/optimering-af-materialeflow\/#primaryimage\"},\"thumbnailUrl\":\"https:\/\/www.elementlogic.net\/content\/uploads\/sites\/15\/2024\/10\/tti-AutoStore-Swing-Ports.jpg\",\"datePublished\":\"2024-08-22T17:50:10+00:00\",\"dateModified\":\"2025-03-18T11:10:49+00:00\",\"description\":\"Vores fleksible processer til h\u00e5ndtering af materialeflow er afg\u00f8rende for at skabe l\u00f8sninger, som er rentable og b\u00e6redygtige.\",\"breadcrumb\":{\"@id\":\"https:\/\/www.elementlogic.net\/dk\/losninger-og-services\/optimering-af-materialeflow\/#breadcrumb\"},\"inLanguage\":\"da-DK\",\"potentialAction\":[{\"@type\":\"ReadAction\",\"target\":[\"https:\/\/www.elementlogic.net\/dk\/losninger-og-services\/optimering-af-materialeflow\/\"]}]},{\"@type\":\"ImageObject\",\"inLanguage\":\"da-DK\",\"@id\":\"https:\/\/www.elementlogic.net\/dk\/losninger-og-services\/optimering-af-materialeflow\/#primaryimage\",\"url\":\"https:\/\/www.elementlogic.net\/content\/uploads\/sites\/15\/2024\/10\/tti-AutoStore-Swing-Ports.jpg\",\"contentUrl\":\"https:\/\/www.elementlogic.net\/content\/uploads\/sites\/15\/2024\/10\/tti-AutoStore-Swing-Ports.jpg\",\"width\":1600,\"height\":1067,\"caption\":\"Logistikkoncept\"},{\"@type\":\"BreadcrumbList\",\"@id\":\"https:\/\/www.elementlogic.net\/dk\/losninger-og-services\/optimering-af-materialeflow\/#breadcrumb\",\"itemListElement\":[{\"@type\":\"ListItem\",\"position\":1,\"name\":\"L\u00f8sninger og services\",\"item\":\"https:\/\/www.elementlogic.net\/dk\/losninger-og-services\/\"},{\"@type\":\"ListItem\",\"position\":2,\"name\":\"Materialeflowsh\u00e5ndtering\"}]},{\"@type\":\"WebSite\",\"@id\":\"https:\/\/www.elementlogic.net\/dk\/#website\",\"url\":\"https:\/\/www.elementlogic.net\/dk\/\",\"name\":\"Element Logic Denmark\",\"description\":\"\",\"potentialAction\":[{\"@type\":\"SearchAction\",\"target\":{\"@type\":\"EntryPoint\",\"urlTemplate\":\"https:\/\/www.elementlogic.net\/dk\/?s={search_term_string}\"},\"query-input\":{\"@type\":\"PropertyValueSpecification\",\"valueRequired\":true,\"valueName\":\"search_term_string\"}}],\"inLanguage\":\"da-DK\"}]}<\/script>\n<!-- \/ Yoast SEO Premium plugin. -->","yoast_head_json":{"title":"Materialeflowsh\u00e5ndtering - Element Logic Denmark","description":"Vores fleksible processer til h\u00e5ndtering af materialeflow er afg\u00f8rende for at skabe l\u00f8sninger, som er rentable og b\u00e6redygtige.","robots":{"index":"index","follow":"follow","max-snippet":"max-snippet:-1","max-image-preview":"max-image-preview:large","max-video-preview":"max-video-preview:-1"},"canonical":"https:\/\/www.elementlogic.net\/dk\/losninger-og-services\/optimering-af-materialeflow\/","og_locale":"da_DK","og_type":"article","og_title":"Materialeflowsh\u00e5ndtering","og_description":"Vores fleksible processer til h\u00e5ndtering af materialeflow er afg\u00f8rende for at skabe l\u00f8sninger, som er rentable og b\u00e6redygtige.","og_url":"https:\/\/www.elementlogic.net\/dk\/losninger-og-services\/optimering-af-materialeflow\/","og_site_name":"Element Logic Denmark","article_modified_time":"2025-03-18T11:10:49+00:00","og_image":[{"width":1600,"height":1067,"url":"https:\/\/www.elementlogic.net\/content\/uploads\/sites\/15\/2024\/10\/tti-AutoStore-Swing-Ports.jpg","type":"image\/jpeg"}],"twitter_card":"summary_large_image","twitter_misc":{"Estimeret l\u00e6setid":"2 minutter"},"schema":{"@context":"https:\/\/schema.org","@graph":[{"@type":"WebPage","@id":"https:\/\/www.elementlogic.net\/dk\/losninger-og-services\/optimering-af-materialeflow\/","url":"https:\/\/www.elementlogic.net\/dk\/losninger-og-services\/optimering-af-materialeflow\/","name":"Materialeflowsh\u00e5ndtering - Element Logic Denmark","isPartOf":{"@id":"https:\/\/www.elementlogic.net\/dk\/#website"},"primaryImageOfPage":{"@id":"https:\/\/www.elementlogic.net\/dk\/losninger-og-services\/optimering-af-materialeflow\/#primaryimage"},"image":{"@id":"https:\/\/www.elementlogic.net\/dk\/losninger-og-services\/optimering-af-materialeflow\/#primaryimage"},"thumbnailUrl":"https:\/\/www.elementlogic.net\/content\/uploads\/sites\/15\/2024\/10\/tti-AutoStore-Swing-Ports.jpg","datePublished":"2024-08-22T17:50:10+00:00","dateModified":"2025-03-18T11:10:49+00:00","description":"Vores fleksible processer til h\u00e5ndtering af materialeflow er afg\u00f8rende for at skabe l\u00f8sninger, som er rentable og b\u00e6redygtige.","breadcrumb":{"@id":"https:\/\/www.elementlogic.net\/dk\/losninger-og-services\/optimering-af-materialeflow\/#breadcrumb"},"inLanguage":"da-DK","potentialAction":[{"@type":"ReadAction","target":["https:\/\/www.elementlogic.net\/dk\/losninger-og-services\/optimering-af-materialeflow\/"]}]},{"@type":"ImageObject","inLanguage":"da-DK","@id":"https:\/\/www.elementlogic.net\/dk\/losninger-og-services\/optimering-af-materialeflow\/#primaryimage","url":"https:\/\/www.elementlogic.net\/content\/uploads\/sites\/15\/2024\/10\/tti-AutoStore-Swing-Ports.jpg","contentUrl":"https:\/\/www.elementlogic.net\/content\/uploads\/sites\/15\/2024\/10\/tti-AutoStore-Swing-Ports.jpg","width":1600,"height":1067,"caption":"Logistikkoncept"},{"@type":"BreadcrumbList","@id":"https:\/\/www.elementlogic.net\/dk\/losninger-og-services\/optimering-af-materialeflow\/#breadcrumb","itemListElement":[{"@type":"ListItem","position":1,"name":"L\u00f8sninger og services","item":"https:\/\/www.elementlogic.net\/dk\/losninger-og-services\/"},{"@type":"ListItem","position":2,"name":"Materialeflowsh\u00e5ndtering"}]},{"@type":"WebSite","@id":"https:\/\/www.elementlogic.net\/dk\/#website","url":"https:\/\/www.elementlogic.net\/dk\/","name":"Element Logic Denmark","description":"","potentialAction":[{"@type":"SearchAction","target":{"@type":"EntryPoint","urlTemplate":"https:\/\/www.elementlogic.net\/dk\/?s={search_term_string}"},"query-input":{"@type":"PropertyValueSpecification","valueRequired":true,"valueName":"search_term_string"}}],"inLanguage":"da-DK"}]}},"_links":{"self":[{"href":"https:\/\/www.elementlogic.net\/dk\/wp-json\/wp\/v2\/pages\/432"}],"collection":[{"href":"https:\/\/www.elementlogic.net\/dk\/wp-json\/wp\/v2\/pages"}],"about":[{"href":"https:\/\/www.elementlogic.net\/dk\/wp-json\/wp\/v2\/types\/page"}],"author":[{"embeddable":true,"href":"https:\/\/www.elementlogic.net\/dk\/wp-json\/wp\/v2\/users\/5"}],"replies":[{"embeddable":true,"href":"https:\/\/www.elementlogic.net\/dk\/wp-json\/wp\/v2\/comments?post=432"}],"version-history":[{"count":4,"href":"https:\/\/www.elementlogic.net\/dk\/wp-json\/wp\/v2\/pages\/432\/revisions"}],"predecessor-version":[{"id":2738,"href":"https:\/\/www.elementlogic.net\/dk\/wp-json\/wp\/v2\/pages\/432\/revisions\/2738"}],"up":[{"embeddable":true,"href":"https:\/\/www.elementlogic.net\/dk\/wp-json\/wp\/v2\/pages\/266"}],"wp:featuredmedia":[{"embeddable":true,"href":"https:\/\/www.elementlogic.net\/dk\/wp-json\/wp\/v2\/media\/1490"}],"wp:attachment":[{"href":"https:\/\/www.elementlogic.net\/dk\/wp-json\/wp\/v2\/media?parent=432"}],"curies":[{"name":"wp","href":"https:\/\/api.w.org\/{rel}","templated":true}]}}