{"id":433,"date":"2024-08-22T19:43:26","date_gmt":"2024-08-22T17:43:26","guid":{"rendered":"https:\/\/www.elementlogic.net\/?page_id=401"},"modified":"2024-12-10T11:19:33","modified_gmt":"2024-12-10T11:19:33","slug":"emanager","status":"publish","type":"page","link":"https:\/\/www.elementlogic.net\/dk\/losninger-og-services\/softwarebaseret-lagerautomatisering\/emanager\/","title":{"rendered":"eManager"},"content":{"rendered":"\n\t\t<div style=\"--dekode-hero-dim:0.5; --t2-icon-fill:var(--wp--preset--color--white); min-height:500px;\" class=\"alignfull dekode-hero-content-position-center has-media-background wp-block-dekode-hero\">\n\t\t\t\t\t<video\n\t\t\tautoplay\n\t\t\tloop\n\t\t\tmuted\n\t\t\tplaysinline\n\t\t\tposter=\"https:\/\/www.elementlogic.net\/content\/uploads\/sites\/15\/\/2024\/09\/fallback-emanager.jpg\"\n\t\t\tsrc=\"https:\/\/www.elementlogic.net\/content\/uploads\/sites\/15\/\/2024\/09\/software.mp4\">\n\t\t<\/video>\n\t\t\n\t\t\t<div class=\"dekode-hero__content\">\n\t\t\t\t<div class=\"dekode-hero__container\">\n\t\t\t\t\t\n\n<h1 class=\"wp-block-heading has-text-align-center\" id=\"administrer-dit-automatiserede-lager-med-emanager\">Administrer dit automatiserede lager med eManager<\/h1>\n\n\n\n<p class=\"has-text-align-center\">For at maksimere din automatiserede lagereffektivitet, reducere driftsomkostningerne og forbedre kundetilfredsheden har vi udviklet vores egen software \u2013 eManager. Det er portalen til alle de oplysninger, du har brug for, for at optimere din drift og til at forberede dig p\u00e5 v\u00e6kst.<\/p>\n\n\n\n<div class=\"wp-block-buttons is-content-justification-center is-layout-flex wp-container-core-buttons-is-layout-1 wp-block-buttons-is-layout-flex\">\n<div class=\"wp-block-button has-icon has-icon-theme_arrow\"><a class=\"wp-block-button__link has-text-align-left wp-element-button\" href=\"https:\/\/www.elementlogic.net\/dk\/kontakt-os\/\">Kontakt os i dag for at h\u00f8re mere<svg xmlns=\"http:\/\/www.w3.org\/2000\/svg\" viewBox=\"0 0 24 24\" height=\"24\" width=\"24\" class=\"t2-icon t2-icon-theme_arrow\" aria-hidden=\"true\" focusable=\"false\"><path d=\"M16.627 12.75H5.25C5.03717 12.75 4.859 12.6782 4.7155 12.5345C4.57183 12.391 4.5 12.2128 4.5 12C4.5 11.7872 4.57183 11.609 4.7155 11.4655C4.859 11.3218 5.03717 11.25 5.25 11.25H16.627L11.4577 6.08076C11.3091 5.93209 11.2357 5.75809 11.2375 5.55876C11.2395 5.35942 11.318 5.18217 11.473 5.02701C11.6282 4.88217 11.8038 4.80717 12 4.80201C12.1962 4.79684 12.3718 4.87184 12.527 5.02701L18.8673 11.3673C18.9609 11.4609 19.0269 11.5597 19.0652 11.6635C19.1037 11.7673 19.123 11.8795 19.123 12C19.123 12.1205 19.1037 12.2327 19.0652 12.3365C19.0269 12.4403 18.9609 12.5391 18.8673 12.6328L12.527 18.973C12.3885 19.1115 12.217 19.1823 12.0125 19.1855C11.808 19.1887 11.6282 19.1178 11.473 18.973C11.318 18.8178 11.2405 18.6397 11.2405 18.4385C11.2405 18.2372 11.318 18.0589 11.473 17.9038L16.627 12.75Z\" fill=\"var(--t2-icon-fill, #000)\"\/><\/svg><\/a><\/div>\n<\/div>\n\n\n\t\t\t\t<\/div>\n\t\t\t<\/div>\n\t\t<\/div>\n\t\t\n\n\n<p>eManager har en brugervenlig gr\u00e6nseflade med indbygget AutoStore-operat\u00f8rassistance. Med eManager har du hele tiden produktplaceringskontrol, lagerstyring, tilpassede processer til modtagne varer, returh\u00e5ndtering, genopfyldning og plukning. Dine medarbejdere f\u00e5r grundig opl\u00e6ring i optimeret brug af eManager.<\/p>\n\n\n\n<h2 class=\"wp-block-heading\" id=\"integreres-let-med-dit-nuvaerende-wms-system\">Integreres let med dit nuv\u00e6rende WMS-system<\/h2>\n\n\n\n<p>Softwaren kan implementeres hurtigt med dit eksisterende lagerstyringssystem (WMS). Integrationen kan udf\u00f8res via vores standardindstillinger for hurtig ROI eller tilpasses af vores ekspertteam, s\u00e5 de passer til dine behov og pr\u00e6ferencer. Kombinationen af en konfigurerbar, standardiseret platform g\u00f8r det muligt for eManager at udvikle sig og fortsat opfylde kunde- og markedskrav.<\/p>\n\n\n\n\t\t<blockquote class=\"wp-block-dekode-quote\">\n\t\t\t<div class=\"wp-block-dekode-quote__icon\">\n\t\t\t\t<img loading=\"lazy\" decoding=\"async\" width=\"247\" height=\"300\" src=\"https:\/\/www.elementlogic.net\/content\/uploads\/sites\/15\/\/2024\/09\/Theresa2-247x300.jpg\" class=\"quote-image\" alt=\"Theresa\" srcset=\"https:\/\/www.elementlogic.net\/content\/uploads\/sites\/15\/2024\/09\/Theresa2-247x300.jpg 247w, https:\/\/www.elementlogic.net\/content\/uploads\/sites\/15\/2024\/09\/Theresa2-842x1024.jpg 842w, https:\/\/www.elementlogic.net\/content\/uploads\/sites\/15\/2024\/09\/Theresa2-768x934.jpg 768w, https:\/\/www.elementlogic.net\/content\/uploads\/sites\/15\/2024\/09\/Theresa2-1263x1536.jpg 1263w, https:\/\/www.elementlogic.net\/content\/uploads\/sites\/15\/2024\/09\/Theresa2.jpg 1641w\" sizes=\"(max-width: 247px) 100vw, 247px\" \/><svg xmlns=\"http:\/\/www.w3.org\/2000\/svg\" viewBox=\"0 0 24 24\" height=\"96\" width=\"96\" class=\"t2-icon t2-icon-theme_quote\" aria-hidden=\"true\" focusable=\"false\"><path d=\"M6.7808 16.5288L8.49055 13.5673C8.43289 13.5993 8.36555 13.6217 8.28855 13.6345C8.21155 13.6473 8.13464 13.6538 8.0578 13.6538C7.04114 13.6538 6.17797 13.2958 5.4683 12.5798C4.7588 11.8638 4.40405 11.0038 4.40405 10C4.40405 8.98334 4.7588 8.12017 5.4683 7.4105C6.17797 6.701 7.04114 6.34625 8.0578 6.34625C9.06164 6.34625 9.92155 6.701 10.6376 7.4105C11.3536 8.12017 11.7116 8.98334 11.7116 10C11.7116 10.3513 11.669 10.6783 11.5838 10.9808C11.4985 11.2833 11.3737 11.5718 11.2096 11.8463L8.07305 17.2788C8.00905 17.3904 7.92122 17.4808 7.80955 17.55C7.69805 17.6192 7.57305 17.6538 7.43455 17.6538C7.14739 17.6538 6.93205 17.5288 6.78855 17.2788C6.64489 17.0288 6.6423 16.7788 6.7808 16.5288ZM15.6656 16.5288L17.3751 13.5673C17.3174 13.5993 17.2501 13.6217 17.1731 13.6345C17.0962 13.6473 17.0193 13.6538 16.9423 13.6538C15.9256 13.6538 15.0626 13.2958 14.3531 12.5798C13.6434 11.8638 13.2886 11.0038 13.2886 10C13.2886 8.977 13.6434 8.11225 14.3531 7.40575C15.0626 6.69942 15.9256 6.34625 16.9423 6.34625C17.9461 6.34625 18.8061 6.701 19.5221 7.4105C20.2381 8.12017 20.5961 8.98334 20.5961 10C20.5961 10.3513 20.5535 10.6783 20.4683 10.9808C20.383 11.2833 20.2583 11.5718 20.0943 11.8463L16.9578 17.2788C16.8936 17.3904 16.8058 17.4808 16.6943 17.55C16.5828 17.6192 16.4578 17.6538 16.3193 17.6538C16.0321 17.6538 15.8167 17.5288 15.6731 17.2788C15.5296 17.0288 15.5271 16.7788 15.6656 16.5288Z\" fill=\"var(--t2-icon-fill, #000)\"\/><\/svg>\n\t\t\t<\/div>\n\t\t\t<div class=\"wp-block-dekode-quote__text\">\n\t\t\t\t<p><strong>eManager er hjernen bag AutoStore, hvilket effektiviserer det og g\u00f8r, at alle dine lagerkomponenter kommunikerer med hinanden, s\u00e5 der opn\u00e5s en optimeret arbejdsgang<\/strong>.<\/p>\n<cite>Theresa Marin Tantillo, Principal Solution Architect, Element Logic<\/cite>\n\t\t\t<\/div>\n\t\t<\/blockquote>\n\n\n<figure class=\"wp-block-image alignwide size-large\"><img loading=\"lazy\" decoding=\"async\" width=\"1024\" height=\"435\" src=\"https:\/\/www.elementlogic.net\/content\/uploads\/sites\/15\/2024\/10\/emanager-1024x435.jpg\" alt=\"\" class=\"wp-image-2204\" srcset=\"https:\/\/www.elementlogic.net\/content\/uploads\/sites\/15\/2024\/10\/emanager-1024x435.jpg 1024w, https:\/\/www.elementlogic.net\/content\/uploads\/sites\/15\/2024\/10\/emanager-300x127.jpg 300w, https:\/\/www.elementlogic.net\/content\/uploads\/sites\/15\/2024\/10\/emanager-768x326.jpg 768w, https:\/\/www.elementlogic.net\/content\/uploads\/sites\/15\/2024\/10\/emanager-1536x652.jpg 1536w, https:\/\/www.elementlogic.net\/content\/uploads\/sites\/15\/2024\/10\/emanager.jpg 1600w\" sizes=\"(max-width: 1024px) 100vw, 1024px\" \/><\/figure>\n\n\n\n<h2 class=\"wp-block-heading\" id=\"udviklet-af-den-bedste-autostore-viden\">Udviklet af den bedste AutoStore-viden<\/h2>\n\n\n\n<p>Element Logic er den originale AutoStore-partner, og for at udvikle den perfekte software til AutoStore gjorde vi brug af vores mange\u00e5rige erfaring, viden og strategiske engagement. Denne ekspertise har resulteret i software, der \u00f8ger n\u00f8jagtigheden, produktiviteten og h\u00e5ndteringen for vores kunder v\u00e6sentligt.<\/p>\n\n\n\n<p>En af eManagers betydelige styrker er evnen til at prioritere enest\u00e5ende opgaver p\u00e5 effektiv vis. Det opretter automatisk et fleksibelt og dynamisk k\u00f8system til h\u00e5ndtering af b\u00f8lgeplukning, batchplukning, returnerede og h\u00f8jfrekvente produkter og meget mere \u2013 alt efter dine behov.<\/p>\n\n\n\n<h2 class=\"wp-block-heading\" id=\"software-du-kan-regne-med\">Software, du kan regne med<\/h2>\n\n\n\n<p>eManager er udviklet til at s\u00f8rge for en langsigtet tilpasningsevne, der kan modst\u00e5 branche\u00e6ndringer. Det er stabilt, skalerbart og underst\u00f8tter mobil-, server- og skybaserede tjenester.<\/p>\n\n\n\n<p>Vores integrerede supportteam er eksperter i b\u00e5de eManager og AutoStore og st\u00e5r til r\u00e5dighed, hvis der opst\u00e5r problemer, eller hvis du har sp\u00f8rgsm\u00e5l. Supportteamet kan ogs\u00e5 give dig en m\u00e5nedlig, avanceret rapport over service- og vedligeholdelsesdiagnosticering.<\/p>\n\n\n\n\t\t<div class=\"wp-block-dekode-simple-cta\">\n\t\t\t<div class=\"dekode-simple-cta__inner\">\n\n<h2 class=\"wp-block-heading\" id=\"vil-du-laere-mere-om-hvad-emanager-og-lagerautomatisering-kan-gore-for-din-virksomhedsdrift\">Vil du l\u00e6re mere om, hvad eManager og lagerautomatisering kan g\u00f8re for din virksomhedsdrift?<\/h2>\n\n\n\n<div class=\"wp-block-buttons is-layout-flex wp-block-buttons-is-layout-flex\">\n<div class=\"wp-block-button has-icon has-icon-theme_arrow\"><a class=\"wp-block-button__link wp-element-button\" href=\"https:\/\/www.elementlogic.net\/dk\/kontakt-os\/\">Kontakt os i dag<svg xmlns=\"http:\/\/www.w3.org\/2000\/svg\" viewBox=\"0 0 24 24\" height=\"24\" width=\"24\" class=\"t2-icon t2-icon-theme_arrow\" aria-hidden=\"true\" focusable=\"false\"><path d=\"M16.627 12.75H5.25C5.03717 12.75 4.859 12.6782 4.7155 12.5345C4.57183 12.391 4.5 12.2128 4.5 12C4.5 11.7872 4.57183 11.609 4.7155 11.4655C4.859 11.3218 5.03717 11.25 5.25 11.25H16.627L11.4577 6.08076C11.3091 5.93209 11.2357 5.75809 11.2375 5.55876C11.2395 5.35942 11.318 5.18217 11.473 5.02701C11.6282 4.88217 11.8038 4.80717 12 4.80201C12.1962 4.79684 12.3718 4.87184 12.527 5.02701L18.8673 11.3673C18.9609 11.4609 19.0269 11.5597 19.0652 11.6635C19.1037 11.7673 19.123 11.8795 19.123 12C19.123 12.1205 19.1037 12.2327 19.0652 12.3365C19.0269 12.4403 18.9609 12.5391 18.8673 12.6328L12.527 18.973C12.3885 19.1115 12.217 19.1823 12.0125 19.1855C11.808 19.1887 11.6282 19.1178 11.473 18.973C11.318 18.8178 11.2405 18.6397 11.2405 18.4385C11.2405 18.2372 11.318 18.0589 11.473 17.9038L16.627 12.75Z\" fill=\"var(--t2-icon-fill, #000)\"\/><\/svg><\/a><\/div>\n<\/div>\n\n<\/div>\n\t\t<\/div>","protected":false},"excerpt":{"rendered":"<p>eManager har en brugervenlig gr\u00e6nseflade med indbygget AutoStore-operat\u00f8rassistance. Med eManager har du hele tiden produktplaceringskontrol, lagerstyring, tilpassede processer til modtagne [&hellip;]<\/p>\n","protected":false},"author":6,"featured_media":0,"parent":227,"menu_order":0,"comment_status":"closed","ping_status":"closed","template":"","meta":{"hreflang_relation":401,"_el_cross_publish_source_blog_url":"","_el_cross_publish_source_blog_id":0,"_el_cross_publish_source_post_id":0,"_el_cross_publish_sync_state":"","exclude_from_search":false,"footnotes":""},"class_list":["post-433","page","type-page","status-publish","hentry"],"yoast_head":"<!-- This site is optimized with the Yoast SEO Premium plugin v23.9 (Yoast SEO v23.9) - https:\/\/yoast.com\/wordpress\/plugins\/seo\/ -->\n<title>eManager - Element Logic Denmark<\/title>\n<meta name=\"description\" content=\"For at maksimere lagereffektiviteten, reducere driftsomkostningerne og forbedre kundetilfredsheden har vi udviklet softwaren eManager.\" \/>\n<meta name=\"robots\" content=\"index, follow, max-snippet:-1, max-image-preview:large, max-video-preview:-1\" \/>\n<link rel=\"canonical\" href=\"https:\/\/www.elementlogic.net\/dk\/losninger-og-services\/softwarebaseret-lagerautomatisering\/emanager\/\" \/>\n<meta property=\"og:locale\" content=\"da_DK\" \/>\n<meta property=\"og:type\" content=\"article\" \/>\n<meta property=\"og:title\" content=\"eManager\" \/>\n<meta property=\"og:description\" content=\"For at maksimere lagereffektiviteten, reducere driftsomkostningerne og forbedre kundetilfredsheden har vi udviklet softwaren eManager.\" \/>\n<meta property=\"og:url\" content=\"https:\/\/www.elementlogic.net\/dk\/losninger-og-services\/softwarebaseret-lagerautomatisering\/emanager\/\" \/>\n<meta property=\"og:site_name\" content=\"Element Logic Denmark\" \/>\n<meta property=\"article:modified_time\" content=\"2024-12-10T11:19:33+00:00\" \/>\n<meta property=\"og:image\" content=\"https:\/\/www.elementlogic.net\/content\/uploads\/sites\/15\/2024\/10\/emanager-1024x435.jpg\" \/>\n<meta name=\"twitter:card\" content=\"summary_large_image\" \/>\n<meta name=\"twitter:label1\" content=\"Estimeret l\u00e6setid\" \/>\n\t<meta name=\"twitter:data1\" content=\"2 minutter\" \/>\n<script type=\"application\/ld+json\" class=\"yoast-schema-graph\">{\"@context\":\"https:\/\/schema.org\",\"@graph\":[{\"@type\":\"WebPage\",\"@id\":\"https:\/\/www.elementlogic.net\/dk\/losninger-og-services\/softwarebaseret-lagerautomatisering\/emanager\/\",\"url\":\"https:\/\/www.elementlogic.net\/dk\/losninger-og-services\/softwarebaseret-lagerautomatisering\/emanager\/\",\"name\":\"eManager - Element Logic Denmark\",\"isPartOf\":{\"@id\":\"https:\/\/www.elementlogic.net\/dk\/#website\"},\"primaryImageOfPage\":{\"@id\":\"https:\/\/www.elementlogic.net\/dk\/losninger-og-services\/softwarebaseret-lagerautomatisering\/emanager\/#primaryimage\"},\"image\":{\"@id\":\"https:\/\/www.elementlogic.net\/dk\/losninger-og-services\/softwarebaseret-lagerautomatisering\/emanager\/#primaryimage\"},\"thumbnailUrl\":\"https:\/\/www.elementlogic.net\/content\/uploads\/sites\/15\/2024\/10\/emanager-1024x435.jpg\",\"datePublished\":\"2024-08-22T17:43:26+00:00\",\"dateModified\":\"2024-12-10T11:19:33+00:00\",\"description\":\"For at maksimere lagereffektiviteten, reducere driftsomkostningerne og forbedre kundetilfredsheden har vi udviklet softwaren eManager.\",\"breadcrumb\":{\"@id\":\"https:\/\/www.elementlogic.net\/dk\/losninger-og-services\/softwarebaseret-lagerautomatisering\/emanager\/#breadcrumb\"},\"inLanguage\":\"da-DK\",\"potentialAction\":[{\"@type\":\"ReadAction\",\"target\":[\"https:\/\/www.elementlogic.net\/dk\/losninger-og-services\/softwarebaseret-lagerautomatisering\/emanager\/\"]}]},{\"@type\":\"ImageObject\",\"inLanguage\":\"da-DK\",\"@id\":\"https:\/\/www.elementlogic.net\/dk\/losninger-og-services\/softwarebaseret-lagerautomatisering\/emanager\/#primaryimage\",\"url\":\"https:\/\/www.elementlogic.net\/content\/uploads\/sites\/15\/2024\/10\/emanager-1024x435.jpg\",\"contentUrl\":\"https:\/\/www.elementlogic.net\/content\/uploads\/sites\/15\/2024\/10\/emanager-1024x435.jpg\"},{\"@type\":\"BreadcrumbList\",\"@id\":\"https:\/\/www.elementlogic.net\/dk\/losninger-og-services\/softwarebaseret-lagerautomatisering\/emanager\/#breadcrumb\",\"itemListElement\":[{\"@type\":\"ListItem\",\"position\":1,\"name\":\"L\u00f8sninger og services\",\"item\":\"https:\/\/www.elementlogic.net\/dk\/losninger-og-services\/\"},{\"@type\":\"ListItem\",\"position\":2,\"name\":\"Software\",\"item\":\"https:\/\/www.elementlogic.net\/dk\/losninger-og-services\/softwarebaseret-lagerautomatisering\/\"},{\"@type\":\"ListItem\",\"position\":3,\"name\":\"eManager\"}]},{\"@type\":\"WebSite\",\"@id\":\"https:\/\/www.elementlogic.net\/dk\/#website\",\"url\":\"https:\/\/www.elementlogic.net\/dk\/\",\"name\":\"Element Logic Denmark\",\"description\":\"\",\"potentialAction\":[{\"@type\":\"SearchAction\",\"target\":{\"@type\":\"EntryPoint\",\"urlTemplate\":\"https:\/\/www.elementlogic.net\/dk\/?s={search_term_string}\"},\"query-input\":{\"@type\":\"PropertyValueSpecification\",\"valueRequired\":true,\"valueName\":\"search_term_string\"}}],\"inLanguage\":\"da-DK\"}]}<\/script>\n<!-- \/ Yoast SEO Premium plugin. -->","yoast_head_json":{"title":"eManager - Element Logic Denmark","description":"For at maksimere lagereffektiviteten, reducere driftsomkostningerne og forbedre kundetilfredsheden har vi udviklet softwaren eManager.","robots":{"index":"index","follow":"follow","max-snippet":"max-snippet:-1","max-image-preview":"max-image-preview:large","max-video-preview":"max-video-preview:-1"},"canonical":"https:\/\/www.elementlogic.net\/dk\/losninger-og-services\/softwarebaseret-lagerautomatisering\/emanager\/","og_locale":"da_DK","og_type":"article","og_title":"eManager","og_description":"For at maksimere lagereffektiviteten, reducere driftsomkostningerne og forbedre kundetilfredsheden har vi udviklet softwaren eManager.","og_url":"https:\/\/www.elementlogic.net\/dk\/losninger-og-services\/softwarebaseret-lagerautomatisering\/emanager\/","og_site_name":"Element Logic Denmark","article_modified_time":"2024-12-10T11:19:33+00:00","og_image":[{"url":"https:\/\/www.elementlogic.net\/content\/uploads\/sites\/15\/2024\/10\/emanager-1024x435.jpg"}],"twitter_card":"summary_large_image","twitter_misc":{"Estimeret l\u00e6setid":"2 minutter"},"schema":{"@context":"https:\/\/schema.org","@graph":[{"@type":"WebPage","@id":"https:\/\/www.elementlogic.net\/dk\/losninger-og-services\/softwarebaseret-lagerautomatisering\/emanager\/","url":"https:\/\/www.elementlogic.net\/dk\/losninger-og-services\/softwarebaseret-lagerautomatisering\/emanager\/","name":"eManager - Element Logic Denmark","isPartOf":{"@id":"https:\/\/www.elementlogic.net\/dk\/#website"},"primaryImageOfPage":{"@id":"https:\/\/www.elementlogic.net\/dk\/losninger-og-services\/softwarebaseret-lagerautomatisering\/emanager\/#primaryimage"},"image":{"@id":"https:\/\/www.elementlogic.net\/dk\/losninger-og-services\/softwarebaseret-lagerautomatisering\/emanager\/#primaryimage"},"thumbnailUrl":"https:\/\/www.elementlogic.net\/content\/uploads\/sites\/15\/2024\/10\/emanager-1024x435.jpg","datePublished":"2024-08-22T17:43:26+00:00","dateModified":"2024-12-10T11:19:33+00:00","description":"For at maksimere lagereffektiviteten, reducere driftsomkostningerne og forbedre kundetilfredsheden har vi udviklet softwaren eManager.","breadcrumb":{"@id":"https:\/\/www.elementlogic.net\/dk\/losninger-og-services\/softwarebaseret-lagerautomatisering\/emanager\/#breadcrumb"},"inLanguage":"da-DK","potentialAction":[{"@type":"ReadAction","target":["https:\/\/www.elementlogic.net\/dk\/losninger-og-services\/softwarebaseret-lagerautomatisering\/emanager\/"]}]},{"@type":"ImageObject","inLanguage":"da-DK","@id":"https:\/\/www.elementlogic.net\/dk\/losninger-og-services\/softwarebaseret-lagerautomatisering\/emanager\/#primaryimage","url":"https:\/\/www.elementlogic.net\/content\/uploads\/sites\/15\/2024\/10\/emanager-1024x435.jpg","contentUrl":"https:\/\/www.elementlogic.net\/content\/uploads\/sites\/15\/2024\/10\/emanager-1024x435.jpg"},{"@type":"BreadcrumbList","@id":"https:\/\/www.elementlogic.net\/dk\/losninger-og-services\/softwarebaseret-lagerautomatisering\/emanager\/#breadcrumb","itemListElement":[{"@type":"ListItem","position":1,"name":"L\u00f8sninger og services","item":"https:\/\/www.elementlogic.net\/dk\/losninger-og-services\/"},{"@type":"ListItem","position":2,"name":"Software","item":"https:\/\/www.elementlogic.net\/dk\/losninger-og-services\/softwarebaseret-lagerautomatisering\/"},{"@type":"ListItem","position":3,"name":"eManager"}]},{"@type":"WebSite","@id":"https:\/\/www.elementlogic.net\/dk\/#website","url":"https:\/\/www.elementlogic.net\/dk\/","name":"Element Logic Denmark","description":"","potentialAction":[{"@type":"SearchAction","target":{"@type":"EntryPoint","urlTemplate":"https:\/\/www.elementlogic.net\/dk\/?s={search_term_string}"},"query-input":{"@type":"PropertyValueSpecification","valueRequired":true,"valueName":"search_term_string"}}],"inLanguage":"da-DK"}]}},"_links":{"self":[{"href":"https:\/\/www.elementlogic.net\/dk\/wp-json\/wp\/v2\/pages\/433"}],"collection":[{"href":"https:\/\/www.elementlogic.net\/dk\/wp-json\/wp\/v2\/pages"}],"about":[{"href":"https:\/\/www.elementlogic.net\/dk\/wp-json\/wp\/v2\/types\/page"}],"author":[{"embeddable":true,"href":"https:\/\/www.elementlogic.net\/dk\/wp-json\/wp\/v2\/users\/6"}],"replies":[{"embeddable":true,"href":"https:\/\/www.elementlogic.net\/dk\/wp-json\/wp\/v2\/comments?post=433"}],"version-history":[{"count":5,"href":"https:\/\/www.elementlogic.net\/dk\/wp-json\/wp\/v2\/pages\/433\/revisions"}],"predecessor-version":[{"id":2637,"href":"https:\/\/www.elementlogic.net\/dk\/wp-json\/wp\/v2\/pages\/433\/revisions\/2637"}],"up":[{"embeddable":true,"href":"https:\/\/www.elementlogic.net\/dk\/wp-json\/wp\/v2\/pages\/227"}],"wp:attachment":[{"href":"https:\/\/www.elementlogic.net\/dk\/wp-json\/wp\/v2\/media?parent=433"}],"curies":[{"name":"wp","href":"https:\/\/api.w.org\/{rel}","templated":true}]}}