{"id":141,"date":"2024-09-09T21:58:29","date_gmt":"2024-09-09T19:58:29","guid":{"rendered":"https:\/\/www.elementlogic.net\/?page_id=2188"},"modified":"2024-12-17T09:49:40","modified_gmt":"2024-12-17T09:49:40","slug":"8-mitos-sobre-la-automatizacion-de-almacenes","status":"publish","type":"page","link":"https:\/\/www.elementlogic.net\/es\/whitepaper\/8-mitos-sobre-la-automatizacion-de-almacenes\/","title":{"rendered":"8 mitos sobre la automatizaci\u00f3n de almacenes"},"content":{"rendered":"\n\t\t<div style=\"--dekode-hero-dim:0.5; --t2-icon-fill:var(--wp--preset--color--white);\" class=\"alignfull dekode-hero-content-position-center has-media-background wp-block-dekode-hero has-text-color has-white-color\">\n\t\t\t<img loading=\"lazy\" decoding=\"async\" width=\"1024\" height=\"683\" src=\"https:\/\/www.elementlogic.net\/content\/uploads\/sites\/12\/\/2024\/09\/eOperator-by-Element-Logic_7229-low-1024x683.jpg\" class=\"dekode-hero__image\" alt=\"Robot de picking unitario de Element Logic integrado en el sistema AutoStore.\" style=\"--focalpoint: 22% 14%;\" srcset=\"https:\/\/www.elementlogic.net\/content\/uploads\/sites\/12\/2024\/09\/eOperator-by-Element-Logic_7229-low-1024x683.jpg 1024w, https:\/\/www.elementlogic.net\/content\/uploads\/sites\/12\/2024\/09\/eOperator-by-Element-Logic_7229-low-300x200.jpg 300w, https:\/\/www.elementlogic.net\/content\/uploads\/sites\/12\/2024\/09\/eOperator-by-Element-Logic_7229-low-768x512.jpg 768w, https:\/\/www.elementlogic.net\/content\/uploads\/sites\/12\/2024\/09\/eOperator-by-Element-Logic_7229-low-1536x1024.jpg 1536w, https:\/\/www.elementlogic.net\/content\/uploads\/sites\/12\/2024\/09\/eOperator-by-Element-Logic_7229-low-2048x1366.jpg 2048w\" sizes=\"(max-width: 1024px) 100vw, 1024px\" \/>\n\t\t\t<div class=\"dekode-hero__content\">\n\t\t\t\t<div class=\"dekode-hero__container\">\n\t\t\t\t\t\n\n<h1 class=\"wp-block-heading\" id=\"8-mitos-sobre-la-automatizacion-de-almacenes\">8 mitos sobre la automatizaci\u00f3n de almacenes<\/h1>\n\n\n\n<p>\u00bfQuieres conocer los beneficios de la automatizaci\u00f3n de almacenes para tu negocio? D\u00e9janos guiarte para distinguir qu\u00e9 hay de mito y de realidad en ella.<\/p>\n\n\n\t\t\t\t<\/div>\n\t\t\t<\/div>\n\t\t<\/div>\n\t\t\n\n\n<p>Cada vez son m\u00e1s las empresas que desean automatizar sus almacenes para ser m\u00e1s competitivas en sus mercados. Sin embargo, la automatizaci\u00f3n todav\u00eda se percibe con cierto escepticismo en los despachos.<\/p>\n\n\n\n<p>Al tratarse de una gran inversi\u00f3n, quiz\u00e1 la mayor que haya realizado nunca una empresa, resulta l\u00f3gico ser esc\u00e9ptico y temer posibles riesgos. No obstante, el escepticismo suele fundamentarse en mitos que no se sostienen, comenta Dag-Adler Blakseth, CEO de Element Logic.<\/p>\n\n\n\n<p>Por esta raz\u00f3n hemos elaborado este whitepaper, para desmontar algunos de los mitos m\u00e1s comunes sobre la automatizaci\u00f3n de almacenes. Creemos que te proporcionar\u00e1 la informaci\u00f3n que necesitas para tomar la mejor decisi\u00f3n respecto al futuro de tu almac\u00e9n.<\/p>\n\n\n\n<p><strong>Leyendo este whitepaper aprender\u00e1s, entre otras cuestiones:<\/strong><\/p>\n\n\n\n<ul class=\"wp-block-list\">\n<li>El nivel de complejidad de la automatizaci\u00f3n<\/li>\n\n\n\n<li>C\u00f3mo asegurarte de que te beneficia econ\u00f3micamente la automatizaci\u00f3n<\/li>\n\n\n\n<li>Si necesitas construir un nuevo almac\u00e9n o puedes optimizar el actual<\/li>\n\n\n\n<li>C\u00f3mo funciona AutoStore<\/li>\n\n\n\n<li>C\u00f3mo afecta la automatizaci\u00f3n a tu plantilla<\/li>\n\n\n\n<li>Para qu\u00e9 sectores es adecuada la automatizaci\u00f3n<\/li>\n<\/ul>\n\n\n\n<p>Este whitepaper es gratuito y est\u00e1 disponible en espa\u00f1ol.<\/p>\n\n\n\n<div class=\"embedded-form\"><div data-form-block-id=\"d16952dd-9cd7-ec11-a7b5-000d3abd14c0\"><\/div> <script src=\"https:\/\/mktdplp102cdn.azureedge.net\/public\/latest\/js\/form-loader.js?v=1.84.2007\"><\/script> <div id=\"d1cLY7L1TL5VXnRixabuye2aK1yqFaOkoW68z18J_NNI\"><\/div><script src=\"https:\/\/mktdplp102cdn.azureedge.net\/public\/latest\/js\/ws-tracking.js?v=1.84.2007\"><\/script><div class=\"d365-mkt-config\" style=\"display:none\" data-website-id=\"1cLY7L1TL5VXnRixabuye2aK1yqFaOkoW68z18J_NNI\" data-hostname=\"10e0669ec72c4a3192197bcd3523ed31.svc.dynamics.com\"><\/div><\/div>\n","protected":false},"excerpt":{"rendered":"<p>Cada vez son m\u00e1s las empresas que desean automatizar sus almacenes para ser m\u00e1s competitivas en sus mercados. Sin embargo, [&hellip;]<\/p>\n","protected":false},"author":3,"featured_media":0,"parent":155,"menu_order":0,"comment_status":"closed","ping_status":"closed","template":"","meta":{"hreflang_relation":2188,"_el_cross_publish_source_blog_url":"","_el_cross_publish_source_blog_id":0,"_el_cross_publish_source_post_id":0,"_el_cross_publish_sync_state":"","exclude_from_search":false,"footnotes":""},"class_list":["post-141","page","type-page","status-publish","hentry"],"yoast_head":"<!-- This site is optimized with the Yoast SEO Premium plugin v23.9 (Yoast SEO v23.9) - https:\/\/yoast.com\/wordpress\/plugins\/seo\/ -->\n<title>8 mitos sobre la automatizaci\u00f3n de almacenes - Element Logic Spain<\/title>\n<meta name=\"description\" content=\"\u00bfQuieres conocer los beneficios de la automatizaci\u00f3n de almacenes para tu negocio? D\u00e9janos guiarte para distinguir qu\u00e9 hay de mito y de realidad en ella.\" \/>\n<meta name=\"robots\" content=\"index, follow, max-snippet:-1, max-image-preview:large, max-video-preview:-1\" \/>\n<link rel=\"canonical\" href=\"https:\/\/www.elementlogic.net\/es\/whitepaper\/8-mitos-sobre-la-automatizacion-de-almacenes\/\" \/>\n<meta property=\"og:locale\" content=\"es_ES\" \/>\n<meta property=\"og:type\" content=\"article\" \/>\n<meta property=\"og:title\" content=\"8 mitos sobre la automatizaci\u00f3n de almacenes\" \/>\n<meta property=\"og:description\" content=\"\u00bfQuieres conocer los beneficios de la automatizaci\u00f3n de almacenes para tu negocio? D\u00e9janos guiarte para distinguir qu\u00e9 hay de mito y de realidad en ella.\" \/>\n<meta property=\"og:url\" content=\"https:\/\/www.elementlogic.net\/es\/whitepaper\/8-mitos-sobre-la-automatizacion-de-almacenes\/\" \/>\n<meta property=\"og:site_name\" content=\"Element Logic Spain\" \/>\n<meta property=\"article:modified_time\" content=\"2024-12-17T09:49:40+00:00\" \/>\n<meta name=\"twitter:card\" content=\"summary_large_image\" \/>\n<meta name=\"twitter:label1\" content=\"Tiempo de lectura\" \/>\n\t<meta name=\"twitter:data1\" content=\"1 minuto\" \/>\n<script type=\"application\/ld+json\" class=\"yoast-schema-graph\">{\"@context\":\"https:\/\/schema.org\",\"@graph\":[{\"@type\":\"WebPage\",\"@id\":\"https:\/\/www.elementlogic.net\/es\/whitepaper\/8-mitos-sobre-la-automatizacion-de-almacenes\/\",\"url\":\"https:\/\/www.elementlogic.net\/es\/whitepaper\/8-mitos-sobre-la-automatizacion-de-almacenes\/\",\"name\":\"8 mitos sobre la automatizaci\u00f3n de almacenes - Element Logic Spain\",\"isPartOf\":{\"@id\":\"https:\/\/www.elementlogic.net\/es\/#website\"},\"datePublished\":\"2024-09-09T19:58:29+00:00\",\"dateModified\":\"2024-12-17T09:49:40+00:00\",\"description\":\"\u00bfQuieres conocer los beneficios de la automatizaci\u00f3n de almacenes para tu negocio? D\u00e9janos guiarte para distinguir qu\u00e9 hay de mito y de realidad en ella.\",\"breadcrumb\":{\"@id\":\"https:\/\/www.elementlogic.net\/es\/whitepaper\/8-mitos-sobre-la-automatizacion-de-almacenes\/#breadcrumb\"},\"inLanguage\":\"es\",\"potentialAction\":[{\"@type\":\"ReadAction\",\"target\":[\"https:\/\/www.elementlogic.net\/es\/whitepaper\/8-mitos-sobre-la-automatizacion-de-almacenes\/\"]}]},{\"@type\":\"BreadcrumbList\",\"@id\":\"https:\/\/www.elementlogic.net\/es\/whitepaper\/8-mitos-sobre-la-automatizacion-de-almacenes\/#breadcrumb\",\"itemListElement\":[{\"@type\":\"ListItem\",\"position\":1,\"name\":\"Whitepapers\",\"item\":\"https:\/\/www.elementlogic.net\/es\/whitepaper\/\"},{\"@type\":\"ListItem\",\"position\":2,\"name\":\"8 mitos sobre la automatizaci\u00f3n de almacenes\"}]},{\"@type\":\"WebSite\",\"@id\":\"https:\/\/www.elementlogic.net\/es\/#website\",\"url\":\"https:\/\/www.elementlogic.net\/es\/\",\"name\":\"Element Logic Spain\",\"description\":\"\",\"potentialAction\":[{\"@type\":\"SearchAction\",\"target\":{\"@type\":\"EntryPoint\",\"urlTemplate\":\"https:\/\/www.elementlogic.net\/es\/?s={search_term_string}\"},\"query-input\":{\"@type\":\"PropertyValueSpecification\",\"valueRequired\":true,\"valueName\":\"search_term_string\"}}],\"inLanguage\":\"es\"}]}<\/script>\n<!-- \/ Yoast SEO Premium plugin. -->","yoast_head_json":{"title":"8 mitos sobre la automatizaci\u00f3n de almacenes - Element Logic Spain","description":"\u00bfQuieres conocer los beneficios de la automatizaci\u00f3n de almacenes para tu negocio? D\u00e9janos guiarte para distinguir qu\u00e9 hay de mito y de realidad en ella.","robots":{"index":"index","follow":"follow","max-snippet":"max-snippet:-1","max-image-preview":"max-image-preview:large","max-video-preview":"max-video-preview:-1"},"canonical":"https:\/\/www.elementlogic.net\/es\/whitepaper\/8-mitos-sobre-la-automatizacion-de-almacenes\/","og_locale":"es_ES","og_type":"article","og_title":"8 mitos sobre la automatizaci\u00f3n de almacenes","og_description":"\u00bfQuieres conocer los beneficios de la automatizaci\u00f3n de almacenes para tu negocio? D\u00e9janos guiarte para distinguir qu\u00e9 hay de mito y de realidad en ella.","og_url":"https:\/\/www.elementlogic.net\/es\/whitepaper\/8-mitos-sobre-la-automatizacion-de-almacenes\/","og_site_name":"Element Logic Spain","article_modified_time":"2024-12-17T09:49:40+00:00","twitter_card":"summary_large_image","twitter_misc":{"Tiempo de lectura":"1 minuto"},"schema":{"@context":"https:\/\/schema.org","@graph":[{"@type":"WebPage","@id":"https:\/\/www.elementlogic.net\/es\/whitepaper\/8-mitos-sobre-la-automatizacion-de-almacenes\/","url":"https:\/\/www.elementlogic.net\/es\/whitepaper\/8-mitos-sobre-la-automatizacion-de-almacenes\/","name":"8 mitos sobre la automatizaci\u00f3n de almacenes - Element Logic Spain","isPartOf":{"@id":"https:\/\/www.elementlogic.net\/es\/#website"},"datePublished":"2024-09-09T19:58:29+00:00","dateModified":"2024-12-17T09:49:40+00:00","description":"\u00bfQuieres conocer los beneficios de la automatizaci\u00f3n de almacenes para tu negocio? D\u00e9janos guiarte para distinguir qu\u00e9 hay de mito y de realidad en ella.","breadcrumb":{"@id":"https:\/\/www.elementlogic.net\/es\/whitepaper\/8-mitos-sobre-la-automatizacion-de-almacenes\/#breadcrumb"},"inLanguage":"es","potentialAction":[{"@type":"ReadAction","target":["https:\/\/www.elementlogic.net\/es\/whitepaper\/8-mitos-sobre-la-automatizacion-de-almacenes\/"]}]},{"@type":"BreadcrumbList","@id":"https:\/\/www.elementlogic.net\/es\/whitepaper\/8-mitos-sobre-la-automatizacion-de-almacenes\/#breadcrumb","itemListElement":[{"@type":"ListItem","position":1,"name":"Whitepapers","item":"https:\/\/www.elementlogic.net\/es\/whitepaper\/"},{"@type":"ListItem","position":2,"name":"8 mitos sobre la automatizaci\u00f3n de almacenes"}]},{"@type":"WebSite","@id":"https:\/\/www.elementlogic.net\/es\/#website","url":"https:\/\/www.elementlogic.net\/es\/","name":"Element Logic Spain","description":"","potentialAction":[{"@type":"SearchAction","target":{"@type":"EntryPoint","urlTemplate":"https:\/\/www.elementlogic.net\/es\/?s={search_term_string}"},"query-input":{"@type":"PropertyValueSpecification","valueRequired":true,"valueName":"search_term_string"}}],"inLanguage":"es"}]}},"_links":{"self":[{"href":"https:\/\/www.elementlogic.net\/es\/wp-json\/wp\/v2\/pages\/141"}],"collection":[{"href":"https:\/\/www.elementlogic.net\/es\/wp-json\/wp\/v2\/pages"}],"about":[{"href":"https:\/\/www.elementlogic.net\/es\/wp-json\/wp\/v2\/types\/page"}],"author":[{"embeddable":true,"href":"https:\/\/www.elementlogic.net\/es\/wp-json\/wp\/v2\/users\/3"}],"replies":[{"embeddable":true,"href":"https:\/\/www.elementlogic.net\/es\/wp-json\/wp\/v2\/comments?post=141"}],"version-history":[{"count":5,"href":"https:\/\/www.elementlogic.net\/es\/wp-json\/wp\/v2\/pages\/141\/revisions"}],"predecessor-version":[{"id":2838,"href":"https:\/\/www.elementlogic.net\/es\/wp-json\/wp\/v2\/pages\/141\/revisions\/2838"}],"up":[{"embeddable":true,"href":"https:\/\/www.elementlogic.net\/es\/wp-json\/wp\/v2\/pages\/155"}],"wp:attachment":[{"href":"https:\/\/www.elementlogic.net\/es\/wp-json\/wp\/v2\/media?parent=141"}],"curies":[{"name":"wp","href":"https:\/\/api.w.org\/{rel}","templated":true}]}}