{"id":143,"date":"2024-09-09T21:55:19","date_gmt":"2024-09-09T19:55:19","guid":{"rendered":"https:\/\/www.elementlogic.net\/?page_id=2182"},"modified":"2025-11-27T13:52:12","modified_gmt":"2025-11-27T13:52:12","slug":"tres-tendencias-emergentes-en-la-intralogistica","status":"publish","type":"page","link":"https:\/\/www.elementlogic.net\/es\/whitepaper\/tres-tendencias-emergentes-en-la-intralogistica\/","title":{"rendered":"Tres tendencias emergentes en la intralog\u00edstica"},"content":{"rendered":"\n\t\t<div style=\"--dekode-hero-dim:0.5; --t2-icon-fill:var(--wp--preset--color--white);\" class=\"alignfull dekode-hero-content-position-center has-media-background wp-block-dekode-hero\">\n\t\t\t<img loading=\"lazy\" decoding=\"async\" width=\"1024\" height=\"429\" src=\"https:\/\/www.elementlogic.net\/content\/uploads\/sites\/12\/\/2024\/09\/Wallpaper-10-scaled-1024x429.jpg\" class=\"dekode-hero__image\" alt=\"\" style=\"--focalpoint: 32% 43%;\" srcset=\"https:\/\/www.elementlogic.net\/content\/uploads\/sites\/12\/2024\/09\/Wallpaper-10-scaled-1024x429.jpg 1024w, https:\/\/www.elementlogic.net\/content\/uploads\/sites\/12\/2024\/09\/Wallpaper-10-scaled-300x126.jpg 300w, https:\/\/www.elementlogic.net\/content\/uploads\/sites\/12\/2024\/09\/Wallpaper-10-scaled-768x322.jpg 768w, https:\/\/www.elementlogic.net\/content\/uploads\/sites\/12\/2024\/09\/Wallpaper-10-scaled-1536x643.jpg 1536w, https:\/\/www.elementlogic.net\/content\/uploads\/sites\/12\/2024\/09\/Wallpaper-10-scaled-2048x858.jpg 2048w\" sizes=\"(max-width: 1024px) 100vw, 1024px\" \/>\n\t\t\t<div class=\"dekode-hero__content\">\n\t\t\t\t<div class=\"dekode-hero__container\">\n\t\t\t\t\t\n\n<h1 class=\"wp-block-heading\" id=\"tres-tendencias-emergentes-en-la-intralogistica\">Tres tendencias emergentes en la intralog\u00edstica<\/h1>\n\n\n\n<p>\u00bfSientes curiosidad por saber c\u00f3mo evolucionar\u00e1 el sector en los pr\u00f3ximos a\u00f1os? Tras 35 a\u00f1os optimizando el rendimiento de los almacenes, acumulamos la experiencia y el conocimiento necesarios para distinguir si una tendencia se impondr\u00e1 o se trata de una moda pasajera.<\/p>\n\n\n\t\t\t\t<\/div>\n\t\t\t<\/div>\n\t\t<\/div>\n\t\t\n\n\n<p>El sector de la intralog\u00edstica ha experimentado un gran crecimiento y transformaci\u00f3n en los dos \u00faltimos a\u00f1os.&nbsp;<\/p>\n\n\n\n<p>Adem\u00e1s de las nuevas tecnolog\u00edas y la innovaci\u00f3n en la distribuci\u00f3n de \u00faltima milla, tambi\u00e9n observamos que las expectativas de los clientes est\u00e1n cambiando. Estos esperan un fulfillment m\u00e1s r\u00e1pido y fiable y solicitan inmediatez en las entregas.<\/p>\n\n\n\n<p>Para seguir siendo competitivo, resulta necesario comprender las nuevas tendencias del sector.<\/p>\n\n\n\n<p>Por eso hemos elaborado este whitepaper. En \u00e9l, analizamos las tres tendencias que est\u00e1n revolucionando la intralog\u00edstica y el fulfillment. Estamos convencidos de que estas tendencias desempe\u00f1ar\u00e1n un papel clave en la evoluci\u00f3n del sector en los pr\u00f3ximos a\u00f1os.<\/p>\n\n\n\n<h3 class=\"wp-block-heading\" id=\"en-este-whitepaper-aprenderas-sobre\"><strong>En este whitepaper aprender\u00e1s sobre:<\/strong><\/h3>\n\n\n\n<ul class=\"wp-block-list\">\n<li>e-grocery y qu\u00e9 esperan los clientes en cuanto a plazos de entrega y flexibilidad.&nbsp;<\/li>\n\n\n\n<li>Centros de micro-fulfillment y formas innovadoras de acortar los plazos de entrega en la \u00faltima milla.<\/li>\n\n\n\n<li>Si la automatizaci\u00f3n como servicio (AaaS) ser\u00e1 la mejor soluci\u00f3n para automatizar los almacenes sin necesidad de realizar grandes inversiones iniciales.<\/li>\n<\/ul>\n\n\n\n<p>El whitepaper es gratuito y est\u00e1 disponible en espa\u00f1ol.<\/p>\n\n\n\n\t\t<div class=\"wp-block-dekode-dynamics-form\">\n\t\t\t<div class=\"embedded-form\">\n\t\t\t\t<div\n\t\t\t\t\tdata-form-id=\"1f3a86b0-792a-f011-8c4e-6045bdf51dec\"\n\t\t\t\t\tdata-form-api-url=\"https:\/\/public-eur.mkt.dynamics.com\/api\/v1.0\/orgs\/0d653081-4a98-4454-9ade-26f2fbe674ee\/landingpageforms\"\n\t\t\t\t\tdata-cached-form-url=\"https:\/\/assets-eur.mkt.dynamics.com\/0d653081-4a98-4454-9ade-26f2fbe674ee\/digitalassets\/forms\/1f3a86b0-792a-f011-8c4e-6045bdf51dec\"\n\t\t\t\t><\/div>\n\t\t\t<\/div>\n\t\t<\/div>","protected":false},"excerpt":{"rendered":"<p>El sector de la intralog\u00edstica ha experimentado un gran crecimiento y transformaci\u00f3n en los dos \u00faltimos a\u00f1os.&nbsp; Adem\u00e1s de las [&hellip;]<\/p>\n","protected":false},"author":3,"featured_media":0,"parent":155,"menu_order":0,"comment_status":"closed","ping_status":"closed","template":"","meta":{"hreflang_relation":2182,"_el_cross_publish_source_blog_url":"","_el_cross_publish_source_blog_id":0,"_el_cross_publish_source_post_id":0,"_el_cross_publish_sync_state":"","exclude_from_search":false,"footnotes":""},"class_list":["post-143","page","type-page","status-publish","hentry"],"yoast_head":"<!-- This site is optimized with the Yoast SEO Premium plugin v23.9 (Yoast SEO v23.9) - https:\/\/yoast.com\/wordpress\/plugins\/seo\/ -->\n<title>Tres tendencias emergentes en la intralog\u00edstica - Element Logic Spain<\/title>\n<meta name=\"description\" content=\"\u00bfSientes curiosidad por saber c\u00f3mo evolucionar\u00e1 el sector en los pr\u00f3ximos a\u00f1os?\" \/>\n<meta name=\"robots\" content=\"index, follow, max-snippet:-1, max-image-preview:large, max-video-preview:-1\" \/>\n<link rel=\"canonical\" href=\"https:\/\/www.elementlogic.net\/es\/whitepaper\/tres-tendencias-emergentes-en-la-intralogistica\/\" \/>\n<meta property=\"og:locale\" content=\"es_ES\" \/>\n<meta property=\"og:type\" content=\"article\" \/>\n<meta property=\"og:title\" content=\"Tres tendencias emergentes en la intralog\u00edstica\" \/>\n<meta property=\"og:description\" content=\"\u00bfSientes curiosidad por saber c\u00f3mo evolucionar\u00e1 el sector en los pr\u00f3ximos a\u00f1os?\" \/>\n<meta property=\"og:url\" content=\"https:\/\/www.elementlogic.net\/es\/whitepaper\/tres-tendencias-emergentes-en-la-intralogistica\/\" \/>\n<meta property=\"og:site_name\" content=\"Element Logic Spain\" \/>\n<meta property=\"article:modified_time\" content=\"2025-11-27T13:52:12+00:00\" \/>\n<meta name=\"twitter:card\" content=\"summary_large_image\" \/>\n<script type=\"application\/ld+json\" class=\"yoast-schema-graph\">{\"@context\":\"https:\/\/schema.org\",\"@graph\":[{\"@type\":\"WebPage\",\"@id\":\"https:\/\/www.elementlogic.net\/es\/whitepaper\/tres-tendencias-emergentes-en-la-intralogistica\/\",\"url\":\"https:\/\/www.elementlogic.net\/es\/whitepaper\/tres-tendencias-emergentes-en-la-intralogistica\/\",\"name\":\"Tres tendencias emergentes en la intralog\u00edstica - Element Logic Spain\",\"isPartOf\":{\"@id\":\"https:\/\/www.elementlogic.net\/es\/#website\"},\"datePublished\":\"2024-09-09T19:55:19+00:00\",\"dateModified\":\"2025-11-27T13:52:12+00:00\",\"description\":\"\u00bfSientes curiosidad por saber c\u00f3mo evolucionar\u00e1 el sector en los pr\u00f3ximos a\u00f1os?\",\"breadcrumb\":{\"@id\":\"https:\/\/www.elementlogic.net\/es\/whitepaper\/tres-tendencias-emergentes-en-la-intralogistica\/#breadcrumb\"},\"inLanguage\":\"es\",\"potentialAction\":[{\"@type\":\"ReadAction\",\"target\":[\"https:\/\/www.elementlogic.net\/es\/whitepaper\/tres-tendencias-emergentes-en-la-intralogistica\/\"]}]},{\"@type\":\"BreadcrumbList\",\"@id\":\"https:\/\/www.elementlogic.net\/es\/whitepaper\/tres-tendencias-emergentes-en-la-intralogistica\/#breadcrumb\",\"itemListElement\":[{\"@type\":\"ListItem\",\"position\":1,\"name\":\"Whitepapers\",\"item\":\"https:\/\/www.elementlogic.net\/es\/whitepaper\/\"},{\"@type\":\"ListItem\",\"position\":2,\"name\":\"Tres tendencias emergentes en la intralog\u00edstica\"}]},{\"@type\":\"WebSite\",\"@id\":\"https:\/\/www.elementlogic.net\/es\/#website\",\"url\":\"https:\/\/www.elementlogic.net\/es\/\",\"name\":\"Element Logic Spain\",\"description\":\"\",\"potentialAction\":[{\"@type\":\"SearchAction\",\"target\":{\"@type\":\"EntryPoint\",\"urlTemplate\":\"https:\/\/www.elementlogic.net\/es\/?s={search_term_string}\"},\"query-input\":{\"@type\":\"PropertyValueSpecification\",\"valueRequired\":true,\"valueName\":\"search_term_string\"}}],\"inLanguage\":\"es\"}]}<\/script>\n<!-- \/ Yoast SEO Premium plugin. -->","yoast_head_json":{"title":"Tres tendencias emergentes en la intralog\u00edstica - Element Logic Spain","description":"\u00bfSientes curiosidad por saber c\u00f3mo evolucionar\u00e1 el sector en los pr\u00f3ximos a\u00f1os?","robots":{"index":"index","follow":"follow","max-snippet":"max-snippet:-1","max-image-preview":"max-image-preview:large","max-video-preview":"max-video-preview:-1"},"canonical":"https:\/\/www.elementlogic.net\/es\/whitepaper\/tres-tendencias-emergentes-en-la-intralogistica\/","og_locale":"es_ES","og_type":"article","og_title":"Tres tendencias emergentes en la intralog\u00edstica","og_description":"\u00bfSientes curiosidad por saber c\u00f3mo evolucionar\u00e1 el sector en los pr\u00f3ximos a\u00f1os?","og_url":"https:\/\/www.elementlogic.net\/es\/whitepaper\/tres-tendencias-emergentes-en-la-intralogistica\/","og_site_name":"Element Logic Spain","article_modified_time":"2025-11-27T13:52:12+00:00","twitter_card":"summary_large_image","schema":{"@context":"https:\/\/schema.org","@graph":[{"@type":"WebPage","@id":"https:\/\/www.elementlogic.net\/es\/whitepaper\/tres-tendencias-emergentes-en-la-intralogistica\/","url":"https:\/\/www.elementlogic.net\/es\/whitepaper\/tres-tendencias-emergentes-en-la-intralogistica\/","name":"Tres tendencias emergentes en la intralog\u00edstica - Element Logic Spain","isPartOf":{"@id":"https:\/\/www.elementlogic.net\/es\/#website"},"datePublished":"2024-09-09T19:55:19+00:00","dateModified":"2025-11-27T13:52:12+00:00","description":"\u00bfSientes curiosidad por saber c\u00f3mo evolucionar\u00e1 el sector en los pr\u00f3ximos a\u00f1os?","breadcrumb":{"@id":"https:\/\/www.elementlogic.net\/es\/whitepaper\/tres-tendencias-emergentes-en-la-intralogistica\/#breadcrumb"},"inLanguage":"es","potentialAction":[{"@type":"ReadAction","target":["https:\/\/www.elementlogic.net\/es\/whitepaper\/tres-tendencias-emergentes-en-la-intralogistica\/"]}]},{"@type":"BreadcrumbList","@id":"https:\/\/www.elementlogic.net\/es\/whitepaper\/tres-tendencias-emergentes-en-la-intralogistica\/#breadcrumb","itemListElement":[{"@type":"ListItem","position":1,"name":"Whitepapers","item":"https:\/\/www.elementlogic.net\/es\/whitepaper\/"},{"@type":"ListItem","position":2,"name":"Tres tendencias emergentes en la intralog\u00edstica"}]},{"@type":"WebSite","@id":"https:\/\/www.elementlogic.net\/es\/#website","url":"https:\/\/www.elementlogic.net\/es\/","name":"Element Logic Spain","description":"","potentialAction":[{"@type":"SearchAction","target":{"@type":"EntryPoint","urlTemplate":"https:\/\/www.elementlogic.net\/es\/?s={search_term_string}"},"query-input":{"@type":"PropertyValueSpecification","valueRequired":true,"valueName":"search_term_string"}}],"inLanguage":"es"}]}},"_links":{"self":[{"href":"https:\/\/www.elementlogic.net\/es\/wp-json\/wp\/v2\/pages\/143"}],"collection":[{"href":"https:\/\/www.elementlogic.net\/es\/wp-json\/wp\/v2\/pages"}],"about":[{"href":"https:\/\/www.elementlogic.net\/es\/wp-json\/wp\/v2\/types\/page"}],"author":[{"embeddable":true,"href":"https:\/\/www.elementlogic.net\/es\/wp-json\/wp\/v2\/users\/3"}],"replies":[{"embeddable":true,"href":"https:\/\/www.elementlogic.net\/es\/wp-json\/wp\/v2\/comments?post=143"}],"version-history":[{"count":5,"href":"https:\/\/www.elementlogic.net\/es\/wp-json\/wp\/v2\/pages\/143\/revisions"}],"predecessor-version":[{"id":3692,"href":"https:\/\/www.elementlogic.net\/es\/wp-json\/wp\/v2\/pages\/143\/revisions\/3692"}],"up":[{"embeddable":true,"href":"https:\/\/www.elementlogic.net\/es\/wp-json\/wp\/v2\/pages\/155"}],"wp:attachment":[{"href":"https:\/\/www.elementlogic.net\/es\/wp-json\/wp\/v2\/media?parent=143"}],"curies":[{"name":"wp","href":"https:\/\/api.w.org\/{rel}","templated":true}]}}