{"id":146,"date":"2024-09-09T21:50:17","date_gmt":"2024-09-09T19:50:17","guid":{"rendered":"https:\/\/www.elementlogic.net\/?page_id=2178"},"modified":"2025-11-27T13:51:37","modified_gmt":"2025-11-27T13:51:37","slug":"calcula-tu-roi-con-element-logic","status":"publish","type":"page","link":"https:\/\/www.elementlogic.net\/es\/whitepaper\/calcula-tu-roi-con-element-logic\/","title":{"rendered":"Calcula tu ROI con Element Logic"},"content":{"rendered":"\n\t\t<div style=\"--dekode-hero-dim:0.5; --t2-icon-fill:var(--wp--preset--color--white);\" class=\"alignfull dekode-hero-content-position-center has-media-background wp-block-dekode-hero has-text-color has-white-color\">\n\t\t\t<img loading=\"lazy\" decoding=\"async\" width=\"1024\" height=\"683\" src=\"https:\/\/www.elementlogic.net\/content\/uploads\/sites\/12\/\/2024\/09\/Element-Logic-cooperation-28168118-1024x683.jpg\" class=\"dekode-hero__image\" alt=\"Dos hombres hablando\" style=\"--focalpoint: 47% 36%;\" srcset=\"https:\/\/www.elementlogic.net\/content\/uploads\/sites\/12\/2024\/09\/Element-Logic-cooperation-28168118-1024x683.jpg 1024w, https:\/\/www.elementlogic.net\/content\/uploads\/sites\/12\/2024\/09\/Element-Logic-cooperation-28168118-300x200.jpg 300w, https:\/\/www.elementlogic.net\/content\/uploads\/sites\/12\/2024\/09\/Element-Logic-cooperation-28168118-768x512.jpg 768w, https:\/\/www.elementlogic.net\/content\/uploads\/sites\/12\/2024\/09\/Element-Logic-cooperation-28168118.jpg 1080w\" sizes=\"(max-width: 1024px) 100vw, 1024px\" \/>\n\t\t\t<div class=\"dekode-hero__content\">\n\t\t\t\t<div class=\"dekode-hero__container\">\n\t\t\t\t\t\n\n<h1 class=\"wp-block-heading\" id=\"calcula-tu-roi-con-element-logic\">Calcula tu ROI con Element Logic<\/h1>\n\n\n\n<p>La automatizaci\u00f3n del almac\u00e9n ofrece numerosas ventajas. Te permite ahorrar espacio, aumentar la satisfacci\u00f3n de tus clientes y mejorar las condiciones laborales de los trabajadores. Pero, \u00bfqu\u00e9 beneficios econ\u00f3micos concretos puedes lograr?<\/p>\n\n\n\t\t\t\t<\/div>\n\t\t\t<\/div>\n\t\t<\/div>\n\t\t\n\n\n<p>Nuestro equipo de expertos te ayudar\u00e1 a calcular el ROI o retorno de la inversi\u00f3n. En este whitepaper, compartimos nuestro conocimiento y experiencia a la hora de identificar los beneficios econ\u00f3micos que puedes lograr al automatizar tu almac\u00e9n, tanto ahora como en los pr\u00f3ximos a\u00f1os.<\/p>\n\n\n\n<p>Si bien algunas cifras son f\u00e1ciles de calcular, a otras es dif\u00edcil atribuirles un precio exacto.<\/p>\n\n\n\n<p>Desc\u00e1rgate este whitepaper y descubre c\u00f3mo puedes recuperar la inversi\u00f3n y crecer gracias a la automatizaci\u00f3n del almac\u00e9n.<\/p>\n\n\n\n<h3 class=\"wp-block-heading\" id=\"h-con-este-whitepaper-descubriras\"><strong>Con este whitepaper, descubrir\u00e1s:<\/strong><\/h3>\n\n\n\n<ul class=\"wp-block-list\">\n<li>C\u00f3mo Element Logic calcula el ROI y realiza un an\u00e1lisis de rentabilidad<\/li>\n\n\n\n<li>Los beneficios econ\u00f3micos de la automatizaci\u00f3n del almac\u00e9n<\/li>\n\n\n\n<li>Cifras y valores blandos que influyen en el ROI<\/li>\n\n\n\n<li>El ROI medio a trav\u00e9s de la automatizaci\u00f3n con Element Logic<\/li>\n\n\n\n<li>Caso de \u00e9xito de un cliente que logr\u00f3 alcanzar el ROI en tiempo r\u00e9cord<\/li>\n<\/ul>\n\n\n\n<p>El whitepaper es gratuito y est\u00e1 disponible en espa\u00f1ol.<\/p>\n\n\n\n\t\t<div class=\"wp-block-dekode-dynamics-form\">\n\t\t\t<div class=\"embedded-form\">\n\t\t\t\t<div\n\t\t\t\t\tdata-form-id=\"1f3a86b0-792a-f011-8c4e-6045bdf51dec\"\n\t\t\t\t\tdata-form-api-url=\"https:\/\/public-eur.mkt.dynamics.com\/api\/v1.0\/orgs\/0d653081-4a98-4454-9ade-26f2fbe674ee\/landingpageforms\"\n\t\t\t\t\tdata-cached-form-url=\"https:\/\/assets-eur.mkt.dynamics.com\/0d653081-4a98-4454-9ade-26f2fbe674ee\/digitalassets\/forms\/1f3a86b0-792a-f011-8c4e-6045bdf51dec\"\n\t\t\t\t><\/div>\n\t\t\t<\/div>\n\t\t<\/div>","protected":false},"excerpt":{"rendered":"<p>Nuestro equipo de expertos te ayudar\u00e1 a calcular el ROI o retorno de la inversi\u00f3n. En este whitepaper, compartimos nuestro [&hellip;]<\/p>\n","protected":false},"author":3,"featured_media":0,"parent":155,"menu_order":0,"comment_status":"closed","ping_status":"closed","template":"","meta":{"hreflang_relation":2178,"_el_cross_publish_source_blog_url":"","_el_cross_publish_source_blog_id":0,"_el_cross_publish_source_post_id":0,"_el_cross_publish_sync_state":"","exclude_from_search":false,"footnotes":""},"class_list":["post-146","page","type-page","status-publish","hentry"],"yoast_head":"<!-- This site is optimized with the Yoast SEO Premium plugin v23.9 (Yoast SEO v23.9) - https:\/\/yoast.com\/wordpress\/plugins\/seo\/ -->\n<title>Calcula tu ROI con Element Logic<\/title>\n<meta name=\"description\" content=\"Nuestro equipo de expertos te ayudar\u00e1 a calcular el ROI o retorno de la inversi\u00f3n.\" \/>\n<meta name=\"robots\" content=\"index, follow, max-snippet:-1, max-image-preview:large, max-video-preview:-1\" \/>\n<link rel=\"canonical\" href=\"https:\/\/www.elementlogic.net\/es\/whitepaper\/calcula-tu-roi-con-element-logic\/\" \/>\n<meta property=\"og:locale\" content=\"es_ES\" \/>\n<meta property=\"og:type\" content=\"article\" \/>\n<meta property=\"og:title\" content=\"Calcula tu ROI con Element Logic\" \/>\n<meta property=\"og:description\" content=\"Nuestro equipo de expertos te ayudar\u00e1 a calcular el ROI o retorno de la inversi\u00f3n.\" \/>\n<meta property=\"og:url\" content=\"https:\/\/www.elementlogic.net\/es\/whitepaper\/calcula-tu-roi-con-element-logic\/\" \/>\n<meta property=\"og:site_name\" content=\"Element Logic Spain\" \/>\n<meta property=\"article:modified_time\" content=\"2025-11-27T13:51:37+00:00\" \/>\n<meta name=\"twitter:card\" content=\"summary_large_image\" \/>\n<meta name=\"twitter:label1\" content=\"Tiempo de lectura\" \/>\n\t<meta name=\"twitter:data1\" content=\"1 minuto\" \/>\n<script type=\"application\/ld+json\" class=\"yoast-schema-graph\">{\"@context\":\"https:\/\/schema.org\",\"@graph\":[{\"@type\":\"WebPage\",\"@id\":\"https:\/\/www.elementlogic.net\/es\/whitepaper\/calcula-tu-roi-con-element-logic\/\",\"url\":\"https:\/\/www.elementlogic.net\/es\/whitepaper\/calcula-tu-roi-con-element-logic\/\",\"name\":\"Calcula tu ROI con Element Logic\",\"isPartOf\":{\"@id\":\"https:\/\/www.elementlogic.net\/es\/#website\"},\"datePublished\":\"2024-09-09T19:50:17+00:00\",\"dateModified\":\"2025-11-27T13:51:37+00:00\",\"description\":\"Nuestro equipo de expertos te ayudar\u00e1 a calcular el ROI o retorno de la inversi\u00f3n.\",\"breadcrumb\":{\"@id\":\"https:\/\/www.elementlogic.net\/es\/whitepaper\/calcula-tu-roi-con-element-logic\/#breadcrumb\"},\"inLanguage\":\"es\",\"potentialAction\":[{\"@type\":\"ReadAction\",\"target\":[\"https:\/\/www.elementlogic.net\/es\/whitepaper\/calcula-tu-roi-con-element-logic\/\"]}]},{\"@type\":\"BreadcrumbList\",\"@id\":\"https:\/\/www.elementlogic.net\/es\/whitepaper\/calcula-tu-roi-con-element-logic\/#breadcrumb\",\"itemListElement\":[{\"@type\":\"ListItem\",\"position\":1,\"name\":\"Whitepapers\",\"item\":\"https:\/\/www.elementlogic.net\/es\/whitepaper\/\"},{\"@type\":\"ListItem\",\"position\":2,\"name\":\"Calcula tu ROI con Element Logic\"}]},{\"@type\":\"WebSite\",\"@id\":\"https:\/\/www.elementlogic.net\/es\/#website\",\"url\":\"https:\/\/www.elementlogic.net\/es\/\",\"name\":\"Element Logic Spain\",\"description\":\"\",\"potentialAction\":[{\"@type\":\"SearchAction\",\"target\":{\"@type\":\"EntryPoint\",\"urlTemplate\":\"https:\/\/www.elementlogic.net\/es\/?s={search_term_string}\"},\"query-input\":{\"@type\":\"PropertyValueSpecification\",\"valueRequired\":true,\"valueName\":\"search_term_string\"}}],\"inLanguage\":\"es\"}]}<\/script>\n<!-- \/ Yoast SEO Premium plugin. -->","yoast_head_json":{"title":"Calcula tu ROI con Element Logic","description":"Nuestro equipo de expertos te ayudar\u00e1 a calcular el ROI o retorno de la inversi\u00f3n.","robots":{"index":"index","follow":"follow","max-snippet":"max-snippet:-1","max-image-preview":"max-image-preview:large","max-video-preview":"max-video-preview:-1"},"canonical":"https:\/\/www.elementlogic.net\/es\/whitepaper\/calcula-tu-roi-con-element-logic\/","og_locale":"es_ES","og_type":"article","og_title":"Calcula tu ROI con Element Logic","og_description":"Nuestro equipo de expertos te ayudar\u00e1 a calcular el ROI o retorno de la inversi\u00f3n.","og_url":"https:\/\/www.elementlogic.net\/es\/whitepaper\/calcula-tu-roi-con-element-logic\/","og_site_name":"Element Logic Spain","article_modified_time":"2025-11-27T13:51:37+00:00","twitter_card":"summary_large_image","twitter_misc":{"Tiempo de lectura":"1 minuto"},"schema":{"@context":"https:\/\/schema.org","@graph":[{"@type":"WebPage","@id":"https:\/\/www.elementlogic.net\/es\/whitepaper\/calcula-tu-roi-con-element-logic\/","url":"https:\/\/www.elementlogic.net\/es\/whitepaper\/calcula-tu-roi-con-element-logic\/","name":"Calcula tu ROI con Element Logic","isPartOf":{"@id":"https:\/\/www.elementlogic.net\/es\/#website"},"datePublished":"2024-09-09T19:50:17+00:00","dateModified":"2025-11-27T13:51:37+00:00","description":"Nuestro equipo de expertos te ayudar\u00e1 a calcular el ROI o retorno de la inversi\u00f3n.","breadcrumb":{"@id":"https:\/\/www.elementlogic.net\/es\/whitepaper\/calcula-tu-roi-con-element-logic\/#breadcrumb"},"inLanguage":"es","potentialAction":[{"@type":"ReadAction","target":["https:\/\/www.elementlogic.net\/es\/whitepaper\/calcula-tu-roi-con-element-logic\/"]}]},{"@type":"BreadcrumbList","@id":"https:\/\/www.elementlogic.net\/es\/whitepaper\/calcula-tu-roi-con-element-logic\/#breadcrumb","itemListElement":[{"@type":"ListItem","position":1,"name":"Whitepapers","item":"https:\/\/www.elementlogic.net\/es\/whitepaper\/"},{"@type":"ListItem","position":2,"name":"Calcula tu ROI con Element Logic"}]},{"@type":"WebSite","@id":"https:\/\/www.elementlogic.net\/es\/#website","url":"https:\/\/www.elementlogic.net\/es\/","name":"Element Logic Spain","description":"","potentialAction":[{"@type":"SearchAction","target":{"@type":"EntryPoint","urlTemplate":"https:\/\/www.elementlogic.net\/es\/?s={search_term_string}"},"query-input":{"@type":"PropertyValueSpecification","valueRequired":true,"valueName":"search_term_string"}}],"inLanguage":"es"}]}},"_links":{"self":[{"href":"https:\/\/www.elementlogic.net\/es\/wp-json\/wp\/v2\/pages\/146"}],"collection":[{"href":"https:\/\/www.elementlogic.net\/es\/wp-json\/wp\/v2\/pages"}],"about":[{"href":"https:\/\/www.elementlogic.net\/es\/wp-json\/wp\/v2\/types\/page"}],"author":[{"embeddable":true,"href":"https:\/\/www.elementlogic.net\/es\/wp-json\/wp\/v2\/users\/3"}],"replies":[{"embeddable":true,"href":"https:\/\/www.elementlogic.net\/es\/wp-json\/wp\/v2\/comments?post=146"}],"version-history":[{"count":5,"href":"https:\/\/www.elementlogic.net\/es\/wp-json\/wp\/v2\/pages\/146\/revisions"}],"predecessor-version":[{"id":3691,"href":"https:\/\/www.elementlogic.net\/es\/wp-json\/wp\/v2\/pages\/146\/revisions\/3691"}],"up":[{"embeddable":true,"href":"https:\/\/www.elementlogic.net\/es\/wp-json\/wp\/v2\/pages\/155"}],"wp:attachment":[{"href":"https:\/\/www.elementlogic.net\/es\/wp-json\/wp\/v2\/media?parent=146"}],"curies":[{"name":"wp","href":"https:\/\/api.w.org\/{rel}","templated":true}]}}