{"id":150,"date":"2024-09-09T21:40:43","date_gmt":"2024-09-09T19:40:43","guid":{"rendered":"https:\/\/www.elementlogic.net\/?page_id=2164"},"modified":"2025-11-27T13:50:34","modified_gmt":"2025-11-27T13:50:34","slug":"aprovecha-todo-el-potencial-de-tu-almacen-con-inteligencia-artificial","status":"publish","type":"page","link":"https:\/\/www.elementlogic.net\/es\/whitepaper\/aprovecha-todo-el-potencial-de-tu-almacen-con-inteligencia-artificial\/","title":{"rendered":"Aprovecha todo el potencial de tu almac\u00e9n con inteligencia artificial"},"content":{"rendered":"\n\t\t<div style=\"--dekode-hero-dim:0.5; --t2-icon-fill:var(--wp--preset--color--white);\" class=\"alignfull dekode-hero-content-position-center has-media-background wp-block-dekode-hero\">\n\t\t\t<img loading=\"lazy\" decoding=\"async\" width=\"600\" height=\"400\" src=\"https:\/\/www.elementlogic.net\/content\/uploads\/sites\/12\/\/2024\/09\/image-11.png\" class=\"dekode-hero__image\" alt=\"\" style=\"--focalpoint: 54% 27%;\" srcset=\"https:\/\/www.elementlogic.net\/content\/uploads\/sites\/12\/2024\/09\/image-11.png 600w, https:\/\/www.elementlogic.net\/content\/uploads\/sites\/12\/2024\/09\/image-11-300x200.png 300w\" sizes=\"(max-width: 600px) 100vw, 600px\" \/>\n\t\t\t<div class=\"dekode-hero__content\">\n\t\t\t\t<div class=\"dekode-hero__container\">\n\t\t\t\t\t\n\n<h1 class=\"wp-block-heading\" id=\"aprovecha-todo-el-potencial-de-tu-almacen-con-inteligencia-artificial\">Aprovecha todo el potencial de tu almac\u00e9n con inteligencia artificial<\/h1>\n\n\n\n<p>En este whitepaper, analizamos las claves del \u00e9xito de los flujos de trabajo automatizados y c\u00f3mo humanos y robots pueden trabajar de forma conjunta para aumentar la productividad de tu almac\u00e9n y lograr un mayor crecimiento.<\/p>\n\n\n\t\t\t\t<\/div>\n\t\t\t<\/div>\n\t\t<\/div>\n\t\t\n\n\n<p>En un entorno econ\u00f3mico incierto como el actual, marcado por los \u00faltimos coletazos de la pandemia, la Guerra de Ucrania, disrupciones en la cadena de suministro, el encarecimiento de la energ\u00eda y materias primas o la inflaci\u00f3n, la necesidad de soluciones de almacenamiento flexibles y ampliables es m\u00e1s acuciante que nunca.<\/p>\n\n\n\n<p>Desc\u00e1rgate nuestro whitepaper y comprueba c\u00f3mo la automatizaci\u00f3n y la rob\u00f3tica pueden maximizar el potencial y mejorar la eficiencia de tu almac\u00e9n gracias a la inteligencia artificial (IA). Descubrir\u00e1s c\u00f3mo las sinergias entre robots y humanos generan una experiencia excepcional para el cliente, fomentando la confianza y favoreciendo las recomendaciones positivas.<\/p>\n\n\n\n<p>El whitepaper incluye tambi\u00e9n ejemplos reales y opiniones de expertos del sector.<\/p>\n\n\n\n<h3 class=\"wp-block-heading\" id=\"h-en-este-whitepaper-analizamos-cuestiones-como\"><strong>En este whitepaper, analizamos cuestiones como:<\/strong><\/h3>\n\n\n\n<ul class=\"wp-block-list\">\n<li>Por qu\u00e9 los robots nunca podr\u00e1n reemplazar a los humanos<\/li>\n\n\n\n<li>C\u00f3mo contribuye la automatizaci\u00f3n del almac\u00e9n a reducir la rotaci\u00f3n de personal<\/li>\n\n\n\n<li>Ventajas de trabajar en un almac\u00e9n automatizado para los operarios<\/li>\n\n\n\n<li>C\u00f3mo funciona realmente un almac\u00e9n automatizado<\/li>\n\n\n\n<li>C\u00f3mo aprovechar todo el potencial del almac\u00e9n con el software adecuado<\/li>\n\n\n\n<li>El futuro de la automatizaci\u00f3n de almacenes<\/li>\n\n\n\n<li>Ejemplos de otros sectores que han implantado robots con \u00e9xito<\/li>\n<\/ul>\n\n\n\n<p>Este whitepaper es gratuito y est\u00e1 disponible en espa\u00f1ol.<\/p>\n\n\n\n\t\t<div class=\"wp-block-dekode-dynamics-form\">\n\t\t\t<div class=\"embedded-form\">\n\t\t\t\t<div\n\t\t\t\t\tdata-form-id=\"1f3a86b0-792a-f011-8c4e-6045bdf51dec\"\n\t\t\t\t\tdata-form-api-url=\"https:\/\/public-eur.mkt.dynamics.com\/api\/v1.0\/orgs\/0d653081-4a98-4454-9ade-26f2fbe674ee\/landingpageforms\"\n\t\t\t\t\tdata-cached-form-url=\"https:\/\/assets-eur.mkt.dynamics.com\/0d653081-4a98-4454-9ade-26f2fbe674ee\/digitalassets\/forms\/1f3a86b0-792a-f011-8c4e-6045bdf51dec\"\n\t\t\t\t><\/div>\n\t\t\t<\/div>\n\t\t<\/div>","protected":false},"excerpt":{"rendered":"<p>En un entorno econ\u00f3mico incierto como el actual, marcado por los \u00faltimos coletazos de la pandemia, la Guerra de Ucrania, [&hellip;]<\/p>\n","protected":false},"author":3,"featured_media":0,"parent":155,"menu_order":0,"comment_status":"closed","ping_status":"closed","template":"","meta":{"hreflang_relation":0,"_el_cross_publish_source_blog_url":"","_el_cross_publish_source_blog_id":0,"_el_cross_publish_source_post_id":0,"_el_cross_publish_sync_state":"","exclude_from_search":false,"footnotes":""},"class_list":["post-150","page","type-page","status-publish","hentry"],"yoast_head":"<!-- This site is optimized with the Yoast SEO Premium plugin v23.9 (Yoast SEO v23.9) - https:\/\/yoast.com\/wordpress\/plugins\/seo\/ -->\n<title>Aprovecha todo el potencial de tu almac\u00e9n con inteligencia artificial<\/title>\n<meta name=\"description\" content=\"En este whitepaper, analizamos las claves del \u00e9xito de los flujos de trabajo automatizados y c\u00f3mo humanos y robots pueden trabajar de forma conjunta para aumentar la productividad de tu almac\u00e9n y lograr un mayor crecimiento.\" \/>\n<meta name=\"robots\" content=\"index, follow, max-snippet:-1, max-image-preview:large, max-video-preview:-1\" \/>\n<link rel=\"canonical\" href=\"https:\/\/www.elementlogic.net\/es\/whitepaper\/aprovecha-todo-el-potencial-de-tu-almacen-con-inteligencia-artificial\/\" \/>\n<meta property=\"og:locale\" content=\"es_ES\" \/>\n<meta property=\"og:type\" content=\"article\" \/>\n<meta property=\"og:title\" content=\"Aprovecha todo el potencial de tu almac\u00e9n con inteligencia artificial\" \/>\n<meta property=\"og:description\" content=\"En este whitepaper, analizamos las claves del \u00e9xito de los flujos de trabajo automatizados y c\u00f3mo humanos y robots pueden trabajar de forma conjunta para aumentar la productividad de tu almac\u00e9n y lograr un mayor crecimiento.\" \/>\n<meta property=\"og:url\" content=\"https:\/\/www.elementlogic.net\/es\/whitepaper\/aprovecha-todo-el-potencial-de-tu-almacen-con-inteligencia-artificial\/\" \/>\n<meta property=\"og:site_name\" content=\"Element Logic Spain\" \/>\n<meta property=\"article:modified_time\" content=\"2025-11-27T13:50:34+00:00\" \/>\n<meta name=\"twitter:card\" content=\"summary_large_image\" \/>\n<meta name=\"twitter:label1\" content=\"Tiempo de lectura\" \/>\n\t<meta name=\"twitter:data1\" content=\"2 minutos\" \/>\n<script type=\"application\/ld+json\" class=\"yoast-schema-graph\">{\"@context\":\"https:\/\/schema.org\",\"@graph\":[{\"@type\":\"WebPage\",\"@id\":\"https:\/\/www.elementlogic.net\/es\/whitepaper\/aprovecha-todo-el-potencial-de-tu-almacen-con-inteligencia-artificial\/\",\"url\":\"https:\/\/www.elementlogic.net\/es\/whitepaper\/aprovecha-todo-el-potencial-de-tu-almacen-con-inteligencia-artificial\/\",\"name\":\"Aprovecha todo el potencial de tu almac\u00e9n con inteligencia artificial\",\"isPartOf\":{\"@id\":\"https:\/\/www.elementlogic.net\/es\/#website\"},\"datePublished\":\"2024-09-09T19:40:43+00:00\",\"dateModified\":\"2025-11-27T13:50:34+00:00\",\"description\":\"En este whitepaper, analizamos las claves del \u00e9xito de los flujos de trabajo automatizados y c\u00f3mo humanos y robots pueden trabajar de forma conjunta para aumentar la productividad de tu almac\u00e9n y lograr un mayor crecimiento.\",\"breadcrumb\":{\"@id\":\"https:\/\/www.elementlogic.net\/es\/whitepaper\/aprovecha-todo-el-potencial-de-tu-almacen-con-inteligencia-artificial\/#breadcrumb\"},\"inLanguage\":\"es\",\"potentialAction\":[{\"@type\":\"ReadAction\",\"target\":[\"https:\/\/www.elementlogic.net\/es\/whitepaper\/aprovecha-todo-el-potencial-de-tu-almacen-con-inteligencia-artificial\/\"]}]},{\"@type\":\"BreadcrumbList\",\"@id\":\"https:\/\/www.elementlogic.net\/es\/whitepaper\/aprovecha-todo-el-potencial-de-tu-almacen-con-inteligencia-artificial\/#breadcrumb\",\"itemListElement\":[{\"@type\":\"ListItem\",\"position\":1,\"name\":\"Whitepapers\",\"item\":\"https:\/\/www.elementlogic.net\/es\/whitepaper\/\"},{\"@type\":\"ListItem\",\"position\":2,\"name\":\"Aprovecha todo el potencial de tu almac\u00e9n con inteligencia artificial\"}]},{\"@type\":\"WebSite\",\"@id\":\"https:\/\/www.elementlogic.net\/es\/#website\",\"url\":\"https:\/\/www.elementlogic.net\/es\/\",\"name\":\"Element Logic Spain\",\"description\":\"\",\"potentialAction\":[{\"@type\":\"SearchAction\",\"target\":{\"@type\":\"EntryPoint\",\"urlTemplate\":\"https:\/\/www.elementlogic.net\/es\/?s={search_term_string}\"},\"query-input\":{\"@type\":\"PropertyValueSpecification\",\"valueRequired\":true,\"valueName\":\"search_term_string\"}}],\"inLanguage\":\"es\"}]}<\/script>\n<!-- \/ Yoast SEO Premium plugin. -->","yoast_head_json":{"title":"Aprovecha todo el potencial de tu almac\u00e9n con inteligencia artificial","description":"En este whitepaper, analizamos las claves del \u00e9xito de los flujos de trabajo automatizados y c\u00f3mo humanos y robots pueden trabajar de forma conjunta para aumentar la productividad de tu almac\u00e9n y lograr un mayor crecimiento.","robots":{"index":"index","follow":"follow","max-snippet":"max-snippet:-1","max-image-preview":"max-image-preview:large","max-video-preview":"max-video-preview:-1"},"canonical":"https:\/\/www.elementlogic.net\/es\/whitepaper\/aprovecha-todo-el-potencial-de-tu-almacen-con-inteligencia-artificial\/","og_locale":"es_ES","og_type":"article","og_title":"Aprovecha todo el potencial de tu almac\u00e9n con inteligencia artificial","og_description":"En este whitepaper, analizamos las claves del \u00e9xito de los flujos de trabajo automatizados y c\u00f3mo humanos y robots pueden trabajar de forma conjunta para aumentar la productividad de tu almac\u00e9n y lograr un mayor crecimiento.","og_url":"https:\/\/www.elementlogic.net\/es\/whitepaper\/aprovecha-todo-el-potencial-de-tu-almacen-con-inteligencia-artificial\/","og_site_name":"Element Logic Spain","article_modified_time":"2025-11-27T13:50:34+00:00","twitter_card":"summary_large_image","twitter_misc":{"Tiempo de lectura":"2 minutos"},"schema":{"@context":"https:\/\/schema.org","@graph":[{"@type":"WebPage","@id":"https:\/\/www.elementlogic.net\/es\/whitepaper\/aprovecha-todo-el-potencial-de-tu-almacen-con-inteligencia-artificial\/","url":"https:\/\/www.elementlogic.net\/es\/whitepaper\/aprovecha-todo-el-potencial-de-tu-almacen-con-inteligencia-artificial\/","name":"Aprovecha todo el potencial de tu almac\u00e9n con inteligencia artificial","isPartOf":{"@id":"https:\/\/www.elementlogic.net\/es\/#website"},"datePublished":"2024-09-09T19:40:43+00:00","dateModified":"2025-11-27T13:50:34+00:00","description":"En este whitepaper, analizamos las claves del \u00e9xito de los flujos de trabajo automatizados y c\u00f3mo humanos y robots pueden trabajar de forma conjunta para aumentar la productividad de tu almac\u00e9n y lograr un mayor crecimiento.","breadcrumb":{"@id":"https:\/\/www.elementlogic.net\/es\/whitepaper\/aprovecha-todo-el-potencial-de-tu-almacen-con-inteligencia-artificial\/#breadcrumb"},"inLanguage":"es","potentialAction":[{"@type":"ReadAction","target":["https:\/\/www.elementlogic.net\/es\/whitepaper\/aprovecha-todo-el-potencial-de-tu-almacen-con-inteligencia-artificial\/"]}]},{"@type":"BreadcrumbList","@id":"https:\/\/www.elementlogic.net\/es\/whitepaper\/aprovecha-todo-el-potencial-de-tu-almacen-con-inteligencia-artificial\/#breadcrumb","itemListElement":[{"@type":"ListItem","position":1,"name":"Whitepapers","item":"https:\/\/www.elementlogic.net\/es\/whitepaper\/"},{"@type":"ListItem","position":2,"name":"Aprovecha todo el potencial de tu almac\u00e9n con inteligencia artificial"}]},{"@type":"WebSite","@id":"https:\/\/www.elementlogic.net\/es\/#website","url":"https:\/\/www.elementlogic.net\/es\/","name":"Element Logic Spain","description":"","potentialAction":[{"@type":"SearchAction","target":{"@type":"EntryPoint","urlTemplate":"https:\/\/www.elementlogic.net\/es\/?s={search_term_string}"},"query-input":{"@type":"PropertyValueSpecification","valueRequired":true,"valueName":"search_term_string"}}],"inLanguage":"es"}]}},"_links":{"self":[{"href":"https:\/\/www.elementlogic.net\/es\/wp-json\/wp\/v2\/pages\/150"}],"collection":[{"href":"https:\/\/www.elementlogic.net\/es\/wp-json\/wp\/v2\/pages"}],"about":[{"href":"https:\/\/www.elementlogic.net\/es\/wp-json\/wp\/v2\/types\/page"}],"author":[{"embeddable":true,"href":"https:\/\/www.elementlogic.net\/es\/wp-json\/wp\/v2\/users\/3"}],"replies":[{"embeddable":true,"href":"https:\/\/www.elementlogic.net\/es\/wp-json\/wp\/v2\/comments?post=150"}],"version-history":[{"count":5,"href":"https:\/\/www.elementlogic.net\/es\/wp-json\/wp\/v2\/pages\/150\/revisions"}],"predecessor-version":[{"id":3689,"href":"https:\/\/www.elementlogic.net\/es\/wp-json\/wp\/v2\/pages\/150\/revisions\/3689"}],"up":[{"embeddable":true,"href":"https:\/\/www.elementlogic.net\/es\/wp-json\/wp\/v2\/pages\/155"}],"wp:attachment":[{"href":"https:\/\/www.elementlogic.net\/es\/wp-json\/wp\/v2\/media?parent=150"}],"curies":[{"name":"wp","href":"https:\/\/api.w.org\/{rel}","templated":true}]}}