{"id":180,"date":"2024-09-03T15:26:40","date_gmt":"2024-09-03T13:26:40","guid":{"rendered":"https:\/\/www.elementlogic.net\/?page_id=1865"},"modified":"2024-12-04T09:25:15","modified_gmt":"2024-12-04T09:25:15","slug":"cubetas","status":"publish","type":"page","link":"https:\/\/www.elementlogic.net\/es\/soluciones-y-servicios\/autostore\/cubetas\/","title":{"rendered":"Cubetas"},"content":{"rendered":"<p class=\"t2-ingress wp-block-t2-ingress\">Las cubetas de AutoStore, de 400 mm x 600 mm, est\u00e1n disponibles en tres alturas (220 mm, 330 mm y 425 mm) para satisfacer diversas necesidades de almacenamiento.<\/p>\n\n\n\t\t<div class=\"alignwide is-mode-constrained is-gap-center wp-block-t2-simple-media-text   \">\n\t\t\t<div class=\"t2-simple-media-text__container\">\n\t\t\t\t<div class=\"t2-simple-media-text__image\"><img loading=\"lazy\" decoding=\"async\" width=\"768\" height=\"512\" src=\"https:\/\/www.elementlogic.net\/content\/uploads\/sites\/12\/\/2024\/09\/AS-Bins-330mm-top-768x512.jpg\" class=\"\" alt=\"\" style=\"--focalpoint: 50% 50%;\" srcset=\"https:\/\/www.elementlogic.net\/content\/uploads\/sites\/12\/2024\/09\/AS-Bins-330mm-top-768x512.jpg 768w, https:\/\/www.elementlogic.net\/content\/uploads\/sites\/12\/2024\/09\/AS-Bins-330mm-top-300x200.jpg 300w, https:\/\/www.elementlogic.net\/content\/uploads\/sites\/12\/2024\/09\/AS-Bins-330mm-top-1024x683.jpg 1024w, https:\/\/www.elementlogic.net\/content\/uploads\/sites\/12\/2024\/09\/AS-Bins-330mm-top-1536x1025.jpg 1536w, https:\/\/www.elementlogic.net\/content\/uploads\/sites\/12\/2024\/09\/AS-Bins-330mm-top.jpg 1920w\" sizes=\"(max-width: 768px) 100vw, 768px\" \/><\/div>\n\t\t\t\t<div class=\"t2-simple-media-text__content-container\">\n\t\t\t\t\t<div class=\"t2-simple-media-text__content\">\n\t\t\t\t\t\t<div class=\"t2-simple-media-text__content-inner\">\n\t\t\t\t\t\t\t\n\n<p>La cubeta m\u00e1s alta es compatible con los robots B1 y R5+. Cada cubeta puede dividirse en hasta 32 compartimentos m\u00f3viles, lo que permite almacenar m\u00faltiples categor\u00edas de productos.\u00a0<\/p>\n\n\n\n<p>Las cubetas destacan por su alta durabilidad, gracias a su dise\u00f1o exclusivo y al cuidado con el que los robots las manipulan. Son capaces de soportar cargas de hasta 30 kg y pueden apilarse hasta 14, 16 o incluso 24 cubetas una sobre otra en tu instalaci\u00f3n.&nbsp;<\/p>\n\n\n\n<p>Cada cubeta cuenta con un dise\u00f1o robusto, elementos de guiado y un identificador \u00fanico que permite un seguimiento preciso del inventario. Estas caracter\u00edsticas aseguran un rendimiento duradero y un control total del inventario, como lo demuestran las cubetas que siguen en uso desde 2005 en el <a href=\"https:\/\/www.elementlogic.es\/cases\/el-primer-almacen-autostore-del-mundo-continua-funcionando\/\" target=\"_blank\" rel=\"noreferrer noopener\">primer almac\u00e9n AutoStore del mundo<\/a>, instalado por Element Logic.&nbsp;<\/p>\n\n\n\t\t\t\t\t\t<\/div>\n\t\t\t\t\t<\/div>\n\t\t\t\t<\/div>\n\t\t\t<\/div>\n\t\t<\/div>\n\t\t","protected":false},"excerpt":{"rendered":"","protected":false},"author":3,"featured_media":181,"parent":212,"menu_order":0,"comment_status":"closed","ping_status":"closed","template":"","meta":{"hreflang_relation":1865,"_el_cross_publish_source_blog_url":"","_el_cross_publish_source_blog_id":0,"_el_cross_publish_source_post_id":0,"_el_cross_publish_sync_state":"","exclude_from_search":false,"footnotes":""},"class_list":["post-180","page","type-page","status-publish","has-post-thumbnail","hentry"],"yoast_head":"<!-- This site is optimized with the Yoast SEO Premium plugin v23.9 (Yoast SEO v23.9) - https:\/\/yoast.com\/wordpress\/plugins\/seo\/ -->\n<title>AutoStore cubetas<\/title>\n<meta name=\"description\" content=\"Las cubetas de AutoStore, de 400 mm x 600 mm, est\u00e1n disponibles en tres alturas (220 mm, 330 mm y 425 mm).\" \/>\n<meta name=\"robots\" content=\"index, follow, max-snippet:-1, max-image-preview:large, max-video-preview:-1\" \/>\n<link rel=\"canonical\" href=\"https:\/\/www.elementlogic.net\/es\/soluciones-y-servicios\/autostore\/cubetas\/\" \/>\n<meta property=\"og:locale\" content=\"es_ES\" \/>\n<meta property=\"og:type\" content=\"article\" \/>\n<meta property=\"og:title\" content=\"Cubetas\" \/>\n<meta property=\"og:description\" content=\"Las cubetas de AutoStore, de 400 mm x 600 mm, est\u00e1n disponibles en tres alturas (220 mm, 330 mm y 425 mm).\" \/>\n<meta property=\"og:url\" content=\"https:\/\/www.elementlogic.net\/es\/soluciones-y-servicios\/autostore\/cubetas\/\" \/>\n<meta property=\"og:site_name\" content=\"Element Logic Spain\" \/>\n<meta property=\"article:modified_time\" content=\"2024-12-04T09:25:15+00:00\" \/>\n<meta property=\"og:image\" content=\"https:\/\/www.elementlogic.net\/content\/uploads\/sites\/12\/\/2024\/09\/AS-Bins-330mm-top.jpg\" \/>\n\t<meta property=\"og:image:width\" content=\"1920\" \/>\n\t<meta property=\"og:image:height\" content=\"1281\" \/>\n\t<meta property=\"og:image:type\" content=\"image\/jpeg\" \/>\n<meta name=\"twitter:card\" content=\"summary_large_image\" \/>\n<meta name=\"twitter:label1\" content=\"Tiempo de lectura\" \/>\n\t<meta name=\"twitter:data1\" content=\"1 minuto\" \/>\n<script type=\"application\/ld+json\" class=\"yoast-schema-graph\">{\"@context\":\"https:\/\/schema.org\",\"@graph\":[{\"@type\":\"WebPage\",\"@id\":\"https:\/\/www.elementlogic.net\/es\/soluciones-y-servicios\/autostore\/cubetas\/\",\"url\":\"https:\/\/www.elementlogic.net\/es\/soluciones-y-servicios\/autostore\/cubetas\/\",\"name\":\"AutoStore cubetas\",\"isPartOf\":{\"@id\":\"https:\/\/www.elementlogic.net\/es\/#website\"},\"primaryImageOfPage\":{\"@id\":\"https:\/\/www.elementlogic.net\/es\/soluciones-y-servicios\/autostore\/cubetas\/#primaryimage\"},\"image\":{\"@id\":\"https:\/\/www.elementlogic.net\/es\/soluciones-y-servicios\/autostore\/cubetas\/#primaryimage\"},\"thumbnailUrl\":\"https:\/\/www.elementlogic.net\/content\/uploads\/sites\/12\/\/2024\/09\/AS-Bins-330mm-top.jpg\",\"datePublished\":\"2024-09-03T13:26:40+00:00\",\"dateModified\":\"2024-12-04T09:25:15+00:00\",\"description\":\"Las cubetas de AutoStore, de 400 mm x 600 mm, est\u00e1n disponibles en tres alturas (220 mm, 330 mm y 425 mm).\",\"breadcrumb\":{\"@id\":\"https:\/\/www.elementlogic.net\/es\/soluciones-y-servicios\/autostore\/cubetas\/#breadcrumb\"},\"inLanguage\":\"es\",\"potentialAction\":[{\"@type\":\"ReadAction\",\"target\":[\"https:\/\/www.elementlogic.net\/es\/soluciones-y-servicios\/autostore\/cubetas\/\"]}]},{\"@type\":\"ImageObject\",\"inLanguage\":\"es\",\"@id\":\"https:\/\/www.elementlogic.net\/es\/soluciones-y-servicios\/autostore\/cubetas\/#primaryimage\",\"url\":\"https:\/\/www.elementlogic.net\/content\/uploads\/sites\/12\/\/2024\/09\/AS-Bins-330mm-top.jpg\",\"contentUrl\":\"https:\/\/www.elementlogic.net\/content\/uploads\/sites\/12\/\/2024\/09\/AS-Bins-330mm-top.jpg\",\"width\":1920,\"height\":1281},{\"@type\":\"BreadcrumbList\",\"@id\":\"https:\/\/www.elementlogic.net\/es\/soluciones-y-servicios\/autostore\/cubetas\/#breadcrumb\",\"itemListElement\":[{\"@type\":\"ListItem\",\"position\":1,\"name\":\"Soluciones y servicios\",\"item\":\"https:\/\/www.elementlogic.net\/es\/soluciones-y-servicios\/\"},{\"@type\":\"ListItem\",\"position\":2,\"name\":\"AutoStore\",\"item\":\"https:\/\/www.elementlogic.net\/es\/soluciones-y-servicios\/autostore\/\"},{\"@type\":\"ListItem\",\"position\":3,\"name\":\"Cubetas\"}]},{\"@type\":\"WebSite\",\"@id\":\"https:\/\/www.elementlogic.net\/es\/#website\",\"url\":\"https:\/\/www.elementlogic.net\/es\/\",\"name\":\"Element Logic Spain\",\"description\":\"\",\"potentialAction\":[{\"@type\":\"SearchAction\",\"target\":{\"@type\":\"EntryPoint\",\"urlTemplate\":\"https:\/\/www.elementlogic.net\/es\/?s={search_term_string}\"},\"query-input\":{\"@type\":\"PropertyValueSpecification\",\"valueRequired\":true,\"valueName\":\"search_term_string\"}}],\"inLanguage\":\"es\"}]}<\/script>\n<!-- \/ Yoast SEO Premium plugin. -->","yoast_head_json":{"title":"AutoStore cubetas","description":"Las cubetas de AutoStore, de 400 mm x 600 mm, est\u00e1n disponibles en tres alturas (220 mm, 330 mm y 425 mm).","robots":{"index":"index","follow":"follow","max-snippet":"max-snippet:-1","max-image-preview":"max-image-preview:large","max-video-preview":"max-video-preview:-1"},"canonical":"https:\/\/www.elementlogic.net\/es\/soluciones-y-servicios\/autostore\/cubetas\/","og_locale":"es_ES","og_type":"article","og_title":"Cubetas","og_description":"Las cubetas de AutoStore, de 400 mm x 600 mm, est\u00e1n disponibles en tres alturas (220 mm, 330 mm y 425 mm).","og_url":"https:\/\/www.elementlogic.net\/es\/soluciones-y-servicios\/autostore\/cubetas\/","og_site_name":"Element Logic Spain","article_modified_time":"2024-12-04T09:25:15+00:00","og_image":[{"width":1920,"height":1281,"url":"https:\/\/www.elementlogic.net\/content\/uploads\/sites\/12\/\/2024\/09\/AS-Bins-330mm-top.jpg","type":"image\/jpeg"}],"twitter_card":"summary_large_image","twitter_misc":{"Tiempo de lectura":"1 minuto"},"schema":{"@context":"https:\/\/schema.org","@graph":[{"@type":"WebPage","@id":"https:\/\/www.elementlogic.net\/es\/soluciones-y-servicios\/autostore\/cubetas\/","url":"https:\/\/www.elementlogic.net\/es\/soluciones-y-servicios\/autostore\/cubetas\/","name":"AutoStore cubetas","isPartOf":{"@id":"https:\/\/www.elementlogic.net\/es\/#website"},"primaryImageOfPage":{"@id":"https:\/\/www.elementlogic.net\/es\/soluciones-y-servicios\/autostore\/cubetas\/#primaryimage"},"image":{"@id":"https:\/\/www.elementlogic.net\/es\/soluciones-y-servicios\/autostore\/cubetas\/#primaryimage"},"thumbnailUrl":"https:\/\/www.elementlogic.net\/content\/uploads\/sites\/12\/\/2024\/09\/AS-Bins-330mm-top.jpg","datePublished":"2024-09-03T13:26:40+00:00","dateModified":"2024-12-04T09:25:15+00:00","description":"Las cubetas de AutoStore, de 400 mm x 600 mm, est\u00e1n disponibles en tres alturas (220 mm, 330 mm y 425 mm).","breadcrumb":{"@id":"https:\/\/www.elementlogic.net\/es\/soluciones-y-servicios\/autostore\/cubetas\/#breadcrumb"},"inLanguage":"es","potentialAction":[{"@type":"ReadAction","target":["https:\/\/www.elementlogic.net\/es\/soluciones-y-servicios\/autostore\/cubetas\/"]}]},{"@type":"ImageObject","inLanguage":"es","@id":"https:\/\/www.elementlogic.net\/es\/soluciones-y-servicios\/autostore\/cubetas\/#primaryimage","url":"https:\/\/www.elementlogic.net\/content\/uploads\/sites\/12\/\/2024\/09\/AS-Bins-330mm-top.jpg","contentUrl":"https:\/\/www.elementlogic.net\/content\/uploads\/sites\/12\/\/2024\/09\/AS-Bins-330mm-top.jpg","width":1920,"height":1281},{"@type":"BreadcrumbList","@id":"https:\/\/www.elementlogic.net\/es\/soluciones-y-servicios\/autostore\/cubetas\/#breadcrumb","itemListElement":[{"@type":"ListItem","position":1,"name":"Soluciones y servicios","item":"https:\/\/www.elementlogic.net\/es\/soluciones-y-servicios\/"},{"@type":"ListItem","position":2,"name":"AutoStore","item":"https:\/\/www.elementlogic.net\/es\/soluciones-y-servicios\/autostore\/"},{"@type":"ListItem","position":3,"name":"Cubetas"}]},{"@type":"WebSite","@id":"https:\/\/www.elementlogic.net\/es\/#website","url":"https:\/\/www.elementlogic.net\/es\/","name":"Element Logic Spain","description":"","potentialAction":[{"@type":"SearchAction","target":{"@type":"EntryPoint","urlTemplate":"https:\/\/www.elementlogic.net\/es\/?s={search_term_string}"},"query-input":{"@type":"PropertyValueSpecification","valueRequired":true,"valueName":"search_term_string"}}],"inLanguage":"es"}]}},"_links":{"self":[{"href":"https:\/\/www.elementlogic.net\/es\/wp-json\/wp\/v2\/pages\/180"}],"collection":[{"href":"https:\/\/www.elementlogic.net\/es\/wp-json\/wp\/v2\/pages"}],"about":[{"href":"https:\/\/www.elementlogic.net\/es\/wp-json\/wp\/v2\/types\/page"}],"author":[{"embeddable":true,"href":"https:\/\/www.elementlogic.net\/es\/wp-json\/wp\/v2\/users\/3"}],"replies":[{"embeddable":true,"href":"https:\/\/www.elementlogic.net\/es\/wp-json\/wp\/v2\/comments?post=180"}],"version-history":[{"count":4,"href":"https:\/\/www.elementlogic.net\/es\/wp-json\/wp\/v2\/pages\/180\/revisions"}],"predecessor-version":[{"id":2707,"href":"https:\/\/www.elementlogic.net\/es\/wp-json\/wp\/v2\/pages\/180\/revisions\/2707"}],"up":[{"embeddable":true,"href":"https:\/\/www.elementlogic.net\/es\/wp-json\/wp\/v2\/pages\/212"}],"wp:featuredmedia":[{"embeddable":true,"href":"https:\/\/www.elementlogic.net\/es\/wp-json\/wp\/v2\/media\/181"}],"wp:attachment":[{"href":"https:\/\/www.elementlogic.net\/es\/wp-json\/wp\/v2\/media?parent=180"}],"curies":[{"name":"wp","href":"https:\/\/api.w.org\/{rel}","templated":true}]}}