{"id":182,"date":"2024-09-03T15:23:35","date_gmt":"2024-09-03T13:23:35","guid":{"rendered":"https:\/\/www.elementlogic.net\/?page_id=1863"},"modified":"2024-12-04T09:27:23","modified_gmt":"2024-12-04T09:27:23","slug":"software","status":"publish","type":"page","link":"https:\/\/www.elementlogic.net\/es\/soluciones-y-servicios\/autostore\/software\/","title":{"rendered":"Software"},"content":{"rendered":"<p class=\"t2-ingress wp-block-t2-ingress\">eManager, el software desarrollado por Element Logic para AutoStore, maximiza la eficiencia del almac\u00e9n conect\u00e1ndose de forma din\u00e1mica con los sistemas ERP o WMS.<\/p>\n\n\n\t\t<div class=\"alignwide is-mode-constrained is-gap-center wp-block-t2-simple-media-text   \">\n\t\t\t<div class=\"t2-simple-media-text__container\">\n\t\t\t\t<div class=\"t2-simple-media-text__image\"><img loading=\"lazy\" decoding=\"async\" width=\"768\" height=\"512\" src=\"https:\/\/www.elementlogic.net\/content\/uploads\/sites\/12\/\/2024\/09\/EL_eLogiq_-2-1024x683-1-768x512.jpg\" class=\"\" alt=\"\" style=\"--focalpoint: 50% 50%;\" srcset=\"https:\/\/www.elementlogic.net\/content\/uploads\/sites\/12\/2024\/09\/EL_eLogiq_-2-1024x683-1-768x512.jpg 768w, https:\/\/www.elementlogic.net\/content\/uploads\/sites\/12\/2024\/09\/EL_eLogiq_-2-1024x683-1-300x200.jpg 300w, https:\/\/www.elementlogic.net\/content\/uploads\/sites\/12\/2024\/09\/EL_eLogiq_-2-1024x683-1.jpg 1024w\" sizes=\"(max-width: 768px) 100vw, 768px\" \/><\/div>\n\t\t\t\t<div class=\"t2-simple-media-text__content-container\">\n\t\t\t\t\t<div class=\"t2-simple-media-text__content\">\n\t\t\t\t\t\t<div class=\"t2-simple-media-text__content-inner\">\n\t\t\t\t\t\t\t\n\n<p>Optimiza la carga de trabajo, gestiona el inventario y genera tareas para asegurar una gesti\u00f3n de pedidos fluida y sin interrupciones.\u00a0<\/p>\n\n\n\n<p>Incluye m\u00f3dulos de eficacia probada para las actividades m\u00e1s comunes de la industria y se integra completamente con los sistemas ya existentes. eManager proporciona informaci\u00f3n detallada para optimizar las operaciones y prepararse para el crecimiento, con interfaces intuitivas y asistencia para el sistema de almacenaje y preparaci\u00f3n de pedidos AutoStore.&nbsp;<\/p>\n\n\n\n<p>Descubre m\u00e1s sobre nuestras <a href=\"https:\/\/www.elementlogic.net\/es\/soluciones-y-servicios\/\" target=\"_blank\" rel=\"noreferrer noopener\">soluciones de software.<\/a>\u00a0<\/p>\n\n\n\t\t\t\t\t\t<\/div>\n\t\t\t\t\t<\/div>\n\t\t\t\t<\/div>\n\t\t\t<\/div>\n\t\t<\/div>\n\t\t","protected":false},"excerpt":{"rendered":"","protected":false},"author":3,"featured_media":236,"parent":212,"menu_order":0,"comment_status":"closed","ping_status":"closed","template":"","meta":{"hreflang_relation":1480,"_el_cross_publish_source_blog_url":"","_el_cross_publish_source_blog_id":0,"_el_cross_publish_source_post_id":0,"_el_cross_publish_sync_state":"","exclude_from_search":false,"footnotes":""},"class_list":["post-182","page","type-page","status-publish","has-post-thumbnail","hentry"],"yoast_head":"<!-- This site is optimized with the Yoast SEO Premium plugin v23.9 (Yoast SEO v23.9) - https:\/\/yoast.com\/wordpress\/plugins\/seo\/ -->\n<title>AutoStore software<\/title>\n<meta name=\"description\" content=\"eManager, el software desarrollado por Element Logic para AutoStore, maximiza la eficiencia del almac\u00e9n conect\u00e1ndose de forma din\u00e1mica con los sistemas ERP o WMS.\" \/>\n<meta name=\"robots\" content=\"index, follow, max-snippet:-1, max-image-preview:large, max-video-preview:-1\" \/>\n<link rel=\"canonical\" href=\"https:\/\/www.elementlogic.net\/es\/soluciones-y-servicios\/autostore\/software\/\" \/>\n<meta property=\"og:locale\" content=\"es_ES\" \/>\n<meta property=\"og:type\" content=\"article\" \/>\n<meta property=\"og:title\" content=\"Software\" \/>\n<meta property=\"og:description\" content=\"eManager, el software desarrollado por Element Logic para AutoStore, maximiza la eficiencia del almac\u00e9n conect\u00e1ndose de forma din\u00e1mica con los sistemas ERP o WMS.\" \/>\n<meta property=\"og:url\" content=\"https:\/\/www.elementlogic.net\/es\/soluciones-y-servicios\/autostore\/software\/\" \/>\n<meta property=\"og:site_name\" content=\"Element Logic Spain\" \/>\n<meta property=\"article:modified_time\" content=\"2024-12-04T09:27:23+00:00\" \/>\n<meta property=\"og:image\" content=\"https:\/\/www.elementlogic.net\/content\/uploads\/sites\/12\/\/2024\/09\/image-128-1024x683.png\" \/>\n\t<meta property=\"og:image:width\" content=\"1024\" \/>\n\t<meta property=\"og:image:height\" content=\"683\" \/>\n\t<meta property=\"og:image:type\" content=\"image\/png\" \/>\n<meta name=\"twitter:card\" content=\"summary_large_image\" \/>\n<meta name=\"twitter:label1\" content=\"Tiempo de lectura\" \/>\n\t<meta name=\"twitter:data1\" content=\"1 minuto\" \/>\n<script type=\"application\/ld+json\" class=\"yoast-schema-graph\">{\"@context\":\"https:\/\/schema.org\",\"@graph\":[{\"@type\":\"WebPage\",\"@id\":\"https:\/\/www.elementlogic.net\/es\/soluciones-y-servicios\/autostore\/software\/\",\"url\":\"https:\/\/www.elementlogic.net\/es\/soluciones-y-servicios\/autostore\/software\/\",\"name\":\"AutoStore software\",\"isPartOf\":{\"@id\":\"https:\/\/www.elementlogic.net\/es\/#website\"},\"primaryImageOfPage\":{\"@id\":\"https:\/\/www.elementlogic.net\/es\/soluciones-y-servicios\/autostore\/software\/#primaryimage\"},\"image\":{\"@id\":\"https:\/\/www.elementlogic.net\/es\/soluciones-y-servicios\/autostore\/software\/#primaryimage\"},\"thumbnailUrl\":\"https:\/\/www.elementlogic.net\/content\/uploads\/sites\/12\/\/2024\/09\/image-128.png\",\"datePublished\":\"2024-09-03T13:23:35+00:00\",\"dateModified\":\"2024-12-04T09:27:23+00:00\",\"description\":\"eManager, el software desarrollado por Element Logic para AutoStore, maximiza la eficiencia del almac\u00e9n conect\u00e1ndose de forma din\u00e1mica con los sistemas ERP o WMS.\",\"breadcrumb\":{\"@id\":\"https:\/\/www.elementlogic.net\/es\/soluciones-y-servicios\/autostore\/software\/#breadcrumb\"},\"inLanguage\":\"es\",\"potentialAction\":[{\"@type\":\"ReadAction\",\"target\":[\"https:\/\/www.elementlogic.net\/es\/soluciones-y-servicios\/autostore\/software\/\"]}]},{\"@type\":\"ImageObject\",\"inLanguage\":\"es\",\"@id\":\"https:\/\/www.elementlogic.net\/es\/soluciones-y-servicios\/autostore\/software\/#primaryimage\",\"url\":\"https:\/\/www.elementlogic.net\/content\/uploads\/sites\/12\/\/2024\/09\/image-128.png\",\"contentUrl\":\"https:\/\/www.elementlogic.net\/content\/uploads\/sites\/12\/\/2024\/09\/image-128.png\",\"width\":2048,\"height\":1365,\"caption\":\"El software de almac\u00e9n eLogiq recopila, analiza, comparte y utiliza flujos de datos existentes para ayudar a las empresas a tomar mejores y m\u00e1s r\u00e1pidas decisiones sobre la optimizaci\u00f3n de las operaciones del almac\u00e9n\"},{\"@type\":\"BreadcrumbList\",\"@id\":\"https:\/\/www.elementlogic.net\/es\/soluciones-y-servicios\/autostore\/software\/#breadcrumb\",\"itemListElement\":[{\"@type\":\"ListItem\",\"position\":1,\"name\":\"Soluciones y servicios\",\"item\":\"https:\/\/www.elementlogic.net\/es\/soluciones-y-servicios\/\"},{\"@type\":\"ListItem\",\"position\":2,\"name\":\"AutoStore\",\"item\":\"https:\/\/www.elementlogic.net\/es\/soluciones-y-servicios\/autostore\/\"},{\"@type\":\"ListItem\",\"position\":3,\"name\":\"Software\"}]},{\"@type\":\"WebSite\",\"@id\":\"https:\/\/www.elementlogic.net\/es\/#website\",\"url\":\"https:\/\/www.elementlogic.net\/es\/\",\"name\":\"Element Logic Spain\",\"description\":\"\",\"potentialAction\":[{\"@type\":\"SearchAction\",\"target\":{\"@type\":\"EntryPoint\",\"urlTemplate\":\"https:\/\/www.elementlogic.net\/es\/?s={search_term_string}\"},\"query-input\":{\"@type\":\"PropertyValueSpecification\",\"valueRequired\":true,\"valueName\":\"search_term_string\"}}],\"inLanguage\":\"es\"}]}<\/script>\n<!-- \/ Yoast SEO Premium plugin. -->","yoast_head_json":{"title":"AutoStore software","description":"eManager, el software desarrollado por Element Logic para AutoStore, maximiza la eficiencia del almac\u00e9n conect\u00e1ndose de forma din\u00e1mica con los sistemas ERP o WMS.","robots":{"index":"index","follow":"follow","max-snippet":"max-snippet:-1","max-image-preview":"max-image-preview:large","max-video-preview":"max-video-preview:-1"},"canonical":"https:\/\/www.elementlogic.net\/es\/soluciones-y-servicios\/autostore\/software\/","og_locale":"es_ES","og_type":"article","og_title":"Software","og_description":"eManager, el software desarrollado por Element Logic para AutoStore, maximiza la eficiencia del almac\u00e9n conect\u00e1ndose de forma din\u00e1mica con los sistemas ERP o WMS.","og_url":"https:\/\/www.elementlogic.net\/es\/soluciones-y-servicios\/autostore\/software\/","og_site_name":"Element Logic Spain","article_modified_time":"2024-12-04T09:27:23+00:00","og_image":[{"width":1024,"height":683,"url":"https:\/\/www.elementlogic.net\/content\/uploads\/sites\/12\/\/2024\/09\/image-128-1024x683.png","type":"image\/png"}],"twitter_card":"summary_large_image","twitter_misc":{"Tiempo de lectura":"1 minuto"},"schema":{"@context":"https:\/\/schema.org","@graph":[{"@type":"WebPage","@id":"https:\/\/www.elementlogic.net\/es\/soluciones-y-servicios\/autostore\/software\/","url":"https:\/\/www.elementlogic.net\/es\/soluciones-y-servicios\/autostore\/software\/","name":"AutoStore software","isPartOf":{"@id":"https:\/\/www.elementlogic.net\/es\/#website"},"primaryImageOfPage":{"@id":"https:\/\/www.elementlogic.net\/es\/soluciones-y-servicios\/autostore\/software\/#primaryimage"},"image":{"@id":"https:\/\/www.elementlogic.net\/es\/soluciones-y-servicios\/autostore\/software\/#primaryimage"},"thumbnailUrl":"https:\/\/www.elementlogic.net\/content\/uploads\/sites\/12\/\/2024\/09\/image-128.png","datePublished":"2024-09-03T13:23:35+00:00","dateModified":"2024-12-04T09:27:23+00:00","description":"eManager, el software desarrollado por Element Logic para AutoStore, maximiza la eficiencia del almac\u00e9n conect\u00e1ndose de forma din\u00e1mica con los sistemas ERP o WMS.","breadcrumb":{"@id":"https:\/\/www.elementlogic.net\/es\/soluciones-y-servicios\/autostore\/software\/#breadcrumb"},"inLanguage":"es","potentialAction":[{"@type":"ReadAction","target":["https:\/\/www.elementlogic.net\/es\/soluciones-y-servicios\/autostore\/software\/"]}]},{"@type":"ImageObject","inLanguage":"es","@id":"https:\/\/www.elementlogic.net\/es\/soluciones-y-servicios\/autostore\/software\/#primaryimage","url":"https:\/\/www.elementlogic.net\/content\/uploads\/sites\/12\/\/2024\/09\/image-128.png","contentUrl":"https:\/\/www.elementlogic.net\/content\/uploads\/sites\/12\/\/2024\/09\/image-128.png","width":2048,"height":1365,"caption":"El software de almac\u00e9n eLogiq recopila, analiza, comparte y utiliza flujos de datos existentes para ayudar a las empresas a tomar mejores y m\u00e1s r\u00e1pidas decisiones sobre la optimizaci\u00f3n de las operaciones del almac\u00e9n"},{"@type":"BreadcrumbList","@id":"https:\/\/www.elementlogic.net\/es\/soluciones-y-servicios\/autostore\/software\/#breadcrumb","itemListElement":[{"@type":"ListItem","position":1,"name":"Soluciones y servicios","item":"https:\/\/www.elementlogic.net\/es\/soluciones-y-servicios\/"},{"@type":"ListItem","position":2,"name":"AutoStore","item":"https:\/\/www.elementlogic.net\/es\/soluciones-y-servicios\/autostore\/"},{"@type":"ListItem","position":3,"name":"Software"}]},{"@type":"WebSite","@id":"https:\/\/www.elementlogic.net\/es\/#website","url":"https:\/\/www.elementlogic.net\/es\/","name":"Element Logic Spain","description":"","potentialAction":[{"@type":"SearchAction","target":{"@type":"EntryPoint","urlTemplate":"https:\/\/www.elementlogic.net\/es\/?s={search_term_string}"},"query-input":{"@type":"PropertyValueSpecification","valueRequired":true,"valueName":"search_term_string"}}],"inLanguage":"es"}]}},"_links":{"self":[{"href":"https:\/\/www.elementlogic.net\/es\/wp-json\/wp\/v2\/pages\/182"}],"collection":[{"href":"https:\/\/www.elementlogic.net\/es\/wp-json\/wp\/v2\/pages"}],"about":[{"href":"https:\/\/www.elementlogic.net\/es\/wp-json\/wp\/v2\/types\/page"}],"author":[{"embeddable":true,"href":"https:\/\/www.elementlogic.net\/es\/wp-json\/wp\/v2\/users\/3"}],"replies":[{"embeddable":true,"href":"https:\/\/www.elementlogic.net\/es\/wp-json\/wp\/v2\/comments?post=182"}],"version-history":[{"count":4,"href":"https:\/\/www.elementlogic.net\/es\/wp-json\/wp\/v2\/pages\/182\/revisions"}],"predecessor-version":[{"id":2712,"href":"https:\/\/www.elementlogic.net\/es\/wp-json\/wp\/v2\/pages\/182\/revisions\/2712"}],"up":[{"embeddable":true,"href":"https:\/\/www.elementlogic.net\/es\/wp-json\/wp\/v2\/pages\/212"}],"wp:featuredmedia":[{"embeddable":true,"href":"https:\/\/www.elementlogic.net\/es\/wp-json\/wp\/v2\/media\/236"}],"wp:attachment":[{"href":"https:\/\/www.elementlogic.net\/es\/wp-json\/wp\/v2\/media?parent=182"}],"curies":[{"name":"wp","href":"https:\/\/api.w.org\/{rel}","templated":true}]}}