{"id":188,"date":"2024-09-03T15:08:58","date_gmt":"2024-09-03T13:08:58","guid":{"rendered":"https:\/\/www.elementlogic.net\/?page_id=1845"},"modified":"2024-12-04T09:24:46","modified_gmt":"2024-12-04T09:24:46","slug":"controlador","status":"publish","type":"page","link":"https:\/\/www.elementlogic.net\/es\/soluciones-y-servicios\/autostore\/controlador\/","title":{"rendered":"Controlador"},"content":{"rendered":"<p class=\"t2-ingress wp-block-t2-ingress\">El Controlador de AutoStore act\u00faa como el centro de mando.<\/p>\n\n\n<p><\/p>\n\n\n\n\t\t<div class=\"alignwide is-mode-constrained is-gap-center wp-block-t2-simple-media-text   \">\n\t\t\t<div class=\"t2-simple-media-text__container\">\n\t\t\t\t<div class=\"t2-simple-media-text__image\"><img loading=\"lazy\" decoding=\"async\" width=\"768\" height=\"768\" src=\"https:\/\/www.elementlogic.net\/content\/uploads\/sites\/12\/\/2024\/09\/Controller1-768x768.jpg\" class=\"\" alt=\"\" style=\"--focalpoint: 50% 50%;\" srcset=\"https:\/\/www.elementlogic.net\/content\/uploads\/sites\/12\/2024\/09\/Controller1-768x768.jpg 768w, https:\/\/www.elementlogic.net\/content\/uploads\/sites\/12\/2024\/09\/Controller1-300x300.jpg 300w, https:\/\/www.elementlogic.net\/content\/uploads\/sites\/12\/2024\/09\/Controller1-1024x1024.jpg 1024w, https:\/\/www.elementlogic.net\/content\/uploads\/sites\/12\/2024\/09\/Controller1-150x150.jpg 150w, https:\/\/www.elementlogic.net\/content\/uploads\/sites\/12\/2024\/09\/Controller1-1536x1536.jpg 1536w, https:\/\/www.elementlogic.net\/content\/uploads\/sites\/12\/2024\/09\/Controller1.jpg 1920w\" sizes=\"(max-width: 768px) 100vw, 768px\" \/><\/div>\n\t\t\t\t<div class=\"t2-simple-media-text__content-container\">\n\t\t\t\t\t<div class=\"t2-simple-media-text__content\">\n\t\t\t\t\t\t<div class=\"t2-simple-media-text__content-inner\">\n\t\t\t\t\t\t\t\n\n<p>Est\u00e1 encargado de seguir la ubicaci\u00f3n de las cubetas, los robots y los puertos, adem\u00e1s de gestionar el tr\u00e1fico y planificar las rutas para las tareas que realizan los robots.\u00a0<\/p>\n\n\n\n<p>Al mismo tiempo, <a href=\"https:\/\/www.elementlogic.net\/es\/soluciones-y-servicios\/software\/emanager\/\">la plataforma de software eManager <\/a>de Element Logic, dise\u00f1ada espec\u00edficamente para AutoStore, gestiona la informaci\u00f3n detallada de los productos y las actividades dentro de las cubetas.\u00a0<\/p>\n\n\n\t\t\t\t\t\t<\/div>\n\t\t\t\t\t<\/div>\n\t\t\t\t<\/div>\n\t\t\t<\/div>\n\t\t<\/div>\n\t\t","protected":false},"excerpt":{"rendered":"","protected":false},"author":3,"featured_media":189,"parent":212,"menu_order":0,"comment_status":"closed","ping_status":"closed","template":"","meta":{"hreflang_relation":1845,"_el_cross_publish_source_blog_url":"","_el_cross_publish_source_blog_id":0,"_el_cross_publish_source_post_id":0,"_el_cross_publish_sync_state":"","exclude_from_search":false,"footnotes":""},"class_list":["post-188","page","type-page","status-publish","has-post-thumbnail","hentry"],"yoast_head":"<!-- This site is optimized with the Yoast SEO Premium plugin v23.9 (Yoast SEO v23.9) - https:\/\/yoast.com\/wordpress\/plugins\/seo\/ -->\n<title>AutoStore Controlador<\/title>\n<meta name=\"description\" content=\"El Controlador de AutoStore act\u00faa como el centro de mando, encargado de seguir la ubicaci\u00f3n de las cubetas, los robots y los puertos, adem\u00e1s de gestionar el tr\u00e1fico y planificar las rutas para las tareas que realizan los robots.\u00a0\" \/>\n<meta name=\"robots\" content=\"index, follow, max-snippet:-1, max-image-preview:large, max-video-preview:-1\" \/>\n<link rel=\"canonical\" href=\"https:\/\/www.elementlogic.net\/es\/soluciones-y-servicios\/autostore\/controlador\/\" \/>\n<meta property=\"og:locale\" content=\"es_ES\" \/>\n<meta property=\"og:type\" content=\"article\" \/>\n<meta property=\"og:title\" content=\"Controlador\" \/>\n<meta property=\"og:description\" content=\"El Controlador de AutoStore act\u00faa como el centro de mando, encargado de seguir la ubicaci\u00f3n de las cubetas, los robots y los puertos, adem\u00e1s de gestionar el tr\u00e1fico y planificar las rutas para las tareas que realizan los robots.\u00a0\" \/>\n<meta property=\"og:url\" content=\"https:\/\/www.elementlogic.net\/es\/soluciones-y-servicios\/autostore\/controlador\/\" \/>\n<meta property=\"og:site_name\" content=\"Element Logic Spain\" \/>\n<meta property=\"article:modified_time\" content=\"2024-12-04T09:24:46+00:00\" \/>\n<meta property=\"og:image\" content=\"https:\/\/www.elementlogic.net\/content\/uploads\/sites\/12\/\/2024\/09\/Controller1.jpg\" \/>\n\t<meta property=\"og:image:width\" content=\"1920\" \/>\n\t<meta property=\"og:image:height\" content=\"1920\" \/>\n\t<meta property=\"og:image:type\" content=\"image\/jpeg\" \/>\n<meta name=\"twitter:card\" content=\"summary_large_image\" \/>\n<meta name=\"twitter:label1\" content=\"Tiempo de lectura\" \/>\n\t<meta name=\"twitter:data1\" content=\"1 minuto\" \/>\n<script type=\"application\/ld+json\" class=\"yoast-schema-graph\">{\"@context\":\"https:\/\/schema.org\",\"@graph\":[{\"@type\":\"WebPage\",\"@id\":\"https:\/\/www.elementlogic.net\/es\/soluciones-y-servicios\/autostore\/controlador\/\",\"url\":\"https:\/\/www.elementlogic.net\/es\/soluciones-y-servicios\/autostore\/controlador\/\",\"name\":\"AutoStore Controlador\",\"isPartOf\":{\"@id\":\"https:\/\/www.elementlogic.net\/es\/#website\"},\"primaryImageOfPage\":{\"@id\":\"https:\/\/www.elementlogic.net\/es\/soluciones-y-servicios\/autostore\/controlador\/#primaryimage\"},\"image\":{\"@id\":\"https:\/\/www.elementlogic.net\/es\/soluciones-y-servicios\/autostore\/controlador\/#primaryimage\"},\"thumbnailUrl\":\"https:\/\/www.elementlogic.net\/content\/uploads\/sites\/12\/\/2024\/09\/Controller1.jpg\",\"datePublished\":\"2024-09-03T13:08:58+00:00\",\"dateModified\":\"2024-12-04T09:24:46+00:00\",\"description\":\"El Controlador de AutoStore act\u00faa como el centro de mando, encargado de seguir la ubicaci\u00f3n de las cubetas, los robots y los puertos, adem\u00e1s de gestionar el tr\u00e1fico y planificar las rutas para las tareas que realizan los robots.\u00a0\",\"breadcrumb\":{\"@id\":\"https:\/\/www.elementlogic.net\/es\/soluciones-y-servicios\/autostore\/controlador\/#breadcrumb\"},\"inLanguage\":\"es\",\"potentialAction\":[{\"@type\":\"ReadAction\",\"target\":[\"https:\/\/www.elementlogic.net\/es\/soluciones-y-servicios\/autostore\/controlador\/\"]}]},{\"@type\":\"ImageObject\",\"inLanguage\":\"es\",\"@id\":\"https:\/\/www.elementlogic.net\/es\/soluciones-y-servicios\/autostore\/controlador\/#primaryimage\",\"url\":\"https:\/\/www.elementlogic.net\/content\/uploads\/sites\/12\/\/2024\/09\/Controller1.jpg\",\"contentUrl\":\"https:\/\/www.elementlogic.net\/content\/uploads\/sites\/12\/\/2024\/09\/Controller1.jpg\",\"width\":1920,\"height\":1920},{\"@type\":\"BreadcrumbList\",\"@id\":\"https:\/\/www.elementlogic.net\/es\/soluciones-y-servicios\/autostore\/controlador\/#breadcrumb\",\"itemListElement\":[{\"@type\":\"ListItem\",\"position\":1,\"name\":\"Soluciones y servicios\",\"item\":\"https:\/\/www.elementlogic.net\/es\/soluciones-y-servicios\/\"},{\"@type\":\"ListItem\",\"position\":2,\"name\":\"AutoStore\",\"item\":\"https:\/\/www.elementlogic.net\/es\/soluciones-y-servicios\/autostore\/\"},{\"@type\":\"ListItem\",\"position\":3,\"name\":\"Controlador\"}]},{\"@type\":\"WebSite\",\"@id\":\"https:\/\/www.elementlogic.net\/es\/#website\",\"url\":\"https:\/\/www.elementlogic.net\/es\/\",\"name\":\"Element Logic Spain\",\"description\":\"\",\"potentialAction\":[{\"@type\":\"SearchAction\",\"target\":{\"@type\":\"EntryPoint\",\"urlTemplate\":\"https:\/\/www.elementlogic.net\/es\/?s={search_term_string}\"},\"query-input\":{\"@type\":\"PropertyValueSpecification\",\"valueRequired\":true,\"valueName\":\"search_term_string\"}}],\"inLanguage\":\"es\"}]}<\/script>\n<!-- \/ Yoast SEO Premium plugin. -->","yoast_head_json":{"title":"AutoStore Controlador","description":"El Controlador de AutoStore act\u00faa como el centro de mando, encargado de seguir la ubicaci\u00f3n de las cubetas, los robots y los puertos, adem\u00e1s de gestionar el tr\u00e1fico y planificar las rutas para las tareas que realizan los robots.\u00a0","robots":{"index":"index","follow":"follow","max-snippet":"max-snippet:-1","max-image-preview":"max-image-preview:large","max-video-preview":"max-video-preview:-1"},"canonical":"https:\/\/www.elementlogic.net\/es\/soluciones-y-servicios\/autostore\/controlador\/","og_locale":"es_ES","og_type":"article","og_title":"Controlador","og_description":"El Controlador de AutoStore act\u00faa como el centro de mando, encargado de seguir la ubicaci\u00f3n de las cubetas, los robots y los puertos, adem\u00e1s de gestionar el tr\u00e1fico y planificar las rutas para las tareas que realizan los robots.\u00a0","og_url":"https:\/\/www.elementlogic.net\/es\/soluciones-y-servicios\/autostore\/controlador\/","og_site_name":"Element Logic Spain","article_modified_time":"2024-12-04T09:24:46+00:00","og_image":[{"width":1920,"height":1920,"url":"https:\/\/www.elementlogic.net\/content\/uploads\/sites\/12\/\/2024\/09\/Controller1.jpg","type":"image\/jpeg"}],"twitter_card":"summary_large_image","twitter_misc":{"Tiempo de lectura":"1 minuto"},"schema":{"@context":"https:\/\/schema.org","@graph":[{"@type":"WebPage","@id":"https:\/\/www.elementlogic.net\/es\/soluciones-y-servicios\/autostore\/controlador\/","url":"https:\/\/www.elementlogic.net\/es\/soluciones-y-servicios\/autostore\/controlador\/","name":"AutoStore Controlador","isPartOf":{"@id":"https:\/\/www.elementlogic.net\/es\/#website"},"primaryImageOfPage":{"@id":"https:\/\/www.elementlogic.net\/es\/soluciones-y-servicios\/autostore\/controlador\/#primaryimage"},"image":{"@id":"https:\/\/www.elementlogic.net\/es\/soluciones-y-servicios\/autostore\/controlador\/#primaryimage"},"thumbnailUrl":"https:\/\/www.elementlogic.net\/content\/uploads\/sites\/12\/\/2024\/09\/Controller1.jpg","datePublished":"2024-09-03T13:08:58+00:00","dateModified":"2024-12-04T09:24:46+00:00","description":"El Controlador de AutoStore act\u00faa como el centro de mando, encargado de seguir la ubicaci\u00f3n de las cubetas, los robots y los puertos, adem\u00e1s de gestionar el tr\u00e1fico y planificar las rutas para las tareas que realizan los robots.\u00a0","breadcrumb":{"@id":"https:\/\/www.elementlogic.net\/es\/soluciones-y-servicios\/autostore\/controlador\/#breadcrumb"},"inLanguage":"es","potentialAction":[{"@type":"ReadAction","target":["https:\/\/www.elementlogic.net\/es\/soluciones-y-servicios\/autostore\/controlador\/"]}]},{"@type":"ImageObject","inLanguage":"es","@id":"https:\/\/www.elementlogic.net\/es\/soluciones-y-servicios\/autostore\/controlador\/#primaryimage","url":"https:\/\/www.elementlogic.net\/content\/uploads\/sites\/12\/\/2024\/09\/Controller1.jpg","contentUrl":"https:\/\/www.elementlogic.net\/content\/uploads\/sites\/12\/\/2024\/09\/Controller1.jpg","width":1920,"height":1920},{"@type":"BreadcrumbList","@id":"https:\/\/www.elementlogic.net\/es\/soluciones-y-servicios\/autostore\/controlador\/#breadcrumb","itemListElement":[{"@type":"ListItem","position":1,"name":"Soluciones y servicios","item":"https:\/\/www.elementlogic.net\/es\/soluciones-y-servicios\/"},{"@type":"ListItem","position":2,"name":"AutoStore","item":"https:\/\/www.elementlogic.net\/es\/soluciones-y-servicios\/autostore\/"},{"@type":"ListItem","position":3,"name":"Controlador"}]},{"@type":"WebSite","@id":"https:\/\/www.elementlogic.net\/es\/#website","url":"https:\/\/www.elementlogic.net\/es\/","name":"Element Logic Spain","description":"","potentialAction":[{"@type":"SearchAction","target":{"@type":"EntryPoint","urlTemplate":"https:\/\/www.elementlogic.net\/es\/?s={search_term_string}"},"query-input":{"@type":"PropertyValueSpecification","valueRequired":true,"valueName":"search_term_string"}}],"inLanguage":"es"}]}},"_links":{"self":[{"href":"https:\/\/www.elementlogic.net\/es\/wp-json\/wp\/v2\/pages\/188"}],"collection":[{"href":"https:\/\/www.elementlogic.net\/es\/wp-json\/wp\/v2\/pages"}],"about":[{"href":"https:\/\/www.elementlogic.net\/es\/wp-json\/wp\/v2\/types\/page"}],"author":[{"embeddable":true,"href":"https:\/\/www.elementlogic.net\/es\/wp-json\/wp\/v2\/users\/3"}],"replies":[{"embeddable":true,"href":"https:\/\/www.elementlogic.net\/es\/wp-json\/wp\/v2\/comments?post=188"}],"version-history":[{"count":4,"href":"https:\/\/www.elementlogic.net\/es\/wp-json\/wp\/v2\/pages\/188\/revisions"}],"predecessor-version":[{"id":2706,"href":"https:\/\/www.elementlogic.net\/es\/wp-json\/wp\/v2\/pages\/188\/revisions\/2706"}],"up":[{"embeddable":true,"href":"https:\/\/www.elementlogic.net\/es\/wp-json\/wp\/v2\/pages\/212"}],"wp:featuredmedia":[{"embeddable":true,"href":"https:\/\/www.elementlogic.net\/es\/wp-json\/wp\/v2\/media\/189"}],"wp:attachment":[{"href":"https:\/\/www.elementlogic.net\/es\/wp-json\/wp\/v2\/media?parent=188"}],"curies":[{"name":"wp","href":"https:\/\/api.w.org\/{rel}","templated":true}]}}