{"id":210,"date":"2024-09-03T09:38:10","date_gmt":"2024-09-03T07:38:10","guid":{"rendered":"https:\/\/www.elementlogic.net\/?page_id=750"},"modified":"2026-03-24T15:56:53","modified_gmt":"2026-03-24T15:56:53","slug":"sobre-element-logic","status":"publish","type":"page","link":"https:\/\/www.elementlogic.net\/es\/sobre-element-logic\/","title":{"rendered":"Sobre Element Logic"},"content":{"rendered":"\n\t\t<div style=\"--dekode-hero-dim:0.5; --t2-icon-fill:var(--wp--preset--color--white); min-height:500px;\" class=\"alignfull dekode-hero-content-position-center has-media-background wp-elements-805f31f94c3752974fd0a981cb6c46d8 wp-block-dekode-hero has-text-color has-white-color\">\n\t\t\t<img loading=\"lazy\" decoding=\"async\" width=\"1024\" height=\"614\" src=\"https:\/\/www.elementlogic.net\/content\/uploads\/sites\/12\/\/2024\/09\/autostore_efficiency-1024x614.jpg\" class=\"dekode-hero__image\" alt=\"\" style=\"--focalpoint: 50% 50%;\" srcset=\"https:\/\/www.elementlogic.net\/content\/uploads\/sites\/12\/2024\/09\/autostore_efficiency-1024x614.jpg 1024w, https:\/\/www.elementlogic.net\/content\/uploads\/sites\/12\/2024\/09\/autostore_efficiency-300x180.jpg 300w, https:\/\/www.elementlogic.net\/content\/uploads\/sites\/12\/2024\/09\/autostore_efficiency-768x461.jpg 768w, https:\/\/www.elementlogic.net\/content\/uploads\/sites\/12\/2024\/09\/autostore_efficiency-1536x922.jpg 1536w, https:\/\/www.elementlogic.net\/content\/uploads\/sites\/12\/2024\/09\/autostore_efficiency.jpg 1600w\" sizes=\"(max-width: 1024px) 100vw, 1024px\" \/>\n\t\t\t<div class=\"dekode-hero__content\">\n\t\t\t\t<div class=\"dekode-hero__container\">\n\t\t\t\t\t\n\n<h1 class=\"wp-block-heading has-text-align-center\" id=\"sobre-element-logic\">Sobre Element Logic<\/h1>\n\n\n<p class=\"t2-ingress has-text-align-center wp-block-t2-ingress\">Desde 1985, en Element Logic\u00ae ayudamos a optimizar el rendimiento de los almacenes, simplificando la complejidad y contribuyendo a mejorar la competitividad de las empresas.<\/p>\n\n\t\t\t\t<\/div>\n\t\t\t<\/div>\n\t\t<\/div>\n\t\t\n\n\n<p>Como especialistas globales en automatizaci\u00f3n inteligente de almacenes, combinamos tecnolog\u00eda avanzada, experiencia y un enfoque centrado en las personas para mejorar las operaciones log\u00edsticas. Integramos rob\u00f3tica de \u00faltima generaci\u00f3n con software basado en IA para optimizar el rendimiento de almacenes en todo el mundo.<\/p>\n\n\n\n<p>Dise\u00f1amos soluciones escalables y flexibles que aumentan la eficiencia y simplifican la operativa, permitiendo a nuestros clientes incorporar nuevas funcionalidades a medida que evolucionan sus necesidades.<\/p>\n\n\n\n<p>No nos limitamos a implantar tecnolog\u00eda: resolvemos problemas reales. Nuestro objetivo es hacer que tu almac\u00e9n sea m\u00e1s r\u00e1pido, m\u00e1s eficiente y m\u00e1s sostenible. Entendemos el almac\u00e9n como un todo y dise\u00f1amos soluciones adaptadas a cada operativa.<\/p>\n\n\n\n\t\t<div class=\"alignwide is-mode-constrained is-gap-center wp-block-t2-simple-media-text   \">\n\t\t\t<div class=\"t2-simple-media-text__container\">\n\t\t\t\t<div class=\"t2-simple-media-text__image\"><img loading=\"lazy\" decoding=\"async\" width=\"768\" height=\"513\" src=\"https:\/\/www.elementlogic.net\/content\/uploads\/sites\/12\/\/2024\/09\/ElementLogic-OCC-0915.22-08470-flip-scaled-768x513.jpg\" class=\"\" alt=\"\" style=\"--focalpoint: 50% 50%;\" srcset=\"https:\/\/www.elementlogic.net\/content\/uploads\/sites\/12\/2024\/09\/ElementLogic-OCC-0915.22-08470-flip-scaled-768x513.jpg 768w, https:\/\/www.elementlogic.net\/content\/uploads\/sites\/12\/2024\/09\/ElementLogic-OCC-0915.22-08470-flip-scaled-300x200.jpg 300w, https:\/\/www.elementlogic.net\/content\/uploads\/sites\/12\/2024\/09\/ElementLogic-OCC-0915.22-08470-flip-scaled-1024x684.jpg 1024w, https:\/\/www.elementlogic.net\/content\/uploads\/sites\/12\/2024\/09\/ElementLogic-OCC-0915.22-08470-flip-scaled-1536x1026.jpg 1536w, https:\/\/www.elementlogic.net\/content\/uploads\/sites\/12\/2024\/09\/ElementLogic-OCC-0915.22-08470-flip-scaled-2048x1368.jpg 2048w\" sizes=\"(max-width: 768px) 100vw, 768px\" \/><\/div>\n\t\t\t\t<div class=\"t2-simple-media-text__content-container\">\n\t\t\t\t\t<div class=\"t2-simple-media-text__content\">\n\t\t\t\t\t\t<div class=\"t2-simple-media-text__content-inner\">\n\t\t\t\t\t\t\t\n\n<h3 class=\"wp-block-heading\" id=\"nuestra-historia\">Nuestra historia<\/h3>\n\n\n\n<p>Descubre c\u00f3mo empez\u00f3 nuestro proyecto, lo que representamos y lo que nos mueve.<\/p>\n\n\n\n<div class=\"wp-block-buttons is-layout-flex wp-block-buttons-is-layout-flex\">\n<div class=\"wp-block-button is-style-fill has-icon has-icon-theme_arrow\"><a class=\"wp-block-button__link wp-element-button\" href=\"https:\/\/www.elementlogic.net\/es\/sobre-element-logic\/nuestra-historia\/\">Descubre m\u00e1s<svg xmlns=\"http:\/\/www.w3.org\/2000\/svg\" viewBox=\"0 0 24 24\" height=\"24\" width=\"24\" class=\"t2-icon t2-icon-theme_arrow\" aria-hidden=\"true\" focusable=\"false\"><path d=\"M16.627 12.75H5.25C5.03717 12.75 4.859 12.6782 4.7155 12.5345C4.57183 12.391 4.5 12.2128 4.5 12C4.5 11.7872 4.57183 11.609 4.7155 11.4655C4.859 11.3218 5.03717 11.25 5.25 11.25H16.627L11.4577 6.08076C11.3091 5.93209 11.2357 5.75809 11.2375 5.55876C11.2395 5.35942 11.318 5.18217 11.473 5.02701C11.6282 4.88217 11.8038 4.80717 12 4.80201C12.1962 4.79684 12.3718 4.87184 12.527 5.02701L18.8673 11.3673C18.9609 11.4609 19.0269 11.5597 19.0652 11.6635C19.1037 11.7673 19.123 11.8795 19.123 12C19.123 12.1205 19.1037 12.2327 19.0652 12.3365C19.0269 12.4403 18.9609 12.5391 18.8673 12.6328L12.527 18.973C12.3885 19.1115 12.217 19.1823 12.0125 19.1855C11.808 19.1887 11.6282 19.1178 11.473 18.973C11.318 18.8178 11.2405 18.6397 11.2405 18.4385C11.2405 18.2372 11.318 18.0589 11.473 17.9038L16.627 12.75Z\" fill=\"var(--t2-icon-fill, #000)\"\/><\/svg><\/a><\/div>\n<\/div>\n\n\n\t\t\t\t\t\t<\/div>\n\t\t\t\t\t<\/div>\n\t\t\t\t<\/div>\n\t\t\t<\/div>\n\t\t<\/div>\n\t\t\n\n\n<div class=\"wp-block-group alignwide has-global-padding is-layout-constrained wp-block-group-is-layout-constrained\">\n\t\t<div class=\"alignwide is-mode-constrained is-gap-center has-media-on-the-right wp-block-t2-simple-media-text   \">\n\t\t\t<div class=\"t2-simple-media-text__container\">\n\t\t\t\t<div class=\"t2-simple-media-text__image\"><img loading=\"lazy\" decoding=\"async\" width=\"768\" height=\"512\" src=\"https:\/\/www.elementlogic.net\/content\/uploads\/sites\/12\/\/2024\/09\/image-11-768x512.jpeg\" class=\"\" alt=\"\" style=\"--focalpoint: 65% 14%;\" srcset=\"https:\/\/www.elementlogic.net\/content\/uploads\/sites\/12\/2024\/09\/image-11-768x512.jpeg 768w, https:\/\/www.elementlogic.net\/content\/uploads\/sites\/12\/2024\/09\/image-11-300x200.jpeg 300w, https:\/\/www.elementlogic.net\/content\/uploads\/sites\/12\/2024\/09\/image-11.jpeg 1024w\" sizes=\"(max-width: 768px) 100vw, 768px\" \/><\/div>\n\t\t\t\t<div class=\"t2-simple-media-text__content-container\">\n\t\t\t\t\t<div class=\"t2-simple-media-text__content\">\n\t\t\t\t\t\t<div class=\"t2-simple-media-text__content-inner\">\n\t\t\t\t\t\t\t\n\n<h3 class=\"wp-block-heading\" id=\"talento\">Talento<\/h3>\n\n\n\n<p>Element Logic est\u00e1 formada por profesionales comprometidos y competentes que valoran los retos y las oportunidades de desarrollo.<\/p>\n\n\n\n<div class=\"wp-block-buttons is-layout-flex wp-block-buttons-is-layout-flex\">\n<div class=\"wp-block-button is-style-fill has-icon has-icon-theme_arrow\"><a class=\"wp-block-button__link wp-element-button\" href=\"https:\/\/www.elementlogic.net\/es\/sobre-element-logic\/carrera-profesional\/\">Descubre m\u00e1s<svg xmlns=\"http:\/\/www.w3.org\/2000\/svg\" viewBox=\"0 0 24 24\" height=\"24\" width=\"24\" class=\"t2-icon t2-icon-theme_arrow\" aria-hidden=\"true\" focusable=\"false\"><path d=\"M16.627 12.75H5.25C5.03717 12.75 4.859 12.6782 4.7155 12.5345C4.57183 12.391 4.5 12.2128 4.5 12C4.5 11.7872 4.57183 11.609 4.7155 11.4655C4.859 11.3218 5.03717 11.25 5.25 11.25H16.627L11.4577 6.08076C11.3091 5.93209 11.2357 5.75809 11.2375 5.55876C11.2395 5.35942 11.318 5.18217 11.473 5.02701C11.6282 4.88217 11.8038 4.80717 12 4.80201C12.1962 4.79684 12.3718 4.87184 12.527 5.02701L18.8673 11.3673C18.9609 11.4609 19.0269 11.5597 19.0652 11.6635C19.1037 11.7673 19.123 11.8795 19.123 12C19.123 12.1205 19.1037 12.2327 19.0652 12.3365C19.0269 12.4403 18.9609 12.5391 18.8673 12.6328L12.527 18.973C12.3885 19.1115 12.217 19.1823 12.0125 19.1855C11.808 19.1887 11.6282 19.1178 11.473 18.973C11.318 18.8178 11.2405 18.6397 11.2405 18.4385C11.2405 18.2372 11.318 18.0589 11.473 17.9038L16.627 12.75Z\" fill=\"var(--t2-icon-fill, #000)\"\/><\/svg><\/a><\/div>\n<\/div>\n\n\n\t\t\t\t\t\t<\/div>\n\t\t\t\t\t<\/div>\n\t\t\t\t<\/div>\n\t\t\t<\/div>\n\t\t<\/div>\n\t\t\n\n\n\t\t<div class=\"alignwide is-mode-constrained is-gap-center wp-block-t2-simple-media-text   \">\n\t\t\t<div class=\"t2-simple-media-text__container\">\n\t\t\t\t<div class=\"t2-simple-media-text__image\"><img loading=\"lazy\" decoding=\"async\" width=\"768\" height=\"426\" src=\"https:\/\/www.elementlogic.net\/content\/uploads\/sites\/12\/\/2024\/09\/image-51-768x426.png\" class=\"\" alt=\"\" style=\"--focalpoint: 50% 50%;\" srcset=\"https:\/\/www.elementlogic.net\/content\/uploads\/sites\/12\/2024\/09\/image-51-768x426.png 768w, https:\/\/www.elementlogic.net\/content\/uploads\/sites\/12\/2024\/09\/image-51-300x166.png 300w, https:\/\/www.elementlogic.net\/content\/uploads\/sites\/12\/2024\/09\/image-51-1024x568.png 1024w, https:\/\/www.elementlogic.net\/content\/uploads\/sites\/12\/2024\/09\/image-51-1536x852.png 1536w, https:\/\/www.elementlogic.net\/content\/uploads\/sites\/12\/2024\/09\/image-51-2048x1135.png 2048w\" sizes=\"(max-width: 768px) 100vw, 768px\" \/><\/div>\n\t\t\t\t<div class=\"t2-simple-media-text__content-container\">\n\t\t\t\t\t<div class=\"t2-simple-media-text__content\">\n\t\t\t\t\t\t<div class=\"t2-simple-media-text__content-inner\">\n\t\t\t\t\t\t\t\n\n<h3 class=\"wp-block-heading\" id=\"management\">D\u00f3nde estamos<\/h3>\n\n\n\n<p>Localiza las oficinas de Element Logic y contacta con nosotros hoy mismo.<\/p>\n\n\n\n<div class=\"wp-block-buttons is-layout-flex wp-block-buttons-is-layout-flex\">\n<div class=\"wp-block-button is-style-fill has-icon has-icon-theme_arrow\"><a class=\"wp-block-button__link wp-element-button\" href=\"https:\/\/www.elementlogic.net\/about-us\/locations\/\">Descubre m\u00e1s<svg xmlns=\"http:\/\/www.w3.org\/2000\/svg\" viewBox=\"0 0 24 24\" height=\"24\" width=\"24\" class=\"t2-icon t2-icon-theme_arrow\" aria-hidden=\"true\" focusable=\"false\"><path d=\"M16.627 12.75H5.25C5.03717 12.75 4.859 12.6782 4.7155 12.5345C4.57183 12.391 4.5 12.2128 4.5 12C4.5 11.7872 4.57183 11.609 4.7155 11.4655C4.859 11.3218 5.03717 11.25 5.25 11.25H16.627L11.4577 6.08076C11.3091 5.93209 11.2357 5.75809 11.2375 5.55876C11.2395 5.35942 11.318 5.18217 11.473 5.02701C11.6282 4.88217 11.8038 4.80717 12 4.80201C12.1962 4.79684 12.3718 4.87184 12.527 5.02701L18.8673 11.3673C18.9609 11.4609 19.0269 11.5597 19.0652 11.6635C19.1037 11.7673 19.123 11.8795 19.123 12C19.123 12.1205 19.1037 12.2327 19.0652 12.3365C19.0269 12.4403 18.9609 12.5391 18.8673 12.6328L12.527 18.973C12.3885 19.1115 12.217 19.1823 12.0125 19.1855C11.808 19.1887 11.6282 19.1178 11.473 18.973C11.318 18.8178 11.2405 18.6397 11.2405 18.4385C11.2405 18.2372 11.318 18.0589 11.473 17.9038L16.627 12.75Z\" fill=\"var(--t2-icon-fill, #000)\"\/><\/svg><\/a><\/div>\n<\/div>\n\n\n\t\t\t\t\t\t<\/div>\n\t\t\t\t\t<\/div>\n\t\t\t\t<\/div>\n\t\t\t<\/div>\n\t\t<\/div>\n\t\t<\/div>\n","protected":false},"excerpt":{"rendered":"<p>Como especialistas globales en automatizaci\u00f3n inteligente de almacenes, combinamos tecnolog\u00eda avanzada, experiencia y un enfoque centrado en las personas para [&hellip;]<\/p>\n","protected":false},"author":6,"featured_media":0,"parent":0,"menu_order":0,"comment_status":"closed","ping_status":"closed","template":"","meta":{"hreflang_relation":750,"_el_cross_publish_source_blog_url":"","_el_cross_publish_source_blog_id":0,"_el_cross_publish_source_post_id":0,"_el_cross_publish_sync_state":"","exclude_from_search":false,"footnotes":""},"class_list":["post-210","page","type-page","status-publish","hentry"],"yoast_head":"<!-- This site is optimized with the Yoast SEO Premium plugin v23.9 (Yoast SEO v23.9) - https:\/\/yoast.com\/wordpress\/plugins\/seo\/ -->\n<title>Sobre Element Logic, especialista en AutoStore<\/title>\n<meta name=\"description\" content=\"Dise\u00f1amos, suministramos e instalamos una amplia gama de soluciones de almacenamiento automatizadas y est\u00e1ticas para empresas de toda Europa.\" \/>\n<meta name=\"robots\" content=\"index, follow, max-snippet:-1, max-image-preview:large, max-video-preview:-1\" \/>\n<link rel=\"canonical\" href=\"https:\/\/www.elementlogic.net\/es\/sobre-element-logic\/\" \/>\n<meta property=\"og:locale\" content=\"es_ES\" \/>\n<meta property=\"og:type\" content=\"article\" \/>\n<meta property=\"og:title\" content=\"Sobre Element Logic\" \/>\n<meta property=\"og:description\" content=\"Dise\u00f1amos, suministramos e instalamos una amplia gama de soluciones de almacenamiento automatizadas y est\u00e1ticas para empresas de toda Europa.\" \/>\n<meta property=\"og:url\" content=\"https:\/\/www.elementlogic.net\/es\/sobre-element-logic\/\" \/>\n<meta property=\"og:site_name\" content=\"Element Logic Spain\" \/>\n<meta property=\"article:modified_time\" content=\"2026-03-24T15:56:53+00:00\" \/>\n<meta name=\"twitter:card\" content=\"summary_large_image\" \/>\n<meta name=\"twitter:label1\" content=\"Tiempo de lectura\" \/>\n\t<meta name=\"twitter:data1\" content=\"1 minuto\" \/>\n<script type=\"application\/ld+json\" class=\"yoast-schema-graph\">{\"@context\":\"https:\/\/schema.org\",\"@graph\":[{\"@type\":\"WebPage\",\"@id\":\"https:\/\/www.elementlogic.net\/es\/sobre-element-logic\/\",\"url\":\"https:\/\/www.elementlogic.net\/es\/sobre-element-logic\/\",\"name\":\"Sobre Element Logic, especialista en AutoStore\",\"isPartOf\":{\"@id\":\"https:\/\/www.elementlogic.net\/es\/#website\"},\"datePublished\":\"2024-09-03T07:38:10+00:00\",\"dateModified\":\"2026-03-24T15:56:53+00:00\",\"description\":\"Dise\u00f1amos, suministramos e instalamos una amplia gama de soluciones de almacenamiento automatizadas y est\u00e1ticas para empresas de toda Europa.\",\"inLanguage\":\"es\",\"potentialAction\":[{\"@type\":\"ReadAction\",\"target\":[\"https:\/\/www.elementlogic.net\/es\/sobre-element-logic\/\"]}]},{\"@type\":\"WebSite\",\"@id\":\"https:\/\/www.elementlogic.net\/es\/#website\",\"url\":\"https:\/\/www.elementlogic.net\/es\/\",\"name\":\"Element Logic Spain\",\"description\":\"\",\"potentialAction\":[{\"@type\":\"SearchAction\",\"target\":{\"@type\":\"EntryPoint\",\"urlTemplate\":\"https:\/\/www.elementlogic.net\/es\/?s={search_term_string}\"},\"query-input\":{\"@type\":\"PropertyValueSpecification\",\"valueRequired\":true,\"valueName\":\"search_term_string\"}}],\"inLanguage\":\"es\"}]}<\/script>\n<!-- \/ Yoast SEO Premium plugin. -->","yoast_head_json":{"title":"Sobre Element Logic, especialista en AutoStore","description":"Dise\u00f1amos, suministramos e instalamos una amplia gama de soluciones de almacenamiento automatizadas y est\u00e1ticas para empresas de toda Europa.","robots":{"index":"index","follow":"follow","max-snippet":"max-snippet:-1","max-image-preview":"max-image-preview:large","max-video-preview":"max-video-preview:-1"},"canonical":"https:\/\/www.elementlogic.net\/es\/sobre-element-logic\/","og_locale":"es_ES","og_type":"article","og_title":"Sobre Element Logic","og_description":"Dise\u00f1amos, suministramos e instalamos una amplia gama de soluciones de almacenamiento automatizadas y est\u00e1ticas para empresas de toda Europa.","og_url":"https:\/\/www.elementlogic.net\/es\/sobre-element-logic\/","og_site_name":"Element Logic Spain","article_modified_time":"2026-03-24T15:56:53+00:00","twitter_card":"summary_large_image","twitter_misc":{"Tiempo de lectura":"1 minuto"},"schema":{"@context":"https:\/\/schema.org","@graph":[{"@type":"WebPage","@id":"https:\/\/www.elementlogic.net\/es\/sobre-element-logic\/","url":"https:\/\/www.elementlogic.net\/es\/sobre-element-logic\/","name":"Sobre Element Logic, especialista en AutoStore","isPartOf":{"@id":"https:\/\/www.elementlogic.net\/es\/#website"},"datePublished":"2024-09-03T07:38:10+00:00","dateModified":"2026-03-24T15:56:53+00:00","description":"Dise\u00f1amos, suministramos e instalamos una amplia gama de soluciones de almacenamiento automatizadas y est\u00e1ticas para empresas de toda Europa.","inLanguage":"es","potentialAction":[{"@type":"ReadAction","target":["https:\/\/www.elementlogic.net\/es\/sobre-element-logic\/"]}]},{"@type":"WebSite","@id":"https:\/\/www.elementlogic.net\/es\/#website","url":"https:\/\/www.elementlogic.net\/es\/","name":"Element Logic Spain","description":"","potentialAction":[{"@type":"SearchAction","target":{"@type":"EntryPoint","urlTemplate":"https:\/\/www.elementlogic.net\/es\/?s={search_term_string}"},"query-input":{"@type":"PropertyValueSpecification","valueRequired":true,"valueName":"search_term_string"}}],"inLanguage":"es"}]}},"_links":{"self":[{"href":"https:\/\/www.elementlogic.net\/es\/wp-json\/wp\/v2\/pages\/210"}],"collection":[{"href":"https:\/\/www.elementlogic.net\/es\/wp-json\/wp\/v2\/pages"}],"about":[{"href":"https:\/\/www.elementlogic.net\/es\/wp-json\/wp\/v2\/types\/page"}],"author":[{"embeddable":true,"href":"https:\/\/www.elementlogic.net\/es\/wp-json\/wp\/v2\/users\/6"}],"replies":[{"embeddable":true,"href":"https:\/\/www.elementlogic.net\/es\/wp-json\/wp\/v2\/comments?post=210"}],"version-history":[{"count":4,"href":"https:\/\/www.elementlogic.net\/es\/wp-json\/wp\/v2\/pages\/210\/revisions"}],"predecessor-version":[{"id":4543,"href":"https:\/\/www.elementlogic.net\/es\/wp-json\/wp\/v2\/pages\/210\/revisions\/4543"}],"wp:attachment":[{"href":"https:\/\/www.elementlogic.net\/es\/wp-json\/wp\/v2\/media?parent=210"}],"curies":[{"name":"wp","href":"https:\/\/api.w.org\/{rel}","templated":true}]}}