{"id":227,"date":"2024-08-30T06:15:03","date_gmt":"2024-08-30T04:15:03","guid":{"rendered":"https:\/\/www.elementlogic.net\/?page_id=1480"},"modified":"2026-03-24T15:31:38","modified_gmt":"2026-03-24T15:31:38","slug":"software","status":"publish","type":"page","link":"https:\/\/www.elementlogic.net\/es\/soluciones-y-servicios\/software\/","title":{"rendered":"Software"},"content":{"rendered":"\n\t\t<div style=\"--dekode-hero-dim:0.5; --t2-icon-fill:var(--wp--preset--color--white); min-height:500px;\" class=\"alignfull dekode-hero-content-position-center has-media-background wp-block-dekode-hero\">\n\t\t\t\t\t<video\n\t\t\tautoplay\n\t\t\tloop\n\t\t\tmuted\n\t\t\tplaysinline\n\t\t\tposter=\"https:\/\/www.elementlogic.net\/content\/uploads\/sites\/12\/\/2024\/09\/EL_eLogiq_-11-1024x683-1.jpg\"\n\t\t\tsrc=\"https:\/\/www.elementlogic.net\/content\/uploads\/sites\/12\/2026\/03\/software-1.mp4\">\n\t\t<\/video>\n\t\t\n\t\t\t<div class=\"dekode-hero__content\">\n\t\t\t\t<div class=\"dekode-hero__container\">\n\t\t\t\t\t\n\n<h1 class=\"wp-block-heading has-text-align-center\" id=\"software-de-almacen-de-element-logic\"><strong>Software de almac\u00e9n de Element Logic<\/strong><\/h1>\n\n\n\n<p class=\"has-text-align-center\">Optimiza cada proceso. Mejora el rendimiento de tu operativa<\/p>\n\n\n\n<div class=\"wp-block-buttons is-layout-flex wp-block-buttons-is-layout-flex\"><\/div>\n\n\n\t\t\t\t<\/div>\n\t\t\t<\/div>\n\t\t<\/div>\n\t\t\n\n\n<p>La eficiencia de un almac\u00e9n depende de su capacidad para trabajar con datos y tomar decisiones con rapidez. El software de Element Logic conecta toda la operativa, desde la recepci\u00f3n hasta la expedici\u00f3n, en un \u00fanico sistema que aporta control, precisi\u00f3n y eficiencia.<\/p>\n\n\n\n<p>Nuestra propuesta de software incluye <a href=\"https:\/\/www.elementlogic.net\/es\/soluciones-y-servicios\/autostore\/software\/sistema-control-almacen-wcs\/\">Sistemas de control de almac\u00e9n <\/a>(WCS, por sus siglas en ingl\u00e9s) y <a href=\"https:\/\/www.elementlogic.net\/es\/soluciones-y-servicios\/autostore\/software\/software-avanzado-almacen-elogiq\/\">Software avanzado de almac\u00e9n (eLogiq)<\/a>, para que personas, robots y datos operen como un \u00fanico ecosistema optimizado.<\/p>\n\n\n\n\t\t<div class=\"alignwide is-mode-constrained is-gap-center has-media-on-the-right wp-block-t2-simple-media-text   \">\n\t\t\t<div class=\"t2-simple-media-text__container\">\n\t\t\t\t<div class=\"t2-simple-media-text__image\"><img loading=\"lazy\" decoding=\"async\" width=\"768\" height=\"721\" src=\"https:\/\/www.elementlogic.net\/content\/uploads\/sites\/12\/2026\/03\/emanager-solutions-1024x961-1-3-768x721.jpg\" class=\"\" alt=\"Operario en estaci\u00f3n de picking usando un monitor y un esc\u00e1ner de mano en un entorno de automatizaci\u00f3n de almac\u00e9n.\" style=\"--focalpoint: 53% 33%;\" srcset=\"https:\/\/www.elementlogic.net\/content\/uploads\/sites\/12\/2026\/03\/emanager-solutions-1024x961-1-3-768x721.jpg 768w, https:\/\/www.elementlogic.net\/content\/uploads\/sites\/12\/2026\/03\/emanager-solutions-1024x961-1-3-300x282.jpg 300w, https:\/\/www.elementlogic.net\/content\/uploads\/sites\/12\/2026\/03\/emanager-solutions-1024x961-1-3.jpg 1024w\" sizes=\"(max-width: 768px) 100vw, 768px\" \/><\/div>\n\t\t\t\t<div class=\"t2-simple-media-text__content-container\">\n\t\t\t\t\t<div class=\"t2-simple-media-text__content\">\n\t\t\t\t\t\t<div class=\"t2-simple-media-text__content-inner\">\n\t\t\t\t\t\t\t\n\n<h3 class=\"wp-block-heading\" id=\"h-control-total-de-la-operativa\"><strong>Control total de la operativa<\/strong><\/h3>\n\n\n\n<p>Nuestros <strong>Sistemas de control de almac\u00e9n (WCS)<\/strong> coordinan de forma continua los equipos automatizados y las tareas manuales. Supervisan y sincronizan cada movimiento en tiempo real, actuando como el n\u00facleo que mantiene la operativa en marcha.<\/p>\n\n\n\n<p><strong>Minimiza paradas. Maximiza el flujo.<\/strong><\/p>\n\n\n\n<div class=\"wp-block-buttons is-layout-flex wp-block-buttons-is-layout-flex\">\n<div class=\"wp-block-button is-style-fill\"><a class=\"wp-block-button__link wp-element-button\" href=\"https:\/\/www.elementlogic.net\/es\/soluciones-y-servicios\/autostore\/software\/sistema-control-almacen-wcs\/\">Explora los Sistemas de control de almac\u00e9n<\/a><\/div>\n<\/div>\n\n\n\t\t\t\t\t\t<\/div>\n\t\t\t\t\t<\/div>\n\t\t\t\t<\/div>\n\t\t\t<\/div>\n\t\t<\/div>\n\t\t\n\n\n\t\t<div class=\"alignwide is-mode-constrained is-gap-center wp-block-t2-simple-media-text   \">\n\t\t\t<div class=\"t2-simple-media-text__container\">\n\t\t\t\t<div class=\"t2-simple-media-text__image\"><img loading=\"lazy\" decoding=\"async\" width=\"768\" height=\"512\" src=\"https:\/\/www.elementlogic.net\/content\/uploads\/sites\/12\/2026\/03\/image-128-768x512.png\" class=\"\" alt=\"Persona trabajando frente a dos monitores: panel de KPIs de picking y pantalla de c\u00f3digo.\" style=\"--focalpoint: 50% 50%;\" srcset=\"https:\/\/www.elementlogic.net\/content\/uploads\/sites\/12\/2026\/03\/image-128-768x512.png 768w, https:\/\/www.elementlogic.net\/content\/uploads\/sites\/12\/2026\/03\/image-128-300x200.png 300w, https:\/\/www.elementlogic.net\/content\/uploads\/sites\/12\/2026\/03\/image-128-1024x683.png 1024w, https:\/\/www.elementlogic.net\/content\/uploads\/sites\/12\/2026\/03\/image-128-1536x1024.png 1536w, https:\/\/www.elementlogic.net\/content\/uploads\/sites\/12\/2026\/03\/image-128.png 2048w\" sizes=\"(max-width: 768px) 100vw, 768px\" \/><\/div>\n\t\t\t\t<div class=\"t2-simple-media-text__content-container\">\n\t\t\t\t\t<div class=\"t2-simple-media-text__content\">\n\t\t\t\t\t\t<div class=\"t2-simple-media-text__content-inner\">\n\t\t\t\t\t\t\t\n\n<h3 class=\"wp-block-heading\" id=\"h-mejores-decisiones-con-el-software-avanzado-de-almacen-elogiq\"><strong>Mejores decisiones con el Software avanzado de almac\u00e9n (eLogiq)<\/strong><\/h3>\n\n\n\n<p>El<strong> Software avanzado de almac\u00e9n (eLogiq)<\/strong> transforma los datos de tu operativa en informaci\u00f3n \u00fatil para tomar decisiones. Ofrece paneles en tiempo real, an\u00e1lisis predictivo y recomendaciones que te ayudan a mejorar la eficiencia, reducir desperdicios y optimizar el uso de los recursos.<\/p>\n\n\n\n<p><strong>Minimiza la incertidumbre. Maximiza el rendimiento.<\/strong><\/p>\n\n\n\n<div class=\"wp-block-buttons is-layout-flex wp-block-buttons-is-layout-flex\">\n<div class=\"wp-block-button is-style-fill\"><a class=\"wp-block-button__link wp-element-button\" href=\"https:\/\/www.elementlogic.net\/es\/soluciones-y-servicios\/autostore\/software\/software-avanzado-almacen-elogiq\/\">Explora el Software avanzado de almac\u00e9n<\/a><\/div>\n<\/div>\n\n\n\t\t\t\t\t\t<\/div>\n\t\t\t\t\t<\/div>\n\t\t\t\t<\/div>\n\t\t\t<\/div>\n\t\t<\/div>\n\t\t","protected":false},"excerpt":{"rendered":"<p>La eficiencia de un almac\u00e9n depende de su capacidad para trabajar con datos y tomar decisiones con rapidez. El software [&hellip;]<\/p>\n","protected":false},"author":8,"featured_media":0,"parent":266,"menu_order":0,"comment_status":"closed","ping_status":"closed","template":"","meta":{"hreflang_relation":1480,"_el_cross_publish_source_blog_url":"","_el_cross_publish_source_blog_id":0,"_el_cross_publish_source_post_id":0,"_el_cross_publish_sync_state":"","exclude_from_search":false,"footnotes":""},"class_list":["post-227","page","type-page","status-publish","hentry"],"yoast_head":"<!-- This site is optimized with the Yoast SEO Premium plugin v23.9 (Yoast SEO v23.9) - https:\/\/yoast.com\/wordpress\/plugins\/seo\/ -->\n<title>Software de almacenes - Element Logic<\/title>\n<meta name=\"description\" content=\"Descubre las soluciones de software de almacenes de Element Logic y maximiza el rendimiento de tu almac\u00e9n autom\u00e1tico.\" \/>\n<meta name=\"robots\" content=\"index, follow, max-snippet:-1, max-image-preview:large, max-video-preview:-1\" \/>\n<link rel=\"canonical\" href=\"https:\/\/www.elementlogic.net\/es\/soluciones-y-servicios\/software\/\" \/>\n<meta property=\"og:locale\" content=\"es_ES\" \/>\n<meta property=\"og:type\" content=\"article\" \/>\n<meta property=\"og:title\" content=\"Software\" \/>\n<meta property=\"og:description\" content=\"Descubre las soluciones de software de almacenes de Element Logic y maximiza el rendimiento de tu almac\u00e9n autom\u00e1tico.\" \/>\n<meta property=\"og:url\" content=\"https:\/\/www.elementlogic.net\/es\/soluciones-y-servicios\/software\/\" \/>\n<meta property=\"og:site_name\" content=\"Element Logic Spain\" \/>\n<meta property=\"article:modified_time\" content=\"2026-03-24T15:31:38+00:00\" \/>\n<meta name=\"twitter:card\" content=\"summary_large_image\" \/>\n<meta name=\"twitter:label1\" content=\"Tiempo de lectura\" \/>\n\t<meta name=\"twitter:data1\" content=\"1 minuto\" \/>\n<script type=\"application\/ld+json\" class=\"yoast-schema-graph\">{\"@context\":\"https:\/\/schema.org\",\"@graph\":[{\"@type\":\"WebPage\",\"@id\":\"https:\/\/www.elementlogic.net\/es\/soluciones-y-servicios\/software\/\",\"url\":\"https:\/\/www.elementlogic.net\/es\/soluciones-y-servicios\/software\/\",\"name\":\"Software de almacenes - Element Logic\",\"isPartOf\":{\"@id\":\"https:\/\/www.elementlogic.net\/es\/#website\"},\"datePublished\":\"2024-08-30T04:15:03+00:00\",\"dateModified\":\"2026-03-24T15:31:38+00:00\",\"description\":\"Descubre las soluciones de software de almacenes de Element Logic y maximiza el rendimiento de tu almac\u00e9n autom\u00e1tico.\",\"breadcrumb\":{\"@id\":\"https:\/\/www.elementlogic.net\/es\/soluciones-y-servicios\/software\/#breadcrumb\"},\"inLanguage\":\"es\",\"potentialAction\":[{\"@type\":\"ReadAction\",\"target\":[\"https:\/\/www.elementlogic.net\/es\/soluciones-y-servicios\/software\/\"]}]},{\"@type\":\"BreadcrumbList\",\"@id\":\"https:\/\/www.elementlogic.net\/es\/soluciones-y-servicios\/software\/#breadcrumb\",\"itemListElement\":[{\"@type\":\"ListItem\",\"position\":1,\"name\":\"Soluciones y servicios\",\"item\":\"https:\/\/www.elementlogic.net\/es\/soluciones-y-servicios\/\"},{\"@type\":\"ListItem\",\"position\":2,\"name\":\"Software\"}]},{\"@type\":\"WebSite\",\"@id\":\"https:\/\/www.elementlogic.net\/es\/#website\",\"url\":\"https:\/\/www.elementlogic.net\/es\/\",\"name\":\"Element Logic Spain\",\"description\":\"\",\"potentialAction\":[{\"@type\":\"SearchAction\",\"target\":{\"@type\":\"EntryPoint\",\"urlTemplate\":\"https:\/\/www.elementlogic.net\/es\/?s={search_term_string}\"},\"query-input\":{\"@type\":\"PropertyValueSpecification\",\"valueRequired\":true,\"valueName\":\"search_term_string\"}}],\"inLanguage\":\"es\"}]}<\/script>\n<!-- \/ Yoast SEO Premium plugin. -->","yoast_head_json":{"title":"Software de almacenes - Element Logic","description":"Descubre las soluciones de software de almacenes de Element Logic y maximiza el rendimiento de tu almac\u00e9n autom\u00e1tico.","robots":{"index":"index","follow":"follow","max-snippet":"max-snippet:-1","max-image-preview":"max-image-preview:large","max-video-preview":"max-video-preview:-1"},"canonical":"https:\/\/www.elementlogic.net\/es\/soluciones-y-servicios\/software\/","og_locale":"es_ES","og_type":"article","og_title":"Software","og_description":"Descubre las soluciones de software de almacenes de Element Logic y maximiza el rendimiento de tu almac\u00e9n autom\u00e1tico.","og_url":"https:\/\/www.elementlogic.net\/es\/soluciones-y-servicios\/software\/","og_site_name":"Element Logic Spain","article_modified_time":"2026-03-24T15:31:38+00:00","twitter_card":"summary_large_image","twitter_misc":{"Tiempo de lectura":"1 minuto"},"schema":{"@context":"https:\/\/schema.org","@graph":[{"@type":"WebPage","@id":"https:\/\/www.elementlogic.net\/es\/soluciones-y-servicios\/software\/","url":"https:\/\/www.elementlogic.net\/es\/soluciones-y-servicios\/software\/","name":"Software de almacenes - Element Logic","isPartOf":{"@id":"https:\/\/www.elementlogic.net\/es\/#website"},"datePublished":"2024-08-30T04:15:03+00:00","dateModified":"2026-03-24T15:31:38+00:00","description":"Descubre las soluciones de software de almacenes de Element Logic y maximiza el rendimiento de tu almac\u00e9n autom\u00e1tico.","breadcrumb":{"@id":"https:\/\/www.elementlogic.net\/es\/soluciones-y-servicios\/software\/#breadcrumb"},"inLanguage":"es","potentialAction":[{"@type":"ReadAction","target":["https:\/\/www.elementlogic.net\/es\/soluciones-y-servicios\/software\/"]}]},{"@type":"BreadcrumbList","@id":"https:\/\/www.elementlogic.net\/es\/soluciones-y-servicios\/software\/#breadcrumb","itemListElement":[{"@type":"ListItem","position":1,"name":"Soluciones y servicios","item":"https:\/\/www.elementlogic.net\/es\/soluciones-y-servicios\/"},{"@type":"ListItem","position":2,"name":"Software"}]},{"@type":"WebSite","@id":"https:\/\/www.elementlogic.net\/es\/#website","url":"https:\/\/www.elementlogic.net\/es\/","name":"Element Logic Spain","description":"","potentialAction":[{"@type":"SearchAction","target":{"@type":"EntryPoint","urlTemplate":"https:\/\/www.elementlogic.net\/es\/?s={search_term_string}"},"query-input":{"@type":"PropertyValueSpecification","valueRequired":true,"valueName":"search_term_string"}}],"inLanguage":"es"}]}},"_links":{"self":[{"href":"https:\/\/www.elementlogic.net\/es\/wp-json\/wp\/v2\/pages\/227"}],"collection":[{"href":"https:\/\/www.elementlogic.net\/es\/wp-json\/wp\/v2\/pages"}],"about":[{"href":"https:\/\/www.elementlogic.net\/es\/wp-json\/wp\/v2\/types\/page"}],"author":[{"embeddable":true,"href":"https:\/\/www.elementlogic.net\/es\/wp-json\/wp\/v2\/users\/8"}],"replies":[{"embeddable":true,"href":"https:\/\/www.elementlogic.net\/es\/wp-json\/wp\/v2\/comments?post=227"}],"version-history":[{"count":4,"href":"https:\/\/www.elementlogic.net\/es\/wp-json\/wp\/v2\/pages\/227\/revisions"}],"predecessor-version":[{"id":4541,"href":"https:\/\/www.elementlogic.net\/es\/wp-json\/wp\/v2\/pages\/227\/revisions\/4541"}],"up":[{"embeddable":true,"href":"https:\/\/www.elementlogic.net\/es\/wp-json\/wp\/v2\/pages\/266"}],"wp:attachment":[{"href":"https:\/\/www.elementlogic.net\/es\/wp-json\/wp\/v2\/media?parent=227"}],"curies":[{"name":"wp","href":"https:\/\/api.w.org\/{rel}","templated":true}]}}