{"id":3498,"date":"2025-10-22T09:31:32","date_gmt":"2025-10-22T09:31:32","guid":{"rendered":"https:\/\/www.elementlogic.net\/europe\/?page_id=88"},"modified":"2025-11-26T17:21:51","modified_gmt":"2025-11-26T17:21:51","slug":"automation-as-a-service","status":"publish","type":"page","link":"https:\/\/www.elementlogic.net\/es\/whitepaper\/automation-as-a-service\/","title":{"rendered":"Whitepaper: AaaS"},"content":{"rendered":"\n\t\t<div style=\"--dekode-hero-dim:0.5; --t2-icon-fill:var(--wp--preset--color--white);\" class=\"alignfull dekode-hero-content-position-center has-media-background wp-block-dekode-hero has-text-color has-white-color\">\n\t\t\t<img loading=\"lazy\" decoding=\"async\" width=\"1024\" height=\"768\" src=\"https:\/\/www.elementlogic.net\/content\/uploads\/sites\/12\/2025\/06\/Autostore_Innovation_Hub-Photo_Einar_Aslaksen-00232-kopi-1.jpeg\" class=\"dekode-hero__image\" alt=\"\" style=\"--focalpoint: 50% 50%;\" \/>\n\t\t\t<div class=\"dekode-hero__content\">\n\t\t\t\t<div class=\"dekode-hero__container\">\n\t\t\t\t\t\n\n<h1 class=\"wp-block-heading\" id=\"h-automatizacion-de-almacenes-ahora-por-suscripcion\"><strong>Automatizaci\u00f3n de almacenes, ahora por suscripci\u00f3n<\/strong><div><p id=\"message\"><\/p><\/div><\/h1>\n\n\n<p class=\"t2-ingress wp-block-t2-ingress\"><strong>Automatiza tu almac\u00e9n sin inversi\u00f3n inicial ni compromisos a largo plazo<br><\/strong><br><p data-start=\"1120\" data-end=\"1267\" data-is-last-node=\"\" data-is-only-node=\"\"><\/p><\/p>\n\n\n<div class=\"wp-block-buttons is-layout-flex wp-block-buttons-is-layout-flex\">\n<div class=\"wp-block-button\"><a class=\"wp-block-button__link wp-element-button\" href=\"#Este-white-paper-es-gratuito-y-est\u00e1-disponible-en-espa\u00f1ol\">Descarga el whitepaper<\/a><\/div>\n<\/div>\n\n\n\t\t\t\t<\/div>\n\t\t\t<\/div>\n\t\t<\/div>\n\t\t\n\n\n<p>La mayor\u00eda de los proyectos de automatizaci\u00f3n empiezan con una gran decisi\u00f3n y una inversi\u00f3n a\u00fan mayor. Con Automation-as-a-Service (AaaS), solo necesitas una suscripci\u00f3n.<\/p>\n\n\n\n\t\t<blockquote class=\"wp-block-dekode-quote\">\n\t\t\t<div class=\"wp-block-dekode-quote__icon\">\n\t\t\t\t<svg xmlns=\"http:\/\/www.w3.org\/2000\/svg\" viewBox=\"0 0 24 24\" height=\"96\" width=\"96\" class=\"t2-icon t2-icon-theme_quote\" aria-hidden=\"true\" focusable=\"false\"><path d=\"M6.7808 16.5288L8.49055 13.5673C8.43289 13.5993 8.36555 13.6217 8.28855 13.6345C8.21155 13.6473 8.13464 13.6538 8.0578 13.6538C7.04114 13.6538 6.17797 13.2958 5.4683 12.5798C4.7588 11.8638 4.40405 11.0038 4.40405 10C4.40405 8.98334 4.7588 8.12017 5.4683 7.4105C6.17797 6.701 7.04114 6.34625 8.0578 6.34625C9.06164 6.34625 9.92155 6.701 10.6376 7.4105C11.3536 8.12017 11.7116 8.98334 11.7116 10C11.7116 10.3513 11.669 10.6783 11.5838 10.9808C11.4985 11.2833 11.3737 11.5718 11.2096 11.8463L8.07305 17.2788C8.00905 17.3904 7.92122 17.4808 7.80955 17.55C7.69805 17.6192 7.57305 17.6538 7.43455 17.6538C7.14739 17.6538 6.93205 17.5288 6.78855 17.2788C6.64489 17.0288 6.6423 16.7788 6.7808 16.5288ZM15.6656 16.5288L17.3751 13.5673C17.3174 13.5993 17.2501 13.6217 17.1731 13.6345C17.0962 13.6473 17.0193 13.6538 16.9423 13.6538C15.9256 13.6538 15.0626 13.2958 14.3531 12.5798C13.6434 11.8638 13.2886 11.0038 13.2886 10C13.2886 8.977 13.6434 8.11225 14.3531 7.40575C15.0626 6.69942 15.9256 6.34625 16.9423 6.34625C17.9461 6.34625 18.8061 6.701 19.5221 7.4105C20.2381 8.12017 20.5961 8.98334 20.5961 10C20.5961 10.3513 20.5535 10.6783 20.4683 10.9808C20.383 11.2833 20.2583 11.5718 20.0943 11.8463L16.9578 17.2788C16.8936 17.3904 16.8058 17.4808 16.6943 17.55C16.5828 17.6192 16.4578 17.6538 16.3193 17.6538C16.0321 17.6538 15.8167 17.5288 15.6731 17.2788C15.5296 17.0288 15.5271 16.7788 15.6656 16.5288Z\" fill=\"var(--t2-icon-fill, #000)\"\/><\/svg>\n\t\t\t<\/div>\n\t\t\t<div class=\"wp-block-dekode-quote__text\">\n\t\t\t\t<p>Nos enorgullece presentar una nueva forma de automatizar, sin necesidad de comprar el sistema por adelantado<\/p>\n<cite><\/cite>\n\t\t\t<\/div>\n\t\t<\/blockquote>\n\n\n<p>Al suscribirte a AaaS, instalamos tu sistema AutoStore y simplificamos la gesti\u00f3n mediante una monitorizaci\u00f3n proactiva que garantiza una optimizaci\u00f3n continua. Supervisamos el rendimiento seg\u00fan los objetivos de productividad definidos contigo y te mantenemos informado con recomendaciones claras basadas en datos reales.<\/p>\n\n\n\n<p>Todo est\u00e1 incluido en una cuota mensual: sin inversi\u00f3n inicial ni costes adicionales de optimizaci\u00f3n o actualizaci\u00f3n.<\/p>\n\n\n\n<h3 class=\"wp-block-heading\" id=\"h-en-este-whitepaper-encontraras\"><strong>En este whitepaper encontrar\u00e1s:<\/strong><\/h3>\n\n\n\n<ul class=\"wp-block-list\">\n<li>Una explicaci\u00f3n clara de c\u00f3mo funciona la suscripci\u00f3n a la automatizaci\u00f3n y qu\u00e9 incluye desde la instalaci\u00f3n hasta el mantenimiento continuo<\/li>\n<\/ul>\n\n\n\n<ul class=\"wp-block-list\">\n<li>C\u00f3mo hemos desarrollado el modelo a partir de proyectos piloto y feedback real de clientes, y por qu\u00e9 asumimos el riesgo contigo.<\/li>\n<\/ul>\n\n\n\n<ul class=\"wp-block-list\">\n<li>C\u00f3mo el software de Element Logic mantiene tu sistema actualizado y en m\u00e1ximo rendimiento a medida que se incorporan nuevas funcionalidades<\/li>\n<\/ul>\n\n\n\n<p id=\"Este-white-paper-es-gratuito-y-est\u00e1-disponible-en-espa\u00f1ol\"><strong>Este whitepaper es gratuito y est\u00e1 disponible en espa\u00f1ol.<\/strong><\/p>\n\n\n\n\t\t<div class=\"wp-block-dekode-dynamics-form\">\n\t\t\t<div class=\"embedded-form\">\n\t\t\t\t<div\n\t\t\t\t\tdata-form-id=\"1f3a86b0-792a-f011-8c4e-6045bdf51dec\"\n\t\t\t\t\tdata-form-api-url=\"https:\/\/public-eur.mkt.dynamics.com\/api\/v1.0\/orgs\/0d653081-4a98-4454-9ade-26f2fbe674ee\/landingpageforms\"\n\t\t\t\t\tdata-cached-form-url=\"https:\/\/assets-eur.mkt.dynamics.com\/0d653081-4a98-4454-9ade-26f2fbe674ee\/digitalassets\/forms\/1f3a86b0-792a-f011-8c4e-6045bdf51dec\"\n\t\t\t\t><\/div>\n\t\t\t<\/div>\n\t\t<\/div>","protected":false},"excerpt":{"rendered":"<p>La mayor\u00eda de los proyectos de automatizaci\u00f3n empiezan con una gran decisi\u00f3n y una inversi\u00f3n a\u00fan mayor. Con Automation-as-a-Service (AaaS), [&hellip;]<\/p>\n","protected":false},"author":3,"featured_media":0,"parent":155,"menu_order":0,"comment_status":"closed","ping_status":"closed","template":"","meta":{"hreflang_relation":0,"_el_cross_publish_source_blog_url":"","_el_cross_publish_source_blog_id":0,"_el_cross_publish_source_post_id":0,"_el_cross_publish_sync_state":"","exclude_from_search":false,"footnotes":""},"class_list":["post-3498","page","type-page","status-publish","hentry"],"yoast_head":"<!-- This site is optimized with the Yoast SEO Premium plugin v23.9 (Yoast SEO v23.9) - https:\/\/yoast.com\/wordpress\/plugins\/seo\/ -->\n<title>Whitepaper: Automatizaci\u00f3n de almacenes, ahora por suscripci\u00f3n<\/title>\n<meta name=\"description\" content=\"Automatiza tu almac\u00e9n sin inversi\u00f3n inicial. Con AaaS de Element Logic, AutoStore en suscripci\u00f3n mensual, todo incluido. Descarga el white paper gratuito.\" \/>\n<meta name=\"robots\" content=\"index, follow, max-snippet:-1, max-image-preview:large, max-video-preview:-1\" \/>\n<link rel=\"canonical\" href=\"https:\/\/www.elementlogic.net\/es\/whitepaper\/automation-as-a-service\/\" \/>\n<meta property=\"og:locale\" content=\"es_ES\" \/>\n<meta property=\"og:type\" content=\"article\" \/>\n<meta property=\"og:title\" content=\"Whitepaper: AaaS\" \/>\n<meta property=\"og:description\" content=\"Automatiza tu almac\u00e9n sin inversi\u00f3n inicial. Con AaaS de Element Logic, AutoStore en suscripci\u00f3n mensual, todo incluido. Descarga el white paper gratuito.\" \/>\n<meta property=\"og:url\" content=\"https:\/\/www.elementlogic.net\/es\/whitepaper\/automation-as-a-service\/\" \/>\n<meta property=\"og:site_name\" content=\"Element Logic Spain\" \/>\n<meta property=\"article:modified_time\" content=\"2025-11-26T17:21:51+00:00\" \/>\n<meta name=\"twitter:card\" content=\"summary_large_image\" \/>\n<meta name=\"twitter:label1\" content=\"Tiempo de lectura\" \/>\n\t<meta name=\"twitter:data1\" content=\"1 minuto\" \/>\n<script type=\"application\/ld+json\" class=\"yoast-schema-graph\">{\"@context\":\"https:\/\/schema.org\",\"@graph\":[{\"@type\":\"WebPage\",\"@id\":\"https:\/\/www.elementlogic.net\/es\/whitepaper\/automation-as-a-service\/\",\"url\":\"https:\/\/www.elementlogic.net\/es\/whitepaper\/automation-as-a-service\/\",\"name\":\"Whitepaper: Automatizaci\u00f3n de almacenes, ahora por suscripci\u00f3n\",\"isPartOf\":{\"@id\":\"https:\/\/www.elementlogic.net\/es\/#website\"},\"datePublished\":\"2025-10-22T09:31:32+00:00\",\"dateModified\":\"2025-11-26T17:21:51+00:00\",\"description\":\"Automatiza tu almac\u00e9n sin inversi\u00f3n inicial. Con AaaS de Element Logic, AutoStore en suscripci\u00f3n mensual, todo incluido. Descarga el white paper gratuito.\",\"breadcrumb\":{\"@id\":\"https:\/\/www.elementlogic.net\/es\/whitepaper\/automation-as-a-service\/#breadcrumb\"},\"inLanguage\":\"es\",\"potentialAction\":[{\"@type\":\"ReadAction\",\"target\":[\"https:\/\/www.elementlogic.net\/es\/whitepaper\/automation-as-a-service\/\"]}]},{\"@type\":\"BreadcrumbList\",\"@id\":\"https:\/\/www.elementlogic.net\/es\/whitepaper\/automation-as-a-service\/#breadcrumb\",\"itemListElement\":[{\"@type\":\"ListItem\",\"position\":1,\"name\":\"Whitepapers\",\"item\":\"https:\/\/www.elementlogic.net\/es\/whitepaper\/\"},{\"@type\":\"ListItem\",\"position\":2,\"name\":\"Whitepaper: AaaS\"}]},{\"@type\":\"WebSite\",\"@id\":\"https:\/\/www.elementlogic.net\/es\/#website\",\"url\":\"https:\/\/www.elementlogic.net\/es\/\",\"name\":\"Element Logic Spain\",\"description\":\"\",\"potentialAction\":[{\"@type\":\"SearchAction\",\"target\":{\"@type\":\"EntryPoint\",\"urlTemplate\":\"https:\/\/www.elementlogic.net\/es\/?s={search_term_string}\"},\"query-input\":{\"@type\":\"PropertyValueSpecification\",\"valueRequired\":true,\"valueName\":\"search_term_string\"}}],\"inLanguage\":\"es\"}]}<\/script>\n<!-- \/ Yoast SEO Premium plugin. -->","yoast_head_json":{"title":"Whitepaper: Automatizaci\u00f3n de almacenes, ahora por suscripci\u00f3n","description":"Automatiza tu almac\u00e9n sin inversi\u00f3n inicial. Con AaaS de Element Logic, AutoStore en suscripci\u00f3n mensual, todo incluido. Descarga el white paper gratuito.","robots":{"index":"index","follow":"follow","max-snippet":"max-snippet:-1","max-image-preview":"max-image-preview:large","max-video-preview":"max-video-preview:-1"},"canonical":"https:\/\/www.elementlogic.net\/es\/whitepaper\/automation-as-a-service\/","og_locale":"es_ES","og_type":"article","og_title":"Whitepaper: AaaS","og_description":"Automatiza tu almac\u00e9n sin inversi\u00f3n inicial. Con AaaS de Element Logic, AutoStore en suscripci\u00f3n mensual, todo incluido. Descarga el white paper gratuito.","og_url":"https:\/\/www.elementlogic.net\/es\/whitepaper\/automation-as-a-service\/","og_site_name":"Element Logic Spain","article_modified_time":"2025-11-26T17:21:51+00:00","twitter_card":"summary_large_image","twitter_misc":{"Tiempo de lectura":"1 minuto"},"schema":{"@context":"https:\/\/schema.org","@graph":[{"@type":"WebPage","@id":"https:\/\/www.elementlogic.net\/es\/whitepaper\/automation-as-a-service\/","url":"https:\/\/www.elementlogic.net\/es\/whitepaper\/automation-as-a-service\/","name":"Whitepaper: Automatizaci\u00f3n de almacenes, ahora por suscripci\u00f3n","isPartOf":{"@id":"https:\/\/www.elementlogic.net\/es\/#website"},"datePublished":"2025-10-22T09:31:32+00:00","dateModified":"2025-11-26T17:21:51+00:00","description":"Automatiza tu almac\u00e9n sin inversi\u00f3n inicial. Con AaaS de Element Logic, AutoStore en suscripci\u00f3n mensual, todo incluido. Descarga el white paper gratuito.","breadcrumb":{"@id":"https:\/\/www.elementlogic.net\/es\/whitepaper\/automation-as-a-service\/#breadcrumb"},"inLanguage":"es","potentialAction":[{"@type":"ReadAction","target":["https:\/\/www.elementlogic.net\/es\/whitepaper\/automation-as-a-service\/"]}]},{"@type":"BreadcrumbList","@id":"https:\/\/www.elementlogic.net\/es\/whitepaper\/automation-as-a-service\/#breadcrumb","itemListElement":[{"@type":"ListItem","position":1,"name":"Whitepapers","item":"https:\/\/www.elementlogic.net\/es\/whitepaper\/"},{"@type":"ListItem","position":2,"name":"Whitepaper: AaaS"}]},{"@type":"WebSite","@id":"https:\/\/www.elementlogic.net\/es\/#website","url":"https:\/\/www.elementlogic.net\/es\/","name":"Element Logic Spain","description":"","potentialAction":[{"@type":"SearchAction","target":{"@type":"EntryPoint","urlTemplate":"https:\/\/www.elementlogic.net\/es\/?s={search_term_string}"},"query-input":{"@type":"PropertyValueSpecification","valueRequired":true,"valueName":"search_term_string"}}],"inLanguage":"es"}]}},"_links":{"self":[{"href":"https:\/\/www.elementlogic.net\/es\/wp-json\/wp\/v2\/pages\/3498"}],"collection":[{"href":"https:\/\/www.elementlogic.net\/es\/wp-json\/wp\/v2\/pages"}],"about":[{"href":"https:\/\/www.elementlogic.net\/es\/wp-json\/wp\/v2\/types\/page"}],"author":[{"embeddable":true,"href":"https:\/\/www.elementlogic.net\/es\/wp-json\/wp\/v2\/users\/3"}],"replies":[{"embeddable":true,"href":"https:\/\/www.elementlogic.net\/es\/wp-json\/wp\/v2\/comments?post=3498"}],"version-history":[{"count":5,"href":"https:\/\/www.elementlogic.net\/es\/wp-json\/wp\/v2\/pages\/3498\/revisions"}],"predecessor-version":[{"id":3685,"href":"https:\/\/www.elementlogic.net\/es\/wp-json\/wp\/v2\/pages\/3498\/revisions\/3685"}],"up":[{"embeddable":true,"href":"https:\/\/www.elementlogic.net\/es\/wp-json\/wp\/v2\/pages\/155"}],"wp:attachment":[{"href":"https:\/\/www.elementlogic.net\/es\/wp-json\/wp\/v2\/media?parent=3498"}],"curies":[{"name":"wp","href":"https:\/\/api.w.org\/{rel}","templated":true}]}}