{"id":3534,"date":"2025-10-22T09:33:18","date_gmt":"2025-10-22T09:33:18","guid":{"rendered":"https:\/\/www.elementlogic.net\/es\/?page_id=3534"},"modified":"2025-11-12T14:17:25","modified_gmt":"2025-11-12T14:17:25","slug":"gracias","status":"publish","type":"page","link":"https:\/\/www.elementlogic.net\/es\/whitepaper\/automation-as-a-service\/gracias\/","title":{"rendered":"\u00a1Muchas gracias!"},"content":{"rendered":"\n<p id=\"message\">Esperamos que este whitepaper te aporte ideas claras y la inspiraci\u00f3n que necesitas para convertir tu pr\u00f3xima temporada alta de consumo en la m\u00e1s eficiente hasta ahora.&nbsp;<\/p>\n\n\n\n<p id=\"message\">Puedes acceder al documento desde el enlace que aparece a continuaci\u00f3n.&nbsp;Tambi\u00e9n te lo hemos enviado por correo para que puedas consultarlo cuando quieras.&nbsp;<\/p>\n\n\n\n<p id=\"message\">\u00a1Disfruta de la lectura!<\/p>\n\n\n\n<div class=\"wp-block-buttons is-layout-flex wp-block-buttons-is-layout-flex\">\n<div class=\"wp-block-button has-icon has-icon-theme_arrow\"><a class=\"wp-block-button__link wp-element-button\" href=\"https:\/\/www.elementlogic.net\/content\/uploads\/sites\/12\/2025\/11\/Whitepaper-AaaS-ES.pdf\">Descarga el whitepaper<svg xmlns=\"http:\/\/www.w3.org\/2000\/svg\" viewBox=\"0 0 24 24\" height=\"24\" width=\"24\" class=\"t2-icon t2-icon-theme_arrow\" aria-hidden=\"true\" focusable=\"false\"><path d=\"M16.627 12.75H5.25C5.03717 12.75 4.859 12.6782 4.7155 12.5345C4.57183 12.391 4.5 12.2128 4.5 12C4.5 11.7872 4.57183 11.609 4.7155 11.4655C4.859 11.3218 5.03717 11.25 5.25 11.25H16.627L11.4577 6.08076C11.3091 5.93209 11.2357 5.75809 11.2375 5.55876C11.2395 5.35942 11.318 5.18217 11.473 5.02701C11.6282 4.88217 11.8038 4.80717 12 4.80201C12.1962 4.79684 12.3718 4.87184 12.527 5.02701L18.8673 11.3673C18.9609 11.4609 19.0269 11.5597 19.0652 11.6635C19.1037 11.7673 19.123 11.8795 19.123 12C19.123 12.1205 19.1037 12.2327 19.0652 12.3365C19.0269 12.4403 18.9609 12.5391 18.8673 12.6328L12.527 18.973C12.3885 19.1115 12.217 19.1823 12.0125 19.1855C11.808 19.1887 11.6282 19.1178 11.473 18.973C11.318 18.8178 11.2405 18.6397 11.2405 18.4385C11.2405 18.2372 11.318 18.0589 11.473 17.9038L16.627 12.75Z\" fill=\"var(--t2-icon-fill, #000)\"\/><\/svg><\/a><\/div>\n<\/div>\n","protected":false},"excerpt":{"rendered":"<p>Esperamos que este whitepaper te aporte ideas claras y la inspiraci\u00f3n que necesitas para convertir tu pr\u00f3xima temporada alta de [&hellip;]<\/p>\n","protected":false},"author":3,"featured_media":0,"parent":3498,"menu_order":0,"comment_status":"closed","ping_status":"closed","template":"","meta":{"hreflang_relation":0,"_el_cross_publish_source_blog_url":"","_el_cross_publish_source_blog_id":0,"_el_cross_publish_source_post_id":0,"_el_cross_publish_sync_state":"","exclude_from_search":false,"footnotes":""},"class_list":["post-3534","page","type-page","status-publish","hentry"],"yoast_head":"<!-- This site is optimized with the Yoast SEO Premium plugin v23.9 (Yoast SEO v23.9) - https:\/\/yoast.com\/wordpress\/plugins\/seo\/ -->\n<title>\u00a1Muchas gracias! - Element Logic Spain<\/title>\n<meta name=\"robots\" content=\"index, follow, max-snippet:-1, max-image-preview:large, max-video-preview:-1\" \/>\n<link rel=\"canonical\" href=\"https:\/\/www.elementlogic.net\/es\/whitepaper\/automation-as-a-service\/gracias\/\" \/>\n<meta property=\"og:locale\" content=\"es_ES\" \/>\n<meta property=\"og:type\" content=\"article\" \/>\n<meta property=\"og:title\" content=\"\u00a1Muchas gracias!\" \/>\n<meta property=\"og:description\" content=\"Esperamos que este whitepaper te aporte ideas claras y la inspiraci\u00f3n que necesitas para convertir tu pr\u00f3xima temporada alta de [&hellip;]\" \/>\n<meta property=\"og:url\" content=\"https:\/\/www.elementlogic.net\/es\/whitepaper\/automation-as-a-service\/gracias\/\" \/>\n<meta property=\"og:site_name\" content=\"Element Logic Spain\" \/>\n<meta property=\"article:modified_time\" content=\"2025-11-12T14:17:25+00:00\" \/>\n<meta name=\"twitter:card\" content=\"summary_large_image\" \/>\n<meta name=\"twitter:label1\" content=\"Tiempo de lectura\" \/>\n\t<meta name=\"twitter:data1\" content=\"1 minuto\" \/>\n<script type=\"application\/ld+json\" class=\"yoast-schema-graph\">{\"@context\":\"https:\/\/schema.org\",\"@graph\":[{\"@type\":\"WebPage\",\"@id\":\"https:\/\/www.elementlogic.net\/es\/whitepaper\/automation-as-a-service\/gracias\/\",\"url\":\"https:\/\/www.elementlogic.net\/es\/whitepaper\/automation-as-a-service\/gracias\/\",\"name\":\"\u00a1Muchas gracias! - Element Logic Spain\",\"isPartOf\":{\"@id\":\"https:\/\/www.elementlogic.net\/es\/#website\"},\"datePublished\":\"2025-10-22T09:33:18+00:00\",\"dateModified\":\"2025-11-12T14:17:25+00:00\",\"breadcrumb\":{\"@id\":\"https:\/\/www.elementlogic.net\/es\/whitepaper\/automation-as-a-service\/gracias\/#breadcrumb\"},\"inLanguage\":\"es\",\"potentialAction\":[{\"@type\":\"ReadAction\",\"target\":[\"https:\/\/www.elementlogic.net\/es\/whitepaper\/automation-as-a-service\/gracias\/\"]}]},{\"@type\":\"BreadcrumbList\",\"@id\":\"https:\/\/www.elementlogic.net\/es\/whitepaper\/automation-as-a-service\/gracias\/#breadcrumb\",\"itemListElement\":[{\"@type\":\"ListItem\",\"position\":1,\"name\":\"Whitepapers\",\"item\":\"https:\/\/www.elementlogic.net\/es\/whitepaper\/\"},{\"@type\":\"ListItem\",\"position\":2,\"name\":\"Whitepaper: AaaS\",\"item\":\"https:\/\/www.elementlogic.net\/es\/whitepaper\/automation-as-a-service\/\"},{\"@type\":\"ListItem\",\"position\":3,\"name\":\"\u00a1Muchas gracias!\"}]},{\"@type\":\"WebSite\",\"@id\":\"https:\/\/www.elementlogic.net\/es\/#website\",\"url\":\"https:\/\/www.elementlogic.net\/es\/\",\"name\":\"Element Logic Spain\",\"description\":\"\",\"potentialAction\":[{\"@type\":\"SearchAction\",\"target\":{\"@type\":\"EntryPoint\",\"urlTemplate\":\"https:\/\/www.elementlogic.net\/es\/?s={search_term_string}\"},\"query-input\":{\"@type\":\"PropertyValueSpecification\",\"valueRequired\":true,\"valueName\":\"search_term_string\"}}],\"inLanguage\":\"es\"}]}<\/script>\n<!-- \/ Yoast SEO Premium plugin. -->","yoast_head_json":{"title":"\u00a1Muchas gracias! - Element Logic Spain","robots":{"index":"index","follow":"follow","max-snippet":"max-snippet:-1","max-image-preview":"max-image-preview:large","max-video-preview":"max-video-preview:-1"},"canonical":"https:\/\/www.elementlogic.net\/es\/whitepaper\/automation-as-a-service\/gracias\/","og_locale":"es_ES","og_type":"article","og_title":"\u00a1Muchas gracias!","og_description":"Esperamos que este whitepaper te aporte ideas claras y la inspiraci\u00f3n que necesitas para convertir tu pr\u00f3xima temporada alta de [&hellip;]","og_url":"https:\/\/www.elementlogic.net\/es\/whitepaper\/automation-as-a-service\/gracias\/","og_site_name":"Element Logic Spain","article_modified_time":"2025-11-12T14:17:25+00:00","twitter_card":"summary_large_image","twitter_misc":{"Tiempo de lectura":"1 minuto"},"schema":{"@context":"https:\/\/schema.org","@graph":[{"@type":"WebPage","@id":"https:\/\/www.elementlogic.net\/es\/whitepaper\/automation-as-a-service\/gracias\/","url":"https:\/\/www.elementlogic.net\/es\/whitepaper\/automation-as-a-service\/gracias\/","name":"\u00a1Muchas gracias! - Element Logic Spain","isPartOf":{"@id":"https:\/\/www.elementlogic.net\/es\/#website"},"datePublished":"2025-10-22T09:33:18+00:00","dateModified":"2025-11-12T14:17:25+00:00","breadcrumb":{"@id":"https:\/\/www.elementlogic.net\/es\/whitepaper\/automation-as-a-service\/gracias\/#breadcrumb"},"inLanguage":"es","potentialAction":[{"@type":"ReadAction","target":["https:\/\/www.elementlogic.net\/es\/whitepaper\/automation-as-a-service\/gracias\/"]}]},{"@type":"BreadcrumbList","@id":"https:\/\/www.elementlogic.net\/es\/whitepaper\/automation-as-a-service\/gracias\/#breadcrumb","itemListElement":[{"@type":"ListItem","position":1,"name":"Whitepapers","item":"https:\/\/www.elementlogic.net\/es\/whitepaper\/"},{"@type":"ListItem","position":2,"name":"Whitepaper: AaaS","item":"https:\/\/www.elementlogic.net\/es\/whitepaper\/automation-as-a-service\/"},{"@type":"ListItem","position":3,"name":"\u00a1Muchas gracias!"}]},{"@type":"WebSite","@id":"https:\/\/www.elementlogic.net\/es\/#website","url":"https:\/\/www.elementlogic.net\/es\/","name":"Element Logic Spain","description":"","potentialAction":[{"@type":"SearchAction","target":{"@type":"EntryPoint","urlTemplate":"https:\/\/www.elementlogic.net\/es\/?s={search_term_string}"},"query-input":{"@type":"PropertyValueSpecification","valueRequired":true,"valueName":"search_term_string"}}],"inLanguage":"es"}]}},"_links":{"self":[{"href":"https:\/\/www.elementlogic.net\/es\/wp-json\/wp\/v2\/pages\/3534"}],"collection":[{"href":"https:\/\/www.elementlogic.net\/es\/wp-json\/wp\/v2\/pages"}],"about":[{"href":"https:\/\/www.elementlogic.net\/es\/wp-json\/wp\/v2\/types\/page"}],"author":[{"embeddable":true,"href":"https:\/\/www.elementlogic.net\/es\/wp-json\/wp\/v2\/users\/3"}],"replies":[{"embeddable":true,"href":"https:\/\/www.elementlogic.net\/es\/wp-json\/wp\/v2\/comments?post=3534"}],"version-history":[{"count":5,"href":"https:\/\/www.elementlogic.net\/es\/wp-json\/wp\/v2\/pages\/3534\/revisions"}],"predecessor-version":[{"id":3673,"href":"https:\/\/www.elementlogic.net\/es\/wp-json\/wp\/v2\/pages\/3534\/revisions\/3673"}],"up":[{"embeddable":true,"href":"https:\/\/www.elementlogic.net\/es\/wp-json\/wp\/v2\/pages\/3498"}],"wp:attachment":[{"href":"https:\/\/www.elementlogic.net\/es\/wp-json\/wp\/v2\/media?parent=3534"}],"curies":[{"name":"wp","href":"https:\/\/api.w.org\/{rel}","templated":true}]}}