{"id":3541,"date":"2025-11-10T10:04:38","date_gmt":"2025-11-10T10:04:38","guid":{"rendered":"https:\/\/www.elementlogic.net\/es\/?page_id=3541"},"modified":"2025-12-04T07:27:21","modified_gmt":"2025-12-04T07:27:21","slug":"webinar-omnimod","status":"publish","type":"page","link":"https:\/\/www.elementlogic.net\/es\/webinar-omnimod\/","title":{"rendered":"Webinar Omnimod"},"content":{"rendered":"\n\t\t<div style=\"--dekode-hero-dim:0.5; --t2-icon-fill:var(--wp--preset--color--white);\" class=\"alignfull dekode-hero-content-position-center has-media-background wp-block-dekode-hero has-text-color has-white-color\">\n\t\t\t\t\t<video\n\t\t\tautoplay\n\t\t\tloop\n\t\t\tmuted\n\t\t\tplaysinline\n\t\t\tposter=\"https:\/\/www.elementlogic.net\/content\/uploads\/sites\/12\/\/2024\/09\/201811-Panorama-kopi-scaled.jpeg\"\n\t\t\tsrc=\"https:\/\/www.elementlogic.net\/content\/uploads\/sites\/10\/\/2024\/09\/solutions-and-services.mp4\">\n\t\t<\/video>\n\t\t\n\t\t\t<div class=\"dekode-hero__content\">\n\t\t\t\t<div class=\"dekode-hero__container\">\n\t\t\t\t\t\n\n<h1 class=\"wp-block-heading\" id=\"hay-una-nueva-forma-de-secuenciar-y-clasificar-los-pedidos-en-tu-almacen\">Hay una nueva forma de secuenciar y clasificar los pedidos en tu almac\u00e9n<\/h1>\n\n\n\n<p><strong>Descubre en este webinar la tecnolog\u00eda OmniMod, el sistema inteligente de secuenciaci\u00f3n y clasificaci\u00f3n que sustituye a los transportadores tradicionales y ampl\u00eda las posibilidades de AutoStore<\/strong><\/p>\n\n\n\t\t\t\t<\/div>\n\t\t\t<\/div>\n\t\t<\/div>\n\t\t\n\n<p class=\"t2-ingress has-text-align-center wp-block-t2-ingress\">AutoStore ha revolucionado la forma en que almacenamos y preparamos pedidos gracias a su dise\u00f1o modular, flexible y de alta capacidad. Pero cuando los pedidos pasan de la zona de almacenaje a la preparaci\u00f3n y expedici\u00f3n, entran en juego nuevos procesos que tambi\u00e9n pueden automatizarse.<\/p>\n\n\n<p><\/p>\n\n\n\n<p><\/p>\n\n\n\n<figure class=\"wp-block-image size-large\"><img loading=\"lazy\" decoding=\"async\" width=\"1024\" height=\"576\" src=\"https:\/\/www.elementlogic.net\/content\/uploads\/sites\/12\/2025\/10\/Skarmavbild-2025-09-26-kl.-11.38.12-1024x576.png\" alt=\"\" class=\"wp-image-3578\" srcset=\"https:\/\/www.elementlogic.net\/content\/uploads\/sites\/12\/2025\/10\/Skarmavbild-2025-09-26-kl.-11.38.12-1024x576.png 1024w, https:\/\/www.elementlogic.net\/content\/uploads\/sites\/12\/2025\/10\/Skarmavbild-2025-09-26-kl.-11.38.12-300x169.png 300w, https:\/\/www.elementlogic.net\/content\/uploads\/sites\/12\/2025\/10\/Skarmavbild-2025-09-26-kl.-11.38.12-768x432.png 768w, https:\/\/www.elementlogic.net\/content\/uploads\/sites\/12\/2025\/10\/Skarmavbild-2025-09-26-kl.-11.38.12-1536x864.png 1536w, https:\/\/www.elementlogic.net\/content\/uploads\/sites\/12\/2025\/10\/Skarmavbild-2025-09-26-kl.-11.38.12-2048x1152.png 2048w\" sizes=\"(max-width: 1024px) 100vw, 1024px\" \/><\/figure>\n\n\n\n<p>En este webinar descubrir\u00e1s c\u00f3mo la tecnolog\u00eda OmniMod complementa nuestro sistema de fulfilment AutoStore para optimizar los flujos de pedidos en el almac\u00e9n.<br><br>Una soluci\u00f3n modular, escalable e impulsada por inteligencia artificial, que sustituye los transportadores tradicionales mediante ruedas omnidireccionales y un dise\u00f1o compacto que reduce en m\u00e1s de un 20% la superficie necesaria.<\/p>\n\n\n\n<p>OmniMod combina cinco funciones clave en un \u00fanico sistema:<\/p>\n\n\n\n<p><\/p>\n\n\n\n<ul class=\"wp-block-list\">\n<li>Secuenciaci\u00f3n<\/li>\n\n\n\n<li>Clasificaci\u00f3n<\/li>\n\n\n\n<li>Consolidaci\u00f3n&nbsp;<\/li>\n\n\n\n<li>Almacenamiento intermedio (buffering)<\/li>\n\n\n\n<li>Direccionamiento de pedidos<\/li>\n<\/ul>\n\n\n<p class=\"t2-ingress has-text-align-center wp-block-t2-ingress\">Completa el formulario y accede al webinar completo para descubrir c\u00f3mo OmniMod puede optimizar los flujos del almac\u00e9n y ampliar las posibilidades de AutoStore.<\/p>\n\n\n<p><br><\/p>\n\n\n\n<div style=\"height:100px\" aria-hidden=\"true\" class=\"wp-block-spacer\"><\/div>\n\n\n\n<h2 class=\"wp-block-heading\" id=\"registrate-para-acceder-al-webinar\"><strong>Reg\u00edstrate para acceder al webinar<\/strong><\/h2>\n\n\n\n\t\t<div class=\"wp-block-dekode-dynamics-form\">\n\t\t\t<div class=\"embedded-form\">\n\t\t\t\t<div\n\t\t\t\t\tdata-form-id=\"1ef59063-15be-f011-bbd3-7ced8d5cfca0\"\n\t\t\t\t\tdata-form-api-url=\"https:\/\/public-eur.mkt.dynamics.com\/api\/v1.0\/orgs\/0d653081-4a98-4454-9ade-26f2fbe674ee\/landingpageforms\"\n\t\t\t\t\tdata-cached-form-url=\"https:\/\/assets-eur.mkt.dynamics.com\/0d653081-4a98-4454-9ade-26f2fbe674ee\/digitalassets\/forms\/1ef59063-15be-f011-bbd3-7ced8d5cfca0\"\n\t\t\t\t><\/div>\n\t\t\t<\/div>\n\t\t<\/div>\n\n\n<p><\/p>\n","protected":false},"excerpt":{"rendered":"<p>En este webinar descubrir\u00e1s c\u00f3mo la tecnolog\u00eda OmniMod complementa nuestro sistema de fulfilment AutoStore para optimizar los flujos de pedidos [&hellip;]<\/p>\n","protected":false},"author":2,"featured_media":0,"parent":0,"menu_order":0,"comment_status":"closed","ping_status":"closed","template":"","meta":{"hreflang_relation":0,"_el_cross_publish_source_blog_url":"","_el_cross_publish_source_blog_id":0,"_el_cross_publish_source_post_id":0,"_el_cross_publish_sync_state":"","exclude_from_search":false,"footnotes":""},"class_list":["post-3541","page","type-page","status-publish","hentry"],"yoast_head":"<!-- This site is optimized with the Yoast SEO Premium plugin v23.9 (Yoast SEO v23.9) - https:\/\/yoast.com\/wordpress\/plugins\/seo\/ -->\n<title>Webinar Omnimod - Element Logic Spain<\/title>\n<meta name=\"robots\" content=\"index, follow, max-snippet:-1, max-image-preview:large, max-video-preview:-1\" \/>\n<link rel=\"canonical\" href=\"https:\/\/www.elementlogic.net\/es\/webinar-omnimod\/\" \/>\n<meta property=\"og:locale\" content=\"es_ES\" \/>\n<meta property=\"og:type\" content=\"article\" \/>\n<meta property=\"og:title\" content=\"Webinar Omnimod\" \/>\n<meta property=\"og:description\" content=\"En este webinar descubrir\u00e1s c\u00f3mo la tecnolog\u00eda OmniMod complementa nuestro sistema de fulfilment AutoStore para optimizar los flujos de pedidos [&hellip;]\" \/>\n<meta property=\"og:url\" content=\"https:\/\/www.elementlogic.net\/es\/webinar-omnimod\/\" \/>\n<meta property=\"og:site_name\" content=\"Element Logic Spain\" \/>\n<meta property=\"article:modified_time\" content=\"2025-12-04T07:27:21+00:00\" \/>\n<meta property=\"og:image\" content=\"https:\/\/www.elementlogic.net\/content\/uploads\/sites\/12\/2025\/10\/Skarmavbild-2025-09-26-kl.-11.38.12-1024x576.png\" \/>\n\t<meta property=\"og:image:width\" content=\"1024\" \/>\n\t<meta property=\"og:image:height\" content=\"576\" \/>\n\t<meta property=\"og:image:type\" content=\"image\/png\" \/>\n<meta name=\"twitter:card\" content=\"summary_large_image\" \/>\n<meta name=\"twitter:label1\" content=\"Tiempo de lectura\" \/>\n\t<meta name=\"twitter:data1\" content=\"1 minuto\" \/>\n<script type=\"application\/ld+json\" class=\"yoast-schema-graph\">{\"@context\":\"https:\/\/schema.org\",\"@graph\":[{\"@type\":\"WebPage\",\"@id\":\"https:\/\/www.elementlogic.net\/es\/webinar-omnimod\/\",\"url\":\"https:\/\/www.elementlogic.net\/es\/webinar-omnimod\/\",\"name\":\"Webinar Omnimod - Element Logic Spain\",\"isPartOf\":{\"@id\":\"https:\/\/www.elementlogic.net\/es\/#website\"},\"primaryImageOfPage\":{\"@id\":\"https:\/\/www.elementlogic.net\/es\/webinar-omnimod\/#primaryimage\"},\"image\":{\"@id\":\"https:\/\/www.elementlogic.net\/es\/webinar-omnimod\/#primaryimage\"},\"thumbnailUrl\":\"https:\/\/www.elementlogic.net\/content\/uploads\/sites\/12\/2025\/10\/Skarmavbild-2025-09-26-kl.-11.38.12-1024x576.png\",\"datePublished\":\"2025-11-10T10:04:38+00:00\",\"dateModified\":\"2025-12-04T07:27:21+00:00\",\"inLanguage\":\"es\",\"potentialAction\":[{\"@type\":\"ReadAction\",\"target\":[\"https:\/\/www.elementlogic.net\/es\/webinar-omnimod\/\"]}]},{\"@type\":\"ImageObject\",\"inLanguage\":\"es\",\"@id\":\"https:\/\/www.elementlogic.net\/es\/webinar-omnimod\/#primaryimage\",\"url\":\"https:\/\/www.elementlogic.net\/content\/uploads\/sites\/12\/2025\/10\/Skarmavbild-2025-09-26-kl.-11.38.12-1024x576.png\",\"contentUrl\":\"https:\/\/www.elementlogic.net\/content\/uploads\/sites\/12\/2025\/10\/Skarmavbild-2025-09-26-kl.-11.38.12-1024x576.png\"},{\"@type\":\"WebSite\",\"@id\":\"https:\/\/www.elementlogic.net\/es\/#website\",\"url\":\"https:\/\/www.elementlogic.net\/es\/\",\"name\":\"Element Logic Spain\",\"description\":\"\",\"potentialAction\":[{\"@type\":\"SearchAction\",\"target\":{\"@type\":\"EntryPoint\",\"urlTemplate\":\"https:\/\/www.elementlogic.net\/es\/?s={search_term_string}\"},\"query-input\":{\"@type\":\"PropertyValueSpecification\",\"valueRequired\":true,\"valueName\":\"search_term_string\"}}],\"inLanguage\":\"es\"}]}<\/script>\n<!-- \/ Yoast SEO Premium plugin. -->","yoast_head_json":{"title":"Webinar Omnimod - Element Logic Spain","robots":{"index":"index","follow":"follow","max-snippet":"max-snippet:-1","max-image-preview":"max-image-preview:large","max-video-preview":"max-video-preview:-1"},"canonical":"https:\/\/www.elementlogic.net\/es\/webinar-omnimod\/","og_locale":"es_ES","og_type":"article","og_title":"Webinar Omnimod","og_description":"En este webinar descubrir\u00e1s c\u00f3mo la tecnolog\u00eda OmniMod complementa nuestro sistema de fulfilment AutoStore para optimizar los flujos de pedidos [&hellip;]","og_url":"https:\/\/www.elementlogic.net\/es\/webinar-omnimod\/","og_site_name":"Element Logic Spain","article_modified_time":"2025-12-04T07:27:21+00:00","og_image":[{"width":1024,"height":576,"url":"https:\/\/www.elementlogic.net\/content\/uploads\/sites\/12\/2025\/10\/Skarmavbild-2025-09-26-kl.-11.38.12-1024x576.png","type":"image\/png"}],"twitter_card":"summary_large_image","twitter_misc":{"Tiempo de lectura":"1 minuto"},"schema":{"@context":"https:\/\/schema.org","@graph":[{"@type":"WebPage","@id":"https:\/\/www.elementlogic.net\/es\/webinar-omnimod\/","url":"https:\/\/www.elementlogic.net\/es\/webinar-omnimod\/","name":"Webinar Omnimod - Element Logic Spain","isPartOf":{"@id":"https:\/\/www.elementlogic.net\/es\/#website"},"primaryImageOfPage":{"@id":"https:\/\/www.elementlogic.net\/es\/webinar-omnimod\/#primaryimage"},"image":{"@id":"https:\/\/www.elementlogic.net\/es\/webinar-omnimod\/#primaryimage"},"thumbnailUrl":"https:\/\/www.elementlogic.net\/content\/uploads\/sites\/12\/2025\/10\/Skarmavbild-2025-09-26-kl.-11.38.12-1024x576.png","datePublished":"2025-11-10T10:04:38+00:00","dateModified":"2025-12-04T07:27:21+00:00","inLanguage":"es","potentialAction":[{"@type":"ReadAction","target":["https:\/\/www.elementlogic.net\/es\/webinar-omnimod\/"]}]},{"@type":"ImageObject","inLanguage":"es","@id":"https:\/\/www.elementlogic.net\/es\/webinar-omnimod\/#primaryimage","url":"https:\/\/www.elementlogic.net\/content\/uploads\/sites\/12\/2025\/10\/Skarmavbild-2025-09-26-kl.-11.38.12-1024x576.png","contentUrl":"https:\/\/www.elementlogic.net\/content\/uploads\/sites\/12\/2025\/10\/Skarmavbild-2025-09-26-kl.-11.38.12-1024x576.png"},{"@type":"WebSite","@id":"https:\/\/www.elementlogic.net\/es\/#website","url":"https:\/\/www.elementlogic.net\/es\/","name":"Element Logic Spain","description":"","potentialAction":[{"@type":"SearchAction","target":{"@type":"EntryPoint","urlTemplate":"https:\/\/www.elementlogic.net\/es\/?s={search_term_string}"},"query-input":{"@type":"PropertyValueSpecification","valueRequired":true,"valueName":"search_term_string"}}],"inLanguage":"es"}]}},"_links":{"self":[{"href":"https:\/\/www.elementlogic.net\/es\/wp-json\/wp\/v2\/pages\/3541"}],"collection":[{"href":"https:\/\/www.elementlogic.net\/es\/wp-json\/wp\/v2\/pages"}],"about":[{"href":"https:\/\/www.elementlogic.net\/es\/wp-json\/wp\/v2\/types\/page"}],"author":[{"embeddable":true,"href":"https:\/\/www.elementlogic.net\/es\/wp-json\/wp\/v2\/users\/2"}],"replies":[{"embeddable":true,"href":"https:\/\/www.elementlogic.net\/es\/wp-json\/wp\/v2\/comments?post=3541"}],"version-history":[{"count":5,"href":"https:\/\/www.elementlogic.net\/es\/wp-json\/wp\/v2\/pages\/3541\/revisions"}],"predecessor-version":[{"id":3699,"href":"https:\/\/www.elementlogic.net\/es\/wp-json\/wp\/v2\/pages\/3541\/revisions\/3699"}],"wp:attachment":[{"href":"https:\/\/www.elementlogic.net\/es\/wp-json\/wp\/v2\/media?parent=3541"}],"curies":[{"name":"wp","href":"https:\/\/api.w.org\/{rel}","templated":true}]}}