{"id":3821,"date":"2026-03-18T16:48:18","date_gmt":"2026-03-18T16:48:18","guid":{"rendered":"https:\/\/www.elementlogic.net\/es\/?page_id=3821"},"modified":"2026-03-27T09:36:44","modified_gmt":"2026-03-27T09:36:44","slug":"sectores","status":"publish","type":"page","link":"https:\/\/www.elementlogic.net\/es\/sectores\/","title":{"rendered":"Sectores"},"content":{"rendered":"\n\t\t<div style=\"--dekode-hero-dim:0.5; --t2-icon-fill:var(--wp--preset--color--white);\" class=\"alignfull dekode-hero-content-position-center has-media-background wp-block-dekode-hero has-text-color has-white-color\">\n\t\t\t\t\t<video\n\t\t\tautoplay\n\t\t\tloop\n\t\t\tmuted\n\t\t\tplaysinline\n\t\t\tposter=\"\"\n\t\t\tsrc=\"https:\/\/www.elementlogic.net\/content\/uploads\/2025\/07\/AAAS-topvideo.mp4\">\n\t\t<\/video>\n\t\t\n\t\t\t<div class=\"dekode-hero__content\">\n\t\t\t\t<div class=\"dekode-hero__container\">\n\t\t\t\t\t\n\n<h1 class=\"wp-block-heading\" id=\"h-una-intralogistica-mas-inteligente-para-distintos-sectores\"><strong>Una intralog\u00edstica m\u00e1s inteligente para distintos sectores<\/strong><br><p data-start=\"677\" data-end=\"733\"><\/p><\/h1>\n\n\n<p class=\"t2-ingress wp-block-t2-ingress\">Desde la distribuci\u00f3n mayorista hasta los operadores 3PL, ayudamos a empresas de distintos sectores a crecer con mayor agilidad, optimizar el almacenamiento y preparar pedidos con precisi\u00f3n.<\/p>\n\n\n<div class=\"wp-block-buttons is-layout-flex wp-block-buttons-is-layout-flex\">\n<div class=\"wp-block-button\"><a class=\"wp-block-button__link wp-element-button\" href=\"#explora-sectores\">Explora los sectores<\/a><\/div>\n<\/div>\n\n\n\t\t\t\t<\/div>\n\t\t\t<\/div>\n\t\t<\/div>\n\t\t\n\n\n<h2 class=\"wp-block-heading\" id=\"h-optimizacion-del-rendimiento-del-almacen\"><strong>Optimizaci\u00f3n del rendimiento del almac\u00e9n<\/strong><\/h2>\n\n\n\n<p>Optimizar forma parte de cualquier empresa que quiere crecer. Sea cual sea el sector, la eficiencia del almac\u00e9n condiciona la capacidad de cumplir, competir y evolucionar. En Element Logic ayudamos a empresas de todo el mundo a automatizar y optimizar su intralog\u00edstica para reducir ineficiencias, mejorar el rendimiento y sostener el crecimiento a largo plazo.<\/p>\n\n\n\n<h2 class=\"wp-block-heading\" id=\"h-automatizacion-a-medida-para-cada-sector\">Automatizaci\u00f3n a medida para cada sector<\/h2>\n\n\n\n<p>Cada sector tiene sus propios retos. Por eso adaptamos la automatizaci\u00f3n a cada operativa. Trabajamos con empresas de e-commerce, 3PL, retail, industria o sectores especializados como el farmac\u00e9utico o el fr\u00edo, dise\u00f1ando soluciones ajustadas a cada necesidad. Nuestra experiencia nos permite entender qu\u00e9 exige cada entorno. Desde gestionar altos vol\u00famenes de devoluciones en moda hasta garantizar la precisi\u00f3n en la distribuci\u00f3n sanitaria, desarrollamos soluciones que ayudan a reducir costes, mejorar la eficiencia y crecer con mayor seguridad.<\/p>\n\n\n\n<h2 class=\"wp-block-heading\" id=\"explora-sectores\">Explora los sectores<\/h2>\n\n\n\n\t\t<div style=\"--link-cards-grid-columns: 3\" class=\"dekode-link-cards has-3-columns wp-block-dekode-link-cards\">\n\t\t\t<div class=\"dekode-link-cards__items\">\n\t\t\t\t\n<a class=\"wp-block-dekode-link-card\" href=\"https:\/\/www.elementlogic.net\/es\/sectores\/automatizacion-3pl\/\"><img loading=\"lazy\" decoding=\"async\" width=\"768\" height=\"432\" src=\"https:\/\/www.elementlogic.net\/content\/uploads\/sites\/12\/2026\/03\/Wholesale-Automation-3-768x432.png\" class=\"\" alt=\"Almac\u00e9n automatizado mayorista con cintas transportadoras y robots trabajando entre contenedores azules.\" \/>\t<div class=\"dekode-link-card__content\">\n\t\t\t\t<p class=\"dekode-link-card__title\">\n\t\t\t3PL\t\t<\/p>\n\t\t\t<\/div>\n\t<\/a>\n\n<a class=\"wp-block-dekode-link-card\" href=\"https:\/\/www.elementlogic.net\/es\/sectores\/automatizacion-logistica-para-moda-y-confeccion-element-logic\/\"><img loading=\"lazy\" decoding=\"async\" width=\"768\" height=\"512\" src=\"https:\/\/www.elementlogic.net\/content\/uploads\/sites\/12\/2026\/03\/22233-1692-768x512.jpg\" class=\"\" alt=\"Operario trabajando en una estaci\u00f3n de preparaci\u00f3n de pedidos con transportadores en una instalaci\u00f3n automatizada de farmacia.\" \/>\t<div class=\"dekode-link-card__content\">\n\t\t\t\t<p class=\"dekode-link-card__title\">\n\t\t\tModa \t\t<\/p>\n\t\t\t<\/div>\n\t<\/a>\n\n<a class=\"wp-block-dekode-link-card\" href=\"https:\/\/www.elementlogic.net\/es\/sectores\/industria-moda-deportiva\/\"><img loading=\"lazy\" decoding=\"async\" width=\"768\" height=\"432\" src=\"https:\/\/www.elementlogic.net\/content\/uploads\/sites\/12\/2026\/03\/Wholesale-Automation1-3-768x432.png\" class=\"\" alt=\"\" \/>\t<div class=\"dekode-link-card__content\">\n\t\t\t\t<p class=\"dekode-link-card__title\">\n\t\t\tArt\u00edculos deportivos\t\t<\/p>\n\t\t\t<\/div>\n\t<\/a>\n\n<a class=\"wp-block-dekode-link-card\" href=\"https:\/\/www.elementlogic.net\/es\/sectores\/ecommerce\/\"><img loading=\"lazy\" decoding=\"async\" width=\"768\" height=\"512\" src=\"https:\/\/www.elementlogic.net\/content\/uploads\/sites\/12\/2026\/01\/imgi_11_Element_logic_FDS_Kalle_warehousev2-768x512-1.jpg\" class=\"\" alt=\"\" \/>\t<div class=\"dekode-link-card__content\">\n\t\t\t\t<p class=\"dekode-link-card__title\">\n\t\t\tE-Commerce\t\t<\/p>\n\t\t\t<\/div>\n\t<\/a>\n\n<a class=\"wp-block-dekode-link-card\" href=\"https:\/\/www.elementlogic.net\/es\/sectores\/componentes-electronicos\/\"><img loading=\"lazy\" decoding=\"async\" width=\"768\" height=\"432\" src=\"https:\/\/www.elementlogic.net\/content\/uploads\/sites\/12\/2026\/03\/Wholesale-Automation1-4-768x432.png\" class=\"\" alt=\"Persona realizando una compra online desde el m\u00f3vil con una tarjeta de cr\u00e9dito en la mano.\" \/>\t<div class=\"dekode-link-card__content\">\n\t\t\t\t<p class=\"dekode-link-card__title\">\n\t\t\tComponentes electr\u00f3nicos\t\t<\/p>\n\t\t\t<\/div>\n\t<\/a>\n\n<a class=\"wp-block-dekode-link-card\" href=\"https:\/\/www.elementlogic.net\/es\/sectores\/fabricacion-y-produccion\/\"><img loading=\"lazy\" decoding=\"async\" width=\"768\" height=\"513\" src=\"https:\/\/www.elementlogic.net\/content\/uploads\/sites\/12\/2026\/02\/ElementLogic_Conveyors-in-action-768x513-1.jpg\" class=\"\" alt=\"Cajas de cart\u00f3n avanzan por un sistema de transportadores y cintas en una zona de manipulaci\u00f3n de materiales dentro de un almac\u00e9n automatizado.\" \/>\t<div class=\"dekode-link-card__content\">\n\t\t\t\t<p class=\"dekode-link-card__title\">\n\t\t\tFabricaci\u00f3n y producci\u00f3n\t\t<\/p>\n\t\t\t<\/div>\n\t<\/a>\n\n<a class=\"wp-block-dekode-link-card\" href=\"https:\/\/www.elementlogic.net\/es\/sectores\/parts-distribution-industry\/\"><img loading=\"lazy\" decoding=\"async\" width=\"768\" height=\"512\" src=\"https:\/\/www.elementlogic.net\/content\/uploads\/sites\/12\/2026\/02\/tti-AutoStore-Grid-768x512.jpg\" class=\"\" alt=\"Robots AutoStore se desplazan sobre una amplia cuadr\u00edcula de almacenamiento en un sistema automatizado dentro de un almac\u00e9n industrial.\" \/>\t<div class=\"dekode-link-card__content\">\n\t\t\t\t<p class=\"dekode-link-card__title\">\n\t\t\tRepuestos y distribuci\u00f3n\t\t<\/p>\n\t\t\t<\/div>\n\t<\/a>\n\n<a class=\"wp-block-dekode-link-card\" href=\"https:\/\/www.elementlogic.net\/es\/sectores\/sector-medico-farmaceutico\/\"><img loading=\"lazy\" decoding=\"async\" width=\"768\" height=\"512\" src=\"https:\/\/www.elementlogic.net\/content\/uploads\/sites\/12\/2026\/03\/Warehouse-automation_Element-Logic-3-768x512.jpg\" class=\"\" alt=\"Brazo rob\u00f3tico de Element Logic manipulando productos en una l\u00ednea automatizada de preparaci\u00f3n de pedidos.\" \/>\t<div class=\"dekode-link-card__content\">\n\t\t\t\t<p class=\"dekode-link-card__title\">\n\t\t\tSanitario y farmac\u00e9utico\t\t<\/p>\n\t\t\t<\/div>\n\t<\/a>\n\n<a class=\"wp-block-dekode-link-card\" href=\"https:\/\/www.elementlogic.net\/es\/sectores\/retail\/\"><img loading=\"lazy\" decoding=\"async\" width=\"768\" height=\"432\" src=\"https:\/\/www.elementlogic.net\/content\/uploads\/sites\/12\/2026\/03\/Wholesale-Automation-6-768x432.png\" class=\"\" alt=\"Robots AutoStore movi\u00e9ndose sobre el grid en un sistema de almacenamiento automatizado.\" \/>\t<div class=\"dekode-link-card__content\">\n\t\t\t\t<p class=\"dekode-link-card__title\">\n\t\t\tRetail\t\t<\/p>\n\t\t\t<\/div>\n\t<\/a>\n\n<a class=\"wp-block-dekode-link-card\" href=\"https:\/\/www.elementlogic.net\/es\/sectores\/distribucion-mayorista\/\"><img loading=\"lazy\" decoding=\"async\" width=\"768\" height=\"433\" src=\"https:\/\/www.elementlogic.net\/content\/uploads\/sites\/12\/2026\/02\/ElementLogic_Case_TEVEO_5388_2400-e1774539428512-768x433.jpg\" class=\"\" alt=\"Robots AutoStore operan sobre una cuadr\u00edcula de almacenamiento con cubetas visibles en un sistema automatizado de alta densidad.\" \/>\t<div class=\"dekode-link-card__content\">\n\t\t\t\t<p class=\"dekode-link-card__title\">\n\t\t\tDistribuci\u00f3n mayorista\t\t<\/p>\n\t\t\t<\/div>\n\t<\/a>\n\n<a class=\"wp-block-dekode-link-card\" href=\"https:\/\/www.elementlogic.net\/es\/sectores\/e-grocery\/\"><img loading=\"lazy\" decoding=\"async\" width=\"768\" height=\"432\" src=\"https:\/\/www.elementlogic.net\/content\/uploads\/sites\/12\/2026\/03\/Wholesale-Automation-5-768x432.png\" class=\"\" alt=\"Robot AutoStore desplaz\u00e1ndose sobre el grid en un sistema de almacenamiento automatizado.\" \/>\t<div class=\"dekode-link-card__content\">\n\t\t\t\t<p class=\"dekode-link-card__title\">\n\t\t\tAlimentaci\u00f3n online\t\t<\/p>\n\t\t\t<\/div>\n\t<\/a>\n\n\t\t\t<\/div>\n\t\t<\/div>\n\n\n<h2 class=\"wp-block-heading\" id=\"h-retos-comunes-en-distintos-sectores\">Retos comunes en distintos sectores<\/h2>\n\n\n\n<p>Los almacenes afrontan hoy un nivel de complejidad y exigencia cada vez mayor. En distintos sectores, las empresas deben gestionar:<\/p>\n\n\n\n<ul class=\"wp-block-list\">\n<li>Escasez de personal y aumento de los costes operativos<\/li>\n<\/ul>\n\n\n\n<ul class=\"wp-block-list\">\n<li>Mayor variedad de SKU y una demanda cada vez m\u00e1s imprevisible<\/li>\n<\/ul>\n\n\n\n<ul class=\"wp-block-list\">\n<li>Presi\u00f3n por un fulfilment m\u00e1s r\u00e1pido y preciso<\/li>\n<\/ul>\n\n\n\n<ul class=\"wp-block-list\">\n<li>Limitaciones de espacio y necesidad de sistemas escalables<\/li>\n<\/ul>\n\n\n\n<ul class=\"wp-block-list\">\n<li>Integraci\u00f3n de nuevas tecnolog\u00edas en infraestructuras existentes<\/li>\n<\/ul>\n\n\n\n<p>Estos retos requieren soluciones de automatizaci\u00f3n flexibles, capaces de integrarse de forma natural en la operativa y adaptarse a su evoluci\u00f3n.<\/p>\n\n\n\n\t\t<div class=\"wp-block-dekode-simple-cta\">\n\t\t\t<div class=\"dekode-simple-cta__inner\">\n\n<h3 class=\"wp-block-heading\" id=\"quieres-saber-mas-sobre-como-element-logic-puede-optimizar-el-rendimiento-de-tu-almacen\">\u00bfQuieres saber m\u00e1s sobre c\u00f3mo Element Logic puede optimizar el rendimiento de tu almac\u00e9n?<\/h3>\n\n\n\n<div class=\"wp-block-buttons is-layout-flex wp-block-buttons-is-layout-flex\">\n<div class=\"wp-block-button\"><a class=\"wp-block-button__link wp-element-button\" href=\"https:\/\/www.elementlogic.net\/es\/contacta-con-nosotros\/\">Contacta con nosotros<\/a><\/div>\n<\/div>\n\n<\/div>\n\t\t<\/div>","protected":false},"excerpt":{"rendered":"<p>Optimizaci\u00f3n del rendimiento del almac\u00e9n Optimizar forma parte de cualquier empresa que quiere crecer. Sea cual sea el sector, la [&hellip;]<\/p>\n","protected":false},"author":2,"featured_media":0,"parent":0,"menu_order":0,"comment_status":"closed","ping_status":"closed","template":"","meta":{"hreflang_relation":4890,"_el_cross_publish_source_blog_url":"","_el_cross_publish_source_blog_id":0,"_el_cross_publish_source_post_id":0,"_el_cross_publish_sync_state":"","exclude_from_search":false,"footnotes":""},"class_list":["post-3821","page","type-page","status-publish","hentry"],"yoast_head":"<!-- This site is optimized with the Yoast SEO Premium plugin v23.9 (Yoast SEO v23.9) - https:\/\/yoast.com\/wordpress\/plugins\/seo\/ -->\n<title>Soluciones de automatizaci\u00f3n para cada industria \u2013 Element Logic<\/title>\n<meta name=\"description\" content=\"Automatizaci\u00f3n intralog\u00edstica por sectores para escalar m\u00e1s r\u00e1pido, optimizar el almac\u00e9n y entregar con precisi\u00f3n.\" \/>\n<meta name=\"robots\" content=\"index, follow, max-snippet:-1, max-image-preview:large, max-video-preview:-1\" \/>\n<link rel=\"canonical\" href=\"https:\/\/www.elementlogic.net\/es\/sectores\/\" \/>\n<meta property=\"og:locale\" content=\"es_ES\" \/>\n<meta property=\"og:type\" content=\"article\" \/>\n<meta property=\"og:title\" content=\"Sectores\" \/>\n<meta property=\"og:description\" content=\"Automatizaci\u00f3n intralog\u00edstica por sectores para escalar m\u00e1s r\u00e1pido, optimizar el almac\u00e9n y entregar con precisi\u00f3n.\" \/>\n<meta property=\"og:url\" content=\"https:\/\/www.elementlogic.net\/es\/sectores\/\" \/>\n<meta property=\"og:site_name\" content=\"Element Logic Spain\" \/>\n<meta property=\"article:modified_time\" content=\"2026-03-27T09:36:44+00:00\" \/>\n<meta name=\"twitter:card\" content=\"summary_large_image\" \/>\n<meta name=\"twitter:label1\" content=\"Tiempo de lectura\" \/>\n\t<meta name=\"twitter:data1\" content=\"2 minutos\" \/>\n<script type=\"application\/ld+json\" class=\"yoast-schema-graph\">{\"@context\":\"https:\/\/schema.org\",\"@graph\":[{\"@type\":\"WebPage\",\"@id\":\"https:\/\/www.elementlogic.net\/es\/sectores\/\",\"url\":\"https:\/\/www.elementlogic.net\/es\/sectores\/\",\"name\":\"Soluciones de automatizaci\u00f3n para cada industria \u2013 Element Logic\",\"isPartOf\":{\"@id\":\"https:\/\/www.elementlogic.net\/es\/#website\"},\"datePublished\":\"2026-03-18T16:48:18+00:00\",\"dateModified\":\"2026-03-27T09:36:44+00:00\",\"description\":\"Automatizaci\u00f3n intralog\u00edstica por sectores para escalar m\u00e1s r\u00e1pido, optimizar el almac\u00e9n y entregar con precisi\u00f3n.\",\"inLanguage\":\"es\",\"potentialAction\":[{\"@type\":\"ReadAction\",\"target\":[\"https:\/\/www.elementlogic.net\/es\/sectores\/\"]}]},{\"@type\":\"WebSite\",\"@id\":\"https:\/\/www.elementlogic.net\/es\/#website\",\"url\":\"https:\/\/www.elementlogic.net\/es\/\",\"name\":\"Element Logic Spain\",\"description\":\"\",\"potentialAction\":[{\"@type\":\"SearchAction\",\"target\":{\"@type\":\"EntryPoint\",\"urlTemplate\":\"https:\/\/www.elementlogic.net\/es\/?s={search_term_string}\"},\"query-input\":{\"@type\":\"PropertyValueSpecification\",\"valueRequired\":true,\"valueName\":\"search_term_string\"}}],\"inLanguage\":\"es\"}]}<\/script>\n<!-- \/ Yoast SEO Premium plugin. -->","yoast_head_json":{"title":"Soluciones de automatizaci\u00f3n para cada industria \u2013 Element Logic","description":"Automatizaci\u00f3n intralog\u00edstica por sectores para escalar m\u00e1s r\u00e1pido, optimizar el almac\u00e9n y entregar con precisi\u00f3n.","robots":{"index":"index","follow":"follow","max-snippet":"max-snippet:-1","max-image-preview":"max-image-preview:large","max-video-preview":"max-video-preview:-1"},"canonical":"https:\/\/www.elementlogic.net\/es\/sectores\/","og_locale":"es_ES","og_type":"article","og_title":"Sectores","og_description":"Automatizaci\u00f3n intralog\u00edstica por sectores para escalar m\u00e1s r\u00e1pido, optimizar el almac\u00e9n y entregar con precisi\u00f3n.","og_url":"https:\/\/www.elementlogic.net\/es\/sectores\/","og_site_name":"Element Logic Spain","article_modified_time":"2026-03-27T09:36:44+00:00","twitter_card":"summary_large_image","twitter_misc":{"Tiempo de lectura":"2 minutos"},"schema":{"@context":"https:\/\/schema.org","@graph":[{"@type":"WebPage","@id":"https:\/\/www.elementlogic.net\/es\/sectores\/","url":"https:\/\/www.elementlogic.net\/es\/sectores\/","name":"Soluciones de automatizaci\u00f3n para cada industria \u2013 Element Logic","isPartOf":{"@id":"https:\/\/www.elementlogic.net\/es\/#website"},"datePublished":"2026-03-18T16:48:18+00:00","dateModified":"2026-03-27T09:36:44+00:00","description":"Automatizaci\u00f3n intralog\u00edstica por sectores para escalar m\u00e1s r\u00e1pido, optimizar el almac\u00e9n y entregar con precisi\u00f3n.","inLanguage":"es","potentialAction":[{"@type":"ReadAction","target":["https:\/\/www.elementlogic.net\/es\/sectores\/"]}]},{"@type":"WebSite","@id":"https:\/\/www.elementlogic.net\/es\/#website","url":"https:\/\/www.elementlogic.net\/es\/","name":"Element Logic Spain","description":"","potentialAction":[{"@type":"SearchAction","target":{"@type":"EntryPoint","urlTemplate":"https:\/\/www.elementlogic.net\/es\/?s={search_term_string}"},"query-input":{"@type":"PropertyValueSpecification","valueRequired":true,"valueName":"search_term_string"}}],"inLanguage":"es"}]}},"_links":{"self":[{"href":"https:\/\/www.elementlogic.net\/es\/wp-json\/wp\/v2\/pages\/3821"}],"collection":[{"href":"https:\/\/www.elementlogic.net\/es\/wp-json\/wp\/v2\/pages"}],"about":[{"href":"https:\/\/www.elementlogic.net\/es\/wp-json\/wp\/v2\/types\/page"}],"author":[{"embeddable":true,"href":"https:\/\/www.elementlogic.net\/es\/wp-json\/wp\/v2\/users\/2"}],"replies":[{"embeddable":true,"href":"https:\/\/www.elementlogic.net\/es\/wp-json\/wp\/v2\/comments?post=3821"}],"version-history":[{"count":5,"href":"https:\/\/www.elementlogic.net\/es\/wp-json\/wp\/v2\/pages\/3821\/revisions"}],"predecessor-version":[{"id":4583,"href":"https:\/\/www.elementlogic.net\/es\/wp-json\/wp\/v2\/pages\/3821\/revisions\/4583"}],"wp:attachment":[{"href":"https:\/\/www.elementlogic.net\/es\/wp-json\/wp\/v2\/media?parent=3821"}],"curies":[{"name":"wp","href":"https:\/\/api.w.org\/{rel}","templated":true}]}}