{"id":3825,"date":"2026-03-26T09:45:57","date_gmt":"2026-03-26T09:45:57","guid":{"rendered":"https:\/\/www.elementlogic.net\/es\/?page_id=3825"},"modified":"2026-03-26T09:45:58","modified_gmt":"2026-03-26T09:45:58","slug":"insight-y-optimizacion","status":"publish","type":"page","link":"https:\/\/www.elementlogic.net\/es\/soluciones-y-servicios\/servicio-al-cliente\/insight-y-optimizacion\/","title":{"rendered":"Insight &amp; Optimization"},"content":{"rendered":"\n\t\t<div style=\"--dekode-hero-dim:0.5; --t2-icon-fill:var(--wp--preset--color--white);\" class=\"alignfull dekode-hero-content-position-center has-media-background wp-block-dekode-hero has-text-color has-white-color\">\n\t\t\t<img loading=\"lazy\" decoding=\"async\" width=\"1024\" height=\"429\" src=\"https:\/\/www.elementlogic.net\/content\/uploads\/sites\/12\/2026\/03\/Wallpaper-6-scaled-2-1024x429.jpg\" class=\"dekode-hero__image\" alt=\"Profesional revisando un sistema con linterna en un entorno t\u00e9cnico o industrial.\" style=\"--focalpoint: 50% 74%;\" srcset=\"https:\/\/www.elementlogic.net\/content\/uploads\/sites\/12\/2026\/03\/Wallpaper-6-scaled-2-1024x429.jpg 1024w, https:\/\/www.elementlogic.net\/content\/uploads\/sites\/12\/2026\/03\/Wallpaper-6-scaled-2-300x126.jpg 300w, https:\/\/www.elementlogic.net\/content\/uploads\/sites\/12\/2026\/03\/Wallpaper-6-scaled-2-768x322.jpg 768w, https:\/\/www.elementlogic.net\/content\/uploads\/sites\/12\/2026\/03\/Wallpaper-6-scaled-2-1536x643.jpg 1536w, https:\/\/www.elementlogic.net\/content\/uploads\/sites\/12\/2026\/03\/Wallpaper-6-scaled-2-2048x858.jpg 2048w\" sizes=\"(max-width: 1024px) 100vw, 1024px\" \/>\n\t\t\t<div class=\"dekode-hero__content\">\n\t\t\t\t<div class=\"dekode-hero__container\">\n\t\t\t\t\t\n\n<h1 class=\"wp-block-heading\" id=\"h-insight-y-optimizacion\"><strong>Insight y optimizaci\u00f3n<\/strong><\/h1>\n\n\n<p class=\"t2-ingress wp-block-t2-ingress\">Mejora continua basada en datos<\/p>\n\n\t\t\t\t<\/div>\n\t\t\t<\/div>\n\t\t<\/div>\n\t\t\n\n\n<h2 class=\"wp-block-heading\" id=\"h-una-parte-clave-para-el-exito-de-nuestros-clientes\">Una parte clave para el \u00e9xito de nuestros clientes<\/h2>\n\n\n\n<p>Nuestro enfoque de Customer Success va m\u00e1s all\u00e1 de la implantaci\u00f3n de una soluci\u00f3n. Queremos asegurarnos de que tu almac\u00e9n siga generando valor con el paso del tiempo. El servicio de an\u00e1lisis y optimizaci\u00f3n es la parte m\u00e1s orientada al futuro: te ayuda a entender c\u00f3mo est\u00e1 funcionando tu almac\u00e9n hoy y c\u00f3mo puede hacerlo mejor ma\u00f1ana.<\/p>\n\n\n\n<p><strong>Convertir los datos en crecimiento<\/strong>&nbsp;<\/p>\n\n\n\n<p>Tu almac\u00e9n genera datos valiosos cada d\u00eda. Con nuestras herramientas y experiencia, los transformamos en informaci\u00f3n \u00fatil para identificar oportunidades de mejora. Desde el uso del sistema hasta la eficiencia de los procesos, nuestro equipo de Customer Success y el software aportan recomendaciones concretas para ayudarte a adaptarte, crecer y mantener tu competitividad.<\/p>\n\n\n\n\t\t<div class=\"alignwide is-mode-constrained is-gap-center has-media-on-the-right wp-block-t2-simple-media-text   \">\n\t\t\t<div class=\"t2-simple-media-text__container\">\n\t\t\t\t<div class=\"t2-simple-media-text__image\"><img loading=\"lazy\" decoding=\"async\" width=\"768\" height=\"498\" src=\"https:\/\/www.elementlogic.net\/content\/uploads\/sites\/12\/2026\/03\/Element-Logic-and-Bergaard-Amundsen-People-2-768x498.jpg\" class=\"\" alt=\"\" style=\"--focalpoint: 50% 50%;\" srcset=\"https:\/\/www.elementlogic.net\/content\/uploads\/sites\/12\/2026\/03\/Element-Logic-and-Bergaard-Amundsen-People-2-768x498.jpg 768w, https:\/\/www.elementlogic.net\/content\/uploads\/sites\/12\/2026\/03\/Element-Logic-and-Bergaard-Amundsen-People-2-300x194.jpg 300w, https:\/\/www.elementlogic.net\/content\/uploads\/sites\/12\/2026\/03\/Element-Logic-and-Bergaard-Amundsen-People-2-1024x664.jpg 1024w, https:\/\/www.elementlogic.net\/content\/uploads\/sites\/12\/2026\/03\/Element-Logic-and-Bergaard-Amundsen-People-2-1536x996.jpg 1536w, https:\/\/www.elementlogic.net\/content\/uploads\/sites\/12\/2026\/03\/Element-Logic-and-Bergaard-Amundsen-People-2.jpg 1600w\" sizes=\"(max-width: 768px) 100vw, 768px\" \/><\/div>\n\t\t\t\t<div class=\"t2-simple-media-text__content-container\">\n\t\t\t\t\t<div class=\"t2-simple-media-text__content\">\n\t\t\t\t\t\t<div class=\"t2-simple-media-text__content-inner\">\n\t\t\t\t\t\t\t\n\n<h3 class=\"wp-block-heading\" id=\"h-acompanamiento-continuo\">Acompa\u00f1amiento continuo<\/h3>\n\n\n\n<p>Insight y optimizaci\u00f3n no es un servicio puntual, sino un trabajo continuo entre tu equipo y nuestros especialistas de Customer Success. Juntos:&nbsp;<\/p>\n\n\n\n<p>&#8211; Monitorizamos el rendimiento del sistema y detectamos patrones de comportamiento<br>&#8211; Seguimos KPIs clave como la velocidad de picking, la precisi\u00f3n y la disponibilidad<br>&#8211; Anticipamos posibles incidencias mediante an\u00e1lisis predictivo<br>&#8211; Proponemos e implementamos mejoras alineadas con tus objetivos de negocio<\/p>\n\n\n\n<p>De este modo, tu soluci\u00f3n de almac\u00e9n se mantiene como una base s\u00f3lida y fiable para toda la operativa.<\/p>\n\n\n\t\t\t\t\t\t<\/div>\n\t\t\t\t\t<\/div>\n\t\t\t\t<\/div>\n\t\t\t<\/div>\n\t\t<\/div>\n\t\t\n\n\n\t\t<div class=\"alignwide is-mode-constrained is-gap-center wp-block-t2-simple-media-text   \">\n\t\t\t<div class=\"t2-simple-media-text__container\">\n\t\t\t\t<div class=\"t2-simple-media-text__image\"><img loading=\"lazy\" decoding=\"async\" width=\"768\" height=\"512\" src=\"https:\/\/www.elementlogic.net\/content\/uploads\/sites\/12\/2026\/02\/EL_eLogiq_-6-copy-1024x683-1-768x512.jpg\" class=\"\" alt=\"Dos profesionales trabajan frente a varios monitores con c\u00f3digo y un cuadro de mando de eLogiq en un entorno de oficina.\" style=\"--focalpoint: 50% 50%;\" srcset=\"https:\/\/www.elementlogic.net\/content\/uploads\/sites\/12\/2026\/02\/EL_eLogiq_-6-copy-1024x683-1-768x512.jpg 768w, https:\/\/www.elementlogic.net\/content\/uploads\/sites\/12\/2026\/02\/EL_eLogiq_-6-copy-1024x683-1-300x200.jpg 300w, https:\/\/www.elementlogic.net\/content\/uploads\/sites\/12\/2026\/02\/EL_eLogiq_-6-copy-1024x683-1.jpg 1024w\" sizes=\"(max-width: 768px) 100vw, 768px\" \/><\/div>\n\t\t\t\t<div class=\"t2-simple-media-text__content-container\">\n\t\t\t\t\t<div class=\"t2-simple-media-text__content\">\n\t\t\t\t\t\t<div class=\"t2-simple-media-text__content-inner\">\n\t\t\t\t\t\t\t\n\n<h3 class=\"wp-block-heading\" id=\"h-software-para-tomar-mejores-decisiones\">Software para tomar mejores decisiones<\/h3>\n\n\n\n<p>Con software como <strong>eLogiq<\/strong> y <strong>eManager<\/strong>, accedes a cuadros de mando en tiempo real e informes detallados que te permiten ver con claridad c\u00f3mo est\u00e1 funcionando tu operativa. Tienes visibilidad sobre la productividad, el estado del sistema y el uso del almacenamiento, claves para tomar decisiones con criterio. Nuestro equipo de Customer Success trabaja contigo para interpretar estos datos y convertirlos en mejoras concretas.<\/p>\n\n\n\t\t\t\t\t\t<\/div>\n\t\t\t\t\t<\/div>\n\t\t\t\t<\/div>\n\t\t\t<\/div>\n\t\t<\/div>\n\t\t\n\n\n<h2 class=\"wp-block-heading\" id=\"h-por-que-es-importante\">Por qu\u00e9 es importante<\/h2>\n\n\n\n<p>La operativa de almac\u00e9n cambia constantemente. Nuevos productos, picos de demanda y mayores exigencias obligan a adaptarse con rapidez. Insight y optimizaci\u00f3n garantiza que tu sistema evoluciona al mismo ritmo:<\/p>\n\n\n\n<ul class=\"wp-block-list\">\n<li><strong>Eficiencia<\/strong>: identifica y elimina cuellos de botella<\/li>\n<\/ul>\n\n\n\n<ul class=\"wp-block-list\">\n<li><strong>Escalabilidad<\/strong>: prepara el almac\u00e9n para crecer<\/li>\n<\/ul>\n\n\n\n<ul class=\"wp-block-list\">\n<li><strong>Sostenibilidad<\/strong>: reduce consumo energ\u00e9tico, desperdicio y costes<\/li>\n<\/ul>\n\n\n\n<ul class=\"wp-block-list\">\n<li><strong>Confianza<\/strong>: conoce en todo momento c\u00f3mo est\u00e1 funcionando tu sistema<\/li>\n<\/ul>\n\n\n\n<h2 class=\"wp-block-heading\" id=\"h-ventaja-a-largo-plazo\"><strong>Ventaja a largo plazo<\/strong><\/h2>\n\n\n\n<p>Insight y optimizaci\u00f3n forma parte de nuestro compromiso con el rendimiento de tu almac\u00e9n a largo plazo. Combinamos datos, tecnolog\u00eda y experiencia para ayudarte a reducir ineficiencias y mejorar el rendimiento de forma continua, a\u00f1o tras a\u00f1o.<\/p>\n\n\n\n<h3 class=\"wp-block-heading\" id=\"explora-nuestros-servicios\">Explora nuestros servicios<\/h3>\n\n\n\n\t\t<div style=\"--link-cards-grid-columns: 3\" class=\"dekode-link-cards has-3-columns wp-block-dekode-link-cards\">\n\t\t\t<div class=\"dekode-link-cards__items\">\n\t\t\t\t\n<a class=\"wp-block-dekode-link-card\" href=\"https:\/\/www.elementlogic.net\/es\/soluciones-y-servicios\/servicio-al-cliente\/formacion-automatizacion-almacenes\/\"><img loading=\"lazy\" decoding=\"async\" width=\"768\" height=\"512\" src=\"https:\/\/www.elementlogic.net\/content\/uploads\/sites\/12\/2026\/03\/EL_eLogiq-2-768x512.png\" class=\"\" alt=\"Agente de atenci\u00f3n al cliente con auriculares trabajando frente a un ordenador.\" \/>\t<div class=\"dekode-link-card__content\">\n\t\t\t\t<p class=\"dekode-link-card__title\">\n\t\t\tFormaci\u00f3n\t\t<\/p>\n\t\t\t\t\t<p class=\"dekode-link-card__description\">La formaci\u00f3n como base del Servicio al cliente<\/p>\n\t\t\t<\/div>\n\t<\/a>\n\n<a class=\"wp-block-dekode-link-card\" href=\"https:\/\/www.elementlogic.net\/es\/soluciones-y-servicios\/servicio-al-cliente\/soluciones-y-servicios-mantenimiento\/\"><img loading=\"lazy\" decoding=\"async\" width=\"768\" height=\"512\" src=\"https:\/\/www.elementlogic.net\/content\/uploads\/sites\/12\/2026\/03\/wallpaper_Customer-success-1-768x512.png\" class=\"\" alt=\"Persona con linterna inspeccionando una m\u00e1quina o equipo t\u00e9cnico en un entorno industrial.\" \/>\t<div class=\"dekode-link-card__content\">\n\t\t\t\t<p class=\"dekode-link-card__title\">\n\t\t\tMantenimiento\t\t<\/p>\n\t\t\t\t\t<p class=\"dekode-link-card__description\">Mantener tu sistema funcionando sin interrupciones<\/p>\n\t\t\t<\/div>\n\t<\/a>\n\n<a class=\"wp-block-dekode-link-card\" href=\"https:\/\/www.elementlogic.net\/es\/soluciones-y-servicios\/servicio-al-cliente\/soluciones-y-servicios-soporte\/\"><img loading=\"lazy\" decoding=\"async\" width=\"768\" height=\"512\" src=\"https:\/\/www.elementlogic.net\/content\/uploads\/sites\/12\/2026\/03\/support_customer-success-1-768x512.png\" class=\"\" alt=\"Equipo t\u00e9cnico revisando datos en un ordenador para soporte de sistemas automatizados.\" \/>\t<div class=\"dekode-link-card__content\">\n\t\t\t\t<p class=\"dekode-link-card__title\">\n\t\t\tSoporte\t\t<\/p>\n\t\t\t\t\t<p class=\"dekode-link-card__description\">Soporte: confianza 24\/7 en las operaciones de tu almac\u00e9n<\/p>\n\t\t\t<\/div>\n\t<\/a>\n\n\t\t\t<\/div>\n\t\t<\/div>","protected":false},"excerpt":{"rendered":"<p>Una parte clave para el \u00e9xito de nuestros clientes Nuestro enfoque de Customer Success va m\u00e1s all\u00e1 de la implantaci\u00f3n [&hellip;]<\/p>\n","protected":false},"author":2,"featured_media":0,"parent":429,"menu_order":0,"comment_status":"closed","ping_status":"closed","template":"","meta":{"hreflang_relation":4719,"_el_cross_publish_source_blog_url":"","_el_cross_publish_source_blog_id":0,"_el_cross_publish_source_post_id":0,"_el_cross_publish_sync_state":"","exclude_from_search":false,"footnotes":""},"class_list":["post-3825","page","type-page","status-publish","hentry"],"yoast_head":"<!-- This site is optimized with the Yoast SEO Premium plugin v23.9 (Yoast SEO v23.9) - https:\/\/yoast.com\/wordpress\/plugins\/seo\/ -->\n<title>Insight y optimizaci\u00f3n | Element Logic<\/title>\n<meta name=\"description\" content=\"Convierte datos en mejora continua con Insight y optimizaci\u00f3n de Element Logic. Monitoriza KPI, anticipa retos y optimiza el rendimiento del almac\u00e9n.\" \/>\n<meta name=\"robots\" content=\"index, follow, max-snippet:-1, max-image-preview:large, max-video-preview:-1\" \/>\n<link rel=\"canonical\" href=\"https:\/\/www.elementlogic.net\/es\/soluciones-y-servicios\/servicio-al-cliente\/insight-y-optimizacion\/\" \/>\n<meta property=\"og:locale\" content=\"es_ES\" \/>\n<meta property=\"og:type\" content=\"article\" \/>\n<meta property=\"og:title\" content=\"Insight &amp; Optimization\" \/>\n<meta property=\"og:description\" content=\"Convierte datos en mejora continua con Insight y optimizaci\u00f3n de Element Logic. Monitoriza KPI, anticipa retos y optimiza el rendimiento del almac\u00e9n.\" \/>\n<meta property=\"og:url\" content=\"https:\/\/www.elementlogic.net\/es\/soluciones-y-servicios\/servicio-al-cliente\/insight-y-optimizacion\/\" \/>\n<meta property=\"og:site_name\" content=\"Element Logic Spain\" \/>\n<meta property=\"article:modified_time\" content=\"2026-03-26T09:45:58+00:00\" \/>\n<meta name=\"twitter:card\" content=\"summary_large_image\" \/>\n<meta name=\"twitter:label1\" content=\"Tiempo de lectura\" \/>\n\t<meta name=\"twitter:data1\" content=\"2 minutos\" \/>\n<script type=\"application\/ld+json\" class=\"yoast-schema-graph\">{\"@context\":\"https:\/\/schema.org\",\"@graph\":[{\"@type\":\"WebPage\",\"@id\":\"https:\/\/www.elementlogic.net\/es\/soluciones-y-servicios\/servicio-al-cliente\/insight-y-optimizacion\/\",\"url\":\"https:\/\/www.elementlogic.net\/es\/soluciones-y-servicios\/servicio-al-cliente\/insight-y-optimizacion\/\",\"name\":\"Insight y optimizaci\u00f3n | Element Logic\",\"isPartOf\":{\"@id\":\"https:\/\/www.elementlogic.net\/es\/#website\"},\"datePublished\":\"2026-03-26T09:45:57+00:00\",\"dateModified\":\"2026-03-26T09:45:58+00:00\",\"description\":\"Convierte datos en mejora continua con Insight y optimizaci\u00f3n de Element Logic. Monitoriza KPI, anticipa retos y optimiza el rendimiento del almac\u00e9n.\",\"breadcrumb\":{\"@id\":\"https:\/\/www.elementlogic.net\/es\/soluciones-y-servicios\/servicio-al-cliente\/insight-y-optimizacion\/#breadcrumb\"},\"inLanguage\":\"es\",\"potentialAction\":[{\"@type\":\"ReadAction\",\"target\":[\"https:\/\/www.elementlogic.net\/es\/soluciones-y-servicios\/servicio-al-cliente\/insight-y-optimizacion\/\"]}]},{\"@type\":\"BreadcrumbList\",\"@id\":\"https:\/\/www.elementlogic.net\/es\/soluciones-y-servicios\/servicio-al-cliente\/insight-y-optimizacion\/#breadcrumb\",\"itemListElement\":[{\"@type\":\"ListItem\",\"position\":1,\"name\":\"Soluciones y servicios\",\"item\":\"https:\/\/www.elementlogic.net\/es\/soluciones-y-servicios\/\"},{\"@type\":\"ListItem\",\"position\":2,\"name\":\"Servicio al cliente\",\"item\":\"https:\/\/www.elementlogic.net\/es\/soluciones-y-servicios\/servicio-al-cliente\/\"},{\"@type\":\"ListItem\",\"position\":3,\"name\":\"Insight &amp; Optimization\"}]},{\"@type\":\"WebSite\",\"@id\":\"https:\/\/www.elementlogic.net\/es\/#website\",\"url\":\"https:\/\/www.elementlogic.net\/es\/\",\"name\":\"Element Logic Spain\",\"description\":\"\",\"potentialAction\":[{\"@type\":\"SearchAction\",\"target\":{\"@type\":\"EntryPoint\",\"urlTemplate\":\"https:\/\/www.elementlogic.net\/es\/?s={search_term_string}\"},\"query-input\":{\"@type\":\"PropertyValueSpecification\",\"valueRequired\":true,\"valueName\":\"search_term_string\"}}],\"inLanguage\":\"es\"}]}<\/script>\n<!-- \/ Yoast SEO Premium plugin. -->","yoast_head_json":{"title":"Insight y optimizaci\u00f3n | Element Logic","description":"Convierte datos en mejora continua con Insight y optimizaci\u00f3n de Element Logic. Monitoriza KPI, anticipa retos y optimiza el rendimiento del almac\u00e9n.","robots":{"index":"index","follow":"follow","max-snippet":"max-snippet:-1","max-image-preview":"max-image-preview:large","max-video-preview":"max-video-preview:-1"},"canonical":"https:\/\/www.elementlogic.net\/es\/soluciones-y-servicios\/servicio-al-cliente\/insight-y-optimizacion\/","og_locale":"es_ES","og_type":"article","og_title":"Insight &amp; Optimization","og_description":"Convierte datos en mejora continua con Insight y optimizaci\u00f3n de Element Logic. Monitoriza KPI, anticipa retos y optimiza el rendimiento del almac\u00e9n.","og_url":"https:\/\/www.elementlogic.net\/es\/soluciones-y-servicios\/servicio-al-cliente\/insight-y-optimizacion\/","og_site_name":"Element Logic Spain","article_modified_time":"2026-03-26T09:45:58+00:00","twitter_card":"summary_large_image","twitter_misc":{"Tiempo de lectura":"2 minutos"},"schema":{"@context":"https:\/\/schema.org","@graph":[{"@type":"WebPage","@id":"https:\/\/www.elementlogic.net\/es\/soluciones-y-servicios\/servicio-al-cliente\/insight-y-optimizacion\/","url":"https:\/\/www.elementlogic.net\/es\/soluciones-y-servicios\/servicio-al-cliente\/insight-y-optimizacion\/","name":"Insight y optimizaci\u00f3n | Element Logic","isPartOf":{"@id":"https:\/\/www.elementlogic.net\/es\/#website"},"datePublished":"2026-03-26T09:45:57+00:00","dateModified":"2026-03-26T09:45:58+00:00","description":"Convierte datos en mejora continua con Insight y optimizaci\u00f3n de Element Logic. Monitoriza KPI, anticipa retos y optimiza el rendimiento del almac\u00e9n.","breadcrumb":{"@id":"https:\/\/www.elementlogic.net\/es\/soluciones-y-servicios\/servicio-al-cliente\/insight-y-optimizacion\/#breadcrumb"},"inLanguage":"es","potentialAction":[{"@type":"ReadAction","target":["https:\/\/www.elementlogic.net\/es\/soluciones-y-servicios\/servicio-al-cliente\/insight-y-optimizacion\/"]}]},{"@type":"BreadcrumbList","@id":"https:\/\/www.elementlogic.net\/es\/soluciones-y-servicios\/servicio-al-cliente\/insight-y-optimizacion\/#breadcrumb","itemListElement":[{"@type":"ListItem","position":1,"name":"Soluciones y servicios","item":"https:\/\/www.elementlogic.net\/es\/soluciones-y-servicios\/"},{"@type":"ListItem","position":2,"name":"Servicio al cliente","item":"https:\/\/www.elementlogic.net\/es\/soluciones-y-servicios\/servicio-al-cliente\/"},{"@type":"ListItem","position":3,"name":"Insight &amp; Optimization"}]},{"@type":"WebSite","@id":"https:\/\/www.elementlogic.net\/es\/#website","url":"https:\/\/www.elementlogic.net\/es\/","name":"Element Logic Spain","description":"","potentialAction":[{"@type":"SearchAction","target":{"@type":"EntryPoint","urlTemplate":"https:\/\/www.elementlogic.net\/es\/?s={search_term_string}"},"query-input":{"@type":"PropertyValueSpecification","valueRequired":true,"valueName":"search_term_string"}}],"inLanguage":"es"}]}},"_links":{"self":[{"href":"https:\/\/www.elementlogic.net\/es\/wp-json\/wp\/v2\/pages\/3825"}],"collection":[{"href":"https:\/\/www.elementlogic.net\/es\/wp-json\/wp\/v2\/pages"}],"about":[{"href":"https:\/\/www.elementlogic.net\/es\/wp-json\/wp\/v2\/types\/page"}],"author":[{"embeddable":true,"href":"https:\/\/www.elementlogic.net\/es\/wp-json\/wp\/v2\/users\/2"}],"replies":[{"embeddable":true,"href":"https:\/\/www.elementlogic.net\/es\/wp-json\/wp\/v2\/comments?post=3825"}],"version-history":[{"count":4,"href":"https:\/\/www.elementlogic.net\/es\/wp-json\/wp\/v2\/pages\/3825\/revisions"}],"predecessor-version":[{"id":4604,"href":"https:\/\/www.elementlogic.net\/es\/wp-json\/wp\/v2\/pages\/3825\/revisions\/4604"}],"up":[{"embeddable":true,"href":"https:\/\/www.elementlogic.net\/es\/wp-json\/wp\/v2\/pages\/429"}],"wp:attachment":[{"href":"https:\/\/www.elementlogic.net\/es\/wp-json\/wp\/v2\/media?parent=3825"}],"curies":[{"name":"wp","href":"https:\/\/api.w.org\/{rel}","templated":true}]}}