{"id":3827,"date":"2026-03-25T11:33:02","date_gmt":"2026-03-25T11:33:02","guid":{"rendered":"https:\/\/www.elementlogic.net\/es\/?page_id=3827"},"modified":"2026-03-25T12:36:55","modified_gmt":"2026-03-25T12:36:55","slug":"soluciones-y-servicios-mantenimiento","status":"publish","type":"page","link":"https:\/\/www.elementlogic.net\/es\/soluciones-y-servicios\/servicio-al-cliente\/soluciones-y-servicios-mantenimiento\/","title":{"rendered":"Maintenance"},"content":{"rendered":"\n\t\t<div style=\"--dekode-hero-dim:0.5; --t2-icon-fill:var(--wp--preset--color--white);\" class=\"alignfull dekode-hero-content-position-center has-media-background wp-block-dekode-hero has-text-color has-white-color\">\n\t\t\t<img loading=\"lazy\" decoding=\"async\" width=\"1024\" height=\"429\" src=\"https:\/\/www.elementlogic.net\/content\/uploads\/sites\/12\/2026\/03\/Wallpaper-10-scaled-2-1024x429.jpg\" class=\"dekode-hero__image\" alt=\"Persona con linterna inspeccionando una m\u00e1quina o equipo t\u00e9cnico en un entorno industrial.\" style=\"--focalpoint: 50% 64%;\" srcset=\"https:\/\/www.elementlogic.net\/content\/uploads\/sites\/12\/2026\/03\/Wallpaper-10-scaled-2-1024x429.jpg 1024w, https:\/\/www.elementlogic.net\/content\/uploads\/sites\/12\/2026\/03\/Wallpaper-10-scaled-2-300x126.jpg 300w, https:\/\/www.elementlogic.net\/content\/uploads\/sites\/12\/2026\/03\/Wallpaper-10-scaled-2-768x322.jpg 768w, https:\/\/www.elementlogic.net\/content\/uploads\/sites\/12\/2026\/03\/Wallpaper-10-scaled-2-1536x643.jpg 1536w, https:\/\/www.elementlogic.net\/content\/uploads\/sites\/12\/2026\/03\/Wallpaper-10-scaled-2-2048x858.jpg 2048w\" sizes=\"(max-width: 1024px) 100vw, 1024px\" \/>\n\t\t\t<div class=\"dekode-hero__content\">\n\t\t\t\t<div class=\"dekode-hero__container\">\n\t\t\t\t\t\n\n<h1 class=\"wp-block-heading\" id=\"h-mantenimiento\"><strong>Mantenimiento<\/strong><\/h1>\n\n\n<p class=\"t2-ingress wp-block-t2-ingress\">Para que tu sistema funcione sin interrupciones<\/p>\n\n\t\t\t\t<\/div>\n\t\t\t<\/div>\n\t\t<\/div>\n\t\t\n\n\n<h2 class=\"wp-block-heading\" id=\"h-el-mantenimiento-como-parte-del-rendimiento-de-tu-almacen\">El mantenimiento como parte del rendimiento de tu almac\u00e9n<\/h2>\n\n\n\n<p>El mantenimiento no consiste solo en resolver incidencias. Es una parte clave de c\u00f3mo en Element Logic aseguramos el rendimiento del almac\u00e9n a largo plazo. Como parte de nuestro servicio de Customer Success, el mantenimiento garantiza que los sistemas de automatizaci\u00f3n sigan siendo fiables, eficientes y preparados para adaptarse a las necesidades del negocio.<\/p>\n\n\n\n<h2 class=\"wp-block-heading\" id=\"h-mantenimiento-preventivo-y-planificado\">Mantenimiento preventivo y planificado<\/h2>\n\n\n\n<p>Desde la puesta en marcha del sistema, nuestro equipo trabaja contigo para definir un plan de mantenimiento adaptado a tu operativa.<\/p>\n\n\n\n<p>Realizamos revisiones peri\u00f3dicas, limpieza, sustituci\u00f3n de componentes y tareas preventivas en los elementos cr\u00edticos del sistema: robots, grid, transportadores o conveyors, software y sistemas de control. El objetivo es evitar que el desgaste acabe generando paradas.<\/p>\n\n\n\n<p>Planificamos cada intervenci\u00f3n para minimizar el impacto en la operativa, coordin\u00e1ndonos con tu equipo para respetar los picos de actividad y asegurar la continuidad del servicio.<\/p>\n\n\n\n\t\t<div class=\"alignwide is-mode-constrained is-gap-center wp-block-t2-simple-media-text   \">\n\t\t\t<div class=\"t2-simple-media-text__container\">\n\t\t\t\t<div class=\"t2-simple-media-text__image\"><img loading=\"lazy\" decoding=\"async\" width=\"768\" height=\"322\" src=\"https:\/\/www.elementlogic.net\/content\/uploads\/sites\/12\/2026\/03\/Wallpaper-2-scaled-1-768x322.jpg\" class=\"\" alt=\"\" style=\"--focalpoint: 50% 50%;\" srcset=\"https:\/\/www.elementlogic.net\/content\/uploads\/sites\/12\/2026\/03\/Wallpaper-2-scaled-1-768x322.jpg 768w, https:\/\/www.elementlogic.net\/content\/uploads\/sites\/12\/2026\/03\/Wallpaper-2-scaled-1-300x126.jpg 300w, https:\/\/www.elementlogic.net\/content\/uploads\/sites\/12\/2026\/03\/Wallpaper-2-scaled-1-1024x429.jpg 1024w, https:\/\/www.elementlogic.net\/content\/uploads\/sites\/12\/2026\/03\/Wallpaper-2-scaled-1-1536x643.jpg 1536w, https:\/\/www.elementlogic.net\/content\/uploads\/sites\/12\/2026\/03\/Wallpaper-2-scaled-1-2048x858.jpg 2048w\" sizes=\"(max-width: 768px) 100vw, 768px\" \/><\/div>\n\t\t\t\t<div class=\"t2-simple-media-text__content-container\">\n\t\t\t\t\t<div class=\"t2-simple-media-text__content\">\n\t\t\t\t\t\t<div class=\"t2-simple-media-text__content-inner\">\n\t\t\t\t\t\t\t\n\n<h3 class=\"wp-block-heading\" id=\"h-monitorizacion-del-estado-del-sistema-y-deteccion-de-desgaste\"><strong>Monitorizaci\u00f3n del estado del sistema y detecci\u00f3n de desgaste<\/strong><\/h3>\n\n\n\n<p>Con herramientas como eLogiq para la monitorizaci\u00f3n del sistema, analizamos indicadores clave como el comportamiento de los robots, el rendimiento de los motores, la tensi\u00f3n de las correas, el desgaste de componentes o la carga del sistema.<\/p>\n\n\n\n<p>Este seguimiento continuo permite detectar se\u00f1ales tempranas: piezas que empiezan a degradarse, patrones de funcionamiento an\u00f3malos o desviaciones en los sensores. Cuando se identifica un riesgo, nuestro equipo act\u00faa con ajustes o intervenciones antes de que se convierta en una aver\u00eda.<\/p>\n\n\n\t\t\t\t\t\t<\/div>\n\t\t\t\t\t<\/div>\n\t\t\t\t<\/div>\n\t\t\t<\/div>\n\t\t<\/div>\n\t\t\n\n\n\t\t<div class=\"alignwide is-mode-constrained is-gap-center has-media-on-the-right wp-block-t2-simple-media-text   \">\n\t\t\t<div class=\"t2-simple-media-text__container\">\n\t\t\t\t<div class=\"t2-simple-media-text__image\"><img loading=\"lazy\" decoding=\"async\" width=\"768\" height=\"512\" src=\"https:\/\/www.elementlogic.net\/content\/uploads\/sites\/12\/2026\/02\/Material_Handling_at_Royal_Design__ELE_00546-1-768x512.jpg\" class=\"\" alt=\"Cajas de cart\u00f3n se desplazan por un sistema de transportadores y cintas en una zona de manipulaci\u00f3n de materiales dentro de un almac\u00e9n automatizado.\" style=\"--focalpoint: 50% 50%;\" srcset=\"https:\/\/www.elementlogic.net\/content\/uploads\/sites\/12\/2026\/02\/Material_Handling_at_Royal_Design__ELE_00546-1-768x512.jpg 768w, https:\/\/www.elementlogic.net\/content\/uploads\/sites\/12\/2026\/02\/Material_Handling_at_Royal_Design__ELE_00546-1-300x200.jpg 300w, https:\/\/www.elementlogic.net\/content\/uploads\/sites\/12\/2026\/02\/Material_Handling_at_Royal_Design__ELE_00546-1-1024x683.jpg 1024w, https:\/\/www.elementlogic.net\/content\/uploads\/sites\/12\/2026\/02\/Material_Handling_at_Royal_Design__ELE_00546-1-1536x1025.jpg 1536w, https:\/\/www.elementlogic.net\/content\/uploads\/sites\/12\/2026\/02\/Material_Handling_at_Royal_Design__ELE_00546-1.jpg 2000w\" sizes=\"(max-width: 768px) 100vw, 768px\" \/><\/div>\n\t\t\t\t<div class=\"t2-simple-media-text__content-container\">\n\t\t\t\t\t<div class=\"t2-simple-media-text__content\">\n\t\t\t\t\t\t<div class=\"t2-simple-media-text__content-inner\">\n\t\t\t\t\t\t\t\n\n<h3 class=\"wp-block-heading\" id=\"h-mantenimiento-predictivo-y-mejora-de-la-fiabilidad\"><strong>Mantenimiento predictivo y mejora de la fiabilidad<\/strong><\/h3>\n\n\n\n<p>No solo actuamos cuando surge un problema. Nos anticipamos.<\/p>\n\n\n\n<p><br>A partir del an\u00e1lisis de datos hist\u00f3ricos, informaci\u00f3n de sensores y patrones de funcionamiento, el mantenimiento incluye acciones predictivas como:<\/p>\n\n\n\n<p>&#8211; Anticipar fallos en robots o sistemas de accionamiento.<\/p>\n\n\n\n<p>&#8211; Detectar necesidades de mantenimiento en transportadores antes de que aparezcan deslizamientos o desalineaciones.<\/p>\n\n\n\n<p>&#8211; Identificar anomal\u00edas en el grid, ineficiencias energ\u00e9ticas o desgaste de componentes.<\/p>\n\n\n\n<p>El resultado es una operativa m\u00e1s estable, con menos interrupciones, mayor disponibilidad del sistema y una vida \u00fatil m\u00e1s larga de los equipos.<\/p>\n\n\n\t\t\t\t\t\t<\/div>\n\t\t\t\t\t<\/div>\n\t\t\t\t<\/div>\n\t\t\t<\/div>\n\t\t<\/div>\n\t\t\n\n\n<h2 class=\"wp-block-heading\" id=\"h-minimizar-el-impacto-maximizar-la-vida-util\">Minimizar el impacto, maximizar la vida \u00fatil<\/h2>\n\n\n\n<p>Cualquier intervenci\u00f3n de mantenimiento tiene un impacto en la operativa. Por eso, dise\u00f1amos el servicio para reducir al m\u00ednimo las interrupciones y alargar la vida \u00fatil del sistema:<\/p>\n\n\n\n<ul class=\"wp-block-list\">\n<li>Programaci\u00f3n de las intervenciones en periodos de menor actividad siempre que es posible<\/li>\n<\/ul>\n\n\n\n<ul class=\"wp-block-list\">\n<li>Disponibilidad de repuestos para agilizar las sustituciones<\/li>\n<\/ul>\n\n\n\n<ul class=\"wp-block-list\">\n<li>Accesos coordinados para evitar paradas en zonas cr\u00edticas como el grid o los transportadores<\/li>\n<\/ul>\n\n\n\n<ul class=\"wp-block-list\">\n<li>Planificaci\u00f3n y comunicaci\u00f3n continua con el equipo de operaciones<\/li>\n<\/ul>\n\n\n\n<p>Adem\u00e1s, el mantenimiento forma parte de las revisiones peri\u00f3dicas dentro del servicio de Customer Success, lo que nos permite ajustarlo en funci\u00f3n de los picos de actividad, los planes de crecimiento y la evoluci\u00f3n de la operativa.<\/p>\n\n\n\n<h2 class=\"wp-block-heading\" id=\"h-por-que-el-mantenimiento-de-element-logic-marca-la-diferencia\">Por qu\u00e9 el mantenimiento de Element Logic marca la diferencia<\/h2>\n\n\n\n<ul class=\"wp-block-list\">\n<li><strong>Mayor disponibilidad<\/strong>: menos aver\u00edas y una operativa m\u00e1s fiable<\/li>\n<\/ul>\n\n\n\n<ul class=\"wp-block-list\">\n<li><strong>Menor coste total<\/strong>: el mantenimiento regular reduce fallos y alarga la vida \u00fatil del sistema<\/li>\n<\/ul>\n\n\n\n<ul class=\"wp-block-list\">\n<li><strong>Rendimiento constante<\/strong>: el sistema mantiene su ritmo, precisi\u00f3n y estabilidad a lo largo del tiempo<\/li>\n<\/ul>\n\n\n\n<ul class=\"wp-block-list\">\n<li><strong>Preparado para crecer: <\/strong>la operativa se adapta a aumentos de capacidad, nuevos productos o cambios en la demanda sin fallos inesperados<\/li>\n<\/ul>\n\n\n\n\t\t<div class=\"wp-block-dekode-simple-cta\">\n\t\t\t<div class=\"dekode-simple-cta__inner\">\n\n<h3 class=\"wp-block-heading\" id=\"h-empieza-con-el-mantenimiento-desde-el-primer-momento\">Empieza con el mantenimiento desde el primer momento<p data-start=\"235\" data-end=\"285\"><\/p><\/h3>\n\n\n<p class=\"t2-ingress wp-block-t2-ingress\">El mantenimiento no es opcional. Es clave para asegurar el rendimiento, la fiabilidad y el control de costes a largo plazo.<\/p>\n\n\n<div class=\"wp-block-buttons is-layout-flex wp-block-buttons-is-layout-flex\">\n<div class=\"wp-block-button has-icon has-icon-theme_arrow\"><a class=\"wp-block-button__link wp-element-button\" href=\"https:\/\/www.elementlogic.net\/es\/contacta-con-nosotros\/\">Contacta con nosotros<svg xmlns=\"http:\/\/www.w3.org\/2000\/svg\" viewBox=\"0 0 24 24\" height=\"24\" width=\"24\" class=\"t2-icon t2-icon-theme_arrow\" aria-hidden=\"true\" focusable=\"false\"><path d=\"M16.627 12.75H5.25C5.03717 12.75 4.859 12.6782 4.7155 12.5345C4.57183 12.391 4.5 12.2128 4.5 12C4.5 11.7872 4.57183 11.609 4.7155 11.4655C4.859 11.3218 5.03717 11.25 5.25 11.25H16.627L11.4577 6.08076C11.3091 5.93209 11.2357 5.75809 11.2375 5.55876C11.2395 5.35942 11.318 5.18217 11.473 5.02701C11.6282 4.88217 11.8038 4.80717 12 4.80201C12.1962 4.79684 12.3718 4.87184 12.527 5.02701L18.8673 11.3673C18.9609 11.4609 19.0269 11.5597 19.0652 11.6635C19.1037 11.7673 19.123 11.8795 19.123 12C19.123 12.1205 19.1037 12.2327 19.0652 12.3365C19.0269 12.4403 18.9609 12.5391 18.8673 12.6328L12.527 18.973C12.3885 19.1115 12.217 19.1823 12.0125 19.1855C11.808 19.1887 11.6282 19.1178 11.473 18.973C11.318 18.8178 11.2405 18.6397 11.2405 18.4385C11.2405 18.2372 11.318 18.0589 11.473 17.9038L16.627 12.75Z\" fill=\"var(--t2-icon-fill, #000)\"\/><\/svg><\/a><\/div>\n<\/div>\n\n<\/div>\n\t\t<\/div>\n\n\n<h3 class=\"wp-block-heading\" id=\"explora-nuestros-servicios\">Explora nuestros servicios<\/h3>\n\n\n\n\t\t<div style=\"--link-cards-grid-columns: 3\" class=\"dekode-link-cards has-3-columns wp-block-dekode-link-cards\">\n\t\t\t<div class=\"dekode-link-cards__items\">\n\t\t\t\t\n<a class=\"wp-block-dekode-link-card\" href=\"https:\/\/www.elementlogic.net\/es\/soluciones-y-servicios\/servicio-al-cliente\/formacion-automatizacion-almacenes\/\"><img loading=\"lazy\" decoding=\"async\" width=\"768\" height=\"512\" src=\"https:\/\/www.elementlogic.net\/content\/uploads\/sites\/12\/2026\/03\/EL_eLogiq-2-768x512.png\" class=\"\" alt=\"Agente de atenci\u00f3n al cliente con auriculares trabajando frente a un ordenador.\" \/>\t<div class=\"dekode-link-card__content\">\n\t\t\t\t<p class=\"dekode-link-card__title\">\n\t\t\tFormaci\u00f3n\t\t<\/p>\n\t\t\t\t\t<p class=\"dekode-link-card__description\">La formaci\u00f3n como base del Servicio al cliente<\/p>\n\t\t\t<\/div>\n\t<\/a>\n\n<a class=\"wp-block-dekode-link-card\" href=\"https:\/\/www.elementlogic.net\/es\/soluciones-y-servicios\/servicio-al-cliente\/insight-y-optimizacion\/\"><img loading=\"lazy\" decoding=\"async\" width=\"768\" height=\"512\" src=\"https:\/\/www.elementlogic.net\/content\/uploads\/sites\/12\/2026\/03\/EL_eLogiq_-11-1024x683-1-768x512.jpg\" class=\"\" alt=\"Cuadro de mando con KPIs de picking: \u201cBins picked today\u201d y tiempo de manipulaci\u00f3n.\" \/>\t<div class=\"dekode-link-card__content\">\n\t\t\t\t<p class=\"dekode-link-card__title\">\n\t\t\tInsight y optimizaci\u00f3n\t\t<\/p>\n\t\t\t\t\t<p class=\"dekode-link-card__description\">Impulsar valor de forma continua<\/p>\n\t\t\t<\/div>\n\t<\/a>\n\n<a class=\"wp-block-dekode-link-card\" href=\"https:\/\/www.elementlogic.net\/es\/soluciones-y-servicios\/servicio-al-cliente\/soluciones-y-servicios-soporte\/\"><img loading=\"lazy\" decoding=\"async\" width=\"768\" height=\"512\" src=\"https:\/\/www.elementlogic.net\/content\/uploads\/sites\/12\/2026\/03\/support_customer-success-1-768x512.png\" class=\"\" alt=\"Equipo t\u00e9cnico revisando datos en un ordenador para soporte de sistemas automatizados.\" \/>\t<div class=\"dekode-link-card__content\">\n\t\t\t\t<p class=\"dekode-link-card__title\">\n\t\t\tSoporte\t\t<\/p>\n\t\t\t\t\t<p class=\"dekode-link-card__description\">Soporte: confianza 24\/7 en las operaciones de tu almac\u00e9n<\/p>\n\t\t\t<\/div>\n\t<\/a>\n\n\t\t\t<\/div>\n\t\t<\/div>\n\n\n<p><\/p>\n","protected":false},"excerpt":{"rendered":"<p>El mantenimiento como parte del rendimiento de tu almac\u00e9n El mantenimiento no consiste solo en resolver incidencias. Es una parte [&hellip;]<\/p>\n","protected":false},"author":2,"featured_media":0,"parent":429,"menu_order":0,"comment_status":"closed","ping_status":"closed","template":"","meta":{"hreflang_relation":4813,"_el_cross_publish_source_blog_url":"","_el_cross_publish_source_blog_id":0,"_el_cross_publish_source_post_id":0,"_el_cross_publish_sync_state":"","exclude_from_search":false,"footnotes":""},"class_list":["post-3827","page","type-page","status-publish","hentry"],"yoast_head":"<!-- This site is optimized with the Yoast SEO Premium plugin v23.9 (Yoast SEO v23.9) - https:\/\/yoast.com\/wordpress\/plugins\/seo\/ -->\n<title>Mantenimiento de almacenes automatizados | Element Logic<\/title>\n<meta name=\"description\" content=\"Asegura el rendimiento de tu almac\u00e9n con mantenimiento preventivo y predictivo. Reduce paradas, mejora la fiabilidad y alarga la vida \u00fatil.\" \/>\n<meta name=\"robots\" content=\"index, follow, max-snippet:-1, max-image-preview:large, max-video-preview:-1\" \/>\n<link rel=\"canonical\" href=\"https:\/\/www.elementlogic.net\/es\/soluciones-y-servicios\/servicio-al-cliente\/soluciones-y-servicios-mantenimiento\/\" \/>\n<meta property=\"og:locale\" content=\"es_ES\" \/>\n<meta property=\"og:type\" content=\"article\" \/>\n<meta property=\"og:title\" content=\"Maintenance\" \/>\n<meta property=\"og:description\" content=\"Asegura el rendimiento de tu almac\u00e9n con mantenimiento preventivo y predictivo. Reduce paradas, mejora la fiabilidad y alarga la vida \u00fatil.\" \/>\n<meta property=\"og:url\" content=\"https:\/\/www.elementlogic.net\/es\/soluciones-y-servicios\/servicio-al-cliente\/soluciones-y-servicios-mantenimiento\/\" \/>\n<meta property=\"og:site_name\" content=\"Element Logic Spain\" \/>\n<meta property=\"article:modified_time\" content=\"2026-03-25T12:36:55+00:00\" \/>\n<meta name=\"twitter:card\" content=\"summary_large_image\" \/>\n<meta name=\"twitter:label1\" content=\"Tiempo de lectura\" \/>\n\t<meta name=\"twitter:data1\" content=\"3 minutos\" \/>\n<script type=\"application\/ld+json\" class=\"yoast-schema-graph\">{\"@context\":\"https:\/\/schema.org\",\"@graph\":[{\"@type\":\"WebPage\",\"@id\":\"https:\/\/www.elementlogic.net\/es\/soluciones-y-servicios\/servicio-al-cliente\/soluciones-y-servicios-mantenimiento\/\",\"url\":\"https:\/\/www.elementlogic.net\/es\/soluciones-y-servicios\/servicio-al-cliente\/soluciones-y-servicios-mantenimiento\/\",\"name\":\"Mantenimiento de almacenes automatizados | Element Logic\",\"isPartOf\":{\"@id\":\"https:\/\/www.elementlogic.net\/es\/#website\"},\"datePublished\":\"2026-03-25T11:33:02+00:00\",\"dateModified\":\"2026-03-25T12:36:55+00:00\",\"description\":\"Asegura el rendimiento de tu almac\u00e9n con mantenimiento preventivo y predictivo. Reduce paradas, mejora la fiabilidad y alarga la vida \u00fatil.\",\"breadcrumb\":{\"@id\":\"https:\/\/www.elementlogic.net\/es\/soluciones-y-servicios\/servicio-al-cliente\/soluciones-y-servicios-mantenimiento\/#breadcrumb\"},\"inLanguage\":\"es\",\"potentialAction\":[{\"@type\":\"ReadAction\",\"target\":[\"https:\/\/www.elementlogic.net\/es\/soluciones-y-servicios\/servicio-al-cliente\/soluciones-y-servicios-mantenimiento\/\"]}]},{\"@type\":\"BreadcrumbList\",\"@id\":\"https:\/\/www.elementlogic.net\/es\/soluciones-y-servicios\/servicio-al-cliente\/soluciones-y-servicios-mantenimiento\/#breadcrumb\",\"itemListElement\":[{\"@type\":\"ListItem\",\"position\":1,\"name\":\"Soluciones y servicios\",\"item\":\"https:\/\/www.elementlogic.net\/es\/soluciones-y-servicios\/\"},{\"@type\":\"ListItem\",\"position\":2,\"name\":\"Servicio al cliente\",\"item\":\"https:\/\/www.elementlogic.net\/es\/soluciones-y-servicios\/servicio-al-cliente\/\"},{\"@type\":\"ListItem\",\"position\":3,\"name\":\"Maintenance\"}]},{\"@type\":\"WebSite\",\"@id\":\"https:\/\/www.elementlogic.net\/es\/#website\",\"url\":\"https:\/\/www.elementlogic.net\/es\/\",\"name\":\"Element Logic Spain\",\"description\":\"\",\"potentialAction\":[{\"@type\":\"SearchAction\",\"target\":{\"@type\":\"EntryPoint\",\"urlTemplate\":\"https:\/\/www.elementlogic.net\/es\/?s={search_term_string}\"},\"query-input\":{\"@type\":\"PropertyValueSpecification\",\"valueRequired\":true,\"valueName\":\"search_term_string\"}}],\"inLanguage\":\"es\"}]}<\/script>\n<!-- \/ Yoast SEO Premium plugin. -->","yoast_head_json":{"title":"Mantenimiento de almacenes automatizados | Element Logic","description":"Asegura el rendimiento de tu almac\u00e9n con mantenimiento preventivo y predictivo. Reduce paradas, mejora la fiabilidad y alarga la vida \u00fatil.","robots":{"index":"index","follow":"follow","max-snippet":"max-snippet:-1","max-image-preview":"max-image-preview:large","max-video-preview":"max-video-preview:-1"},"canonical":"https:\/\/www.elementlogic.net\/es\/soluciones-y-servicios\/servicio-al-cliente\/soluciones-y-servicios-mantenimiento\/","og_locale":"es_ES","og_type":"article","og_title":"Maintenance","og_description":"Asegura el rendimiento de tu almac\u00e9n con mantenimiento preventivo y predictivo. Reduce paradas, mejora la fiabilidad y alarga la vida \u00fatil.","og_url":"https:\/\/www.elementlogic.net\/es\/soluciones-y-servicios\/servicio-al-cliente\/soluciones-y-servicios-mantenimiento\/","og_site_name":"Element Logic Spain","article_modified_time":"2026-03-25T12:36:55+00:00","twitter_card":"summary_large_image","twitter_misc":{"Tiempo de lectura":"3 minutos"},"schema":{"@context":"https:\/\/schema.org","@graph":[{"@type":"WebPage","@id":"https:\/\/www.elementlogic.net\/es\/soluciones-y-servicios\/servicio-al-cliente\/soluciones-y-servicios-mantenimiento\/","url":"https:\/\/www.elementlogic.net\/es\/soluciones-y-servicios\/servicio-al-cliente\/soluciones-y-servicios-mantenimiento\/","name":"Mantenimiento de almacenes automatizados | Element Logic","isPartOf":{"@id":"https:\/\/www.elementlogic.net\/es\/#website"},"datePublished":"2026-03-25T11:33:02+00:00","dateModified":"2026-03-25T12:36:55+00:00","description":"Asegura el rendimiento de tu almac\u00e9n con mantenimiento preventivo y predictivo. Reduce paradas, mejora la fiabilidad y alarga la vida \u00fatil.","breadcrumb":{"@id":"https:\/\/www.elementlogic.net\/es\/soluciones-y-servicios\/servicio-al-cliente\/soluciones-y-servicios-mantenimiento\/#breadcrumb"},"inLanguage":"es","potentialAction":[{"@type":"ReadAction","target":["https:\/\/www.elementlogic.net\/es\/soluciones-y-servicios\/servicio-al-cliente\/soluciones-y-servicios-mantenimiento\/"]}]},{"@type":"BreadcrumbList","@id":"https:\/\/www.elementlogic.net\/es\/soluciones-y-servicios\/servicio-al-cliente\/soluciones-y-servicios-mantenimiento\/#breadcrumb","itemListElement":[{"@type":"ListItem","position":1,"name":"Soluciones y servicios","item":"https:\/\/www.elementlogic.net\/es\/soluciones-y-servicios\/"},{"@type":"ListItem","position":2,"name":"Servicio al cliente","item":"https:\/\/www.elementlogic.net\/es\/soluciones-y-servicios\/servicio-al-cliente\/"},{"@type":"ListItem","position":3,"name":"Maintenance"}]},{"@type":"WebSite","@id":"https:\/\/www.elementlogic.net\/es\/#website","url":"https:\/\/www.elementlogic.net\/es\/","name":"Element Logic Spain","description":"","potentialAction":[{"@type":"SearchAction","target":{"@type":"EntryPoint","urlTemplate":"https:\/\/www.elementlogic.net\/es\/?s={search_term_string}"},"query-input":{"@type":"PropertyValueSpecification","valueRequired":true,"valueName":"search_term_string"}}],"inLanguage":"es"}]}},"_links":{"self":[{"href":"https:\/\/www.elementlogic.net\/es\/wp-json\/wp\/v2\/pages\/3827"}],"collection":[{"href":"https:\/\/www.elementlogic.net\/es\/wp-json\/wp\/v2\/pages"}],"about":[{"href":"https:\/\/www.elementlogic.net\/es\/wp-json\/wp\/v2\/types\/page"}],"author":[{"embeddable":true,"href":"https:\/\/www.elementlogic.net\/es\/wp-json\/wp\/v2\/users\/2"}],"replies":[{"embeddable":true,"href":"https:\/\/www.elementlogic.net\/es\/wp-json\/wp\/v2\/comments?post=3827"}],"version-history":[{"count":5,"href":"https:\/\/www.elementlogic.net\/es\/wp-json\/wp\/v2\/pages\/3827\/revisions"}],"predecessor-version":[{"id":4586,"href":"https:\/\/www.elementlogic.net\/es\/wp-json\/wp\/v2\/pages\/3827\/revisions\/4586"}],"up":[{"embeddable":true,"href":"https:\/\/www.elementlogic.net\/es\/wp-json\/wp\/v2\/pages\/429"}],"wp:attachment":[{"href":"https:\/\/www.elementlogic.net\/es\/wp-json\/wp\/v2\/media?parent=3827"}],"curies":[{"name":"wp","href":"https:\/\/api.w.org\/{rel}","templated":true}]}}