{"id":3829,"date":"2026-03-25T11:34:08","date_gmt":"2026-03-25T11:34:08","guid":{"rendered":"https:\/\/www.elementlogic.net\/es\/?page_id=3829"},"modified":"2026-03-25T12:37:09","modified_gmt":"2026-03-25T12:37:09","slug":"soluciones-y-servicios-soporte","status":"publish","type":"page","link":"https:\/\/www.elementlogic.net\/es\/soluciones-y-servicios\/servicio-al-cliente\/soluciones-y-servicios-soporte\/","title":{"rendered":"Support"},"content":{"rendered":"\n\t\t<div style=\"--dekode-hero-dim:0.5; --t2-icon-fill:var(--wp--preset--color--white);\" class=\"alignfull dekode-hero-content-position-center has-media-background wp-block-dekode-hero has-text-color has-white-color\">\n\t\t\t<img loading=\"lazy\" decoding=\"async\" width=\"1024\" height=\"664\" src=\"https:\/\/www.elementlogic.net\/content\/uploads\/sites\/12\/2026\/03\/Element-Logic-and-Bergaard-Amundsen-People-2-1024x664.jpg\" class=\"dekode-hero__image\" alt=\"\" style=\"--focalpoint: 52% 11%;\" srcset=\"https:\/\/www.elementlogic.net\/content\/uploads\/sites\/12\/2026\/03\/Element-Logic-and-Bergaard-Amundsen-People-2-1024x664.jpg 1024w, https:\/\/www.elementlogic.net\/content\/uploads\/sites\/12\/2026\/03\/Element-Logic-and-Bergaard-Amundsen-People-2-300x194.jpg 300w, https:\/\/www.elementlogic.net\/content\/uploads\/sites\/12\/2026\/03\/Element-Logic-and-Bergaard-Amundsen-People-2-768x498.jpg 768w, https:\/\/www.elementlogic.net\/content\/uploads\/sites\/12\/2026\/03\/Element-Logic-and-Bergaard-Amundsen-People-2-1536x996.jpg 1536w, https:\/\/www.elementlogic.net\/content\/uploads\/sites\/12\/2026\/03\/Element-Logic-and-Bergaard-Amundsen-People-2.jpg 1600w\" sizes=\"(max-width: 1024px) 100vw, 1024px\" \/>\n\t\t\t<div class=\"dekode-hero__content\">\n\t\t\t\t<div class=\"dekode-hero__container\">\n\t\t\t\t\t\n\n<p><strong>Soporte 24\/7 en las operaciones de tu almac\u00e9n<\/strong>&nbsp;<\/p>\n\n\n\n<h1 class=\"wp-block-heading\" id=\"h-soporte\">Soporte<\/h1>\n\n\n<p class=\"t2-ingress wp-block-t2-ingress\"><strong>Siempre disponible, siempre fiable<\/strong><\/p>\n\n\n<div class=\"wp-block-buttons is-layout-flex wp-block-buttons-is-layout-flex\">\n<div class=\"wp-block-button\"><a class=\"wp-block-button__link wp-element-button\" href=\"https:\/\/www.elementlogic.net\/es\/contacta-con-nosotros\/\">Contacta con nosotros<\/a><\/div>\n<\/div>\n\n\n\t\t\t\t<\/div>\n\t\t\t<\/div>\n\t\t<\/div>\n\t\t\n\n\n<p>Tu operativa de almac\u00e9n depende de la disponibilidad. Por eso, en Element Logic ofrecemos soporte continuo.Nuestro equipo de Customer Success Support se encarga de que tus soluciones, el software y los equipos integrados funcionen como deben, para que puedas cumplir plazos con seguridad.<\/p>\n\n\n\n\t\t<div class=\"alignwide is-mode-constrained is-gap-center wp-block-t2-simple-media-text   \">\n\t\t\t<div class=\"t2-simple-media-text__container\">\n\t\t\t\t<div class=\"t2-simple-media-text__image\"><img loading=\"lazy\" decoding=\"async\" width=\"768\" height=\"576\" src=\"https:\/\/www.elementlogic.net\/content\/uploads\/sites\/12\/2026\/02\/Element-Logic_AutoStore-support-aftermarket-scaled-1-768x576.jpg\" class=\"\" alt=\"Profesional de soporte atiende una consulta con auriculares y micr\u00f3fono frente al ordenador en un entorno de oficina.\" style=\"--focalpoint: 50% 50%;\" srcset=\"https:\/\/www.elementlogic.net\/content\/uploads\/sites\/12\/2026\/02\/Element-Logic_AutoStore-support-aftermarket-scaled-1-768x576.jpg 768w, https:\/\/www.elementlogic.net\/content\/uploads\/sites\/12\/2026\/02\/Element-Logic_AutoStore-support-aftermarket-scaled-1-300x225.jpg 300w, https:\/\/www.elementlogic.net\/content\/uploads\/sites\/12\/2026\/02\/Element-Logic_AutoStore-support-aftermarket-scaled-1-1024x768.jpg 1024w, https:\/\/www.elementlogic.net\/content\/uploads\/sites\/12\/2026\/02\/Element-Logic_AutoStore-support-aftermarket-scaled-1-1536x1152.jpg 1536w, https:\/\/www.elementlogic.net\/content\/uploads\/sites\/12\/2026\/02\/Element-Logic_AutoStore-support-aftermarket-scaled-1-2048x1536.jpg 2048w\" sizes=\"(max-width: 768px) 100vw, 768px\" \/><\/div>\n\t\t\t\t<div class=\"t2-simple-media-text__content-container\">\n\t\t\t\t\t<div class=\"t2-simple-media-text__content\">\n\t\t\t\t\t\t<div class=\"t2-simple-media-text__content-inner\">\n\t\t\t\t\t\t\t\n\n<h3 class=\"wp-block-heading\" id=\"h-asistencia-rapida-y-especializada\"><strong>Asistencia r\u00e1pida y especializada<\/strong><\/h3>\n\n\n\n<p>Cuando surge una incidencia, el tiempo importa. Nuestros equipos Cuando surge una incidencia, el tiempo es clave. Nuestros equipos responden con rapidez, identifican el origen del problema y aplican la soluci\u00f3n adecuada. La mayor\u00eda de incidencias se pueden gestionar en remoto mediante acceso seguro por VPN, lo que se traduce en menos paradas y una recuperaci\u00f3n m\u00e1s r\u00e1pida. Adem\u00e1s, con la monitorizaci\u00f3n continua, detectamos posibles incidencias antes de que afecten a la operativa.<\/p>\n\n\n\n<div class=\"wp-block-buttons is-layout-flex wp-block-buttons-is-layout-flex\">\n<div class=\"wp-block-button is-style-fill has-icon has-icon-theme_arrow\"><a class=\"wp-block-button__link wp-element-button\" href=\"https:\/\/www.elementlogic.net\/es\/contacta-con-nosotros\/\">Contacta con nosotros aqu\u00ed<svg xmlns=\"http:\/\/www.w3.org\/2000\/svg\" viewBox=\"0 0 24 24\" height=\"24\" width=\"24\" class=\"t2-icon t2-icon-theme_arrow\" aria-hidden=\"true\" focusable=\"false\"><path d=\"M16.627 12.75H5.25C5.03717 12.75 4.859 12.6782 4.7155 12.5345C4.57183 12.391 4.5 12.2128 4.5 12C4.5 11.7872 4.57183 11.609 4.7155 11.4655C4.859 11.3218 5.03717 11.25 5.25 11.25H16.627L11.4577 6.08076C11.3091 5.93209 11.2357 5.75809 11.2375 5.55876C11.2395 5.35942 11.318 5.18217 11.473 5.02701C11.6282 4.88217 11.8038 4.80717 12 4.80201C12.1962 4.79684 12.3718 4.87184 12.527 5.02701L18.8673 11.3673C18.9609 11.4609 19.0269 11.5597 19.0652 11.6635C19.1037 11.7673 19.123 11.8795 19.123 12C19.123 12.1205 19.1037 12.2327 19.0652 12.3365C19.0269 12.4403 18.9609 12.5391 18.8673 12.6328L12.527 18.973C12.3885 19.1115 12.217 19.1823 12.0125 19.1855C11.808 19.1887 11.6282 19.1178 11.473 18.973C11.318 18.8178 11.2405 18.6397 11.2405 18.4385C11.2405 18.2372 11.318 18.0589 11.473 17.9038L16.627 12.75Z\" fill=\"var(--t2-icon-fill, #000)\"\/><\/svg><\/a><\/div>\n<\/div>\n\n\n\t\t\t\t\t\t<\/div>\n\t\t\t\t\t<\/div>\n\t\t\t\t<\/div>\n\t\t\t<\/div>\n\t\t<\/div>\n\t\t\n\n\n\t\t<div class=\"alignwide is-mode-constrained is-gap-center has-media-on-the-right wp-block-t2-simple-media-text   \">\n\t\t\t<div class=\"t2-simple-media-text__container\">\n\t\t\t\t<div class=\"t2-simple-media-text__image\"><img loading=\"lazy\" decoding=\"async\" width=\"768\" height=\"640\" src=\"https:\/\/www.elementlogic.net\/content\/uploads\/sites\/12\/2026\/03\/man-scans-at-autostore-2-768x640.png\" class=\"\" alt=\"Operario escaneando un paquete en una estaci\u00f3n de picking con pantalla y lector en un sistema AutoStore.\" style=\"--focalpoint: 50% 50%;\" srcset=\"https:\/\/www.elementlogic.net\/content\/uploads\/sites\/12\/2026\/03\/man-scans-at-autostore-2-768x640.png 768w, https:\/\/www.elementlogic.net\/content\/uploads\/sites\/12\/2026\/03\/man-scans-at-autostore-2-300x250.png 300w, https:\/\/www.elementlogic.net\/content\/uploads\/sites\/12\/2026\/03\/man-scans-at-autostore-2-1024x853.png 1024w, https:\/\/www.elementlogic.net\/content\/uploads\/sites\/12\/2026\/03\/man-scans-at-autostore-2.png 1052w\" sizes=\"(max-width: 768px) 100vw, 768px\" \/><\/div>\n\t\t\t\t<div class=\"t2-simple-media-text__content-container\">\n\t\t\t\t\t<div class=\"t2-simple-media-text__content\">\n\t\t\t\t\t\t<div class=\"t2-simple-media-text__content-inner\">\n\t\t\t\t\t\t\t\n\n<h3 class=\"wp-block-heading\" id=\"h-mas-alla-de-la-resolucion-de-incidencias\"><strong>M\u00e1s all\u00e1 de la resoluci\u00f3n de incidencias<\/strong><\/h3>\n\n\n\n<p>El soporte de Element Logic no se limita a resolver problemas puntuales. Nuestro enfoque incluye:<\/p>\n\n\n\n<p>&#8211; <strong>Gesti\u00f3n de incidencias<\/strong> para restablecer la operativa con rapidez.<br>&#8211; <strong>Gesti\u00f3n de problemas<\/strong> para evitar que las incidencias se repitan.<br>&#8211; <strong>Gesti\u00f3n de cambios y solicitudes de servicio<\/strong> para adaptar el sistema a la evoluci\u00f3n de tu negocio.<br><br>Esta combinaci\u00f3n garantiza estabilidad hoy y resiliencia para ma\u00f1ana.<\/p>\n\n\n\t\t\t\t\t\t<\/div>\n\t\t\t\t\t<\/div>\n\t\t\t\t<\/div>\n\t\t\t<\/div>\n\t\t<\/div>\n\t\t\n\n\n<h2 class=\"wp-block-heading\" id=\"h-un-partner-de-confianza-para-el-rendimiento\">Un partner de confianza para el rendimiento<\/h2>\n\n\n\n<p>El soporte forma parte de nuestro compromiso con el rendimiento de tu almac\u00e9n. Trabajar con Element Logic significa contar con disponibilidad continua 24\/7 y con un equipo que conoce tu sistema en detalle. Desde la resoluci\u00f3n de incidencias hasta la mejora continua, nuestro soporte est\u00e1 orientado a reducir riesgos y mantener el rendimiento de tu operativa.<\/p>\n\n\n\n\t\t<div class=\"wp-block-dekode-simple-cta\">\n\t\t\t<div class=\"dekode-simple-cta__inner\">\n\n<h2 class=\"wp-block-heading\" id=\"h-nuestro-equipo-de-soporte-siempre-disponible\">Nuestro equipo de soporte, siempre disponible<\/h2>\n\n\n<p class=\"t2-ingress wp-block-t2-ingress\">Tanto si necesitas ayuda inmediata como si quieres reforzar tu modelo de soporte a largo plazo, en Element Logic estamos para ayudarte.<\/p>\n\n\n<div class=\"wp-block-buttons is-layout-flex wp-block-buttons-is-layout-flex\">\n<div class=\"wp-block-button has-icon has-icon-theme_arrow\"><a class=\"wp-block-button__link wp-element-button\" href=\"https:\/\/www.elementlogic.net\/es\/contacta-con-nosotros\/\">Contacta con nosotros hoy<svg xmlns=\"http:\/\/www.w3.org\/2000\/svg\" viewBox=\"0 0 24 24\" height=\"24\" width=\"24\" class=\"t2-icon t2-icon-theme_arrow\" aria-hidden=\"true\" focusable=\"false\"><path d=\"M16.627 12.75H5.25C5.03717 12.75 4.859 12.6782 4.7155 12.5345C4.57183 12.391 4.5 12.2128 4.5 12C4.5 11.7872 4.57183 11.609 4.7155 11.4655C4.859 11.3218 5.03717 11.25 5.25 11.25H16.627L11.4577 6.08076C11.3091 5.93209 11.2357 5.75809 11.2375 5.55876C11.2395 5.35942 11.318 5.18217 11.473 5.02701C11.6282 4.88217 11.8038 4.80717 12 4.80201C12.1962 4.79684 12.3718 4.87184 12.527 5.02701L18.8673 11.3673C18.9609 11.4609 19.0269 11.5597 19.0652 11.6635C19.1037 11.7673 19.123 11.8795 19.123 12C19.123 12.1205 19.1037 12.2327 19.0652 12.3365C19.0269 12.4403 18.9609 12.5391 18.8673 12.6328L12.527 18.973C12.3885 19.1115 12.217 19.1823 12.0125 19.1855C11.808 19.1887 11.6282 19.1178 11.473 18.973C11.318 18.8178 11.2405 18.6397 11.2405 18.4385C11.2405 18.2372 11.318 18.0589 11.473 17.9038L16.627 12.75Z\" fill=\"var(--t2-icon-fill, #000)\"\/><\/svg><\/a><\/div>\n<\/div>\n\n<\/div>\n\t\t<\/div>\n\n\n<h3 class=\"wp-block-heading\" id=\"explora-nuestros-servicios\">Explora nuestros servicios<\/h3>\n\n\n\n\t\t<div style=\"--link-cards-grid-columns: 3\" class=\"dekode-link-cards has-3-columns wp-block-dekode-link-cards\">\n\t\t\t<div class=\"dekode-link-cards__items\">\n\t\t\t\t\n<a class=\"wp-block-dekode-link-card\" href=\"https:\/\/www.elementlogic.net\/es\/soluciones-y-servicios\/servicio-al-cliente\/formacion-automatizacion-almacenes\/\"><img loading=\"lazy\" decoding=\"async\" width=\"768\" height=\"512\" src=\"https:\/\/www.elementlogic.net\/content\/uploads\/sites\/12\/2026\/03\/EL_eLogiq-2-768x512.png\" class=\"\" alt=\"Agente de atenci\u00f3n al cliente con auriculares trabajando frente a un ordenador.\" \/>\t<div class=\"dekode-link-card__content\">\n\t\t\t\t<p class=\"dekode-link-card__title\">\n\t\t\tFormaci\u00f3n\t\t<\/p>\n\t\t\t\t\t<p class=\"dekode-link-card__description\">La formaci\u00f3n como base del Servicio al cliente<\/p>\n\t\t\t<\/div>\n\t<\/a>\n\n<a class=\"wp-block-dekode-link-card\" href=\"https:\/\/www.elementlogic.net\/es\/soluciones-y-servicios\/servicio-al-cliente\/insight-y-optimizacion\/\"><img loading=\"lazy\" decoding=\"async\" width=\"768\" height=\"512\" src=\"https:\/\/www.elementlogic.net\/content\/uploads\/sites\/12\/2026\/03\/EL_eLogiq_-11-1024x683-1-768x512.jpg\" class=\"\" alt=\"Cuadro de mando con KPIs de picking: \u201cBins picked today\u201d y tiempo de manipulaci\u00f3n.\" \/>\t<div class=\"dekode-link-card__content\">\n\t\t\t\t<p class=\"dekode-link-card__title\">\n\t\t\tInsight y optimizaci\u00f3n\t\t<\/p>\n\t\t\t\t\t<p class=\"dekode-link-card__description\">Impulsar valor de forma continua<\/p>\n\t\t\t<\/div>\n\t<\/a>\n\n<a class=\"wp-block-dekode-link-card\" href=\"https:\/\/www.elementlogic.net\/es\/soluciones-y-servicios\/servicio-al-cliente\/soluciones-y-servicios-mantenimiento\/\"><img loading=\"lazy\" decoding=\"async\" width=\"768\" height=\"512\" src=\"https:\/\/www.elementlogic.net\/content\/uploads\/sites\/12\/2026\/03\/wallpaper_Customer-success-3-768x512.png\" class=\"\" alt=\"Persona con linterna inspeccionando una m\u00e1quina o equipo t\u00e9cnico en un entorno industrial.\" \/>\t<div class=\"dekode-link-card__content\">\n\t\t\t\t<p class=\"dekode-link-card__title\">\n\t\t\tMantenimiento\t\t<\/p>\n\t\t\t\t\t<p class=\"dekode-link-card__description\">Mantener tu sistema funcionando sin interrupciones<\/p>\n\t\t\t<\/div>\n\t<\/a>\n\n\t\t\t<\/div>\n\t\t<\/div>","protected":false},"excerpt":{"rendered":"<p>Tu operativa de almac\u00e9n depende de la disponibilidad. Por eso, en Element Logic ofrecemos soporte continuo.Nuestro equipo de Customer Success [&hellip;]<\/p>\n","protected":false},"author":2,"featured_media":0,"parent":429,"menu_order":0,"comment_status":"closed","ping_status":"closed","template":"","meta":{"hreflang_relation":4808,"_el_cross_publish_source_blog_url":"","_el_cross_publish_source_blog_id":0,"_el_cross_publish_source_post_id":0,"_el_cross_publish_sync_state":"","exclude_from_search":false,"footnotes":""},"class_list":["post-3829","page","type-page","status-publish","hentry"],"yoast_head":"<!-- This site is optimized with the Yoast SEO Premium plugin v23.9 (Yoast SEO v23.9) - https:\/\/yoast.com\/wordpress\/plugins\/seo\/ -->\n<title>Soporte 24\/7 para almacenes automatizados | Element Logic<\/title>\n<meta name=\"description\" content=\"Garantiza la continuidad de tu almac\u00e9n con soporte 24\/7. Asistencia r\u00e1pida, monitorizaci\u00f3n continua y resoluci\u00f3n de incidencias.\" \/>\n<meta name=\"robots\" content=\"index, follow, max-snippet:-1, max-image-preview:large, max-video-preview:-1\" \/>\n<link rel=\"canonical\" href=\"https:\/\/www.elementlogic.net\/es\/soluciones-y-servicios\/servicio-al-cliente\/soluciones-y-servicios-soporte\/\" \/>\n<meta property=\"og:locale\" content=\"es_ES\" \/>\n<meta property=\"og:type\" content=\"article\" \/>\n<meta property=\"og:title\" content=\"Support\" \/>\n<meta property=\"og:description\" content=\"Garantiza la continuidad de tu almac\u00e9n con soporte 24\/7. Asistencia r\u00e1pida, monitorizaci\u00f3n continua y resoluci\u00f3n de incidencias.\" \/>\n<meta property=\"og:url\" content=\"https:\/\/www.elementlogic.net\/es\/soluciones-y-servicios\/servicio-al-cliente\/soluciones-y-servicios-soporte\/\" \/>\n<meta property=\"og:site_name\" content=\"Element Logic Spain\" \/>\n<meta property=\"article:modified_time\" content=\"2026-03-25T12:37:09+00:00\" \/>\n<meta name=\"twitter:card\" content=\"summary_large_image\" \/>\n<meta name=\"twitter:label1\" content=\"Tiempo de lectura\" \/>\n\t<meta name=\"twitter:data1\" content=\"2 minutos\" \/>\n<script type=\"application\/ld+json\" class=\"yoast-schema-graph\">{\"@context\":\"https:\/\/schema.org\",\"@graph\":[{\"@type\":\"WebPage\",\"@id\":\"https:\/\/www.elementlogic.net\/es\/soluciones-y-servicios\/servicio-al-cliente\/soluciones-y-servicios-soporte\/\",\"url\":\"https:\/\/www.elementlogic.net\/es\/soluciones-y-servicios\/servicio-al-cliente\/soluciones-y-servicios-soporte\/\",\"name\":\"Soporte 24\/7 para almacenes automatizados | Element Logic\",\"isPartOf\":{\"@id\":\"https:\/\/www.elementlogic.net\/es\/#website\"},\"datePublished\":\"2026-03-25T11:34:08+00:00\",\"dateModified\":\"2026-03-25T12:37:09+00:00\",\"description\":\"Garantiza la continuidad de tu almac\u00e9n con soporte 24\/7. Asistencia r\u00e1pida, monitorizaci\u00f3n continua y resoluci\u00f3n de incidencias.\",\"breadcrumb\":{\"@id\":\"https:\/\/www.elementlogic.net\/es\/soluciones-y-servicios\/servicio-al-cliente\/soluciones-y-servicios-soporte\/#breadcrumb\"},\"inLanguage\":\"es\",\"potentialAction\":[{\"@type\":\"ReadAction\",\"target\":[\"https:\/\/www.elementlogic.net\/es\/soluciones-y-servicios\/servicio-al-cliente\/soluciones-y-servicios-soporte\/\"]}]},{\"@type\":\"BreadcrumbList\",\"@id\":\"https:\/\/www.elementlogic.net\/es\/soluciones-y-servicios\/servicio-al-cliente\/soluciones-y-servicios-soporte\/#breadcrumb\",\"itemListElement\":[{\"@type\":\"ListItem\",\"position\":1,\"name\":\"Soluciones y servicios\",\"item\":\"https:\/\/www.elementlogic.net\/es\/soluciones-y-servicios\/\"},{\"@type\":\"ListItem\",\"position\":2,\"name\":\"Servicio al cliente\",\"item\":\"https:\/\/www.elementlogic.net\/es\/soluciones-y-servicios\/servicio-al-cliente\/\"},{\"@type\":\"ListItem\",\"position\":3,\"name\":\"Support\"}]},{\"@type\":\"WebSite\",\"@id\":\"https:\/\/www.elementlogic.net\/es\/#website\",\"url\":\"https:\/\/www.elementlogic.net\/es\/\",\"name\":\"Element Logic Spain\",\"description\":\"\",\"potentialAction\":[{\"@type\":\"SearchAction\",\"target\":{\"@type\":\"EntryPoint\",\"urlTemplate\":\"https:\/\/www.elementlogic.net\/es\/?s={search_term_string}\"},\"query-input\":{\"@type\":\"PropertyValueSpecification\",\"valueRequired\":true,\"valueName\":\"search_term_string\"}}],\"inLanguage\":\"es\"}]}<\/script>\n<!-- \/ Yoast SEO Premium plugin. -->","yoast_head_json":{"title":"Soporte 24\/7 para almacenes automatizados | Element Logic","description":"Garantiza la continuidad de tu almac\u00e9n con soporte 24\/7. Asistencia r\u00e1pida, monitorizaci\u00f3n continua y resoluci\u00f3n de incidencias.","robots":{"index":"index","follow":"follow","max-snippet":"max-snippet:-1","max-image-preview":"max-image-preview:large","max-video-preview":"max-video-preview:-1"},"canonical":"https:\/\/www.elementlogic.net\/es\/soluciones-y-servicios\/servicio-al-cliente\/soluciones-y-servicios-soporte\/","og_locale":"es_ES","og_type":"article","og_title":"Support","og_description":"Garantiza la continuidad de tu almac\u00e9n con soporte 24\/7. Asistencia r\u00e1pida, monitorizaci\u00f3n continua y resoluci\u00f3n de incidencias.","og_url":"https:\/\/www.elementlogic.net\/es\/soluciones-y-servicios\/servicio-al-cliente\/soluciones-y-servicios-soporte\/","og_site_name":"Element Logic Spain","article_modified_time":"2026-03-25T12:37:09+00:00","twitter_card":"summary_large_image","twitter_misc":{"Tiempo de lectura":"2 minutos"},"schema":{"@context":"https:\/\/schema.org","@graph":[{"@type":"WebPage","@id":"https:\/\/www.elementlogic.net\/es\/soluciones-y-servicios\/servicio-al-cliente\/soluciones-y-servicios-soporte\/","url":"https:\/\/www.elementlogic.net\/es\/soluciones-y-servicios\/servicio-al-cliente\/soluciones-y-servicios-soporte\/","name":"Soporte 24\/7 para almacenes automatizados | Element Logic","isPartOf":{"@id":"https:\/\/www.elementlogic.net\/es\/#website"},"datePublished":"2026-03-25T11:34:08+00:00","dateModified":"2026-03-25T12:37:09+00:00","description":"Garantiza la continuidad de tu almac\u00e9n con soporte 24\/7. Asistencia r\u00e1pida, monitorizaci\u00f3n continua y resoluci\u00f3n de incidencias.","breadcrumb":{"@id":"https:\/\/www.elementlogic.net\/es\/soluciones-y-servicios\/servicio-al-cliente\/soluciones-y-servicios-soporte\/#breadcrumb"},"inLanguage":"es","potentialAction":[{"@type":"ReadAction","target":["https:\/\/www.elementlogic.net\/es\/soluciones-y-servicios\/servicio-al-cliente\/soluciones-y-servicios-soporte\/"]}]},{"@type":"BreadcrumbList","@id":"https:\/\/www.elementlogic.net\/es\/soluciones-y-servicios\/servicio-al-cliente\/soluciones-y-servicios-soporte\/#breadcrumb","itemListElement":[{"@type":"ListItem","position":1,"name":"Soluciones y servicios","item":"https:\/\/www.elementlogic.net\/es\/soluciones-y-servicios\/"},{"@type":"ListItem","position":2,"name":"Servicio al cliente","item":"https:\/\/www.elementlogic.net\/es\/soluciones-y-servicios\/servicio-al-cliente\/"},{"@type":"ListItem","position":3,"name":"Support"}]},{"@type":"WebSite","@id":"https:\/\/www.elementlogic.net\/es\/#website","url":"https:\/\/www.elementlogic.net\/es\/","name":"Element Logic Spain","description":"","potentialAction":[{"@type":"SearchAction","target":{"@type":"EntryPoint","urlTemplate":"https:\/\/www.elementlogic.net\/es\/?s={search_term_string}"},"query-input":{"@type":"PropertyValueSpecification","valueRequired":true,"valueName":"search_term_string"}}],"inLanguage":"es"}]}},"_links":{"self":[{"href":"https:\/\/www.elementlogic.net\/es\/wp-json\/wp\/v2\/pages\/3829"}],"collection":[{"href":"https:\/\/www.elementlogic.net\/es\/wp-json\/wp\/v2\/pages"}],"about":[{"href":"https:\/\/www.elementlogic.net\/es\/wp-json\/wp\/v2\/types\/page"}],"author":[{"embeddable":true,"href":"https:\/\/www.elementlogic.net\/es\/wp-json\/wp\/v2\/users\/2"}],"replies":[{"embeddable":true,"href":"https:\/\/www.elementlogic.net\/es\/wp-json\/wp\/v2\/comments?post=3829"}],"version-history":[{"count":5,"href":"https:\/\/www.elementlogic.net\/es\/wp-json\/wp\/v2\/pages\/3829\/revisions"}],"predecessor-version":[{"id":4587,"href":"https:\/\/www.elementlogic.net\/es\/wp-json\/wp\/v2\/pages\/3829\/revisions\/4587"}],"up":[{"embeddable":true,"href":"https:\/\/www.elementlogic.net\/es\/wp-json\/wp\/v2\/pages\/429"}],"wp:attachment":[{"href":"https:\/\/www.elementlogic.net\/es\/wp-json\/wp\/v2\/media?parent=3829"}],"curies":[{"name":"wp","href":"https:\/\/api.w.org\/{rel}","templated":true}]}}