{"id":3831,"date":"2026-03-25T11:42:51","date_gmt":"2026-03-25T11:42:51","guid":{"rendered":"https:\/\/www.elementlogic.net\/es\/?page_id=3831"},"modified":"2026-03-25T12:37:30","modified_gmt":"2026-03-25T12:37:30","slug":"formacion-automatizacion-almacenes","status":"publish","type":"page","link":"https:\/\/www.elementlogic.net\/es\/soluciones-y-servicios\/servicio-al-cliente\/formacion-automatizacion-almacenes\/","title":{"rendered":"Training and Development"},"content":{"rendered":"\n\t\t<div style=\"--dekode-hero-dim:0.2; --t2-icon-fill:var(--wp--preset--color--white);\" class=\"alignfull dekode-hero-content-position-center has-media-background wp-block-dekode-hero has-text-color has-white-color\">\n\t\t\t<img loading=\"lazy\" decoding=\"async\" width=\"1024\" height=\"683\" src=\"https:\/\/www.elementlogic.net\/content\/uploads\/sites\/12\/2026\/03\/EL_eLogiq-2.png\" class=\"dekode-hero__image\" alt=\"Agente de atenci\u00f3n al cliente con auriculares trabajando frente a un ordenador.\" style=\"--focalpoint: 50% 17%;\" srcset=\"https:\/\/www.elementlogic.net\/content\/uploads\/sites\/12\/2026\/03\/EL_eLogiq-2.png 1024w, https:\/\/www.elementlogic.net\/content\/uploads\/sites\/12\/2026\/03\/EL_eLogiq-2-300x200.png 300w, https:\/\/www.elementlogic.net\/content\/uploads\/sites\/12\/2026\/03\/EL_eLogiq-2-768x512.png 768w\" sizes=\"(max-width: 1024px) 100vw, 1024px\" \/>\n\t\t\t<div class=\"dekode-hero__content\">\n\t\t\t\t<div class=\"dekode-hero__container\">\n\t\t\t\t\t\n\n<h1 class=\"wp-block-heading\" id=\"h-formacion-y-desarrollo\"><strong>Formaci\u00f3n y desarrollo<\/strong><\/h1>\n\n\n<p class=\"t2-ingress wp-block-t2-ingress\">La formaci\u00f3n como base del Customer Success<\/p>\n\n\n<div class=\"wp-block-buttons is-layout-flex wp-block-buttons-is-layout-flex\">\n<div class=\"wp-block-button\"><a class=\"wp-block-button__link wp-element-button\" href=\"https:\/\/www.elementlogic.net\/es\/contacta-con-nosotros\/\">Contacta con nosotros<\/a><\/div>\n<\/div>\n\n\n\t\t\t\t<\/div>\n\t\t\t<\/div>\n\t\t<\/div>\n\t\t\n\n\n<p>Una soluci\u00f3n de almac\u00e9n solo aporta todo su valor cuando las personas que la operan saben c\u00f3mo sacarle partido. Por eso, la formaci\u00f3n y el desarrollo profesional forman parte esencial de nuestro enfoque de Customer Success. A trav\u00e9s del programa de certificaci\u00f3n de Superusuarios, preparamos a tu equipo desde el primer d\u00eda y acompa\u00f1amos su evoluci\u00f3n con formaci\u00f3n estructurada y especializada.<\/p>\n\n\n\n<h2 class=\"wp-block-heading\" id=\"h-del-onboarding-a-la-especializacion\">Del onboarding a la especializaci\u00f3n<\/h2>\n\n\n\n<p>La formaci\u00f3n empieza antes de que el sistema entre en funcionamiento y contin\u00faa durante toda su vida \u00fatil. Preparamos a tu equipo para operar el sistema, resolver incidencias y adaptarse a los cambios del d\u00eda a d\u00eda.<\/p>\n\n\n\n<ul class=\"wp-block-list\">\n<li><strong>Onboarding y formaci\u00f3n por escenarios:<\/strong>el equipo aprende a operar el sistema de forma segura y eficiente, con pr\u00e1ctica sobre los flujos diarios y preparaci\u00f3n para gestionar incidencias y picos de demanda. <\/li>\n\n\n\n<li><strong>Formaci\u00f3n de actualizaci\u00f3n: <\/strong>mantiene los conocimientos al d\u00eda a medida que evolucionan los procesos y el software.<\/li>\n\n\n\n<li><strong>Formaci\u00f3n por roles: <\/strong>sesiones adaptadas a operarios, supervisores y responsables para que cada perfil rinda al m\u00e1ximo.<\/li>\n<\/ul>\n\n\n\n\t\t<div class=\"alignwide is-mode-constrained is-gap-center wp-block-t2-simple-media-text   \">\n\t\t\t<div class=\"t2-simple-media-text__container\">\n\t\t\t\t<div class=\"t2-simple-media-text__image\"><img loading=\"lazy\" decoding=\"async\" width=\"768\" height=\"322\" src=\"https:\/\/www.elementlogic.net\/content\/uploads\/sites\/12\/2026\/03\/Wallpaper-2-scaled-1-768x322.jpg\" class=\"\" alt=\"\" style=\"--focalpoint: 50% 50%;\" srcset=\"https:\/\/www.elementlogic.net\/content\/uploads\/sites\/12\/2026\/03\/Wallpaper-2-scaled-1-768x322.jpg 768w, https:\/\/www.elementlogic.net\/content\/uploads\/sites\/12\/2026\/03\/Wallpaper-2-scaled-1-300x126.jpg 300w, https:\/\/www.elementlogic.net\/content\/uploads\/sites\/12\/2026\/03\/Wallpaper-2-scaled-1-1024x429.jpg 1024w, https:\/\/www.elementlogic.net\/content\/uploads\/sites\/12\/2026\/03\/Wallpaper-2-scaled-1-1536x643.jpg 1536w, https:\/\/www.elementlogic.net\/content\/uploads\/sites\/12\/2026\/03\/Wallpaper-2-scaled-1-2048x858.jpg 2048w\" sizes=\"(max-width: 768px) 100vw, 768px\" \/><\/div>\n\t\t\t\t<div class=\"t2-simple-media-text__content-container\">\n\t\t\t\t\t<div class=\"t2-simple-media-text__content\">\n\t\t\t\t\t\t<div class=\"t2-simple-media-text__content-inner\">\n\t\t\t\t\t\t\t\n\n<h3 class=\"wp-block-heading\" id=\"h-element-logic-academy\"><strong>Element Logic Academy<\/strong><\/h3>\n\n\n\n<p><strong>Element Logic Academy<\/strong> es una plataforma digital de formaci\u00f3n con contenidos online, tutoriales y materiales estructurados para el aprendizaje continuo. Permite que la formaci\u00f3n llegue a todo el equipo, independientemente del turno o la ubicaci\u00f3n y asegura un nivel homog\u00e9neo de conocimiento.<\/p>\n\n\n\n<p>Los responsables pueden hacer seguimiento del progreso y del nivel de capacitaci\u00f3n del equipo, mientras que los usuarios acceden a recursos pr\u00e1cticos para aprender desde el inicio y seguir mejorando en su d\u00eda a d\u00eda.<\/p>\n\n\n\n<div class=\"wp-block-buttons is-layout-flex wp-block-buttons-is-layout-flex\">\n<div class=\"wp-block-button is-style-fill has-icon has-icon-theme_arrow\"><a class=\"wp-block-button__link wp-element-button\" href=\"https:\/\/www.elementlogic.net\/es\/contacta-con-nosotros\/\">Contacta con nosotros<svg xmlns=\"http:\/\/www.w3.org\/2000\/svg\" viewBox=\"0 0 24 24\" height=\"24\" width=\"24\" class=\"t2-icon t2-icon-theme_arrow\" aria-hidden=\"true\" focusable=\"false\"><path d=\"M16.627 12.75H5.25C5.03717 12.75 4.859 12.6782 4.7155 12.5345C4.57183 12.391 4.5 12.2128 4.5 12C4.5 11.7872 4.57183 11.609 4.7155 11.4655C4.859 11.3218 5.03717 11.25 5.25 11.25H16.627L11.4577 6.08076C11.3091 5.93209 11.2357 5.75809 11.2375 5.55876C11.2395 5.35942 11.318 5.18217 11.473 5.02701C11.6282 4.88217 11.8038 4.80717 12 4.80201C12.1962 4.79684 12.3718 4.87184 12.527 5.02701L18.8673 11.3673C18.9609 11.4609 19.0269 11.5597 19.0652 11.6635C19.1037 11.7673 19.123 11.8795 19.123 12C19.123 12.1205 19.1037 12.2327 19.0652 12.3365C19.0269 12.4403 18.9609 12.5391 18.8673 12.6328L12.527 18.973C12.3885 19.1115 12.217 19.1823 12.0125 19.1855C11.808 19.1887 11.6282 19.1178 11.473 18.973C11.318 18.8178 11.2405 18.6397 11.2405 18.4385C11.2405 18.2372 11.318 18.0589 11.473 17.9038L16.627 12.75Z\" fill=\"var(--t2-icon-fill, #000)\"\/><\/svg><\/a><\/div>\n<\/div>\n\n\n\t\t\t\t\t\t<\/div>\n\t\t\t\t\t<\/div>\n\t\t\t\t<\/div>\n\t\t\t<\/div>\n\t\t<\/div>\n\t\t\n\n\n\t\t<div class=\"alignwide is-mode-constrained is-gap-center has-media-on-the-right wp-block-t2-simple-media-text   \">\n\t\t\t<div class=\"t2-simple-media-text__container\">\n\t\t\t\t<div class=\"t2-simple-media-text__image\"><img loading=\"lazy\" decoding=\"async\" width=\"500\" height=\"375\" src=\"https:\/\/www.elementlogic.net\/content\/uploads\/sites\/12\/2026\/03\/Picking-at-port-at-Styleboom-1.jpg\" class=\"\" alt=\"Operaria trabajando en un puerto de picking de AutoStore, con mesa de embalaje y pantalla de control.\" style=\"--focalpoint: 50% 50%;\" srcset=\"https:\/\/www.elementlogic.net\/content\/uploads\/sites\/12\/2026\/03\/Picking-at-port-at-Styleboom-1.jpg 500w, https:\/\/www.elementlogic.net\/content\/uploads\/sites\/12\/2026\/03\/Picking-at-port-at-Styleboom-1-300x225.jpg 300w\" sizes=\"(max-width: 500px) 100vw, 500px\" \/><\/div>\n\t\t\t\t<div class=\"t2-simple-media-text__content-container\">\n\t\t\t\t\t<div class=\"t2-simple-media-text__content\">\n\t\t\t\t\t\t<div class=\"t2-simple-media-text__content-inner\">\n\t\t\t\t\t\t\t\n\n<h3 class=\"wp-block-heading\" id=\"h-certificacion-como-superusuarios\"><strong>Certificaci\u00f3n como Superusuarios<\/strong><\/h3>\n\n\n\n<p>Para reforzar la autonom\u00eda de tu operativa, contamos con un <strong>programa de certificaci\u00f3n SuperUser.<\/strong><\/p>\n\n\n\n<p><strong>Los SuperUser certificados se convierten en referentes dentro del propio equipo y pueden:<\/strong><\/p>\n\n\n\n<p>Resolver incidencias complejas con mayor rapidez y reducir la dependencia del soporte externo.<\/p>\n\n\n\n<p>Formar a otros compa\u00f1eros y extender buenas pr\u00e1cticas en el d\u00eda a d\u00eda.<\/p>\n\n\n\n<p>Identificar mejoras operativas y trasladarlas a la optimizaci\u00f3n del sistema.<\/p>\n\n\n\n<p>Este programa permite desarrollar talento interno y asegura que el conocimiento clave est\u00e9 siempre dentro de tu equipo.<\/p>\n\n\n\n<div class=\"wp-block-buttons is-layout-flex wp-block-buttons-is-layout-flex\">\n<div class=\"wp-block-button is-style-fill has-icon has-icon-theme_arrow\"><a class=\"wp-block-button__link wp-element-button\" href=\"https:\/\/www.elementlogic.net\/es\/contacta-con-nosotros\/\">Contacta con nosotros<svg xmlns=\"http:\/\/www.w3.org\/2000\/svg\" viewBox=\"0 0 24 24\" height=\"24\" width=\"24\" class=\"t2-icon t2-icon-theme_arrow\" aria-hidden=\"true\" focusable=\"false\"><path d=\"M16.627 12.75H5.25C5.03717 12.75 4.859 12.6782 4.7155 12.5345C4.57183 12.391 4.5 12.2128 4.5 12C4.5 11.7872 4.57183 11.609 4.7155 11.4655C4.859 11.3218 5.03717 11.25 5.25 11.25H16.627L11.4577 6.08076C11.3091 5.93209 11.2357 5.75809 11.2375 5.55876C11.2395 5.35942 11.318 5.18217 11.473 5.02701C11.6282 4.88217 11.8038 4.80717 12 4.80201C12.1962 4.79684 12.3718 4.87184 12.527 5.02701L18.8673 11.3673C18.9609 11.4609 19.0269 11.5597 19.0652 11.6635C19.1037 11.7673 19.123 11.8795 19.123 12C19.123 12.1205 19.1037 12.2327 19.0652 12.3365C19.0269 12.4403 18.9609 12.5391 18.8673 12.6328L12.527 18.973C12.3885 19.1115 12.217 19.1823 12.0125 19.1855C11.808 19.1887 11.6282 19.1178 11.473 18.973C11.318 18.8178 11.2405 18.6397 11.2405 18.4385C11.2405 18.2372 11.318 18.0589 11.473 17.9038L16.627 12.75Z\" fill=\"var(--t2-icon-fill, #000)\"\/><\/svg><\/a><\/div>\n<\/div>\n\n\n\t\t\t\t\t\t<\/div>\n\t\t\t\t\t<\/div>\n\t\t\t\t<\/div>\n\t\t\t<\/div>\n\t\t<\/div>\n\t\t\n\n\n<h2 class=\"wp-block-heading\" id=\"h-por-que-la-formacion-es-clave\">Por qu\u00e9 la formaci\u00f3n es clave<\/h2>\n\n\n\n<p>Un equipo bien formado marca la diferencia en la disponibilidad del sistema, la precisi\u00f3n y la productividad. La formaci\u00f3n permite que tu equipo:<\/p>\n\n\n\n<ul class=\"wp-block-list\">\n<li>Opere el sistema con seguridad<\/li>\n\n\n\n<li>Resuelva incidencias y recupere el ritmo con rapidez<\/li>\n\n\n\n<li>Se adapte a picos de demanda y cambios en los procesos<\/li>\n\n\n\n<li>Utilice datos e informes para tomar mejores decisiones<\/li>\n<\/ul>\n\n\n\n<h2 class=\"wp-block-heading\" id=\"h-preparar-a-tu-equipo-para-lo-que-viene\">Preparar a tu equipo para lo que viene<\/h2>\n\n\n\n<p>La formaci\u00f3n impacta directamente en el rendimiento del almac\u00e9n. A trav\u00e9s de formaci\u00f3n estructurada, desarrollo continuo y certificaciones, ayudamos a que tu equipo est\u00e9 preparado para mantener la operativa estable y seguir mejorando con el tiempo.<\/p>\n\n\n\n<h3 class=\"wp-block-heading\" id=\"explora-nuestros-servicios\">Explora nuestros servicios<\/h3>\n\n\n\n\t\t<div style=\"--link-cards-grid-columns: 3\" class=\"dekode-link-cards has-3-columns wp-block-dekode-link-cards\">\n\t\t\t<div class=\"dekode-link-cards__items\">\n\t\t\t\t\n<a class=\"wp-block-dekode-link-card\" href=\"https:\/\/www.elementlogic.net\/es\/soluciones-y-servicios\/servicio-al-cliente\/insight-y-optimizacion\/\"><img loading=\"lazy\" decoding=\"async\" width=\"768\" height=\"512\" src=\"https:\/\/www.elementlogic.net\/content\/uploads\/sites\/12\/2026\/03\/EL_eLogiq_-11-1024x683-1-768x512.jpg\" class=\"\" alt=\"Cuadro de mando con KPIs de picking: \u201cBins picked today\u201d y tiempo de manipulaci\u00f3n.\" \/>\t<div class=\"dekode-link-card__content\">\n\t\t\t\t<p class=\"dekode-link-card__title\">\n\t\t\tInsight y optimizaci\u00f3n\t\t<\/p>\n\t\t\t\t\t<p class=\"dekode-link-card__description\">Impulsar valor de forma continua<\/p>\n\t\t\t<\/div>\n\t<\/a>\n\n<a class=\"wp-block-dekode-link-card\" href=\"https:\/\/www.elementlogic.net\/es\/soluciones-y-servicios\/servicio-al-cliente\/soluciones-y-servicios-mantenimiento\/\"><img loading=\"lazy\" decoding=\"async\" width=\"768\" height=\"512\" src=\"https:\/\/www.elementlogic.net\/content\/uploads\/sites\/12\/2026\/03\/wallpaper_Customer-success-3-768x512.png\" class=\"\" alt=\"Persona con linterna inspeccionando una m\u00e1quina o equipo t\u00e9cnico en un entorno industrial.\" \/>\t<div class=\"dekode-link-card__content\">\n\t\t\t\t<p class=\"dekode-link-card__title\">\n\t\t\tMantenimiento\t\t<\/p>\n\t\t\t\t\t<p class=\"dekode-link-card__description\">Mantener tu sistema funcionando sin interrupciones<\/p>\n\t\t\t<\/div>\n\t<\/a>\n\n<a class=\"wp-block-dekode-link-card\" href=\"https:\/\/www.elementlogic.net\/es\/soluciones-y-servicios\/servicio-al-cliente\/soluciones-y-servicios-soporte\/\"><img loading=\"lazy\" decoding=\"async\" width=\"768\" height=\"512\" src=\"https:\/\/www.elementlogic.net\/content\/uploads\/sites\/12\/2026\/03\/support_customer-success-1-768x512.png\" class=\"\" alt=\"Equipo t\u00e9cnico revisando datos en un ordenador para soporte de sistemas automatizados.\" \/>\t<div class=\"dekode-link-card__content\">\n\t\t\t\t<p class=\"dekode-link-card__title\">\n\t\t\tSoporte\t\t<\/p>\n\t\t\t\t\t<p class=\"dekode-link-card__description\">Soporte: confianza 24\/7 en las operaciones de tu almac\u00e9n<\/p>\n\t\t\t<\/div>\n\t<\/a>\n\n\t\t\t<\/div>\n\t\t<\/div>","protected":false},"excerpt":{"rendered":"<p>Una soluci\u00f3n de almac\u00e9n solo aporta todo su valor cuando las personas que la operan saben c\u00f3mo sacarle partido. Por [&hellip;]<\/p>\n","protected":false},"author":2,"featured_media":0,"parent":429,"menu_order":0,"comment_status":"closed","ping_status":"closed","template":"","meta":{"hreflang_relation":4790,"_el_cross_publish_source_blog_url":"","_el_cross_publish_source_blog_id":0,"_el_cross_publish_source_post_id":0,"_el_cross_publish_sync_state":"","exclude_from_search":false,"footnotes":""},"class_list":["post-3831","page","type-page","status-publish","hentry"],"yoast_head":"<!-- This site is optimized with the Yoast SEO Premium plugin v23.9 (Yoast SEO v23.9) - https:\/\/yoast.com\/wordpress\/plugins\/seo\/ -->\n<title>formacion-automatizacion-almacenes<\/title>\n<meta name=\"description\" content=\"Forma a tu equipo para operar sistemas automatizados de almac\u00e9n con seguridad y eficiencia. Programas de formaci\u00f3n y certificaci\u00f3n adaptados.\" \/>\n<meta name=\"robots\" content=\"index, follow, max-snippet:-1, max-image-preview:large, max-video-preview:-1\" \/>\n<link rel=\"canonical\" href=\"https:\/\/www.elementlogic.net\/es\/soluciones-y-servicios\/servicio-al-cliente\/formacion-automatizacion-almacenes\/\" \/>\n<meta property=\"og:locale\" content=\"es_ES\" \/>\n<meta property=\"og:type\" content=\"article\" \/>\n<meta property=\"og:title\" content=\"Training and Development\" \/>\n<meta property=\"og:description\" content=\"Forma a tu equipo para operar sistemas automatizados de almac\u00e9n con seguridad y eficiencia. Programas de formaci\u00f3n y certificaci\u00f3n adaptados.\" \/>\n<meta property=\"og:url\" content=\"https:\/\/www.elementlogic.net\/es\/soluciones-y-servicios\/servicio-al-cliente\/formacion-automatizacion-almacenes\/\" \/>\n<meta property=\"og:site_name\" content=\"Element Logic Spain\" \/>\n<meta property=\"article:modified_time\" content=\"2026-03-25T12:37:30+00:00\" \/>\n<meta name=\"twitter:card\" content=\"summary_large_image\" \/>\n<meta name=\"twitter:label1\" content=\"Tiempo de lectura\" \/>\n\t<meta name=\"twitter:data1\" content=\"3 minutos\" \/>\n<script type=\"application\/ld+json\" class=\"yoast-schema-graph\">{\"@context\":\"https:\/\/schema.org\",\"@graph\":[{\"@type\":\"WebPage\",\"@id\":\"https:\/\/www.elementlogic.net\/es\/soluciones-y-servicios\/servicio-al-cliente\/formacion-automatizacion-almacenes\/\",\"url\":\"https:\/\/www.elementlogic.net\/es\/soluciones-y-servicios\/servicio-al-cliente\/formacion-automatizacion-almacenes\/\",\"name\":\"formacion-automatizacion-almacenes\",\"isPartOf\":{\"@id\":\"https:\/\/www.elementlogic.net\/es\/#website\"},\"datePublished\":\"2026-03-25T11:42:51+00:00\",\"dateModified\":\"2026-03-25T12:37:30+00:00\",\"description\":\"Forma a tu equipo para operar sistemas automatizados de almac\u00e9n con seguridad y eficiencia. Programas de formaci\u00f3n y certificaci\u00f3n adaptados.\",\"breadcrumb\":{\"@id\":\"https:\/\/www.elementlogic.net\/es\/soluciones-y-servicios\/servicio-al-cliente\/formacion-automatizacion-almacenes\/#breadcrumb\"},\"inLanguage\":\"es\",\"potentialAction\":[{\"@type\":\"ReadAction\",\"target\":[\"https:\/\/www.elementlogic.net\/es\/soluciones-y-servicios\/servicio-al-cliente\/formacion-automatizacion-almacenes\/\"]}]},{\"@type\":\"BreadcrumbList\",\"@id\":\"https:\/\/www.elementlogic.net\/es\/soluciones-y-servicios\/servicio-al-cliente\/formacion-automatizacion-almacenes\/#breadcrumb\",\"itemListElement\":[{\"@type\":\"ListItem\",\"position\":1,\"name\":\"Soluciones y servicios\",\"item\":\"https:\/\/www.elementlogic.net\/es\/soluciones-y-servicios\/\"},{\"@type\":\"ListItem\",\"position\":2,\"name\":\"Servicio al cliente\",\"item\":\"https:\/\/www.elementlogic.net\/es\/soluciones-y-servicios\/servicio-al-cliente\/\"},{\"@type\":\"ListItem\",\"position\":3,\"name\":\"Training and Development\"}]},{\"@type\":\"WebSite\",\"@id\":\"https:\/\/www.elementlogic.net\/es\/#website\",\"url\":\"https:\/\/www.elementlogic.net\/es\/\",\"name\":\"Element Logic Spain\",\"description\":\"\",\"potentialAction\":[{\"@type\":\"SearchAction\",\"target\":{\"@type\":\"EntryPoint\",\"urlTemplate\":\"https:\/\/www.elementlogic.net\/es\/?s={search_term_string}\"},\"query-input\":{\"@type\":\"PropertyValueSpecification\",\"valueRequired\":true,\"valueName\":\"search_term_string\"}}],\"inLanguage\":\"es\"}]}<\/script>\n<!-- \/ Yoast SEO Premium plugin. -->","yoast_head_json":{"title":"formacion-automatizacion-almacenes","description":"Forma a tu equipo para operar sistemas automatizados de almac\u00e9n con seguridad y eficiencia. Programas de formaci\u00f3n y certificaci\u00f3n adaptados.","robots":{"index":"index","follow":"follow","max-snippet":"max-snippet:-1","max-image-preview":"max-image-preview:large","max-video-preview":"max-video-preview:-1"},"canonical":"https:\/\/www.elementlogic.net\/es\/soluciones-y-servicios\/servicio-al-cliente\/formacion-automatizacion-almacenes\/","og_locale":"es_ES","og_type":"article","og_title":"Training and Development","og_description":"Forma a tu equipo para operar sistemas automatizados de almac\u00e9n con seguridad y eficiencia. Programas de formaci\u00f3n y certificaci\u00f3n adaptados.","og_url":"https:\/\/www.elementlogic.net\/es\/soluciones-y-servicios\/servicio-al-cliente\/formacion-automatizacion-almacenes\/","og_site_name":"Element Logic Spain","article_modified_time":"2026-03-25T12:37:30+00:00","twitter_card":"summary_large_image","twitter_misc":{"Tiempo de lectura":"3 minutos"},"schema":{"@context":"https:\/\/schema.org","@graph":[{"@type":"WebPage","@id":"https:\/\/www.elementlogic.net\/es\/soluciones-y-servicios\/servicio-al-cliente\/formacion-automatizacion-almacenes\/","url":"https:\/\/www.elementlogic.net\/es\/soluciones-y-servicios\/servicio-al-cliente\/formacion-automatizacion-almacenes\/","name":"formacion-automatizacion-almacenes","isPartOf":{"@id":"https:\/\/www.elementlogic.net\/es\/#website"},"datePublished":"2026-03-25T11:42:51+00:00","dateModified":"2026-03-25T12:37:30+00:00","description":"Forma a tu equipo para operar sistemas automatizados de almac\u00e9n con seguridad y eficiencia. Programas de formaci\u00f3n y certificaci\u00f3n adaptados.","breadcrumb":{"@id":"https:\/\/www.elementlogic.net\/es\/soluciones-y-servicios\/servicio-al-cliente\/formacion-automatizacion-almacenes\/#breadcrumb"},"inLanguage":"es","potentialAction":[{"@type":"ReadAction","target":["https:\/\/www.elementlogic.net\/es\/soluciones-y-servicios\/servicio-al-cliente\/formacion-automatizacion-almacenes\/"]}]},{"@type":"BreadcrumbList","@id":"https:\/\/www.elementlogic.net\/es\/soluciones-y-servicios\/servicio-al-cliente\/formacion-automatizacion-almacenes\/#breadcrumb","itemListElement":[{"@type":"ListItem","position":1,"name":"Soluciones y servicios","item":"https:\/\/www.elementlogic.net\/es\/soluciones-y-servicios\/"},{"@type":"ListItem","position":2,"name":"Servicio al cliente","item":"https:\/\/www.elementlogic.net\/es\/soluciones-y-servicios\/servicio-al-cliente\/"},{"@type":"ListItem","position":3,"name":"Training and Development"}]},{"@type":"WebSite","@id":"https:\/\/www.elementlogic.net\/es\/#website","url":"https:\/\/www.elementlogic.net\/es\/","name":"Element Logic Spain","description":"","potentialAction":[{"@type":"SearchAction","target":{"@type":"EntryPoint","urlTemplate":"https:\/\/www.elementlogic.net\/es\/?s={search_term_string}"},"query-input":{"@type":"PropertyValueSpecification","valueRequired":true,"valueName":"search_term_string"}}],"inLanguage":"es"}]}},"_links":{"self":[{"href":"https:\/\/www.elementlogic.net\/es\/wp-json\/wp\/v2\/pages\/3831"}],"collection":[{"href":"https:\/\/www.elementlogic.net\/es\/wp-json\/wp\/v2\/pages"}],"about":[{"href":"https:\/\/www.elementlogic.net\/es\/wp-json\/wp\/v2\/types\/page"}],"author":[{"embeddable":true,"href":"https:\/\/www.elementlogic.net\/es\/wp-json\/wp\/v2\/users\/2"}],"replies":[{"embeddable":true,"href":"https:\/\/www.elementlogic.net\/es\/wp-json\/wp\/v2\/comments?post=3831"}],"version-history":[{"count":5,"href":"https:\/\/www.elementlogic.net\/es\/wp-json\/wp\/v2\/pages\/3831\/revisions"}],"predecessor-version":[{"id":4588,"href":"https:\/\/www.elementlogic.net\/es\/wp-json\/wp\/v2\/pages\/3831\/revisions\/4588"}],"up":[{"embeddable":true,"href":"https:\/\/www.elementlogic.net\/es\/wp-json\/wp\/v2\/pages\/429"}],"wp:attachment":[{"href":"https:\/\/www.elementlogic.net\/es\/wp-json\/wp\/v2\/media?parent=3831"}],"curies":[{"name":"wp","href":"https:\/\/api.w.org\/{rel}","templated":true}]}}