{"id":429,"date":"2024-08-22T19:52:00","date_gmt":"2024-08-22T17:52:00","guid":{"rendered":"https:\/\/www.elementlogic.net\/?page_id=800"},"modified":"2026-03-24T12:39:52","modified_gmt":"2026-03-24T12:39:52","slug":"servicio-al-cliente","status":"publish","type":"page","link":"https:\/\/www.elementlogic.net\/es\/soluciones-y-servicios\/servicio-al-cliente\/","title":{"rendered":"Servicio al cliente"},"content":{"rendered":"\n\t\t<div style=\"--dekode-hero-dim:0.5; --t2-icon-fill:var(--wp--preset--color--white); min-height:500px;\" class=\"alignfull dekode-hero-content-position-center has-media-background wp-elements-8981a873f5f53f98068326e88cbae704 wp-block-dekode-hero has-text-color has-white-color\">\n\t\t\t\t\t<video\n\t\t\tautoplay\n\t\t\tloop\n\t\t\tmuted\n\t\t\tplaysinline\n\t\t\tposter=\"https:\/\/www.elementlogic.net\/content\/uploads\/sites\/12\/\/2024\/09\/Wallpaper-8-scaled.jpg\"\n\t\t\tsrc=\"https:\/\/www.elementlogic.net\/content\/uploads\/sites\/12\/\/2024\/09\/service-support.mp4\">\n\t\t<\/video>\n\t\t\n\t\t\t<div class=\"dekode-hero__content\">\n\t\t\t\t<div class=\"dekode-hero__container\">\n\t\t\t\t\t\n\n<h1 class=\"wp-block-heading has-text-align-center\" id=\"un-servicio-a-medida-para-garantizar-tu-exito\"><strong>Un servicio a medida para garantizar tu \u00e9xito<\/strong><\/h1>\n\n\n\n<p class=\"has-text-align-center\">Saca el m\u00e1ximo partido a tu soluci\u00f3n de almac\u00e9n<\/p>\n\n\n\n<div class=\"wp-block-buttons is-content-justification-center is-layout-flex wp-container-core-buttons-is-layout-1 wp-block-buttons-is-layout-flex\">\n<div class=\"wp-block-button has-icon has-icon-theme_arrow\"><a class=\"wp-block-button__link has-text-align-center wp-element-button\" href=\"https:\/\/www.elementlogic.net\/es\/contacta-con-nosotros\/\">Habla con un experto para obtener m\u00e1s informaci\u00f3n<svg xmlns=\"http:\/\/www.w3.org\/2000\/svg\" viewBox=\"0 0 24 24\" height=\"24\" width=\"24\" class=\"t2-icon t2-icon-theme_arrow\" aria-hidden=\"true\" focusable=\"false\"><path d=\"M16.627 12.75H5.25C5.03717 12.75 4.859 12.6782 4.7155 12.5345C4.57183 12.391 4.5 12.2128 4.5 12C4.5 11.7872 4.57183 11.609 4.7155 11.4655C4.859 11.3218 5.03717 11.25 5.25 11.25H16.627L11.4577 6.08076C11.3091 5.93209 11.2357 5.75809 11.2375 5.55876C11.2395 5.35942 11.318 5.18217 11.473 5.02701C11.6282 4.88217 11.8038 4.80717 12 4.80201C12.1962 4.79684 12.3718 4.87184 12.527 5.02701L18.8673 11.3673C18.9609 11.4609 19.0269 11.5597 19.0652 11.6635C19.1037 11.7673 19.123 11.8795 19.123 12C19.123 12.1205 19.1037 12.2327 19.0652 12.3365C19.0269 12.4403 18.9609 12.5391 18.8673 12.6328L12.527 18.973C12.3885 19.1115 12.217 19.1823 12.0125 19.1855C11.808 19.1887 11.6282 19.1178 11.473 18.973C11.318 18.8178 11.2405 18.6397 11.2405 18.4385C11.2405 18.2372 11.318 18.0589 11.473 17.9038L16.627 12.75Z\" fill=\"var(--t2-icon-fill, #000)\"\/><\/svg><\/a><\/div>\n<\/div>\n\n\n\t\t\t\t<\/div>\n\t\t\t<\/div>\n\t\t<\/div>\n\t\t\n\n\n<h2 class=\"wp-block-heading\" id=\"onboarding-y-formacion\">Nuestro compromiso con tu \u00e9xito<\/h2>\n\n\n\n<p>En Element Logic, la entrega de un sistema es solo el principio. El verdadero \u00e9xito consiste en garantizar que tu almac\u00e9n siga rindiendo al m\u00e1ximo, cada d\u00eda y en cualquier situaci\u00f3n. Con este objetivo hemos desarrollado nuestro programa de Customer Success, un conjunto estructurado de servicios pensado para ofrecerte confianza, estabilidad y mejora continua.<\/p>\n\n\n\n<p>Nuestra misi\u00f3n es sencilla: <strong>ayudarte a obtener el m\u00e1ximo valor de tu inversi\u00f3n en automatizaci\u00f3n.<\/strong><\/p>\n\n\n\n<h2 class=\"wp-block-heading\" id=\"onboarding-y-formacion\">Los cuatro pilares de Customer Success<\/h2>\n\n\n\n<p>Customer Success se basa en cuatro servicios espec\u00edficos, que cubren todas las etapas de operaci\u00f3n del sistema, desde el soporte diario hasta la optimizaci\u00f3n a largo plazo.<\/p>\n\n\n\n\t\t<div class=\"alignwide is-mode-constrained is-gap-center wp-block-t2-simple-media-text   \">\n\t\t\t<div class=\"t2-simple-media-text__container\">\n\t\t\t\t<div class=\"t2-simple-media-text__image\"><img loading=\"lazy\" decoding=\"async\" width=\"768\" height=\"512\" src=\"https:\/\/www.elementlogic.net\/content\/uploads\/sites\/12\/2026\/03\/support_customer-success-1-768x512.png\" class=\"\" alt=\"Equipo t\u00e9cnico revisando datos en un ordenador para soporte de sistemas automatizados.\" style=\"--focalpoint: 50% 50%;\" srcset=\"https:\/\/www.elementlogic.net\/content\/uploads\/sites\/12\/2026\/03\/support_customer-success-1-768x512.png 768w, https:\/\/www.elementlogic.net\/content\/uploads\/sites\/12\/2026\/03\/support_customer-success-1-300x200.png 300w, https:\/\/www.elementlogic.net\/content\/uploads\/sites\/12\/2026\/03\/support_customer-success-1.png 1024w\" sizes=\"(max-width: 768px) 100vw, 768px\" \/><\/div>\n\t\t\t\t<div class=\"t2-simple-media-text__content-container\">\n\t\t\t\t\t<div class=\"t2-simple-media-text__content\">\n\t\t\t\t\t\t<div class=\"t2-simple-media-text__content-inner\">\n\t\t\t\t\t\t\t\n\n<h3 class=\"wp-block-heading\" id=\"h-soporte\">Soporte<\/h3>\n\n\n\n<p>Disponible 24\/7, nuestro equipo de soporte ofrece una respuesta r\u00e1pida y una resoluci\u00f3n eficaz de incidencias para que tu almac\u00e9n funcione sin interrupciones.<\/p>\n\n\n\n<div class=\"wp-block-buttons is-layout-flex wp-block-buttons-is-layout-flex\">\n<div class=\"wp-block-button is-style-fill\"><a class=\"wp-block-button__link wp-element-button\" href=\"https:\/\/www.elementlogic.net\/es\/soluciones-y-servicios\/servicio-al-cliente\/soluciones-y-servicios-soporte\/\">M\u00e1s sobre Soporte<\/a><\/div>\n<\/div>\n\n\n\t\t\t\t\t\t<\/div>\n\t\t\t\t\t<\/div>\n\t\t\t\t<\/div>\n\t\t\t<\/div>\n\t\t<\/div>\n\t\t\n\n\n\t\t<div class=\"alignwide is-mode-constrained is-gap-center has-media-on-the-right wp-block-t2-simple-media-text   \">\n\t\t\t<div class=\"t2-simple-media-text__container\">\n\t\t\t\t<div class=\"t2-simple-media-text__image\"><img loading=\"lazy\" decoding=\"async\" width=\"768\" height=\"512\" src=\"https:\/\/www.elementlogic.net\/content\/uploads\/sites\/12\/2026\/03\/EL_eLogiq-2-768x512.png\" class=\"\" alt=\"Agente de atenci\u00f3n al cliente con auriculares trabajando frente a un ordenador.\" style=\"--focalpoint: 100% 47%;\" srcset=\"https:\/\/www.elementlogic.net\/content\/uploads\/sites\/12\/2026\/03\/EL_eLogiq-2-768x512.png 768w, https:\/\/www.elementlogic.net\/content\/uploads\/sites\/12\/2026\/03\/EL_eLogiq-2-300x200.png 300w, https:\/\/www.elementlogic.net\/content\/uploads\/sites\/12\/2026\/03\/EL_eLogiq-2.png 1024w\" sizes=\"(max-width: 768px) 100vw, 768px\" \/><\/div>\n\t\t\t\t<div class=\"t2-simple-media-text__content-container\">\n\t\t\t\t\t<div class=\"t2-simple-media-text__content\">\n\t\t\t\t\t\t<div class=\"t2-simple-media-text__content-inner\">\n\t\t\t\t\t\t\t\n\n<h3 class=\"wp-block-heading\" id=\"h-formacion\">Formaci\u00f3n<\/h3>\n\n\n\n<p>Nos aseguramos de que tus equipos operen el sistema con confianza y solvencia mediante programas de formaci\u00f3n inicial, formaci\u00f3n pr\u00e1ctica basada en casos reales y el programa de certificaci\u00f3n de Superusuarios.<\/p>\n\n\n\n<div class=\"wp-block-buttons is-layout-flex wp-block-buttons-is-layout-flex\">\n<div class=\"wp-block-button is-style-fill\"><a class=\"wp-block-button__link wp-element-button\" href=\"https:\/\/www.elementlogic.net\/es\/soluciones-y-servicios\/servicio-al-cliente\/formacion-automatizacion-almacenes\/\">M\u00e1s sobre Formaci\u00f3n<\/a><\/div>\n<\/div>\n\n\n\t\t\t\t\t\t<\/div>\n\t\t\t\t\t<\/div>\n\t\t\t\t<\/div>\n\t\t\t<\/div>\n\t\t<\/div>\n\t\t\n\n\n\t\t<div class=\"alignwide is-mode-constrained is-gap-center wp-block-t2-simple-media-text   \">\n\t\t\t<div class=\"t2-simple-media-text__container\">\n\t\t\t\t<div class=\"t2-simple-media-text__image\"><img loading=\"lazy\" decoding=\"async\" width=\"768\" height=\"512\" src=\"https:\/\/www.elementlogic.net\/content\/uploads\/sites\/12\/2026\/03\/wallpaper_Customer-success-1-768x512.png\" class=\"\" alt=\"Persona con linterna inspeccionando una m\u00e1quina o equipo t\u00e9cnico en un entorno industrial.\" style=\"--focalpoint: 32% 44%;\" srcset=\"https:\/\/www.elementlogic.net\/content\/uploads\/sites\/12\/2026\/03\/wallpaper_Customer-success-1-768x512.png 768w, https:\/\/www.elementlogic.net\/content\/uploads\/sites\/12\/2026\/03\/wallpaper_Customer-success-1-300x200.png 300w, https:\/\/www.elementlogic.net\/content\/uploads\/sites\/12\/2026\/03\/wallpaper_Customer-success-1.png 1024w\" sizes=\"(max-width: 768px) 100vw, 768px\" \/><\/div>\n\t\t\t\t<div class=\"t2-simple-media-text__content-container\">\n\t\t\t\t\t<div class=\"t2-simple-media-text__content\">\n\t\t\t\t\t\t<div class=\"t2-simple-media-text__content-inner\">\n\t\t\t\t\t\t\t\n\n<h3 class=\"wp-block-heading\" id=\"h-mantenimiento\">Mantenimiento<\/h3>\n\n\n\n<p>Un mantenimiento planificado y proactivo mantiene el sistema en condiciones \u00f3ptimas, minimiza las paradas no planificadas y garantiza la m\u00e1xima disponibilidad.<\/p>\n\n\n\n<div class=\"wp-block-buttons is-layout-flex wp-block-buttons-is-layout-flex\">\n<div class=\"wp-block-button is-style-fill\"><a class=\"wp-block-button__link wp-element-button\" href=\"https:\/\/www.elementlogic.net\/es\/soluciones-y-servicios\/servicio-al-cliente\/soluciones-y-servicios-mantenimiento\/\">M\u00e1s sobre Mantenimiento<\/a><\/div>\n<\/div>\n\n\n\t\t\t\t\t\t<\/div>\n\t\t\t\t\t<\/div>\n\t\t\t\t<\/div>\n\t\t\t<\/div>\n\t\t<\/div>\n\t\t\n\n\n\t\t<div class=\"alignwide is-mode-constrained is-gap-center has-media-on-the-right wp-block-t2-simple-media-text   \">\n\t\t\t<div class=\"t2-simple-media-text__container\">\n\t\t\t\t<div class=\"t2-simple-media-text__image\"><img loading=\"lazy\" decoding=\"async\" width=\"768\" height=\"322\" src=\"https:\/\/www.elementlogic.net\/content\/uploads\/sites\/12\/2026\/03\/Wallpaper-6-scaled-2-768x322.jpg\" class=\"\" alt=\"Profesional revisando un sistema con linterna en un entorno t\u00e9cnico o industrial.\" style=\"--focalpoint: 41% 61%;\" srcset=\"https:\/\/www.elementlogic.net\/content\/uploads\/sites\/12\/2026\/03\/Wallpaper-6-scaled-2-768x322.jpg 768w, https:\/\/www.elementlogic.net\/content\/uploads\/sites\/12\/2026\/03\/Wallpaper-6-scaled-2-300x126.jpg 300w, https:\/\/www.elementlogic.net\/content\/uploads\/sites\/12\/2026\/03\/Wallpaper-6-scaled-2-1024x429.jpg 1024w, https:\/\/www.elementlogic.net\/content\/uploads\/sites\/12\/2026\/03\/Wallpaper-6-scaled-2-1536x643.jpg 1536w, https:\/\/www.elementlogic.net\/content\/uploads\/sites\/12\/2026\/03\/Wallpaper-6-scaled-2-2048x858.jpg 2048w\" sizes=\"(max-width: 768px) 100vw, 768px\" \/><\/div>\n\t\t\t\t<div class=\"t2-simple-media-text__content-container\">\n\t\t\t\t\t<div class=\"t2-simple-media-text__content\">\n\t\t\t\t\t\t<div class=\"t2-simple-media-text__content-inner\">\n\t\t\t\t\t\t\t\n\n<h3 class=\"wp-block-heading\" id=\"h-insight-y-optimizacion\">Insight y optimizaci\u00f3n<\/h3>\n\n\n\n<p>A trav\u00e9s de un an\u00e1lisis continuo de los datos, te ayudamos a identificar oportunidades de mejora y a adaptar tu soluci\u00f3n de almac\u00e9n a medida que evoluciona tu negocio.<\/p>\n\n\n\n<div class=\"wp-block-buttons is-layout-flex wp-block-buttons-is-layout-flex\">\n<div class=\"wp-block-button is-style-fill\"><a class=\"wp-block-button__link wp-element-button\" href=\"https:\/\/www.elementlogic.net\/es\/soluciones-y-servicios\/servicio-al-cliente\/insight-y-optimizacion\/\">M\u00e1s sobre Insight y optimizaci\u00f3n<\/a><\/div>\n<\/div>\n\n\n\t\t\t\t\t\t<\/div>\n\t\t\t\t\t<\/div>\n\t\t\t\t<\/div>\n\t\t\t<\/div>\n\t\t<\/div>\n\t\t\n\n\n<h2 class=\"wp-block-heading\" id=\"h-por-que-es-importante-customer-success\">Por qu\u00e9 es importante Customer Success<\/h2>\n\n\n\n<p>Los almacenes est\u00e1n en constante evoluci\u00f3n: nuevos productos, picos estacionales y cambios en las expectativas de los clientes. Con nuestro programa de Customer Success, no solo implantas un sistema, sino que cuentas con un partner a largo plazo. Nuestros equipos combinan experiencia, servicios proactivos y asesoramiento a medida para que tu almac\u00e9n siga siendo eficiente, robusto y preparado para el futuro.<\/p>\n\n\n\n<h3 class=\"wp-block-heading\" id=\"mas-informacion-sobre-nuestras-soluciones-y-servicios\">M\u00e1s informaci\u00f3n sobre nuestras soluciones y servicios:<\/h3>\n\n\n\n\t\t<div style=\"--link-cards-grid-columns: 3\" class=\"dekode-link-cards has-3-columns wp-block-dekode-link-cards\">\n\t\t\t<div class=\"dekode-link-cards__items\">\n\t\t\t\t\n<a class=\"wp-block-dekode-link-card\" href=\"https:\/\/www.elementlogic.net\/es\/soluciones-y-servicios\/servicio-al-cliente\/formacion-automatizacion-almacenes\/\"><img loading=\"lazy\" decoding=\"async\" width=\"768\" height=\"512\" src=\"https:\/\/www.elementlogic.net\/content\/uploads\/sites\/12\/2026\/03\/EL_eLogiq-2-768x512.png\" class=\"\" alt=\"Agente de atenci\u00f3n al cliente con auriculares trabajando frente a un ordenador.\" \/>\t<div class=\"dekode-link-card__content\">\n\t\t\t\t<p class=\"dekode-link-card__title\">\n\t\t\tFormaci\u00f3n\t\t<\/p>\n\t\t\t\t\t<p class=\"dekode-link-card__description\">La formaci\u00f3n como base del Customer Success<\/p>\n\t\t\t<\/div>\n\t<\/a>\n\n<a class=\"wp-block-dekode-link-card\" href=\"https:\/\/www.elementlogic.net\/es\/soluciones-y-servicios\/servicio-al-cliente\/insight-y-optimizacion\/\"><img loading=\"lazy\" decoding=\"async\" width=\"768\" height=\"512\" src=\"https:\/\/www.elementlogic.net\/content\/uploads\/sites\/12\/2026\/03\/EL_eLogiq_-11-1024x683-1-768x512.jpg\" class=\"\" alt=\"Cuadro de mando con KPIs de picking: \u201cBins picked today\u201d y tiempo de manipulaci\u00f3n.\" \/>\t<div class=\"dekode-link-card__content\">\n\t\t\t\t<p class=\"dekode-link-card__title\">\n\t\t\tInsight y optimizaci\u00f3n\t\t<\/p>\n\t\t\t\t\t<p class=\"dekode-link-card__description\">Impulsar valor de forma continua<\/p>\n\t\t\t<\/div>\n\t<\/a>\n\n<a class=\"wp-block-dekode-link-card\" href=\"https:\/\/www.elementlogic.net\/es\/soluciones-y-servicios\/servicio-al-cliente\/soluciones-y-servicios-mantenimiento\/\" target=\"_blank\"><img loading=\"lazy\" decoding=\"async\" width=\"768\" height=\"512\" src=\"https:\/\/www.elementlogic.net\/content\/uploads\/sites\/12\/2026\/03\/wallpaper_Customer-success-1-768x512.png\" class=\"\" alt=\"Persona con linterna inspeccionando una m\u00e1quina o equipo t\u00e9cnico en un entorno industrial.\" \/>\t<div class=\"dekode-link-card__content\">\n\t\t\t\t<p class=\"dekode-link-card__title\">\n\t\t\tMantenimiento\t\t<\/p>\n\t\t\t\t\t<p class=\"dekode-link-card__description\">Mantener tu sistema funcionando sin interrupciones<\/p>\n\t\t\t<\/div>\n\t<\/a>\n\n<a class=\"wp-block-dekode-link-card\" href=\"https:\/\/www.elementlogic.net\/es\/soluciones-y-servicios\/servicio-al-cliente\/soluciones-y-servicios-soporte\/\"><img loading=\"lazy\" decoding=\"async\" width=\"768\" height=\"512\" src=\"https:\/\/www.elementlogic.net\/content\/uploads\/sites\/12\/2026\/03\/support_customer-success-1-768x512.png\" class=\"\" alt=\"Equipo t\u00e9cnico revisando datos en un ordenador para soporte de sistemas automatizados.\" \/>\t<div class=\"dekode-link-card__content\">\n\t\t\t\t<p class=\"dekode-link-card__title\">\n\t\t\tSoporte\t\t<\/p>\n\t\t\t\t\t<p class=\"dekode-link-card__description\">Soporte: confianza 24\/7 en las operaciones de tu almac\u00e9n<\/p>\n\t\t\t<\/div>\n\t<\/a>\n\n\t\t\t<\/div>\n\t\t<\/div>","protected":false},"excerpt":{"rendered":"<p>Nuestro compromiso con tu \u00e9xito En Element Logic, la entrega de un sistema es solo el principio. El verdadero \u00e9xito [&hellip;]<\/p>\n","protected":false},"author":5,"featured_media":0,"parent":266,"menu_order":0,"comment_status":"closed","ping_status":"closed","template":"","meta":{"hreflang_relation":800,"_el_cross_publish_source_blog_url":"","_el_cross_publish_source_blog_id":0,"_el_cross_publish_source_post_id":0,"_el_cross_publish_sync_state":"","exclude_from_search":false,"footnotes":""},"class_list":["post-429","page","type-page","status-publish","hentry"],"yoast_head":"<!-- This site is optimized with the Yoast SEO Premium plugin v23.9 (Yoast SEO v23.9) - https:\/\/yoast.com\/wordpress\/plugins\/seo\/ -->\n<title>Sistema de almacenamiento y picking automatizado AutoStore<\/title>\n<meta name=\"description\" content=\"Dise\u00f1o de planes de formaci\u00f3n en AutoStore personalizados para que los clientes de Element Logic saquen el m\u00e1ximo partido a su almac\u00e9n.\" \/>\n<meta name=\"robots\" content=\"index, follow, max-snippet:-1, max-image-preview:large, max-video-preview:-1\" \/>\n<link rel=\"canonical\" href=\"https:\/\/www.elementlogic.net\/es\/soluciones-y-servicios\/servicio-al-cliente\/\" \/>\n<meta property=\"og:locale\" content=\"es_ES\" \/>\n<meta property=\"og:type\" content=\"article\" \/>\n<meta property=\"og:title\" content=\"Servicio al cliente\" \/>\n<meta property=\"og:description\" content=\"Dise\u00f1o de planes de formaci\u00f3n en AutoStore personalizados para que los clientes de Element Logic saquen el m\u00e1ximo partido a su almac\u00e9n.\" \/>\n<meta property=\"og:url\" content=\"https:\/\/www.elementlogic.net\/es\/soluciones-y-servicios\/servicio-al-cliente\/\" \/>\n<meta property=\"og:site_name\" content=\"Element Logic Spain\" \/>\n<meta property=\"article:modified_time\" content=\"2026-03-24T12:39:52+00:00\" \/>\n<meta name=\"twitter:card\" content=\"summary_large_image\" \/>\n<meta name=\"twitter:label1\" content=\"Tiempo de lectura\" \/>\n\t<meta name=\"twitter:data1\" content=\"2 minutos\" \/>\n<script type=\"application\/ld+json\" class=\"yoast-schema-graph\">{\"@context\":\"https:\/\/schema.org\",\"@graph\":[{\"@type\":\"WebPage\",\"@id\":\"https:\/\/www.elementlogic.net\/es\/soluciones-y-servicios\/servicio-al-cliente\/\",\"url\":\"https:\/\/www.elementlogic.net\/es\/soluciones-y-servicios\/servicio-al-cliente\/\",\"name\":\"Sistema de almacenamiento y picking automatizado AutoStore\",\"isPartOf\":{\"@id\":\"https:\/\/www.elementlogic.net\/es\/#website\"},\"datePublished\":\"2024-08-22T17:52:00+00:00\",\"dateModified\":\"2026-03-24T12:39:52+00:00\",\"description\":\"Dise\u00f1o de planes de formaci\u00f3n en AutoStore personalizados para que los clientes de Element Logic saquen el m\u00e1ximo partido a su almac\u00e9n.\",\"breadcrumb\":{\"@id\":\"https:\/\/www.elementlogic.net\/es\/soluciones-y-servicios\/servicio-al-cliente\/#breadcrumb\"},\"inLanguage\":\"es\",\"potentialAction\":[{\"@type\":\"ReadAction\",\"target\":[\"https:\/\/www.elementlogic.net\/es\/soluciones-y-servicios\/servicio-al-cliente\/\"]}]},{\"@type\":\"BreadcrumbList\",\"@id\":\"https:\/\/www.elementlogic.net\/es\/soluciones-y-servicios\/servicio-al-cliente\/#breadcrumb\",\"itemListElement\":[{\"@type\":\"ListItem\",\"position\":1,\"name\":\"Soluciones y servicios\",\"item\":\"https:\/\/www.elementlogic.net\/es\/soluciones-y-servicios\/\"},{\"@type\":\"ListItem\",\"position\":2,\"name\":\"Servicio al cliente\"}]},{\"@type\":\"WebSite\",\"@id\":\"https:\/\/www.elementlogic.net\/es\/#website\",\"url\":\"https:\/\/www.elementlogic.net\/es\/\",\"name\":\"Element Logic Spain\",\"description\":\"\",\"potentialAction\":[{\"@type\":\"SearchAction\",\"target\":{\"@type\":\"EntryPoint\",\"urlTemplate\":\"https:\/\/www.elementlogic.net\/es\/?s={search_term_string}\"},\"query-input\":{\"@type\":\"PropertyValueSpecification\",\"valueRequired\":true,\"valueName\":\"search_term_string\"}}],\"inLanguage\":\"es\"}]}<\/script>\n<!-- \/ Yoast SEO Premium plugin. -->","yoast_head_json":{"title":"Sistema de almacenamiento y picking automatizado AutoStore","description":"Dise\u00f1o de planes de formaci\u00f3n en AutoStore personalizados para que los clientes de Element Logic saquen el m\u00e1ximo partido a su almac\u00e9n.","robots":{"index":"index","follow":"follow","max-snippet":"max-snippet:-1","max-image-preview":"max-image-preview:large","max-video-preview":"max-video-preview:-1"},"canonical":"https:\/\/www.elementlogic.net\/es\/soluciones-y-servicios\/servicio-al-cliente\/","og_locale":"es_ES","og_type":"article","og_title":"Servicio al cliente","og_description":"Dise\u00f1o de planes de formaci\u00f3n en AutoStore personalizados para que los clientes de Element Logic saquen el m\u00e1ximo partido a su almac\u00e9n.","og_url":"https:\/\/www.elementlogic.net\/es\/soluciones-y-servicios\/servicio-al-cliente\/","og_site_name":"Element Logic Spain","article_modified_time":"2026-03-24T12:39:52+00:00","twitter_card":"summary_large_image","twitter_misc":{"Tiempo de lectura":"2 minutos"},"schema":{"@context":"https:\/\/schema.org","@graph":[{"@type":"WebPage","@id":"https:\/\/www.elementlogic.net\/es\/soluciones-y-servicios\/servicio-al-cliente\/","url":"https:\/\/www.elementlogic.net\/es\/soluciones-y-servicios\/servicio-al-cliente\/","name":"Sistema de almacenamiento y picking automatizado AutoStore","isPartOf":{"@id":"https:\/\/www.elementlogic.net\/es\/#website"},"datePublished":"2024-08-22T17:52:00+00:00","dateModified":"2026-03-24T12:39:52+00:00","description":"Dise\u00f1o de planes de formaci\u00f3n en AutoStore personalizados para que los clientes de Element Logic saquen el m\u00e1ximo partido a su almac\u00e9n.","breadcrumb":{"@id":"https:\/\/www.elementlogic.net\/es\/soluciones-y-servicios\/servicio-al-cliente\/#breadcrumb"},"inLanguage":"es","potentialAction":[{"@type":"ReadAction","target":["https:\/\/www.elementlogic.net\/es\/soluciones-y-servicios\/servicio-al-cliente\/"]}]},{"@type":"BreadcrumbList","@id":"https:\/\/www.elementlogic.net\/es\/soluciones-y-servicios\/servicio-al-cliente\/#breadcrumb","itemListElement":[{"@type":"ListItem","position":1,"name":"Soluciones y servicios","item":"https:\/\/www.elementlogic.net\/es\/soluciones-y-servicios\/"},{"@type":"ListItem","position":2,"name":"Servicio al cliente"}]},{"@type":"WebSite","@id":"https:\/\/www.elementlogic.net\/es\/#website","url":"https:\/\/www.elementlogic.net\/es\/","name":"Element Logic Spain","description":"","potentialAction":[{"@type":"SearchAction","target":{"@type":"EntryPoint","urlTemplate":"https:\/\/www.elementlogic.net\/es\/?s={search_term_string}"},"query-input":{"@type":"PropertyValueSpecification","valueRequired":true,"valueName":"search_term_string"}}],"inLanguage":"es"}]}},"_links":{"self":[{"href":"https:\/\/www.elementlogic.net\/es\/wp-json\/wp\/v2\/pages\/429"}],"collection":[{"href":"https:\/\/www.elementlogic.net\/es\/wp-json\/wp\/v2\/pages"}],"about":[{"href":"https:\/\/www.elementlogic.net\/es\/wp-json\/wp\/v2\/types\/page"}],"author":[{"embeddable":true,"href":"https:\/\/www.elementlogic.net\/es\/wp-json\/wp\/v2\/users\/5"}],"replies":[{"embeddable":true,"href":"https:\/\/www.elementlogic.net\/es\/wp-json\/wp\/v2\/comments?post=429"}],"version-history":[{"count":4,"href":"https:\/\/www.elementlogic.net\/es\/wp-json\/wp\/v2\/pages\/429\/revisions"}],"predecessor-version":[{"id":4532,"href":"https:\/\/www.elementlogic.net\/es\/wp-json\/wp\/v2\/pages\/429\/revisions\/4532"}],"up":[{"embeddable":true,"href":"https:\/\/www.elementlogic.net\/es\/wp-json\/wp\/v2\/pages\/266"}],"wp:attachment":[{"href":"https:\/\/www.elementlogic.net\/es\/wp-json\/wp\/v2\/media?parent=429"}],"curies":[{"name":"wp","href":"https:\/\/api.w.org\/{rel}","templated":true}]}}