{"id":141,"date":"2024-09-09T21:58:29","date_gmt":"2024-09-09T19:58:29","guid":{"rendered":"https:\/\/www.elementlogic.net\/?page_id=2188"},"modified":"2025-11-27T12:42:22","modified_gmt":"2025-11-27T12:42:22","slug":"kahdeksan-myyttia-varastoautomaatiosta","status":"publish","type":"page","link":"https:\/\/www.elementlogic.net\/fi\/whitepapers\/kahdeksan-myyttia-varastoautomaatiosta\/","title":{"rendered":"8 myths about warehouse automation"},"content":{"rendered":"\n\t\t<div style=\"--dekode-hero-dim:0.5; --t2-icon-fill:var(--wp--preset--color--white);\" class=\"alignfull dekode-hero-content-position-center has-media-background wp-block-dekode-hero has-text-color has-white-color\">\n\t\t\t<img loading=\"lazy\" decoding=\"async\" width=\"1024\" height=\"435\" src=\"https:\/\/www.elementlogic.net\/content\/uploads\/sites\/23\/2024\/10\/image-1024x435.png\" class=\"dekode-hero__image\" alt=\"\" style=\"--focalpoint: 22% 14%;\" srcset=\"https:\/\/www.elementlogic.net\/content\/uploads\/sites\/23\/2024\/10\/image-1024x435.png 1024w, https:\/\/www.elementlogic.net\/content\/uploads\/sites\/23\/2024\/10\/image-300x127.png 300w, https:\/\/www.elementlogic.net\/content\/uploads\/sites\/23\/2024\/10\/image-768x326.png 768w, https:\/\/www.elementlogic.net\/content\/uploads\/sites\/23\/2024\/10\/image-1536x652.png 1536w, https:\/\/www.elementlogic.net\/content\/uploads\/sites\/23\/2024\/10\/image.png 1600w\" sizes=\"(max-width: 1024px) 100vw, 1024px\" \/>\n\t\t\t<div class=\"dekode-hero__content\">\n\t\t\t\t<div class=\"dekode-hero__container\">\n\t\t\t\t\t\n\n<h1 class=\"wp-block-heading\" id=\"kahdeksan-myyttia-varastoautomaatiosta\">Kahdeksan myytti\u00e4 varastoautomaatiosta<\/h1>\n\n\n\n<p>Haluatko tiet\u00e4\u00e4, miten automaatio voi auttaa sinun yrityst\u00e4si. Lue lis\u00e4\u00e4 ja tied\u00e4t mik\u00e4 automaatioratkaisuissa on tarua ja mik\u00e4 totta.<\/p>\n\n\n\t\t\t\t<\/div>\n\t\t\t<\/div>\n\t\t<\/div>\n\t\t\n\n\n<p>An increasing number of companies are looking to automate their warehouse to be competitive in their markets.&nbsp;However, automation is still often met with scepticism in the board rooms.<\/p>\n\n\n\n<p>\u2013 Being a big investment \u2013 maybe the biggest a company has ever done \u2013 it is natural to be sceptical and afraid of potential risks. But the scepticism is often based on myths that do not hold water, says Dag-Adler Blakseth, CEO of Element Logic.<\/p>\n\n\n\n<p>That is why we have made this whitepaper; to debunk some of the most common myths of warehouse automation. We believe it will provide you with the insight you need in order to make the best decision for the future of your warehouse.<\/p>\n\n\n\n<h3 class=\"wp-block-heading\" id=\"reading-this-whitepaper-you-will-among-other-things-learn-more-about\">Reading this whitepaper, you will among other things learn more about:<\/h3>\n\n\n\n<ul class=\"wp-block-list\">\n<li>The complexity-level of automation<\/li>\n\n\n\n<li>How to make sure you benefit financially from automation<\/li>\n\n\n\n<li>Whether you need to build a new warehouse or can optimize your existing warehouse<\/li>\n\n\n\n<li>How AutoStore works<\/li>\n\n\n\n<li>How automation affects your work force<\/li>\n\n\n\n<li>Which industries automation is suitable for<\/li>\n<\/ul>\n\n\n\n\t\t<div class=\"wp-block-dekode-dynamics-form\">\n\t\t\t<div class=\"embedded-form\">\n\t\t\t\t<div\n\t\t\t\t\tdata-form-id=\"05d5ad36-702a-f011-8c4e-6045bdf51dec\"\n\t\t\t\t\tdata-form-api-url=\"https:\/\/public-eur.mkt.dynamics.com\/api\/v1.0\/orgs\/0d653081-4a98-4454-9ade-26f2fbe674ee\/landingpageforms\"\n\t\t\t\t\tdata-cached-form-url=\"https:\/\/assets-eur.mkt.dynamics.com\/0d653081-4a98-4454-9ade-26f2fbe674ee\/digitalassets\/forms\/05d5ad36-702a-f011-8c4e-6045bdf51dec\"\n\t\t\t\t><\/div>\n\t\t\t<\/div>\n\t\t<\/div>","protected":false},"excerpt":{"rendered":"<p>An increasing number of companies are looking to automate their warehouse to be competitive in their markets.&nbsp;However, automation is still [&hellip;]<\/p>\n","protected":false},"author":3,"featured_media":0,"parent":155,"menu_order":0,"comment_status":"closed","ping_status":"closed","template":"","meta":{"hreflang_relation":2188,"_el_cross_publish_source_blog_url":"","_el_cross_publish_source_blog_id":0,"_el_cross_publish_source_post_id":0,"_el_cross_publish_sync_state":"","exclude_from_search":false,"footnotes":""},"class_list":["post-141","page","type-page","status-publish","hentry"],"yoast_head":"<!-- This site is optimized with the Yoast SEO Premium plugin v23.9 (Yoast SEO v23.9) - https:\/\/yoast.com\/wordpress\/plugins\/seo\/ -->\n<title>Kahdeksan myytti\u00e4 varastoautomaatiosta<\/title>\n<meta name=\"description\" content=\"Haluatko tiet\u00e4\u00e4, miten automaatio voi auttaa sinun yrityst\u00e4si. Lue lis\u00e4\u00e4, ja tied\u00e4t mik\u00e4 automaatioratkaisuissa on tarua ja mik\u00e4 totta.\" \/>\n<meta name=\"robots\" content=\"index, follow, max-snippet:-1, max-image-preview:large, max-video-preview:-1\" \/>\n<link rel=\"canonical\" href=\"https:\/\/www.elementlogic.net\/fi\/whitepapers\/kahdeksan-myyttia-varastoautomaatiosta\/\" \/>\n<meta property=\"og:locale\" content=\"fi_FI\" \/>\n<meta property=\"og:type\" content=\"article\" \/>\n<meta property=\"og:title\" content=\"8 myths about warehouse automation\" \/>\n<meta property=\"og:description\" content=\"Haluatko tiet\u00e4\u00e4, miten automaatio voi auttaa sinun yrityst\u00e4si. Lue lis\u00e4\u00e4, ja tied\u00e4t mik\u00e4 automaatioratkaisuissa on tarua ja mik\u00e4 totta.\" \/>\n<meta property=\"og:url\" content=\"https:\/\/www.elementlogic.net\/fi\/whitepapers\/kahdeksan-myyttia-varastoautomaatiosta\/\" \/>\n<meta property=\"og:site_name\" content=\"Element Logic Finland\" \/>\n<meta property=\"article:modified_time\" content=\"2025-11-27T12:42:22+00:00\" \/>\n<meta name=\"twitter:card\" content=\"summary_large_image\" \/>\n<meta name=\"twitter:label1\" content=\"Arvioitu lukuaika\" \/>\n\t<meta name=\"twitter:data1\" content=\"2 minuuttia\" \/>\n<script type=\"application\/ld+json\" class=\"yoast-schema-graph\">{\"@context\":\"https:\/\/schema.org\",\"@graph\":[{\"@type\":\"WebPage\",\"@id\":\"https:\/\/www.elementlogic.net\/fi\/whitepapers\/kahdeksan-myyttia-varastoautomaatiosta\/\",\"url\":\"https:\/\/www.elementlogic.net\/fi\/whitepapers\/kahdeksan-myyttia-varastoautomaatiosta\/\",\"name\":\"Kahdeksan myytti\u00e4 varastoautomaatiosta\",\"isPartOf\":{\"@id\":\"https:\/\/www.elementlogic.net\/fi\/#website\"},\"datePublished\":\"2024-09-09T19:58:29+00:00\",\"dateModified\":\"2025-11-27T12:42:22+00:00\",\"description\":\"Haluatko tiet\u00e4\u00e4, miten automaatio voi auttaa sinun yrityst\u00e4si. Lue lis\u00e4\u00e4, ja tied\u00e4t mik\u00e4 automaatioratkaisuissa on tarua ja mik\u00e4 totta.\",\"breadcrumb\":{\"@id\":\"https:\/\/www.elementlogic.net\/fi\/whitepapers\/kahdeksan-myyttia-varastoautomaatiosta\/#breadcrumb\"},\"inLanguage\":\"fi\",\"potentialAction\":[{\"@type\":\"ReadAction\",\"target\":[\"https:\/\/www.elementlogic.net\/fi\/whitepapers\/kahdeksan-myyttia-varastoautomaatiosta\/\"]}]},{\"@type\":\"BreadcrumbList\",\"@id\":\"https:\/\/www.elementlogic.net\/fi\/whitepapers\/kahdeksan-myyttia-varastoautomaatiosta\/#breadcrumb\",\"itemListElement\":[{\"@type\":\"ListItem\",\"position\":1,\"name\":\"Whitepapers\",\"item\":\"https:\/\/www.elementlogic.net\/fi\/whitepapers\/\"},{\"@type\":\"ListItem\",\"position\":2,\"name\":\"8 myths about warehouse automation\"}]},{\"@type\":\"WebSite\",\"@id\":\"https:\/\/www.elementlogic.net\/fi\/#website\",\"url\":\"https:\/\/www.elementlogic.net\/fi\/\",\"name\":\"Element Logic Finland\",\"description\":\"\",\"potentialAction\":[{\"@type\":\"SearchAction\",\"target\":{\"@type\":\"EntryPoint\",\"urlTemplate\":\"https:\/\/www.elementlogic.net\/fi\/?s={search_term_string}\"},\"query-input\":{\"@type\":\"PropertyValueSpecification\",\"valueRequired\":true,\"valueName\":\"search_term_string\"}}],\"inLanguage\":\"fi\"}]}<\/script>\n<!-- \/ Yoast SEO Premium plugin. -->","yoast_head_json":{"title":"Kahdeksan myytti\u00e4 varastoautomaatiosta","description":"Haluatko tiet\u00e4\u00e4, miten automaatio voi auttaa sinun yrityst\u00e4si. Lue lis\u00e4\u00e4, ja tied\u00e4t mik\u00e4 automaatioratkaisuissa on tarua ja mik\u00e4 totta.","robots":{"index":"index","follow":"follow","max-snippet":"max-snippet:-1","max-image-preview":"max-image-preview:large","max-video-preview":"max-video-preview:-1"},"canonical":"https:\/\/www.elementlogic.net\/fi\/whitepapers\/kahdeksan-myyttia-varastoautomaatiosta\/","og_locale":"fi_FI","og_type":"article","og_title":"8 myths about warehouse automation","og_description":"Haluatko tiet\u00e4\u00e4, miten automaatio voi auttaa sinun yrityst\u00e4si. Lue lis\u00e4\u00e4, ja tied\u00e4t mik\u00e4 automaatioratkaisuissa on tarua ja mik\u00e4 totta.","og_url":"https:\/\/www.elementlogic.net\/fi\/whitepapers\/kahdeksan-myyttia-varastoautomaatiosta\/","og_site_name":"Element Logic Finland","article_modified_time":"2025-11-27T12:42:22+00:00","twitter_card":"summary_large_image","twitter_misc":{"Arvioitu lukuaika":"2 minuuttia"},"schema":{"@context":"https:\/\/schema.org","@graph":[{"@type":"WebPage","@id":"https:\/\/www.elementlogic.net\/fi\/whitepapers\/kahdeksan-myyttia-varastoautomaatiosta\/","url":"https:\/\/www.elementlogic.net\/fi\/whitepapers\/kahdeksan-myyttia-varastoautomaatiosta\/","name":"Kahdeksan myytti\u00e4 varastoautomaatiosta","isPartOf":{"@id":"https:\/\/www.elementlogic.net\/fi\/#website"},"datePublished":"2024-09-09T19:58:29+00:00","dateModified":"2025-11-27T12:42:22+00:00","description":"Haluatko tiet\u00e4\u00e4, miten automaatio voi auttaa sinun yrityst\u00e4si. Lue lis\u00e4\u00e4, ja tied\u00e4t mik\u00e4 automaatioratkaisuissa on tarua ja mik\u00e4 totta.","breadcrumb":{"@id":"https:\/\/www.elementlogic.net\/fi\/whitepapers\/kahdeksan-myyttia-varastoautomaatiosta\/#breadcrumb"},"inLanguage":"fi","potentialAction":[{"@type":"ReadAction","target":["https:\/\/www.elementlogic.net\/fi\/whitepapers\/kahdeksan-myyttia-varastoautomaatiosta\/"]}]},{"@type":"BreadcrumbList","@id":"https:\/\/www.elementlogic.net\/fi\/whitepapers\/kahdeksan-myyttia-varastoautomaatiosta\/#breadcrumb","itemListElement":[{"@type":"ListItem","position":1,"name":"Whitepapers","item":"https:\/\/www.elementlogic.net\/fi\/whitepapers\/"},{"@type":"ListItem","position":2,"name":"8 myths about warehouse automation"}]},{"@type":"WebSite","@id":"https:\/\/www.elementlogic.net\/fi\/#website","url":"https:\/\/www.elementlogic.net\/fi\/","name":"Element Logic Finland","description":"","potentialAction":[{"@type":"SearchAction","target":{"@type":"EntryPoint","urlTemplate":"https:\/\/www.elementlogic.net\/fi\/?s={search_term_string}"},"query-input":{"@type":"PropertyValueSpecification","valueRequired":true,"valueName":"search_term_string"}}],"inLanguage":"fi"}]}},"_links":{"self":[{"href":"https:\/\/www.elementlogic.net\/fi\/wp-json\/wp\/v2\/pages\/141"}],"collection":[{"href":"https:\/\/www.elementlogic.net\/fi\/wp-json\/wp\/v2\/pages"}],"about":[{"href":"https:\/\/www.elementlogic.net\/fi\/wp-json\/wp\/v2\/types\/page"}],"author":[{"embeddable":true,"href":"https:\/\/www.elementlogic.net\/fi\/wp-json\/wp\/v2\/users\/3"}],"replies":[{"embeddable":true,"href":"https:\/\/www.elementlogic.net\/fi\/wp-json\/wp\/v2\/comments?post=141"}],"version-history":[{"count":5,"href":"https:\/\/www.elementlogic.net\/fi\/wp-json\/wp\/v2\/pages\/141\/revisions"}],"predecessor-version":[{"id":2559,"href":"https:\/\/www.elementlogic.net\/fi\/wp-json\/wp\/v2\/pages\/141\/revisions\/2559"}],"up":[{"embeddable":true,"href":"https:\/\/www.elementlogic.net\/fi\/wp-json\/wp\/v2\/pages\/155"}],"wp:attachment":[{"href":"https:\/\/www.elementlogic.net\/fi\/wp-json\/wp\/v2\/media?parent=141"}],"curies":[{"name":"wp","href":"https:\/\/api.w.org\/{rel}","templated":true}]}}