{"id":143,"date":"2024-09-09T21:55:19","date_gmt":"2024-09-09T19:55:19","guid":{"rendered":"https:\/\/www.elementlogic.net\/?page_id=2182"},"modified":"2025-11-27T12:41:40","modified_gmt":"2025-11-27T12:41:40","slug":"kolme-sisalogistiikkaa-muuttavaa-trendia","status":"publish","type":"page","link":"https:\/\/www.elementlogic.net\/fi\/whitepapers\/kolme-sisalogistiikkaa-muuttavaa-trendia\/","title":{"rendered":"Three emerging trends shaping intralogistics"},"content":{"rendered":"\n\t\t<div style=\"--dekode-hero-dim:0.5; --t2-icon-fill:var(--wp--preset--color--white);\" class=\"alignfull dekode-hero-content-position-center has-media-background wp-block-dekode-hero\">\n\t\t\t<img loading=\"lazy\" decoding=\"async\" width=\"1024\" height=\"429\" src=\"https:\/\/www.elementlogic.net\/content\/uploads\/sites\/23\/\/2024\/09\/Wallpaper-10-scaled-1024x429.jpg\" class=\"dekode-hero__image\" alt=\"\" style=\"--focalpoint: 32% 43%;\" srcset=\"https:\/\/www.elementlogic.net\/content\/uploads\/sites\/23\/2024\/09\/Wallpaper-10-scaled-1024x429.jpg 1024w, https:\/\/www.elementlogic.net\/content\/uploads\/sites\/23\/2024\/09\/Wallpaper-10-scaled-300x126.jpg 300w, https:\/\/www.elementlogic.net\/content\/uploads\/sites\/23\/2024\/09\/Wallpaper-10-scaled-768x322.jpg 768w, https:\/\/www.elementlogic.net\/content\/uploads\/sites\/23\/2024\/09\/Wallpaper-10-scaled-1536x643.jpg 1536w, https:\/\/www.elementlogic.net\/content\/uploads\/sites\/23\/2024\/09\/Wallpaper-10-scaled-2048x858.jpg 2048w\" sizes=\"(max-width: 1024px) 100vw, 1024px\" \/>\n\t\t\t<div class=\"dekode-hero__content\">\n\t\t\t\t<div class=\"dekode-hero__container\">\n\t\t\t\t\t\n\n<h1 class=\"wp-block-heading\" id=\"kolme-sisalogistiikkaa-muuttavaa-trendia\">Kolme sis\u00e4logistiikkaa muuttavaa trendi\u00e4<\/h1>\n\n\n\n<p>Oletko kiinnostunut kuulemaan, miten logistiikkatoimiala tulee kehittym\u00e4\u00e4n seuraavina vuosina? Meill\u00e4 on 35 vuoden kokemus varaston suorituskyvyn optimoinnista ja meill\u00e4 on kokemus ja n\u00e4kemys mitk\u00e4 asiat ovat tulleet j\u00e4\u00e4d\u00e4kseen ja mitk\u00e4 tulevat poistumaan nopeasti alalta.<\/p>\n\n\n\t\t\t\t<\/div>\n\t\t\t<\/div>\n\t\t<\/div>\n\t\t\n\n\n<p>Olemme n\u00e4hneet valtavasti kasvua ja muutoksia sis\u00e4logistiikassa viimeisen kahden vuoden aikana. Uuden teknologian ja last mile -jakeluratkaisuiden lis\u00e4ksi olemme n\u00e4hneet ison muutoksen my\u00f6s asiakkaiden odotuksista logistiikka-alan palveluita kohtaan. Asiakkaat haluavat ja olettavat saavansa entist\u00e4 nopeampia ja luotettavampia toimituksia ja he haluavat sen NYT!<\/p>\n\n\n\n<p>Pysy\u00e4ksesi kilpailukykyisen\u00e4, sinun on hyv\u00e4 pysy\u00e4 k\u00e4rryill\u00e4 erilaisista nousevista trendeist\u00e4, jotka tulevat pysym\u00e4\u00e4n.<\/p>\n\n\n\n<h3 class=\"wp-block-heading\" id=\"dokumentin-luettuasi-lupaamme-etta-saat-hyvan-johdatuksen-seka-kaytannon-ideoita-seuraaviin-asioihin\"><strong>Dokumentin luettuasi, lupaamme, ett\u00e4 saat hyv\u00e4n johdatuksen sek\u00e4 k\u00e4yt\u00e4nn\u00f6n ideoita seuraaviin asioihin:<\/strong><\/h3>\n\n\n\n<ul class=\"wp-block-list\">\n<li>Ruuan verkkokauppa ja asiakkaiden odotukset toimituksiin sek\u00e4 joustavuuteen liittyen<\/li>\n\n\n\n<li>MFC (Micro Fulfillment Centres) ja innovatiiviset ideat kuinka lyhent\u00e4\u00e4 last mile \u2013 toimitusten toimitusaikaa<\/li>\n\n\n\n<li>Kuinka Automation as a Service (AaaS) eli <em>Automaatio palveluna<\/em> soveltuu ratkaisuna varastojen automaatioon ilman suuria investointeja<\/li>\n<\/ul>\n\n\n\n<p>Whitepaper on ilmainen ja saatavilla englanniksi.<\/p>\n\n\n\n\t\t<div class=\"wp-block-dekode-dynamics-form\">\n\t\t\t<div class=\"embedded-form\">\n\t\t\t\t<div\n\t\t\t\t\tdata-form-id=\"05d5ad36-702a-f011-8c4e-6045bdf51dec\"\n\t\t\t\t\tdata-form-api-url=\"https:\/\/public-eur.mkt.dynamics.com\/api\/v1.0\/orgs\/0d653081-4a98-4454-9ade-26f2fbe674ee\/landingpageforms\"\n\t\t\t\t\tdata-cached-form-url=\"https:\/\/assets-eur.mkt.dynamics.com\/0d653081-4a98-4454-9ade-26f2fbe674ee\/digitalassets\/forms\/05d5ad36-702a-f011-8c4e-6045bdf51dec\"\n\t\t\t\t><\/div>\n\t\t\t<\/div>\n\t\t<\/div>","protected":false},"excerpt":{"rendered":"<p>Olemme n\u00e4hneet valtavasti kasvua ja muutoksia sis\u00e4logistiikassa viimeisen kahden vuoden aikana. Uuden teknologian ja last mile -jakeluratkaisuiden lis\u00e4ksi olemme n\u00e4hneet [&hellip;]<\/p>\n","protected":false},"author":3,"featured_media":0,"parent":155,"menu_order":0,"comment_status":"closed","ping_status":"closed","template":"","meta":{"hreflang_relation":2182,"_el_cross_publish_source_blog_url":"","_el_cross_publish_source_blog_id":0,"_el_cross_publish_source_post_id":0,"_el_cross_publish_sync_state":"","exclude_from_search":false,"footnotes":""},"class_list":["post-143","page","type-page","status-publish","hentry"],"yoast_head":"<!-- This site is optimized with the Yoast SEO Premium plugin v23.9 (Yoast SEO v23.9) - https:\/\/yoast.com\/wordpress\/plugins\/seo\/ -->\n<title>Kolme sis\u00e4logistiikkaa muuttavaa trendi\u00e4<\/title>\n<meta name=\"description\" content=\"Oletko kiinnostunut kuulemaan, miten logistiikkatoimiala tulee kehittym\u00e4\u00e4n seuraavina vuosina? Meill\u00e4 on 35 vuoden kokemus varastojen optimoinnista.\" \/>\n<meta name=\"robots\" content=\"index, follow, max-snippet:-1, max-image-preview:large, max-video-preview:-1\" \/>\n<link rel=\"canonical\" href=\"https:\/\/www.elementlogic.net\/fi\/whitepapers\/kolme-sisalogistiikkaa-muuttavaa-trendia\/\" \/>\n<meta property=\"og:locale\" content=\"fi_FI\" \/>\n<meta property=\"og:type\" content=\"article\" \/>\n<meta property=\"og:title\" content=\"Three emerging trends shaping intralogistics\" \/>\n<meta property=\"og:description\" content=\"Oletko kiinnostunut kuulemaan, miten logistiikkatoimiala tulee kehittym\u00e4\u00e4n seuraavina vuosina? Meill\u00e4 on 35 vuoden kokemus varastojen optimoinnista.\" \/>\n<meta property=\"og:url\" content=\"https:\/\/www.elementlogic.net\/fi\/whitepapers\/kolme-sisalogistiikkaa-muuttavaa-trendia\/\" \/>\n<meta property=\"og:site_name\" content=\"Element Logic Finland\" \/>\n<meta property=\"article:modified_time\" content=\"2025-11-27T12:41:40+00:00\" \/>\n<meta name=\"twitter:card\" content=\"summary_large_image\" \/>\n<meta name=\"twitter:label1\" content=\"Arvioitu lukuaika\" \/>\n\t<meta name=\"twitter:data1\" content=\"1 minuutti\" \/>\n<script type=\"application\/ld+json\" class=\"yoast-schema-graph\">{\"@context\":\"https:\/\/schema.org\",\"@graph\":[{\"@type\":\"WebPage\",\"@id\":\"https:\/\/www.elementlogic.net\/fi\/whitepapers\/kolme-sisalogistiikkaa-muuttavaa-trendia\/\",\"url\":\"https:\/\/www.elementlogic.net\/fi\/whitepapers\/kolme-sisalogistiikkaa-muuttavaa-trendia\/\",\"name\":\"Kolme sis\u00e4logistiikkaa muuttavaa trendi\u00e4\",\"isPartOf\":{\"@id\":\"https:\/\/www.elementlogic.net\/fi\/#website\"},\"datePublished\":\"2024-09-09T19:55:19+00:00\",\"dateModified\":\"2025-11-27T12:41:40+00:00\",\"description\":\"Oletko kiinnostunut kuulemaan, miten logistiikkatoimiala tulee kehittym\u00e4\u00e4n seuraavina vuosina? Meill\u00e4 on 35 vuoden kokemus varastojen optimoinnista.\",\"breadcrumb\":{\"@id\":\"https:\/\/www.elementlogic.net\/fi\/whitepapers\/kolme-sisalogistiikkaa-muuttavaa-trendia\/#breadcrumb\"},\"inLanguage\":\"fi\",\"potentialAction\":[{\"@type\":\"ReadAction\",\"target\":[\"https:\/\/www.elementlogic.net\/fi\/whitepapers\/kolme-sisalogistiikkaa-muuttavaa-trendia\/\"]}]},{\"@type\":\"BreadcrumbList\",\"@id\":\"https:\/\/www.elementlogic.net\/fi\/whitepapers\/kolme-sisalogistiikkaa-muuttavaa-trendia\/#breadcrumb\",\"itemListElement\":[{\"@type\":\"ListItem\",\"position\":1,\"name\":\"Whitepapers\",\"item\":\"https:\/\/www.elementlogic.net\/fi\/whitepapers\/\"},{\"@type\":\"ListItem\",\"position\":2,\"name\":\"Three emerging trends shaping intralogistics\"}]},{\"@type\":\"WebSite\",\"@id\":\"https:\/\/www.elementlogic.net\/fi\/#website\",\"url\":\"https:\/\/www.elementlogic.net\/fi\/\",\"name\":\"Element Logic Finland\",\"description\":\"\",\"potentialAction\":[{\"@type\":\"SearchAction\",\"target\":{\"@type\":\"EntryPoint\",\"urlTemplate\":\"https:\/\/www.elementlogic.net\/fi\/?s={search_term_string}\"},\"query-input\":{\"@type\":\"PropertyValueSpecification\",\"valueRequired\":true,\"valueName\":\"search_term_string\"}}],\"inLanguage\":\"fi\"}]}<\/script>\n<!-- \/ Yoast SEO Premium plugin. -->","yoast_head_json":{"title":"Kolme sis\u00e4logistiikkaa muuttavaa trendi\u00e4","description":"Oletko kiinnostunut kuulemaan, miten logistiikkatoimiala tulee kehittym\u00e4\u00e4n seuraavina vuosina? Meill\u00e4 on 35 vuoden kokemus varastojen optimoinnista.","robots":{"index":"index","follow":"follow","max-snippet":"max-snippet:-1","max-image-preview":"max-image-preview:large","max-video-preview":"max-video-preview:-1"},"canonical":"https:\/\/www.elementlogic.net\/fi\/whitepapers\/kolme-sisalogistiikkaa-muuttavaa-trendia\/","og_locale":"fi_FI","og_type":"article","og_title":"Three emerging trends shaping intralogistics","og_description":"Oletko kiinnostunut kuulemaan, miten logistiikkatoimiala tulee kehittym\u00e4\u00e4n seuraavina vuosina? Meill\u00e4 on 35 vuoden kokemus varastojen optimoinnista.","og_url":"https:\/\/www.elementlogic.net\/fi\/whitepapers\/kolme-sisalogistiikkaa-muuttavaa-trendia\/","og_site_name":"Element Logic Finland","article_modified_time":"2025-11-27T12:41:40+00:00","twitter_card":"summary_large_image","twitter_misc":{"Arvioitu lukuaika":"1 minuutti"},"schema":{"@context":"https:\/\/schema.org","@graph":[{"@type":"WebPage","@id":"https:\/\/www.elementlogic.net\/fi\/whitepapers\/kolme-sisalogistiikkaa-muuttavaa-trendia\/","url":"https:\/\/www.elementlogic.net\/fi\/whitepapers\/kolme-sisalogistiikkaa-muuttavaa-trendia\/","name":"Kolme sis\u00e4logistiikkaa muuttavaa trendi\u00e4","isPartOf":{"@id":"https:\/\/www.elementlogic.net\/fi\/#website"},"datePublished":"2024-09-09T19:55:19+00:00","dateModified":"2025-11-27T12:41:40+00:00","description":"Oletko kiinnostunut kuulemaan, miten logistiikkatoimiala tulee kehittym\u00e4\u00e4n seuraavina vuosina? Meill\u00e4 on 35 vuoden kokemus varastojen optimoinnista.","breadcrumb":{"@id":"https:\/\/www.elementlogic.net\/fi\/whitepapers\/kolme-sisalogistiikkaa-muuttavaa-trendia\/#breadcrumb"},"inLanguage":"fi","potentialAction":[{"@type":"ReadAction","target":["https:\/\/www.elementlogic.net\/fi\/whitepapers\/kolme-sisalogistiikkaa-muuttavaa-trendia\/"]}]},{"@type":"BreadcrumbList","@id":"https:\/\/www.elementlogic.net\/fi\/whitepapers\/kolme-sisalogistiikkaa-muuttavaa-trendia\/#breadcrumb","itemListElement":[{"@type":"ListItem","position":1,"name":"Whitepapers","item":"https:\/\/www.elementlogic.net\/fi\/whitepapers\/"},{"@type":"ListItem","position":2,"name":"Three emerging trends shaping intralogistics"}]},{"@type":"WebSite","@id":"https:\/\/www.elementlogic.net\/fi\/#website","url":"https:\/\/www.elementlogic.net\/fi\/","name":"Element Logic Finland","description":"","potentialAction":[{"@type":"SearchAction","target":{"@type":"EntryPoint","urlTemplate":"https:\/\/www.elementlogic.net\/fi\/?s={search_term_string}"},"query-input":{"@type":"PropertyValueSpecification","valueRequired":true,"valueName":"search_term_string"}}],"inLanguage":"fi"}]}},"_links":{"self":[{"href":"https:\/\/www.elementlogic.net\/fi\/wp-json\/wp\/v2\/pages\/143"}],"collection":[{"href":"https:\/\/www.elementlogic.net\/fi\/wp-json\/wp\/v2\/pages"}],"about":[{"href":"https:\/\/www.elementlogic.net\/fi\/wp-json\/wp\/v2\/types\/page"}],"author":[{"embeddable":true,"href":"https:\/\/www.elementlogic.net\/fi\/wp-json\/wp\/v2\/users\/3"}],"replies":[{"embeddable":true,"href":"https:\/\/www.elementlogic.net\/fi\/wp-json\/wp\/v2\/comments?post=143"}],"version-history":[{"count":5,"href":"https:\/\/www.elementlogic.net\/fi\/wp-json\/wp\/v2\/pages\/143\/revisions"}],"predecessor-version":[{"id":2558,"href":"https:\/\/www.elementlogic.net\/fi\/wp-json\/wp\/v2\/pages\/143\/revisions\/2558"}],"up":[{"embeddable":true,"href":"https:\/\/www.elementlogic.net\/fi\/wp-json\/wp\/v2\/pages\/155"}],"wp:attachment":[{"href":"https:\/\/www.elementlogic.net\/fi\/wp-json\/wp\/v2\/media?parent=143"}],"curies":[{"name":"wp","href":"https:\/\/api.w.org\/{rel}","templated":true}]}}