{"id":146,"date":"2024-09-09T21:50:17","date_gmt":"2024-09-09T19:50:17","guid":{"rendered":"https:\/\/www.elementlogic.net\/?page_id=2178"},"modified":"2025-11-27T12:40:17","modified_gmt":"2025-11-27T12:40:17","slug":"nain-lasket-element-logicin-automaatioratkaisun-roin","status":"publish","type":"page","link":"https:\/\/www.elementlogic.net\/fi\/whitepapers\/nain-lasket-element-logicin-automaatioratkaisun-roin\/","title":{"rendered":"Calculate your ROI with Element Logic"},"content":{"rendered":"\n\t\t<div style=\"--dekode-hero-dim:0.5; --t2-icon-fill:var(--wp--preset--color--white);\" class=\"alignfull dekode-hero-content-position-center has-media-background wp-block-dekode-hero has-text-color has-white-color\">\n\t\t\t<img loading=\"lazy\" decoding=\"async\" width=\"1024\" height=\"683\" src=\"https:\/\/www.elementlogic.net\/content\/uploads\/sites\/23\/\/2024\/09\/Element-Logic-cooperation-28168118-1024x683.jpg\" class=\"dekode-hero__image\" alt=\"\" style=\"--focalpoint: 47% 36%;\" srcset=\"https:\/\/www.elementlogic.net\/content\/uploads\/sites\/23\/2024\/09\/Element-Logic-cooperation-28168118-1024x683.jpg 1024w, https:\/\/www.elementlogic.net\/content\/uploads\/sites\/23\/2024\/09\/Element-Logic-cooperation-28168118-300x200.jpg 300w, https:\/\/www.elementlogic.net\/content\/uploads\/sites\/23\/2024\/09\/Element-Logic-cooperation-28168118-768x512.jpg 768w, https:\/\/www.elementlogic.net\/content\/uploads\/sites\/23\/2024\/09\/Element-Logic-cooperation-28168118.jpg 1080w\" sizes=\"(max-width: 1024px) 100vw, 1024px\" \/>\n\t\t\t<div class=\"dekode-hero__content\">\n\t\t\t\t<div class=\"dekode-hero__container\">\n\t\t\t\t\t\n\n<h1 class=\"wp-block-heading\" id=\"nain-lasket-element-logicin-automaatioratkaisun-roi-n\">N\u00e4in lasket Element Logicin automaatioratkaisun ROI:n<\/h1>\n\n\n\n<p>Varastoautomaatiolla on monia etuja. S\u00e4\u00e4st\u00e4t tilaa, saat enemm\u00e4n tyytyv\u00e4isi\u00e4 asiakkaita ja ty\u00f6ntekij\u00e4si saavat paremman ty\u00f6p\u00e4iv\u00e4n. Mutta mik\u00e4 on sen taloudellinen hy\u00f6ty?<\/p>\n\n\n\t\t\t\t<\/div>\n\t\t\t<\/div>\n\t\t<\/div>\n\t\t\n\n\n<p>Asiantuntijatiimimme auttaa laskemaan sijoitetun p\u00e4\u00e4oman tuottoprosentin. T\u00e4m\u00e4 raportti jakaa tiet\u00e4myksemme ja asiantuntemuksemme kunkin varastoautomaation hy\u00f6dyn taloudellisen arvon l\u00f6yt\u00e4misess\u00e4 nyt ja vuosikymmenien kuluttua.<\/p>\n\n\n\n<p>Jotkut luvut on helppo laskea, ja toisiin on vaikea laittaa tarkkaa hintalappua.<\/p>\n\n\n\n<p>Mutta t\u00e4m\u00e4n raportin avulla opit, kuinka laskea varastoautomaatiohankinnan ROI ja samalla saavuttaa kasvua varastoautomaation avulla.<\/p>\n\n\n\n<h3 class=\"wp-block-heading\" id=\"h-kun-luet-taman-julkaisun-opit\"><strong>Kun luet t\u00e4m\u00e4n julkaisun, opit:<\/strong><\/h3>\n\n\n\n<ul class=\"wp-block-list\">\n<li>Miten Element Logic laskee ROI:n ja tekee takaisinmaksuanalyysin<\/li>\n\n\n\n<li>Millainen taloudellinen hy\u00f6ty varastoautomaatiosta<\/li>\n\n\n\n<li>Mit\u00e4 ovat luvut ja pehme\u00e4t arvot, jotka vaikuttavat sijoitetun p\u00e4\u00e4oman tuottoprosenttiisi<\/li>\n\n\n\n<li>Mik\u00e4 on keskim\u00e4\u00e4r\u00e4inen ROI automaation avulla Element Logicilla<\/li>\n\n\n\n<li>Millainen on asiakastapaus, jossa ROI saavutettiin enn\u00e4tysajassa<\/li>\n<\/ul>\n\n\n\n<p>Tiedote on ilmainen ja saatavilla englanniksi.<\/p>\n\n\n\n\t\t<div class=\"wp-block-dekode-dynamics-form\">\n\t\t\t<div class=\"embedded-form\">\n\t\t\t\t<div\n\t\t\t\t\tdata-form-id=\"05d5ad36-702a-f011-8c4e-6045bdf51dec\"\n\t\t\t\t\tdata-form-api-url=\"https:\/\/public-eur.mkt.dynamics.com\/api\/v1.0\/orgs\/0d653081-4a98-4454-9ade-26f2fbe674ee\/landingpageforms\"\n\t\t\t\t\tdata-cached-form-url=\"https:\/\/assets-eur.mkt.dynamics.com\/0d653081-4a98-4454-9ade-26f2fbe674ee\/digitalassets\/forms\/05d5ad36-702a-f011-8c4e-6045bdf51dec\"\n\t\t\t\t><\/div>\n\t\t\t<\/div>\n\t\t<\/div>","protected":false},"excerpt":{"rendered":"<p>Asiantuntijatiimimme auttaa laskemaan sijoitetun p\u00e4\u00e4oman tuottoprosentin. T\u00e4m\u00e4 raportti jakaa tiet\u00e4myksemme ja asiantuntemuksemme kunkin varastoautomaation hy\u00f6dyn taloudellisen arvon l\u00f6yt\u00e4misess\u00e4 nyt ja [&hellip;]<\/p>\n","protected":false},"author":3,"featured_media":0,"parent":155,"menu_order":0,"comment_status":"closed","ping_status":"closed","template":"","meta":{"hreflang_relation":2178,"_el_cross_publish_source_blog_url":"","_el_cross_publish_source_blog_id":0,"_el_cross_publish_source_post_id":0,"_el_cross_publish_sync_state":"","exclude_from_search":false,"footnotes":""},"class_list":["post-146","page","type-page","status-publish","hentry"],"yoast_head":"<!-- This site is optimized with the Yoast SEO Premium plugin v23.9 (Yoast SEO v23.9) - https:\/\/yoast.com\/wordpress\/plugins\/seo\/ -->\n<title>N\u00e4in lasket Element Logicin automaatioratkaisun ROI:n<\/title>\n<meta name=\"description\" content=\"Varastoautomaatiolla s\u00e4\u00e4st\u00e4t tilaa, saat tyytyv\u00e4isi\u00e4 asiakkaita ja ty\u00f6ntekij\u00e4si saavat paremman ty\u00f6p\u00e4iv\u00e4n. Mutta mik\u00e4 on sen taloudellinen hy\u00f6ty?\" \/>\n<meta name=\"robots\" content=\"index, follow, max-snippet:-1, max-image-preview:large, max-video-preview:-1\" \/>\n<link rel=\"canonical\" href=\"https:\/\/www.elementlogic.net\/fi\/whitepapers\/nain-lasket-element-logicin-automaatioratkaisun-roin\/\" \/>\n<meta property=\"og:locale\" content=\"fi_FI\" \/>\n<meta property=\"og:type\" content=\"article\" \/>\n<meta property=\"og:title\" content=\"Calculate your ROI with Element Logic\" \/>\n<meta property=\"og:description\" content=\"Varastoautomaatiolla s\u00e4\u00e4st\u00e4t tilaa, saat tyytyv\u00e4isi\u00e4 asiakkaita ja ty\u00f6ntekij\u00e4si saavat paremman ty\u00f6p\u00e4iv\u00e4n. Mutta mik\u00e4 on sen taloudellinen hy\u00f6ty?\" \/>\n<meta property=\"og:url\" content=\"https:\/\/www.elementlogic.net\/fi\/whitepapers\/nain-lasket-element-logicin-automaatioratkaisun-roin\/\" \/>\n<meta property=\"og:site_name\" content=\"Element Logic Finland\" \/>\n<meta property=\"article:modified_time\" content=\"2025-11-27T12:40:17+00:00\" \/>\n<meta name=\"twitter:card\" content=\"summary_large_image\" \/>\n<meta name=\"twitter:label1\" content=\"Arvioitu lukuaika\" \/>\n\t<meta name=\"twitter:data1\" content=\"1 minuutti\" \/>\n<script type=\"application\/ld+json\" class=\"yoast-schema-graph\">{\"@context\":\"https:\/\/schema.org\",\"@graph\":[{\"@type\":\"WebPage\",\"@id\":\"https:\/\/www.elementlogic.net\/fi\/whitepapers\/nain-lasket-element-logicin-automaatioratkaisun-roin\/\",\"url\":\"https:\/\/www.elementlogic.net\/fi\/whitepapers\/nain-lasket-element-logicin-automaatioratkaisun-roin\/\",\"name\":\"N\u00e4in lasket Element Logicin automaatioratkaisun ROI:n\",\"isPartOf\":{\"@id\":\"https:\/\/www.elementlogic.net\/fi\/#website\"},\"datePublished\":\"2024-09-09T19:50:17+00:00\",\"dateModified\":\"2025-11-27T12:40:17+00:00\",\"description\":\"Varastoautomaatiolla s\u00e4\u00e4st\u00e4t tilaa, saat tyytyv\u00e4isi\u00e4 asiakkaita ja ty\u00f6ntekij\u00e4si saavat paremman ty\u00f6p\u00e4iv\u00e4n. Mutta mik\u00e4 on sen taloudellinen hy\u00f6ty?\",\"breadcrumb\":{\"@id\":\"https:\/\/www.elementlogic.net\/fi\/whitepapers\/nain-lasket-element-logicin-automaatioratkaisun-roin\/#breadcrumb\"},\"inLanguage\":\"fi\",\"potentialAction\":[{\"@type\":\"ReadAction\",\"target\":[\"https:\/\/www.elementlogic.net\/fi\/whitepapers\/nain-lasket-element-logicin-automaatioratkaisun-roin\/\"]}]},{\"@type\":\"BreadcrumbList\",\"@id\":\"https:\/\/www.elementlogic.net\/fi\/whitepapers\/nain-lasket-element-logicin-automaatioratkaisun-roin\/#breadcrumb\",\"itemListElement\":[{\"@type\":\"ListItem\",\"position\":1,\"name\":\"Whitepapers\",\"item\":\"https:\/\/www.elementlogic.net\/fi\/whitepapers\/\"},{\"@type\":\"ListItem\",\"position\":2,\"name\":\"Calculate your ROI with Element Logic\"}]},{\"@type\":\"WebSite\",\"@id\":\"https:\/\/www.elementlogic.net\/fi\/#website\",\"url\":\"https:\/\/www.elementlogic.net\/fi\/\",\"name\":\"Element Logic Finland\",\"description\":\"\",\"potentialAction\":[{\"@type\":\"SearchAction\",\"target\":{\"@type\":\"EntryPoint\",\"urlTemplate\":\"https:\/\/www.elementlogic.net\/fi\/?s={search_term_string}\"},\"query-input\":{\"@type\":\"PropertyValueSpecification\",\"valueRequired\":true,\"valueName\":\"search_term_string\"}}],\"inLanguage\":\"fi\"}]}<\/script>\n<!-- \/ Yoast SEO Premium plugin. -->","yoast_head_json":{"title":"N\u00e4in lasket Element Logicin automaatioratkaisun ROI:n","description":"Varastoautomaatiolla s\u00e4\u00e4st\u00e4t tilaa, saat tyytyv\u00e4isi\u00e4 asiakkaita ja ty\u00f6ntekij\u00e4si saavat paremman ty\u00f6p\u00e4iv\u00e4n. Mutta mik\u00e4 on sen taloudellinen hy\u00f6ty?","robots":{"index":"index","follow":"follow","max-snippet":"max-snippet:-1","max-image-preview":"max-image-preview:large","max-video-preview":"max-video-preview:-1"},"canonical":"https:\/\/www.elementlogic.net\/fi\/whitepapers\/nain-lasket-element-logicin-automaatioratkaisun-roin\/","og_locale":"fi_FI","og_type":"article","og_title":"Calculate your ROI with Element Logic","og_description":"Varastoautomaatiolla s\u00e4\u00e4st\u00e4t tilaa, saat tyytyv\u00e4isi\u00e4 asiakkaita ja ty\u00f6ntekij\u00e4si saavat paremman ty\u00f6p\u00e4iv\u00e4n. Mutta mik\u00e4 on sen taloudellinen hy\u00f6ty?","og_url":"https:\/\/www.elementlogic.net\/fi\/whitepapers\/nain-lasket-element-logicin-automaatioratkaisun-roin\/","og_site_name":"Element Logic Finland","article_modified_time":"2025-11-27T12:40:17+00:00","twitter_card":"summary_large_image","twitter_misc":{"Arvioitu lukuaika":"1 minuutti"},"schema":{"@context":"https:\/\/schema.org","@graph":[{"@type":"WebPage","@id":"https:\/\/www.elementlogic.net\/fi\/whitepapers\/nain-lasket-element-logicin-automaatioratkaisun-roin\/","url":"https:\/\/www.elementlogic.net\/fi\/whitepapers\/nain-lasket-element-logicin-automaatioratkaisun-roin\/","name":"N\u00e4in lasket Element Logicin automaatioratkaisun ROI:n","isPartOf":{"@id":"https:\/\/www.elementlogic.net\/fi\/#website"},"datePublished":"2024-09-09T19:50:17+00:00","dateModified":"2025-11-27T12:40:17+00:00","description":"Varastoautomaatiolla s\u00e4\u00e4st\u00e4t tilaa, saat tyytyv\u00e4isi\u00e4 asiakkaita ja ty\u00f6ntekij\u00e4si saavat paremman ty\u00f6p\u00e4iv\u00e4n. Mutta mik\u00e4 on sen taloudellinen hy\u00f6ty?","breadcrumb":{"@id":"https:\/\/www.elementlogic.net\/fi\/whitepapers\/nain-lasket-element-logicin-automaatioratkaisun-roin\/#breadcrumb"},"inLanguage":"fi","potentialAction":[{"@type":"ReadAction","target":["https:\/\/www.elementlogic.net\/fi\/whitepapers\/nain-lasket-element-logicin-automaatioratkaisun-roin\/"]}]},{"@type":"BreadcrumbList","@id":"https:\/\/www.elementlogic.net\/fi\/whitepapers\/nain-lasket-element-logicin-automaatioratkaisun-roin\/#breadcrumb","itemListElement":[{"@type":"ListItem","position":1,"name":"Whitepapers","item":"https:\/\/www.elementlogic.net\/fi\/whitepapers\/"},{"@type":"ListItem","position":2,"name":"Calculate your ROI with Element Logic"}]},{"@type":"WebSite","@id":"https:\/\/www.elementlogic.net\/fi\/#website","url":"https:\/\/www.elementlogic.net\/fi\/","name":"Element Logic Finland","description":"","potentialAction":[{"@type":"SearchAction","target":{"@type":"EntryPoint","urlTemplate":"https:\/\/www.elementlogic.net\/fi\/?s={search_term_string}"},"query-input":{"@type":"PropertyValueSpecification","valueRequired":true,"valueName":"search_term_string"}}],"inLanguage":"fi"}]}},"_links":{"self":[{"href":"https:\/\/www.elementlogic.net\/fi\/wp-json\/wp\/v2\/pages\/146"}],"collection":[{"href":"https:\/\/www.elementlogic.net\/fi\/wp-json\/wp\/v2\/pages"}],"about":[{"href":"https:\/\/www.elementlogic.net\/fi\/wp-json\/wp\/v2\/types\/page"}],"author":[{"embeddable":true,"href":"https:\/\/www.elementlogic.net\/fi\/wp-json\/wp\/v2\/users\/3"}],"replies":[{"embeddable":true,"href":"https:\/\/www.elementlogic.net\/fi\/wp-json\/wp\/v2\/comments?post=146"}],"version-history":[{"count":5,"href":"https:\/\/www.elementlogic.net\/fi\/wp-json\/wp\/v2\/pages\/146\/revisions"}],"predecessor-version":[{"id":2557,"href":"https:\/\/www.elementlogic.net\/fi\/wp-json\/wp\/v2\/pages\/146\/revisions\/2557"}],"up":[{"embeddable":true,"href":"https:\/\/www.elementlogic.net\/fi\/wp-json\/wp\/v2\/pages\/155"}],"wp:attachment":[{"href":"https:\/\/www.elementlogic.net\/fi\/wp-json\/wp\/v2\/media?parent=146"}],"curies":[{"name":"wp","href":"https:\/\/api.w.org\/{rel}","templated":true}]}}