{"id":148,"date":"2024-09-09T21:46:16","date_gmt":"2024-09-09T19:46:16","guid":{"rendered":"https:\/\/www.elementlogic.net\/?page_id=2173"},"modified":"2025-11-27T12:38:54","modified_gmt":"2025-11-27T12:38:54","slug":"tiedon-hyodyntaminen-varastoautomaation-seuraava-taso","status":"publish","type":"page","link":"https:\/\/www.elementlogic.net\/fi\/whitepapers\/tiedon-hyodyntaminen-varastoautomaation-seuraava-taso\/","title":{"rendered":"Data utilization: The next level of warehouse automation"},"content":{"rendered":"\n\t\t<div style=\"--dekode-hero-dim:0.5; --t2-icon-fill:var(--wp--preset--color--white);\" class=\"alignfull dekode-hero-content-position-center has-media-background wp-block-dekode-hero\">\n\t\t\t<img loading=\"lazy\" decoding=\"async\" width=\"1024\" height=\"683\" src=\"https:\/\/www.elementlogic.net\/content\/uploads\/sites\/23\/\/2024\/09\/EL_eLogiq_-2-1024x683-1.jpg\" class=\"dekode-hero__image\" alt=\"Nainen ty\u00f6skentelee n\u00e4ytt\u00f6p\u00e4\u00e4tteell\u00e4\" style=\"--focalpoint: 52% 20%;\" srcset=\"https:\/\/www.elementlogic.net\/content\/uploads\/sites\/23\/2024\/09\/EL_eLogiq_-2-1024x683-1.jpg 1024w, https:\/\/www.elementlogic.net\/content\/uploads\/sites\/23\/2024\/09\/EL_eLogiq_-2-1024x683-1-300x200.jpg 300w, https:\/\/www.elementlogic.net\/content\/uploads\/sites\/23\/2024\/09\/EL_eLogiq_-2-1024x683-1-768x512.jpg 768w\" sizes=\"(max-width: 1024px) 100vw, 1024px\" \/>\n\t\t\t<div class=\"dekode-hero__content\">\n\t\t\t\t<div class=\"dekode-hero__container\">\n\t\t\t\t\t\n\n<h1 class=\"wp-block-heading\" id=\"tiedon-hyodyntaminen-varastoautomaation-seuraava-taso\">Tiedon hy\u00f6dynt\u00e4minen \u2013 varastoautomaation seuraava taso<\/h1>\n\n\n\n<p>Kasvun ja kilpailukyvyn yll\u00e4pit\u00e4miseksi sinun on ennakoitava, mit\u00e4 tapahtuu, ja reagoitava muutoksiin reaaliajassa. Se taas tarkoittaa, ett\u00e4 yrityksell\u00e4si on oltava valmius hy\u00f6dynt\u00e4\u00e4 varastosi piilotettua dataa.<\/p>\n\n\n\t\t\t\t<\/div>\n\t\t\t<\/div>\n\t\t<\/div>\n\t\t\n\n\n<p>Varastotoimintojesi piilossa olevat tiedot voivat tarjota k\u00e4ytt\u00f6kelpoisia n\u00e4kemyksi\u00e4 kapasiteetin suunnitteluun, ennakoivaan kunnossapitoon, kuljetusten suunnitteluun ja ty\u00f6ntekij\u00f6iden motivoimiseen.<\/p>\n\n\n\n<p>&#8221;Data on kuin piilotettua kultaa varastoissa ymp\u00e4ri maailmaa. On aika hy\u00f6dynt\u00e4\u00e4 sit\u00e4\u201d, Element Logicin teknologiajohtaja Sutharshan Nadarajah toteaa.<\/p>\n\n\n\n<p>T\u00e4ss\u00e4 Element Logicin julkaisussa Nadarajah kertoo, miten intralogistiikka on matkalla dataohjattujen ratkaisujen avulla kohti sis\u00e4logistiikan tulevaisuutta ja kuinka yrityksesi pysyy muutosten mukana.<\/p>\n\n\n\n<h3 class=\"wp-block-heading\" id=\"h-lukemalla-taman-julkaisun-opit\"><strong>Lukemalla t\u00e4m\u00e4n julkaisun opit:<\/strong><\/h3>\n\n\n\n<ul class=\"wp-block-list\">\n<li>Milt\u00e4 datavetoinen tulevaisuus n\u00e4ytt\u00e4\u00e4 intralogistiikassa?<\/li>\n\n\n\n<li>Mist\u00e4 l\u00f6yd\u00e4t arvokasta piilotettua tietoa varastosi toiminnasta?<\/li>\n\n\n\n<li>Miten voit varmistaa, ett\u00e4 investoit oikeisiin ohjelmistoratkaisuihin?<\/li>\n\n\n\n<li>Kuinka hy\u00f6dynt\u00e4\u00e4 piilotettua tietoa ja, miten dataa kannattaa k\u00e4ytt\u00e4\u00e4?<\/li>\n\n\n\n<li>Esimerkkej\u00e4 siit\u00e4, miten voit k\u00e4ytt\u00e4\u00e4 tietopohjaisia \u200b\u200bratkaisuja varastotoimintojesi optimointiin?<\/li>\n\n\n\n<li>Mit\u00e4 Element Logicin ohjelmistoekosysteemi tarkoittaa?<\/li>\n<\/ul>\n\n\n\n<p>Julkaisu on ilmainen ja saatavilla englanniksi.<\/p>\n\n\n\n\t\t<div class=\"wp-block-dekode-dynamics-form\">\n\t\t\t<div class=\"embedded-form\">\n\t\t\t\t<div\n\t\t\t\t\tdata-form-id=\"05d5ad36-702a-f011-8c4e-6045bdf51dec\"\n\t\t\t\t\tdata-form-api-url=\"https:\/\/public-eur.mkt.dynamics.com\/api\/v1.0\/orgs\/0d653081-4a98-4454-9ade-26f2fbe674ee\/landingpageforms\"\n\t\t\t\t\tdata-cached-form-url=\"https:\/\/assets-eur.mkt.dynamics.com\/0d653081-4a98-4454-9ade-26f2fbe674ee\/digitalassets\/forms\/05d5ad36-702a-f011-8c4e-6045bdf51dec\"\n\t\t\t\t><\/div>\n\t\t\t<\/div>\n\t\t<\/div>","protected":false},"excerpt":{"rendered":"<p>Varastotoimintojesi piilossa olevat tiedot voivat tarjota k\u00e4ytt\u00f6kelpoisia n\u00e4kemyksi\u00e4 kapasiteetin suunnitteluun, ennakoivaan kunnossapitoon, kuljetusten suunnitteluun ja ty\u00f6ntekij\u00f6iden motivoimiseen. &#8221;Data on kuin [&hellip;]<\/p>\n","protected":false},"author":3,"featured_media":0,"parent":155,"menu_order":0,"comment_status":"closed","ping_status":"closed","template":"","meta":{"hreflang_relation":2173,"_el_cross_publish_source_blog_url":"","_el_cross_publish_source_blog_id":0,"_el_cross_publish_source_post_id":0,"_el_cross_publish_sync_state":"","exclude_from_search":false,"footnotes":""},"class_list":["post-148","page","type-page","status-publish","hentry"],"yoast_head":"<!-- This site is optimized with the Yoast SEO Premium plugin v23.9 (Yoast SEO v23.9) - https:\/\/yoast.com\/wordpress\/plugins\/seo\/ -->\n<title>Tiedon hy\u00f6dynt\u00e4minen \u2013 varastoautomaation seuraava taso<\/title>\n<meta name=\"description\" content=\"Kasvun ja kilpailukyvyn yll\u00e4pit\u00e4miseksi yrityksell\u00e4si on oltava valmius hy\u00f6dynt\u00e4\u00e4 varastosi piilotettua dataa.\" \/>\n<meta name=\"robots\" content=\"index, follow, max-snippet:-1, max-image-preview:large, max-video-preview:-1\" \/>\n<link rel=\"canonical\" href=\"https:\/\/www.elementlogic.net\/fi\/whitepapers\/tiedon-hyodyntaminen-varastoautomaation-seuraava-taso\/\" \/>\n<meta property=\"og:locale\" content=\"fi_FI\" \/>\n<meta property=\"og:type\" content=\"article\" \/>\n<meta property=\"og:title\" content=\"Data utilization: The next level of warehouse automation\" \/>\n<meta property=\"og:description\" content=\"Kasvun ja kilpailukyvyn yll\u00e4pit\u00e4miseksi yrityksell\u00e4si on oltava valmius hy\u00f6dynt\u00e4\u00e4 varastosi piilotettua dataa.\" \/>\n<meta property=\"og:url\" content=\"https:\/\/www.elementlogic.net\/fi\/whitepapers\/tiedon-hyodyntaminen-varastoautomaation-seuraava-taso\/\" \/>\n<meta property=\"og:site_name\" content=\"Element Logic Finland\" \/>\n<meta property=\"article:modified_time\" content=\"2025-11-27T12:38:54+00:00\" \/>\n<meta name=\"twitter:card\" content=\"summary_large_image\" \/>\n<script type=\"application\/ld+json\" class=\"yoast-schema-graph\">{\"@context\":\"https:\/\/schema.org\",\"@graph\":[{\"@type\":\"WebPage\",\"@id\":\"https:\/\/www.elementlogic.net\/fi\/whitepapers\/tiedon-hyodyntaminen-varastoautomaation-seuraava-taso\/\",\"url\":\"https:\/\/www.elementlogic.net\/fi\/whitepapers\/tiedon-hyodyntaminen-varastoautomaation-seuraava-taso\/\",\"name\":\"Tiedon hy\u00f6dynt\u00e4minen \u2013 varastoautomaation seuraava taso\",\"isPartOf\":{\"@id\":\"https:\/\/www.elementlogic.net\/fi\/#website\"},\"datePublished\":\"2024-09-09T19:46:16+00:00\",\"dateModified\":\"2025-11-27T12:38:54+00:00\",\"description\":\"Kasvun ja kilpailukyvyn yll\u00e4pit\u00e4miseksi yrityksell\u00e4si on oltava valmius hy\u00f6dynt\u00e4\u00e4 varastosi piilotettua dataa.\",\"breadcrumb\":{\"@id\":\"https:\/\/www.elementlogic.net\/fi\/whitepapers\/tiedon-hyodyntaminen-varastoautomaation-seuraava-taso\/#breadcrumb\"},\"inLanguage\":\"fi\",\"potentialAction\":[{\"@type\":\"ReadAction\",\"target\":[\"https:\/\/www.elementlogic.net\/fi\/whitepapers\/tiedon-hyodyntaminen-varastoautomaation-seuraava-taso\/\"]}]},{\"@type\":\"BreadcrumbList\",\"@id\":\"https:\/\/www.elementlogic.net\/fi\/whitepapers\/tiedon-hyodyntaminen-varastoautomaation-seuraava-taso\/#breadcrumb\",\"itemListElement\":[{\"@type\":\"ListItem\",\"position\":1,\"name\":\"Whitepapers\",\"item\":\"https:\/\/www.elementlogic.net\/fi\/whitepapers\/\"},{\"@type\":\"ListItem\",\"position\":2,\"name\":\"Data utilization: The next level of warehouse automation\"}]},{\"@type\":\"WebSite\",\"@id\":\"https:\/\/www.elementlogic.net\/fi\/#website\",\"url\":\"https:\/\/www.elementlogic.net\/fi\/\",\"name\":\"Element Logic Finland\",\"description\":\"\",\"potentialAction\":[{\"@type\":\"SearchAction\",\"target\":{\"@type\":\"EntryPoint\",\"urlTemplate\":\"https:\/\/www.elementlogic.net\/fi\/?s={search_term_string}\"},\"query-input\":{\"@type\":\"PropertyValueSpecification\",\"valueRequired\":true,\"valueName\":\"search_term_string\"}}],\"inLanguage\":\"fi\"}]}<\/script>\n<!-- \/ Yoast SEO Premium plugin. -->","yoast_head_json":{"title":"Tiedon hy\u00f6dynt\u00e4minen \u2013 varastoautomaation seuraava taso","description":"Kasvun ja kilpailukyvyn yll\u00e4pit\u00e4miseksi yrityksell\u00e4si on oltava valmius hy\u00f6dynt\u00e4\u00e4 varastosi piilotettua dataa.","robots":{"index":"index","follow":"follow","max-snippet":"max-snippet:-1","max-image-preview":"max-image-preview:large","max-video-preview":"max-video-preview:-1"},"canonical":"https:\/\/www.elementlogic.net\/fi\/whitepapers\/tiedon-hyodyntaminen-varastoautomaation-seuraava-taso\/","og_locale":"fi_FI","og_type":"article","og_title":"Data utilization: The next level of warehouse automation","og_description":"Kasvun ja kilpailukyvyn yll\u00e4pit\u00e4miseksi yrityksell\u00e4si on oltava valmius hy\u00f6dynt\u00e4\u00e4 varastosi piilotettua dataa.","og_url":"https:\/\/www.elementlogic.net\/fi\/whitepapers\/tiedon-hyodyntaminen-varastoautomaation-seuraava-taso\/","og_site_name":"Element Logic Finland","article_modified_time":"2025-11-27T12:38:54+00:00","twitter_card":"summary_large_image","schema":{"@context":"https:\/\/schema.org","@graph":[{"@type":"WebPage","@id":"https:\/\/www.elementlogic.net\/fi\/whitepapers\/tiedon-hyodyntaminen-varastoautomaation-seuraava-taso\/","url":"https:\/\/www.elementlogic.net\/fi\/whitepapers\/tiedon-hyodyntaminen-varastoautomaation-seuraava-taso\/","name":"Tiedon hy\u00f6dynt\u00e4minen \u2013 varastoautomaation seuraava taso","isPartOf":{"@id":"https:\/\/www.elementlogic.net\/fi\/#website"},"datePublished":"2024-09-09T19:46:16+00:00","dateModified":"2025-11-27T12:38:54+00:00","description":"Kasvun ja kilpailukyvyn yll\u00e4pit\u00e4miseksi yrityksell\u00e4si on oltava valmius hy\u00f6dynt\u00e4\u00e4 varastosi piilotettua dataa.","breadcrumb":{"@id":"https:\/\/www.elementlogic.net\/fi\/whitepapers\/tiedon-hyodyntaminen-varastoautomaation-seuraava-taso\/#breadcrumb"},"inLanguage":"fi","potentialAction":[{"@type":"ReadAction","target":["https:\/\/www.elementlogic.net\/fi\/whitepapers\/tiedon-hyodyntaminen-varastoautomaation-seuraava-taso\/"]}]},{"@type":"BreadcrumbList","@id":"https:\/\/www.elementlogic.net\/fi\/whitepapers\/tiedon-hyodyntaminen-varastoautomaation-seuraava-taso\/#breadcrumb","itemListElement":[{"@type":"ListItem","position":1,"name":"Whitepapers","item":"https:\/\/www.elementlogic.net\/fi\/whitepapers\/"},{"@type":"ListItem","position":2,"name":"Data utilization: The next level of warehouse automation"}]},{"@type":"WebSite","@id":"https:\/\/www.elementlogic.net\/fi\/#website","url":"https:\/\/www.elementlogic.net\/fi\/","name":"Element Logic Finland","description":"","potentialAction":[{"@type":"SearchAction","target":{"@type":"EntryPoint","urlTemplate":"https:\/\/www.elementlogic.net\/fi\/?s={search_term_string}"},"query-input":{"@type":"PropertyValueSpecification","valueRequired":true,"valueName":"search_term_string"}}],"inLanguage":"fi"}]}},"_links":{"self":[{"href":"https:\/\/www.elementlogic.net\/fi\/wp-json\/wp\/v2\/pages\/148"}],"collection":[{"href":"https:\/\/www.elementlogic.net\/fi\/wp-json\/wp\/v2\/pages"}],"about":[{"href":"https:\/\/www.elementlogic.net\/fi\/wp-json\/wp\/v2\/types\/page"}],"author":[{"embeddable":true,"href":"https:\/\/www.elementlogic.net\/fi\/wp-json\/wp\/v2\/users\/3"}],"replies":[{"embeddable":true,"href":"https:\/\/www.elementlogic.net\/fi\/wp-json\/wp\/v2\/comments?post=148"}],"version-history":[{"count":5,"href":"https:\/\/www.elementlogic.net\/fi\/wp-json\/wp\/v2\/pages\/148\/revisions"}],"predecessor-version":[{"id":2556,"href":"https:\/\/www.elementlogic.net\/fi\/wp-json\/wp\/v2\/pages\/148\/revisions\/2556"}],"up":[{"embeddable":true,"href":"https:\/\/www.elementlogic.net\/fi\/wp-json\/wp\/v2\/pages\/155"}],"wp:attachment":[{"href":"https:\/\/www.elementlogic.net\/fi\/wp-json\/wp\/v2\/media?parent=148"}],"curies":[{"name":"wp","href":"https:\/\/api.w.org\/{rel}","templated":true}]}}