{"id":150,"date":"2024-09-09T21:40:43","date_gmt":"2024-09-09T19:40:43","guid":{"rendered":"https:\/\/www.elementlogic.net\/?page_id=2164"},"modified":"2025-11-27T12:38:15","modified_gmt":"2025-11-27T12:38:15","slug":"vapauta-varastosi-koko-potentiaali-tekoalyn-avulla","status":"publish","type":"page","link":"https:\/\/www.elementlogic.net\/fi\/whitepapers\/vapauta-varastosi-koko-potentiaali-tekoalyn-avulla\/","title":{"rendered":"Unlock your warehouse\u2019s full potential with AI"},"content":{"rendered":"\n\t\t<div style=\"--dekode-hero-dim:0.5; --t2-icon-fill:var(--wp--preset--color--white);\" class=\"alignfull dekode-hero-content-position-center has-media-background wp-block-dekode-hero\">\n\t\t\t<img loading=\"lazy\" decoding=\"async\" width=\"600\" height=\"400\" src=\"https:\/\/www.elementlogic.net\/content\/uploads\/sites\/23\/\/2024\/09\/image-11.png\" class=\"dekode-hero__image\" alt=\"\" style=\"--focalpoint: 54% 27%;\" srcset=\"https:\/\/www.elementlogic.net\/content\/uploads\/sites\/23\/2024\/09\/image-11.png 600w, https:\/\/www.elementlogic.net\/content\/uploads\/sites\/23\/2024\/09\/image-11-300x200.png 300w\" sizes=\"(max-width: 600px) 100vw, 600px\" \/>\n\t\t\t<div class=\"dekode-hero__content\">\n\t\t\t\t<div class=\"dekode-hero__container\">\n\t\t\t\t\t\n\n<h1 class=\"wp-block-heading\" id=\"vapauta-varastosi-koko-potentiaali-tekoalyn-avulla\">Vapauta varastosi koko potentiaali teko\u00e4lyn avulla<\/h1>\n\n\n\n<p>Oheisessa whitepaper-julkaisussa jaamme n\u00e4kemyksi\u00e4 siit\u00e4, mit\u00e4 automatisoitujen ty\u00f6nkulkujen onnistuminen vaatii ja kuinka ihmiset ja robotit voivat ty\u00f6skennell\u00e4 yhdess\u00e4 tuottavuuden ja kasvun saavuttamiseksi.<\/p>\n\n\n\t\t\t\t<\/div>\n\t\t\t<\/div>\n\t\t<\/div>\n\t\t\n\n\n<p>Maailmantilanteen muutosten, taloudellisen taantuman ja toimitusketjun h\u00e4iri\u00f6it\u00e4 aiheuttavien luonnonkatastrofien vuoksi mukautuvien ja laajennettavien varastoratkaisujen kysynt\u00e4 ei ole koskaan ollut n\u00e4in suurta.<\/p>\n\n\n\n<p>Lataa whitepaper-julkaisumme saadaksesi selville, kuinka automaatio ja robottitekniikka voivat vapauttaa varastosi t\u00e4yden potentiaalin teko\u00e4lyn avulla ja samalla parantaa varaston tehokkuutta. Opit kuinka robottien ja ihmisten v\u00e4linen synergia luo poikkeuksellisia asiakaskokemuksia, edist\u00e4\u00e4 asiakasuskollisuutta ja synnytt\u00e4\u00e4 suotuisten palautteiden levi\u00e4mist\u00e4 suusta suuhun.<\/p>\n\n\n\n<p>Whitepaper sis\u00e4lt\u00e4\u00e4 my\u00f6s tosiel\u00e4m\u00e4n esimerkkej\u00e4 ja uusia ideoita alan asiantuntijoilta.<\/p>\n\n\n\n<h3 class=\"wp-block-heading\" id=\"h-kun-luet-julkaisumme-opit-muun-muassa\"><strong>Kun luet julkaisumme, opit muun muassa:<\/strong><\/h3>\n\n\n\n<ul class=\"wp-block-list\">\n<li>Miksi robotit eiv\u00e4t koskaan voi korvata ihmist\u00e4<\/li>\n\n\n\n<li>Miten varastoautomaatio v\u00e4hent\u00e4\u00e4 henkil\u00f6st\u00f6n vaihtuvuutta<\/li>\n\n\n\n<li>Miksi Bildeler.no:n Kjetil haluaa ty\u00f6skennell\u00e4 automatisoidussa varastossa<\/li>\n\n\n\n<li>Kuinka automatisoitu varasto todella toimii<\/li>\n\n\n\n<li>Ohjelmistosta, joka vapauttaa t\u00e4yden varastopotentiaalin<\/li>\n\n\n\n<li>Milt\u00e4 varastoautomaation tulevaisuus n\u00e4ytt\u00e4\u00e4<\/li>\n\n\n\n<li>Esimerkkej\u00e4 muilta toimialoilta, joilla robotteja on otettu k\u00e4ytt\u00f6\u00f6n onnistuneesti<\/li>\n<\/ul>\n\n\n\n<p>T\u00e4m\u00e4 whitepaper-julkaisu on ilmainen ja saatavilla englanninkielisen\u00e4.<\/p>\n\n\n\n\t\t<div class=\"wp-block-dekode-dynamics-form\">\n\t\t\t<div class=\"embedded-form\">\n\t\t\t\t<div\n\t\t\t\t\tdata-form-id=\"05d5ad36-702a-f011-8c4e-6045bdf51dec\"\n\t\t\t\t\tdata-form-api-url=\"https:\/\/public-eur.mkt.dynamics.com\/api\/v1.0\/orgs\/0d653081-4a98-4454-9ade-26f2fbe674ee\/landingpageforms\"\n\t\t\t\t\tdata-cached-form-url=\"https:\/\/assets-eur.mkt.dynamics.com\/0d653081-4a98-4454-9ade-26f2fbe674ee\/digitalassets\/forms\/05d5ad36-702a-f011-8c4e-6045bdf51dec\"\n\t\t\t\t><\/div>\n\t\t\t<\/div>\n\t\t<\/div>","protected":false},"excerpt":{"rendered":"<p>Maailmantilanteen muutosten, taloudellisen taantuman ja toimitusketjun h\u00e4iri\u00f6it\u00e4 aiheuttavien luonnonkatastrofien vuoksi mukautuvien ja laajennettavien varastoratkaisujen kysynt\u00e4 ei ole koskaan ollut n\u00e4in [&hellip;]<\/p>\n","protected":false},"author":3,"featured_media":0,"parent":155,"menu_order":0,"comment_status":"closed","ping_status":"closed","template":"","meta":{"hreflang_relation":2164,"_el_cross_publish_source_blog_url":"","_el_cross_publish_source_blog_id":0,"_el_cross_publish_source_post_id":0,"_el_cross_publish_sync_state":"","exclude_from_search":false,"footnotes":""},"class_list":["post-150","page","type-page","status-publish","hentry"],"yoast_head":"<!-- This site is optimized with the Yoast SEO Premium plugin v23.9 (Yoast SEO v23.9) - https:\/\/yoast.com\/wordpress\/plugins\/seo\/ -->\n<title>Vapauta varastosi koko potentiaali teko\u00e4lyn avulla<\/title>\n<meta name=\"description\" content=\"Jaamme n\u00e4kemyksi\u00e4 siit\u00e4, mit\u00e4 automatisoitujen ty\u00f6nkulkujen onnistuminen vaatii ja kuinka ihmiset ja robotit voivat ty\u00f6skennell\u00e4 yhdess\u00e4.\" \/>\n<meta name=\"robots\" content=\"index, follow, max-snippet:-1, max-image-preview:large, max-video-preview:-1\" \/>\n<link rel=\"canonical\" href=\"https:\/\/www.elementlogic.net\/fi\/whitepapers\/vapauta-varastosi-koko-potentiaali-tekoalyn-avulla\/\" \/>\n<meta property=\"og:locale\" content=\"fi_FI\" \/>\n<meta property=\"og:type\" content=\"article\" \/>\n<meta property=\"og:title\" content=\"Unlock your warehouse\u2019s full potential with AI\" \/>\n<meta property=\"og:description\" content=\"Jaamme n\u00e4kemyksi\u00e4 siit\u00e4, mit\u00e4 automatisoitujen ty\u00f6nkulkujen onnistuminen vaatii ja kuinka ihmiset ja robotit voivat ty\u00f6skennell\u00e4 yhdess\u00e4.\" \/>\n<meta property=\"og:url\" content=\"https:\/\/www.elementlogic.net\/fi\/whitepapers\/vapauta-varastosi-koko-potentiaali-tekoalyn-avulla\/\" \/>\n<meta property=\"og:site_name\" content=\"Element Logic Finland\" \/>\n<meta property=\"article:modified_time\" content=\"2025-11-27T12:38:15+00:00\" \/>\n<meta name=\"twitter:card\" content=\"summary_large_image\" \/>\n<meta name=\"twitter:label1\" content=\"Arvioitu lukuaika\" \/>\n\t<meta name=\"twitter:data1\" content=\"1 minuutti\" \/>\n<script type=\"application\/ld+json\" class=\"yoast-schema-graph\">{\"@context\":\"https:\/\/schema.org\",\"@graph\":[{\"@type\":\"WebPage\",\"@id\":\"https:\/\/www.elementlogic.net\/fi\/whitepapers\/vapauta-varastosi-koko-potentiaali-tekoalyn-avulla\/\",\"url\":\"https:\/\/www.elementlogic.net\/fi\/whitepapers\/vapauta-varastosi-koko-potentiaali-tekoalyn-avulla\/\",\"name\":\"Vapauta varastosi koko potentiaali teko\u00e4lyn avulla\",\"isPartOf\":{\"@id\":\"https:\/\/www.elementlogic.net\/fi\/#website\"},\"datePublished\":\"2024-09-09T19:40:43+00:00\",\"dateModified\":\"2025-11-27T12:38:15+00:00\",\"description\":\"Jaamme n\u00e4kemyksi\u00e4 siit\u00e4, mit\u00e4 automatisoitujen ty\u00f6nkulkujen onnistuminen vaatii ja kuinka ihmiset ja robotit voivat ty\u00f6skennell\u00e4 yhdess\u00e4.\",\"breadcrumb\":{\"@id\":\"https:\/\/www.elementlogic.net\/fi\/whitepapers\/vapauta-varastosi-koko-potentiaali-tekoalyn-avulla\/#breadcrumb\"},\"inLanguage\":\"fi\",\"potentialAction\":[{\"@type\":\"ReadAction\",\"target\":[\"https:\/\/www.elementlogic.net\/fi\/whitepapers\/vapauta-varastosi-koko-potentiaali-tekoalyn-avulla\/\"]}]},{\"@type\":\"BreadcrumbList\",\"@id\":\"https:\/\/www.elementlogic.net\/fi\/whitepapers\/vapauta-varastosi-koko-potentiaali-tekoalyn-avulla\/#breadcrumb\",\"itemListElement\":[{\"@type\":\"ListItem\",\"position\":1,\"name\":\"Whitepapers\",\"item\":\"https:\/\/www.elementlogic.net\/fi\/whitepapers\/\"},{\"@type\":\"ListItem\",\"position\":2,\"name\":\"Unlock your warehouse\u2019s full potential with AI\"}]},{\"@type\":\"WebSite\",\"@id\":\"https:\/\/www.elementlogic.net\/fi\/#website\",\"url\":\"https:\/\/www.elementlogic.net\/fi\/\",\"name\":\"Element Logic Finland\",\"description\":\"\",\"potentialAction\":[{\"@type\":\"SearchAction\",\"target\":{\"@type\":\"EntryPoint\",\"urlTemplate\":\"https:\/\/www.elementlogic.net\/fi\/?s={search_term_string}\"},\"query-input\":{\"@type\":\"PropertyValueSpecification\",\"valueRequired\":true,\"valueName\":\"search_term_string\"}}],\"inLanguage\":\"fi\"}]}<\/script>\n<!-- \/ Yoast SEO Premium plugin. -->","yoast_head_json":{"title":"Vapauta varastosi koko potentiaali teko\u00e4lyn avulla","description":"Jaamme n\u00e4kemyksi\u00e4 siit\u00e4, mit\u00e4 automatisoitujen ty\u00f6nkulkujen onnistuminen vaatii ja kuinka ihmiset ja robotit voivat ty\u00f6skennell\u00e4 yhdess\u00e4.","robots":{"index":"index","follow":"follow","max-snippet":"max-snippet:-1","max-image-preview":"max-image-preview:large","max-video-preview":"max-video-preview:-1"},"canonical":"https:\/\/www.elementlogic.net\/fi\/whitepapers\/vapauta-varastosi-koko-potentiaali-tekoalyn-avulla\/","og_locale":"fi_FI","og_type":"article","og_title":"Unlock your warehouse\u2019s full potential with AI","og_description":"Jaamme n\u00e4kemyksi\u00e4 siit\u00e4, mit\u00e4 automatisoitujen ty\u00f6nkulkujen onnistuminen vaatii ja kuinka ihmiset ja robotit voivat ty\u00f6skennell\u00e4 yhdess\u00e4.","og_url":"https:\/\/www.elementlogic.net\/fi\/whitepapers\/vapauta-varastosi-koko-potentiaali-tekoalyn-avulla\/","og_site_name":"Element Logic Finland","article_modified_time":"2025-11-27T12:38:15+00:00","twitter_card":"summary_large_image","twitter_misc":{"Arvioitu lukuaika":"1 minuutti"},"schema":{"@context":"https:\/\/schema.org","@graph":[{"@type":"WebPage","@id":"https:\/\/www.elementlogic.net\/fi\/whitepapers\/vapauta-varastosi-koko-potentiaali-tekoalyn-avulla\/","url":"https:\/\/www.elementlogic.net\/fi\/whitepapers\/vapauta-varastosi-koko-potentiaali-tekoalyn-avulla\/","name":"Vapauta varastosi koko potentiaali teko\u00e4lyn avulla","isPartOf":{"@id":"https:\/\/www.elementlogic.net\/fi\/#website"},"datePublished":"2024-09-09T19:40:43+00:00","dateModified":"2025-11-27T12:38:15+00:00","description":"Jaamme n\u00e4kemyksi\u00e4 siit\u00e4, mit\u00e4 automatisoitujen ty\u00f6nkulkujen onnistuminen vaatii ja kuinka ihmiset ja robotit voivat ty\u00f6skennell\u00e4 yhdess\u00e4.","breadcrumb":{"@id":"https:\/\/www.elementlogic.net\/fi\/whitepapers\/vapauta-varastosi-koko-potentiaali-tekoalyn-avulla\/#breadcrumb"},"inLanguage":"fi","potentialAction":[{"@type":"ReadAction","target":["https:\/\/www.elementlogic.net\/fi\/whitepapers\/vapauta-varastosi-koko-potentiaali-tekoalyn-avulla\/"]}]},{"@type":"BreadcrumbList","@id":"https:\/\/www.elementlogic.net\/fi\/whitepapers\/vapauta-varastosi-koko-potentiaali-tekoalyn-avulla\/#breadcrumb","itemListElement":[{"@type":"ListItem","position":1,"name":"Whitepapers","item":"https:\/\/www.elementlogic.net\/fi\/whitepapers\/"},{"@type":"ListItem","position":2,"name":"Unlock your warehouse\u2019s full potential with AI"}]},{"@type":"WebSite","@id":"https:\/\/www.elementlogic.net\/fi\/#website","url":"https:\/\/www.elementlogic.net\/fi\/","name":"Element Logic Finland","description":"","potentialAction":[{"@type":"SearchAction","target":{"@type":"EntryPoint","urlTemplate":"https:\/\/www.elementlogic.net\/fi\/?s={search_term_string}"},"query-input":{"@type":"PropertyValueSpecification","valueRequired":true,"valueName":"search_term_string"}}],"inLanguage":"fi"}]}},"_links":{"self":[{"href":"https:\/\/www.elementlogic.net\/fi\/wp-json\/wp\/v2\/pages\/150"}],"collection":[{"href":"https:\/\/www.elementlogic.net\/fi\/wp-json\/wp\/v2\/pages"}],"about":[{"href":"https:\/\/www.elementlogic.net\/fi\/wp-json\/wp\/v2\/types\/page"}],"author":[{"embeddable":true,"href":"https:\/\/www.elementlogic.net\/fi\/wp-json\/wp\/v2\/users\/3"}],"replies":[{"embeddable":true,"href":"https:\/\/www.elementlogic.net\/fi\/wp-json\/wp\/v2\/comments?post=150"}],"version-history":[{"count":5,"href":"https:\/\/www.elementlogic.net\/fi\/wp-json\/wp\/v2\/pages\/150\/revisions"}],"predecessor-version":[{"id":2555,"href":"https:\/\/www.elementlogic.net\/fi\/wp-json\/wp\/v2\/pages\/150\/revisions\/2555"}],"up":[{"embeddable":true,"href":"https:\/\/www.elementlogic.net\/fi\/wp-json\/wp\/v2\/pages\/155"}],"wp:attachment":[{"href":"https:\/\/www.elementlogic.net\/fi\/wp-json\/wp\/v2\/media?parent=150"}],"curies":[{"name":"wp","href":"https:\/\/api.w.org\/{rel}","templated":true}]}}