{"id":180,"date":"2024-09-03T15:26:40","date_gmt":"2024-09-03T13:26:40","guid":{"rendered":"https:\/\/www.elementlogic.net\/?page_id=1865"},"modified":"2024-12-20T19:53:32","modified_gmt":"2024-12-20T19:53:32","slug":"bins","status":"publish","type":"page","link":"https:\/\/www.elementlogic.net\/fi\/palvelut-ja-ratkaisut\/asrs\/autostore\/bins\/","title":{"rendered":"Laatikot\u00a0"},"content":{"rendered":"<p class=\"t2-ingress wp-block-t2-ingress\">AutoStore-laatikot, kooltaan 400 mm x 600 mm, ovat saatavilla kolmessa korkeudessa (220 mm, 330 mm, 425 mm), jotta ne vastaavat erilaisia varastointitarpeita.<\/p>\n\n\n\t\t<div class=\"alignwide is-mode-constrained is-gap-center wp-block-t2-simple-media-text   \">\n\t\t\t<div class=\"t2-simple-media-text__container\">\n\t\t\t\t<div class=\"t2-simple-media-text__image\"><img loading=\"lazy\" decoding=\"async\" width=\"768\" height=\"512\" src=\"https:\/\/www.elementlogic.net\/content\/uploads\/sites\/23\/\/2024\/09\/AS-Bins-330mm-top-768x512.jpg\" class=\"\" alt=\"\" style=\"--focalpoint: 50% 50%;\" srcset=\"https:\/\/www.elementlogic.net\/content\/uploads\/sites\/23\/2024\/09\/AS-Bins-330mm-top-768x512.jpg 768w, https:\/\/www.elementlogic.net\/content\/uploads\/sites\/23\/2024\/09\/AS-Bins-330mm-top-300x200.jpg 300w, https:\/\/www.elementlogic.net\/content\/uploads\/sites\/23\/2024\/09\/AS-Bins-330mm-top-1024x683.jpg 1024w, https:\/\/www.elementlogic.net\/content\/uploads\/sites\/23\/2024\/09\/AS-Bins-330mm-top-1536x1025.jpg 1536w, https:\/\/www.elementlogic.net\/content\/uploads\/sites\/23\/2024\/09\/AS-Bins-330mm-top.jpg 1920w\" sizes=\"(max-width: 768px) 100vw, 768px\" \/><\/div>\n\t\t\t\t<div class=\"t2-simple-media-text__content-container\">\n\t\t\t\t\t<div class=\"t2-simple-media-text__content\">\n\t\t\t\t\t\t<div class=\"t2-simple-media-text__content-inner\">\n\t\t\t\t\t\t\t\n\n<p>Korkein laatikko on yhteensopiva B1- ja R5+-robottien kanssa. Jokainen laatikko voidaan jakaa jopa 32 siirrett\u00e4v\u00e4ll\u00e4 v\u00e4lijakajalla, jolloin ne voivat sis\u00e4lt\u00e4\u00e4 useita tuoteluokkia.<\/p>\n\n\n\n<p>Laatikot ovat eritt\u00e4in kest\u00e4vi\u00e4 ainutlaatuisen rakenteensa ja robottien hell\u00e4varaisen k\u00e4sittelyn ansiosta. Ne voivat s\u00e4ilytt\u00e4\u00e4 jopa 30 kg painoisia kuormia. Ratkaisussasi voit pinota 14, 16 tai 24 laatikkoa p\u00e4\u00e4llekk\u00e4in.<\/p>\n\n\n\n<p>Jokaisessa laatikossa on j\u00e4ykk\u00e4 rakenne, ohjausmahdollisuudet ja yksil\u00f6llinen tunniste tarkkaa varastoseurantaa varten. N\u00e4m\u00e4 ominaisuudet takaavat pitk\u00e4n k\u00e4ytt\u00f6i\u00e4n ja t\u00e4ydellisen hallinnan varastoinnista. T\u00e4m\u00e4 n\u00e4kyy esimerkiksi siin\u00e4, ett\u00e4 <a href=\"https:\/\/www.elementlogic.net\/cases\/the-worlds-first-autostore-warehouse-still-going-strong\/\">ensimm\u00e4isess\u00e4 AutoStore-varastossa<\/a>, jonka Element Logic asensi vuonna 2005, k\u00e4ytetyt laatikot ovat edelleen k\u00e4yt\u00f6ss\u00e4.<\/p>\n\n\n\t\t\t\t\t\t<\/div>\n\t\t\t\t\t<\/div>\n\t\t\t\t<\/div>\n\t\t\t<\/div>\n\t\t<\/div>\n\t\t\n\n\n<p><\/p>\n","protected":false},"excerpt":{"rendered":"","protected":false},"author":3,"featured_media":0,"parent":212,"menu_order":0,"comment_status":"closed","ping_status":"closed","template":"","meta":{"hreflang_relation":1865,"_el_cross_publish_source_blog_url":"","_el_cross_publish_source_blog_id":0,"_el_cross_publish_source_post_id":0,"_el_cross_publish_sync_state":"","exclude_from_search":false,"footnotes":""},"class_list":["post-180","page","type-page","status-publish","hentry"],"yoast_head":"<!-- This site is optimized with the Yoast SEO Premium plugin v23.9 (Yoast SEO v23.9) - https:\/\/yoast.com\/wordpress\/plugins\/seo\/ -->\n<title>Laatikot\u00a0 - Element Logic Finland<\/title>\n<meta name=\"robots\" content=\"index, follow, max-snippet:-1, max-image-preview:large, max-video-preview:-1\" \/>\n<link rel=\"canonical\" href=\"https:\/\/www.elementlogic.net\/fi\/palvelut-ja-ratkaisut\/asrs\/autostore\/bins\/\" \/>\n<meta property=\"og:locale\" content=\"fi_FI\" \/>\n<meta property=\"og:type\" content=\"article\" \/>\n<meta property=\"og:title\" content=\"Laatikot\u00a0\" \/>\n<meta property=\"og:url\" content=\"https:\/\/www.elementlogic.net\/fi\/palvelut-ja-ratkaisut\/asrs\/autostore\/bins\/\" \/>\n<meta property=\"og:site_name\" content=\"Element Logic Finland\" \/>\n<meta property=\"article:modified_time\" content=\"2024-12-20T19:53:32+00:00\" \/>\n<meta name=\"twitter:card\" content=\"summary_large_image\" \/>\n<meta name=\"twitter:label1\" content=\"Arvioitu lukuaika\" \/>\n\t<meta name=\"twitter:data1\" content=\"1 minuutti\" \/>\n<script type=\"application\/ld+json\" class=\"yoast-schema-graph\">{\"@context\":\"https:\/\/schema.org\",\"@graph\":[{\"@type\":\"WebPage\",\"@id\":\"https:\/\/www.elementlogic.net\/fi\/palvelut-ja-ratkaisut\/asrs\/autostore\/bins\/\",\"url\":\"https:\/\/www.elementlogic.net\/fi\/palvelut-ja-ratkaisut\/asrs\/autostore\/bins\/\",\"name\":\"Laatikot\u00a0 - Element Logic Finland\",\"isPartOf\":{\"@id\":\"https:\/\/www.elementlogic.net\/fi\/#website\"},\"datePublished\":\"2024-09-03T13:26:40+00:00\",\"dateModified\":\"2024-12-20T19:53:32+00:00\",\"breadcrumb\":{\"@id\":\"https:\/\/www.elementlogic.net\/fi\/palvelut-ja-ratkaisut\/asrs\/autostore\/bins\/#breadcrumb\"},\"inLanguage\":\"fi\",\"potentialAction\":[{\"@type\":\"ReadAction\",\"target\":[\"https:\/\/www.elementlogic.net\/fi\/palvelut-ja-ratkaisut\/asrs\/autostore\/bins\/\"]}]},{\"@type\":\"BreadcrumbList\",\"@id\":\"https:\/\/www.elementlogic.net\/fi\/palvelut-ja-ratkaisut\/asrs\/autostore\/bins\/#breadcrumb\",\"itemListElement\":[{\"@type\":\"ListItem\",\"position\":1,\"name\":\"Palvelut ja ratkaisut\",\"item\":\"https:\/\/www.elementlogic.net\/fi\/palvelut-ja-ratkaisut\/\"},{\"@type\":\"ListItem\",\"position\":2,\"name\":\"ASRS\",\"item\":\"https:\/\/www.elementlogic.net\/fi\/palvelut-ja-ratkaisut\/asrs\/\"},{\"@type\":\"ListItem\",\"position\":3,\"name\":\"AutoStore\",\"item\":\"https:\/\/www.elementlogic.net\/fi\/palvelut-ja-ratkaisut\/asrs\/autostore\/\"},{\"@type\":\"ListItem\",\"position\":4,\"name\":\"Laatikot\u00a0\"}]},{\"@type\":\"WebSite\",\"@id\":\"https:\/\/www.elementlogic.net\/fi\/#website\",\"url\":\"https:\/\/www.elementlogic.net\/fi\/\",\"name\":\"Element Logic Finland\",\"description\":\"\",\"potentialAction\":[{\"@type\":\"SearchAction\",\"target\":{\"@type\":\"EntryPoint\",\"urlTemplate\":\"https:\/\/www.elementlogic.net\/fi\/?s={search_term_string}\"},\"query-input\":{\"@type\":\"PropertyValueSpecification\",\"valueRequired\":true,\"valueName\":\"search_term_string\"}}],\"inLanguage\":\"fi\"}]}<\/script>\n<!-- \/ Yoast SEO Premium plugin. -->","yoast_head_json":{"title":"Laatikot\u00a0 - Element Logic Finland","robots":{"index":"index","follow":"follow","max-snippet":"max-snippet:-1","max-image-preview":"max-image-preview:large","max-video-preview":"max-video-preview:-1"},"canonical":"https:\/\/www.elementlogic.net\/fi\/palvelut-ja-ratkaisut\/asrs\/autostore\/bins\/","og_locale":"fi_FI","og_type":"article","og_title":"Laatikot\u00a0","og_url":"https:\/\/www.elementlogic.net\/fi\/palvelut-ja-ratkaisut\/asrs\/autostore\/bins\/","og_site_name":"Element Logic Finland","article_modified_time":"2024-12-20T19:53:32+00:00","twitter_card":"summary_large_image","twitter_misc":{"Arvioitu lukuaika":"1 minuutti"},"schema":{"@context":"https:\/\/schema.org","@graph":[{"@type":"WebPage","@id":"https:\/\/www.elementlogic.net\/fi\/palvelut-ja-ratkaisut\/asrs\/autostore\/bins\/","url":"https:\/\/www.elementlogic.net\/fi\/palvelut-ja-ratkaisut\/asrs\/autostore\/bins\/","name":"Laatikot\u00a0 - Element Logic Finland","isPartOf":{"@id":"https:\/\/www.elementlogic.net\/fi\/#website"},"datePublished":"2024-09-03T13:26:40+00:00","dateModified":"2024-12-20T19:53:32+00:00","breadcrumb":{"@id":"https:\/\/www.elementlogic.net\/fi\/palvelut-ja-ratkaisut\/asrs\/autostore\/bins\/#breadcrumb"},"inLanguage":"fi","potentialAction":[{"@type":"ReadAction","target":["https:\/\/www.elementlogic.net\/fi\/palvelut-ja-ratkaisut\/asrs\/autostore\/bins\/"]}]},{"@type":"BreadcrumbList","@id":"https:\/\/www.elementlogic.net\/fi\/palvelut-ja-ratkaisut\/asrs\/autostore\/bins\/#breadcrumb","itemListElement":[{"@type":"ListItem","position":1,"name":"Palvelut ja ratkaisut","item":"https:\/\/www.elementlogic.net\/fi\/palvelut-ja-ratkaisut\/"},{"@type":"ListItem","position":2,"name":"ASRS","item":"https:\/\/www.elementlogic.net\/fi\/palvelut-ja-ratkaisut\/asrs\/"},{"@type":"ListItem","position":3,"name":"AutoStore","item":"https:\/\/www.elementlogic.net\/fi\/palvelut-ja-ratkaisut\/asrs\/autostore\/"},{"@type":"ListItem","position":4,"name":"Laatikot\u00a0"}]},{"@type":"WebSite","@id":"https:\/\/www.elementlogic.net\/fi\/#website","url":"https:\/\/www.elementlogic.net\/fi\/","name":"Element Logic Finland","description":"","potentialAction":[{"@type":"SearchAction","target":{"@type":"EntryPoint","urlTemplate":"https:\/\/www.elementlogic.net\/fi\/?s={search_term_string}"},"query-input":{"@type":"PropertyValueSpecification","valueRequired":true,"valueName":"search_term_string"}}],"inLanguage":"fi"}]}},"_links":{"self":[{"href":"https:\/\/www.elementlogic.net\/fi\/wp-json\/wp\/v2\/pages\/180"}],"collection":[{"href":"https:\/\/www.elementlogic.net\/fi\/wp-json\/wp\/v2\/pages"}],"about":[{"href":"https:\/\/www.elementlogic.net\/fi\/wp-json\/wp\/v2\/types\/page"}],"author":[{"embeddable":true,"href":"https:\/\/www.elementlogic.net\/fi\/wp-json\/wp\/v2\/users\/3"}],"replies":[{"embeddable":true,"href":"https:\/\/www.elementlogic.net\/fi\/wp-json\/wp\/v2\/comments?post=180"}],"version-history":[{"count":4,"href":"https:\/\/www.elementlogic.net\/fi\/wp-json\/wp\/v2\/pages\/180\/revisions"}],"predecessor-version":[{"id":1993,"href":"https:\/\/www.elementlogic.net\/fi\/wp-json\/wp\/v2\/pages\/180\/revisions\/1993"}],"up":[{"embeddable":true,"href":"https:\/\/www.elementlogic.net\/fi\/wp-json\/wp\/v2\/pages\/212"}],"wp:attachment":[{"href":"https:\/\/www.elementlogic.net\/fi\/wp-json\/wp\/v2\/media?parent=180"}],"curies":[{"name":"wp","href":"https:\/\/api.w.org\/{rel}","templated":true}]}}