{"id":182,"date":"2024-09-03T15:23:35","date_gmt":"2024-09-03T13:23:35","guid":{"rendered":"https:\/\/www.elementlogic.net\/?page_id=1863"},"modified":"2024-12-20T20:02:58","modified_gmt":"2024-12-20T20:02:58","slug":"ohjelmistot","status":"publish","type":"page","link":"https:\/\/www.elementlogic.net\/fi\/palvelut-ja-ratkaisut\/asrs\/autostore\/ohjelmistot\/","title":{"rendered":"Ohjelmistot"},"content":{"rendered":"<p class=\"t2-ingress wp-block-t2-ingress\">eManager, Element Logicin oma ohjelmisto AutoStorea varten, maksimoi varaston tehokkuuden yhdistym\u00e4ll\u00e4 dynaamisesti ERP- tai WMS-j\u00e4rjestelmiin, optimoimalla ty\u00f6kuormaa, hallinnoimalla varastoa ja luomalla teht\u00e4vi\u00e4 sujuvan tilausten t\u00e4ytt\u00e4misen mahdollistamiseksi.<\/p>\n\n\n\t\t<div class=\"alignwide is-mode-constrained is-gap-center wp-block-t2-simple-media-text   \">\n\t\t\t<div class=\"t2-simple-media-text__container\">\n\t\t\t\t<div class=\"t2-simple-media-text__image\"><img loading=\"lazy\" decoding=\"async\" width=\"768\" height=\"512\" src=\"https:\/\/www.elementlogic.net\/content\/uploads\/sites\/23\/\/2024\/09\/EL_eLogiq_-2-1024x683-1-768x512.jpg\" class=\"\" alt=\"Nainen ty\u00f6skentelee n\u00e4ytt\u00f6p\u00e4\u00e4tteell\u00e4\" style=\"--focalpoint: 76% 57%;\" srcset=\"https:\/\/www.elementlogic.net\/content\/uploads\/sites\/23\/2024\/09\/EL_eLogiq_-2-1024x683-1-768x512.jpg 768w, https:\/\/www.elementlogic.net\/content\/uploads\/sites\/23\/2024\/09\/EL_eLogiq_-2-1024x683-1-300x200.jpg 300w, https:\/\/www.elementlogic.net\/content\/uploads\/sites\/23\/2024\/09\/EL_eLogiq_-2-1024x683-1.jpg 1024w\" sizes=\"(max-width: 768px) 100vw, 768px\" \/><\/div>\n\t\t\t\t<div class=\"t2-simple-media-text__content-container\">\n\t\t\t\t\t<div class=\"t2-simple-media-text__content\">\n\t\t\t\t\t\t<div class=\"t2-simple-media-text__content-inner\">\n\t\t\t\t\t\t\t\n\n<p>It offers tried-and-tested modules for common industry activities <\/p>\n\n\n\n<p>Se tarjoaa testatut ja luotettavat moduulit yleisiin teollisuuden toimintoihin ja voidaan t\u00e4ysin integroida olemassa oleviin j\u00e4rjestelmiin. <a href=\"https:\/\/www.elementlogic.fi\/palvelut-ja-ratkaisut\/ohjelmisto\/ohjelmisto\/\">eManager<\/a> tarjoaa kattavaa tietoa toiminnan optimointiin ja kasvuun valmistautumiseen, tukien helppok\u00e4ytt\u00f6isill\u00e4 k\u00e4ytt\u00f6liittymill\u00e4 ja AutoStore-tuen avulla.<\/p>\n\n\n\n<p>Lue lis\u00e4\u00e4 <a href=\"https:\/\/www.elementlogic.fi\/palvelut-ja-ratkaisut\/ohjelmisto\/\">ohjelmistoratkaisuistamme<\/a>.<\/p>\n\n\n\t\t\t\t\t\t<\/div>\n\t\t\t\t\t<\/div>\n\t\t\t\t<\/div>\n\t\t\t<\/div>\n\t\t<\/div>\n\t\t\n\n\n<p><\/p>\n","protected":false},"excerpt":{"rendered":"","protected":false},"author":3,"featured_media":1508,"parent":212,"menu_order":0,"comment_status":"closed","ping_status":"closed","template":"","meta":{"hreflang_relation":1863,"_el_cross_publish_source_blog_url":"","_el_cross_publish_source_blog_id":0,"_el_cross_publish_source_post_id":0,"_el_cross_publish_sync_state":"","exclude_from_search":false,"footnotes":""},"class_list":["post-182","page","type-page","status-publish","has-post-thumbnail","hentry"],"yoast_head":"<!-- This site is optimized with the Yoast SEO Premium plugin v23.9 (Yoast SEO v23.9) - https:\/\/yoast.com\/wordpress\/plugins\/seo\/ -->\n<title>Ohjelmistot - Element Logic Finland<\/title>\n<meta name=\"robots\" content=\"index, follow, max-snippet:-1, max-image-preview:large, max-video-preview:-1\" \/>\n<link rel=\"canonical\" href=\"https:\/\/www.elementlogic.net\/fi\/palvelut-ja-ratkaisut\/asrs\/autostore\/ohjelmistot\/\" \/>\n<meta property=\"og:locale\" content=\"fi_FI\" \/>\n<meta property=\"og:type\" content=\"article\" \/>\n<meta property=\"og:title\" content=\"Ohjelmistot\" \/>\n<meta property=\"og:url\" content=\"https:\/\/www.elementlogic.net\/fi\/palvelut-ja-ratkaisut\/asrs\/autostore\/ohjelmistot\/\" \/>\n<meta property=\"og:site_name\" content=\"Element Logic Finland\" \/>\n<meta property=\"article:modified_time\" content=\"2024-12-20T20:02:58+00:00\" \/>\n<meta property=\"og:image\" content=\"https:\/\/www.elementlogic.net\/content\/uploads\/sites\/23\/2024\/10\/EL_eLogiq_-2-1024x683-1-e1729081302248.jpg\" \/>\n\t<meta property=\"og:image:width\" content=\"824\" \/>\n\t<meta property=\"og:image:height\" content=\"682\" \/>\n\t<meta property=\"og:image:type\" content=\"image\/jpeg\" \/>\n<meta name=\"twitter:card\" content=\"summary_large_image\" \/>\n<meta name=\"twitter:label1\" content=\"Arvioitu lukuaika\" \/>\n\t<meta name=\"twitter:data1\" content=\"1 minuutti\" \/>\n<script type=\"application\/ld+json\" class=\"yoast-schema-graph\">{\"@context\":\"https:\/\/schema.org\",\"@graph\":[{\"@type\":\"WebPage\",\"@id\":\"https:\/\/www.elementlogic.net\/fi\/palvelut-ja-ratkaisut\/asrs\/autostore\/ohjelmistot\/\",\"url\":\"https:\/\/www.elementlogic.net\/fi\/palvelut-ja-ratkaisut\/asrs\/autostore\/ohjelmistot\/\",\"name\":\"Ohjelmistot - Element Logic Finland\",\"isPartOf\":{\"@id\":\"https:\/\/www.elementlogic.net\/fi\/#website\"},\"primaryImageOfPage\":{\"@id\":\"https:\/\/www.elementlogic.net\/fi\/palvelut-ja-ratkaisut\/asrs\/autostore\/ohjelmistot\/#primaryimage\"},\"image\":{\"@id\":\"https:\/\/www.elementlogic.net\/fi\/palvelut-ja-ratkaisut\/asrs\/autostore\/ohjelmistot\/#primaryimage\"},\"thumbnailUrl\":\"https:\/\/www.elementlogic.net\/content\/uploads\/sites\/23\/2024\/10\/EL_eLogiq_-2-1024x683-1-e1729081302248.jpg\",\"datePublished\":\"2024-09-03T13:23:35+00:00\",\"dateModified\":\"2024-12-20T20:02:58+00:00\",\"breadcrumb\":{\"@id\":\"https:\/\/www.elementlogic.net\/fi\/palvelut-ja-ratkaisut\/asrs\/autostore\/ohjelmistot\/#breadcrumb\"},\"inLanguage\":\"fi\",\"potentialAction\":[{\"@type\":\"ReadAction\",\"target\":[\"https:\/\/www.elementlogic.net\/fi\/palvelut-ja-ratkaisut\/asrs\/autostore\/ohjelmistot\/\"]}]},{\"@type\":\"ImageObject\",\"inLanguage\":\"fi\",\"@id\":\"https:\/\/www.elementlogic.net\/fi\/palvelut-ja-ratkaisut\/asrs\/autostore\/ohjelmistot\/#primaryimage\",\"url\":\"https:\/\/www.elementlogic.net\/content\/uploads\/sites\/23\/2024\/10\/EL_eLogiq_-2-1024x683-1-e1729081302248.jpg\",\"contentUrl\":\"https:\/\/www.elementlogic.net\/content\/uploads\/sites\/23\/2024\/10\/EL_eLogiq_-2-1024x683-1-e1729081302248.jpg\",\"width\":824,\"height\":682},{\"@type\":\"BreadcrumbList\",\"@id\":\"https:\/\/www.elementlogic.net\/fi\/palvelut-ja-ratkaisut\/asrs\/autostore\/ohjelmistot\/#breadcrumb\",\"itemListElement\":[{\"@type\":\"ListItem\",\"position\":1,\"name\":\"Palvelut ja ratkaisut\",\"item\":\"https:\/\/www.elementlogic.net\/fi\/palvelut-ja-ratkaisut\/\"},{\"@type\":\"ListItem\",\"position\":2,\"name\":\"ASRS\",\"item\":\"https:\/\/www.elementlogic.net\/fi\/palvelut-ja-ratkaisut\/asrs\/\"},{\"@type\":\"ListItem\",\"position\":3,\"name\":\"AutoStore\",\"item\":\"https:\/\/www.elementlogic.net\/fi\/palvelut-ja-ratkaisut\/asrs\/autostore\/\"},{\"@type\":\"ListItem\",\"position\":4,\"name\":\"Ohjelmistot\"}]},{\"@type\":\"WebSite\",\"@id\":\"https:\/\/www.elementlogic.net\/fi\/#website\",\"url\":\"https:\/\/www.elementlogic.net\/fi\/\",\"name\":\"Element Logic Finland\",\"description\":\"\",\"potentialAction\":[{\"@type\":\"SearchAction\",\"target\":{\"@type\":\"EntryPoint\",\"urlTemplate\":\"https:\/\/www.elementlogic.net\/fi\/?s={search_term_string}\"},\"query-input\":{\"@type\":\"PropertyValueSpecification\",\"valueRequired\":true,\"valueName\":\"search_term_string\"}}],\"inLanguage\":\"fi\"}]}<\/script>\n<!-- \/ Yoast SEO Premium plugin. -->","yoast_head_json":{"title":"Ohjelmistot - Element Logic Finland","robots":{"index":"index","follow":"follow","max-snippet":"max-snippet:-1","max-image-preview":"max-image-preview:large","max-video-preview":"max-video-preview:-1"},"canonical":"https:\/\/www.elementlogic.net\/fi\/palvelut-ja-ratkaisut\/asrs\/autostore\/ohjelmistot\/","og_locale":"fi_FI","og_type":"article","og_title":"Ohjelmistot","og_url":"https:\/\/www.elementlogic.net\/fi\/palvelut-ja-ratkaisut\/asrs\/autostore\/ohjelmistot\/","og_site_name":"Element Logic Finland","article_modified_time":"2024-12-20T20:02:58+00:00","og_image":[{"width":824,"height":682,"url":"https:\/\/www.elementlogic.net\/content\/uploads\/sites\/23\/2024\/10\/EL_eLogiq_-2-1024x683-1-e1729081302248.jpg","type":"image\/jpeg"}],"twitter_card":"summary_large_image","twitter_misc":{"Arvioitu lukuaika":"1 minuutti"},"schema":{"@context":"https:\/\/schema.org","@graph":[{"@type":"WebPage","@id":"https:\/\/www.elementlogic.net\/fi\/palvelut-ja-ratkaisut\/asrs\/autostore\/ohjelmistot\/","url":"https:\/\/www.elementlogic.net\/fi\/palvelut-ja-ratkaisut\/asrs\/autostore\/ohjelmistot\/","name":"Ohjelmistot - Element Logic Finland","isPartOf":{"@id":"https:\/\/www.elementlogic.net\/fi\/#website"},"primaryImageOfPage":{"@id":"https:\/\/www.elementlogic.net\/fi\/palvelut-ja-ratkaisut\/asrs\/autostore\/ohjelmistot\/#primaryimage"},"image":{"@id":"https:\/\/www.elementlogic.net\/fi\/palvelut-ja-ratkaisut\/asrs\/autostore\/ohjelmistot\/#primaryimage"},"thumbnailUrl":"https:\/\/www.elementlogic.net\/content\/uploads\/sites\/23\/2024\/10\/EL_eLogiq_-2-1024x683-1-e1729081302248.jpg","datePublished":"2024-09-03T13:23:35+00:00","dateModified":"2024-12-20T20:02:58+00:00","breadcrumb":{"@id":"https:\/\/www.elementlogic.net\/fi\/palvelut-ja-ratkaisut\/asrs\/autostore\/ohjelmistot\/#breadcrumb"},"inLanguage":"fi","potentialAction":[{"@type":"ReadAction","target":["https:\/\/www.elementlogic.net\/fi\/palvelut-ja-ratkaisut\/asrs\/autostore\/ohjelmistot\/"]}]},{"@type":"ImageObject","inLanguage":"fi","@id":"https:\/\/www.elementlogic.net\/fi\/palvelut-ja-ratkaisut\/asrs\/autostore\/ohjelmistot\/#primaryimage","url":"https:\/\/www.elementlogic.net\/content\/uploads\/sites\/23\/2024\/10\/EL_eLogiq_-2-1024x683-1-e1729081302248.jpg","contentUrl":"https:\/\/www.elementlogic.net\/content\/uploads\/sites\/23\/2024\/10\/EL_eLogiq_-2-1024x683-1-e1729081302248.jpg","width":824,"height":682},{"@type":"BreadcrumbList","@id":"https:\/\/www.elementlogic.net\/fi\/palvelut-ja-ratkaisut\/asrs\/autostore\/ohjelmistot\/#breadcrumb","itemListElement":[{"@type":"ListItem","position":1,"name":"Palvelut ja ratkaisut","item":"https:\/\/www.elementlogic.net\/fi\/palvelut-ja-ratkaisut\/"},{"@type":"ListItem","position":2,"name":"ASRS","item":"https:\/\/www.elementlogic.net\/fi\/palvelut-ja-ratkaisut\/asrs\/"},{"@type":"ListItem","position":3,"name":"AutoStore","item":"https:\/\/www.elementlogic.net\/fi\/palvelut-ja-ratkaisut\/asrs\/autostore\/"},{"@type":"ListItem","position":4,"name":"Ohjelmistot"}]},{"@type":"WebSite","@id":"https:\/\/www.elementlogic.net\/fi\/#website","url":"https:\/\/www.elementlogic.net\/fi\/","name":"Element Logic Finland","description":"","potentialAction":[{"@type":"SearchAction","target":{"@type":"EntryPoint","urlTemplate":"https:\/\/www.elementlogic.net\/fi\/?s={search_term_string}"},"query-input":{"@type":"PropertyValueSpecification","valueRequired":true,"valueName":"search_term_string"}}],"inLanguage":"fi"}]}},"_links":{"self":[{"href":"https:\/\/www.elementlogic.net\/fi\/wp-json\/wp\/v2\/pages\/182"}],"collection":[{"href":"https:\/\/www.elementlogic.net\/fi\/wp-json\/wp\/v2\/pages"}],"about":[{"href":"https:\/\/www.elementlogic.net\/fi\/wp-json\/wp\/v2\/types\/page"}],"author":[{"embeddable":true,"href":"https:\/\/www.elementlogic.net\/fi\/wp-json\/wp\/v2\/users\/3"}],"replies":[{"embeddable":true,"href":"https:\/\/www.elementlogic.net\/fi\/wp-json\/wp\/v2\/comments?post=182"}],"version-history":[{"count":4,"href":"https:\/\/www.elementlogic.net\/fi\/wp-json\/wp\/v2\/pages\/182\/revisions"}],"predecessor-version":[{"id":1995,"href":"https:\/\/www.elementlogic.net\/fi\/wp-json\/wp\/v2\/pages\/182\/revisions\/1995"}],"up":[{"embeddable":true,"href":"https:\/\/www.elementlogic.net\/fi\/wp-json\/wp\/v2\/pages\/212"}],"wp:featuredmedia":[{"embeddable":true,"href":"https:\/\/www.elementlogic.net\/fi\/wp-json\/wp\/v2\/media\/1508"}],"wp:attachment":[{"href":"https:\/\/www.elementlogic.net\/fi\/wp-json\/wp\/v2\/media?parent=182"}],"curies":[{"name":"wp","href":"https:\/\/api.w.org\/{rel}","templated":true}]}}