{"id":183,"date":"2024-09-03T15:21:01","date_gmt":"2024-09-03T13:21:01","guid":{"rendered":"https:\/\/www.elementlogic.net\/?page_id=1856"},"modified":"2025-09-10T10:49:22","modified_gmt":"2025-09-10T10:49:22","slug":"portit","status":"publish","type":"page","link":"https:\/\/www.elementlogic.net\/fi\/palvelut-ja-ratkaisut\/asrs\/autostore\/portit\/","title":{"rendered":"Portit"},"content":{"rendered":"<p class=\"t2-ingress wp-block-t2-ingress\">AutoStore-ty\u00f6pisteet, jonne robotit toimittavat tavarat, tukevat erilaisia toimintoja, kuten tilausten k\u00e4sittely\u00e4 ja varaston tarkistusta.<\/p>\n\n\n\t\t<div class=\"alignwide is-mode-constrained is-gap-center wp-block-t2-simple-media-text   \">\n\t\t\t<div class=\"t2-simple-media-text__container\">\n\t\t\t\t<div class=\"t2-simple-media-text__image\"><video muted autoplay loop style=\"--focalpoint: 100% 100%;\"><source src=\"https:\/\/www.elementlogic.net\/content\/uploads\/sites\/23\/\/2024\/09\/port-f6.mp4\" type=\"video\/mp4\" \/><\/video><\/div>\n\t\t\t\t<div class=\"t2-simple-media-text__content-container\">\n\t\t\t\t\t<div class=\"t2-simple-media-text__content\">\n\t\t\t\t\t\t<div class=\"t2-simple-media-text__content-inner\">\n\t\t\t\t\t\t\t\n\n<p>J\u00e4rjestelm\u00e4 tarjoaa seitsem\u00e4n porttimoduulia, jotka on r\u00e4\u00e4t\u00e4l\u00f6ity erilaisiin tarpeisiin.<\/p>\n\n\n\t\t\t\t\t\t<\/div>\n\t\t\t\t\t<\/div>\n\t\t\t\t<\/div>\n\t\t\t<\/div>\n\t\t<\/div>\n\t\t\n\n\n<ol start=\"1\" class=\"wp-block-list\">\n<li><strong>Conveyor port: <\/strong>Tehokas tavaran vastaanottamiseen, 6\u20137 sekunnin laatikon vaihtoajalla. T\u00e4m\u00e4 on yleisimmin k\u00e4ytetty portti AutoStore-asennuksissa.\u00a0<br>\u00a0<\/li>\n<\/ol>\n\n\n\n<ol start=\"2\" class=\"wp-block-list\">\n<li><strong>Carousel port:<\/strong> Ihanteellinen ker\u00e4ys- ja pakkausteht\u00e4viin, joissa on nopea kolmen robottik\u00e4den suorittama vaihto.\u00a0<br>\u00a0<\/li>\n<\/ol>\n\n\n\n<ol start=\"3\" class=\"wp-block-list\">\n<li><strong>Swing port:<\/strong> Sopii monitasoisiin asennuksiin, joissa k\u00e4ytet\u00e4\u00e4n sis\u00e4ist\u00e4 laatikon nostinta.<br>\u00a0<\/li>\n<\/ol>\n\n\n\n<ol start=\"4\" class=\"wp-block-list\">\n<li><strong>Relay port:<\/strong> Nopein ty\u00f6piste korkeanopeuksisiin ker\u00e4ys- ja siirto-operaatioihin.<br>\u00a0<\/li>\n<\/ol>\n\n\n\n<ol start=\"5\" class=\"wp-block-list\">\n<li><strong>Pick-up port:<\/strong> Mahdollistaa kosketuksettoman verkko-ostosten myym\u00e4l\u00e4noudon suoraan AutoStore-j\u00e4rjestelm\u00e4st\u00e4, mik\u00e4 parantaa joustavuutta ja lis\u00e4ten myym\u00e4l\u00e4n liikennett\u00e4 ja myynti\u00e4.<br>\u00a0<\/li>\n<\/ol>\n\n\n\n<ol start=\"6\" class=\"wp-block-list\">\n<li><strong>FusionPort:<\/strong> Parantaa ty\u00f6ntekij\u00f6iden tehokkuutta ja mukavuutta ergonomisilla laatikon avauksilla, turvaportilla, kaksoislaatikkon\u00e4yt\u00f6ill\u00e4 ja visuaalisilla ker\u00e4ysapuv\u00e4lineill\u00e4. K\u00e4sittelee jopa 550 laatikkoa tunnissa.&nbsp;<br>&nbsp;<\/li>\n<\/ol>\n\n\n\n<ol start=\"7\" class=\"wp-block-list\">\n<li><strong>FusionPort Staging:<\/strong> Tehostaa tilausten ker\u00e4yst\u00e4 ja valmistelua AutoStore-kehikon sis\u00e4ll\u00e4, tarjoten pick-to-light-ohjauksen ja ergonomisen suunnittelun.&nbsp;<\/li>\n<\/ol>\n\n\n\n<p>Jokainen portti takaa tehokkaan ja joustavan varaston teht\u00e4vien k\u00e4sittelyn.<\/p>\n","protected":false},"excerpt":{"rendered":"<p>Jokainen portti takaa tehokkaan ja joustavan varaston teht\u00e4vien k\u00e4sittelyn.<\/p>\n","protected":false},"author":3,"featured_media":74,"parent":212,"menu_order":0,"comment_status":"closed","ping_status":"closed","template":"","meta":{"hreflang_relation":1856,"_el_cross_publish_source_blog_url":"","_el_cross_publish_source_blog_id":0,"_el_cross_publish_source_post_id":0,"_el_cross_publish_sync_state":"","exclude_from_search":false,"footnotes":""},"class_list":["post-183","page","type-page","status-publish","has-post-thumbnail","hentry"],"yoast_head":"<!-- This site is optimized with the Yoast SEO Premium plugin v23.9 (Yoast SEO v23.9) - https:\/\/yoast.com\/wordpress\/plugins\/seo\/ -->\n<title>Portit - Element Logic Finland<\/title>\n<meta name=\"description\" content=\"AutoStore-portit, jonne robotit toimittavat tavarat, tukevat erilaisia toimintoja, kuten tilausten k\u00e4sittely\u00e4 ja varaston tarkistusta.\" \/>\n<meta name=\"robots\" content=\"index, follow, max-snippet:-1, max-image-preview:large, max-video-preview:-1\" \/>\n<link rel=\"canonical\" href=\"https:\/\/www.elementlogic.net\/fi\/palvelut-ja-ratkaisut\/asrs\/autostore\/portit\/\" \/>\n<meta property=\"og:locale\" content=\"fi_FI\" \/>\n<meta property=\"og:type\" content=\"article\" \/>\n<meta property=\"og:title\" content=\"Portit\" \/>\n<meta property=\"og:description\" content=\"AutoStore-portit, jonne robotit toimittavat tavarat, tukevat erilaisia toimintoja, kuten tilausten k\u00e4sittely\u00e4 ja varaston tarkistusta.\" \/>\n<meta property=\"og:url\" content=\"https:\/\/www.elementlogic.net\/fi\/palvelut-ja-ratkaisut\/asrs\/autostore\/portit\/\" \/>\n<meta property=\"og:site_name\" content=\"Element Logic Finland\" \/>\n<meta property=\"article:modified_time\" content=\"2025-09-10T10:49:22+00:00\" \/>\n<meta property=\"og:image\" content=\"https:\/\/www.elementlogic.net\/content\/uploads\/sites\/23\/\/2024\/09\/Carousel_Port.jpg\" \/>\n\t<meta property=\"og:image:width\" content=\"1500\" \/>\n\t<meta property=\"og:image:height\" content=\"1100\" \/>\n\t<meta property=\"og:image:type\" content=\"image\/jpeg\" \/>\n<meta name=\"twitter:card\" content=\"summary_large_image\" \/>\n<meta name=\"twitter:label1\" content=\"Arvioitu lukuaika\" \/>\n\t<meta name=\"twitter:data1\" content=\"1 minuutti\" \/>\n<script type=\"application\/ld+json\" class=\"yoast-schema-graph\">{\"@context\":\"https:\/\/schema.org\",\"@graph\":[{\"@type\":\"WebPage\",\"@id\":\"https:\/\/www.elementlogic.net\/fi\/palvelut-ja-ratkaisut\/asrs\/autostore\/portit\/\",\"url\":\"https:\/\/www.elementlogic.net\/fi\/palvelut-ja-ratkaisut\/asrs\/autostore\/portit\/\",\"name\":\"Portit - Element Logic Finland\",\"isPartOf\":{\"@id\":\"https:\/\/www.elementlogic.net\/fi\/#website\"},\"primaryImageOfPage\":{\"@id\":\"https:\/\/www.elementlogic.net\/fi\/palvelut-ja-ratkaisut\/asrs\/autostore\/portit\/#primaryimage\"},\"image\":{\"@id\":\"https:\/\/www.elementlogic.net\/fi\/palvelut-ja-ratkaisut\/asrs\/autostore\/portit\/#primaryimage\"},\"thumbnailUrl\":\"https:\/\/www.elementlogic.net\/content\/uploads\/sites\/23\/\/2024\/09\/Carousel_Port.jpg\",\"datePublished\":\"2024-09-03T13:21:01+00:00\",\"dateModified\":\"2025-09-10T10:49:22+00:00\",\"description\":\"AutoStore-portit, jonne robotit toimittavat tavarat, tukevat erilaisia toimintoja, kuten tilausten k\u00e4sittely\u00e4 ja varaston tarkistusta.\",\"breadcrumb\":{\"@id\":\"https:\/\/www.elementlogic.net\/fi\/palvelut-ja-ratkaisut\/asrs\/autostore\/portit\/#breadcrumb\"},\"inLanguage\":\"fi\",\"potentialAction\":[{\"@type\":\"ReadAction\",\"target\":[\"https:\/\/www.elementlogic.net\/fi\/palvelut-ja-ratkaisut\/asrs\/autostore\/portit\/\"]}]},{\"@type\":\"ImageObject\",\"inLanguage\":\"fi\",\"@id\":\"https:\/\/www.elementlogic.net\/fi\/palvelut-ja-ratkaisut\/asrs\/autostore\/portit\/#primaryimage\",\"url\":\"https:\/\/www.elementlogic.net\/content\/uploads\/sites\/23\/\/2024\/09\/Carousel_Port.jpg\",\"contentUrl\":\"https:\/\/www.elementlogic.net\/content\/uploads\/sites\/23\/\/2024\/09\/Carousel_Port.jpg\",\"width\":1500,\"height\":1100},{\"@type\":\"BreadcrumbList\",\"@id\":\"https:\/\/www.elementlogic.net\/fi\/palvelut-ja-ratkaisut\/asrs\/autostore\/portit\/#breadcrumb\",\"itemListElement\":[{\"@type\":\"ListItem\",\"position\":1,\"name\":\"Palvelut ja ratkaisut\",\"item\":\"https:\/\/www.elementlogic.net\/fi\/palvelut-ja-ratkaisut\/\"},{\"@type\":\"ListItem\",\"position\":2,\"name\":\"ASRS\",\"item\":\"https:\/\/www.elementlogic.net\/fi\/palvelut-ja-ratkaisut\/asrs\/\"},{\"@type\":\"ListItem\",\"position\":3,\"name\":\"AutoStore\",\"item\":\"https:\/\/www.elementlogic.net\/fi\/palvelut-ja-ratkaisut\/asrs\/autostore\/\"},{\"@type\":\"ListItem\",\"position\":4,\"name\":\"Portit\"}]},{\"@type\":\"WebSite\",\"@id\":\"https:\/\/www.elementlogic.net\/fi\/#website\",\"url\":\"https:\/\/www.elementlogic.net\/fi\/\",\"name\":\"Element Logic Finland\",\"description\":\"\",\"potentialAction\":[{\"@type\":\"SearchAction\",\"target\":{\"@type\":\"EntryPoint\",\"urlTemplate\":\"https:\/\/www.elementlogic.net\/fi\/?s={search_term_string}\"},\"query-input\":{\"@type\":\"PropertyValueSpecification\",\"valueRequired\":true,\"valueName\":\"search_term_string\"}}],\"inLanguage\":\"fi\"}]}<\/script>\n<!-- \/ Yoast SEO Premium plugin. -->","yoast_head_json":{"title":"Portit - Element Logic Finland","description":"AutoStore-portit, jonne robotit toimittavat tavarat, tukevat erilaisia toimintoja, kuten tilausten k\u00e4sittely\u00e4 ja varaston tarkistusta.","robots":{"index":"index","follow":"follow","max-snippet":"max-snippet:-1","max-image-preview":"max-image-preview:large","max-video-preview":"max-video-preview:-1"},"canonical":"https:\/\/www.elementlogic.net\/fi\/palvelut-ja-ratkaisut\/asrs\/autostore\/portit\/","og_locale":"fi_FI","og_type":"article","og_title":"Portit","og_description":"AutoStore-portit, jonne robotit toimittavat tavarat, tukevat erilaisia toimintoja, kuten tilausten k\u00e4sittely\u00e4 ja varaston tarkistusta.","og_url":"https:\/\/www.elementlogic.net\/fi\/palvelut-ja-ratkaisut\/asrs\/autostore\/portit\/","og_site_name":"Element Logic Finland","article_modified_time":"2025-09-10T10:49:22+00:00","og_image":[{"width":1500,"height":1100,"url":"https:\/\/www.elementlogic.net\/content\/uploads\/sites\/23\/\/2024\/09\/Carousel_Port.jpg","type":"image\/jpeg"}],"twitter_card":"summary_large_image","twitter_misc":{"Arvioitu lukuaika":"1 minuutti"},"schema":{"@context":"https:\/\/schema.org","@graph":[{"@type":"WebPage","@id":"https:\/\/www.elementlogic.net\/fi\/palvelut-ja-ratkaisut\/asrs\/autostore\/portit\/","url":"https:\/\/www.elementlogic.net\/fi\/palvelut-ja-ratkaisut\/asrs\/autostore\/portit\/","name":"Portit - Element Logic Finland","isPartOf":{"@id":"https:\/\/www.elementlogic.net\/fi\/#website"},"primaryImageOfPage":{"@id":"https:\/\/www.elementlogic.net\/fi\/palvelut-ja-ratkaisut\/asrs\/autostore\/portit\/#primaryimage"},"image":{"@id":"https:\/\/www.elementlogic.net\/fi\/palvelut-ja-ratkaisut\/asrs\/autostore\/portit\/#primaryimage"},"thumbnailUrl":"https:\/\/www.elementlogic.net\/content\/uploads\/sites\/23\/\/2024\/09\/Carousel_Port.jpg","datePublished":"2024-09-03T13:21:01+00:00","dateModified":"2025-09-10T10:49:22+00:00","description":"AutoStore-portit, jonne robotit toimittavat tavarat, tukevat erilaisia toimintoja, kuten tilausten k\u00e4sittely\u00e4 ja varaston tarkistusta.","breadcrumb":{"@id":"https:\/\/www.elementlogic.net\/fi\/palvelut-ja-ratkaisut\/asrs\/autostore\/portit\/#breadcrumb"},"inLanguage":"fi","potentialAction":[{"@type":"ReadAction","target":["https:\/\/www.elementlogic.net\/fi\/palvelut-ja-ratkaisut\/asrs\/autostore\/portit\/"]}]},{"@type":"ImageObject","inLanguage":"fi","@id":"https:\/\/www.elementlogic.net\/fi\/palvelut-ja-ratkaisut\/asrs\/autostore\/portit\/#primaryimage","url":"https:\/\/www.elementlogic.net\/content\/uploads\/sites\/23\/\/2024\/09\/Carousel_Port.jpg","contentUrl":"https:\/\/www.elementlogic.net\/content\/uploads\/sites\/23\/\/2024\/09\/Carousel_Port.jpg","width":1500,"height":1100},{"@type":"BreadcrumbList","@id":"https:\/\/www.elementlogic.net\/fi\/palvelut-ja-ratkaisut\/asrs\/autostore\/portit\/#breadcrumb","itemListElement":[{"@type":"ListItem","position":1,"name":"Palvelut ja ratkaisut","item":"https:\/\/www.elementlogic.net\/fi\/palvelut-ja-ratkaisut\/"},{"@type":"ListItem","position":2,"name":"ASRS","item":"https:\/\/www.elementlogic.net\/fi\/palvelut-ja-ratkaisut\/asrs\/"},{"@type":"ListItem","position":3,"name":"AutoStore","item":"https:\/\/www.elementlogic.net\/fi\/palvelut-ja-ratkaisut\/asrs\/autostore\/"},{"@type":"ListItem","position":4,"name":"Portit"}]},{"@type":"WebSite","@id":"https:\/\/www.elementlogic.net\/fi\/#website","url":"https:\/\/www.elementlogic.net\/fi\/","name":"Element Logic Finland","description":"","potentialAction":[{"@type":"SearchAction","target":{"@type":"EntryPoint","urlTemplate":"https:\/\/www.elementlogic.net\/fi\/?s={search_term_string}"},"query-input":{"@type":"PropertyValueSpecification","valueRequired":true,"valueName":"search_term_string"}}],"inLanguage":"fi"}]}},"_links":{"self":[{"href":"https:\/\/www.elementlogic.net\/fi\/wp-json\/wp\/v2\/pages\/183"}],"collection":[{"href":"https:\/\/www.elementlogic.net\/fi\/wp-json\/wp\/v2\/pages"}],"about":[{"href":"https:\/\/www.elementlogic.net\/fi\/wp-json\/wp\/v2\/types\/page"}],"author":[{"embeddable":true,"href":"https:\/\/www.elementlogic.net\/fi\/wp-json\/wp\/v2\/users\/3"}],"replies":[{"embeddable":true,"href":"https:\/\/www.elementlogic.net\/fi\/wp-json\/wp\/v2\/comments?post=183"}],"version-history":[{"count":4,"href":"https:\/\/www.elementlogic.net\/fi\/wp-json\/wp\/v2\/pages\/183\/revisions"}],"predecessor-version":[{"id":2444,"href":"https:\/\/www.elementlogic.net\/fi\/wp-json\/wp\/v2\/pages\/183\/revisions\/2444"}],"up":[{"embeddable":true,"href":"https:\/\/www.elementlogic.net\/fi\/wp-json\/wp\/v2\/pages\/212"}],"wp:featuredmedia":[{"embeddable":true,"href":"https:\/\/www.elementlogic.net\/fi\/wp-json\/wp\/v2\/media\/74"}],"wp:attachment":[{"href":"https:\/\/www.elementlogic.net\/fi\/wp-json\/wp\/v2\/media?parent=183"}],"curies":[{"name":"wp","href":"https:\/\/api.w.org\/{rel}","templated":true}]}}