{"id":2518,"date":"2025-10-22T09:49:51","date_gmt":"2025-10-22T09:49:51","guid":{"rendered":"https:\/\/www.elementlogic.net\/fi\/?page_id=2518"},"modified":"2025-11-13T07:30:34","modified_gmt":"2025-11-13T07:30:34","slug":"kiitos","status":"publish","type":"page","link":"https:\/\/www.elementlogic.net\/fi\/whitepapers\/automation-as-a-service\/kiitos\/","title":{"rendered":"Kiitos!"},"content":{"rendered":"\n<p id=\"message\">Kiitos latauksesta! Toivomme, ett\u00e4 t\u00e4m\u00e4 whitepaper tarjoaa n\u00e4kemyst\u00e4 ja varmuutta, jotta voit tehd\u00e4 p\u00e4\u00e4t\u00f6ksen omien tavoitteidesi mukaisesti ja k\u00e4ynnist\u00e4\u00e4 automaatiopolkusi omilla ehdoillasi.<\/p>\n\n\n\n<p>Voit avata sen heti alla olevasta linkist\u00e4. L\u00e4hetimme sen my\u00f6s s\u00e4hk\u00f6postiisi, jotta voit palata siihen milloin sinulle sopii.<\/p>\n\n\n\n<p id=\"message\">Hyvi\u00e4 lukuhetki\u00e4!<\/p>\n\n\n\n<div class=\"wp-block-buttons is-layout-flex wp-block-buttons-is-layout-flex\">\n<div class=\"wp-block-button has-icon has-icon-theme_arrow\"><a class=\"wp-block-button__link wp-element-button\" href=\"https:\/\/www.elementlogic.net\/content\/uploads\/sites\/23\/2025\/11\/Whitepaper-AaaS-FI.pdf\">Lataa whitepaper<svg xmlns=\"http:\/\/www.w3.org\/2000\/svg\" viewBox=\"0 0 24 24\" height=\"24\" width=\"24\" class=\"t2-icon t2-icon-theme_arrow\" aria-hidden=\"true\" focusable=\"false\"><path d=\"M16.627 12.75H5.25C5.03717 12.75 4.859 12.6782 4.7155 12.5345C4.57183 12.391 4.5 12.2128 4.5 12C4.5 11.7872 4.57183 11.609 4.7155 11.4655C4.859 11.3218 5.03717 11.25 5.25 11.25H16.627L11.4577 6.08076C11.3091 5.93209 11.2357 5.75809 11.2375 5.55876C11.2395 5.35942 11.318 5.18217 11.473 5.02701C11.6282 4.88217 11.8038 4.80717 12 4.80201C12.1962 4.79684 12.3718 4.87184 12.527 5.02701L18.8673 11.3673C18.9609 11.4609 19.0269 11.5597 19.0652 11.6635C19.1037 11.7673 19.123 11.8795 19.123 12C19.123 12.1205 19.1037 12.2327 19.0652 12.3365C19.0269 12.4403 18.9609 12.5391 18.8673 12.6328L12.527 18.973C12.3885 19.1115 12.217 19.1823 12.0125 19.1855C11.808 19.1887 11.6282 19.1178 11.473 18.973C11.318 18.8178 11.2405 18.6397 11.2405 18.4385C11.2405 18.2372 11.318 18.0589 11.473 17.9038L16.627 12.75Z\" fill=\"var(--t2-icon-fill, #000)\"\/><\/svg><\/a><\/div>\n<\/div>\n\n\n\n<p><\/p>\n","protected":false},"excerpt":{"rendered":"<p>Kiitos latauksesta! Toivomme, ett\u00e4 t\u00e4m\u00e4 whitepaper tarjoaa n\u00e4kemyst\u00e4 ja varmuutta, jotta voit tehd\u00e4 p\u00e4\u00e4t\u00f6ksen omien tavoitteidesi mukaisesti ja k\u00e4ynnist\u00e4\u00e4 automaatiopolkusi [&hellip;]<\/p>\n","protected":false},"author":3,"featured_media":0,"parent":2508,"menu_order":0,"comment_status":"closed","ping_status":"closed","template":"","meta":{"hreflang_relation":0,"_el_cross_publish_source_blog_url":"","_el_cross_publish_source_blog_id":0,"_el_cross_publish_source_post_id":0,"_el_cross_publish_sync_state":"","exclude_from_search":false,"footnotes":""},"class_list":["post-2518","page","type-page","status-publish","hentry"],"yoast_head":"<!-- This site is optimized with the Yoast SEO Premium plugin v23.9 (Yoast SEO v23.9) - https:\/\/yoast.com\/wordpress\/plugins\/seo\/ -->\n<title>Kiitos! - Element Logic Finland<\/title>\n<meta name=\"robots\" content=\"index, follow, max-snippet:-1, max-image-preview:large, max-video-preview:-1\" \/>\n<link rel=\"canonical\" href=\"https:\/\/www.elementlogic.net\/fi\/whitepapers\/automation-as-a-service\/kiitos\/\" \/>\n<meta property=\"og:locale\" content=\"fi_FI\" \/>\n<meta property=\"og:type\" content=\"article\" \/>\n<meta property=\"og:title\" content=\"Kiitos!\" \/>\n<meta property=\"og:description\" content=\"Kiitos latauksesta! Toivomme, ett\u00e4 t\u00e4m\u00e4 whitepaper tarjoaa n\u00e4kemyst\u00e4 ja varmuutta, jotta voit tehd\u00e4 p\u00e4\u00e4t\u00f6ksen omien tavoitteidesi mukaisesti ja k\u00e4ynnist\u00e4\u00e4 automaatiopolkusi [&hellip;]\" \/>\n<meta property=\"og:url\" content=\"https:\/\/www.elementlogic.net\/fi\/whitepapers\/automation-as-a-service\/kiitos\/\" \/>\n<meta property=\"og:site_name\" content=\"Element Logic Finland\" \/>\n<meta property=\"article:modified_time\" content=\"2025-11-13T07:30:34+00:00\" \/>\n<meta name=\"twitter:card\" content=\"summary_large_image\" \/>\n<meta name=\"twitter:label1\" content=\"Arvioitu lukuaika\" \/>\n\t<meta name=\"twitter:data1\" content=\"1 minuutti\" \/>\n<script type=\"application\/ld+json\" class=\"yoast-schema-graph\">{\"@context\":\"https:\/\/schema.org\",\"@graph\":[{\"@type\":\"WebPage\",\"@id\":\"https:\/\/www.elementlogic.net\/fi\/whitepapers\/automation-as-a-service\/kiitos\/\",\"url\":\"https:\/\/www.elementlogic.net\/fi\/whitepapers\/automation-as-a-service\/kiitos\/\",\"name\":\"Kiitos! - Element Logic Finland\",\"isPartOf\":{\"@id\":\"https:\/\/www.elementlogic.net\/fi\/#website\"},\"datePublished\":\"2025-10-22T09:49:51+00:00\",\"dateModified\":\"2025-11-13T07:30:34+00:00\",\"breadcrumb\":{\"@id\":\"https:\/\/www.elementlogic.net\/fi\/whitepapers\/automation-as-a-service\/kiitos\/#breadcrumb\"},\"inLanguage\":\"fi\",\"potentialAction\":[{\"@type\":\"ReadAction\",\"target\":[\"https:\/\/www.elementlogic.net\/fi\/whitepapers\/automation-as-a-service\/kiitos\/\"]}]},{\"@type\":\"BreadcrumbList\",\"@id\":\"https:\/\/www.elementlogic.net\/fi\/whitepapers\/automation-as-a-service\/kiitos\/#breadcrumb\",\"itemListElement\":[{\"@type\":\"ListItem\",\"position\":1,\"name\":\"Whitepapers\",\"item\":\"https:\/\/www.elementlogic.net\/fi\/whitepapers\/\"},{\"@type\":\"ListItem\",\"position\":2,\"name\":\"Whitepaper: AaaS\",\"item\":\"https:\/\/www.elementlogic.net\/fi\/whitepapers\/automation-as-a-service\/\"},{\"@type\":\"ListItem\",\"position\":3,\"name\":\"Kiitos!\"}]},{\"@type\":\"WebSite\",\"@id\":\"https:\/\/www.elementlogic.net\/fi\/#website\",\"url\":\"https:\/\/www.elementlogic.net\/fi\/\",\"name\":\"Element Logic Finland\",\"description\":\"\",\"potentialAction\":[{\"@type\":\"SearchAction\",\"target\":{\"@type\":\"EntryPoint\",\"urlTemplate\":\"https:\/\/www.elementlogic.net\/fi\/?s={search_term_string}\"},\"query-input\":{\"@type\":\"PropertyValueSpecification\",\"valueRequired\":true,\"valueName\":\"search_term_string\"}}],\"inLanguage\":\"fi\"}]}<\/script>\n<!-- \/ Yoast SEO Premium plugin. -->","yoast_head_json":{"title":"Kiitos! - Element Logic Finland","robots":{"index":"index","follow":"follow","max-snippet":"max-snippet:-1","max-image-preview":"max-image-preview:large","max-video-preview":"max-video-preview:-1"},"canonical":"https:\/\/www.elementlogic.net\/fi\/whitepapers\/automation-as-a-service\/kiitos\/","og_locale":"fi_FI","og_type":"article","og_title":"Kiitos!","og_description":"Kiitos latauksesta! Toivomme, ett\u00e4 t\u00e4m\u00e4 whitepaper tarjoaa n\u00e4kemyst\u00e4 ja varmuutta, jotta voit tehd\u00e4 p\u00e4\u00e4t\u00f6ksen omien tavoitteidesi mukaisesti ja k\u00e4ynnist\u00e4\u00e4 automaatiopolkusi [&hellip;]","og_url":"https:\/\/www.elementlogic.net\/fi\/whitepapers\/automation-as-a-service\/kiitos\/","og_site_name":"Element Logic Finland","article_modified_time":"2025-11-13T07:30:34+00:00","twitter_card":"summary_large_image","twitter_misc":{"Arvioitu lukuaika":"1 minuutti"},"schema":{"@context":"https:\/\/schema.org","@graph":[{"@type":"WebPage","@id":"https:\/\/www.elementlogic.net\/fi\/whitepapers\/automation-as-a-service\/kiitos\/","url":"https:\/\/www.elementlogic.net\/fi\/whitepapers\/automation-as-a-service\/kiitos\/","name":"Kiitos! - Element Logic Finland","isPartOf":{"@id":"https:\/\/www.elementlogic.net\/fi\/#website"},"datePublished":"2025-10-22T09:49:51+00:00","dateModified":"2025-11-13T07:30:34+00:00","breadcrumb":{"@id":"https:\/\/www.elementlogic.net\/fi\/whitepapers\/automation-as-a-service\/kiitos\/#breadcrumb"},"inLanguage":"fi","potentialAction":[{"@type":"ReadAction","target":["https:\/\/www.elementlogic.net\/fi\/whitepapers\/automation-as-a-service\/kiitos\/"]}]},{"@type":"BreadcrumbList","@id":"https:\/\/www.elementlogic.net\/fi\/whitepapers\/automation-as-a-service\/kiitos\/#breadcrumb","itemListElement":[{"@type":"ListItem","position":1,"name":"Whitepapers","item":"https:\/\/www.elementlogic.net\/fi\/whitepapers\/"},{"@type":"ListItem","position":2,"name":"Whitepaper: AaaS","item":"https:\/\/www.elementlogic.net\/fi\/whitepapers\/automation-as-a-service\/"},{"@type":"ListItem","position":3,"name":"Kiitos!"}]},{"@type":"WebSite","@id":"https:\/\/www.elementlogic.net\/fi\/#website","url":"https:\/\/www.elementlogic.net\/fi\/","name":"Element Logic Finland","description":"","potentialAction":[{"@type":"SearchAction","target":{"@type":"EntryPoint","urlTemplate":"https:\/\/www.elementlogic.net\/fi\/?s={search_term_string}"},"query-input":{"@type":"PropertyValueSpecification","valueRequired":true,"valueName":"search_term_string"}}],"inLanguage":"fi"}]}},"_links":{"self":[{"href":"https:\/\/www.elementlogic.net\/fi\/wp-json\/wp\/v2\/pages\/2518"}],"collection":[{"href":"https:\/\/www.elementlogic.net\/fi\/wp-json\/wp\/v2\/pages"}],"about":[{"href":"https:\/\/www.elementlogic.net\/fi\/wp-json\/wp\/v2\/types\/page"}],"author":[{"embeddable":true,"href":"https:\/\/www.elementlogic.net\/fi\/wp-json\/wp\/v2\/users\/3"}],"replies":[{"embeddable":true,"href":"https:\/\/www.elementlogic.net\/fi\/wp-json\/wp\/v2\/comments?post=2518"}],"version-history":[{"count":3,"href":"https:\/\/www.elementlogic.net\/fi\/wp-json\/wp\/v2\/pages\/2518\/revisions"}],"predecessor-version":[{"id":2548,"href":"https:\/\/www.elementlogic.net\/fi\/wp-json\/wp\/v2\/pages\/2518\/revisions\/2548"}],"up":[{"embeddable":true,"href":"https:\/\/www.elementlogic.net\/fi\/wp-json\/wp\/v2\/pages\/2508"}],"wp:attachment":[{"href":"https:\/\/www.elementlogic.net\/fi\/wp-json\/wp\/v2\/media?parent=2518"}],"curies":[{"name":"wp","href":"https:\/\/api.w.org\/{rel}","templated":true}]}}