{"id":2650,"date":"2026-04-07T20:04:10","date_gmt":"2026-04-07T20:04:10","guid":{"rendered":"https:\/\/www.elementlogic.net\/fi\/?page_id=2650"},"modified":"2026-04-07T20:04:24","modified_gmt":"2026-04-07T20:04:24","slug":"verkkokauppa","status":"publish","type":"page","link":"https:\/\/www.elementlogic.net\/fi\/toimialat\/verkkokauppa\/","title":{"rendered":"Verkkokauppa"},"content":{"rendered":"\n\t\t<div style=\"--dekode-hero-dim:0.5; --t2-icon-fill:var(--wp--preset--color--white);\" class=\"alignfull dekode-hero-content-position-center has-media-background wp-block-dekode-hero has-text-color has-white-color\">\n\t\t\t<img loading=\"lazy\" decoding=\"async\" width=\"1024\" height=\"683\" src=\"https:\/\/www.elementlogic.net\/content\/uploads\/sites\/23\/2026\/04\/ecommerce-1-1024x683.png\" class=\"dekode-hero__image\" alt=\"\" style=\"--focalpoint: 71% 94%;\" srcset=\"https:\/\/www.elementlogic.net\/content\/uploads\/sites\/23\/2026\/04\/ecommerce-1-1024x683.png 1024w, https:\/\/www.elementlogic.net\/content\/uploads\/sites\/23\/2026\/04\/ecommerce-1-300x200.png 300w, https:\/\/www.elementlogic.net\/content\/uploads\/sites\/23\/2026\/04\/ecommerce-1-768x512.png 768w, https:\/\/www.elementlogic.net\/content\/uploads\/sites\/23\/2026\/04\/ecommerce-1.png 1536w\" sizes=\"(max-width: 1024px) 100vw, 1024px\" \/>\n\t\t\t<div class=\"dekode-hero__content\">\n\t\t\t\t<div class=\"dekode-hero__container\">\n\t\t\t\t\t\n\n<p><\/p>\n\n\n\n<h1 class=\"wp-block-heading\" id=\"h-verkkokauppa\">Verkkokauppa<\/h1>\n\n\n<p class=\"t2-ingress wp-block-t2-ingress\">Nopeuteen ja skaalautuvuuteen suunniteltu varastoautomaatio<\/p>\n\n\n<div class=\"wp-block-buttons is-layout-flex wp-block-buttons-is-layout-flex\">\n<div class=\"wp-block-button hs-cta-trigger-button hs-cta-trigger-button-195241208906 has-icon has-icon-theme_arrow\"><a class=\"wp-block-button__link wp-element-button\" href=\"https:\/\/www.elementlogic.net\/fi\/ota-yhteytta\/\">Ota yhteytt\u00e4<svg xmlns=\"http:\/\/www.w3.org\/2000\/svg\" viewBox=\"0 0 24 24\" height=\"24\" width=\"24\" class=\"t2-icon t2-icon-theme_arrow\" aria-hidden=\"true\" focusable=\"false\"><path d=\"M16.627 12.75H5.25C5.03717 12.75 4.859 12.6782 4.7155 12.5345C4.57183 12.391 4.5 12.2128 4.5 12C4.5 11.7872 4.57183 11.609 4.7155 11.4655C4.859 11.3218 5.03717 11.25 5.25 11.25H16.627L11.4577 6.08076C11.3091 5.93209 11.2357 5.75809 11.2375 5.55876C11.2395 5.35942 11.318 5.18217 11.473 5.02701C11.6282 4.88217 11.8038 4.80717 12 4.80201C12.1962 4.79684 12.3718 4.87184 12.527 5.02701L18.8673 11.3673C18.9609 11.4609 19.0269 11.5597 19.0652 11.6635C19.1037 11.7673 19.123 11.8795 19.123 12C19.123 12.1205 19.1037 12.2327 19.0652 12.3365C19.0269 12.4403 18.9609 12.5391 18.8673 12.6328L12.527 18.973C12.3885 19.1115 12.217 19.1823 12.0125 19.1855C11.808 19.1887 11.6282 19.1178 11.473 18.973C11.318 18.8178 11.2405 18.6397 11.2405 18.4385C11.2405 18.2372 11.318 18.0589 11.473 17.9038L16.627 12.75Z\" fill=\"var(--t2-icon-fill, #000)\"\/><\/svg><\/a><\/div>\n<\/div>\n\n\n\t\t\t\t<\/div>\n\t\t\t<\/div>\n\t\t<\/div>\n\t\t\n\n<p class=\"t2-ingress wp-block-t2-ingress\">Verkkokaupassa asiakkaiden odotukset mitataan tunneissa, ei p\u00e4iviss\u00e4. Saman ja seuraavan p\u00e4iv\u00e4n toimituksista on tullut vakio, ja jokainen virhe voi maksaa asiakasuskollisuuden. Pysy\u00e4kseen kilpailukykyisen\u00e4 tilausten k\u00e4sittelyn on oltava nopeaa, tarkkaa ja rajattomasti skaalautuvaa.\u00a0\u00a0<\/p>\n\n\n<p><\/p>\n\n\n\n<p>Element Logic auttaa kaikenkokoisia verkkokauppayrityksi\u00e4 vastaamaan n\u00e4ihin vaatimuksiin \u00e4lykk\u00e4\u00e4n varastoautomaation avulla. Yli 40 vuoden sis\u00e4logistiikan asiantuntemuksella suunnittelemme j\u00e4rjestelmi\u00e4, jotka maksimoivat tehokkuuden, v\u00e4hent\u00e4v\u00e4t kustannuksia ja mahdollistavat yrityksesi rajattoman kasvun.<\/p>\n\n\n\n<div class=\"wp-block-group has-global-padding is-layout-constrained wp-block-group-is-layout-constrained\">\n<h2 class=\"wp-block-heading wp-container-content-1\" id=\"h-verkkokauppajohtajien-kohtaamat-haasteet\"><strong>Verkkokauppajohtajien kohtaamat haasteet<\/strong>\u00a0<\/h2>\n\n\n\n<ul class=\"wp-block-list\">\n<li>Saman ja seuraavan p\u00e4iv\u00e4n toimitusodotusten t\u00e4ytt\u00e4minen<\/li>\n\n\n\n<li>Kampanjoiden, juhlapyhien tai myyntipiikkien aiheuttamien tilausruuhkien hallinta<\/li>\n\n\n\n<li>Suurten tuotem\u00e4\u00e4rien hallinta monimutkaisilla ker\u00e4ilyvaatimuksilla<\/li>\n\n\n\n<li>Nousevien ty\u00f6voimakustannusten ja ty\u00f6voimapulan ratkaiseminen<\/li>\n\n\n\n<li>Virheett\u00f6mien ja tarkkojen asiakastoimitusten varmistaminen\u00a0<\/li>\n<\/ul>\n<\/div>\n\n\n\n\t\t<div style=\"--dekode-hero-dim:0.5; --t2-icon-fill:var(--wp--preset--color--white);\" class=\"alignfull dekode-hero-content-position-center has-media-background wp-block-dekode-hero has-text-color has-white-color\">\n\t\t\t\t\t<video\n\t\t\tautoplay\n\t\t\tloop\n\t\t\tmuted\n\t\t\tplaysinline\n\t\t\tposter=\"\"\n\t\t\tsrc=\"https:\/\/www.elementlogic.net\/content\/uploads\/2024\/07\/solutions-and-services.mp4\">\n\t\t<\/video>\n\t\t\n\t\t\t<div class=\"dekode-hero__content\">\n\t\t\t\t<div class=\"dekode-hero__container\">\n\t\t\t\t\t\n\n<h2 class=\"wp-block-heading\" id=\"h-nayttoa-toiminnasta\"><strong>N\u00e4ytt\u00f6\u00e4 toiminnasta: <\/strong><\/h2>\n\n\n\n<h2 class=\"wp-block-heading\" id=\"h-johtavien-verkkokauppatoimijoiden-luottama\">Johtavien verkkokauppatoimijoiden luottama<\/h2>\n\n\n\t\t\t\t<\/div>\n\t\t\t<\/div>\n\t\t<\/div>\n\t\t\n\n<div class=\"t2-featured-content-layout alignwide wp-block-t2-featured-content-layout\">\n<div class=\"t2-featured-query-post t2-featured-content is-post-type-case case_tax-vahittaiskauppa case_tax-verkkokauppa wp-block-t2-featured-query-post\"><a class=\"t2-post-link wp-block-t2-post-link\" href=\"https:\/\/www.elementlogic.net\/fi\/cases\/finnish-design-shop-jatkaa-kasvuaan-autostoren-avustuksella\/\">\n\t<div class=\"client-logo-image-wrapper\"><img loading=\"lazy\" decoding=\"async\" width=\"300\" height=\"231\" src=\"https:\/\/www.elementlogic.net\/content\/uploads\/sites\/23\/2024\/08\/B11EEDD3-1DAF-4ECF-89DC-91D3A60A82CE_4_5005_c-1.jpeg\" class=\"client-logo-image\" alt=\"\" \/><\/div>\n\t<figure style=\"--t2-focal-point: 50% 50%;\" class=\"t2-post-featured-image has-image-ratio-3-2 wp-block-t2-post-featured-image\"><img loading=\"lazy\" decoding=\"async\" width=\"2000\" height=\"1334\" src=\"https:\/\/www.elementlogic.net\/content\/uploads\/sites\/23\/\/2024\/09\/Element_Logic_Finnish_Design_Shop_main.jpg\" class=\"attachment-post-thumbnail size-post-thumbnail wp-post-image\" alt=\"AutoSTore toiminnassa Finnish Desgn Shopissa.\" srcset=\"https:\/\/www.elementlogic.net\/content\/uploads\/sites\/23\/2024\/09\/Element_Logic_Finnish_Design_Shop_main.jpg 2000w, https:\/\/www.elementlogic.net\/content\/uploads\/sites\/23\/2024\/09\/Element_Logic_Finnish_Design_Shop_main-300x200.jpg 300w, https:\/\/www.elementlogic.net\/content\/uploads\/sites\/23\/2024\/09\/Element_Logic_Finnish_Design_Shop_main-1024x683.jpg 1024w, https:\/\/www.elementlogic.net\/content\/uploads\/sites\/23\/2024\/09\/Element_Logic_Finnish_Design_Shop_main-768x512.jpg 768w, https:\/\/www.elementlogic.net\/content\/uploads\/sites\/23\/2024\/09\/Element_Logic_Finnish_Design_Shop_main-1536x1025.jpg 1536w\" sizes=\"(max-width: 2000px) 100vw, 2000px\" \/><\/figure>\n\t\n<\/a>\n\n\t\t<div class=\"card-content wp-block-t2-wrapper\">\n\t<div class=\"wp-block-dekode-post-terms\"><span>V\u00e4hitt\u00e4iskauppa<\/span><span>Verkkokauppa<\/span><\/div>\n\t<h3 class=\"t2-post-title wp-block-t2-post-title\"><a href=\"https:\/\/www.elementlogic.net\/fi\/cases\/finnish-design-shop-jatkaa-kasvuaan-autostoren-avustuksella\/\" target=\"_self\" >Finnish Design Shop jatkaa kasvuaan AutoStoren avustuksella<\/a><\/h3>\n\t<div class=\"t2-post-excerpt wp-block-t2-post-excerpt\"><p>Monipuolisesti suomalaiseen ja pohjoismaiseen muotoiluun sek\u00e4 sisustukseen erikoistunut verkkokauppa Finnish Design Shop perustettiin vuonna 2004. Nyky\u00e4\u00e4n yritys on yksi maailman [&hellip;]<\/p><\/div>\n<\/div>\n<\/div>\n\n<div class=\"t2-featured-query-post t2-featured-content is-post-type-case case_tax-laaketeollisuus case_tax-verkkokauppa wp-block-t2-featured-query-post\"><a class=\"t2-post-link wp-block-t2-post-link\" href=\"https:\/\/www.elementlogic.net\/fi\/cases\/verkkoapteekki-apotea-ja-maailman-ensimmainen-autostoreen-integroitu-robottikeraysratkaisu\/\">\n\t<div class=\"client-logo-image-wrapper\"><img loading=\"lazy\" decoding=\"async\" width=\"241\" height=\"65\" src=\"https:\/\/www.elementlogic.net\/content\/uploads\/sites\/23\/\/2024\/09\/Apotea-logo.png\" class=\"client-logo-image\" alt=\"\" \/><\/div>\n\t<figure style=\"--t2-focal-point: 50% 50%;\" class=\"t2-post-featured-image has-image-ratio-3-2 wp-block-t2-post-featured-image\"><img loading=\"lazy\" decoding=\"async\" width=\"2000\" height=\"1030\" src=\"https:\/\/www.elementlogic.net\/content\/uploads\/sites\/23\/\/2024\/09\/eOperator-at-Apotea.jpg\" class=\"attachment-post-thumbnail size-post-thumbnail wp-post-image\" alt=\"Robottik\u00e4si poimii tavaroita varastossa\" srcset=\"https:\/\/www.elementlogic.net\/content\/uploads\/sites\/23\/2024\/09\/eOperator-at-Apotea.jpg 2000w, https:\/\/www.elementlogic.net\/content\/uploads\/sites\/23\/2024\/09\/eOperator-at-Apotea-300x155.jpg 300w, https:\/\/www.elementlogic.net\/content\/uploads\/sites\/23\/2024\/09\/eOperator-at-Apotea-1024x527.jpg 1024w, https:\/\/www.elementlogic.net\/content\/uploads\/sites\/23\/2024\/09\/eOperator-at-Apotea-768x396.jpg 768w, https:\/\/www.elementlogic.net\/content\/uploads\/sites\/23\/2024\/09\/eOperator-at-Apotea-1536x791.jpg 1536w\" sizes=\"(max-width: 2000px) 100vw, 2000px\" \/><\/figure>\n\t\n<\/a>\n\n\t\t<div class=\"card-content wp-block-t2-wrapper\">\n\t<div class=\"wp-block-dekode-post-terms\"><span>L\u00e4\u00e4keteollisuus<\/span><span>Verkkokauppa<\/span><\/div>\n\t<h3 class=\"t2-post-title wp-block-t2-post-title\"><a href=\"https:\/\/www.elementlogic.net\/fi\/cases\/verkkoapteekki-apotea-ja-maailman-ensimmainen-autostoreen-integroitu-robottikeraysratkaisu\/\" target=\"_self\" >Verkkoapteekki Apotea ja maailman ensimm\u00e4inen AutoStoreen integroitu robottiker\u00e4ysratkaisu<\/a><\/h3>\n\t<div class=\"t2-post-excerpt wp-block-t2-post-excerpt\"><p>Katso video Apotean logistiikkakeskuksesta: Apteekkituotteet ovat yksi nopeimmin kasvavista verkkokaupan aloista maailmassa. Apotea.se on Ruotsin suurin verkkoapteekki, jossa on maan [&hellip;]<\/p><\/div>\n<\/div>\n<\/div>\n\n<div class=\"t2-featured-query-post t2-featured-content is-post-type-case case_tax-korkea-lapivirtauskapasiteetti case_tax-muoti-ja-vaatetus case_tax-verkkokauppa wp-block-t2-featured-query-post\"><a class=\"t2-post-link wp-block-t2-post-link\" href=\"https:\/\/www.elementlogic.net\/fi\/cases\/esimerkki-kuinka-varastoautomaatio-vie-logistiikan-ja-verkkokaupan-uudelle-tasolle\/\">\n\t<div class=\"client-logo-image-wrapper\"><img loading=\"lazy\" decoding=\"async\" width=\"300\" height=\"172\" src=\"https:\/\/www.elementlogic.net\/content\/uploads\/sites\/23\/\/2024\/09\/Boozt-logo-300x172.png\" class=\"client-logo-image\" alt=\"\" \/><\/div>\n\t<figure style=\"--t2-focal-point: 50% 50%;\" class=\"t2-post-featured-image has-image-ratio-3-2 wp-block-t2-post-featured-image\"><img loading=\"lazy\" decoding=\"async\" width=\"2560\" height=\"1709\" src=\"https:\/\/www.elementlogic.net\/content\/uploads\/sites\/23\/\/2024\/09\/Element-Logic-AutoStore-Grid-@Boozt.jpg\" class=\"attachment-post-thumbnail size-post-thumbnail wp-post-image\" alt=\"AutoStore-kehikko ja robotteja Booztin varastossa\" srcset=\"https:\/\/www.elementlogic.net\/content\/uploads\/sites\/23\/2024\/09\/Element-Logic-AutoStore-Grid-@Boozt.jpg 2560w, https:\/\/www.elementlogic.net\/content\/uploads\/sites\/23\/2024\/09\/Element-Logic-AutoStore-Grid-@Boozt-300x200.jpg 300w, https:\/\/www.elementlogic.net\/content\/uploads\/sites\/23\/2024\/09\/Element-Logic-AutoStore-Grid-@Boozt-1024x684.jpg 1024w, https:\/\/www.elementlogic.net\/content\/uploads\/sites\/23\/2024\/09\/Element-Logic-AutoStore-Grid-@Boozt-768x513.jpg 768w, https:\/\/www.elementlogic.net\/content\/uploads\/sites\/23\/2024\/09\/Element-Logic-AutoStore-Grid-@Boozt-1536x1025.jpg 1536w, https:\/\/www.elementlogic.net\/content\/uploads\/sites\/23\/2024\/09\/Element-Logic-AutoStore-Grid-@Boozt-2048x1367.jpg 2048w\" sizes=\"(max-width: 2560px) 100vw, 2560px\" \/><\/figure>\n\t\n<\/a>\n\n\t\t<div class=\"card-content wp-block-t2-wrapper\">\n\t<div class=\"wp-block-dekode-post-terms\"><span>Korkea l\u00e4pivirtauskapasiteetti<\/span><span>Muoti ja vaatetus<\/span><span>Verkkokauppa<\/span><\/div>\n\t<h3 class=\"t2-post-title wp-block-t2-post-title\"><a href=\"https:\/\/www.elementlogic.net\/fi\/cases\/esimerkki-kuinka-varastoautomaatio-vie-logistiikan-ja-verkkokaupan-uudelle-tasolle\/\" target=\"_self\" >Esimerkki, kuinka varastoautomaatio vie logistiikan ja verkkokaupan uudelle tasolle<\/a><\/h3>\n\t<div class=\"t2-post-excerpt wp-block-t2-post-excerpt\"><p>\u201dYhteisty\u00f6mme Element Logicin kanssa on ollut erinomaista, ja on vain luonnollista jatkaa t\u00e4ll\u00e4 tiell\u00e4 yhdess\u00e4\u201d, sanoo Booztin operatiivinen johtaja Niels [&hellip;]<\/p><\/div>\n<\/div>\n<\/div>\n<\/div>\n\n\n<div class=\"wp-block-buttons is-layout-flex wp-block-buttons-is-layout-flex\">\n<div class=\"wp-block-button\"><a class=\"wp-block-button__link wp-element-button\" href=\"https:\/\/www.elementlogic.net\/fi\/cases\/category\/verkkokauppa\/\">Tutustu muihin verkkokaupan asiakastarinoihin<\/a><\/div>\n<\/div>\n\n\n\n<div class=\"wp-block-group is-layout-flex wp-block-group-is-layout-flex\">\n<h2 class=\"wp-block-heading wp-container-content-2\" id=\"h-miksi-verkkokauppabrandit-valitsevat-element-logicin\"><strong>Miksi verkkokauppabr\u00e4ndit valitsevat Element Logicin?<\/strong>\u00a0<\/h2>\n\n\n\n<ul class=\"wp-block-list\">\n<li><strong>Tilausten nopea k\u00e4sittely<\/strong> saman ja seuraavan p\u00e4iv\u00e4n toimituksiin<\/li>\n\n\n\n<li><strong>Tehokas skaalautuminen<\/strong> nopean kasvun hallitsemiseksi<\/li>\n\n\n\n<li><strong>Korkea tarkkuus<\/strong> asiakkaiden luottamuksen s\u00e4ilytt\u00e4miseksi<\/li>\n\n\n\n<li>Vuosikymmenten <strong>kokemus varastoautomaatiosta v\u00e4hitt\u00e4is- ja verkkokaupan alalla<\/strong>\u00a0<\/li>\n<\/ul>\n<\/div>\n\n\n\n<div style=\"height:100px;width:0px\" aria-hidden=\"true\" class=\"wp-block-spacer\"><\/div>\n\n\n\n\t\t<div style=\"--dekode-hero-dim:0.6; --t2-icon-fill:var(--wp--preset--color--white);\" class=\"alignfull dekode-hero-content-position-center has-media-background wp-block-dekode-hero has-text-color has-white-color\">\n\t\t\t<img loading=\"lazy\" decoding=\"async\" width=\"1024\" height=\"1024\" src=\"https:\/\/www.elementlogic.net\/content\/uploads\/sites\/23\/2026\/04\/ecomerce-1.png\" class=\"dekode-hero__image\" alt=\"\" style=\"--focalpoint: 75% 71%;\" srcset=\"https:\/\/www.elementlogic.net\/content\/uploads\/sites\/23\/2026\/04\/ecomerce-1.png 1024w, https:\/\/www.elementlogic.net\/content\/uploads\/sites\/23\/2026\/04\/ecomerce-1-300x300.png 300w, https:\/\/www.elementlogic.net\/content\/uploads\/sites\/23\/2026\/04\/ecomerce-1-150x150.png 150w, https:\/\/www.elementlogic.net\/content\/uploads\/sites\/23\/2026\/04\/ecomerce-1-768x768.png 768w\" sizes=\"(max-width: 1024px) 100vw, 1024px\" \/>\n\t\t\t<div class=\"dekode-hero__content\">\n\t\t\t\t<div class=\"dekode-hero__container\">\n\t\t\t\t\t\n\n<h1 class=\"wp-block-heading\" id=\"h-oletko-valmis-turvaamaan-verkkokauppasi-tilausten-kasittelyn\"><strong> Oletko valmis turvaamaan verkkokauppasi tilausten k\u00e4sittelyn?<\/strong><\/h1>\n\n\n\n<div class=\"wp-block-buttons is-layout-flex wp-block-buttons-is-layout-flex\">\n<div class=\"wp-block-button http:\/\/hs-cta-trigger-button hs-cta-trigger-button-195241208906\"><a class=\"wp-block-button__link wp-element-button\" href=\"https:\/\/www.elementlogic.net\/fi\/ota-yhteytta\/\"><strong>Ota yhteytt\u00e4 jo t\u00e4n\u00e4\u00e4n<\/strong><\/a><\/div>\n<\/div>\n\n\n\t\t\t\t<\/div>\n\t\t\t<\/div>\n\t\t<\/div>\n\t\t\n\n\n<p><\/p>\n","protected":false},"excerpt":{"rendered":"<p>Element Logic auttaa kaikenkokoisia verkkokauppayrityksi\u00e4 vastaamaan n\u00e4ihin vaatimuksiin \u00e4lykk\u00e4\u00e4n varastoautomaation avulla. Yli 40 vuoden sis\u00e4logistiikan asiantuntemuksella suunnittelemme j\u00e4rjestelmi\u00e4, jotka maksimoivat [&hellip;]<\/p>\n","protected":false},"author":2,"featured_media":0,"parent":2674,"menu_order":0,"comment_status":"closed","ping_status":"closed","template":"","meta":{"hreflang_relation":4846,"_el_cross_publish_source_blog_url":"","_el_cross_publish_source_blog_id":0,"_el_cross_publish_source_post_id":0,"_el_cross_publish_sync_state":"","exclude_from_search":false,"footnotes":""},"class_list":["post-2650","page","type-page","status-publish","hentry"],"yoast_head":"<!-- This site is optimized with the Yoast SEO Premium plugin v23.9 (Yoast SEO v23.9) - https:\/\/yoast.com\/wordpress\/plugins\/seo\/ -->\n<title>Verkkokauppa - Element Logic Finland<\/title>\n<meta name=\"description\" content=\"Element Logic auttaa kaikenkokoisia verkkokauppayrityksi\u00e4 vastaamaan asiakkaiden vaatimuksiin \u00e4lykk\u00e4\u00e4n varastoautomaation avulla.\" \/>\n<meta name=\"robots\" content=\"index, follow, max-snippet:-1, max-image-preview:large, max-video-preview:-1\" \/>\n<link rel=\"canonical\" href=\"https:\/\/www.elementlogic.net\/fi\/toimialat\/verkkokauppa\/\" \/>\n<meta property=\"og:locale\" content=\"fi_FI\" \/>\n<meta property=\"og:type\" content=\"article\" \/>\n<meta property=\"og:title\" content=\"Verkkokauppa\" \/>\n<meta property=\"og:description\" content=\"Element Logic auttaa kaikenkokoisia verkkokauppayrityksi\u00e4 vastaamaan asiakkaiden vaatimuksiin \u00e4lykk\u00e4\u00e4n varastoautomaation avulla.\" \/>\n<meta property=\"og:url\" content=\"https:\/\/www.elementlogic.net\/fi\/toimialat\/verkkokauppa\/\" \/>\n<meta property=\"og:site_name\" content=\"Element Logic Finland\" \/>\n<meta property=\"article:modified_time\" content=\"2026-04-07T20:04:24+00:00\" \/>\n<meta name=\"twitter:card\" content=\"summary_large_image\" \/>\n<meta name=\"twitter:label1\" content=\"Arvioitu lukuaika\" \/>\n\t<meta name=\"twitter:data1\" content=\"1 minuutti\" \/>\n<script type=\"application\/ld+json\" class=\"yoast-schema-graph\">{\"@context\":\"https:\/\/schema.org\",\"@graph\":[{\"@type\":\"WebPage\",\"@id\":\"https:\/\/www.elementlogic.net\/fi\/toimialat\/verkkokauppa\/\",\"url\":\"https:\/\/www.elementlogic.net\/fi\/toimialat\/verkkokauppa\/\",\"name\":\"Verkkokauppa - Element Logic Finland\",\"isPartOf\":{\"@id\":\"https:\/\/www.elementlogic.net\/fi\/#website\"},\"datePublished\":\"2026-04-07T20:04:10+00:00\",\"dateModified\":\"2026-04-07T20:04:24+00:00\",\"description\":\"Element Logic auttaa kaikenkokoisia verkkokauppayrityksi\u00e4 vastaamaan asiakkaiden vaatimuksiin \u00e4lykk\u00e4\u00e4n varastoautomaation avulla.\",\"breadcrumb\":{\"@id\":\"https:\/\/www.elementlogic.net\/fi\/toimialat\/verkkokauppa\/#breadcrumb\"},\"inLanguage\":\"fi\",\"potentialAction\":[{\"@type\":\"ReadAction\",\"target\":[\"https:\/\/www.elementlogic.net\/fi\/toimialat\/verkkokauppa\/\"]}]},{\"@type\":\"BreadcrumbList\",\"@id\":\"https:\/\/www.elementlogic.net\/fi\/toimialat\/verkkokauppa\/#breadcrumb\",\"itemListElement\":[{\"@type\":\"ListItem\",\"position\":1,\"name\":\"Toimialat\",\"item\":\"https:\/\/www.elementlogic.net\/fi\/toimialat\/\"},{\"@type\":\"ListItem\",\"position\":2,\"name\":\"Verkkokauppa\"}]},{\"@type\":\"WebSite\",\"@id\":\"https:\/\/www.elementlogic.net\/fi\/#website\",\"url\":\"https:\/\/www.elementlogic.net\/fi\/\",\"name\":\"Element Logic Finland\",\"description\":\"\",\"potentialAction\":[{\"@type\":\"SearchAction\",\"target\":{\"@type\":\"EntryPoint\",\"urlTemplate\":\"https:\/\/www.elementlogic.net\/fi\/?s={search_term_string}\"},\"query-input\":{\"@type\":\"PropertyValueSpecification\",\"valueRequired\":true,\"valueName\":\"search_term_string\"}}],\"inLanguage\":\"fi\"}]}<\/script>\n<!-- \/ Yoast SEO Premium plugin. -->","yoast_head_json":{"title":"Verkkokauppa - Element Logic Finland","description":"Element Logic auttaa kaikenkokoisia verkkokauppayrityksi\u00e4 vastaamaan asiakkaiden vaatimuksiin \u00e4lykk\u00e4\u00e4n varastoautomaation avulla.","robots":{"index":"index","follow":"follow","max-snippet":"max-snippet:-1","max-image-preview":"max-image-preview:large","max-video-preview":"max-video-preview:-1"},"canonical":"https:\/\/www.elementlogic.net\/fi\/toimialat\/verkkokauppa\/","og_locale":"fi_FI","og_type":"article","og_title":"Verkkokauppa","og_description":"Element Logic auttaa kaikenkokoisia verkkokauppayrityksi\u00e4 vastaamaan asiakkaiden vaatimuksiin \u00e4lykk\u00e4\u00e4n varastoautomaation avulla.","og_url":"https:\/\/www.elementlogic.net\/fi\/toimialat\/verkkokauppa\/","og_site_name":"Element Logic Finland","article_modified_time":"2026-04-07T20:04:24+00:00","twitter_card":"summary_large_image","twitter_misc":{"Arvioitu lukuaika":"1 minuutti"},"schema":{"@context":"https:\/\/schema.org","@graph":[{"@type":"WebPage","@id":"https:\/\/www.elementlogic.net\/fi\/toimialat\/verkkokauppa\/","url":"https:\/\/www.elementlogic.net\/fi\/toimialat\/verkkokauppa\/","name":"Verkkokauppa - Element Logic Finland","isPartOf":{"@id":"https:\/\/www.elementlogic.net\/fi\/#website"},"datePublished":"2026-04-07T20:04:10+00:00","dateModified":"2026-04-07T20:04:24+00:00","description":"Element Logic auttaa kaikenkokoisia verkkokauppayrityksi\u00e4 vastaamaan asiakkaiden vaatimuksiin \u00e4lykk\u00e4\u00e4n varastoautomaation avulla.","breadcrumb":{"@id":"https:\/\/www.elementlogic.net\/fi\/toimialat\/verkkokauppa\/#breadcrumb"},"inLanguage":"fi","potentialAction":[{"@type":"ReadAction","target":["https:\/\/www.elementlogic.net\/fi\/toimialat\/verkkokauppa\/"]}]},{"@type":"BreadcrumbList","@id":"https:\/\/www.elementlogic.net\/fi\/toimialat\/verkkokauppa\/#breadcrumb","itemListElement":[{"@type":"ListItem","position":1,"name":"Toimialat","item":"https:\/\/www.elementlogic.net\/fi\/toimialat\/"},{"@type":"ListItem","position":2,"name":"Verkkokauppa"}]},{"@type":"WebSite","@id":"https:\/\/www.elementlogic.net\/fi\/#website","url":"https:\/\/www.elementlogic.net\/fi\/","name":"Element Logic Finland","description":"","potentialAction":[{"@type":"SearchAction","target":{"@type":"EntryPoint","urlTemplate":"https:\/\/www.elementlogic.net\/fi\/?s={search_term_string}"},"query-input":{"@type":"PropertyValueSpecification","valueRequired":true,"valueName":"search_term_string"}}],"inLanguage":"fi"}]}},"_links":{"self":[{"href":"https:\/\/www.elementlogic.net\/fi\/wp-json\/wp\/v2\/pages\/2650"}],"collection":[{"href":"https:\/\/www.elementlogic.net\/fi\/wp-json\/wp\/v2\/pages"}],"about":[{"href":"https:\/\/www.elementlogic.net\/fi\/wp-json\/wp\/v2\/types\/page"}],"author":[{"embeddable":true,"href":"https:\/\/www.elementlogic.net\/fi\/wp-json\/wp\/v2\/users\/2"}],"replies":[{"embeddable":true,"href":"https:\/\/www.elementlogic.net\/fi\/wp-json\/wp\/v2\/comments?post=2650"}],"version-history":[{"count":4,"href":"https:\/\/www.elementlogic.net\/fi\/wp-json\/wp\/v2\/pages\/2650\/revisions"}],"predecessor-version":[{"id":2989,"href":"https:\/\/www.elementlogic.net\/fi\/wp-json\/wp\/v2\/pages\/2650\/revisions\/2989"}],"up":[{"embeddable":true,"href":"https:\/\/www.elementlogic.net\/fi\/wp-json\/wp\/v2\/pages\/2674"}],"wp:attachment":[{"href":"https:\/\/www.elementlogic.net\/fi\/wp-json\/wp\/v2\/media?parent=2650"}],"curies":[{"name":"wp","href":"https:\/\/api.w.org\/{rel}","templated":true}]}}