{"id":2652,"date":"2026-04-07T20:51:20","date_gmt":"2026-04-07T20:51:20","guid":{"rendered":"https:\/\/www.elementlogic.net\/fi\/?page_id=2652"},"modified":"2026-04-27T10:55:15","modified_gmt":"2026-04-27T10:55:15","slug":"ruoan-verkkokauppa","status":"publish","type":"page","link":"https:\/\/www.elementlogic.net\/fi\/toimialat\/ruoan-verkkokauppa\/","title":{"rendered":"Ruoan verkkokauppa"},"content":{"rendered":"\n\t\t<div style=\"--dekode-hero-dim:0.5; --t2-icon-fill:var(--wp--preset--color--white);\" class=\"alignfull dekode-hero-content-position-center has-media-background wp-block-dekode-hero has-text-color has-white-color\">\n\t\t\t<img loading=\"lazy\" decoding=\"async\" width=\"1024\" height=\"1024\" src=\"https:\/\/www.elementlogic.net\/content\/uploads\/sites\/23\/2026\/04\/egrocery-1.png\" class=\"dekode-hero__image\" alt=\"\" style=\"--focalpoint: 63% 74%;\" srcset=\"https:\/\/www.elementlogic.net\/content\/uploads\/sites\/23\/2026\/04\/egrocery-1.png 1024w, https:\/\/www.elementlogic.net\/content\/uploads\/sites\/23\/2026\/04\/egrocery-1-300x300.png 300w, https:\/\/www.elementlogic.net\/content\/uploads\/sites\/23\/2026\/04\/egrocery-1-150x150.png 150w, https:\/\/www.elementlogic.net\/content\/uploads\/sites\/23\/2026\/04\/egrocery-1-768x768.png 768w\" sizes=\"(max-width: 1024px) 100vw, 1024px\" \/>\n\t\t\t<div class=\"dekode-hero__content\">\n\t\t\t\t<div class=\"dekode-hero__container\">\n\t\t\t\t\t\n\n<p><\/p>\n\n\n\n<h1 class=\"wp-block-heading\" id=\"h-ruoan-verkkokauppa\"><strong>Ruoan verkkokauppa<\/strong><\/h1>\n\n\n<p class=\"t2-ingress wp-block-t2-ingress\">Tuoretta, nopeaa ja t\u00e4ysin automatisoitua<\/p>\n\n\n<div class=\"wp-block-buttons is-layout-flex wp-block-buttons-is-layout-flex\">\n<div class=\"wp-block-button hs-cta-trigger-button hs-cta-trigger-button-195241208906 has-icon has-icon-theme_arrow\"><a class=\"wp-block-button__link wp-element-button\" href=\"https:\/\/www.elementlogic.net\/fi\/ota-yhteytta\/\">Ota yhteytt\u00e4<svg xmlns=\"http:\/\/www.w3.org\/2000\/svg\" viewBox=\"0 0 24 24\" height=\"24\" width=\"24\" class=\"t2-icon t2-icon-theme_arrow\" aria-hidden=\"true\" focusable=\"false\"><path d=\"M16.627 12.75H5.25C5.03717 12.75 4.859 12.6782 4.7155 12.5345C4.57183 12.391 4.5 12.2128 4.5 12C4.5 11.7872 4.57183 11.609 4.7155 11.4655C4.859 11.3218 5.03717 11.25 5.25 11.25H16.627L11.4577 6.08076C11.3091 5.93209 11.2357 5.75809 11.2375 5.55876C11.2395 5.35942 11.318 5.18217 11.473 5.02701C11.6282 4.88217 11.8038 4.80717 12 4.80201C12.1962 4.79684 12.3718 4.87184 12.527 5.02701L18.8673 11.3673C18.9609 11.4609 19.0269 11.5597 19.0652 11.6635C19.1037 11.7673 19.123 11.8795 19.123 12C19.123 12.1205 19.1037 12.2327 19.0652 12.3365C19.0269 12.4403 18.9609 12.5391 18.8673 12.6328L12.527 18.973C12.3885 19.1115 12.217 19.1823 12.0125 19.1855C11.808 19.1887 11.6282 19.1178 11.473 18.973C11.318 18.8178 11.2405 18.6397 11.2405 18.4385C11.2405 18.2372 11.318 18.0589 11.473 17.9038L16.627 12.75Z\" fill=\"var(--t2-icon-fill, #000)\"\/><\/svg><\/a><\/div>\n<\/div>\n\n\n\t\t\t\t<\/div>\n\t\t\t<\/div>\n\t\t<\/div>\n\t\t\n\n<p class=\"t2-ingress wp-block-t2-ingress\">Ruoan verkkokaupassa nopeudella ja l\u00e4mp\u00f6tilalla on v\u00e4li\u00e4. Asiakkaat odottavat tuoreiden, pakastettujen ja huoneenl\u00e4mm\u00f6ss\u00e4 s\u00e4ilyvien tuotteiden nopeaa ja tarkkaa toimitusta eiv\u00e4tk\u00e4 he hyv\u00e4ksy virheit\u00e4. Koska katteet ovat pienet ja kiertonopeus suuri, tehokkuus on menestyksen edellytys.\u00a0\u00a0<\/p>\n\n\n<p><\/p>\n\n\n\n<p>Element Logic auttaa ruoan verkkokauppoja toimittamaan tilaukset <strong>nopeasti, t\u00e4sm\u00e4llisesti ja l\u00e4mp\u00f6tilahallitusti<\/strong>. Yli 40 vuoden sis\u00e4logistiikan asiantuntemuksella suunnittelemme automaatioj\u00e4rjestelmi\u00e4, jotka pit\u00e4v\u00e4t elintarvikkeet tuoreina, sujuvoittavat tilausvirtaa ja v\u00e4hent\u00e4v\u00e4t k\u00e4ytt\u00f6kustannuksia niin huoneenl\u00e4mp\u00f6isiss\u00e4, viileiss\u00e4 kuin pakastetiloissa.&nbsp;<\/p>\n\n\n\n<div class=\"wp-block-group has-global-padding is-layout-constrained wp-block-group-is-layout-constrained\">\n<h2 class=\"wp-block-heading wp-container-content-1\" id=\"h-ruoan-verkkokaupan-haasteet-nbsp\">Ruoan verkkokaupan haasteet&nbsp;<\/h2>\n\n\n\n<ul class=\"wp-block-list\">\n<li>Huoneenl\u00e4mp\u00f6isten, viileiden ja pakasteiden varastoinnin hallinta samassa yksik\u00f6ss\u00e4<\/li>\n\n\n\n<li>Lyhyen s\u00e4ilyvyysajan ja tiukkojen tuoreusvaatimusten noudattaminen<\/li>\n\n\n\n<li>Suurten tilausm\u00e4\u00e4rien k\u00e4sittely pienill\u00e4 ja monipuolisilla ostoskoreilla<\/li>\n\n\n\n<li>Nousevien ty\u00f6voimakustannusten ja henkil\u00f6st\u00f6n vaihtuvuuden ratkaiseminen<\/li>\n\n\n\n<li>Asiakkaiden saman ja seuraavan p\u00e4iv\u00e4n toimitusvaatimuksiin vastaaminen<\/li>\n<\/ul>\n<\/div>\n\n\n\n\t\t<div style=\"--dekode-hero-dim:0.5; --t2-icon-fill:var(--wp--preset--color--white);\" class=\"alignfull dekode-hero-content-position-center has-media-background wp-block-dekode-hero has-text-color has-white-color\">\n\t\t\t\t\t<video\n\t\t\tautoplay\n\t\t\tloop\n\t\t\tmuted\n\t\t\tplaysinline\n\t\t\tposter=\"\"\n\t\t\tsrc=\"https:\/\/www.elementlogic.net\/content\/uploads\/2024\/07\/solutions-and-services.mp4\">\n\t\t<\/video>\n\t\t\n\t\t\t<div class=\"dekode-hero__content\">\n\t\t\t\t<div class=\"dekode-hero__container\">\n\t\t\t\t\t\n\n<h2 class=\"wp-block-heading\" id=\"h-johtavien-ruoan-verkkokauppojen-luottama\">Johtavien ruoan verkkokauppojen luottama:<\/h2>\n\n\n\t\t\t\t<\/div>\n\t\t\t<\/div>\n\t\t<\/div>\n\t\t\n\n<div class=\"t2-featured-content-layout alignwide wp-block-t2-featured-content-layout\">\n<div class=\"t2-featured-query-post t2-featured-content is-post-type-case case_tax-ruoan-verkkokauppa case_tax-vahittaiskauppa wp-block-t2-featured-query-post t2-featured-content-layout-col-6\"><a class=\"t2-post-link wp-block-t2-post-link\" href=\"https:\/\/www.elementlogic.net\/fi\/cases\/matsmartin-matka-kohti-tehokkaampaa-tulevaisuutta\/\">\n\t<div class=\"client-logo-image-wrapper\"><img loading=\"lazy\" decoding=\"async\" width=\"300\" height=\"81\" src=\"https:\/\/www.elementlogic.net\/content\/uploads\/sites\/23\/\/2024\/09\/matsmart-logo-300x81.webp\" class=\"client-logo-image\" alt=\"Matsmart logo\" \/><\/div>\n\t<figure style=\"--t2-focal-point: 50% 50%;\" class=\"t2-post-featured-image has-image-ratio-3-2 wp-block-t2-post-featured-image\"><img loading=\"lazy\" decoding=\"async\" width=\"1600\" height=\"900\" src=\"https:\/\/www.elementlogic.net\/content\/uploads\/sites\/23\/\/2024\/09\/image-31.png\" class=\"attachment-post-thumbnail size-post-thumbnail wp-post-image\" alt=\"Matsmart\" srcset=\"https:\/\/www.elementlogic.net\/content\/uploads\/sites\/23\/2024\/09\/image-31.png 1600w, https:\/\/www.elementlogic.net\/content\/uploads\/sites\/23\/2024\/09\/image-31-300x169.png 300w, https:\/\/www.elementlogic.net\/content\/uploads\/sites\/23\/2024\/09\/image-31-1024x576.png 1024w, https:\/\/www.elementlogic.net\/content\/uploads\/sites\/23\/2024\/09\/image-31-768x432.png 768w, https:\/\/www.elementlogic.net\/content\/uploads\/sites\/23\/2024\/09\/image-31-1536x864.png 1536w\" sizes=\"(max-width: 1600px) 100vw, 1600px\" \/><\/figure>\n\t\n<\/a>\n\n\t\t<div class=\"card-content wp-block-t2-wrapper\">\n\t<div class=\"wp-block-dekode-post-terms\"><span>Ruoan verkkokauppa<\/span><span>V\u00e4hitt\u00e4iskauppa<\/span><\/div>\n\t<h3 class=\"t2-post-title wp-block-t2-post-title\"><a href=\"https:\/\/www.elementlogic.net\/fi\/cases\/matsmartin-matka-kohti-tehokkaampaa-tulevaisuutta\/\" target=\"_self\" >Matsmartin matka kohti tehokkaampaa tulevaisuutta<\/a><\/h3>\n\t<div class=\"t2-post-excerpt wp-block-t2-post-excerpt\"><p>Matsmart on merkitt\u00e4v\u00e4 toimija nopeasti kasvavalla s\u00e4hk\u00f6isell\u00e4 p\u00e4ivitt\u00e4istavarakauppa-alalla. Yritys keskittyy kustannustehokkaisiin logistiikkaratkaisuihin sek\u00e4 kest\u00e4v\u00e4\u00e4n ruokateollisuuteen. Yhti\u00f6n strateginen investointi \u00d6rebron automatisoituun [&hellip;]<\/p><\/div>\n<\/div>\n<\/div>\n\n\n<\/div>\n\n\n<div class=\"wp-block-buttons is-layout-flex wp-block-buttons-is-layout-flex\">\n<div class=\"wp-block-button\"><a class=\"wp-block-button__link wp-element-button\" href=\"https:\/\/www.elementlogic.net\/fi\/cases\/category\/ruoan-verkkokauppa\/\">Tutustu muihin eGrocery-asiakastarinoihin<\/a><\/div>\n<\/div>\n\n\n\n<div class=\"wp-block-group alignwide has-global-padding is-layout-constrained wp-block-group-is-layout-constrained\">\n<h2 class=\"wp-block-heading wp-container-content-2\" id=\"h-miksi-ruoan-verkkokaupat-valitsevat-element-logicin\">Miksi ruoan verkkokaupat valitsevat Element Logicin?<\/h2>\n\n\n\n<ul class=\"wp-block-list\">\n<li>Tuoreuden varmistaminen huoneenl\u00e4mp\u00f6isiss\u00e4, viileiss\u00e4 ja pakastetuissa varastointialueissa<\/li>\n\n\n\n<li>Nopeuden ja skaalautuvuuden saavuttaminen toimituslupausten t\u00e4ytt\u00e4miseksi<\/li>\n\n\n\n<li>K\u00e4ytt\u00f6kustannusten pienent\u00e4minen automaation ja ty\u00f6tehon avulla<\/li>\n\n\n\n<li>Hy\u00f6ty globaalista asiantuntemuksesta elintarvikealan ja kylm\u00e4ketjun automaatiossa<\/li>\n<\/ul>\n<\/div>\n\n\n\n<div style=\"height:100px\" aria-hidden=\"true\" class=\"wp-block-spacer\"><\/div>\n\n\n\n\t\t<div style=\"--dekode-hero-dim:0.6; --t2-icon-fill:var(--wp--preset--color--white);\" class=\"alignfull dekode-hero-content-position-center has-media-background wp-block-dekode-hero has-text-color has-white-color\">\n\t\t\t<img loading=\"lazy\" decoding=\"async\" width=\"1024\" height=\"683\" src=\"https:\/\/www.elementlogic.net\/content\/uploads\/sites\/23\/2026\/04\/egrocery3-1-1024x683.png\" class=\"dekode-hero__image\" alt=\"\" style=\"--focalpoint: 75% 71%;\" srcset=\"https:\/\/www.elementlogic.net\/content\/uploads\/sites\/23\/2026\/04\/egrocery3-1-1024x683.png 1024w, https:\/\/www.elementlogic.net\/content\/uploads\/sites\/23\/2026\/04\/egrocery3-1-300x200.png 300w, https:\/\/www.elementlogic.net\/content\/uploads\/sites\/23\/2026\/04\/egrocery3-1-768x512.png 768w, https:\/\/www.elementlogic.net\/content\/uploads\/sites\/23\/2026\/04\/egrocery3-1.png 1536w\" sizes=\"(max-width: 1024px) 100vw, 1024px\" \/>\n\t\t\t<div class=\"dekode-hero__content\">\n\t\t\t\t<div class=\"dekode-hero__container\">\n\t\t\t\t\t\n\n<h1 class=\"wp-block-heading\" id=\"h-toimita-tuoreutta-suuressa-mittakaavassa-varastoautomaation-avulla\"><strong>Toimita tuoreutta suuressa mittakaavassa varastoautomaation avulla.<\/strong><\/h1>\n\n\n\n<div class=\"wp-block-buttons is-layout-flex wp-block-buttons-is-layout-flex\">\n<div class=\"wp-block-button http:\/\/hs-cta-trigger-button hs-cta-trigger-button-195241208906\"><a class=\"wp-block-button__link wp-element-button\" href=\"https:\/\/www.elementlogic.net\/fi\/ota-yhteytta\/\">Ota yhteytt\u00e4 jo t\u00e4n\u00e4\u00e4n<\/a><\/div>\n<\/div>\n\n\n\t\t\t\t<\/div>\n\t\t\t<\/div>\n\t\t<\/div>\n\t\t\n\n\n<p><\/p>\n","protected":false},"excerpt":{"rendered":"<p>Element Logic auttaa ruoan verkkokauppoja toimittamaan tilaukset nopeasti, t\u00e4sm\u00e4llisesti ja l\u00e4mp\u00f6tilahallitusti. Yli 40 vuoden sis\u00e4logistiikan asiantuntemuksella suunnittelemme automaatioj\u00e4rjestelmi\u00e4, jotka pit\u00e4v\u00e4t [&hellip;]<\/p>\n","protected":false},"author":2,"featured_media":0,"parent":2674,"menu_order":0,"comment_status":"closed","ping_status":"closed","template":"","meta":{"hreflang_relation":4848,"_el_cross_publish_source_blog_url":"","_el_cross_publish_source_blog_id":0,"_el_cross_publish_source_post_id":0,"_el_cross_publish_sync_state":"","exclude_from_search":false,"footnotes":""},"class_list":["post-2652","page","type-page","status-publish","hentry"],"yoast_head":"<!-- This site is optimized with the Yoast SEO Premium plugin v23.9 (Yoast SEO v23.9) - https:\/\/yoast.com\/wordpress\/plugins\/seo\/ -->\n<title>Ruoan verkkokauppa - Element Logic Finland<\/title>\n<meta name=\"description\" content=\"Autamme yli 40 vuoden sis\u00e4logistiikan asiantuntemuksella ruoan verkkokauppoja toimittamaan tilaukset nopeasti ja t\u00e4sm\u00e4llisesti.\" \/>\n<meta name=\"robots\" content=\"index, follow, max-snippet:-1, max-image-preview:large, max-video-preview:-1\" \/>\n<link rel=\"canonical\" href=\"https:\/\/www.elementlogic.net\/fi\/toimialat\/ruoan-verkkokauppa\/\" \/>\n<meta property=\"og:locale\" content=\"fi_FI\" \/>\n<meta property=\"og:type\" content=\"article\" \/>\n<meta property=\"og:title\" content=\"Ruoan verkkokauppa\" \/>\n<meta property=\"og:description\" content=\"Autamme yli 40 vuoden sis\u00e4logistiikan asiantuntemuksella ruoan verkkokauppoja toimittamaan tilaukset nopeasti ja t\u00e4sm\u00e4llisesti.\" \/>\n<meta property=\"og:url\" content=\"https:\/\/www.elementlogic.net\/fi\/toimialat\/ruoan-verkkokauppa\/\" \/>\n<meta property=\"og:site_name\" content=\"Element Logic Finland\" \/>\n<meta property=\"article:modified_time\" content=\"2026-04-27T10:55:15+00:00\" \/>\n<meta name=\"twitter:card\" content=\"summary_large_image\" \/>\n<meta name=\"twitter:label1\" content=\"Arvioitu lukuaika\" \/>\n\t<meta name=\"twitter:data1\" content=\"1 minuutti\" \/>\n<script type=\"application\/ld+json\" class=\"yoast-schema-graph\">{\"@context\":\"https:\/\/schema.org\",\"@graph\":[{\"@type\":\"WebPage\",\"@id\":\"https:\/\/www.elementlogic.net\/fi\/toimialat\/ruoan-verkkokauppa\/\",\"url\":\"https:\/\/www.elementlogic.net\/fi\/toimialat\/ruoan-verkkokauppa\/\",\"name\":\"Ruoan verkkokauppa - Element Logic Finland\",\"isPartOf\":{\"@id\":\"https:\/\/www.elementlogic.net\/fi\/#website\"},\"datePublished\":\"2026-04-07T20:51:20+00:00\",\"dateModified\":\"2026-04-27T10:55:15+00:00\",\"description\":\"Autamme yli 40 vuoden sis\u00e4logistiikan asiantuntemuksella ruoan verkkokauppoja toimittamaan tilaukset nopeasti ja t\u00e4sm\u00e4llisesti.\",\"breadcrumb\":{\"@id\":\"https:\/\/www.elementlogic.net\/fi\/toimialat\/ruoan-verkkokauppa\/#breadcrumb\"},\"inLanguage\":\"fi\",\"potentialAction\":[{\"@type\":\"ReadAction\",\"target\":[\"https:\/\/www.elementlogic.net\/fi\/toimialat\/ruoan-verkkokauppa\/\"]}]},{\"@type\":\"BreadcrumbList\",\"@id\":\"https:\/\/www.elementlogic.net\/fi\/toimialat\/ruoan-verkkokauppa\/#breadcrumb\",\"itemListElement\":[{\"@type\":\"ListItem\",\"position\":1,\"name\":\"Toimialat\",\"item\":\"https:\/\/www.elementlogic.net\/fi\/toimialat\/\"},{\"@type\":\"ListItem\",\"position\":2,\"name\":\"Ruoan verkkokauppa\"}]},{\"@type\":\"WebSite\",\"@id\":\"https:\/\/www.elementlogic.net\/fi\/#website\",\"url\":\"https:\/\/www.elementlogic.net\/fi\/\",\"name\":\"Element Logic Finland\",\"description\":\"\",\"potentialAction\":[{\"@type\":\"SearchAction\",\"target\":{\"@type\":\"EntryPoint\",\"urlTemplate\":\"https:\/\/www.elementlogic.net\/fi\/?s={search_term_string}\"},\"query-input\":{\"@type\":\"PropertyValueSpecification\",\"valueRequired\":true,\"valueName\":\"search_term_string\"}}],\"inLanguage\":\"fi\"}]}<\/script>\n<!-- \/ Yoast SEO Premium plugin. -->","yoast_head_json":{"title":"Ruoan verkkokauppa - Element Logic Finland","description":"Autamme yli 40 vuoden sis\u00e4logistiikan asiantuntemuksella ruoan verkkokauppoja toimittamaan tilaukset nopeasti ja t\u00e4sm\u00e4llisesti.","robots":{"index":"index","follow":"follow","max-snippet":"max-snippet:-1","max-image-preview":"max-image-preview:large","max-video-preview":"max-video-preview:-1"},"canonical":"https:\/\/www.elementlogic.net\/fi\/toimialat\/ruoan-verkkokauppa\/","og_locale":"fi_FI","og_type":"article","og_title":"Ruoan verkkokauppa","og_description":"Autamme yli 40 vuoden sis\u00e4logistiikan asiantuntemuksella ruoan verkkokauppoja toimittamaan tilaukset nopeasti ja t\u00e4sm\u00e4llisesti.","og_url":"https:\/\/www.elementlogic.net\/fi\/toimialat\/ruoan-verkkokauppa\/","og_site_name":"Element Logic Finland","article_modified_time":"2026-04-27T10:55:15+00:00","twitter_card":"summary_large_image","twitter_misc":{"Arvioitu lukuaika":"1 minuutti"},"schema":{"@context":"https:\/\/schema.org","@graph":[{"@type":"WebPage","@id":"https:\/\/www.elementlogic.net\/fi\/toimialat\/ruoan-verkkokauppa\/","url":"https:\/\/www.elementlogic.net\/fi\/toimialat\/ruoan-verkkokauppa\/","name":"Ruoan verkkokauppa - Element Logic Finland","isPartOf":{"@id":"https:\/\/www.elementlogic.net\/fi\/#website"},"datePublished":"2026-04-07T20:51:20+00:00","dateModified":"2026-04-27T10:55:15+00:00","description":"Autamme yli 40 vuoden sis\u00e4logistiikan asiantuntemuksella ruoan verkkokauppoja toimittamaan tilaukset nopeasti ja t\u00e4sm\u00e4llisesti.","breadcrumb":{"@id":"https:\/\/www.elementlogic.net\/fi\/toimialat\/ruoan-verkkokauppa\/#breadcrumb"},"inLanguage":"fi","potentialAction":[{"@type":"ReadAction","target":["https:\/\/www.elementlogic.net\/fi\/toimialat\/ruoan-verkkokauppa\/"]}]},{"@type":"BreadcrumbList","@id":"https:\/\/www.elementlogic.net\/fi\/toimialat\/ruoan-verkkokauppa\/#breadcrumb","itemListElement":[{"@type":"ListItem","position":1,"name":"Toimialat","item":"https:\/\/www.elementlogic.net\/fi\/toimialat\/"},{"@type":"ListItem","position":2,"name":"Ruoan verkkokauppa"}]},{"@type":"WebSite","@id":"https:\/\/www.elementlogic.net\/fi\/#website","url":"https:\/\/www.elementlogic.net\/fi\/","name":"Element Logic Finland","description":"","potentialAction":[{"@type":"SearchAction","target":{"@type":"EntryPoint","urlTemplate":"https:\/\/www.elementlogic.net\/fi\/?s={search_term_string}"},"query-input":{"@type":"PropertyValueSpecification","valueRequired":true,"valueName":"search_term_string"}}],"inLanguage":"fi"}]}},"_links":{"self":[{"href":"https:\/\/www.elementlogic.net\/fi\/wp-json\/wp\/v2\/pages\/2652"}],"collection":[{"href":"https:\/\/www.elementlogic.net\/fi\/wp-json\/wp\/v2\/pages"}],"about":[{"href":"https:\/\/www.elementlogic.net\/fi\/wp-json\/wp\/v2\/types\/page"}],"author":[{"embeddable":true,"href":"https:\/\/www.elementlogic.net\/fi\/wp-json\/wp\/v2\/users\/2"}],"replies":[{"embeddable":true,"href":"https:\/\/www.elementlogic.net\/fi\/wp-json\/wp\/v2\/comments?post=2652"}],"version-history":[{"count":5,"href":"https:\/\/www.elementlogic.net\/fi\/wp-json\/wp\/v2\/pages\/2652\/revisions"}],"predecessor-version":[{"id":3138,"href":"https:\/\/www.elementlogic.net\/fi\/wp-json\/wp\/v2\/pages\/2652\/revisions\/3138"}],"up":[{"embeddable":true,"href":"https:\/\/www.elementlogic.net\/fi\/wp-json\/wp\/v2\/pages\/2674"}],"wp:attachment":[{"href":"https:\/\/www.elementlogic.net\/fi\/wp-json\/wp\/v2\/media?parent=2652"}],"curies":[{"name":"wp","href":"https:\/\/api.w.org\/{rel}","templated":true}]}}