{"id":2654,"date":"2026-04-07T21:06:19","date_gmt":"2026-04-07T21:06:19","guid":{"rendered":"https:\/\/www.elementlogic.net\/fi\/?page_id=2654"},"modified":"2026-04-07T21:06:31","modified_gmt":"2026-04-07T21:06:31","slug":"3pl","status":"publish","type":"page","link":"https:\/\/www.elementlogic.net\/fi\/toimialat\/3pl\/","title":{"rendered":"3PL"},"content":{"rendered":"\n\t\t<div style=\"--dekode-hero-dim:0.5; --t2-icon-fill:var(--wp--preset--color--white);\" class=\"alignfull dekode-hero-content-position-center has-media-background wp-block-dekode-hero has-text-color has-white-color\">\n\t\t\t<img loading=\"lazy\" decoding=\"async\" width=\"1024\" height=\"1024\" src=\"https:\/\/www.elementlogic.net\/content\/uploads\/sites\/23\/2026\/04\/3pl-hub-1.png\" class=\"dekode-hero__image\" alt=\"\" style=\"--focalpoint: 48% 51%;\" srcset=\"https:\/\/www.elementlogic.net\/content\/uploads\/sites\/23\/2026\/04\/3pl-hub-1.png 1024w, https:\/\/www.elementlogic.net\/content\/uploads\/sites\/23\/2026\/04\/3pl-hub-1-300x300.png 300w, https:\/\/www.elementlogic.net\/content\/uploads\/sites\/23\/2026\/04\/3pl-hub-1-150x150.png 150w, https:\/\/www.elementlogic.net\/content\/uploads\/sites\/23\/2026\/04\/3pl-hub-1-768x768.png 768w\" sizes=\"(max-width: 1024px) 100vw, 1024px\" \/>\n\t\t\t<div class=\"dekode-hero__content\">\n\t\t\t\t<div class=\"dekode-hero__container\">\n\t\t\t\t\t\n\n<p><\/p>\n\n\n\n<h1 class=\"wp-block-heading\" id=\"h-3pl-amp-logistiikkapalveluntarjoajat\"><strong>3PL &amp; logistiikkapalveluntarjoajat<\/strong><\/h1>\n\n\n<p class=\"t2-ingress wp-block-t2-ingress\">\u00c4lykk\u00e4\u00e4mp\u00e4\u00e4 automaatiota joustavaan tilaustenhallintaan<\/p>\n\n\n<div class=\"wp-block-buttons is-layout-flex wp-block-buttons-is-layout-flex\">\n<div class=\"wp-block-button hs-cta-trigger-button hs-cta-trigger-button-195241208906 has-icon has-icon-theme_arrow\"><a class=\"wp-block-button__link wp-element-button\" href=\"https:\/\/www.elementlogic.net\/fi\/ota-yhteytta\/\">Ota yhteytt\u00e4<svg xmlns=\"http:\/\/www.w3.org\/2000\/svg\" viewBox=\"0 0 24 24\" height=\"24\" width=\"24\" class=\"t2-icon t2-icon-theme_arrow\" aria-hidden=\"true\" focusable=\"false\"><path d=\"M16.627 12.75H5.25C5.03717 12.75 4.859 12.6782 4.7155 12.5345C4.57183 12.391 4.5 12.2128 4.5 12C4.5 11.7872 4.57183 11.609 4.7155 11.4655C4.859 11.3218 5.03717 11.25 5.25 11.25H16.627L11.4577 6.08076C11.3091 5.93209 11.2357 5.75809 11.2375 5.55876C11.2395 5.35942 11.318 5.18217 11.473 5.02701C11.6282 4.88217 11.8038 4.80717 12 4.80201C12.1962 4.79684 12.3718 4.87184 12.527 5.02701L18.8673 11.3673C18.9609 11.4609 19.0269 11.5597 19.0652 11.6635C19.1037 11.7673 19.123 11.8795 19.123 12C19.123 12.1205 19.1037 12.2327 19.0652 12.3365C19.0269 12.4403 18.9609 12.5391 18.8673 12.6328L12.527 18.973C12.3885 19.1115 12.217 19.1823 12.0125 19.1855C11.808 19.1887 11.6282 19.1178 11.473 18.973C11.318 18.8178 11.2405 18.6397 11.2405 18.4385C11.2405 18.2372 11.318 18.0589 11.473 17.9038L16.627 12.75Z\" fill=\"var(--t2-icon-fill, #000)\"\/><\/svg><\/a><\/div>\n<\/div>\n\n\n\t\t\t\t<\/div>\n\t\t\t<\/div>\n\t\t<\/div>\n\t\t\n\n<p class=\"t2-ingress wp-block-t2-ingress\">Kolmannen osapuolen logistiikkapalveluntarjoajana (3PL) asiakkaasi odottavat nopeutta, tarkkuutta ja skaalautuvuutta ilman kompromisseja. Olipa kyseess\u00e4 verkkokauppa, myym\u00e4l\u00e4t\u00e4ydennykset tai B2B-jakelu, Element Logic toimittaa automaatioratkaisuja, jotka varmistavat luotettavuuden, joustavuuden ja tehokkuuden jokaiselle asiakkaalle.\u00a0\u00a0<\/p>\n\n\n<p><\/p>\n\n\n\n<p>Yli 40 vuoden sis\u00e4logistiikan asiantuntemuksella autamme 3PL-toimijoita sopeutumaan nopeasti muuttuviin vaatimuksiin, v\u00e4hent\u00e4m\u00e4\u00e4n k\u00e4ytt\u00f6kustannuksia ja rakentamaan kest\u00e4vi\u00e4 logistiikkatoimintoja.\u00a0<\/p>\n\n\n\n<div class=\"wp-block-group has-global-padding is-layout-constrained wp-block-group-is-layout-constrained\">\n<h2 class=\"wp-block-heading wp-container-content-1\" id=\"h-3pl-toimijoiden-kohtaamat-haasteet\"><strong>3PL-toimijoiden kohtaamat haasteet<\/strong><\/h2>\n\n\n\n<ul class=\"wp-block-list\">\n<li>Kausivaihteluiden ja ennustamattoman kysynn\u00e4n hallinta<\/li>\n\n\n\n<li>Monipuolisten tuotevalikoimien hallinta useille eri asiakkaille<\/li>\n\n\n\n<li>Nousevien ty\u00f6voimakustannusten ja ty\u00f6voimapulan ratkaiseminen<\/li>\n\n\n\n<li>Paine nopeampiin toimituksiin ja parempaan tarkkuuteen vastaaminen<\/li>\n\n\n\n<li>Skaalautuvien ja joustavien ratkaisujen tarjoaminen asiakkaiden odotusten t\u00e4ytt\u00e4miseksi<\/li>\n<\/ul>\n<\/div>\n\n\n\n\t\t<div style=\"--dekode-hero-dim:0.5; --t2-icon-fill:var(--wp--preset--color--white);\" class=\"alignfull dekode-hero-content-position-center has-media-background wp-block-dekode-hero has-text-color has-white-color\">\n\t\t\t\t\t<video\n\t\t\tautoplay\n\t\t\tloop\n\t\t\tmuted\n\t\t\tplaysinline\n\t\t\tposter=\"\"\n\t\t\tsrc=\"https:\/\/www.elementlogic.net\/content\/uploads\/2024\/07\/solutions-and-services.mp4\">\n\t\t<\/video>\n\t\t\n\t\t\t<div class=\"dekode-hero__content\">\n\t\t\t\t<div class=\"dekode-hero__container\">\n\t\t\t\t\t\n\n<h2 class=\"wp-block-heading\" id=\"h-johtavien-3pl-toimijoiden-luottama\">Johtavien 3PL-toimijoiden luottama:<\/h2>\n\n\n\t\t\t\t<\/div>\n\t\t\t<\/div>\n\t\t<\/div>\n\t\t\n\n<div class=\"t2-featured-content-layout alignwide wp-block-t2-featured-content-layout\">\n<div class=\"t2-featured-query-post t2-featured-content is-post-type-case case_tax-3pl wp-block-t2-featured-query-post\"><a class=\"t2-post-link wp-block-t2-post-link\" href=\"https:\/\/www.elementlogic.net\/fi\/cases\/rambergin-lajittelu-ja-lapikulkuprosessin-modernisointi\/\">\n\t<div class=\"client-logo-image-wrapper\"><img loading=\"lazy\" decoding=\"async\" width=\"251\" height=\"58\" src=\"https:\/\/www.elementlogic.net\/content\/uploads\/sites\/23\/2026\/04\/Ramberg-logo-reg.png\" class=\"client-logo-image\" alt=\"\" \/><\/div>\n\t<figure style=\"--t2-focal-point: 50% 50%;\" class=\"t2-post-featured-image has-image-ratio-3-2 wp-block-t2-post-featured-image\"><img loading=\"lazy\" decoding=\"async\" width=\"2560\" height=\"1440\" src=\"https:\/\/www.elementlogic.net\/content\/uploads\/sites\/23\/2026\/04\/Ramberg-omnimod.png\" class=\"attachment-post-thumbnail size-post-thumbnail wp-post-image\" alt=\"\" srcset=\"https:\/\/www.elementlogic.net\/content\/uploads\/sites\/23\/2026\/04\/Ramberg-omnimod.png 2560w, https:\/\/www.elementlogic.net\/content\/uploads\/sites\/23\/2026\/04\/Ramberg-omnimod-300x169.png 300w, https:\/\/www.elementlogic.net\/content\/uploads\/sites\/23\/2026\/04\/Ramberg-omnimod-1024x576.png 1024w, https:\/\/www.elementlogic.net\/content\/uploads\/sites\/23\/2026\/04\/Ramberg-omnimod-768x432.png 768w, https:\/\/www.elementlogic.net\/content\/uploads\/sites\/23\/2026\/04\/Ramberg-omnimod-1536x864.png 1536w, https:\/\/www.elementlogic.net\/content\/uploads\/sites\/23\/2026\/04\/Ramberg-omnimod-2048x1152.png 2048w\" sizes=\"(max-width: 2560px) 100vw, 2560px\" \/><\/figure>\n\t\n<\/a>\n\n\t\t<div class=\"card-content wp-block-t2-wrapper\">\n\t<div class=\"wp-block-dekode-post-terms\"><span>3PL<\/span><\/div>\n\t<h3 class=\"t2-post-title wp-block-t2-post-title\"><a href=\"https:\/\/www.elementlogic.net\/fi\/cases\/rambergin-lajittelu-ja-lapikulkuprosessin-modernisointi\/\" target=\"_self\" >Rambergin lajittelu- ja l\u00e4pikulkuprosessin modernisointi<\/a><\/h3>\n\t<div class=\"t2-post-excerpt wp-block-t2-post-excerpt\"><p>Ramberg k\u00e4sittelee vuosittain l\u00e4hes 10 miljoonaa pakettia useiden terminaalien kautta. Yhti\u00f6n toiminta kasvoi nopeasti erityisesti verkkokaupan ja 3PL-palveluiden vauhdittamana. Kasvu [&hellip;]<\/p><\/div>\n<\/div>\n<\/div>\n\n\n\n\n<\/div>\n\n\n<div class=\"wp-block-buttons is-layout-flex wp-block-buttons-is-layout-flex\">\n<div class=\"wp-block-button\"><a class=\"wp-block-button__link wp-element-button\" href=\"https:\/\/www.elementlogic.net\/fi\/cases\/category\/3pl\/\">Tutustu muihin 3PL-asiakastarinoihin<\/a><\/div>\n<\/div>\n\n\n\n<div class=\"wp-block-group alignwide has-global-padding is-layout-constrained wp-block-group-is-layout-constrained\">\n<h2 class=\"wp-block-heading wp-container-content-2\" id=\"h-miksi-3pl-toimijat-valitsevat-element-logicin\">Miksi 3PL-toimijat valitsevat Element Logicin<\/h2>\n\n\n\n<ul class=\"wp-block-list\">\n<li>Skaalautuvat j\u00e4rjestelm\u00e4t, jotka mukautuvat asiakaskohtaiseen kysynt\u00e4\u00e4n<\/li>\n\n\n\n<li>Nopea takaisinmaksuaika ty\u00f6tehon ja toiminnallisten s\u00e4\u00e4st\u00f6jen ansiosta<\/li>\n\n\n\n<li>Tulevaisuudenkest\u00e4v\u00e4 teknologia, joka on todistettu useilla toimialoilla<\/li>\n\n\n\n<li>Globaali asiantuntemus yhdistettyn\u00e4 paikalliseen tukeen<\/li>\n<\/ul>\n<\/div>\n\n\n\n<div style=\"height:100px;width:0px\" aria-hidden=\"true\" class=\"wp-block-spacer\"><\/div>\n\n\n\n\t\t<div style=\"--dekode-hero-dim:0.6; --t2-icon-fill:var(--wp--preset--color--white);\" class=\"alignfull dekode-hero-content-position-center has-media-background wp-block-dekode-hero has-text-color has-white-color\">\n\t\t\t<img loading=\"lazy\" decoding=\"async\" width=\"1024\" height=\"536\" src=\"https:\/\/www.elementlogic.net\/content\/uploads\/sites\/23\/2026\/02\/DSC2365-1024x536.jpg\" class=\"dekode-hero__image\" alt=\"Varastorobotti ja laatikoita\" style=\"--focalpoint: 75% 71%;\" srcset=\"https:\/\/www.elementlogic.net\/content\/uploads\/sites\/23\/2026\/02\/DSC2365-1024x536.jpg 1024w, https:\/\/www.elementlogic.net\/content\/uploads\/sites\/23\/2026\/02\/DSC2365-300x157.jpg 300w, https:\/\/www.elementlogic.net\/content\/uploads\/sites\/23\/2026\/02\/DSC2365-768x402.jpg 768w, https:\/\/www.elementlogic.net\/content\/uploads\/sites\/23\/2026\/02\/DSC2365.jpg 1200w\" sizes=\"(max-width: 1024px) 100vw, 1024px\" \/>\n\t\t\t<div class=\"dekode-hero__content\">\n\t\t\t\t<div class=\"dekode-hero__container\">\n\t\t\t\t\t\n\n<h1 class=\"wp-block-heading\" id=\"h-autamme-sinua-rakentamaan-tulevaisuuden-logistiikkakeskuksen\"><strong>Autamme sinua rakentamaan tulevaisuuden logistiikkakeskuksen.<\/strong><\/h1>\n\n\n\n<div class=\"wp-block-buttons is-layout-flex wp-block-buttons-is-layout-flex\">\n<div class=\"wp-block-button http:\/\/hs-cta-trigger-button hs-cta-trigger-button-195241208906\"><a class=\"wp-block-button__link wp-element-button\" href=\"https:\/\/www.elementlogic.net\/fi\/ota-yhteytta\/\">Ota yhteytt\u00e4 jo t\u00e4n\u00e4\u00e4n<\/a><\/div>\n<\/div>\n\n\n\t\t\t\t<\/div>\n\t\t\t<\/div>\n\t\t<\/div>\n\t\t\n\n\n<p><\/p>\n","protected":false},"excerpt":{"rendered":"<p>Yli 40 vuoden sis\u00e4logistiikan asiantuntemuksella autamme 3PL-toimijoita sopeutumaan nopeasti muuttuviin vaatimuksiin, v\u00e4hent\u00e4m\u00e4\u00e4n k\u00e4ytt\u00f6kustannuksia ja rakentamaan kest\u00e4vi\u00e4 logistiikkatoimintoja.\u00a0 3PL-toimijoiden kohtaamat haasteet [&hellip;]<\/p>\n","protected":false},"author":2,"featured_media":0,"parent":2674,"menu_order":0,"comment_status":"closed","ping_status":"closed","template":"","meta":{"hreflang_relation":4850,"_el_cross_publish_source_blog_url":"","_el_cross_publish_source_blog_id":0,"_el_cross_publish_source_post_id":0,"_el_cross_publish_sync_state":"","exclude_from_search":false,"footnotes":""},"class_list":["post-2654","page","type-page","status-publish","hentry"],"yoast_head":"<!-- This site is optimized with the Yoast SEO Premium plugin v23.9 (Yoast SEO v23.9) - https:\/\/yoast.com\/wordpress\/plugins\/seo\/ -->\n<title>3PL - Element Logic Finland<\/title>\n<meta name=\"description\" content=\"Yli 40 vuoden kokemuksella autamme 3PL-toimijoita sopeutumaan muuttuviin vaatimuksiin ja rakentamaan kest\u00e4vi\u00e4 logistiikkatoimintoja.\" \/>\n<meta name=\"robots\" content=\"index, follow, max-snippet:-1, max-image-preview:large, max-video-preview:-1\" \/>\n<link rel=\"canonical\" href=\"https:\/\/www.elementlogic.net\/fi\/toimialat\/3pl\/\" \/>\n<meta property=\"og:locale\" content=\"fi_FI\" \/>\n<meta property=\"og:type\" content=\"article\" \/>\n<meta property=\"og:title\" content=\"3PL\" \/>\n<meta property=\"og:description\" content=\"Yli 40 vuoden kokemuksella autamme 3PL-toimijoita sopeutumaan muuttuviin vaatimuksiin ja rakentamaan kest\u00e4vi\u00e4 logistiikkatoimintoja.\" \/>\n<meta property=\"og:url\" content=\"https:\/\/www.elementlogic.net\/fi\/toimialat\/3pl\/\" \/>\n<meta property=\"og:site_name\" content=\"Element Logic Finland\" \/>\n<meta property=\"article:modified_time\" content=\"2026-04-07T21:06:31+00:00\" \/>\n<meta name=\"twitter:card\" content=\"summary_large_image\" \/>\n<meta name=\"twitter:label1\" content=\"Arvioitu lukuaika\" \/>\n\t<meta name=\"twitter:data1\" content=\"1 minuutti\" \/>\n<script type=\"application\/ld+json\" class=\"yoast-schema-graph\">{\"@context\":\"https:\/\/schema.org\",\"@graph\":[{\"@type\":\"WebPage\",\"@id\":\"https:\/\/www.elementlogic.net\/fi\/toimialat\/3pl\/\",\"url\":\"https:\/\/www.elementlogic.net\/fi\/toimialat\/3pl\/\",\"name\":\"3PL - Element Logic Finland\",\"isPartOf\":{\"@id\":\"https:\/\/www.elementlogic.net\/fi\/#website\"},\"datePublished\":\"2026-04-07T21:06:19+00:00\",\"dateModified\":\"2026-04-07T21:06:31+00:00\",\"description\":\"Yli 40 vuoden kokemuksella autamme 3PL-toimijoita sopeutumaan muuttuviin vaatimuksiin ja rakentamaan kest\u00e4vi\u00e4 logistiikkatoimintoja.\",\"breadcrumb\":{\"@id\":\"https:\/\/www.elementlogic.net\/fi\/toimialat\/3pl\/#breadcrumb\"},\"inLanguage\":\"fi\",\"potentialAction\":[{\"@type\":\"ReadAction\",\"target\":[\"https:\/\/www.elementlogic.net\/fi\/toimialat\/3pl\/\"]}]},{\"@type\":\"BreadcrumbList\",\"@id\":\"https:\/\/www.elementlogic.net\/fi\/toimialat\/3pl\/#breadcrumb\",\"itemListElement\":[{\"@type\":\"ListItem\",\"position\":1,\"name\":\"Toimialat\",\"item\":\"https:\/\/www.elementlogic.net\/fi\/toimialat\/\"},{\"@type\":\"ListItem\",\"position\":2,\"name\":\"3PL\"}]},{\"@type\":\"WebSite\",\"@id\":\"https:\/\/www.elementlogic.net\/fi\/#website\",\"url\":\"https:\/\/www.elementlogic.net\/fi\/\",\"name\":\"Element Logic Finland\",\"description\":\"\",\"potentialAction\":[{\"@type\":\"SearchAction\",\"target\":{\"@type\":\"EntryPoint\",\"urlTemplate\":\"https:\/\/www.elementlogic.net\/fi\/?s={search_term_string}\"},\"query-input\":{\"@type\":\"PropertyValueSpecification\",\"valueRequired\":true,\"valueName\":\"search_term_string\"}}],\"inLanguage\":\"fi\"}]}<\/script>\n<!-- \/ Yoast SEO Premium plugin. -->","yoast_head_json":{"title":"3PL - Element Logic Finland","description":"Yli 40 vuoden kokemuksella autamme 3PL-toimijoita sopeutumaan muuttuviin vaatimuksiin ja rakentamaan kest\u00e4vi\u00e4 logistiikkatoimintoja.","robots":{"index":"index","follow":"follow","max-snippet":"max-snippet:-1","max-image-preview":"max-image-preview:large","max-video-preview":"max-video-preview:-1"},"canonical":"https:\/\/www.elementlogic.net\/fi\/toimialat\/3pl\/","og_locale":"fi_FI","og_type":"article","og_title":"3PL","og_description":"Yli 40 vuoden kokemuksella autamme 3PL-toimijoita sopeutumaan muuttuviin vaatimuksiin ja rakentamaan kest\u00e4vi\u00e4 logistiikkatoimintoja.","og_url":"https:\/\/www.elementlogic.net\/fi\/toimialat\/3pl\/","og_site_name":"Element Logic Finland","article_modified_time":"2026-04-07T21:06:31+00:00","twitter_card":"summary_large_image","twitter_misc":{"Arvioitu lukuaika":"1 minuutti"},"schema":{"@context":"https:\/\/schema.org","@graph":[{"@type":"WebPage","@id":"https:\/\/www.elementlogic.net\/fi\/toimialat\/3pl\/","url":"https:\/\/www.elementlogic.net\/fi\/toimialat\/3pl\/","name":"3PL - Element Logic Finland","isPartOf":{"@id":"https:\/\/www.elementlogic.net\/fi\/#website"},"datePublished":"2026-04-07T21:06:19+00:00","dateModified":"2026-04-07T21:06:31+00:00","description":"Yli 40 vuoden kokemuksella autamme 3PL-toimijoita sopeutumaan muuttuviin vaatimuksiin ja rakentamaan kest\u00e4vi\u00e4 logistiikkatoimintoja.","breadcrumb":{"@id":"https:\/\/www.elementlogic.net\/fi\/toimialat\/3pl\/#breadcrumb"},"inLanguage":"fi","potentialAction":[{"@type":"ReadAction","target":["https:\/\/www.elementlogic.net\/fi\/toimialat\/3pl\/"]}]},{"@type":"BreadcrumbList","@id":"https:\/\/www.elementlogic.net\/fi\/toimialat\/3pl\/#breadcrumb","itemListElement":[{"@type":"ListItem","position":1,"name":"Toimialat","item":"https:\/\/www.elementlogic.net\/fi\/toimialat\/"},{"@type":"ListItem","position":2,"name":"3PL"}]},{"@type":"WebSite","@id":"https:\/\/www.elementlogic.net\/fi\/#website","url":"https:\/\/www.elementlogic.net\/fi\/","name":"Element Logic Finland","description":"","potentialAction":[{"@type":"SearchAction","target":{"@type":"EntryPoint","urlTemplate":"https:\/\/www.elementlogic.net\/fi\/?s={search_term_string}"},"query-input":{"@type":"PropertyValueSpecification","valueRequired":true,"valueName":"search_term_string"}}],"inLanguage":"fi"}]}},"_links":{"self":[{"href":"https:\/\/www.elementlogic.net\/fi\/wp-json\/wp\/v2\/pages\/2654"}],"collection":[{"href":"https:\/\/www.elementlogic.net\/fi\/wp-json\/wp\/v2\/pages"}],"about":[{"href":"https:\/\/www.elementlogic.net\/fi\/wp-json\/wp\/v2\/types\/page"}],"author":[{"embeddable":true,"href":"https:\/\/www.elementlogic.net\/fi\/wp-json\/wp\/v2\/users\/2"}],"replies":[{"embeddable":true,"href":"https:\/\/www.elementlogic.net\/fi\/wp-json\/wp\/v2\/comments?post=2654"}],"version-history":[{"count":3,"href":"https:\/\/www.elementlogic.net\/fi\/wp-json\/wp\/v2\/pages\/2654\/revisions"}],"predecessor-version":[{"id":3002,"href":"https:\/\/www.elementlogic.net\/fi\/wp-json\/wp\/v2\/pages\/2654\/revisions\/3002"}],"up":[{"embeddable":true,"href":"https:\/\/www.elementlogic.net\/fi\/wp-json\/wp\/v2\/pages\/2674"}],"wp:attachment":[{"href":"https:\/\/www.elementlogic.net\/fi\/wp-json\/wp\/v2\/media?parent=2654"}],"curies":[{"name":"wp","href":"https:\/\/api.w.org\/{rel}","templated":true}]}}