{"id":2658,"date":"2026-04-09T07:55:26","date_gmt":"2026-04-09T07:55:26","guid":{"rendered":"https:\/\/www.elementlogic.net\/fi\/?page_id=2658"},"modified":"2026-04-09T07:56:18","modified_gmt":"2026-04-09T07:56:18","slug":"muoti-ja-vaatetus","status":"publish","type":"page","link":"https:\/\/www.elementlogic.net\/fi\/toimialat\/muoti-ja-vaatetus\/","title":{"rendered":"Muoti ja vaatetus"},"content":{"rendered":"\n\t\t<div style=\"--dekode-hero-dim:0.5; --t2-icon-fill:var(--wp--preset--color--white);\" class=\"alignfull dekode-hero-content-position-center has-media-background wp-block-dekode-hero has-text-color has-white-color\">\n\t\t\t<img loading=\"lazy\" decoding=\"async\" width=\"1024\" height=\"1024\" src=\"https:\/\/www.elementlogic.net\/content\/uploads\/sites\/23\/2026\/04\/Fashion-1.png\" class=\"dekode-hero__image\" alt=\"\" style=\"--focalpoint: 66% 37%;\" srcset=\"https:\/\/www.elementlogic.net\/content\/uploads\/sites\/23\/2026\/04\/Fashion-1.png 1024w, https:\/\/www.elementlogic.net\/content\/uploads\/sites\/23\/2026\/04\/Fashion-1-300x300.png 300w, https:\/\/www.elementlogic.net\/content\/uploads\/sites\/23\/2026\/04\/Fashion-1-150x150.png 150w, https:\/\/www.elementlogic.net\/content\/uploads\/sites\/23\/2026\/04\/Fashion-1-768x768.png 768w\" sizes=\"(max-width: 1024px) 100vw, 1024px\" \/>\n\t\t\t<div class=\"dekode-hero__content\">\n\t\t\t\t<div class=\"dekode-hero__container\">\n\t\t\t\t\t\n\n<p><\/p>\n\n\n\n<h1 class=\"wp-block-heading\" id=\"h-muoti-ja-vaatetusteollisuus\"><strong>Muoti- ja vaatetusteollisuus<\/strong><\/h1>\n\n\n<p class=\"t2-ingress wp-block-t2-ingress\">Pid\u00e4 toimitusketjusi ajan tasalla<\/p>\n\n\n<div class=\"wp-block-buttons is-layout-flex wp-block-buttons-is-layout-flex\">\n<div class=\"wp-block-button hs-cta-trigger-button hs-cta-trigger-button-195241208906 has-icon has-icon-theme_arrow\"><a class=\"wp-block-button__link wp-element-button\" href=\"https:\/\/www.elementlogic.net\/fi\/ota-yhteytta\/\">Ota yhteytt\u00e4<svg xmlns=\"http:\/\/www.w3.org\/2000\/svg\" viewBox=\"0 0 24 24\" height=\"24\" width=\"24\" class=\"t2-icon t2-icon-theme_arrow\" aria-hidden=\"true\" focusable=\"false\"><path d=\"M16.627 12.75H5.25C5.03717 12.75 4.859 12.6782 4.7155 12.5345C4.57183 12.391 4.5 12.2128 4.5 12C4.5 11.7872 4.57183 11.609 4.7155 11.4655C4.859 11.3218 5.03717 11.25 5.25 11.25H16.627L11.4577 6.08076C11.3091 5.93209 11.2357 5.75809 11.2375 5.55876C11.2395 5.35942 11.318 5.18217 11.473 5.02701C11.6282 4.88217 11.8038 4.80717 12 4.80201C12.1962 4.79684 12.3718 4.87184 12.527 5.02701L18.8673 11.3673C18.9609 11.4609 19.0269 11.5597 19.0652 11.6635C19.1037 11.7673 19.123 11.8795 19.123 12C19.123 12.1205 19.1037 12.2327 19.0652 12.3365C19.0269 12.4403 18.9609 12.5391 18.8673 12.6328L12.527 18.973C12.3885 19.1115 12.217 19.1823 12.0125 19.1855C11.808 19.1887 11.6282 19.1178 11.473 18.973C11.318 18.8178 11.2405 18.6397 11.2405 18.4385C11.2405 18.2372 11.318 18.0589 11.473 17.9038L16.627 12.75Z\" fill=\"var(--t2-icon-fill, #000)\"\/><\/svg><\/a><\/div>\n<\/div>\n\n\n\t\t\t\t<\/div>\n\t\t\t<\/div>\n\t\t<\/div>\n\t\t\n\n<p class=\"t2-ingress wp-block-t2-ingress\">Muoti liikkuu kulttuurin tahdissa sesonkivalikoimista alennusmyynteihin ja palautuksiin. Element Logic auttaa vaatebr\u00e4ndej\u00e4 pysym\u00e4\u00e4n tyylikk\u00e4\u00e4n tehokkaina automaatiolla, joka on suunniteltu nopeuteen, joustavuuteen ja tarkkuuteen.<\/p>\n\n\n<p><\/p>\n\n\n\n<p>Yli 40 vuoden sis\u00e4logistiikan asiantuntemuksella autamme muotialan yrityksi\u00e4 v\u00e4hent\u00e4m\u00e4\u00e4n kustannuksia, parantamaan tarkkuutta ja skaalautumaan luotettavasti.<\/p>\n\n\n\n<div class=\"wp-block-group has-global-padding is-layout-constrained wp-block-group-is-layout-constrained\">\n<h2 class=\"wp-block-heading wp-container-content-1\" id=\"h-muoti-ja-vaatetusbrandien-kohtaamat-haasteet\">Muoti- ja vaatetusbr\u00e4ndien kohtaamat haasteet<\/h2>\n\n\n\n<ul class=\"wp-block-list\">\n<li>Nopeat trendisyklit ja tihe\u00e4t sesonkikohtaiset lanseeraukset<\/li>\n\n\n\n<li>Suuri tuotekierto ja jatkuvasti muuttuvat valikoimat<\/li>\n\n\n\n<li>Monimutkaiset palautukset ja vaihdot (koko, istuvuus, tyyli)<\/li>\n\n\n\n<li>Kasvava nopean tilaustenk\u00e4sittelyn kysynt\u00e4 sek\u00e4 v\u00e4hitt\u00e4is- ett\u00e4 verkkokaupassa<\/li>\n\n\n\n<li>Paine yll\u00e4pit\u00e4\u00e4 varaston n\u00e4kyvyytt\u00e4 monikanavaisissa verkoissa<\/li>\n<\/ul>\n<\/div>\n\n\n\n\t\t<div style=\"--dekode-hero-dim:0.5; --t2-icon-fill:var(--wp--preset--color--white);\" class=\"alignfull dekode-hero-content-position-center has-media-background wp-block-dekode-hero has-text-color has-white-color\">\n\t\t\t\t\t<video\n\t\t\tautoplay\n\t\t\tloop\n\t\t\tmuted\n\t\t\tplaysinline\n\t\t\tposter=\"\"\n\t\t\tsrc=\"https:\/\/www.elementlogic.net\/content\/uploads\/2024\/07\/solutions-and-services.mp4\">\n\t\t<\/video>\n\t\t\n\t\t\t<div class=\"dekode-hero__content\">\n\t\t\t\t<div class=\"dekode-hero__container\">\n\t\t\t\t\t\n\n<h2 class=\"wp-block-heading\" id=\"h-johtavien-muotibrandien-luottama\">Johtavien muotibr\u00e4ndien luottama:<\/h2>\n\n\n\t\t\t\t<\/div>\n\t\t\t<\/div>\n\t\t<\/div>\n\t\t\n\n<div class=\"t2-featured-content-layout alignwide wp-block-t2-featured-content-layout\">\n<div class=\"t2-featured-query-post t2-featured-content is-post-type-case case_tax-korkea-lapivirtauskapasiteetti case_tax-muoti-ja-vaatetus case_tax-verkkokauppa wp-block-t2-featured-query-post\"><a class=\"t2-post-link wp-block-t2-post-link\" href=\"https:\/\/www.elementlogic.net\/fi\/cases\/esimerkki-kuinka-varastoautomaatio-vie-logistiikan-ja-verkkokaupan-uudelle-tasolle\/\">\n\t<div class=\"client-logo-image-wrapper\"><img loading=\"lazy\" decoding=\"async\" width=\"300\" height=\"172\" src=\"https:\/\/www.elementlogic.net\/content\/uploads\/sites\/23\/\/2024\/09\/Boozt-logo-300x172.png\" class=\"client-logo-image\" alt=\"\" \/><\/div>\n\t<figure style=\"--t2-focal-point: 50% 50%;\" class=\"t2-post-featured-image has-image-ratio-3-2 wp-block-t2-post-featured-image\"><img loading=\"lazy\" decoding=\"async\" width=\"2560\" height=\"1709\" src=\"https:\/\/www.elementlogic.net\/content\/uploads\/sites\/23\/\/2024\/09\/Element-Logic-AutoStore-Grid-@Boozt.jpg\" class=\"attachment-post-thumbnail size-post-thumbnail wp-post-image\" alt=\"AutoStore-kehikko ja robotteja Booztin varastossa\" srcset=\"https:\/\/www.elementlogic.net\/content\/uploads\/sites\/23\/2024\/09\/Element-Logic-AutoStore-Grid-@Boozt.jpg 2560w, https:\/\/www.elementlogic.net\/content\/uploads\/sites\/23\/2024\/09\/Element-Logic-AutoStore-Grid-@Boozt-300x200.jpg 300w, https:\/\/www.elementlogic.net\/content\/uploads\/sites\/23\/2024\/09\/Element-Logic-AutoStore-Grid-@Boozt-1024x684.jpg 1024w, https:\/\/www.elementlogic.net\/content\/uploads\/sites\/23\/2024\/09\/Element-Logic-AutoStore-Grid-@Boozt-768x513.jpg 768w, https:\/\/www.elementlogic.net\/content\/uploads\/sites\/23\/2024\/09\/Element-Logic-AutoStore-Grid-@Boozt-1536x1025.jpg 1536w, https:\/\/www.elementlogic.net\/content\/uploads\/sites\/23\/2024\/09\/Element-Logic-AutoStore-Grid-@Boozt-2048x1367.jpg 2048w\" sizes=\"(max-width: 2560px) 100vw, 2560px\" \/><\/figure>\n\t\n<\/a>\n\n\t\t<div class=\"card-content wp-block-t2-wrapper\">\n\t<div class=\"wp-block-dekode-post-terms\"><span>Korkea l\u00e4pivirtauskapasiteetti<\/span><span>Muoti ja vaatetus<\/span><span>Verkkokauppa<\/span><\/div>\n\t<h3 class=\"t2-post-title wp-block-t2-post-title\"><a href=\"https:\/\/www.elementlogic.net\/fi\/cases\/esimerkki-kuinka-varastoautomaatio-vie-logistiikan-ja-verkkokaupan-uudelle-tasolle\/\" target=\"_self\" >Esimerkki, kuinka varastoautomaatio vie logistiikan ja verkkokaupan uudelle tasolle<\/a><\/h3>\n\t<div class=\"t2-post-excerpt wp-block-t2-post-excerpt\"><p>\u201dYhteisty\u00f6mme Element Logicin kanssa on ollut erinomaista, ja on vain luonnollista jatkaa t\u00e4ll\u00e4 tiell\u00e4 yhdess\u00e4\u201d, sanoo Booztin operatiivinen johtaja Niels [&hellip;]<\/p><\/div>\n<\/div>\n<\/div>\n\n\n\n\n<\/div>\n\n\n<div class=\"wp-block-buttons is-layout-flex wp-block-buttons-is-layout-flex\">\n<div class=\"wp-block-button\"><a class=\"wp-block-button__link wp-element-button\" href=\"https:\/\/www.elementlogic.net\/fi\/cases\/category\/muoti-ja-vaatetus\/\">Tutustu muihin muoti- ja vaatetusalan asiakastarinoihin<\/a><\/div>\n<\/div>\n\n\n\n<div class=\"wp-block-group alignwide has-global-padding is-layout-constrained wp-block-group-is-layout-constrained\">\n<h2 class=\"wp-block-heading wp-container-content-2\" id=\"h-miksi-muotibrandit-valitsevat-element-logicin\">Miksi muotibr\u00e4ndit valitsevat Element Logicin<\/h2>\n\n\n\n<ul class=\"wp-block-list\">\n<li><strong>Skaalautuvat j\u00e4rjestelm\u00e4t<\/strong>, jotka mukautuvat nopeasti muuttuviin trendeihin<\/li>\n\n\n\n<li><strong>Nopea takaisinmaksuaika (ROI)<\/strong> ty\u00f6voima- ja toimintakustannusten s\u00e4\u00e4st\u00f6jen kautta<\/li>\n\n\n\n<li><strong>Tulevaisuudenkest\u00e4v\u00e4<\/strong> teknologia, joka on todistettu eri toimialoilla<\/li>\n\n\n\n<li><strong>Globaali asiantuntemus<\/strong> yhdistettyn\u00e4 paikalliseen tukeen<\/li>\n<\/ul>\n<\/div>\n\n\n\n<div style=\"height:100px;width:0px\" aria-hidden=\"true\" class=\"wp-block-spacer\"><\/div>\n\n\n\n\t\t<div style=\"--dekode-hero-dim:0.6; --t2-icon-fill:var(--wp--preset--color--white);\" class=\"alignfull dekode-hero-content-position-center has-media-background wp-block-dekode-hero has-text-color has-white-color\">\n\t\t\t<img loading=\"lazy\" decoding=\"async\" width=\"1024\" height=\"1024\" src=\"https:\/\/www.elementlogic.net\/content\/uploads\/sites\/23\/2026\/04\/Retail-cinematic-1.png\" class=\"dekode-hero__image\" alt=\"\" style=\"--focalpoint: 51% 40%;\" srcset=\"https:\/\/www.elementlogic.net\/content\/uploads\/sites\/23\/2026\/04\/Retail-cinematic-1.png 1024w, https:\/\/www.elementlogic.net\/content\/uploads\/sites\/23\/2026\/04\/Retail-cinematic-1-300x300.png 300w, https:\/\/www.elementlogic.net\/content\/uploads\/sites\/23\/2026\/04\/Retail-cinematic-1-150x150.png 150w, https:\/\/www.elementlogic.net\/content\/uploads\/sites\/23\/2026\/04\/Retail-cinematic-1-768x768.png 768w\" sizes=\"(max-width: 1024px) 100vw, 1024px\" \/>\n\t\t\t<div class=\"dekode-hero__content\">\n\t\t\t\t<div class=\"dekode-hero__container\">\n\t\t\t\t\t\n\n<h1 class=\"wp-block-heading\" id=\"h-autamme-sinua-rakentamaan-tulevaisuuden-muotilogistiikkakeskuksen\">Autamme sinua rakentamaan tulevaisuuden muotilogistiikkakeskuksen.<\/h1>\n\n\n\n<div class=\"wp-block-buttons is-layout-flex wp-block-buttons-is-layout-flex\">\n<div class=\"wp-block-button http:\/\/hs-cta-trigger-button hs-cta-trigger-button-195241208906\"><a class=\"wp-block-button__link wp-element-button\" href=\"https:\/\/www.elementlogic.net\/fi\/ota-yhteytta\/\">Ota yhteytt\u00e4 jo t\u00e4n\u00e4\u00e4n<\/a><\/div>\n<\/div>\n\n\n\t\t\t\t<\/div>\n\t\t\t<\/div>\n\t\t<\/div>\n\t\t\n\n\n<p><\/p>\n","protected":false},"excerpt":{"rendered":"<p>Yli 40 vuoden sis\u00e4logistiikan asiantuntemuksella autamme muotialan yrityksi\u00e4 v\u00e4hent\u00e4m\u00e4\u00e4n kustannuksia, parantamaan tarkkuutta ja skaalautumaan luotettavasti. Muoti- ja vaatetusbr\u00e4ndien kohtaamat haasteet [&hellip;]<\/p>\n","protected":false},"author":2,"featured_media":0,"parent":2674,"menu_order":0,"comment_status":"closed","ping_status":"closed","template":"","meta":{"hreflang_relation":4854,"_el_cross_publish_source_blog_url":"","_el_cross_publish_source_blog_id":0,"_el_cross_publish_source_post_id":0,"_el_cross_publish_sync_state":"","exclude_from_search":false,"footnotes":""},"class_list":["post-2658","page","type-page","status-publish","hentry"],"yoast_head":"<!-- This site is optimized with the Yoast SEO Premium plugin v23.9 (Yoast SEO v23.9) - https:\/\/yoast.com\/wordpress\/plugins\/seo\/ -->\n<title>Muoti ja vaatetus - Element Logic Finland<\/title>\n<meta name=\"robots\" content=\"index, follow, max-snippet:-1, max-image-preview:large, max-video-preview:-1\" \/>\n<link rel=\"canonical\" href=\"https:\/\/www.elementlogic.net\/fi\/toimialat\/muoti-ja-vaatetus\/\" \/>\n<meta property=\"og:locale\" content=\"fi_FI\" \/>\n<meta property=\"og:type\" content=\"article\" \/>\n<meta property=\"og:title\" content=\"Muoti ja vaatetus\" \/>\n<meta property=\"og:description\" content=\"Yli 40 vuoden sis\u00e4logistiikan asiantuntemuksella autamme muotialan yrityksi\u00e4 v\u00e4hent\u00e4m\u00e4\u00e4n kustannuksia, parantamaan tarkkuutta ja skaalautumaan luotettavasti. Muoti- ja vaatetusbr\u00e4ndien kohtaamat haasteet [&hellip;]\" \/>\n<meta property=\"og:url\" content=\"https:\/\/www.elementlogic.net\/fi\/toimialat\/muoti-ja-vaatetus\/\" \/>\n<meta property=\"og:site_name\" content=\"Element Logic Finland\" \/>\n<meta property=\"article:modified_time\" content=\"2026-04-09T07:56:18+00:00\" \/>\n<meta name=\"twitter:card\" content=\"summary_large_image\" \/>\n<meta name=\"twitter:label1\" content=\"Arvioitu lukuaika\" \/>\n\t<meta name=\"twitter:data1\" content=\"1 minuutti\" \/>\n<script type=\"application\/ld+json\" class=\"yoast-schema-graph\">{\"@context\":\"https:\/\/schema.org\",\"@graph\":[{\"@type\":\"WebPage\",\"@id\":\"https:\/\/www.elementlogic.net\/fi\/toimialat\/muoti-ja-vaatetus\/\",\"url\":\"https:\/\/www.elementlogic.net\/fi\/toimialat\/muoti-ja-vaatetus\/\",\"name\":\"Muoti ja vaatetus - Element Logic Finland\",\"isPartOf\":{\"@id\":\"https:\/\/www.elementlogic.net\/fi\/#website\"},\"datePublished\":\"2026-04-09T07:55:26+00:00\",\"dateModified\":\"2026-04-09T07:56:18+00:00\",\"breadcrumb\":{\"@id\":\"https:\/\/www.elementlogic.net\/fi\/toimialat\/muoti-ja-vaatetus\/#breadcrumb\"},\"inLanguage\":\"fi\",\"potentialAction\":[{\"@type\":\"ReadAction\",\"target\":[\"https:\/\/www.elementlogic.net\/fi\/toimialat\/muoti-ja-vaatetus\/\"]}]},{\"@type\":\"BreadcrumbList\",\"@id\":\"https:\/\/www.elementlogic.net\/fi\/toimialat\/muoti-ja-vaatetus\/#breadcrumb\",\"itemListElement\":[{\"@type\":\"ListItem\",\"position\":1,\"name\":\"Toimialat\",\"item\":\"https:\/\/www.elementlogic.net\/fi\/toimialat\/\"},{\"@type\":\"ListItem\",\"position\":2,\"name\":\"Muoti ja vaatetus\"}]},{\"@type\":\"WebSite\",\"@id\":\"https:\/\/www.elementlogic.net\/fi\/#website\",\"url\":\"https:\/\/www.elementlogic.net\/fi\/\",\"name\":\"Element Logic Finland\",\"description\":\"\",\"potentialAction\":[{\"@type\":\"SearchAction\",\"target\":{\"@type\":\"EntryPoint\",\"urlTemplate\":\"https:\/\/www.elementlogic.net\/fi\/?s={search_term_string}\"},\"query-input\":{\"@type\":\"PropertyValueSpecification\",\"valueRequired\":true,\"valueName\":\"search_term_string\"}}],\"inLanguage\":\"fi\"}]}<\/script>\n<!-- \/ Yoast SEO Premium plugin. -->","yoast_head_json":{"title":"Muoti ja vaatetus - Element Logic Finland","robots":{"index":"index","follow":"follow","max-snippet":"max-snippet:-1","max-image-preview":"max-image-preview:large","max-video-preview":"max-video-preview:-1"},"canonical":"https:\/\/www.elementlogic.net\/fi\/toimialat\/muoti-ja-vaatetus\/","og_locale":"fi_FI","og_type":"article","og_title":"Muoti ja vaatetus","og_description":"Yli 40 vuoden sis\u00e4logistiikan asiantuntemuksella autamme muotialan yrityksi\u00e4 v\u00e4hent\u00e4m\u00e4\u00e4n kustannuksia, parantamaan tarkkuutta ja skaalautumaan luotettavasti. Muoti- ja vaatetusbr\u00e4ndien kohtaamat haasteet [&hellip;]","og_url":"https:\/\/www.elementlogic.net\/fi\/toimialat\/muoti-ja-vaatetus\/","og_site_name":"Element Logic Finland","article_modified_time":"2026-04-09T07:56:18+00:00","twitter_card":"summary_large_image","twitter_misc":{"Arvioitu lukuaika":"1 minuutti"},"schema":{"@context":"https:\/\/schema.org","@graph":[{"@type":"WebPage","@id":"https:\/\/www.elementlogic.net\/fi\/toimialat\/muoti-ja-vaatetus\/","url":"https:\/\/www.elementlogic.net\/fi\/toimialat\/muoti-ja-vaatetus\/","name":"Muoti ja vaatetus - Element Logic Finland","isPartOf":{"@id":"https:\/\/www.elementlogic.net\/fi\/#website"},"datePublished":"2026-04-09T07:55:26+00:00","dateModified":"2026-04-09T07:56:18+00:00","breadcrumb":{"@id":"https:\/\/www.elementlogic.net\/fi\/toimialat\/muoti-ja-vaatetus\/#breadcrumb"},"inLanguage":"fi","potentialAction":[{"@type":"ReadAction","target":["https:\/\/www.elementlogic.net\/fi\/toimialat\/muoti-ja-vaatetus\/"]}]},{"@type":"BreadcrumbList","@id":"https:\/\/www.elementlogic.net\/fi\/toimialat\/muoti-ja-vaatetus\/#breadcrumb","itemListElement":[{"@type":"ListItem","position":1,"name":"Toimialat","item":"https:\/\/www.elementlogic.net\/fi\/toimialat\/"},{"@type":"ListItem","position":2,"name":"Muoti ja vaatetus"}]},{"@type":"WebSite","@id":"https:\/\/www.elementlogic.net\/fi\/#website","url":"https:\/\/www.elementlogic.net\/fi\/","name":"Element Logic Finland","description":"","potentialAction":[{"@type":"SearchAction","target":{"@type":"EntryPoint","urlTemplate":"https:\/\/www.elementlogic.net\/fi\/?s={search_term_string}"},"query-input":{"@type":"PropertyValueSpecification","valueRequired":true,"valueName":"search_term_string"}}],"inLanguage":"fi"}]}},"_links":{"self":[{"href":"https:\/\/www.elementlogic.net\/fi\/wp-json\/wp\/v2\/pages\/2658"}],"collection":[{"href":"https:\/\/www.elementlogic.net\/fi\/wp-json\/wp\/v2\/pages"}],"about":[{"href":"https:\/\/www.elementlogic.net\/fi\/wp-json\/wp\/v2\/types\/page"}],"author":[{"embeddable":true,"href":"https:\/\/www.elementlogic.net\/fi\/wp-json\/wp\/v2\/users\/2"}],"replies":[{"embeddable":true,"href":"https:\/\/www.elementlogic.net\/fi\/wp-json\/wp\/v2\/comments?post=2658"}],"version-history":[{"count":4,"href":"https:\/\/www.elementlogic.net\/fi\/wp-json\/wp\/v2\/pages\/2658\/revisions"}],"predecessor-version":[{"id":3031,"href":"https:\/\/www.elementlogic.net\/fi\/wp-json\/wp\/v2\/pages\/2658\/revisions\/3031"}],"up":[{"embeddable":true,"href":"https:\/\/www.elementlogic.net\/fi\/wp-json\/wp\/v2\/pages\/2674"}],"wp:attachment":[{"href":"https:\/\/www.elementlogic.net\/fi\/wp-json\/wp\/v2\/media?parent=2658"}],"curies":[{"name":"wp","href":"https:\/\/api.w.org\/{rel}","templated":true}]}}