{"id":2662,"date":"2026-04-09T09:38:05","date_gmt":"2026-04-09T09:38:05","guid":{"rendered":"https:\/\/www.elementlogic.net\/fi\/?page_id=2662"},"modified":"2026-04-09T09:38:15","modified_gmt":"2026-04-09T09:38:15","slug":"varaosat-ja-jakelu","status":"publish","type":"page","link":"https:\/\/www.elementlogic.net\/fi\/toimialat\/varaosat-ja-jakelu\/","title":{"rendered":"Varaosat ja jakelu"},"content":{"rendered":"\n\t\t<div style=\"--dekode-hero-dim:0.5; --t2-icon-fill:var(--wp--preset--color--white);\" class=\"alignfull dekode-hero-content-position-center has-media-background wp-block-dekode-hero has-text-color has-white-color\">\n\t\t\t<img loading=\"lazy\" decoding=\"async\" width=\"1024\" height=\"683\" src=\"https:\/\/www.elementlogic.net\/content\/uploads\/sites\/23\/2026\/04\/Parts-distribution-v2-1-1024x683.png\" class=\"dekode-hero__image\" alt=\"\" style=\"--focalpoint: 50% 90%;\" srcset=\"https:\/\/www.elementlogic.net\/content\/uploads\/sites\/23\/2026\/04\/Parts-distribution-v2-1-1024x683.png 1024w, https:\/\/www.elementlogic.net\/content\/uploads\/sites\/23\/2026\/04\/Parts-distribution-v2-1-300x200.png 300w, https:\/\/www.elementlogic.net\/content\/uploads\/sites\/23\/2026\/04\/Parts-distribution-v2-1-768x512.png 768w, https:\/\/www.elementlogic.net\/content\/uploads\/sites\/23\/2026\/04\/Parts-distribution-v2-1.png 1536w\" sizes=\"(max-width: 1024px) 100vw, 1024px\" \/>\n\t\t\t<div class=\"dekode-hero__content\">\n\t\t\t\t<div class=\"dekode-hero__container\">\n\t\t\t\t\t\n\n<p><\/p>\n\n\n\n<h1 class=\"wp-block-heading\" id=\"h-varaosat-ja-jakelu\"><strong>Varaosat ja jakelu<\/strong><\/h1>\n\n\n<p class=\"t2-ingress wp-block-t2-ingress\">Nopea, tarkka, aina saatavilla<\/p>\n\n\n<div class=\"wp-block-buttons is-layout-flex wp-block-buttons-is-layout-flex\">\n<div class=\"wp-block-button hs-cta-trigger-button hs-cta-trigger-button-195241208906 has-icon has-icon-theme_arrow\"><a class=\"wp-block-button__link wp-element-button\" href=\"https:\/\/www.elementlogic.net\/fi\/ota-yhteytta\/\">Ota yhteytt\u00e4<svg xmlns=\"http:\/\/www.w3.org\/2000\/svg\" viewBox=\"0 0 24 24\" height=\"24\" width=\"24\" class=\"t2-icon t2-icon-theme_arrow\" aria-hidden=\"true\" focusable=\"false\"><path d=\"M16.627 12.75H5.25C5.03717 12.75 4.859 12.6782 4.7155 12.5345C4.57183 12.391 4.5 12.2128 4.5 12C4.5 11.7872 4.57183 11.609 4.7155 11.4655C4.859 11.3218 5.03717 11.25 5.25 11.25H16.627L11.4577 6.08076C11.3091 5.93209 11.2357 5.75809 11.2375 5.55876C11.2395 5.35942 11.318 5.18217 11.473 5.02701C11.6282 4.88217 11.8038 4.80717 12 4.80201C12.1962 4.79684 12.3718 4.87184 12.527 5.02701L18.8673 11.3673C18.9609 11.4609 19.0269 11.5597 19.0652 11.6635C19.1037 11.7673 19.123 11.8795 19.123 12C19.123 12.1205 19.1037 12.2327 19.0652 12.3365C19.0269 12.4403 18.9609 12.5391 18.8673 12.6328L12.527 18.973C12.3885 19.1115 12.217 19.1823 12.0125 19.1855C11.808 19.1887 11.6282 19.1178 11.473 18.973C11.318 18.8178 11.2405 18.6397 11.2405 18.4385C11.2405 18.2372 11.318 18.0589 11.473 17.9038L16.627 12.75Z\" fill=\"var(--t2-icon-fill, #000)\"\/><\/svg><\/a><\/div>\n<\/div>\n\n\n\t\t\t\t<\/div>\n\t\t\t<\/div>\n\t\t<\/div>\n\t\t\n\n<p class=\"t2-ingress wp-block-t2-ingress\">Varaosien ja jakelun alalla <strong>nopeus ja tarkkuus m\u00e4\u00e4rittelev\u00e4t menestyksen<\/strong>. Olipa kyseess\u00e4 autoala, teollisuus tai j\u00e4lkimarkkinoiden komponentit, asiakkaat odottavat oikeaa osaa juuri nyt. Laajojen tuotevalikoimien, ennustamattoman kysynn\u00e4n ja tiukkojen toimitusaikataulujen vuoksi jakelijat eiv\u00e4t voi en\u00e4\u00e4 luottaa manuaalisiin prosesseihin pysy\u00e4kseen tahdissa mukana.\u00a0<\/p>\n\n\n<p><\/p>\n\n\n\n<p>Element Logic auttaa varaosien jakelijoita optimoimaan varastoinnin, nopeuttamaan tilausten k\u00e4sittely\u00e4 ja poistamaan kalliit virheet. Yli 40 vuoden sis\u00e4logistiikan kokemuksella toimitamme automaatiota, joka pit\u00e4\u00e4 osat liikkeell\u00e4. N\u00e4in asiakkaidesi ei tarvitse odottaa.<\/p>\n\n\n\n<div class=\"wp-block-group has-global-padding is-layout-constrained wp-block-group-is-layout-constrained\">\n<h2 class=\"wp-block-heading wp-container-content-1\" id=\"h-varaosien-ja-jakelun-haasteet\"><strong>Varaosien ja jakelun haasteet\u00a0<\/strong>\u00a0<\/h2>\n\n\n\n<ul class=\"wp-block-list\">\n<li>Kymmenien tuhansien nimikkeiden hallinta pienist\u00e4 ruuveista tilaa vieviin komponentteihin<\/li>\n\n\n\n<li>Saman tai seuraavan p\u00e4iv\u00e4n toimitusodotusten t\u00e4ytt\u00e4minen<\/li>\n\n\n\n<li>V\u00e4\u00e4rist\u00e4 osatoimituksista johtuvien korkeiden virhekustannusten v\u00e4hent\u00e4minen<\/li>\n\n\n\n<li>Ty\u00f6voimapulaan vastaaminen toistuvissa ker\u00e4ily- ja pakkausteht\u00e4viss\u00e4<\/li>\n\n\n\n<li>Monimutkaisten tilausrakenteiden hallinta yksitt\u00e4isist\u00e4 riveist\u00e4 t\u00e4ydellisiin tuotesarjoihin<\/li>\n<\/ul>\n<\/div>\n\n\n\n\t\t<div style=\"--dekode-hero-dim:0.5; --t2-icon-fill:var(--wp--preset--color--white);\" class=\"alignfull dekode-hero-content-position-center has-media-background wp-block-dekode-hero has-text-color has-white-color\">\n\t\t\t\t\t<video\n\t\t\tautoplay\n\t\t\tloop\n\t\t\tmuted\n\t\t\tplaysinline\n\t\t\tposter=\"\"\n\t\t\tsrc=\"https:\/\/www.elementlogic.net\/content\/uploads\/2024\/07\/solutions-and-services.mp4\">\n\t\t<\/video>\n\t\t\n\t\t\t<div class=\"dekode-hero__content\">\n\t\t\t\t<div class=\"dekode-hero__container\">\n\t\t\t\t\t\n\n<h2 class=\"wp-block-heading\" id=\"h-johtavien-varaosa-ja-jakeluyritysten-luottama\">Johtavien varaosa- ja jakeluyritysten luottama:<\/h2>\n\n\n\t\t\t\t<\/div>\n\t\t\t<\/div>\n\t\t<\/div>\n\t\t\n\n<div class=\"t2-featured-content-layout alignwide wp-block-t2-featured-content-layout\">\n<div class=\"t2-featured-query-post t2-featured-content is-post-type-case case_tax-elektroniikkakomponentit case_tax-varaosat-ja-jakelu wp-block-t2-featured-query-post\"><a class=\"t2-post-link wp-block-t2-post-link\" href=\"https:\/\/www.elementlogic.net\/fi\/cases\/elogiqin-arvo-dataohjattu-varaston-optimointi-kaytannossa\/\">\n\t<div class=\"client-logo-image-wrapper\"><img loading=\"lazy\" decoding=\"async\" width=\"300\" height=\"266\" src=\"https:\/\/www.elementlogic.net\/content\/uploads\/sites\/23\/2026\/04\/elogiq-logo-300x266-1.jpg\" class=\"client-logo-image\" alt=\"\" \/><\/div>\n\t<figure style=\"--t2-focal-point: 50% 50%;\" class=\"t2-post-featured-image has-image-ratio-3-2 wp-block-t2-post-featured-image\"><img loading=\"lazy\" decoding=\"async\" width=\"1024\" height=\"683\" src=\"https:\/\/www.elementlogic.net\/content\/uploads\/sites\/23\/\/2024\/09\/EL_eLogiq_-11-1024x683-1.jpg\" class=\"attachment-post-thumbnail size-post-thumbnail wp-post-image\" alt=\"\" srcset=\"https:\/\/www.elementlogic.net\/content\/uploads\/sites\/23\/2024\/09\/EL_eLogiq_-11-1024x683-1.jpg 1024w, https:\/\/www.elementlogic.net\/content\/uploads\/sites\/23\/2024\/09\/EL_eLogiq_-11-1024x683-1-300x200.jpg 300w, https:\/\/www.elementlogic.net\/content\/uploads\/sites\/23\/2024\/09\/EL_eLogiq_-11-1024x683-1-768x512.jpg 768w\" sizes=\"(max-width: 1024px) 100vw, 1024px\" \/><\/figure>\n\t\n<\/a>\n\n\t\t<div class=\"card-content wp-block-t2-wrapper\">\n\t<div class=\"wp-block-dekode-post-terms\"><span>Elektroniikkakomponentit<\/span><span>Varaosat &amp; jakelu<\/span><\/div>\n\t<h3 class=\"t2-post-title wp-block-t2-post-title\"><a href=\"https:\/\/www.elementlogic.net\/fi\/cases\/elogiqin-arvo-dataohjattu-varaston-optimointi-kaytannossa\/\" target=\"_self\" >eLogiqin arvo: Dataohjattu varaston optimointi k\u00e4yt\u00e4nn\u00f6ss\u00e4<\/a><\/h3>\n\t<div class=\"t2-post-excerpt wp-block-t2-post-excerpt\"><p>Esimerkiksi tanskalainen autojen varaosien myyntiin erikoistunut Aktieselskabet Carl Christensen (CAC) ja ruotsalainen IT-tuotteita ja palveluja tarjoava EET Group ovat jo [&hellip;]<\/p><\/div>\n<\/div>\n<\/div>\n\n<div class=\"t2-featured-query-post t2-featured-content is-post-type-case case_tax-teollisuus case_tax-varaosat-ja-jakelu wp-block-t2-featured-query-post\"><a class=\"t2-post-link wp-block-t2-post-link\" href=\"https:\/\/www.elementlogic.net\/fi\/cases\/fendt-lisasi-tehokkuuttaan-varastoautomaation-avulla\/\">\n\t<div class=\"client-logo-image-wrapper\"><img loading=\"lazy\" decoding=\"async\" width=\"300\" height=\"52\" src=\"https:\/\/www.elementlogic.net\/content\/uploads\/sites\/23\/\/2024\/09\/Fendt_Element-Logic-2-300x52.png\" class=\"client-logo-image\" alt=\"\" \/><\/div>\n\t<figure style=\"--t2-focal-point: 50% 50%;\" class=\"t2-post-featured-image has-image-ratio-3-2 wp-block-t2-post-featured-image\"><img loading=\"lazy\" decoding=\"async\" width=\"1600\" height=\"1068\" src=\"https:\/\/www.elementlogic.net\/content\/uploads\/sites\/23\/\/2024\/09\/Fendt-warehouse.jpg\" class=\"attachment-post-thumbnail size-post-thumbnail wp-post-image\" alt=\"\" srcset=\"https:\/\/www.elementlogic.net\/content\/uploads\/sites\/23\/2024\/09\/Fendt-warehouse.jpg 1600w, https:\/\/www.elementlogic.net\/content\/uploads\/sites\/23\/2024\/09\/Fendt-warehouse-300x200.jpg 300w, https:\/\/www.elementlogic.net\/content\/uploads\/sites\/23\/2024\/09\/Fendt-warehouse-1024x684.jpg 1024w, https:\/\/www.elementlogic.net\/content\/uploads\/sites\/23\/2024\/09\/Fendt-warehouse-768x513.jpg 768w, https:\/\/www.elementlogic.net\/content\/uploads\/sites\/23\/2024\/09\/Fendt-warehouse-1536x1025.jpg 1536w\" sizes=\"(max-width: 1600px) 100vw, 1600px\" \/><\/figure>\n\t\n<\/a>\n\n\t\t<div class=\"card-content wp-block-t2-wrapper\">\n\t<div class=\"wp-block-dekode-post-terms\"><span>Teollisuus<\/span><span>Varaosat &amp; jakelu<\/span><\/div>\n\t<h3 class=\"t2-post-title wp-block-t2-post-title\"><a href=\"https:\/\/www.elementlogic.net\/fi\/cases\/fendt-lisasi-tehokkuuttaan-varastoautomaation-avulla\/\" target=\"_self\" >Fendt lis\u00e4si tehokkuuttaan varastoautomaation avulla<\/a><\/h3>\n\t<div class=\"t2-post-excerpt wp-block-t2-post-excerpt\"><p>Yhdysvaltalainen yhti\u00f6 AGCO on yksi maailman kolmesta suurimmasta traktorien ja maatalouskoneiden valmistajasta ja toimittajasta. Fendt-br\u00e4ndi on kuulunut amerikkalaiselle globaalille toimijalle [&hellip;]<\/p><\/div>\n<\/div>\n<\/div>\n\n<div class=\"t2-featured-query-post t2-featured-content is-post-type-case case_tax-teollisuus case_tax-vahittaiskauppa case_tax-varaosat-ja-jakelu wp-block-t2-featured-query-post\"><a class=\"t2-post-link wp-block-t2-post-link\" href=\"https:\/\/www.elementlogic.net\/fi\/cases\/mikrotoimituskeskus-luo-ainutlaatuisen-ostokokemuksen-peterhansille\/\">\n\t<div class=\"client-logo-image-wrapper\"><img loading=\"lazy\" decoding=\"async\" width=\"300\" height=\"228\" src=\"https:\/\/www.elementlogic.net\/content\/uploads\/sites\/23\/\/2024\/09\/Peterhans-Logo-300x228.jpg\" class=\"client-logo-image\" alt=\"\" \/><\/div>\n\t<figure style=\"--t2-focal-point: 50% 50%;\" class=\"t2-post-featured-image has-image-ratio-3-2 wp-block-t2-post-featured-image\"><img loading=\"lazy\" decoding=\"async\" width=\"1920\" height=\"1278\" src=\"https:\/\/www.elementlogic.net\/content\/uploads\/sites\/23\/\/2024\/09\/Peterhans-AutoStore-sales-counter.jpg\" class=\"attachment-post-thumbnail size-post-thumbnail wp-post-image\" alt=\"\" srcset=\"https:\/\/www.elementlogic.net\/content\/uploads\/sites\/23\/2024\/09\/Peterhans-AutoStore-sales-counter.jpg 1920w, https:\/\/www.elementlogic.net\/content\/uploads\/sites\/23\/2024\/09\/Peterhans-AutoStore-sales-counter-300x200.jpg 300w, https:\/\/www.elementlogic.net\/content\/uploads\/sites\/23\/2024\/09\/Peterhans-AutoStore-sales-counter-1024x682.jpg 1024w, https:\/\/www.elementlogic.net\/content\/uploads\/sites\/23\/2024\/09\/Peterhans-AutoStore-sales-counter-768x511.jpg 768w, https:\/\/www.elementlogic.net\/content\/uploads\/sites\/23\/2024\/09\/Peterhans-AutoStore-sales-counter-1536x1022.jpg 1536w\" sizes=\"(max-width: 1920px) 100vw, 1920px\" \/><\/figure>\n\t\n<\/a>\n\n\t\t<div class=\"card-content wp-block-t2-wrapper\">\n\t<div class=\"wp-block-dekode-post-terms\"><span>Teollisuus<\/span><span>V\u00e4hitt\u00e4iskauppa<\/span><span>Varaosat &amp; jakelu<\/span><\/div>\n\t<h3 class=\"t2-post-title wp-block-t2-post-title\"><a href=\"https:\/\/www.elementlogic.net\/fi\/cases\/mikrotoimituskeskus-luo-ainutlaatuisen-ostokokemuksen-peterhansille\/\" target=\"_self\" >Mikrotoimituskeskus luo ainutlaatuisen ostokokemuksen Peterhansille<\/a><\/h3>\n\t<div class=\"t2-post-excerpt wp-block-t2-post-excerpt\"><p>Peterhans Handwerkercenter AG varastoi ja myy rakennusmateriaaleja, ty\u00f6kaluja, koneita, kiinnikkeit\u00e4, kiinnitystarvikkeita ja henkil\u00f6nsuojaimia suoraan asiakkaille ja rakennusalan tukkureille. Lis\u00e4ksi Peterhans [&hellip;]<\/p><\/div>\n<\/div>\n<\/div>\n<\/div>\n\n\n<div class=\"wp-block-buttons is-layout-flex wp-block-buttons-is-layout-flex\">\n<div class=\"wp-block-button\"><a class=\"wp-block-button__link has-text-align-left wp-element-button\" href=\"https:\/\/www.elementlogic.net\/fi\/cases\/category\/varaosat-ja-jakelu\/\">Tutustu muihin varaosa- ja jakelualan asiakastarinoihin<\/a><\/div>\n<\/div>\n\n\n\n<div class=\"wp-block-group alignwide has-global-padding is-layout-constrained wp-block-group-is-layout-constrained\">\n<h2 class=\"wp-block-heading wp-container-content-2\" id=\"h-miksi-varaosien-jakelijat-valitsevat-element-logicin\">Miksi varaosien jakelijat valitsevat Element Logicin<\/h2>\n\n\n\n<ul class=\"wp-block-list\">\n<li>Nopeampi tilausten k\u00e4sittely saman ja seuraavan p\u00e4iv\u00e4n toimituksiin<\/li>\n\n\n\n<li>Kalliiden virheiden v\u00e4hent\u00e4minen automaation tuomalla tarkkuudella<\/li>\n\n\n\n<li>Tilank\u00e4yt\u00f6n maksimointi eritt\u00e4in tiiviill\u00e4 varastointij\u00e4rjestelmill\u00e4<\/li>\n\n\n\n<li>Kapasiteetin saumaton skaalaus kysynt\u00e4piikkien hallitsemiseksi<\/li>\n<\/ul>\n<\/div>\n\n\n\n<div style=\"height:100px\" aria-hidden=\"true\" class=\"wp-block-spacer\"><\/div>\n\n\n\n\t\t<div style=\"--dekode-hero-dim:0.6; --t2-icon-fill:var(--wp--preset--color--white);\" class=\"alignfull dekode-hero-content-position-center has-media-background wp-block-dekode-hero has-text-color has-white-color\">\n\t\t\t<img loading=\"lazy\" decoding=\"async\" width=\"1024\" height=\"1024\" src=\"https:\/\/www.elementlogic.net\/content\/uploads\/sites\/23\/2026\/04\/Parts-distribution-1.png\" class=\"dekode-hero__image\" alt=\"\" style=\"--focalpoint: 73% 18%;\" srcset=\"https:\/\/www.elementlogic.net\/content\/uploads\/sites\/23\/2026\/04\/Parts-distribution-1.png 1024w, https:\/\/www.elementlogic.net\/content\/uploads\/sites\/23\/2026\/04\/Parts-distribution-1-300x300.png 300w, https:\/\/www.elementlogic.net\/content\/uploads\/sites\/23\/2026\/04\/Parts-distribution-1-150x150.png 150w, https:\/\/www.elementlogic.net\/content\/uploads\/sites\/23\/2026\/04\/Parts-distribution-1-768x768.png 768w\" sizes=\"(max-width: 1024px) 100vw, 1024px\" \/>\n\t\t\t<div class=\"dekode-hero__content\">\n\t\t\t\t<div class=\"dekode-hero__container\">\n\t\t\t\t\t\n\n<h1 class=\"wp-block-heading\" id=\"h-toimita-oikea-osa-joka-kerta-element-logicin-automaation-avulla\">Toimita oikea osa joka kerta Element Logicin automaation avulla.<\/h1>\n\n\n\n<div class=\"wp-block-buttons is-layout-flex wp-block-buttons-is-layout-flex\">\n<div class=\"wp-block-button http:\/\/hs-cta-trigger-button hs-cta-trigger-button-195241208906\"><a class=\"wp-block-button__link wp-element-button\" href=\"https:\/\/www.elementlogic.net\/fi\/ota-yhteytta\/\">Ota yhteytt\u00e4 jo t\u00e4n\u00e4\u00e4n<\/a><\/div>\n<\/div>\n\n\n\t\t\t\t<\/div>\n\t\t\t<\/div>\n\t\t<\/div>\n\t\t\n\n\n<p><\/p>\n","protected":false},"excerpt":{"rendered":"<p>Element Logic auttaa varaosien jakelijoita optimoimaan varastoinnin, nopeuttamaan tilausten k\u00e4sittely\u00e4 ja poistamaan kalliit virheet. Yli 40 vuoden sis\u00e4logistiikan kokemuksella toimitamme [&hellip;]<\/p>\n","protected":false},"author":2,"featured_media":0,"parent":2674,"menu_order":0,"comment_status":"closed","ping_status":"closed","template":"","meta":{"hreflang_relation":4858,"_el_cross_publish_source_blog_url":"","_el_cross_publish_source_blog_id":0,"_el_cross_publish_source_post_id":0,"_el_cross_publish_sync_state":"","exclude_from_search":false,"footnotes":""},"class_list":["post-2662","page","type-page","status-publish","hentry"],"yoast_head":"<!-- This site is optimized with the Yoast SEO Premium plugin v23.9 (Yoast SEO v23.9) - https:\/\/yoast.com\/wordpress\/plugins\/seo\/ -->\n<title>Varaosat ja jakelu - Element Logic Finland<\/title>\n<meta name=\"description\" content=\"Element Logic auttaa varaosien jakelijoita optimoimaan varastoinnin, nopeuttamaan tilausten k\u00e4sittely\u00e4 ja poistamaan kalliit virheet.\" \/>\n<meta name=\"robots\" content=\"index, follow, max-snippet:-1, max-image-preview:large, max-video-preview:-1\" \/>\n<link rel=\"canonical\" href=\"https:\/\/www.elementlogic.net\/fi\/toimialat\/varaosat-ja-jakelu\/\" \/>\n<meta property=\"og:locale\" content=\"fi_FI\" \/>\n<meta property=\"og:type\" content=\"article\" \/>\n<meta property=\"og:title\" content=\"Varaosat ja jakelu\" \/>\n<meta property=\"og:description\" content=\"Element Logic auttaa varaosien jakelijoita optimoimaan varastoinnin, nopeuttamaan tilausten k\u00e4sittely\u00e4 ja poistamaan kalliit virheet.\" \/>\n<meta property=\"og:url\" content=\"https:\/\/www.elementlogic.net\/fi\/toimialat\/varaosat-ja-jakelu\/\" \/>\n<meta property=\"og:site_name\" content=\"Element Logic Finland\" \/>\n<meta property=\"article:modified_time\" content=\"2026-04-09T09:38:15+00:00\" \/>\n<meta name=\"twitter:card\" content=\"summary_large_image\" \/>\n<meta name=\"twitter:label1\" content=\"Arvioitu lukuaika\" \/>\n\t<meta name=\"twitter:data1\" content=\"1 minuutti\" \/>\n<script type=\"application\/ld+json\" class=\"yoast-schema-graph\">{\"@context\":\"https:\/\/schema.org\",\"@graph\":[{\"@type\":\"WebPage\",\"@id\":\"https:\/\/www.elementlogic.net\/fi\/toimialat\/varaosat-ja-jakelu\/\",\"url\":\"https:\/\/www.elementlogic.net\/fi\/toimialat\/varaosat-ja-jakelu\/\",\"name\":\"Varaosat ja jakelu - Element Logic Finland\",\"isPartOf\":{\"@id\":\"https:\/\/www.elementlogic.net\/fi\/#website\"},\"datePublished\":\"2026-04-09T09:38:05+00:00\",\"dateModified\":\"2026-04-09T09:38:15+00:00\",\"description\":\"Element Logic auttaa varaosien jakelijoita optimoimaan varastoinnin, nopeuttamaan tilausten k\u00e4sittely\u00e4 ja poistamaan kalliit virheet.\",\"breadcrumb\":{\"@id\":\"https:\/\/www.elementlogic.net\/fi\/toimialat\/varaosat-ja-jakelu\/#breadcrumb\"},\"inLanguage\":\"fi\",\"potentialAction\":[{\"@type\":\"ReadAction\",\"target\":[\"https:\/\/www.elementlogic.net\/fi\/toimialat\/varaosat-ja-jakelu\/\"]}]},{\"@type\":\"BreadcrumbList\",\"@id\":\"https:\/\/www.elementlogic.net\/fi\/toimialat\/varaosat-ja-jakelu\/#breadcrumb\",\"itemListElement\":[{\"@type\":\"ListItem\",\"position\":1,\"name\":\"Toimialat\",\"item\":\"https:\/\/www.elementlogic.net\/fi\/toimialat\/\"},{\"@type\":\"ListItem\",\"position\":2,\"name\":\"Varaosat ja jakelu\"}]},{\"@type\":\"WebSite\",\"@id\":\"https:\/\/www.elementlogic.net\/fi\/#website\",\"url\":\"https:\/\/www.elementlogic.net\/fi\/\",\"name\":\"Element Logic Finland\",\"description\":\"\",\"potentialAction\":[{\"@type\":\"SearchAction\",\"target\":{\"@type\":\"EntryPoint\",\"urlTemplate\":\"https:\/\/www.elementlogic.net\/fi\/?s={search_term_string}\"},\"query-input\":{\"@type\":\"PropertyValueSpecification\",\"valueRequired\":true,\"valueName\":\"search_term_string\"}}],\"inLanguage\":\"fi\"}]}<\/script>\n<!-- \/ Yoast SEO Premium plugin. -->","yoast_head_json":{"title":"Varaosat ja jakelu - Element Logic Finland","description":"Element Logic auttaa varaosien jakelijoita optimoimaan varastoinnin, nopeuttamaan tilausten k\u00e4sittely\u00e4 ja poistamaan kalliit virheet.","robots":{"index":"index","follow":"follow","max-snippet":"max-snippet:-1","max-image-preview":"max-image-preview:large","max-video-preview":"max-video-preview:-1"},"canonical":"https:\/\/www.elementlogic.net\/fi\/toimialat\/varaosat-ja-jakelu\/","og_locale":"fi_FI","og_type":"article","og_title":"Varaosat ja jakelu","og_description":"Element Logic auttaa varaosien jakelijoita optimoimaan varastoinnin, nopeuttamaan tilausten k\u00e4sittely\u00e4 ja poistamaan kalliit virheet.","og_url":"https:\/\/www.elementlogic.net\/fi\/toimialat\/varaosat-ja-jakelu\/","og_site_name":"Element Logic Finland","article_modified_time":"2026-04-09T09:38:15+00:00","twitter_card":"summary_large_image","twitter_misc":{"Arvioitu lukuaika":"1 minuutti"},"schema":{"@context":"https:\/\/schema.org","@graph":[{"@type":"WebPage","@id":"https:\/\/www.elementlogic.net\/fi\/toimialat\/varaosat-ja-jakelu\/","url":"https:\/\/www.elementlogic.net\/fi\/toimialat\/varaosat-ja-jakelu\/","name":"Varaosat ja jakelu - Element Logic Finland","isPartOf":{"@id":"https:\/\/www.elementlogic.net\/fi\/#website"},"datePublished":"2026-04-09T09:38:05+00:00","dateModified":"2026-04-09T09:38:15+00:00","description":"Element Logic auttaa varaosien jakelijoita optimoimaan varastoinnin, nopeuttamaan tilausten k\u00e4sittely\u00e4 ja poistamaan kalliit virheet.","breadcrumb":{"@id":"https:\/\/www.elementlogic.net\/fi\/toimialat\/varaosat-ja-jakelu\/#breadcrumb"},"inLanguage":"fi","potentialAction":[{"@type":"ReadAction","target":["https:\/\/www.elementlogic.net\/fi\/toimialat\/varaosat-ja-jakelu\/"]}]},{"@type":"BreadcrumbList","@id":"https:\/\/www.elementlogic.net\/fi\/toimialat\/varaosat-ja-jakelu\/#breadcrumb","itemListElement":[{"@type":"ListItem","position":1,"name":"Toimialat","item":"https:\/\/www.elementlogic.net\/fi\/toimialat\/"},{"@type":"ListItem","position":2,"name":"Varaosat ja jakelu"}]},{"@type":"WebSite","@id":"https:\/\/www.elementlogic.net\/fi\/#website","url":"https:\/\/www.elementlogic.net\/fi\/","name":"Element Logic Finland","description":"","potentialAction":[{"@type":"SearchAction","target":{"@type":"EntryPoint","urlTemplate":"https:\/\/www.elementlogic.net\/fi\/?s={search_term_string}"},"query-input":{"@type":"PropertyValueSpecification","valueRequired":true,"valueName":"search_term_string"}}],"inLanguage":"fi"}]}},"_links":{"self":[{"href":"https:\/\/www.elementlogic.net\/fi\/wp-json\/wp\/v2\/pages\/2662"}],"collection":[{"href":"https:\/\/www.elementlogic.net\/fi\/wp-json\/wp\/v2\/pages"}],"about":[{"href":"https:\/\/www.elementlogic.net\/fi\/wp-json\/wp\/v2\/types\/page"}],"author":[{"embeddable":true,"href":"https:\/\/www.elementlogic.net\/fi\/wp-json\/wp\/v2\/users\/2"}],"replies":[{"embeddable":true,"href":"https:\/\/www.elementlogic.net\/fi\/wp-json\/wp\/v2\/comments?post=2662"}],"version-history":[{"count":5,"href":"https:\/\/www.elementlogic.net\/fi\/wp-json\/wp\/v2\/pages\/2662\/revisions"}],"predecessor-version":[{"id":3046,"href":"https:\/\/www.elementlogic.net\/fi\/wp-json\/wp\/v2\/pages\/2662\/revisions\/3046"}],"up":[{"embeddable":true,"href":"https:\/\/www.elementlogic.net\/fi\/wp-json\/wp\/v2\/pages\/2674"}],"wp:attachment":[{"href":"https:\/\/www.elementlogic.net\/fi\/wp-json\/wp\/v2\/media?parent=2662"}],"curies":[{"name":"wp","href":"https:\/\/api.w.org\/{rel}","templated":true}]}}