{"id":2664,"date":"2026-03-31T15:21:24","date_gmt":"2026-03-31T15:21:24","guid":{"rendered":"https:\/\/www.elementlogic.net\/fi\/?page_id=2664"},"modified":"2026-03-31T15:21:24","modified_gmt":"2026-03-31T15:21:24","slug":"kylmavarastointi","status":"publish","type":"page","link":"https:\/\/www.elementlogic.net\/fi\/kylmavarastointi\/","title":{"rendered":"Cold Storage Industry"},"content":{"rendered":"\n\t\t<div style=\"--dekode-hero-dim:0.5; --t2-icon-fill:var(--wp--preset--color--white);\" class=\"alignfull dekode-hero-content-position-center has-media-background wp-block-dekode-hero has-text-color has-white-color\">\n\t\t\t<img loading=\"lazy\" decoding=\"async\" width=\"1024\" height=\"683\" src=\"https:\/\/www.elementlogic.net\/content\/uploads\/sites\/23\/2026\/03\/cold-storage2-1-1024x683.png\" class=\"dekode-hero__image\" alt=\"\" style=\"--focalpoint: 51% 20%;\" srcset=\"https:\/\/www.elementlogic.net\/content\/uploads\/sites\/23\/2026\/03\/cold-storage2-1-1024x683.png 1024w, https:\/\/www.elementlogic.net\/content\/uploads\/sites\/23\/2026\/03\/cold-storage2-1-300x200.png 300w, https:\/\/www.elementlogic.net\/content\/uploads\/sites\/23\/2026\/03\/cold-storage2-1-768x512.png 768w, https:\/\/www.elementlogic.net\/content\/uploads\/sites\/23\/2026\/03\/cold-storage2-1.png 1536w\" sizes=\"(max-width: 1024px) 100vw, 1024px\" \/>\n\t\t\t<div class=\"dekode-hero__content\">\n\t\t\t\t<div class=\"dekode-hero__container\">\n\t\t\t\t\t\n\n<p><\/p>\n\n\n\n<h1 class=\"wp-block-heading\" id=\"h-kylmavarastointi\"><strong>Kylm\u00e4varastointi<\/strong><\/h1>\n\n\n<p class=\"t2-ingress wp-block-t2-ingress\">Optimoi varastosi jokainen aste<\/p>\n\n\n<div class=\"wp-block-buttons is-layout-flex wp-block-buttons-is-layout-flex\">\n<div class=\"wp-block-button hs-cta-trigger-button hs-cta-trigger-button-195241208906\"><a class=\"wp-block-button__link wp-element-button\" href=\"https:\/\/www.elementlogic.net\/fi\/ota-yhteytta\/\">Ota yhteytt\u00e4<\/a><\/div>\n<\/div>\n\n\n\t\t\t\t<\/div>\n\t\t\t<\/div>\n\t\t<\/div>\n\t\t\n\n<p class=\"t2-ingress wp-block-t2-ingress\">Kylm\u00e4varastoinnin toimijat kohtaavat jatkuvia paineita: nousevat energiakustannukset, tiukat l\u00e4mp\u00f6tilarajoitukset ja ty\u00f6voimahaasteet vaativissa ty\u00f6ymp\u00e4rist\u00f6iss\u00e4. Samaan aikaan pakasteiden ja kylm\u00e4tuotteiden kysynt\u00e4 \u2013 elintarvikkeista l\u00e4\u00e4kkeisiin \u2013 kasvaa nopeasti.<\/p>\n\n\n<p>Element Logic auttaa kylm\u00e4varastoinnin tarjoajia maksimoimaan kapasiteetin, minimoimaan ty\u00f6voimakustannukset ja turvaamaan tuotteiden eheyden automaatiolla, joka on suunniteltu pakaste-, viile\u00e4- ja huoneenl\u00e4mp\u00f6alueille. Yli 40 vuoden sis\u00e4logistiikan kokemuksella mahdollistamme yrityksille tuotteiden liikuttelun huipputehokkaasti jopa \u00e4\u00e4rimm\u00e4isiss\u00e4 olosuhteissa.<\/p>\n\n\n\n<div class=\"wp-block-group alignwide has-global-padding is-layout-constrained wp-block-group-is-layout-constrained\">\n<h2 class=\"wp-block-heading wp-container-content-1\" id=\"h-kylmavarastoinnin-haasteet\">Kylm\u00e4varastoinnin haasteet:<\/h2>\n\n\n\n<ul class=\"wp-block-list\">\n<li><strong>Korkeiden energiakustannusten hallinta<\/strong> ja <strong>kuutiotilavuuden optimointi<\/strong><\/li>\n\n\n\n<li><strong>Ty\u00f6voimapulan sel\u00e4tt\u00e4minen<\/strong> matalan l\u00e4mp\u00f6tilan ymp\u00e4rist\u00f6iss\u00e4<\/li>\n\n\n\n<li><strong>Tiukkojen l\u00e4mp\u00f6tilavaatimusten<\/strong> ja j\u00e4ljitett\u00e4vyyden noudattaminen<\/li>\n\n\n\n<li>Viileiden ja pakastettujen elintarvikkeiden, juomien ja l\u00e4\u00e4kkeiden <strong>kasvavaan kysynt\u00e4\u00e4n vastaaminen<\/strong><\/li>\n\n\n\n<li><strong>Monimutkaisen, eri l\u00e4mp\u00f6tiloja vaativan varaston<\/strong> tehokas hallinta<\/li>\n<\/ul>\n<\/div>\n\n\n\n<div class=\"wp-block-group alignwide has-global-padding is-layout-constrained wp-block-group-is-layout-constrained\">\n<h2 class=\"wp-block-heading wp-container-content-2\" id=\"h-miksi-kylmavarastoinnin-tarjoajat-valitsevat-element-logicin\"><strong>Miksi kylm\u00e4varastoinnin tarjoajat valitsevat Element Logicin?\u00a0<\/strong>\u00a0<\/h2>\n\n\n\n<ul class=\"wp-block-list\">\n<li><strong>Maksimoitu varastointitiheys<\/strong> v\u00e4hent\u00e4\u00e4 energiakustannuksia varastoitua yksikk\u00f6\u00e4 kohden<\/li>\n\n\n\n<li><strong>Pienempi riippuvuus ty\u00f6voimasta \u00e4\u00e4rimm\u00e4isiss\u00e4 olosuhteissa<\/strong><\/li>\n\n\n\n<li>Tiukkojen <strong>l\u00e4mp\u00f6tilas\u00e4\u00e4d\u00f6sten noudattaminen<\/strong><\/li>\n\n\n\n<li><strong>Toimintojen skaalaaminen<\/strong> pakaste-, viile\u00e4- ja huoneenl\u00e4mp\u00f6alueilla<\/li>\n<\/ul>\n<\/div>\n\n\n\n<div style=\"height:100px\" aria-hidden=\"true\" class=\"wp-block-spacer\"><\/div>\n\n\n\n\t\t<div style=\"--dekode-hero-dim:0.6; --t2-icon-fill:var(--wp--preset--color--white);\" class=\"alignfull dekode-hero-content-position-center has-media-background wp-block-dekode-hero has-text-color has-white-color\">\n\t\t\t<img loading=\"lazy\" decoding=\"async\" width=\"1024\" height=\"324\" src=\"https:\/\/www.elementlogic.net\/content\/uploads\/sites\/23\/2026\/03\/20190730_ElementLogic_ONLINE_DSC_4622-WP-3-1024x324.jpg\" class=\"dekode-hero__image\" alt=\"\" style=\"--focalpoint: 62% 52%;\" srcset=\"https:\/\/www.elementlogic.net\/content\/uploads\/sites\/23\/2026\/03\/20190730_ElementLogic_ONLINE_DSC_4622-WP-3-1024x324.jpg 1024w, https:\/\/www.elementlogic.net\/content\/uploads\/sites\/23\/2026\/03\/20190730_ElementLogic_ONLINE_DSC_4622-WP-3-300x95.jpg 300w, https:\/\/www.elementlogic.net\/content\/uploads\/sites\/23\/2026\/03\/20190730_ElementLogic_ONLINE_DSC_4622-WP-3-768x243.jpg 768w, https:\/\/www.elementlogic.net\/content\/uploads\/sites\/23\/2026\/03\/20190730_ElementLogic_ONLINE_DSC_4622-WP-3-1536x485.jpg 1536w, https:\/\/www.elementlogic.net\/content\/uploads\/sites\/23\/2026\/03\/20190730_ElementLogic_ONLINE_DSC_4622-WP-3.jpg 2000w\" sizes=\"(max-width: 1024px) 100vw, 1024px\" \/>\n\t\t\t<div class=\"dekode-hero__content\">\n\t\t\t\t<div class=\"dekode-hero__container\">\n\t\t\t\t\t\n\n<h1 class=\"wp-block-heading\" id=\"h-kuinka-element-logic-tehostaa-kylmavarastointia\"><strong>Kuinka Element Logic tehostaa kylm\u00e4varastointia<\/strong>\u00a0<\/h1>\n\n\n<p class=\"t2-ingress wp-block-t2-ingress\">Integroimme useita teknologioita yhdeksi saumattomaksi j\u00e4rjestelm\u00e4ksi varmistaen skaalautuvuuden ilman kompromisseja:<\/p>\n\n\t\t\t\t<\/div>\n\t\t\t<\/div>\n\t\t<\/div>\n\t\t\n\n\n\t\t<div style=\"--link-cards-grid-columns: 3\" class=\"dekode-link-cards has-3-columns alignwide wp-block-dekode-link-cards\">\n\t\t\t<div class=\"dekode-link-cards__items\">\n\t\t\t\t\n<div class=\"wp-block-dekode-link-card has-background has-primary-background-color\"><img loading=\"lazy\" decoding=\"async\" width=\"768\" height=\"512\" src=\"https:\/\/www.elementlogic.net\/content\/uploads\/sites\/23\/2026\/03\/AutoStoreSystem-1920x1080px-_1-1-768x512.jpg\" class=\"\" alt=\"\" \/>\t<div class=\"dekode-link-card__content\">\n\t\t\t\t<p class=\"dekode-link-card__title\">\n\t\t\tAutomatisoidut varastointi- ja ker\u00e4ilyj\u00e4rjestelm\u00e4t (ASRS)\t\t<\/p>\n\t\t\t\t\t<p class=\"dekode-link-card__description\">Varastoi enemm\u00e4n pienemp\u00e4\u00e4n tilaan eritt\u00e4in tiiviill\u00e4 l\u00e4mp\u00f6tilahallitulla automaatiolla \u2013 ihanteellinen ratkaisu pakaste- ja viile\u00e4ymp\u00e4rist\u00f6ihin.<\/p>\n\t\t\t<\/div>\n\t<\/div>\n\n<div class=\"wp-block-dekode-link-card has-background has-primary-background-color\"><img loading=\"lazy\" decoding=\"async\" width=\"768\" height=\"513\" src=\"https:\/\/www.elementlogic.net\/content\/uploads\/sites\/23\/2026\/03\/ElementLogic_Conveyors-in-action-768x513-1-4.jpg\" class=\"\" alt=\"\" \/>\t<div class=\"dekode-link-card__content\">\n\t\t\t\t<p class=\"dekode-link-card__title\">\n\t\t\tKuljetinj\u00e4rjestelm\u00e4t\t\t<\/p>\n\t\t\t\t\t<p class=\"dekode-link-card__description\">Pid\u00e4 tuotteet jatkuvassa liikkeess\u00e4 ker\u00e4ily-, pakkaus- ja l\u00e4hetysalueiden v\u00e4lill\u00e4 kylm\u00e4ketjun eheyden s\u00e4ilytt\u00e4en.<\/p>\n\t\t\t<\/div>\n\t<\/div>\n\n<div class=\"wp-block-dekode-link-card has-background has-primary-background-color\"><img loading=\"lazy\" decoding=\"async\" width=\"498\" height=\"332\" src=\"https:\/\/www.elementlogic.net\/content\/uploads\/sites\/23\/2026\/03\/DSCF2940_TSPNT_v2-Custom-2.png\" class=\"\" alt=\"\" \/>\t<div class=\"dekode-link-card__content\">\n\t\t\t\t<p class=\"dekode-link-card__title\">\n\t\t\tKer\u00e4ily- ja pakkausratkaisut\t\t<\/p>\n\t\t\t\t\t<p class=\"dekode-link-card__description\">V\u00e4henn\u00e4 k\u00e4sittelyaikaa ja altistumista kylm\u00e4lle ergonomisilla tehokkailla ty\u00f6pisteill\u00e4, jotka on r\u00e4\u00e4t\u00e4l\u00f6ity viile\u00e4- ja pakastetoimintoihin.<\/p>\n\t\t\t<\/div>\n\t<\/div>\n\n<div class=\"wp-block-dekode-link-card has-background has-primary-background-color\"><img loading=\"lazy\" decoding=\"async\" width=\"768\" height=\"513\" src=\"https:\/\/www.elementlogic.net\/content\/uploads\/sites\/23\/2026\/03\/REISSER_Schraubentechnik_DE_ELE_01764-1-1-768x513.jpg\" class=\"\" alt=\"\" \/>\t<div class=\"dekode-link-card__content\">\n\t\t\t\t<p class=\"dekode-link-card__title\">\n\t\t\tAutonomiset ajoneuvot\t\t<\/p>\n\t\t\t\t\t<p class=\"dekode-link-card__description\">Siirr\u00e4 tuotteita eri vy\u00f6hykkeiden v\u00e4lill\u00e4 altistamatta ty\u00f6ntekij\u00f6it\u00e4 \u00e4\u00e4rimm\u00e4iselle kylmyydelle, mik\u00e4 v\u00e4hent\u00e4\u00e4 ty\u00f6n kuormittavuutta ja parantaa turvallisuutta.<\/p>\n\t\t\t<\/div>\n\t<\/div>\n\n<div class=\"wp-block-dekode-link-card has-background has-primary-background-color\"><img loading=\"lazy\" decoding=\"async\" width=\"768\" height=\"512\" src=\"https:\/\/www.elementlogic.net\/content\/uploads\/sites\/23\/2026\/03\/EL_Solar_eOperator_robot-1-768x512.jpg\" class=\"\" alt=\"\" \/>\t<div class=\"dekode-link-card__content\">\n\t\t\t\t<p class=\"dekode-link-card__title\">\n\t\t\tRobottiker\u00e4ily\t\t<\/p>\n\t\t\t\t\t<p class=\"dekode-link-card__description\">Automatisoi toistuvat teht\u00e4v\u00e4t kylmiss\u00e4 ymp\u00e4rist\u00f6iss\u00e4 nopeuden, tarkkuuden ja ty\u00f6turvallisuuden parantamiseksi.<\/p>\n\t\t\t<\/div>\n\t<\/div>\n\n<div class=\"wp-block-dekode-link-card has-background has-primary-background-color\"><img loading=\"lazy\" decoding=\"async\" width=\"768\" height=\"512\" src=\"https:\/\/www.elementlogic.net\/content\/uploads\/sites\/23\/2026\/03\/Element_logic_FDS_Kalle_warehousev2-4-768x512.jpg\" class=\"\" alt=\"\" \/>\t<div class=\"dekode-link-card__content\">\n\t\t\t\t<p class=\"dekode-link-card__title\">\n\t\t\tStaattiset varastointiratkaisut\t\t<\/p>\n\t\t\t\t\t<p class=\"dekode-link-card__description\">Tue tilaa vievi\u00e4, hitaasti liikkuvia tai ylisuuria tuotteita kiinteill\u00e4 hyllyratkaisuilla, jotka integroituvat helposti automatisoituihin j\u00e4rjestelmiin.<\/p>\n\t\t\t<\/div>\n\t<\/div>\n\n\t\t\t<\/div>\n\t\t<\/div>\n\n\n<div style=\"height:100px;width:0px\" aria-hidden=\"true\" class=\"wp-block-spacer\"><\/div>\n\n\n\n\t\t<div style=\"--dekode-hero-dim:0.6; --t2-icon-fill:var(--wp--preset--color--white);\" class=\"alignfull dekode-hero-content-position-center has-media-background wp-block-dekode-hero has-text-color has-white-color\">\n\t\t\t<img loading=\"lazy\" decoding=\"async\" width=\"1024\" height=\"536\" src=\"https:\/\/www.elementlogic.net\/content\/uploads\/sites\/23\/2026\/02\/DSC2365-1024x536.jpg\" class=\"dekode-hero__image\" alt=\"Varastorobotti ja laatikoita\" style=\"--focalpoint: 78% 70%;\" srcset=\"https:\/\/www.elementlogic.net\/content\/uploads\/sites\/23\/2026\/02\/DSC2365-1024x536.jpg 1024w, https:\/\/www.elementlogic.net\/content\/uploads\/sites\/23\/2026\/02\/DSC2365-300x157.jpg 300w, https:\/\/www.elementlogic.net\/content\/uploads\/sites\/23\/2026\/02\/DSC2365-768x402.jpg 768w, https:\/\/www.elementlogic.net\/content\/uploads\/sites\/23\/2026\/02\/DSC2365.jpg 1200w\" sizes=\"(max-width: 1024px) 100vw, 1024px\" \/>\n\t\t\t<div class=\"dekode-hero__content\">\n\t\t\t\t<div class=\"dekode-hero__container\">\n\t\t\t\t\t\n\n<h1 class=\"wp-block-heading\" id=\"h-pida-kylmaketjusi-liikkeella-alykkaan-automaation-avulla\"><strong>Pid\u00e4 kylm\u00e4ketjusi liikkeell\u00e4 \u00e4lykk\u00e4\u00e4n automaation avulla.<\/strong><\/h1>\n\n\n\n<div class=\"wp-block-buttons is-layout-flex wp-block-buttons-is-layout-flex\">\n<div class=\"wp-block-button http:\/\/hs-cta-trigger-button hs-cta-trigger-button-195241208906 has-icon has-icon-theme_arrow\"><a class=\"wp-block-button__link wp-element-button\" href=\"https:\/\/www.elementlogic.net\/fi\/ota-yhteytta\/\"><strong>Ota yhteytt\u00e4 jo t\u00e4n\u00e4\u00e4n<\/strong><svg xmlns=\"http:\/\/www.w3.org\/2000\/svg\" viewBox=\"0 0 24 24\" height=\"24\" width=\"24\" class=\"t2-icon t2-icon-theme_arrow\" aria-hidden=\"true\" focusable=\"false\"><path d=\"M16.627 12.75H5.25C5.03717 12.75 4.859 12.6782 4.7155 12.5345C4.57183 12.391 4.5 12.2128 4.5 12C4.5 11.7872 4.57183 11.609 4.7155 11.4655C4.859 11.3218 5.03717 11.25 5.25 11.25H16.627L11.4577 6.08076C11.3091 5.93209 11.2357 5.75809 11.2375 5.55876C11.2395 5.35942 11.318 5.18217 11.473 5.02701C11.6282 4.88217 11.8038 4.80717 12 4.80201C12.1962 4.79684 12.3718 4.87184 12.527 5.02701L18.8673 11.3673C18.9609 11.4609 19.0269 11.5597 19.0652 11.6635C19.1037 11.7673 19.123 11.8795 19.123 12C19.123 12.1205 19.1037 12.2327 19.0652 12.3365C19.0269 12.4403 18.9609 12.5391 18.8673 12.6328L12.527 18.973C12.3885 19.1115 12.217 19.1823 12.0125 19.1855C11.808 19.1887 11.6282 19.1178 11.473 18.973C11.318 18.8178 11.2405 18.6397 11.2405 18.4385C11.2405 18.2372 11.318 18.0589 11.473 17.9038L16.627 12.75Z\" fill=\"var(--t2-icon-fill, #000)\"\/><\/svg><\/a><\/div>\n<\/div>\n\n\n\t\t\t\t<\/div>\n\t\t\t<\/div>\n\t\t<\/div>\n\t\t\n\n\n<p><\/p>\n","protected":false},"excerpt":{"rendered":"<p>Element Logic auttaa kylm\u00e4varastoinnin tarjoajia maksimoimaan kapasiteetin, minimoimaan ty\u00f6voimakustannukset ja turvaamaan tuotteiden eheyden automaatiolla, joka on suunniteltu pakaste-, viile\u00e4- ja [&hellip;]<\/p>\n","protected":false},"author":2,"featured_media":2846,"parent":0,"menu_order":0,"comment_status":"closed","ping_status":"closed","template":"","meta":{"hreflang_relation":4860,"_el_cross_publish_source_blog_url":"","_el_cross_publish_source_blog_id":0,"_el_cross_publish_source_post_id":0,"_el_cross_publish_sync_state":"","exclude_from_search":false,"footnotes":""},"class_list":["post-2664","page","type-page","status-publish","has-post-thumbnail","hentry"],"yoast_head":"<!-- This site is optimized with the Yoast SEO Premium plugin v23.9 (Yoast SEO v23.9) - https:\/\/yoast.com\/wordpress\/plugins\/seo\/ -->\n<title>Cold Storage Industry - Element Logic Finland<\/title>\n<meta name=\"description\" content=\"Autamme maksimoimaan kylm\u00e4varastoinnin kapasiteetin, minimoimaan ty\u00f6voimakustannukset ja turvaamaan tuotteiden eheyden automaatiolla.\" \/>\n<meta name=\"robots\" content=\"index, follow, max-snippet:-1, max-image-preview:large, max-video-preview:-1\" \/>\n<link rel=\"canonical\" href=\"https:\/\/www.elementlogic.net\/fi\/kylmavarastointi\/\" \/>\n<meta property=\"og:locale\" content=\"fi_FI\" \/>\n<meta property=\"og:type\" content=\"article\" \/>\n<meta property=\"og:title\" content=\"Cold Storage Industry\" \/>\n<meta property=\"og:description\" content=\"Autamme maksimoimaan kylm\u00e4varastoinnin kapasiteetin, minimoimaan ty\u00f6voimakustannukset ja turvaamaan tuotteiden eheyden automaatiolla.\" \/>\n<meta property=\"og:url\" content=\"https:\/\/www.elementlogic.net\/fi\/kylmavarastointi\/\" \/>\n<meta property=\"og:site_name\" content=\"Element Logic Finland\" \/>\n<meta property=\"og:image\" content=\"https:\/\/www.elementlogic.net\/content\/uploads\/sites\/23\/2026\/03\/cold-storage2-1-1024x683.png\" \/>\n\t<meta property=\"og:image:width\" content=\"1024\" \/>\n\t<meta property=\"og:image:height\" content=\"683\" \/>\n\t<meta property=\"og:image:type\" content=\"image\/png\" \/>\n<meta name=\"twitter:card\" content=\"summary_large_image\" \/>\n<meta name=\"twitter:label1\" content=\"Arvioitu lukuaika\" \/>\n\t<meta name=\"twitter:data1\" content=\"1 minuutti\" \/>\n<script type=\"application\/ld+json\" class=\"yoast-schema-graph\">{\"@context\":\"https:\/\/schema.org\",\"@graph\":[{\"@type\":\"WebPage\",\"@id\":\"https:\/\/www.elementlogic.net\/fi\/kylmavarastointi\/\",\"url\":\"https:\/\/www.elementlogic.net\/fi\/kylmavarastointi\/\",\"name\":\"Cold Storage Industry - Element Logic Finland\",\"isPartOf\":{\"@id\":\"https:\/\/www.elementlogic.net\/fi\/#website\"},\"primaryImageOfPage\":{\"@id\":\"https:\/\/www.elementlogic.net\/fi\/kylmavarastointi\/#primaryimage\"},\"image\":{\"@id\":\"https:\/\/www.elementlogic.net\/fi\/kylmavarastointi\/#primaryimage\"},\"thumbnailUrl\":\"https:\/\/www.elementlogic.net\/content\/uploads\/sites\/23\/2026\/03\/cold-storage2-1.png\",\"datePublished\":\"2026-03-31T15:21:24+00:00\",\"dateModified\":\"2026-03-31T15:21:24+00:00\",\"description\":\"Autamme maksimoimaan kylm\u00e4varastoinnin kapasiteetin, minimoimaan ty\u00f6voimakustannukset ja turvaamaan tuotteiden eheyden automaatiolla.\",\"inLanguage\":\"fi\",\"potentialAction\":[{\"@type\":\"ReadAction\",\"target\":[\"https:\/\/www.elementlogic.net\/fi\/kylmavarastointi\/\"]}]},{\"@type\":\"ImageObject\",\"inLanguage\":\"fi\",\"@id\":\"https:\/\/www.elementlogic.net\/fi\/kylmavarastointi\/#primaryimage\",\"url\":\"https:\/\/www.elementlogic.net\/content\/uploads\/sites\/23\/2026\/03\/cold-storage2-1.png\",\"contentUrl\":\"https:\/\/www.elementlogic.net\/content\/uploads\/sites\/23\/2026\/03\/cold-storage2-1.png\",\"width\":1536,\"height\":1024},{\"@type\":\"WebSite\",\"@id\":\"https:\/\/www.elementlogic.net\/fi\/#website\",\"url\":\"https:\/\/www.elementlogic.net\/fi\/\",\"name\":\"Element Logic Finland\",\"description\":\"\",\"potentialAction\":[{\"@type\":\"SearchAction\",\"target\":{\"@type\":\"EntryPoint\",\"urlTemplate\":\"https:\/\/www.elementlogic.net\/fi\/?s={search_term_string}\"},\"query-input\":{\"@type\":\"PropertyValueSpecification\",\"valueRequired\":true,\"valueName\":\"search_term_string\"}}],\"inLanguage\":\"fi\"}]}<\/script>\n<!-- \/ Yoast SEO Premium plugin. -->","yoast_head_json":{"title":"Cold Storage Industry - Element Logic Finland","description":"Autamme maksimoimaan kylm\u00e4varastoinnin kapasiteetin, minimoimaan ty\u00f6voimakustannukset ja turvaamaan tuotteiden eheyden automaatiolla.","robots":{"index":"index","follow":"follow","max-snippet":"max-snippet:-1","max-image-preview":"max-image-preview:large","max-video-preview":"max-video-preview:-1"},"canonical":"https:\/\/www.elementlogic.net\/fi\/kylmavarastointi\/","og_locale":"fi_FI","og_type":"article","og_title":"Cold Storage Industry","og_description":"Autamme maksimoimaan kylm\u00e4varastoinnin kapasiteetin, minimoimaan ty\u00f6voimakustannukset ja turvaamaan tuotteiden eheyden automaatiolla.","og_url":"https:\/\/www.elementlogic.net\/fi\/kylmavarastointi\/","og_site_name":"Element Logic Finland","og_image":[{"width":1024,"height":683,"url":"https:\/\/www.elementlogic.net\/content\/uploads\/sites\/23\/2026\/03\/cold-storage2-1-1024x683.png","type":"image\/png"}],"twitter_card":"summary_large_image","twitter_misc":{"Arvioitu lukuaika":"1 minuutti"},"schema":{"@context":"https:\/\/schema.org","@graph":[{"@type":"WebPage","@id":"https:\/\/www.elementlogic.net\/fi\/kylmavarastointi\/","url":"https:\/\/www.elementlogic.net\/fi\/kylmavarastointi\/","name":"Cold Storage Industry - Element Logic Finland","isPartOf":{"@id":"https:\/\/www.elementlogic.net\/fi\/#website"},"primaryImageOfPage":{"@id":"https:\/\/www.elementlogic.net\/fi\/kylmavarastointi\/#primaryimage"},"image":{"@id":"https:\/\/www.elementlogic.net\/fi\/kylmavarastointi\/#primaryimage"},"thumbnailUrl":"https:\/\/www.elementlogic.net\/content\/uploads\/sites\/23\/2026\/03\/cold-storage2-1.png","datePublished":"2026-03-31T15:21:24+00:00","dateModified":"2026-03-31T15:21:24+00:00","description":"Autamme maksimoimaan kylm\u00e4varastoinnin kapasiteetin, minimoimaan ty\u00f6voimakustannukset ja turvaamaan tuotteiden eheyden automaatiolla.","inLanguage":"fi","potentialAction":[{"@type":"ReadAction","target":["https:\/\/www.elementlogic.net\/fi\/kylmavarastointi\/"]}]},{"@type":"ImageObject","inLanguage":"fi","@id":"https:\/\/www.elementlogic.net\/fi\/kylmavarastointi\/#primaryimage","url":"https:\/\/www.elementlogic.net\/content\/uploads\/sites\/23\/2026\/03\/cold-storage2-1.png","contentUrl":"https:\/\/www.elementlogic.net\/content\/uploads\/sites\/23\/2026\/03\/cold-storage2-1.png","width":1536,"height":1024},{"@type":"WebSite","@id":"https:\/\/www.elementlogic.net\/fi\/#website","url":"https:\/\/www.elementlogic.net\/fi\/","name":"Element Logic Finland","description":"","potentialAction":[{"@type":"SearchAction","target":{"@type":"EntryPoint","urlTemplate":"https:\/\/www.elementlogic.net\/fi\/?s={search_term_string}"},"query-input":{"@type":"PropertyValueSpecification","valueRequired":true,"valueName":"search_term_string"}}],"inLanguage":"fi"}]}},"_links":{"self":[{"href":"https:\/\/www.elementlogic.net\/fi\/wp-json\/wp\/v2\/pages\/2664"}],"collection":[{"href":"https:\/\/www.elementlogic.net\/fi\/wp-json\/wp\/v2\/pages"}],"about":[{"href":"https:\/\/www.elementlogic.net\/fi\/wp-json\/wp\/v2\/types\/page"}],"author":[{"embeddable":true,"href":"https:\/\/www.elementlogic.net\/fi\/wp-json\/wp\/v2\/users\/2"}],"replies":[{"embeddable":true,"href":"https:\/\/www.elementlogic.net\/fi\/wp-json\/wp\/v2\/comments?post=2664"}],"version-history":[{"count":3,"href":"https:\/\/www.elementlogic.net\/fi\/wp-json\/wp\/v2\/pages\/2664\/revisions"}],"predecessor-version":[{"id":2853,"href":"https:\/\/www.elementlogic.net\/fi\/wp-json\/wp\/v2\/pages\/2664\/revisions\/2853"}],"wp:featuredmedia":[{"embeddable":true,"href":"https:\/\/www.elementlogic.net\/fi\/wp-json\/wp\/v2\/media\/2846"}],"wp:attachment":[{"href":"https:\/\/www.elementlogic.net\/fi\/wp-json\/wp\/v2\/media?parent=2664"}],"curies":[{"name":"wp","href":"https:\/\/api.w.org\/{rel}","templated":true}]}}