{"id":2666,"date":"2026-04-09T10:00:53","date_gmt":"2026-04-09T10:00:53","guid":{"rendered":"https:\/\/www.elementlogic.net\/fi\/?page_id=2666"},"modified":"2026-04-09T10:01:07","modified_gmt":"2026-04-09T10:01:07","slug":"urheiluvaatteet","status":"publish","type":"page","link":"https:\/\/www.elementlogic.net\/fi\/toimialat\/urheiluvaatteet\/","title":{"rendered":"Urheiluvaatteet"},"content":{"rendered":"\n\t\t<div style=\"--dekode-hero-dim:0.5; --t2-icon-fill:var(--wp--preset--color--white);\" class=\"alignfull dekode-hero-content-position-center has-media-background wp-block-dekode-hero has-text-color has-white-color\">\n\t\t\t<img loading=\"lazy\" decoding=\"async\" width=\"1024\" height=\"1024\" src=\"https:\/\/www.elementlogic.net\/content\/uploads\/sites\/23\/2026\/04\/Sporstwear-1.png\" class=\"dekode-hero__image\" alt=\"\" style=\"--focalpoint: 48% 51%;\" srcset=\"https:\/\/www.elementlogic.net\/content\/uploads\/sites\/23\/2026\/04\/Sporstwear-1.png 1024w, https:\/\/www.elementlogic.net\/content\/uploads\/sites\/23\/2026\/04\/Sporstwear-1-300x300.png 300w, https:\/\/www.elementlogic.net\/content\/uploads\/sites\/23\/2026\/04\/Sporstwear-1-150x150.png 150w, https:\/\/www.elementlogic.net\/content\/uploads\/sites\/23\/2026\/04\/Sporstwear-1-768x768.png 768w\" sizes=\"(max-width: 1024px) 100vw, 1024px\" \/>\n\t\t\t<div class=\"dekode-hero__content\">\n\t\t\t\t<div class=\"dekode-hero__container\">\n\t\t\t\t\t\n\n<p><\/p>\n\n\n\n<h1 class=\"wp-block-heading\" id=\"h-urheiluvaate-ala\"><strong>Urheiluvaate<\/strong>ala<\/h1>\n\n\n<p class=\"t2-ingress wp-block-t2-ingress\">Skaalaa toimitusketjusi huippusuorituksiin<\/p>\n\n\n<div class=\"wp-block-buttons is-layout-flex wp-block-buttons-is-layout-flex\">\n<div class=\"wp-block-button hs-cta-trigger-button hs-cta-trigger-button-195241208906 has-icon has-icon-theme_arrow\"><a class=\"wp-block-button__link wp-element-button\" href=\"https:\/\/www.elementlogic.net\/fi\/ota-yhteytta\/\">Ota yhteytt\u00e4<svg xmlns=\"http:\/\/www.w3.org\/2000\/svg\" viewBox=\"0 0 24 24\" height=\"24\" width=\"24\" class=\"t2-icon t2-icon-theme_arrow\" aria-hidden=\"true\" focusable=\"false\"><path d=\"M16.627 12.75H5.25C5.03717 12.75 4.859 12.6782 4.7155 12.5345C4.57183 12.391 4.5 12.2128 4.5 12C4.5 11.7872 4.57183 11.609 4.7155 11.4655C4.859 11.3218 5.03717 11.25 5.25 11.25H16.627L11.4577 6.08076C11.3091 5.93209 11.2357 5.75809 11.2375 5.55876C11.2395 5.35942 11.318 5.18217 11.473 5.02701C11.6282 4.88217 11.8038 4.80717 12 4.80201C12.1962 4.79684 12.3718 4.87184 12.527 5.02701L18.8673 11.3673C18.9609 11.4609 19.0269 11.5597 19.0652 11.6635C19.1037 11.7673 19.123 11.8795 19.123 12C19.123 12.1205 19.1037 12.2327 19.0652 12.3365C19.0269 12.4403 18.9609 12.5391 18.8673 12.6328L12.527 18.973C12.3885 19.1115 12.217 19.1823 12.0125 19.1855C11.808 19.1887 11.6282 19.1178 11.473 18.973C11.318 18.8178 11.2405 18.6397 11.2405 18.4385C11.2405 18.2372 11.318 18.0589 11.473 17.9038L16.627 12.75Z\" fill=\"var(--t2-icon-fill, #000)\"\/><\/svg><\/a><\/div>\n<\/div>\n\n\n\t\t\t\t<\/div>\n\t\t\t<\/div>\n\t\t<\/div>\n\t\t\n\n<p class=\"t2-ingress wp-block-t2-ingress\">Kengist\u00e4 pelipaitoihin ja asusteista fanituotteisiin \u2013 urheilumuoti liikkuu nopeasti. <strong>Sesonkihuiput, monimutkaiset palautukset ja valtava tuotevalikoima<\/strong> voivat ylikuormittaa parhaatkin varastot. Element Logic auttaa urheilubr\u00e4ndej\u00e4 pysym\u00e4\u00e4n k\u00e4rjess\u00e4 automaatiolla, joka varmistaa <strong>nopeuden, tarkkuuden ja skaalautuvuuden.<\/strong><\/p>\n\n\n<p><\/p>\n\n\n\n<p>Yli 40 vuoden sis\u00e4logistiikan asiantuntemuksella toimitamme luotettavia, tulevaisuudenkest\u00e4vi\u00e4 j\u00e4rjestelmi\u00e4, jotka pit\u00e4v\u00e4t urheiluvaatteiden toimitusketjut kilpailukykyisin\u00e4 sesongista toiseen.<\/p>\n\n\n\n<div class=\"wp-block-group has-global-padding is-layout-constrained wp-block-group-is-layout-constrained\">\n<h2 class=\"wp-block-heading wp-container-content-1\" id=\"h-urheiluvaatealan-johtajien-kohtaamat-haasteet\"><strong>Urheiluvaatealan johtajien kohtaamat haasteet<\/strong>\u00a0<\/h2>\n\n\n\n<ul class=\"wp-block-list\">\n<li>Sesonkihuiput, jotka koettelevat varastointi- ja tilaustenk\u00e4sittelykapasiteettia<\/li>\n\n\n\n<li>Suuri tuotevaihtelu vaatteissa, jalkineissa ja asusteissa<\/li>\n\n\n\n<li>Asiakkaiden odotukset nopeista D2C- ja tukkutoimituksista<\/li>\n\n\n\n<li>K\u00e4\u00e4nteislogistiikan haasteet mukaan lukien palautukset, vaihdot ja hyllytys<\/li>\n<\/ul>\n<\/div>\n\n\n\n\t\t<div style=\"--dekode-hero-dim:0.5; --t2-icon-fill:var(--wp--preset--color--white);\" class=\"alignfull dekode-hero-content-position-center has-media-background wp-block-dekode-hero has-text-color has-white-color\">\n\t\t\t\t\t<video\n\t\t\tautoplay\n\t\t\tloop\n\t\t\tmuted\n\t\t\tplaysinline\n\t\t\tposter=\"\"\n\t\t\tsrc=\"https:\/\/www.elementlogic.net\/content\/uploads\/2024\/07\/solutions-and-services.mp4\">\n\t\t<\/video>\n\t\t\n\t\t\t<div class=\"dekode-hero__content\">\n\t\t\t\t<div class=\"dekode-hero__container\">\n\t\t\t\t\t\n\n<h2 class=\"wp-block-heading\" id=\"h-johtavien-urheilubrandien-luottama\">Johtavien urheilubr\u00e4ndien luottama:<\/h2>\n\n\n\t\t\t\t<\/div>\n\t\t\t<\/div>\n\t\t<\/div>\n\t\t\n\n<div class=\"t2-featured-content-layout alignwide wp-block-t2-featured-content-layout\">\n<div class=\"t2-featured-query-post t2-featured-content is-post-type-case case_tax-vaatteet-ja-urheiluvarusteet wp-block-t2-featured-query-post\"><a class=\"t2-post-link wp-block-t2-post-link\" href=\"https:\/\/www.elementlogic.net\/fi\/cases\/autostore-vastaa-devoldin-kasvaviin-toimitusvaatimuksiin\/\">\n\t<div class=\"client-logo-image-wrapper\"><img loading=\"lazy\" decoding=\"async\" width=\"300\" height=\"158\" src=\"https:\/\/www.elementlogic.net\/content\/uploads\/sites\/23\/2025\/06\/Devold_Logo-300x158.jpg\" class=\"client-logo-image\" alt=\"\" \/><\/div>\n\t<figure style=\"--t2-focal-point: 50% 50%;\" class=\"t2-post-featured-image has-image-ratio-3-2 wp-block-t2-post-featured-image\"><img loading=\"lazy\" decoding=\"async\" width=\"2048\" height=\"1367\" src=\"https:\/\/www.elementlogic.net\/content\/uploads\/sites\/23\/2025\/06\/ElementLogic_CustomerForum_Finland_2025-81.jpg\" class=\"attachment-post-thumbnail size-post-thumbnail wp-post-image\" alt=\"varastorobotti\" srcset=\"https:\/\/www.elementlogic.net\/content\/uploads\/sites\/23\/2025\/06\/ElementLogic_CustomerForum_Finland_2025-81.jpg 2048w, https:\/\/www.elementlogic.net\/content\/uploads\/sites\/23\/2025\/06\/ElementLogic_CustomerForum_Finland_2025-81-300x200.jpg 300w, https:\/\/www.elementlogic.net\/content\/uploads\/sites\/23\/2025\/06\/ElementLogic_CustomerForum_Finland_2025-81-1024x684.jpg 1024w, https:\/\/www.elementlogic.net\/content\/uploads\/sites\/23\/2025\/06\/ElementLogic_CustomerForum_Finland_2025-81-768x513.jpg 768w, https:\/\/www.elementlogic.net\/content\/uploads\/sites\/23\/2025\/06\/ElementLogic_CustomerForum_Finland_2025-81-1536x1025.jpg 1536w\" sizes=\"(max-width: 2048px) 100vw, 2048px\" \/><\/figure>\n\t\n<\/a>\n\n\t\t<div class=\"card-content wp-block-t2-wrapper\">\n\t<div class=\"wp-block-dekode-post-terms\"><span>Vaatteet ja urheiluvarusteet<\/span><\/div>\n\t<h3 class=\"t2-post-title wp-block-t2-post-title\"><a href=\"https:\/\/www.elementlogic.net\/fi\/cases\/autostore-vastaa-devoldin-kasvaviin-toimitusvaatimuksiin\/\" target=\"_self\" >AutoStore vastaa Devoldin kasvaviin toimitusvaatimuksiin<\/a><\/h3>\n\t<div class=\"t2-post-excerpt wp-block-t2-post-excerpt\"><p>Devold on yksi maailman vanhimmista ulkoiluun ja vaativiin ty\u00f6olosuhteisiin suunnattujen tekstiilituotteiden br\u00e4ndeist\u00e4. Yritys siirsi tuotantoyksikk\u00f6ns\u00e4 Liettuaan vuonna 1998 ja laajensi [&hellip;]<\/p><\/div>\n<\/div>\n<\/div>\n\n<div class=\"t2-featured-query-post t2-featured-content is-post-type-case case_tax-korkea-lapivirtauskapasiteetti case_tax-vaatteet-ja-urheiluvarusteet wp-block-t2-featured-query-post\"><a class=\"t2-post-link wp-block-t2-post-link\" href=\"https:\/\/www.elementlogic.net\/fi\/cases\/kokemus-ja-laaja-ratkaisutarjonta-toivat-xxllle-ylivoimaisen-kilpailuedun\/\">\n\t<div class=\"client-logo-image-wrapper\"><img loading=\"lazy\" decoding=\"async\" width=\"300\" height=\"156\" src=\"https:\/\/www.elementlogic.net\/content\/uploads\/sites\/23\/\/2024\/09\/XXL-Logo-300x156.png\" class=\"client-logo-image\" alt=\"\" \/><\/div>\n\t<figure style=\"--t2-focal-point: 50% 50%;\" class=\"t2-post-featured-image has-image-ratio-3-2 wp-block-t2-post-featured-image\"><img loading=\"lazy\" decoding=\"async\" width=\"1063\" height=\"709\" src=\"https:\/\/www.elementlogic.net\/content\/uploads\/sites\/23\/\/2024\/09\/XXL-AutoStore-Grid-Overview.jpg\" class=\"attachment-post-thumbnail size-post-thumbnail wp-post-image\" alt=\"varastorobottien kehikko\" srcset=\"https:\/\/www.elementlogic.net\/content\/uploads\/sites\/23\/2024\/09\/XXL-AutoStore-Grid-Overview.jpg 1063w, https:\/\/www.elementlogic.net\/content\/uploads\/sites\/23\/2024\/09\/XXL-AutoStore-Grid-Overview-300x200.jpg 300w, https:\/\/www.elementlogic.net\/content\/uploads\/sites\/23\/2024\/09\/XXL-AutoStore-Grid-Overview-1024x683.jpg 1024w, https:\/\/www.elementlogic.net\/content\/uploads\/sites\/23\/2024\/09\/XXL-AutoStore-Grid-Overview-768x512.jpg 768w\" sizes=\"(max-width: 1063px) 100vw, 1063px\" \/><\/figure>\n\t\n<\/a>\n\n\t\t<div class=\"card-content wp-block-t2-wrapper\">\n\t<div class=\"wp-block-dekode-post-terms\"><span>Korkea l\u00e4pivirtauskapasiteetti<\/span><span>Vaatteet ja urheiluvarusteet<\/span><\/div>\n\t<h3 class=\"t2-post-title wp-block-t2-post-title\"><a href=\"https:\/\/www.elementlogic.net\/fi\/cases\/kokemus-ja-laaja-ratkaisutarjonta-toivat-xxllle-ylivoimaisen-kilpailuedun\/\" target=\"_self\" >Kokemus ja laaja ratkaisutarjonta toivat XXL:lle ylivoimaisen kilpailuedun<\/a><\/h3>\n\t<div class=\"t2-post-excerpt wp-block-t2-post-excerpt\"><p>XXL Sport og Villmark on Pohjoismaiden suurin ja nopeimmin kasvava urheiluketju. Jatkuva kasvu asetti kasvavia vaatimuksia varastoinnille ja materiaalink\u00e4sittelylle \u2013 [&hellip;]<\/p><\/div>\n<\/div>\n<\/div>\n\n<div class=\"t2-featured-query-post t2-featured-content is-post-type-case case_tax-korkea-lapivirtauskapasiteetti case_tax-vaatteet-ja-urheiluvarusteet wp-block-t2-featured-query-post\"><a class=\"t2-post-link wp-block-t2-post-link\" href=\"https:\/\/www.elementlogic.net\/fi\/cases\/element-logic-ja-autostore-nostivat-bergfreunden-kerailytehokuutta-yli-400-prosenttia\/\">\n\t<div class=\"client-logo-image-wrapper\"><img loading=\"lazy\" decoding=\"async\" width=\"300\" height=\"87\" src=\"https:\/\/www.elementlogic.net\/content\/uploads\/sites\/23\/\/2024\/09\/Bergfreunde-Logo-300x87.jpg\" class=\"client-logo-image\" alt=\"\" \/><\/div>\n\t<figure style=\"--t2-focal-point: 50% 50%;\" class=\"t2-post-featured-image has-image-ratio-3-2 wp-block-t2-post-featured-image\"><img loading=\"lazy\" decoding=\"async\" width=\"2000\" height=\"1335\" src=\"https:\/\/www.elementlogic.net\/content\/uploads\/sites\/23\/\/2024\/09\/Element-Logic-AutoStore-Bergfreunde-7-28173909.jpg\" class=\"attachment-post-thumbnail size-post-thumbnail wp-post-image\" alt=\"\" srcset=\"https:\/\/www.elementlogic.net\/content\/uploads\/sites\/23\/2024\/09\/Element-Logic-AutoStore-Bergfreunde-7-28173909.jpg 2000w, https:\/\/www.elementlogic.net\/content\/uploads\/sites\/23\/2024\/09\/Element-Logic-AutoStore-Bergfreunde-7-28173909-300x200.jpg 300w, https:\/\/www.elementlogic.net\/content\/uploads\/sites\/23\/2024\/09\/Element-Logic-AutoStore-Bergfreunde-7-28173909-1024x684.jpg 1024w, https:\/\/www.elementlogic.net\/content\/uploads\/sites\/23\/2024\/09\/Element-Logic-AutoStore-Bergfreunde-7-28173909-768x513.jpg 768w, https:\/\/www.elementlogic.net\/content\/uploads\/sites\/23\/2024\/09\/Element-Logic-AutoStore-Bergfreunde-7-28173909-1536x1025.jpg 1536w\" sizes=\"(max-width: 2000px) 100vw, 2000px\" \/><\/figure>\n\t\n<\/a>\n\n\t\t<div class=\"card-content wp-block-t2-wrapper\">\n\t<div class=\"wp-block-dekode-post-terms\"><span>Korkea l\u00e4pivirtauskapasiteetti<\/span><span>Vaatteet ja urheiluvarusteet<\/span><\/div>\n\t<h3 class=\"t2-post-title wp-block-t2-post-title\"><a href=\"https:\/\/www.elementlogic.net\/fi\/cases\/element-logic-ja-autostore-nostivat-bergfreunden-kerailytehokuutta-yli-400-prosenttia\/\" target=\"_self\" >Element Logic ja AutoStore nostivat Bergfreunden ker\u00e4ilytehokuutta yli 400 prosenttia<\/a><\/h3>\n\t<div class=\"t2-post-excerpt wp-block-t2-post-excerpt\"><p>Vuodesta 2006 toimineella Bergfreundella on valikoimassaan yli 150 000 tuotetta yli 750 tuotemerkilt\u00e4 \u2013 ja kasvu jatkuu. Vuosina 2017 ja [&hellip;]<\/p><\/div>\n<\/div>\n<\/div>\n<\/div>\n\n\n<div class=\"wp-block-buttons is-layout-flex wp-block-buttons-is-layout-flex\">\n<div class=\"wp-block-button\"><a class=\"wp-block-button__link wp-element-button\" href=\"https:\/\/www.elementlogic.net\/fi\/cases\/category\/vaatteet-ja-urheiluvarusteet\/\">Tutustu muihin urheilutarvikealan asiakastarinoihin<\/a><\/div>\n<\/div>\n\n\n\n<div class=\"wp-block-group is-layout-flex wp-block-group-is-layout-flex\">\n<h2 class=\"wp-block-heading wp-container-content-2\" id=\"h-miksi-urheilubrandit-valitsevat-element-logicin\"><strong>Miksi urheilubr\u00e4ndit valitsevat Element Logicin?<\/strong>\u00a0<\/h2>\n\n\n\n<ul class=\"wp-block-list\">\n<li><strong>Saumaton skaalautuminen<\/strong> sesonkien kysynt\u00e4piikkien hallitsemiseksi<\/li>\n\n\n\n<li><strong>Nopeampi tilaustenk\u00e4sittely<\/strong> v\u00e4hent\u00e4en samalla virheit\u00e4 ja kustannuksia<\/li>\n\n\n\n<li><strong>Monimutkaisten palautusten<\/strong> ja k\u00e4\u00e4nteislogistiikan <strong>yksinkertaistaminen<\/strong><\/li>\n\n\n\n<li><strong>Tulevaisuudenkest\u00e4v\u00e4t<\/strong> ratkaisut, joihin luotetaan eri toimialoilla<\/li>\n<\/ul>\n<\/div>\n\n\n\n<div style=\"height:100px;width:0px\" aria-hidden=\"true\" class=\"wp-block-spacer\"><\/div>\n\n\n\n\t\t<div style=\"--dekode-hero-dim:0.6; --t2-icon-fill:var(--wp--preset--color--white);\" class=\"alignfull dekode-hero-content-position-center has-media-background wp-block-dekode-hero has-text-color has-white-color\">\n\t\t\t<img loading=\"lazy\" decoding=\"async\" width=\"1024\" height=\"536\" src=\"https:\/\/www.elementlogic.net\/content\/uploads\/sites\/23\/2026\/02\/DSC2365-1024x536.jpg\" class=\"dekode-hero__image\" alt=\"Varastorobotti ja laatikoita\" style=\"--focalpoint: 75% 71%;\" srcset=\"https:\/\/www.elementlogic.net\/content\/uploads\/sites\/23\/2026\/02\/DSC2365-1024x536.jpg 1024w, https:\/\/www.elementlogic.net\/content\/uploads\/sites\/23\/2026\/02\/DSC2365-300x157.jpg 300w, https:\/\/www.elementlogic.net\/content\/uploads\/sites\/23\/2026\/02\/DSC2365-768x402.jpg 768w, https:\/\/www.elementlogic.net\/content\/uploads\/sites\/23\/2026\/02\/DSC2365.jpg 1200w\" sizes=\"(max-width: 1024px) 100vw, 1024px\" \/>\n\t\t\t<div class=\"dekode-hero__content\">\n\t\t\t\t<div class=\"dekode-hero__container\">\n\t\t\t\t\t\n\n<h1 class=\"wp-block-heading\" id=\"h-seuraava-sesonki-ei-odota-miksi-sina-odottaisit\"><strong>Seuraava sesonki ei odota \u2013 Miksi sin\u00e4 odottaisit?<\/strong><\/h1>\n\n\n\n<div class=\"wp-block-buttons is-layout-flex wp-block-buttons-is-layout-flex\">\n<div class=\"wp-block-button http:\/\/hs-cta-trigger-button hs-cta-trigger-button-195241208906\"><a class=\"wp-block-button__link wp-element-button\" href=\"https:\/\/www.elementlogic.net\/fi\/ota-yhteytta\/\">Ota yhteytt\u00e4 jo t\u00e4n\u00e4\u00e4n<\/a><\/div>\n<\/div>\n\n\n\t\t\t\t<\/div>\n\t\t\t<\/div>\n\t\t<\/div>\n\t\t\n\n\n<p><\/p>\n","protected":false},"excerpt":{"rendered":"<p>Yli 40 vuoden sis\u00e4logistiikan asiantuntemuksella toimitamme luotettavia, tulevaisuudenkest\u00e4vi\u00e4 j\u00e4rjestelmi\u00e4, jotka pit\u00e4v\u00e4t urheiluvaatteiden toimitusketjut kilpailukykyisin\u00e4 sesongista toiseen. Urheiluvaatealan johtajien kohtaamat haasteet\u00a0 [&hellip;]<\/p>\n","protected":false},"author":2,"featured_media":0,"parent":2674,"menu_order":0,"comment_status":"closed","ping_status":"closed","template":"","meta":{"hreflang_relation":4862,"_el_cross_publish_source_blog_url":"","_el_cross_publish_source_blog_id":0,"_el_cross_publish_source_post_id":0,"_el_cross_publish_sync_state":"","exclude_from_search":false,"footnotes":""},"class_list":["post-2666","page","type-page","status-publish","hentry"],"yoast_head":"<!-- This site is optimized with the Yoast SEO Premium plugin v23.9 (Yoast SEO v23.9) - https:\/\/yoast.com\/wordpress\/plugins\/seo\/ -->\n<title>Urheiluvaatteet - Element Logic Finland<\/title>\n<meta name=\"description\" content=\"Toimitamme luotettavia j\u00e4rjestelmi\u00e4, jotka pit\u00e4v\u00e4t urheiluvaatteiden toimitusketjut kilpailukykyisin\u00e4 sesongista toiseen.\" \/>\n<meta name=\"robots\" content=\"index, follow, max-snippet:-1, max-image-preview:large, max-video-preview:-1\" \/>\n<link rel=\"canonical\" href=\"https:\/\/www.elementlogic.net\/fi\/toimialat\/urheiluvaatteet\/\" \/>\n<meta property=\"og:locale\" content=\"fi_FI\" \/>\n<meta property=\"og:type\" content=\"article\" \/>\n<meta property=\"og:title\" content=\"Urheiluvaatteet\" \/>\n<meta property=\"og:description\" content=\"Toimitamme luotettavia j\u00e4rjestelmi\u00e4, jotka pit\u00e4v\u00e4t urheiluvaatteiden toimitusketjut kilpailukykyisin\u00e4 sesongista toiseen.\" \/>\n<meta property=\"og:url\" content=\"https:\/\/www.elementlogic.net\/fi\/toimialat\/urheiluvaatteet\/\" \/>\n<meta property=\"og:site_name\" content=\"Element Logic Finland\" \/>\n<meta property=\"article:modified_time\" content=\"2026-04-09T10:01:07+00:00\" \/>\n<meta name=\"twitter:card\" content=\"summary_large_image\" \/>\n<meta name=\"twitter:label1\" content=\"Arvioitu lukuaika\" \/>\n\t<meta name=\"twitter:data1\" content=\"1 minuutti\" \/>\n<script type=\"application\/ld+json\" class=\"yoast-schema-graph\">{\"@context\":\"https:\/\/schema.org\",\"@graph\":[{\"@type\":\"WebPage\",\"@id\":\"https:\/\/www.elementlogic.net\/fi\/toimialat\/urheiluvaatteet\/\",\"url\":\"https:\/\/www.elementlogic.net\/fi\/toimialat\/urheiluvaatteet\/\",\"name\":\"Urheiluvaatteet - Element Logic Finland\",\"isPartOf\":{\"@id\":\"https:\/\/www.elementlogic.net\/fi\/#website\"},\"datePublished\":\"2026-04-09T10:00:53+00:00\",\"dateModified\":\"2026-04-09T10:01:07+00:00\",\"description\":\"Toimitamme luotettavia j\u00e4rjestelmi\u00e4, jotka pit\u00e4v\u00e4t urheiluvaatteiden toimitusketjut kilpailukykyisin\u00e4 sesongista toiseen.\",\"breadcrumb\":{\"@id\":\"https:\/\/www.elementlogic.net\/fi\/toimialat\/urheiluvaatteet\/#breadcrumb\"},\"inLanguage\":\"fi\",\"potentialAction\":[{\"@type\":\"ReadAction\",\"target\":[\"https:\/\/www.elementlogic.net\/fi\/toimialat\/urheiluvaatteet\/\"]}]},{\"@type\":\"BreadcrumbList\",\"@id\":\"https:\/\/www.elementlogic.net\/fi\/toimialat\/urheiluvaatteet\/#breadcrumb\",\"itemListElement\":[{\"@type\":\"ListItem\",\"position\":1,\"name\":\"Toimialat\",\"item\":\"https:\/\/www.elementlogic.net\/fi\/toimialat\/\"},{\"@type\":\"ListItem\",\"position\":2,\"name\":\"Urheiluvaatteet\"}]},{\"@type\":\"WebSite\",\"@id\":\"https:\/\/www.elementlogic.net\/fi\/#website\",\"url\":\"https:\/\/www.elementlogic.net\/fi\/\",\"name\":\"Element Logic Finland\",\"description\":\"\",\"potentialAction\":[{\"@type\":\"SearchAction\",\"target\":{\"@type\":\"EntryPoint\",\"urlTemplate\":\"https:\/\/www.elementlogic.net\/fi\/?s={search_term_string}\"},\"query-input\":{\"@type\":\"PropertyValueSpecification\",\"valueRequired\":true,\"valueName\":\"search_term_string\"}}],\"inLanguage\":\"fi\"}]}<\/script>\n<!-- \/ Yoast SEO Premium plugin. -->","yoast_head_json":{"title":"Urheiluvaatteet - Element Logic Finland","description":"Toimitamme luotettavia j\u00e4rjestelmi\u00e4, jotka pit\u00e4v\u00e4t urheiluvaatteiden toimitusketjut kilpailukykyisin\u00e4 sesongista toiseen.","robots":{"index":"index","follow":"follow","max-snippet":"max-snippet:-1","max-image-preview":"max-image-preview:large","max-video-preview":"max-video-preview:-1"},"canonical":"https:\/\/www.elementlogic.net\/fi\/toimialat\/urheiluvaatteet\/","og_locale":"fi_FI","og_type":"article","og_title":"Urheiluvaatteet","og_description":"Toimitamme luotettavia j\u00e4rjestelmi\u00e4, jotka pit\u00e4v\u00e4t urheiluvaatteiden toimitusketjut kilpailukykyisin\u00e4 sesongista toiseen.","og_url":"https:\/\/www.elementlogic.net\/fi\/toimialat\/urheiluvaatteet\/","og_site_name":"Element Logic Finland","article_modified_time":"2026-04-09T10:01:07+00:00","twitter_card":"summary_large_image","twitter_misc":{"Arvioitu lukuaika":"1 minuutti"},"schema":{"@context":"https:\/\/schema.org","@graph":[{"@type":"WebPage","@id":"https:\/\/www.elementlogic.net\/fi\/toimialat\/urheiluvaatteet\/","url":"https:\/\/www.elementlogic.net\/fi\/toimialat\/urheiluvaatteet\/","name":"Urheiluvaatteet - Element Logic Finland","isPartOf":{"@id":"https:\/\/www.elementlogic.net\/fi\/#website"},"datePublished":"2026-04-09T10:00:53+00:00","dateModified":"2026-04-09T10:01:07+00:00","description":"Toimitamme luotettavia j\u00e4rjestelmi\u00e4, jotka pit\u00e4v\u00e4t urheiluvaatteiden toimitusketjut kilpailukykyisin\u00e4 sesongista toiseen.","breadcrumb":{"@id":"https:\/\/www.elementlogic.net\/fi\/toimialat\/urheiluvaatteet\/#breadcrumb"},"inLanguage":"fi","potentialAction":[{"@type":"ReadAction","target":["https:\/\/www.elementlogic.net\/fi\/toimialat\/urheiluvaatteet\/"]}]},{"@type":"BreadcrumbList","@id":"https:\/\/www.elementlogic.net\/fi\/toimialat\/urheiluvaatteet\/#breadcrumb","itemListElement":[{"@type":"ListItem","position":1,"name":"Toimialat","item":"https:\/\/www.elementlogic.net\/fi\/toimialat\/"},{"@type":"ListItem","position":2,"name":"Urheiluvaatteet"}]},{"@type":"WebSite","@id":"https:\/\/www.elementlogic.net\/fi\/#website","url":"https:\/\/www.elementlogic.net\/fi\/","name":"Element Logic Finland","description":"","potentialAction":[{"@type":"SearchAction","target":{"@type":"EntryPoint","urlTemplate":"https:\/\/www.elementlogic.net\/fi\/?s={search_term_string}"},"query-input":{"@type":"PropertyValueSpecification","valueRequired":true,"valueName":"search_term_string"}}],"inLanguage":"fi"}]}},"_links":{"self":[{"href":"https:\/\/www.elementlogic.net\/fi\/wp-json\/wp\/v2\/pages\/2666"}],"collection":[{"href":"https:\/\/www.elementlogic.net\/fi\/wp-json\/wp\/v2\/pages"}],"about":[{"href":"https:\/\/www.elementlogic.net\/fi\/wp-json\/wp\/v2\/types\/page"}],"author":[{"embeddable":true,"href":"https:\/\/www.elementlogic.net\/fi\/wp-json\/wp\/v2\/users\/2"}],"replies":[{"embeddable":true,"href":"https:\/\/www.elementlogic.net\/fi\/wp-json\/wp\/v2\/comments?post=2666"}],"version-history":[{"count":5,"href":"https:\/\/www.elementlogic.net\/fi\/wp-json\/wp\/v2\/pages\/2666\/revisions"}],"predecessor-version":[{"id":3052,"href":"https:\/\/www.elementlogic.net\/fi\/wp-json\/wp\/v2\/pages\/2666\/revisions\/3052"}],"up":[{"embeddable":true,"href":"https:\/\/www.elementlogic.net\/fi\/wp-json\/wp\/v2\/pages\/2674"}],"wp:attachment":[{"href":"https:\/\/www.elementlogic.net\/fi\/wp-json\/wp\/v2\/media?parent=2666"}],"curies":[{"name":"wp","href":"https:\/\/api.w.org\/{rel}","templated":true}]}}