{"id":2670,"date":"2026-04-14T17:01:08","date_gmt":"2026-04-14T17:01:08","guid":{"rendered":"https:\/\/www.elementlogic.net\/fi\/?page_id=2670"},"modified":"2026-04-14T17:01:39","modified_gmt":"2026-04-14T17:01:39","slug":"tukkukauppa","status":"publish","type":"page","link":"https:\/\/www.elementlogic.net\/fi\/toimialat\/tukkukauppa\/","title":{"rendered":"Tukkukauppa"},"content":{"rendered":"\n\t\t<div style=\"--dekode-hero-dim:0.6; --t2-icon-fill:var(--wp--preset--color--white);\" class=\"alignfull dekode-hero-content-position-center has-media-background wp-block-dekode-hero has-text-color has-white-color\">\n\t\t\t<img loading=\"lazy\" decoding=\"async\" width=\"1024\" height=\"1024\" src=\"https:\/\/www.elementlogic.net\/content\/uploads\/sites\/23\/2026\/04\/Wholesale-1.png\" class=\"dekode-hero__image\" alt=\"\" style=\"--focalpoint: 63% 86%;\" srcset=\"https:\/\/www.elementlogic.net\/content\/uploads\/sites\/23\/2026\/04\/Wholesale-1.png 1024w, https:\/\/www.elementlogic.net\/content\/uploads\/sites\/23\/2026\/04\/Wholesale-1-300x300.png 300w, https:\/\/www.elementlogic.net\/content\/uploads\/sites\/23\/2026\/04\/Wholesale-1-150x150.png 150w, https:\/\/www.elementlogic.net\/content\/uploads\/sites\/23\/2026\/04\/Wholesale-1-768x768.png 768w\" sizes=\"(max-width: 1024px) 100vw, 1024px\" \/>\n\t\t\t<div class=\"dekode-hero__content\">\n\t\t\t\t<div class=\"dekode-hero__container\">\n\t\t\t\t\t\n\n<p><\/p>\n\n\n\n<h1 class=\"wp-block-heading\" id=\"h-skaalaa-tukkujakelusi-nopeudella-ja-tarkkuudella\"><strong>Skaalaa tukkujakelusi nopeudella ja tarkkuudella<\/strong><\/h1>\n\n\n<p class=\"t2-ingress wp-block-t2-ingress\">Ota selv\u00e4\u00e4 miten automaatio pit\u00e4\u00e4 sinut kehityksen k\u00e4rjess\u00e4<\/p>\n\n\n<div class=\"wp-block-buttons is-layout-flex wp-block-buttons-is-layout-flex\">\n<div class=\"wp-block-button hs-cta-trigger-button hs-cta-trigger-button-195241208906 has-icon has-icon-theme_arrow\"><a class=\"wp-block-button__link wp-element-button\" href=\"https:\/\/www.elementlogic.net\/fi\/ota-yhteytta\/\">Ota yhteytt\u00e4<svg xmlns=\"http:\/\/www.w3.org\/2000\/svg\" viewBox=\"0 0 24 24\" height=\"24\" width=\"24\" class=\"t2-icon t2-icon-theme_arrow\" aria-hidden=\"true\" focusable=\"false\"><path d=\"M16.627 12.75H5.25C5.03717 12.75 4.859 12.6782 4.7155 12.5345C4.57183 12.391 4.5 12.2128 4.5 12C4.5 11.7872 4.57183 11.609 4.7155 11.4655C4.859 11.3218 5.03717 11.25 5.25 11.25H16.627L11.4577 6.08076C11.3091 5.93209 11.2357 5.75809 11.2375 5.55876C11.2395 5.35942 11.318 5.18217 11.473 5.02701C11.6282 4.88217 11.8038 4.80717 12 4.80201C12.1962 4.79684 12.3718 4.87184 12.527 5.02701L18.8673 11.3673C18.9609 11.4609 19.0269 11.5597 19.0652 11.6635C19.1037 11.7673 19.123 11.8795 19.123 12C19.123 12.1205 19.1037 12.2327 19.0652 12.3365C19.0269 12.4403 18.9609 12.5391 18.8673 12.6328L12.527 18.973C12.3885 19.1115 12.217 19.1823 12.0125 19.1855C11.808 19.1887 11.6282 19.1178 11.473 18.973C11.318 18.8178 11.2405 18.6397 11.2405 18.4385C11.2405 18.2372 11.318 18.0589 11.473 17.9038L16.627 12.75Z\" fill=\"var(--t2-icon-fill, #000)\"\/><\/svg><\/a><\/div>\n<\/div>\n\n\n\t\t\t\t<\/div>\n\t\t\t<\/div>\n\t\t<\/div>\n\t\t\n\n<p class=\"t2-ingress wp-block-t2-ingress\">Tukkujakelijat ovat toimitusketjun keski\u00f6ss\u00e4 valmistajien ja v\u00e4hitt\u00e4iskauppiaiden v\u00e4lisen\u00e4 linkkin\u00e4. Menestys riippuu kyvyst\u00e4 <strong>hallita suuria tilausm\u00e4\u00e4ri\u00e4, laajaa tuotevalikoimaa ja asiakaskohtaisia vaatimuksia<\/strong> samalla kun kustannukset pidet\u00e4\u00e4n alhaisina ja tarkkuus korkeana. Manuaaliset toiminnot eiv\u00e4t en\u00e4\u00e4 pysy nykyisen kysynn\u00e4n tahdissa.\u00a0<\/p>\n\n\n<p><\/p>\n\n\n\n<p>Element Logic auttaa tukkukaupan yrityksi\u00e4 <strong>sujuvoittamaan tilausten k\u00e4sittely\u00e4, maksimoimaan varastotilan ja v\u00e4hent\u00e4m\u00e4\u00e4n k\u00e4ytt\u00f6kustannuksia<\/strong> \u00e4lykk\u00e4\u00e4n automaation avulla. Maailman ensimm\u00e4isen\u00e4 AutoStore-kumppanina ja yli 40 vuoden sis\u00e4logistiikan asiantuntemuksella toimitamme j\u00e4rjestelmi\u00e4, jotka auttavat jakelijoita skaalautumaan rajattomasti.\u00a0<\/p>\n\n\n\n<div class=\"wp-block-group has-global-padding is-layout-constrained wp-block-group-is-layout-constrained\">\n<h2 class=\"wp-block-heading wp-container-content-1\" id=\"h-tukkujakelun-haasteet\"><strong>Tukkujakelun haasteet<\/strong>\u00a0<\/h2>\n\n\n\n<ul class=\"wp-block-list\">\n<li>Suuret tilausm\u00e4\u00e4r\u00e4t monimutkaisilla asiakasvaatimuksilla<\/li>\n\n\n\n<li>Laajat tuotevalikoimat ja vaihteleva kysynt\u00e4<\/li>\n\n\n\n<li>Nousevat ty\u00f6voimakustannukset ja pula ammattitaitoisesta ty\u00f6voimasta<\/li>\n\n\n\n<li>Paine nopeampiin toimituksiin alhaisemmin kustannuksin<\/li>\n\n\n\n<li>Suurten tukkul\u00e4hetysten ja pienten sekatilausten samanaikainen hallinta\u00a0<\/li>\n<\/ul>\n<\/div>\n\n\n\n\t\t<div style=\"--dekode-hero-dim:0.5; --t2-icon-fill:var(--wp--preset--color--white);\" class=\"alignfull dekode-hero-content-position-center has-media-background wp-block-dekode-hero has-text-color has-white-color\">\n\t\t\t\t\t<video\n\t\t\tautoplay\n\t\t\tloop\n\t\t\tmuted\n\t\t\tplaysinline\n\t\t\tposter=\"\"\n\t\t\tsrc=\"https:\/\/www.elementlogic.net\/content\/uploads\/2024\/07\/solutions-and-services.mp4\">\n\t\t<\/video>\n\t\t\n\t\t\t<div class=\"dekode-hero__content\">\n\t\t\t\t<div class=\"dekode-hero__container\">\n\t\t\t\t\t\n\n<h2 class=\"wp-block-heading\" id=\"h-johtavien-tukkukauppiaiden-luottama\">Johtavien tukkukauppiaiden luottama:<\/h2>\n\n\n\t\t\t\t<\/div>\n\t\t\t<\/div>\n\t\t<\/div>\n\t\t\n\n<div class=\"t2-featured-content-layout alignwide wp-block-t2-featured-content-layout\">\n<div class=\"t2-featured-query-post t2-featured-content is-post-type-case case_tax-laaketeollisuus case_tax-tukkukauppa wp-block-t2-featured-query-post\"><a class=\"t2-post-link wp-block-t2-post-link\" href=\"https:\/\/www.elementlogic.net\/fi\/cases\/medifon-ja-element-logic-yhteistyo-joka-kehittaa-varastoa-jatkuvasti\/\">\n\t<div class=\"client-logo-image-wrapper\"><img loading=\"lazy\" decoding=\"async\" width=\"300\" height=\"80\" src=\"https:\/\/www.elementlogic.net\/content\/uploads\/sites\/23\/2024\/10\/Medifon-logo-2014-300x80.jpg\" class=\"client-logo-image\" alt=\"\" \/><\/div>\n\t<figure style=\"--t2-focal-point: 50% 50%;\" class=\"t2-post-featured-image has-image-ratio-3-2 wp-block-t2-post-featured-image\"><img loading=\"lazy\" decoding=\"async\" width=\"1920\" height=\"1080\" src=\"https:\/\/www.elementlogic.net\/content\/uploads\/sites\/23\/2025\/06\/Medifon_1_1920x1080.jpg\" class=\"attachment-post-thumbnail size-post-thumbnail wp-post-image\" alt=\"Varastorobotteja Medifonin varastolla\" srcset=\"https:\/\/www.elementlogic.net\/content\/uploads\/sites\/23\/2025\/06\/Medifon_1_1920x1080.jpg 1920w, https:\/\/www.elementlogic.net\/content\/uploads\/sites\/23\/2025\/06\/Medifon_1_1920x1080-300x169.jpg 300w, https:\/\/www.elementlogic.net\/content\/uploads\/sites\/23\/2025\/06\/Medifon_1_1920x1080-1024x576.jpg 1024w, https:\/\/www.elementlogic.net\/content\/uploads\/sites\/23\/2025\/06\/Medifon_1_1920x1080-768x432.jpg 768w, https:\/\/www.elementlogic.net\/content\/uploads\/sites\/23\/2025\/06\/Medifon_1_1920x1080-1536x864.jpg 1536w\" sizes=\"(max-width: 1920px) 100vw, 1920px\" \/><\/figure>\n\t\n<\/a>\n\n\t\t<div class=\"card-content wp-block-t2-wrapper\">\n\t<div class=\"wp-block-dekode-post-terms\"><span>L\u00e4\u00e4keteollisuus<\/span><span>Tukkukauppa<\/span><\/div>\n\t<h3 class=\"t2-post-title wp-block-t2-post-title\"><a href=\"https:\/\/www.elementlogic.net\/fi\/cases\/medifon-ja-element-logic-yhteistyo-joka-kehittaa-varastoa-jatkuvasti\/\" target=\"_self\" >Medifon ja Element Logic: yhteisty\u00f6, joka kehitt\u00e4\u00e4 varastoa jatkuvasti<\/a><\/h3>\n\t<div class=\"t2-post-excerpt wp-block-t2-post-excerpt\"><p>Medifon toimii apteekkien omana tukkukauppana ja logistiikkakumppanina, jonka kautta toimitetaan satojen yritysten tuotteita apteekeille ja muille terveysalan toimijoille. Liiketoiminta rakentuu [&hellip;]<\/p><\/div>\n<\/div>\n<\/div>\n\n\n\n\n<\/div>\n\n\n<div class=\"wp-block-buttons is-layout-flex wp-block-buttons-is-layout-flex\">\n<div class=\"wp-block-button\"><a class=\"wp-block-button__link wp-element-button\" href=\"https:\/\/www.elementlogic.net\/fi\/cases\/category\/tukkukauppa\/\">Tutustu muihin tukkukaupan asiakastarinoihin<\/a><\/div>\n<\/div>\n\n\n\n<div class=\"wp-block-group is-layout-flex wp-block-group-is-layout-flex\">\n<h2 class=\"wp-block-heading wp-container-content-2\" id=\"h-miksi-tukkukauppiaat-valitsevat-element-logicin\"><strong>Miksi tukkukauppiaat valitsevat Element Logicin<\/strong>\u00a0<\/h2>\n\n\n\n<ul class=\"wp-block-list\">\n<li><strong>Toimintojen skaalaaminen<\/strong> vaihtelevan asiakaskysynn\u00e4n mukaan<\/li>\n\n\n\n<li><strong>Ty\u00f6voimakustannusten v\u00e4hent\u00e4minen<\/strong> automaatiopohjaisella tarkkuudella<\/li>\n\n\n\n<li><strong>Tilan<\/strong> ja kapasiteetin <strong>maksimointi <\/strong>suurille varastoille<\/li>\n\n\n\n<li><strong>Tehokkuuden lis\u00e4\u00e4minen<\/strong> sek\u00e4 tukku- ett\u00e4 pientilausten k\u00e4sittelyss\u00e4\u00a0<\/li>\n<\/ul>\n<\/div>\n\n\n\n<div style=\"height:100px\" aria-hidden=\"true\" class=\"wp-block-spacer\"><\/div>\n\n\n\n\t\t<div style=\"--dekode-hero-dim:0.6; --t2-icon-fill:var(--wp--preset--color--white);\" class=\"alignfull dekode-hero-content-position-center has-media-background wp-block-dekode-hero has-text-color has-white-color\">\n\t\t\t<img loading=\"lazy\" decoding=\"async\" width=\"1024\" height=\"536\" src=\"https:\/\/www.elementlogic.net\/content\/uploads\/sites\/23\/2026\/02\/DSC2365-1024x536.jpg\" class=\"dekode-hero__image\" alt=\"Varastorobotti ja laatikoita\" style=\"--focalpoint: 75% 71%;\" srcset=\"https:\/\/www.elementlogic.net\/content\/uploads\/sites\/23\/2026\/02\/DSC2365-1024x536.jpg 1024w, https:\/\/www.elementlogic.net\/content\/uploads\/sites\/23\/2026\/02\/DSC2365-300x157.jpg 300w, https:\/\/www.elementlogic.net\/content\/uploads\/sites\/23\/2026\/02\/DSC2365-768x402.jpg 768w, https:\/\/www.elementlogic.net\/content\/uploads\/sites\/23\/2026\/02\/DSC2365.jpg 1200w\" sizes=\"(max-width: 1024px) 100vw, 1024px\" \/>\n\t\t\t<div class=\"dekode-hero__content\">\n\t\t\t\t<div class=\"dekode-hero__container\">\n\t\t\t\t\t\n\n<h1 class=\"wp-block-heading\" id=\"h-toimita-tukkukaupan-tehokkuutta-suuressa-mittakaavassa-element-logicin-automaatiolla\"><strong>Toimita tukkukaupan tehokkuutta suuressa mittakaavassa Element Logicin automaatiolla.<\/strong><\/h1>\n\n\n\n<div class=\"wp-block-buttons is-layout-flex wp-block-buttons-is-layout-flex\">\n<div class=\"wp-block-button http:\/\/hs-cta-trigger-button hs-cta-trigger-button-195241208906\"><a class=\"wp-block-button__link wp-element-button\" href=\"https:\/\/www.elementlogic.net\/fi\/ota-yhteytta\/\">Ota yhteytt\u00e4 jo t\u00e4n\u00e4\u00e4n<\/a><\/div>\n<\/div>\n\n\n\t\t\t\t<\/div>\n\t\t\t<\/div>\n\t\t<\/div>\n\t\t\n\n\n<p><\/p>\n","protected":false},"excerpt":{"rendered":"<p>Element Logic auttaa tukkukaupan yrityksi\u00e4 sujuvoittamaan tilausten k\u00e4sittely\u00e4, maksimoimaan varastotilan ja v\u00e4hent\u00e4m\u00e4\u00e4n k\u00e4ytt\u00f6kustannuksia \u00e4lykk\u00e4\u00e4n automaation avulla. Maailman ensimm\u00e4isen\u00e4 AutoStore-kumppanina ja [&hellip;]<\/p>\n","protected":false},"author":2,"featured_media":0,"parent":2674,"menu_order":0,"comment_status":"closed","ping_status":"closed","template":"","meta":{"hreflang_relation":4774,"_el_cross_publish_source_blog_url":"","_el_cross_publish_source_blog_id":0,"_el_cross_publish_source_post_id":0,"_el_cross_publish_sync_state":"","exclude_from_search":false,"footnotes":""},"class_list":["post-2670","page","type-page","status-publish","hentry"],"yoast_head":"<!-- This site is optimized with the Yoast SEO Premium plugin v23.9 (Yoast SEO v23.9) - https:\/\/yoast.com\/wordpress\/plugins\/seo\/ -->\n<title>Tukkukauppa - Element Logic Finland<\/title>\n<meta name=\"description\" content=\"Autamme tukkukaupan yrityksi\u00e4 maksimoimaan varastotilan ja v\u00e4hent\u00e4m\u00e4\u00e4n k\u00e4ytt\u00f6kustannuksia \u00e4lykk\u00e4\u00e4n automaation avulla.\" \/>\n<meta name=\"robots\" content=\"index, follow, max-snippet:-1, max-image-preview:large, max-video-preview:-1\" \/>\n<link rel=\"canonical\" href=\"https:\/\/www.elementlogic.net\/fi\/toimialat\/tukkukauppa\/\" \/>\n<meta property=\"og:locale\" content=\"fi_FI\" \/>\n<meta property=\"og:type\" content=\"article\" \/>\n<meta property=\"og:title\" content=\"Tukkukauppa\" \/>\n<meta property=\"og:description\" content=\"Autamme tukkukaupan yrityksi\u00e4 maksimoimaan varastotilan ja v\u00e4hent\u00e4m\u00e4\u00e4n k\u00e4ytt\u00f6kustannuksia \u00e4lykk\u00e4\u00e4n automaation avulla.\" \/>\n<meta property=\"og:url\" content=\"https:\/\/www.elementlogic.net\/fi\/toimialat\/tukkukauppa\/\" \/>\n<meta property=\"og:site_name\" content=\"Element Logic Finland\" \/>\n<meta property=\"article:modified_time\" content=\"2026-04-14T17:01:39+00:00\" \/>\n<meta name=\"twitter:card\" content=\"summary_large_image\" \/>\n<meta name=\"twitter:label1\" content=\"Arvioitu lukuaika\" \/>\n\t<meta name=\"twitter:data1\" content=\"1 minuutti\" \/>\n<script type=\"application\/ld+json\" class=\"yoast-schema-graph\">{\"@context\":\"https:\/\/schema.org\",\"@graph\":[{\"@type\":\"WebPage\",\"@id\":\"https:\/\/www.elementlogic.net\/fi\/toimialat\/tukkukauppa\/\",\"url\":\"https:\/\/www.elementlogic.net\/fi\/toimialat\/tukkukauppa\/\",\"name\":\"Tukkukauppa - Element Logic Finland\",\"isPartOf\":{\"@id\":\"https:\/\/www.elementlogic.net\/fi\/#website\"},\"datePublished\":\"2026-04-14T17:01:08+00:00\",\"dateModified\":\"2026-04-14T17:01:39+00:00\",\"description\":\"Autamme tukkukaupan yrityksi\u00e4 maksimoimaan varastotilan ja v\u00e4hent\u00e4m\u00e4\u00e4n k\u00e4ytt\u00f6kustannuksia \u00e4lykk\u00e4\u00e4n automaation avulla.\",\"breadcrumb\":{\"@id\":\"https:\/\/www.elementlogic.net\/fi\/toimialat\/tukkukauppa\/#breadcrumb\"},\"inLanguage\":\"fi\",\"potentialAction\":[{\"@type\":\"ReadAction\",\"target\":[\"https:\/\/www.elementlogic.net\/fi\/toimialat\/tukkukauppa\/\"]}]},{\"@type\":\"BreadcrumbList\",\"@id\":\"https:\/\/www.elementlogic.net\/fi\/toimialat\/tukkukauppa\/#breadcrumb\",\"itemListElement\":[{\"@type\":\"ListItem\",\"position\":1,\"name\":\"Toimialat\",\"item\":\"https:\/\/www.elementlogic.net\/fi\/toimialat\/\"},{\"@type\":\"ListItem\",\"position\":2,\"name\":\"Tukkukauppa\"}]},{\"@type\":\"WebSite\",\"@id\":\"https:\/\/www.elementlogic.net\/fi\/#website\",\"url\":\"https:\/\/www.elementlogic.net\/fi\/\",\"name\":\"Element Logic Finland\",\"description\":\"\",\"potentialAction\":[{\"@type\":\"SearchAction\",\"target\":{\"@type\":\"EntryPoint\",\"urlTemplate\":\"https:\/\/www.elementlogic.net\/fi\/?s={search_term_string}\"},\"query-input\":{\"@type\":\"PropertyValueSpecification\",\"valueRequired\":true,\"valueName\":\"search_term_string\"}}],\"inLanguage\":\"fi\"}]}<\/script>\n<!-- \/ Yoast SEO Premium plugin. -->","yoast_head_json":{"title":"Tukkukauppa - Element Logic Finland","description":"Autamme tukkukaupan yrityksi\u00e4 maksimoimaan varastotilan ja v\u00e4hent\u00e4m\u00e4\u00e4n k\u00e4ytt\u00f6kustannuksia \u00e4lykk\u00e4\u00e4n automaation avulla.","robots":{"index":"index","follow":"follow","max-snippet":"max-snippet:-1","max-image-preview":"max-image-preview:large","max-video-preview":"max-video-preview:-1"},"canonical":"https:\/\/www.elementlogic.net\/fi\/toimialat\/tukkukauppa\/","og_locale":"fi_FI","og_type":"article","og_title":"Tukkukauppa","og_description":"Autamme tukkukaupan yrityksi\u00e4 maksimoimaan varastotilan ja v\u00e4hent\u00e4m\u00e4\u00e4n k\u00e4ytt\u00f6kustannuksia \u00e4lykk\u00e4\u00e4n automaation avulla.","og_url":"https:\/\/www.elementlogic.net\/fi\/toimialat\/tukkukauppa\/","og_site_name":"Element Logic Finland","article_modified_time":"2026-04-14T17:01:39+00:00","twitter_card":"summary_large_image","twitter_misc":{"Arvioitu lukuaika":"1 minuutti"},"schema":{"@context":"https:\/\/schema.org","@graph":[{"@type":"WebPage","@id":"https:\/\/www.elementlogic.net\/fi\/toimialat\/tukkukauppa\/","url":"https:\/\/www.elementlogic.net\/fi\/toimialat\/tukkukauppa\/","name":"Tukkukauppa - Element Logic Finland","isPartOf":{"@id":"https:\/\/www.elementlogic.net\/fi\/#website"},"datePublished":"2026-04-14T17:01:08+00:00","dateModified":"2026-04-14T17:01:39+00:00","description":"Autamme tukkukaupan yrityksi\u00e4 maksimoimaan varastotilan ja v\u00e4hent\u00e4m\u00e4\u00e4n k\u00e4ytt\u00f6kustannuksia \u00e4lykk\u00e4\u00e4n automaation avulla.","breadcrumb":{"@id":"https:\/\/www.elementlogic.net\/fi\/toimialat\/tukkukauppa\/#breadcrumb"},"inLanguage":"fi","potentialAction":[{"@type":"ReadAction","target":["https:\/\/www.elementlogic.net\/fi\/toimialat\/tukkukauppa\/"]}]},{"@type":"BreadcrumbList","@id":"https:\/\/www.elementlogic.net\/fi\/toimialat\/tukkukauppa\/#breadcrumb","itemListElement":[{"@type":"ListItem","position":1,"name":"Toimialat","item":"https:\/\/www.elementlogic.net\/fi\/toimialat\/"},{"@type":"ListItem","position":2,"name":"Tukkukauppa"}]},{"@type":"WebSite","@id":"https:\/\/www.elementlogic.net\/fi\/#website","url":"https:\/\/www.elementlogic.net\/fi\/","name":"Element Logic Finland","description":"","potentialAction":[{"@type":"SearchAction","target":{"@type":"EntryPoint","urlTemplate":"https:\/\/www.elementlogic.net\/fi\/?s={search_term_string}"},"query-input":{"@type":"PropertyValueSpecification","valueRequired":true,"valueName":"search_term_string"}}],"inLanguage":"fi"}]}},"_links":{"self":[{"href":"https:\/\/www.elementlogic.net\/fi\/wp-json\/wp\/v2\/pages\/2670"}],"collection":[{"href":"https:\/\/www.elementlogic.net\/fi\/wp-json\/wp\/v2\/pages"}],"about":[{"href":"https:\/\/www.elementlogic.net\/fi\/wp-json\/wp\/v2\/types\/page"}],"author":[{"embeddable":true,"href":"https:\/\/www.elementlogic.net\/fi\/wp-json\/wp\/v2\/users\/2"}],"replies":[{"embeddable":true,"href":"https:\/\/www.elementlogic.net\/fi\/wp-json\/wp\/v2\/comments?post=2670"}],"version-history":[{"count":5,"href":"https:\/\/www.elementlogic.net\/fi\/wp-json\/wp\/v2\/pages\/2670\/revisions"}],"predecessor-version":[{"id":3066,"href":"https:\/\/www.elementlogic.net\/fi\/wp-json\/wp\/v2\/pages\/2670\/revisions\/3066"}],"up":[{"embeddable":true,"href":"https:\/\/www.elementlogic.net\/fi\/wp-json\/wp\/v2\/pages\/2674"}],"wp:attachment":[{"href":"https:\/\/www.elementlogic.net\/fi\/wp-json\/wp\/v2\/media?parent=2670"}],"curies":[{"name":"wp","href":"https:\/\/api.w.org\/{rel}","templated":true}]}}