{"id":2674,"date":"2026-04-07T19:46:15","date_gmt":"2026-04-07T19:46:15","guid":{"rendered":"https:\/\/www.elementlogic.net\/fi\/?page_id=2674"},"modified":"2026-04-14T17:44:13","modified_gmt":"2026-04-14T17:44:13","slug":"toimialat","status":"publish","type":"page","link":"https:\/\/www.elementlogic.net\/fi\/toimialat\/","title":{"rendered":"Toimialat"},"content":{"rendered":"\n\t\t<div style=\"--dekode-hero-dim:0.5; --t2-icon-fill:var(--wp--preset--color--white);\" class=\"alignfull dekode-hero-content-position-center has-media-background wp-block-dekode-hero has-text-color has-white-color\">\n\t\t\t\t\t<video\n\t\t\tautoplay\n\t\t\tloop\n\t\t\tmuted\n\t\t\tplaysinline\n\t\t\tposter=\"\"\n\t\t\tsrc=\"https:\/\/www.elementlogic.net\/content\/uploads\/2025\/07\/AAAS-topvideo.mp4\">\n\t\t<\/video>\n\t\t\n\t\t\t<div class=\"dekode-hero__content\">\n\t\t\t\t<div class=\"dekode-hero__container\">\n\t\t\t\t\t\n\n<h1 class=\"wp-block-heading\" id=\"h-tehostamme-toimialoja-alykkaammalla-sisalogistiikalla\"><strong>Tehostamme toimialoja \u00e4lykk\u00e4\u00e4mm\u00e4ll\u00e4 sis\u00e4logistiikalla<\/strong><\/h1>\n\n\n<p class=\"t2-ingress wp-block-t2-ingress\">Element Logic auttaa eri alojen yrityksi\u00e4 tukkukaupasta 3PL-palveluihin skaalautumaan nopeammin, varastoimaan \u00e4lykk\u00e4\u00e4mmin ja toimittamaan t\u00e4sm\u00e4llisesti.\u00a0<\/p>\n\n\n<div class=\"wp-block-buttons is-layout-flex wp-block-buttons-is-layout-flex\">\n<div class=\"wp-block-button\"><a class=\"wp-block-button__link wp-element-button\" href=\"#tutustu-toimialoihin\">Tutustu toimialoihin<\/a><\/div>\n<\/div>\n\n\n\t\t\t\t<\/div>\n\t\t\t<\/div>\n\t\t<\/div>\n\t\t\n\n\n<h2 class=\"wp-block-heading\" id=\"h-varaston-suorituskyvyn-optimointi\"><strong>Varaston suorituskyvyn optimointi<\/strong><\/h2>\n\n\n\n<p>Optimointi on jokaisen kukoistavan yrityksen ytimess\u00e4. Toimialasta riippumatta varaston tehokkuus m\u00e4\u00e4rittelee kykysi toimittaa, kilpailla ja kasvaa. Element Logic tekee yhteisty\u00f6t\u00e4 kunnianhimoisten yritysten kanssa ymp\u00e4ri maailmaa automatisoidakseen ja optimoidakseen niiden sis\u00e4logistiikan, mik\u00e4 mahdollistaa hukan minimoinnin, suorituskyvyn maksimoinnin ja pitk\u00e4n aikav\u00e4lin kannattavuuden varmistamisen.&nbsp;<\/p>\n\n\n\n<h2 class=\"wp-block-heading\" id=\"h-raataloitya-automaatiota-jokaiselle-sektorille\">R\u00e4\u00e4t\u00e4l\u00f6ity\u00e4 automaatiota jokaiselle sektorille<\/h2>\n\n\n\n<p>Kahdella toimialalla ei ole samoja haasteita, mink\u00e4 vuoksi Element Logic mukauttaa automaation sopimaan juuri sinun liiketoimintaasi. Toimitpa sitten verkkokaupan, kolmannen osapuolen logistiikan, v\u00e4hitt\u00e4iskaupan, valmistuksen tai erikoisalojen, kuten l\u00e4\u00e4keteollisuuden tai kylm\u00e4varastoinnin parissa, suunnittelemme ratkaisuja, jotka vastaavat tarkkoja tarpeitasi. Vuosikymmenten kokemuksella ja maailmanlaajuisella asiakaskunnalla ymm\u00e4rr\u00e4mme kunkin sektorin ainutlaatuiset vaatimukset. Muotialan suurten palautusm\u00e4\u00e4rien hallinnasta l\u00e4\u00e4kejakelun tarkkuuden varmistamiseen toimitamme automaatioita, jotka auttavat sinua v\u00e4hent\u00e4m\u00e4\u00e4n kustannuksia, parantamaan tehokkuutta ja skaalautumaan luottavaisesti.<\/p>\n\n\n\n<h2 class=\"wp-block-heading\" id=\"tutustu-toimialoihin\">Tutustu toimialoihin<\/h2>\n\n\n\n\t\t<div style=\"--link-cards-grid-columns: 3\" class=\"dekode-link-cards has-3-columns wp-block-dekode-link-cards\">\n\t\t\t<div class=\"dekode-link-cards__items\">\n\t\t\t\t\n<a class=\"wp-block-dekode-link-card\" href=\"https:\/\/www.elementlogic.net\/fi\/toimialat\/3pl\/\"><img loading=\"lazy\" decoding=\"async\" width=\"768\" height=\"432\" src=\"https:\/\/www.elementlogic.net\/content\/uploads\/sites\/23\/2026\/04\/Wholesale-Automation-2-1-768x432.png\" class=\"\" alt=\"\" \/>\t<div class=\"dekode-link-card__content\">\n\t\t\t\t<p class=\"dekode-link-card__title\">\n\t\t\t3PL\t\t<\/p>\n\t\t\t<\/div>\n\t<\/a>\n\n<a class=\"wp-block-dekode-link-card\" href=\"https:\/\/www.elementlogic.net\/fi\/toimialat\/muoti-ja-vaatetus\/\"><img loading=\"lazy\" decoding=\"async\" width=\"768\" height=\"432\" src=\"https:\/\/www.elementlogic.net\/content\/uploads\/sites\/23\/2026\/04\/Wholesale-Automation1-2-768x432.png\" class=\"\" alt=\"\" \/>\t<div class=\"dekode-link-card__content\">\n\t\t\t\t<p class=\"dekode-link-card__title\">\n\t\t\tMuoti &amp; Vaatetus\t\t<\/p>\n\t\t\t<\/div>\n\t<\/a>\n\n<a class=\"wp-block-dekode-link-card\" href=\"https:\/\/www.elementlogic.net\/fi\/toimialat\/urheiluvaatteet\/\"><img loading=\"lazy\" decoding=\"async\" width=\"768\" height=\"432\" src=\"https:\/\/www.elementlogic.net\/content\/uploads\/sites\/23\/2026\/04\/Wholesale-Automation1-3-768x432.png\" class=\"\" alt=\"\" \/>\t<div class=\"dekode-link-card__content\">\n\t\t\t\t<p class=\"dekode-link-card__title\">\n\t\t\tUrheilutarvikkeet\t\t<\/p>\n\t\t\t<\/div>\n\t<\/a>\n\n<a class=\"wp-block-dekode-link-card\" href=\"https:\/\/www.elementlogic.net\/fi\/toimialat\/verkkokauppa\/\"><img loading=\"lazy\" decoding=\"async\" width=\"768\" height=\"432\" src=\"https:\/\/www.elementlogic.net\/content\/uploads\/sites\/23\/2026\/04\/Wholesale-Automation1-1-768x432.png\" class=\"\" alt=\"\" \/>\t<div class=\"dekode-link-card__content\">\n\t\t\t\t<p class=\"dekode-link-card__title\">\n\t\t\tVerkkokauppa\t\t<\/p>\n\t\t\t<\/div>\n\t<\/a>\n\n<a class=\"wp-block-dekode-link-card\" href=\"https:\/\/www.elementlogic.net\/fi\/toimialat\/elektroniikkakomponentit\/\"><img loading=\"lazy\" decoding=\"async\" width=\"768\" height=\"432\" src=\"https:\/\/www.elementlogic.net\/content\/uploads\/sites\/23\/2026\/04\/Wholesale-Automation1-4-768x432.png\" class=\"\" alt=\"\" \/>\t<div class=\"dekode-link-card__content\">\n\t\t\t\t<p class=\"dekode-link-card__title\">\n\t\t\tElektroniikkakomponentit\t\t<\/p>\n\t\t\t<\/div>\n\t<\/a>\n\n<a class=\"wp-block-dekode-link-card\" href=\"https:\/\/www.elementlogic.net\/fi\/toimialat\/valmistus-ja-tuotanto\/\"><img loading=\"lazy\" decoding=\"async\" width=\"768\" height=\"432\" src=\"https:\/\/www.elementlogic.net\/content\/uploads\/sites\/23\/2026\/04\/Wholesale-Automation-1-768x432.png\" class=\"\" alt=\"\" \/>\t<div class=\"dekode-link-card__content\">\n\t\t\t\t<p class=\"dekode-link-card__title\">\n\t\t\tValmistus &amp; tuotanto\t\t<\/p>\n\t\t\t<\/div>\n\t<\/a>\n\n<a class=\"wp-block-dekode-link-card\" href=\"https:\/\/www.elementlogic.net\/fi\/toimialat\/varaosat-ja-jakelu\/\"><img loading=\"lazy\" decoding=\"async\" width=\"768\" height=\"432\" src=\"https:\/\/www.elementlogic.net\/content\/uploads\/sites\/23\/2026\/04\/Wholesale-Automation-3-768x432.png\" class=\"\" alt=\"\" \/>\t<div class=\"dekode-link-card__content\">\n\t\t\t\t<p class=\"dekode-link-card__title\">\n\t\t\tVaraosajakelu\t\t<\/p>\n\t\t\t<\/div>\n\t<\/a>\n\n<a class=\"wp-block-dekode-link-card\" href=\"https:\/\/www.elementlogic.net\/fi\/toimialat\/laaketeollisuus\/\"><img loading=\"lazy\" decoding=\"async\" width=\"768\" height=\"432\" src=\"https:\/\/www.elementlogic.net\/content\/uploads\/sites\/23\/2026\/04\/Wholesale-Automation-2-768x432.png\" class=\"\" alt=\"\" \/>\t<div class=\"dekode-link-card__content\">\n\t\t\t\t<p class=\"dekode-link-card__title\">\n\t\t\tL\u00e4\u00e4keteollisuus\t\t<\/p>\n\t\t\t<\/div>\n\t<\/a>\n\n<a class=\"wp-block-dekode-link-card\" href=\"https:\/\/www.elementlogic.net\/fi\/toimialat\/vahittaiskauppa\/\"><img loading=\"lazy\" decoding=\"async\" width=\"768\" height=\"432\" src=\"https:\/\/www.elementlogic.net\/content\/uploads\/sites\/23\/2026\/04\/Wholesale-Automation-6-768x432.png\" class=\"\" alt=\"\" \/>\t<div class=\"dekode-link-card__content\">\n\t\t\t\t<p class=\"dekode-link-card__title\">\n\t\t\tV\u00e4hitt\u00e4iskauppa\t\t<\/p>\n\t\t\t<\/div>\n\t<\/a>\n\n<a class=\"wp-block-dekode-link-card\" href=\"https:\/\/www.elementlogic.net\/fi\/toimialat\/tukkukauppa\/\"><img loading=\"lazy\" decoding=\"async\" width=\"768\" height=\"432\" src=\"https:\/\/www.elementlogic.net\/content\/uploads\/sites\/23\/2026\/04\/Wholesale-Automation-4-768x432.png\" class=\"\" alt=\"\" \/>\t<div class=\"dekode-link-card__content\">\n\t\t\t\t<p class=\"dekode-link-card__title\">\n\t\t\tTukkukauppa\t\t<\/p>\n\t\t\t<\/div>\n\t<\/a>\n\n<a class=\"wp-block-dekode-link-card\" href=\"https:\/\/www.elementlogic.net\/fi\/toimialat\/ruoan-verkkokauppa\/\"><img loading=\"lazy\" decoding=\"async\" width=\"768\" height=\"432\" src=\"https:\/\/www.elementlogic.net\/content\/uploads\/sites\/23\/2026\/04\/Wholesale-Automation-5-768x432.png\" class=\"\" alt=\"\" \/>\t<div class=\"dekode-link-card__content\">\n\t\t\t\t<p class=\"dekode-link-card__title\">\n\t\t\tRuoan verkkokauppa\t\t<\/p>\n\t\t\t<\/div>\n\t<\/a>\n\n\t\t\t<\/div>\n\t\t<\/div>\n\n\n<h2 class=\"wp-block-heading\" id=\"h-yhteiset-haasteet-eri-toimialoilla-nbsp\"><strong>Yhteiset haasteet eri toimialoilla<\/strong>&nbsp;<\/h2>\n\n\n\n<p>Nykyp\u00e4iv\u00e4n varastot kohtaavat uudenlaista monimutkaisuutta ja kasvavia asiakasodotuksia. Toimialasta riippumatta yritysten on hallittava:<\/p>\n\n\n\n<ul class=\"wp-block-list\">\n<li>Ty\u00f6voimapulaa ja nousevia toimintakustannuksia<\/li>\n\n\n\n<li>Kasvavaa tuotevalikoimaa ja ennustamatonta kysynt\u00e4\u00e4<\/li>\n\n\n\n<li>Painetta nopeampaan ja tarkempaan tilaustenk\u00e4sittelyyn<\/li>\n\n\n\n<li>Rajoitettua lattiapinta-alaa ja tarvetta skaalautuville j\u00e4rjestelmille<\/li>\n\n\n\n<li>Uuden teknologian integroimista olemassa olevaan infrastruktuuriin<\/li>\n<\/ul>\n\n\n\n<p>N\u00e4m\u00e4 jaetut haasteet edellytt\u00e4v\u00e4t \u00e4lyk\u00e4st\u00e4 ja joustavaa automaatiota, joka toimii saumattomasti nykyisten toimintojen kanssa.&nbsp;<\/p>\n\n\n\n\t\t<div class=\"wp-block-dekode-simple-cta\">\n\t\t\t<div class=\"dekode-simple-cta__inner\">\n\n<h3 class=\"wp-block-heading\" id=\"haluatko-tietaa-lisaa-siita-miten-element-logic-voi-optimoida-varastosi-suorituskyvyn\">Haluatko tiet\u00e4\u00e4 lis\u00e4\u00e4 siit\u00e4, miten Element Logic voi optimoida varastosi suorituskyvyn?<\/h3>\n\n\n\n<div class=\"wp-block-buttons is-layout-flex wp-block-buttons-is-layout-flex\">\n<div class=\"wp-block-button\"><a class=\"wp-block-button__link wp-element-button\" href=\"https:\/\/www.elementlogic.net\/fi\/ota-yhteytta\/\">Ota yhteytt\u00e4 jo t\u00e4n\u00e4\u00e4n<\/a><\/div>\n<\/div>\n\n<\/div>\n\t\t<\/div>","protected":false},"excerpt":{"rendered":"<p>Varaston suorituskyvyn optimointi Optimointi on jokaisen kukoistavan yrityksen ytimess\u00e4. Toimialasta riippumatta varaston tehokkuus m\u00e4\u00e4rittelee kykysi toimittaa, kilpailla ja kasvaa. Element [&hellip;]<\/p>\n","protected":false},"author":2,"featured_media":0,"parent":0,"menu_order":0,"comment_status":"closed","ping_status":"closed","template":"","meta":{"hreflang_relation":4890,"_el_cross_publish_source_blog_url":"","_el_cross_publish_source_blog_id":0,"_el_cross_publish_source_post_id":0,"_el_cross_publish_sync_state":"","exclude_from_search":false,"footnotes":""},"class_list":["post-2674","page","type-page","status-publish","hentry"],"yoast_head":"<!-- This site is optimized with the Yoast SEO Premium plugin v23.9 (Yoast SEO v23.9) - https:\/\/yoast.com\/wordpress\/plugins\/seo\/ -->\n<title>Toimialat - Element Logic Finland<\/title>\n<meta name=\"description\" content=\"Autamme eri toimialojen yrityksi\u00e4 tukkukaupasta 3PL-palveluihin skaalautumaan, varastoimaan \u00e4lykk\u00e4\u00e4mmin ja toimittamaan t\u00e4sm\u00e4llisesti.\" \/>\n<meta name=\"robots\" content=\"index, follow, max-snippet:-1, max-image-preview:large, max-video-preview:-1\" \/>\n<link rel=\"canonical\" href=\"https:\/\/www.elementlogic.net\/fi\/toimialat\/\" \/>\n<meta property=\"og:locale\" content=\"fi_FI\" \/>\n<meta property=\"og:type\" content=\"article\" \/>\n<meta property=\"og:title\" content=\"Toimialat\" \/>\n<meta property=\"og:description\" content=\"Autamme eri toimialojen yrityksi\u00e4 tukkukaupasta 3PL-palveluihin skaalautumaan, varastoimaan \u00e4lykk\u00e4\u00e4mmin ja toimittamaan t\u00e4sm\u00e4llisesti.\" \/>\n<meta property=\"og:url\" content=\"https:\/\/www.elementlogic.net\/fi\/toimialat\/\" \/>\n<meta property=\"og:site_name\" content=\"Element Logic Finland\" \/>\n<meta property=\"article:modified_time\" content=\"2026-04-14T17:44:13+00:00\" \/>\n<meta name=\"twitter:card\" content=\"summary_large_image\" \/>\n<meta name=\"twitter:label1\" content=\"Arvioitu lukuaika\" \/>\n\t<meta name=\"twitter:data1\" content=\"2 minuuttia\" \/>\n<script type=\"application\/ld+json\" class=\"yoast-schema-graph\">{\"@context\":\"https:\/\/schema.org\",\"@graph\":[{\"@type\":\"WebPage\",\"@id\":\"https:\/\/www.elementlogic.net\/fi\/toimialat\/\",\"url\":\"https:\/\/www.elementlogic.net\/fi\/toimialat\/\",\"name\":\"Toimialat - Element Logic Finland\",\"isPartOf\":{\"@id\":\"https:\/\/www.elementlogic.net\/fi\/#website\"},\"datePublished\":\"2026-04-07T19:46:15+00:00\",\"dateModified\":\"2026-04-14T17:44:13+00:00\",\"description\":\"Autamme eri toimialojen yrityksi\u00e4 tukkukaupasta 3PL-palveluihin skaalautumaan, varastoimaan \u00e4lykk\u00e4\u00e4mmin ja toimittamaan t\u00e4sm\u00e4llisesti.\",\"inLanguage\":\"fi\",\"potentialAction\":[{\"@type\":\"ReadAction\",\"target\":[\"https:\/\/www.elementlogic.net\/fi\/toimialat\/\"]}]},{\"@type\":\"WebSite\",\"@id\":\"https:\/\/www.elementlogic.net\/fi\/#website\",\"url\":\"https:\/\/www.elementlogic.net\/fi\/\",\"name\":\"Element Logic Finland\",\"description\":\"\",\"potentialAction\":[{\"@type\":\"SearchAction\",\"target\":{\"@type\":\"EntryPoint\",\"urlTemplate\":\"https:\/\/www.elementlogic.net\/fi\/?s={search_term_string}\"},\"query-input\":{\"@type\":\"PropertyValueSpecification\",\"valueRequired\":true,\"valueName\":\"search_term_string\"}}],\"inLanguage\":\"fi\"}]}<\/script>\n<!-- \/ Yoast SEO Premium plugin. -->","yoast_head_json":{"title":"Toimialat - Element Logic Finland","description":"Autamme eri toimialojen yrityksi\u00e4 tukkukaupasta 3PL-palveluihin skaalautumaan, varastoimaan \u00e4lykk\u00e4\u00e4mmin ja toimittamaan t\u00e4sm\u00e4llisesti.","robots":{"index":"index","follow":"follow","max-snippet":"max-snippet:-1","max-image-preview":"max-image-preview:large","max-video-preview":"max-video-preview:-1"},"canonical":"https:\/\/www.elementlogic.net\/fi\/toimialat\/","og_locale":"fi_FI","og_type":"article","og_title":"Toimialat","og_description":"Autamme eri toimialojen yrityksi\u00e4 tukkukaupasta 3PL-palveluihin skaalautumaan, varastoimaan \u00e4lykk\u00e4\u00e4mmin ja toimittamaan t\u00e4sm\u00e4llisesti.","og_url":"https:\/\/www.elementlogic.net\/fi\/toimialat\/","og_site_name":"Element Logic Finland","article_modified_time":"2026-04-14T17:44:13+00:00","twitter_card":"summary_large_image","twitter_misc":{"Arvioitu lukuaika":"2 minuuttia"},"schema":{"@context":"https:\/\/schema.org","@graph":[{"@type":"WebPage","@id":"https:\/\/www.elementlogic.net\/fi\/toimialat\/","url":"https:\/\/www.elementlogic.net\/fi\/toimialat\/","name":"Toimialat - Element Logic Finland","isPartOf":{"@id":"https:\/\/www.elementlogic.net\/fi\/#website"},"datePublished":"2026-04-07T19:46:15+00:00","dateModified":"2026-04-14T17:44:13+00:00","description":"Autamme eri toimialojen yrityksi\u00e4 tukkukaupasta 3PL-palveluihin skaalautumaan, varastoimaan \u00e4lykk\u00e4\u00e4mmin ja toimittamaan t\u00e4sm\u00e4llisesti.","inLanguage":"fi","potentialAction":[{"@type":"ReadAction","target":["https:\/\/www.elementlogic.net\/fi\/toimialat\/"]}]},{"@type":"WebSite","@id":"https:\/\/www.elementlogic.net\/fi\/#website","url":"https:\/\/www.elementlogic.net\/fi\/","name":"Element Logic Finland","description":"","potentialAction":[{"@type":"SearchAction","target":{"@type":"EntryPoint","urlTemplate":"https:\/\/www.elementlogic.net\/fi\/?s={search_term_string}"},"query-input":{"@type":"PropertyValueSpecification","valueRequired":true,"valueName":"search_term_string"}}],"inLanguage":"fi"}]}},"_links":{"self":[{"href":"https:\/\/www.elementlogic.net\/fi\/wp-json\/wp\/v2\/pages\/2674"}],"collection":[{"href":"https:\/\/www.elementlogic.net\/fi\/wp-json\/wp\/v2\/pages"}],"about":[{"href":"https:\/\/www.elementlogic.net\/fi\/wp-json\/wp\/v2\/types\/page"}],"author":[{"embeddable":true,"href":"https:\/\/www.elementlogic.net\/fi\/wp-json\/wp\/v2\/users\/2"}],"replies":[{"embeddable":true,"href":"https:\/\/www.elementlogic.net\/fi\/wp-json\/wp\/v2\/comments?post=2674"}],"version-history":[{"count":4,"href":"https:\/\/www.elementlogic.net\/fi\/wp-json\/wp\/v2\/pages\/2674\/revisions"}],"predecessor-version":[{"id":3073,"href":"https:\/\/www.elementlogic.net\/fi\/wp-json\/wp\/v2\/pages\/2674\/revisions\/3073"}],"wp:attachment":[{"href":"https:\/\/www.elementlogic.net\/fi\/wp-json\/wp\/v2\/media?parent=2674"}],"curies":[{"name":"wp","href":"https:\/\/api.w.org\/{rel}","templated":true}]}}