{"id":2676,"date":"2026-04-01T16:18:22","date_gmt":"2026-04-01T16:18:22","guid":{"rendered":"https:\/\/www.elementlogic.net\/fi\/?page_id=2676"},"modified":"2026-04-01T18:00:15","modified_gmt":"2026-04-01T18:00:15","slug":"customer-success","status":"publish","type":"page","link":"https:\/\/www.elementlogic.net\/fi\/palvelut-ja-ratkaisut\/customer-success\/","title":{"rendered":"Customer Success"},"content":{"rendered":"\n\t\t<div style=\"--dekode-hero-dim:0.5; --t2-icon-fill:var(--wp--preset--color--white); min-height:500px;\" class=\"alignfull dekode-hero-content-position-center has-media-background wp-elements-ca4dd46e155da6b71dcd06d7a84960e6 wp-block-dekode-hero has-text-color has-white-color\">\n\t\t\t\t\t<video\n\t\t\tautoplay\n\t\t\tloop\n\t\t\tmuted\n\t\t\tplaysinline\n\t\t\tposter=\"\"\n\t\t\tsrc=\"https:\/\/www.elementlogic.net\/content\/uploads\/2024\/08\/service-support.mp4\">\n\t\t<\/video>\n\t\t\n\t\t\t<div class=\"dekode-hero__content\">\n\t\t\t\t<div class=\"dekode-hero__container\">\n\t\t\t\t\t\n\n<h1 class=\"wp-block-heading has-text-align-center\" id=\"raataloity-menestyksesi-tueksi\"><strong>R\u00e4\u00e4t\u00e4l\u00f6ity menestyksesi tueksi<\/strong><\/h1>\n\n\n\n<p class=\"has-text-align-center\">Maksimoi varastoratkaisusi arvo<\/p>\n\n\n\n<div class=\"wp-block-buttons is-content-justification-center is-layout-flex wp-container-core-buttons-is-layout-1 wp-block-buttons-is-layout-flex\">\n<div class=\"wp-block-button has-icon has-icon-theme_arrow\"><a class=\"wp-block-button__link has-text-align-center wp-element-button\" href=\"https:\/\/www.elementlogic.net\/fi\/ota-yhteytta\/tuki\/\">Ota yhteytt\u00e4 tukitiimiimme<svg xmlns=\"http:\/\/www.w3.org\/2000\/svg\" viewBox=\"0 0 24 24\" height=\"24\" width=\"24\" class=\"t2-icon t2-icon-theme_arrow\" aria-hidden=\"true\" focusable=\"false\"><path d=\"M16.627 12.75H5.25C5.03717 12.75 4.859 12.6782 4.7155 12.5345C4.57183 12.391 4.5 12.2128 4.5 12C4.5 11.7872 4.57183 11.609 4.7155 11.4655C4.859 11.3218 5.03717 11.25 5.25 11.25H16.627L11.4577 6.08076C11.3091 5.93209 11.2357 5.75809 11.2375 5.55876C11.2395 5.35942 11.318 5.18217 11.473 5.02701C11.6282 4.88217 11.8038 4.80717 12 4.80201C12.1962 4.79684 12.3718 4.87184 12.527 5.02701L18.8673 11.3673C18.9609 11.4609 19.0269 11.5597 19.0652 11.6635C19.1037 11.7673 19.123 11.8795 19.123 12C19.123 12.1205 19.1037 12.2327 19.0652 12.3365C19.0269 12.4403 18.9609 12.5391 18.8673 12.6328L12.527 18.973C12.3885 19.1115 12.217 19.1823 12.0125 19.1855C11.808 19.1887 11.6282 19.1178 11.473 18.973C11.318 18.8178 11.2405 18.6397 11.2405 18.4385C11.2405 18.2372 11.318 18.0589 11.473 17.9038L16.627 12.75Z\" fill=\"var(--t2-icon-fill, #000)\"\/><\/svg><\/a><\/div>\n<\/div>\n\n\n\t\t\t\t<\/div>\n\t\t\t<\/div>\n\t\t<\/div>\n\t\t\n\n\n<h2 class=\"wp-block-heading\" id=\"h-sitoudumme-menestykseesi\"><strong>Sitoudumme menestykseesi<\/strong><\/h2>\n\n\n\n<p>Element Logicille j\u00e4rjestelm\u00e4n toimittaminen on vasta alku. Todellinen menestys syntyy siit\u00e4, ett\u00e4 varastosi suoriutuu parhaalla mahdollisella tavalla joka p\u00e4iv\u00e4 ja kaikissa tilanteissa. Siksi olemme rakentaneet <strong>Customer Success -ohjelman<\/strong>: rakenteellisen palvelukokonaisuuden, joka on suunniteltu tarjoamaan luottamusta, vakautta ja jatkuvaa kehityst\u00e4.<\/p>\n\n\n\n<p>Missiomme on yksinkertainen: <strong>auttaa sinua saamaan suurin mahdollinen arvo automaatioinvestoinnistasi.<\/strong><\/p>\n\n\n\n<h2 class=\"wp-block-heading\" id=\"h-customer-success-palvelun-nelja-pilaria-nbsp\"><strong>Customer Success -palvelun nelj\u00e4 pilaria<\/strong>&nbsp;<\/h2>\n\n\n\n<p>Customer Success koostuu nelj\u00e4st\u00e4 erikoistuneesta palvelualueesta. Yhdess\u00e4 ne kattavat j\u00e4rjestelm\u00e4n elinkaaren jokaisen vaiheen p\u00e4ivitt\u00e4isest\u00e4 tuesta pitk\u00e4n aikav\u00e4lin optimointiin.<\/p>\n\n\n\n\t\t<div class=\"alignwide is-mode-constrained is-gap-center wp-block-t2-simple-media-text   \">\n\t\t\t<div class=\"t2-simple-media-text__container\">\n\t\t\t\t<div class=\"t2-simple-media-text__image\"><img loading=\"lazy\" decoding=\"async\" width=\"768\" height=\"576\" src=\"https:\/\/www.elementlogic.net\/content\/uploads\/sites\/23\/\/2024\/09\/Element-Logic_AutoStore-support-aftermarket-scaled-768x576.jpg\" class=\"\" alt=\"\" style=\"--focalpoint: 50% 50%;\" srcset=\"https:\/\/www.elementlogic.net\/content\/uploads\/sites\/23\/2024\/09\/Element-Logic_AutoStore-support-aftermarket-scaled-768x576.jpg 768w, https:\/\/www.elementlogic.net\/content\/uploads\/sites\/23\/2024\/09\/Element-Logic_AutoStore-support-aftermarket-scaled-300x225.jpg 300w, https:\/\/www.elementlogic.net\/content\/uploads\/sites\/23\/2024\/09\/Element-Logic_AutoStore-support-aftermarket-scaled-1024x768.jpg 1024w, https:\/\/www.elementlogic.net\/content\/uploads\/sites\/23\/2024\/09\/Element-Logic_AutoStore-support-aftermarket-scaled-1536x1152.jpg 1536w, https:\/\/www.elementlogic.net\/content\/uploads\/sites\/23\/2024\/09\/Element-Logic_AutoStore-support-aftermarket-scaled-2048x1536.jpg 2048w\" sizes=\"(max-width: 768px) 100vw, 768px\" \/><\/div>\n\t\t\t\t<div class=\"t2-simple-media-text__content-container\">\n\t\t\t\t\t<div class=\"t2-simple-media-text__content\">\n\t\t\t\t\t\t<div class=\"t2-simple-media-text__content-inner\">\n\t\t\t\t\t\t\t\n\n<h3 class=\"wp-block-heading\" id=\"h-tuki\"><strong>Tuki<\/strong><\/h3>\n\n\n\n<p>Tukitiimimme ovat tavoitettavissa 24\/7. Tarjoamme nopean vasteajan ja asiantuntevaa vianm\u00e4\u00e4rityst\u00e4 pit\u00e4\u00e4ksemme varastosi toiminnassa keskeytyksett\u00e4.&nbsp;<\/p>\n\n\n\n<div class=\"wp-block-buttons is-layout-flex wp-block-buttons-is-layout-flex\">\n<div class=\"wp-block-button is-style-fill\"><a class=\"wp-block-button__link wp-element-button\" href=\"https:\/\/www.elementlogic.net\/fi\/palvelut-ja-ratkaisut\/customer-success\/tuki\/\">Tutustu tukipalveluihin<\/a><\/div>\n<\/div>\n\n\n\t\t\t\t\t\t<\/div>\n\t\t\t\t\t<\/div>\n\t\t\t\t<\/div>\n\t\t\t<\/div>\n\t\t<\/div>\n\t\t\n\n\n\t\t<div class=\"alignwide is-mode-constrained is-gap-center has-media-on-the-right wp-block-t2-simple-media-text   \">\n\t\t\t<div class=\"t2-simple-media-text__container\">\n\t\t\t\t<div class=\"t2-simple-media-text__image\"><img loading=\"lazy\" decoding=\"async\" width=\"768\" height=\"512\" src=\"https:\/\/www.elementlogic.net\/content\/uploads\/sites\/23\/2026\/04\/EL_eLogiq-2-768x512.png\" class=\"\" alt=\"\" style=\"--focalpoint: 50% 50%;\" srcset=\"https:\/\/www.elementlogic.net\/content\/uploads\/sites\/23\/2026\/04\/EL_eLogiq-2-768x512.png 768w, https:\/\/www.elementlogic.net\/content\/uploads\/sites\/23\/2026\/04\/EL_eLogiq-2-300x200.png 300w, https:\/\/www.elementlogic.net\/content\/uploads\/sites\/23\/2026\/04\/EL_eLogiq-2.png 1024w\" sizes=\"(max-width: 768px) 100vw, 768px\" \/><\/div>\n\t\t\t\t<div class=\"t2-simple-media-text__content-container\">\n\t\t\t\t\t<div class=\"t2-simple-media-text__content\">\n\t\t\t\t\t\t<div class=\"t2-simple-media-text__content-inner\">\n\t\t\t\t\t\t\t\n\n<h3 class=\"wp-block-heading\" id=\"h-koulutus\"><strong>Koulutus<\/strong><\/h3>\n\n\n\n<p>Varmistamme, ett\u00e4 tiimisi hallitsevat j\u00e4rjestelm\u00e4n k\u00e4yt\u00f6n varmasti ja osaavasti. Tarjoamme perehdytyst\u00e4, skenaariopohjaista harjoittelua sek\u00e4 SuperUser-sertifiointiohjelman.<\/p>\n\n\n\n<div class=\"wp-block-buttons is-layout-flex wp-block-buttons-is-layout-flex\">\n<div class=\"wp-block-button is-style-fill\"><a class=\"wp-block-button__link wp-element-button\" href=\"https:\/\/www.elementlogic.net\/fi\/palvelut-ja-ratkaisut\/customer-success\/koulutus-ja-kehitys\/\">Tutustu koulutuksiin<\/a><\/div>\n<\/div>\n\n\n\t\t\t\t\t\t<\/div>\n\t\t\t\t\t<\/div>\n\t\t\t\t<\/div>\n\t\t\t<\/div>\n\t\t<\/div>\n\t\t\n\n\n\t\t<div class=\"alignwide is-mode-constrained is-gap-center wp-block-t2-simple-media-text   \">\n\t\t\t<div class=\"t2-simple-media-text__container\">\n\t\t\t\t<div class=\"t2-simple-media-text__image\"><img loading=\"lazy\" decoding=\"async\" width=\"768\" height=\"512\" src=\"https:\/\/www.elementlogic.net\/content\/uploads\/sites\/23\/2026\/04\/wallpaper_Customer-success-1-768x512.png\" class=\"\" alt=\"\" style=\"--focalpoint: 50% 50%;\" srcset=\"https:\/\/www.elementlogic.net\/content\/uploads\/sites\/23\/2026\/04\/wallpaper_Customer-success-1-768x512.png 768w, https:\/\/www.elementlogic.net\/content\/uploads\/sites\/23\/2026\/04\/wallpaper_Customer-success-1-300x200.png 300w, https:\/\/www.elementlogic.net\/content\/uploads\/sites\/23\/2026\/04\/wallpaper_Customer-success-1.png 1024w\" sizes=\"(max-width: 768px) 100vw, 768px\" \/><\/div>\n\t\t\t\t<div class=\"t2-simple-media-text__content-container\">\n\t\t\t\t\t<div class=\"t2-simple-media-text__content\">\n\t\t\t\t\t\t<div class=\"t2-simple-media-text__content-inner\">\n\t\t\t\t\t\t\t\n\n<h3 class=\"wp-block-heading\" id=\"h-huolto\"><strong>Huolto<\/strong><\/h3>\n\n\n\n<p>Suunniteltu ja ennakoiva huolto pit\u00e4\u00e4 ratkaisusi luotettavana ja minimoi odottamattomat seisokit varmistaen j\u00e4rjestelm\u00e4n maksimaalisen k\u00e4ytett\u00e4vyyden.<\/p>\n\n\n\n<div class=\"wp-block-buttons is-layout-flex wp-block-buttons-is-layout-flex\">\n<div class=\"wp-block-button is-style-fill\"><a class=\"wp-block-button__link wp-element-button\" href=\"https:\/\/www.elementlogic.net\/fi\/palvelut-ja-ratkaisut\/customer-success\/huolto\/\">Tutustu huoltopalveluihin<\/a><\/div>\n<\/div>\n\n\n\t\t\t\t\t\t<\/div>\n\t\t\t\t\t<\/div>\n\t\t\t\t<\/div>\n\t\t\t<\/div>\n\t\t<\/div>\n\t\t\n\n\n\t\t<div class=\"alignwide is-mode-constrained is-gap-center has-media-on-the-right wp-block-t2-simple-media-text   \">\n\t\t\t<div class=\"t2-simple-media-text__container\">\n\t\t\t\t<div class=\"t2-simple-media-text__image\"><img loading=\"lazy\" decoding=\"async\" width=\"768\" height=\"322\" src=\"https:\/\/www.elementlogic.net\/content\/uploads\/sites\/23\/\/2024\/09\/Wallpaper-6-scaled-768x322.jpg\" class=\"\" alt=\"\" style=\"--focalpoint: 50% 50%;\" srcset=\"https:\/\/www.elementlogic.net\/content\/uploads\/sites\/23\/2024\/09\/Wallpaper-6-scaled-768x322.jpg 768w, https:\/\/www.elementlogic.net\/content\/uploads\/sites\/23\/2024\/09\/Wallpaper-6-scaled-300x126.jpg 300w, https:\/\/www.elementlogic.net\/content\/uploads\/sites\/23\/2024\/09\/Wallpaper-6-scaled-1024x429.jpg 1024w, https:\/\/www.elementlogic.net\/content\/uploads\/sites\/23\/2024\/09\/Wallpaper-6-scaled-1536x643.jpg 1536w, https:\/\/www.elementlogic.net\/content\/uploads\/sites\/23\/2024\/09\/Wallpaper-6-scaled-2048x858.jpg 2048w\" sizes=\"(max-width: 768px) 100vw, 768px\" \/><\/div>\n\t\t\t\t<div class=\"t2-simple-media-text__content-container\">\n\t\t\t\t\t<div class=\"t2-simple-media-text__content\">\n\t\t\t\t\t\t<div class=\"t2-simple-media-text__content-inner\">\n\t\t\t\t\t\t\t\n\n<h3 class=\"wp-block-heading\" id=\"h-analyysit-ja-optimointi\"><strong>Analyysit ja optimointi<\/strong><\/h3>\n\n\n\n<p>Jatkuvan datapohjaisen analyysin avulla autamme sinua tunnistamaan kehityskohteita ja mukauttamaan varastoratkaisuasi liiketoimintasi kasvaessa.&nbsp;<\/p>\n\n\n\n<div class=\"wp-block-buttons is-layout-flex wp-block-buttons-is-layout-flex\">\n<div class=\"wp-block-button is-style-fill\"><a class=\"wp-block-button__link wp-element-button\" href=\"https:\/\/www.elementlogic.net\/fi\/palvelut-ja-ratkaisut\/customer-success\/analyysit-ja-optimointi\/\">Tutustu analyyseihin ja optimointiin<\/a><\/div>\n<\/div>\n\n\n\t\t\t\t\t\t<\/div>\n\t\t\t\t\t<\/div>\n\t\t\t\t<\/div>\n\t\t\t<\/div>\n\t\t<\/div>\n\t\t\n\n\n<h2 class=\"wp-block-heading\" id=\"h-miksi-customer-success-on-tarkeaa\">Miksi Customer Success on t\u00e4rke\u00e4\u00e4?<\/h2>\n\n\n\n<p>Varastot kohtaavat jatkuvaa muutosta: uusia tuotteita, sesonkihuippuja ja muuttuvia asiakasodotuksia. Customer Success -ohjelman my\u00f6t\u00e4 et osta vain j\u00e4rjestelm\u00e4\u00e4, vaan saat pitk\u00e4aikaisen kumppanin. Asiantuntijatiimimme yhdist\u00e4v\u00e4t osaamisen, ennakoivat palvelut ja r\u00e4\u00e4t\u00e4l\u00f6idyt neuvot varmistaakseen, ett\u00e4 varastosi pysyy tehokkaana, kest\u00e4v\u00e4n\u00e4 ja valmiina tulevaisuuteen.<\/p>\n\n\n\n<h3 class=\"wp-block-heading\" id=\"tutustu-palveluihimme\">Tutustu palveluihimme<\/h3>\n\n\n\n\t\t<div style=\"--link-cards-grid-columns: 3\" class=\"dekode-link-cards has-3-columns wp-block-dekode-link-cards\">\n\t\t\t<div class=\"dekode-link-cards__items\">\n\t\t\t\t\n<a class=\"wp-block-dekode-link-card\" href=\"https:\/\/www.elementlogic.net\/fi\/palvelut-ja-ratkaisut\/customer-success\/koulutus-ja-kehitys\/\"><img loading=\"lazy\" decoding=\"async\" width=\"768\" height=\"512\" src=\"https:\/\/www.elementlogic.net\/content\/uploads\/sites\/23\/2026\/04\/EL_eLogiq-2-768x512.png\" class=\"\" alt=\"\" \/>\t<div class=\"dekode-link-card__content\">\n\t\t\t\t<p class=\"dekode-link-card__title\">\n\t\t\tKoulutus\t\t<\/p>\n\t\t\t\t\t<p class=\"dekode-link-card__description\">Koulutus Customer Success -palvelun perustana<\/p>\n\t\t\t<\/div>\n\t<\/a>\n\n<a class=\"wp-block-dekode-link-card\" href=\"https:\/\/www.elementlogic.net\/fi\/palvelut-ja-ratkaisut\/customer-success\/analyysit-ja-optimointi\/\"><img loading=\"lazy\" decoding=\"async\" width=\"768\" height=\"512\" src=\"https:\/\/www.elementlogic.net\/content\/uploads\/sites\/23\/\/2024\/09\/EL_eLogiq_-11-1024x683-1-768x512.jpg\" class=\"\" alt=\"\" \/>\t<div class=\"dekode-link-card__content\">\n\t\t\t\t<p class=\"dekode-link-card__title\">\n\t\t\tAnalyysit ja optimointi\t\t<\/p>\n\t\t\t\t\t<p class=\"dekode-link-card__description\">Jatkuvan arvon tuottaminen<\/p>\n\t\t\t<\/div>\n\t<\/a>\n\n<a class=\"wp-block-dekode-link-card\" href=\"https:\/\/www.elementlogic.net\/fi\/palvelut-ja-ratkaisut\/customer-success\/huolto\/\"><img loading=\"lazy\" decoding=\"async\" width=\"768\" height=\"512\" src=\"https:\/\/www.elementlogic.net\/content\/uploads\/sites\/23\/2026\/04\/wallpaper_Customer-success-1-768x512.png\" class=\"\" alt=\"\" \/>\t<div class=\"dekode-link-card__content\">\n\t\t\t\t<p class=\"dekode-link-card__title\">\n\t\t\tHuolto\t\t<\/p>\n\t\t\t\t\t<p class=\"dekode-link-card__description\">J\u00e4rjestelm\u00e4si sujuvan toiminnan varmistaminen<\/p>\n\t\t\t<\/div>\n\t<\/a>\n\n<a class=\"wp-block-dekode-link-card\" href=\"https:\/\/www.elementlogic.net\/fi\/palvelut-ja-ratkaisut\/customer-success\/tuki\/\"><img loading=\"lazy\" decoding=\"async\" width=\"768\" height=\"576\" src=\"https:\/\/www.elementlogic.net\/content\/uploads\/sites\/23\/\/2024\/09\/Element-Logic_AutoStore-support-aftermarket-scaled-768x576.jpg\" class=\"\" alt=\"\" \/>\t<div class=\"dekode-link-card__content\">\n\t\t\t\t<p class=\"dekode-link-card__title\">\n\t\t\tTuki\t\t<\/p>\n\t\t\t\t\t<p class=\"dekode-link-card__description\">24\/7 luottamusta varastosi toimintoihin<\/p>\n\t\t\t<\/div>\n\t<\/a>\n\n\t\t\t<\/div>\n\t\t<\/div>","protected":false},"excerpt":{"rendered":"<p>Sitoudumme menestykseesi Element Logicille j\u00e4rjestelm\u00e4n toimittaminen on vasta alku. Todellinen menestys syntyy siit\u00e4, ett\u00e4 varastosi suoriutuu parhaalla mahdollisella tavalla joka [&hellip;]<\/p>\n","protected":false},"author":2,"featured_media":0,"parent":266,"menu_order":0,"comment_status":"closed","ping_status":"closed","template":"","meta":{"hreflang_relation":4755,"_el_cross_publish_source_blog_url":"","_el_cross_publish_source_blog_id":0,"_el_cross_publish_source_post_id":0,"_el_cross_publish_sync_state":"","exclude_from_search":false,"footnotes":""},"class_list":["post-2676","page","type-page","status-publish","hentry"],"yoast_head":"<!-- This site is optimized with the Yoast SEO Premium plugin v23.9 (Yoast SEO v23.9) - https:\/\/yoast.com\/wordpress\/plugins\/seo\/ -->\n<title>Customer Success - Element Logic Finland<\/title>\n<meta name=\"description\" content=\"Customer Success -ohjelma on palvelukokonaisuus, joka on suunniteltu tarjoamaan luottamusta, vakautta ja jatkuvaa kehityst\u00e4.\" \/>\n<meta name=\"robots\" content=\"index, follow, max-snippet:-1, max-image-preview:large, max-video-preview:-1\" \/>\n<link rel=\"canonical\" href=\"https:\/\/www.elementlogic.net\/fi\/palvelut-ja-ratkaisut\/customer-success\/\" \/>\n<meta property=\"og:locale\" content=\"fi_FI\" \/>\n<meta property=\"og:type\" content=\"article\" \/>\n<meta property=\"og:title\" content=\"Customer Success\" \/>\n<meta property=\"og:description\" content=\"Customer Success -ohjelma on palvelukokonaisuus, joka on suunniteltu tarjoamaan luottamusta, vakautta ja jatkuvaa kehityst\u00e4.\" \/>\n<meta property=\"og:url\" content=\"https:\/\/www.elementlogic.net\/fi\/palvelut-ja-ratkaisut\/customer-success\/\" \/>\n<meta property=\"og:site_name\" content=\"Element Logic Finland\" \/>\n<meta property=\"article:modified_time\" content=\"2026-04-01T18:00:15+00:00\" \/>\n<meta name=\"twitter:card\" content=\"summary_large_image\" \/>\n<meta name=\"twitter:label1\" content=\"Arvioitu lukuaika\" \/>\n\t<meta name=\"twitter:data1\" content=\"2 minuuttia\" \/>\n<script type=\"application\/ld+json\" class=\"yoast-schema-graph\">{\"@context\":\"https:\/\/schema.org\",\"@graph\":[{\"@type\":\"WebPage\",\"@id\":\"https:\/\/www.elementlogic.net\/fi\/palvelut-ja-ratkaisut\/customer-success\/\",\"url\":\"https:\/\/www.elementlogic.net\/fi\/palvelut-ja-ratkaisut\/customer-success\/\",\"name\":\"Customer Success - Element Logic Finland\",\"isPartOf\":{\"@id\":\"https:\/\/www.elementlogic.net\/fi\/#website\"},\"datePublished\":\"2026-04-01T16:18:22+00:00\",\"dateModified\":\"2026-04-01T18:00:15+00:00\",\"description\":\"Customer Success -ohjelma on palvelukokonaisuus, joka on suunniteltu tarjoamaan luottamusta, vakautta ja jatkuvaa kehityst\u00e4.\",\"breadcrumb\":{\"@id\":\"https:\/\/www.elementlogic.net\/fi\/palvelut-ja-ratkaisut\/customer-success\/#breadcrumb\"},\"inLanguage\":\"fi\",\"potentialAction\":[{\"@type\":\"ReadAction\",\"target\":[\"https:\/\/www.elementlogic.net\/fi\/palvelut-ja-ratkaisut\/customer-success\/\"]}]},{\"@type\":\"BreadcrumbList\",\"@id\":\"https:\/\/www.elementlogic.net\/fi\/palvelut-ja-ratkaisut\/customer-success\/#breadcrumb\",\"itemListElement\":[{\"@type\":\"ListItem\",\"position\":1,\"name\":\"Palvelut ja ratkaisut\",\"item\":\"https:\/\/www.elementlogic.net\/fi\/palvelut-ja-ratkaisut\/\"},{\"@type\":\"ListItem\",\"position\":2,\"name\":\"Customer Success\"}]},{\"@type\":\"WebSite\",\"@id\":\"https:\/\/www.elementlogic.net\/fi\/#website\",\"url\":\"https:\/\/www.elementlogic.net\/fi\/\",\"name\":\"Element Logic Finland\",\"description\":\"\",\"potentialAction\":[{\"@type\":\"SearchAction\",\"target\":{\"@type\":\"EntryPoint\",\"urlTemplate\":\"https:\/\/www.elementlogic.net\/fi\/?s={search_term_string}\"},\"query-input\":{\"@type\":\"PropertyValueSpecification\",\"valueRequired\":true,\"valueName\":\"search_term_string\"}}],\"inLanguage\":\"fi\"}]}<\/script>\n<!-- \/ Yoast SEO Premium plugin. -->","yoast_head_json":{"title":"Customer Success - Element Logic Finland","description":"Customer Success -ohjelma on palvelukokonaisuus, joka on suunniteltu tarjoamaan luottamusta, vakautta ja jatkuvaa kehityst\u00e4.","robots":{"index":"index","follow":"follow","max-snippet":"max-snippet:-1","max-image-preview":"max-image-preview:large","max-video-preview":"max-video-preview:-1"},"canonical":"https:\/\/www.elementlogic.net\/fi\/palvelut-ja-ratkaisut\/customer-success\/","og_locale":"fi_FI","og_type":"article","og_title":"Customer Success","og_description":"Customer Success -ohjelma on palvelukokonaisuus, joka on suunniteltu tarjoamaan luottamusta, vakautta ja jatkuvaa kehityst\u00e4.","og_url":"https:\/\/www.elementlogic.net\/fi\/palvelut-ja-ratkaisut\/customer-success\/","og_site_name":"Element Logic Finland","article_modified_time":"2026-04-01T18:00:15+00:00","twitter_card":"summary_large_image","twitter_misc":{"Arvioitu lukuaika":"2 minuuttia"},"schema":{"@context":"https:\/\/schema.org","@graph":[{"@type":"WebPage","@id":"https:\/\/www.elementlogic.net\/fi\/palvelut-ja-ratkaisut\/customer-success\/","url":"https:\/\/www.elementlogic.net\/fi\/palvelut-ja-ratkaisut\/customer-success\/","name":"Customer Success - Element Logic Finland","isPartOf":{"@id":"https:\/\/www.elementlogic.net\/fi\/#website"},"datePublished":"2026-04-01T16:18:22+00:00","dateModified":"2026-04-01T18:00:15+00:00","description":"Customer Success -ohjelma on palvelukokonaisuus, joka on suunniteltu tarjoamaan luottamusta, vakautta ja jatkuvaa kehityst\u00e4.","breadcrumb":{"@id":"https:\/\/www.elementlogic.net\/fi\/palvelut-ja-ratkaisut\/customer-success\/#breadcrumb"},"inLanguage":"fi","potentialAction":[{"@type":"ReadAction","target":["https:\/\/www.elementlogic.net\/fi\/palvelut-ja-ratkaisut\/customer-success\/"]}]},{"@type":"BreadcrumbList","@id":"https:\/\/www.elementlogic.net\/fi\/palvelut-ja-ratkaisut\/customer-success\/#breadcrumb","itemListElement":[{"@type":"ListItem","position":1,"name":"Palvelut ja ratkaisut","item":"https:\/\/www.elementlogic.net\/fi\/palvelut-ja-ratkaisut\/"},{"@type":"ListItem","position":2,"name":"Customer Success"}]},{"@type":"WebSite","@id":"https:\/\/www.elementlogic.net\/fi\/#website","url":"https:\/\/www.elementlogic.net\/fi\/","name":"Element Logic Finland","description":"","potentialAction":[{"@type":"SearchAction","target":{"@type":"EntryPoint","urlTemplate":"https:\/\/www.elementlogic.net\/fi\/?s={search_term_string}"},"query-input":{"@type":"PropertyValueSpecification","valueRequired":true,"valueName":"search_term_string"}}],"inLanguage":"fi"}]}},"_links":{"self":[{"href":"https:\/\/www.elementlogic.net\/fi\/wp-json\/wp\/v2\/pages\/2676"}],"collection":[{"href":"https:\/\/www.elementlogic.net\/fi\/wp-json\/wp\/v2\/pages"}],"about":[{"href":"https:\/\/www.elementlogic.net\/fi\/wp-json\/wp\/v2\/types\/page"}],"author":[{"embeddable":true,"href":"https:\/\/www.elementlogic.net\/fi\/wp-json\/wp\/v2\/users\/2"}],"replies":[{"embeddable":true,"href":"https:\/\/www.elementlogic.net\/fi\/wp-json\/wp\/v2\/comments?post=2676"}],"version-history":[{"count":4,"href":"https:\/\/www.elementlogic.net\/fi\/wp-json\/wp\/v2\/pages\/2676\/revisions"}],"predecessor-version":[{"id":2911,"href":"https:\/\/www.elementlogic.net\/fi\/wp-json\/wp\/v2\/pages\/2676\/revisions\/2911"}],"up":[{"embeddable":true,"href":"https:\/\/www.elementlogic.net\/fi\/wp-json\/wp\/v2\/pages\/266"}],"wp:attachment":[{"href":"https:\/\/www.elementlogic.net\/fi\/wp-json\/wp\/v2\/media?parent=2676"}],"curies":[{"name":"wp","href":"https:\/\/api.w.org\/{rel}","templated":true}]}}