{"id":2678,"date":"2026-04-01T16:45:59","date_gmt":"2026-04-01T16:45:59","guid":{"rendered":"https:\/\/www.elementlogic.net\/fi\/?page_id=2678"},"modified":"2026-04-01T17:30:46","modified_gmt":"2026-04-01T17:30:46","slug":"analyysit-ja-optimointi","status":"publish","type":"page","link":"https:\/\/www.elementlogic.net\/fi\/palvelut-ja-ratkaisut\/customer-success\/analyysit-ja-optimointi\/","title":{"rendered":"Analyysit ja optimointi"},"content":{"rendered":"\n\t\t<div style=\"--dekode-hero-dim:0.5; --t2-icon-fill:var(--wp--preset--color--white);\" class=\"alignfull dekode-hero-content-position-center has-media-background wp-block-dekode-hero has-text-color has-white-color\">\n\t\t\t<img loading=\"lazy\" decoding=\"async\" width=\"1024\" height=\"429\" src=\"https:\/\/www.elementlogic.net\/content\/uploads\/sites\/23\/\/2024\/09\/Wallpaper-6-scaled-1024x429.jpg\" class=\"dekode-hero__image\" alt=\"\" style=\"--focalpoint: 50% 50%;\" srcset=\"https:\/\/www.elementlogic.net\/content\/uploads\/sites\/23\/2024\/09\/Wallpaper-6-scaled-1024x429.jpg 1024w, https:\/\/www.elementlogic.net\/content\/uploads\/sites\/23\/2024\/09\/Wallpaper-6-scaled-300x126.jpg 300w, https:\/\/www.elementlogic.net\/content\/uploads\/sites\/23\/2024\/09\/Wallpaper-6-scaled-768x322.jpg 768w, https:\/\/www.elementlogic.net\/content\/uploads\/sites\/23\/2024\/09\/Wallpaper-6-scaled-1536x643.jpg 1536w, https:\/\/www.elementlogic.net\/content\/uploads\/sites\/23\/2024\/09\/Wallpaper-6-scaled-2048x858.jpg 2048w\" sizes=\"(max-width: 1024px) 100vw, 1024px\" \/>\n\t\t\t<div class=\"dekode-hero__content\">\n\t\t\t\t<div class=\"dekode-hero__container\">\n\t\t\t\t\t\n\n<h1 class=\"wp-block-heading\" id=\"h-analyysit-ja-optimointi\"><strong>Analyysit ja optimointi<\/strong><\/h1>\n\n\n<p class=\"t2-ingress wp-block-t2-ingress\"><strong>Jatkuvan arvon tuottaminen<\/strong>\u00a0<\/p>\n\n\t\t\t\t<\/div>\n\t\t\t<\/div>\n\t\t<\/div>\n\t\t\n\n\n<h2 class=\"wp-block-heading\" id=\"h-keskeinen-osa-customer-success-palvelua-nbsp\"><strong>Keskeinen osa Customer Success -palvelua<\/strong>&nbsp;<\/h2>\n\n\n\n<p>Element Logicin Customer Success -ohjelmassa on kyse muustakin kuin varastoratkaisun toimittamisesta. Kyse on sen varmistamisesta, ett\u00e4 ratkaisusi tuottaa arvoa vuodesta toiseen. Analyysit ja optimointi on Customer Success -palvelun tulevaisuuteen suuntautuva osa. Se auttaa sinua ymm\u00e4rt\u00e4m\u00e4\u00e4n, kuinka varastosi suoriutuu t\u00e4n\u00e4\u00e4n ja miten se voi suoriutua viel\u00e4 paremmin huomenna.<\/p>\n\n\n\n<h3 class=\"wp-block-heading\" id=\"h-datan-muuttaminen-kasvuksi\">Datan muuttaminen kasvuksi<\/h3>\n\n\n\n<p>Varastosi tuottaa arvokasta dataa joka p\u00e4iv\u00e4. Asiantuntemuksemme ja ty\u00f6kalujemme avulla muutamme tuon datan oivalluksiksi, jotka paljastavat kehityskohteita. Customer Success -tiimimme ja ohjelmistomme tarjoavat suosituksia j\u00e4rjestelm\u00e4n k\u00e4ytt\u00f6asteesta prosessien tehokkuuteen auttaen sinua mukautumaan, kasvamaan ja pysym\u00e4\u00e4n kilpailukykyisen\u00e4.<\/p>\n\n\n\n\t\t<div class=\"alignwide is-mode-constrained is-gap-center has-media-on-the-right wp-block-t2-simple-media-text   \">\n\t\t\t<div class=\"t2-simple-media-text__container\">\n\t\t\t\t<div class=\"t2-simple-media-text__image\"><img loading=\"lazy\" decoding=\"async\" width=\"768\" height=\"498\" src=\"https:\/\/www.elementlogic.net\/content\/uploads\/sites\/23\/\/2024\/09\/Element-Logic-and-Bergaard-Amundsen-People-768x498.jpg\" class=\"\" alt=\"\" style=\"--focalpoint: 50% 50%;\" srcset=\"https:\/\/www.elementlogic.net\/content\/uploads\/sites\/23\/2024\/09\/Element-Logic-and-Bergaard-Amundsen-People-768x498.jpg 768w, https:\/\/www.elementlogic.net\/content\/uploads\/sites\/23\/2024\/09\/Element-Logic-and-Bergaard-Amundsen-People-300x194.jpg 300w, https:\/\/www.elementlogic.net\/content\/uploads\/sites\/23\/2024\/09\/Element-Logic-and-Bergaard-Amundsen-People-1024x664.jpg 1024w, https:\/\/www.elementlogic.net\/content\/uploads\/sites\/23\/2024\/09\/Element-Logic-and-Bergaard-Amundsen-People-1536x996.jpg 1536w, https:\/\/www.elementlogic.net\/content\/uploads\/sites\/23\/2024\/09\/Element-Logic-and-Bergaard-Amundsen-People.jpg 1600w\" sizes=\"(max-width: 768px) 100vw, 768px\" \/><\/div>\n\t\t\t\t<div class=\"t2-simple-media-text__content-container\">\n\t\t\t\t\t<div class=\"t2-simple-media-text__content\">\n\t\t\t\t\t\t<div class=\"t2-simple-media-text__content-inner\">\n\t\t\t\t\t\t\t\n\n<h3 class=\"wp-block-heading\" id=\"h-jatkuva-kumppanuus-nbsp\"><strong>Jatkuva kumppanuus<\/strong>&nbsp;<\/h3>\n\n\n\n<p>Analyysit ja optimointi ei ole kertaluonteinen palvelu, vaan jatkuvaa vuoropuhelua sinun ja Customer Success -asiantuntijoidemme v\u00e4lill\u00e4. Yhdess\u00e4 me:<\/p>\n\n\n\n<p>\u2013 Valvomme j\u00e4rjestelm\u00e4n suorituskyky\u00e4 ja tunnistamme toimintamalleja<br>\u2013 Seuraamme keskeisi\u00e4 tunnuslukuja (KPI), kuten ker\u00e4ilynopeutta, tarkkuutta ja k\u00e4ytett\u00e4vyytt\u00e4<br>\u2013 Ennakoimme ja ehk\u00e4isemme tulevia haasteita ennakoivan analytiikan avulla<br>\u2013 Suosittelemme ja toteutamme liiketoimintatavoitteisiisi sopivia s\u00e4\u00e4t\u00f6j\u00e4<\/p>\n\n\n\n<p>T\u00e4m\u00e4 varmistaa, ett\u00e4 varastoratkaisusi s\u00e4ilyy toimintojesi vahvana ja luotettavana selk\u00e4rankana.&nbsp;<\/p>\n\n\n\t\t\t\t\t\t<\/div>\n\t\t\t\t\t<\/div>\n\t\t\t\t<\/div>\n\t\t\t<\/div>\n\t\t<\/div>\n\t\t\n\n\n\t\t<div class=\"alignwide is-mode-constrained is-gap-center wp-block-t2-simple-media-text   \">\n\t\t\t<div class=\"t2-simple-media-text__container\">\n\t\t\t\t<div class=\"t2-simple-media-text__image\"><img loading=\"lazy\" decoding=\"async\" width=\"768\" height=\"512\" src=\"https:\/\/www.elementlogic.net\/content\/uploads\/sites\/23\/\/2024\/09\/image-68-768x512.png\" class=\"\" alt=\"Nainen ty\u00f6skentelee tietokoneella\" style=\"--focalpoint: 50% 50%;\" srcset=\"https:\/\/www.elementlogic.net\/content\/uploads\/sites\/23\/2024\/09\/image-68-768x512.png 768w, https:\/\/www.elementlogic.net\/content\/uploads\/sites\/23\/2024\/09\/image-68-300x200.png 300w, https:\/\/www.elementlogic.net\/content\/uploads\/sites\/23\/2024\/09\/image-68-1024x683.png 1024w, https:\/\/www.elementlogic.net\/content\/uploads\/sites\/23\/2024\/09\/image-68.png 1500w\" sizes=\"(max-width: 768px) 100vw, 768px\" \/><\/div>\n\t\t\t\t<div class=\"t2-simple-media-text__content-container\">\n\t\t\t\t\t<div class=\"t2-simple-media-text__content\">\n\t\t\t\t\t\t<div class=\"t2-simple-media-text__content-inner\">\n\t\t\t\t\t\t\t\n\n<h3 class=\"wp-block-heading\" id=\"h-ohjelmistot-alykkaamman-paatoksenteon-tukena\"><strong>Ohjelmistot \u00e4lykk\u00e4\u00e4mm\u00e4n p\u00e4\u00e4t\u00f6ksenteon tukena<\/strong><\/h3>\n\n\n\n<p><strong>eLogiqin<\/strong> ja <strong>eManagerin<\/strong> kaltaisten ohjelmistojen avulla saat k\u00e4ytt\u00f6\u00f6si reaaliaikaiset hallintapaneelit ja yksityiskohtaisen raportoinnin. Ne tarjoavat n\u00e4kyvyytt\u00e4 tuottavuuteen, j\u00e4rjestelm\u00e4n kuntoon ja varastotilan k\u00e4ytt\u00f6asteeseen. N\u00e4m\u00e4 ovat asioita, jotka ovat ratkaisevia tietoon perustuvassa p\u00e4\u00e4t\u00f6ksenteossa.<\/p>\n\n\n\n<p>Customer Success -tiimimme ty\u00f6skentelee tiiviisti kanssasi tulkitakseen t\u00e4t\u00e4 tietoa ja muuttaakseen sen konkreettisiksi toimenpiteiksi.<\/p>\n\n\n\t\t\t\t\t\t<\/div>\n\t\t\t\t\t<\/div>\n\t\t\t\t<\/div>\n\t\t\t<\/div>\n\t\t<\/div>\n\t\t\n\n\n<h2 class=\"wp-block-heading\" id=\"h-miksi-tama-on-tarkeaa-nbsp\"><strong>Miksi t\u00e4m\u00e4 on t\u00e4rke\u00e4\u00e4?<\/strong>&nbsp;<\/h2>\n\n\n\n<p>Varastointi muuttuu jatkuvasti. Uudet tuotteet, sesonkihuiput ja asiakkaiden odotukset vaativat joustavuutta. Analyysit ja optimointi varmistavat, ett\u00e4 j\u00e4rjestelm\u00e4si kehittyy mukanasi:<\/p>\n\n\n\n<ul class=\"wp-block-list\">\n<li><strong>Tehokkuus:<\/strong> Tunnista ja poista pullonkaulat.<\/li>\n\n\n\n<li><strong>Skaalautuvuus:<\/strong> Valmistele varastosi hallitsemaan kasvua.<\/li>\n\n\n\n<li><strong>Vastuullisuus:<\/strong> V\u00e4henn\u00e4 hukkaa, energiankulutusta ja kustannuksia.<\/li>\n\n\n\n<li><strong>Luottamus:<\/strong> Tied\u00e4, ett\u00e4 j\u00e4rjestelm\u00e4si toimii aina parhaalla mahdollisella tasolla.<\/li>\n<\/ul>\n\n\n\n<h2 class=\"wp-block-heading\" id=\"h-pitkan-aikavalin-kilpailuetusi\"><strong>Pitk\u00e4n aikav\u00e4lin kilpailuetusi<\/strong><\/h2>\n\n\n\n<p>Analyysit ja optimointi on osa sitoumustamme tehd\u00e4 varastostasi pitk\u00e4aikainen menestystarina. Yhdist\u00e4m\u00e4ll\u00e4 datan, teknologian ja ainutlaatuisen asiantuntemuksemme autamme sinua minimoimaan ep\u00e4tehokkuuden ja maksimoimaan suorituskyvyn vuosi toisensa j\u00e4lkeen.<\/p>\n\n\n\n<h3 class=\"wp-block-heading\" id=\"tutustu-palveluihimme\"><strong>Tutustu palveluihimme:<\/strong><\/h3>\n\n\n\n\t\t<div style=\"--link-cards-grid-columns: 3\" class=\"dekode-link-cards has-3-columns wp-block-dekode-link-cards\">\n\t\t\t<div class=\"dekode-link-cards__items\">\n\t\t\t\t\n<a class=\"wp-block-dekode-link-card\" href=\"https:\/\/www.elementlogic.net\/fi\/palvelut-ja-ratkaisut\/customer-success\/koulutus-ja-kehitys\/\"><img loading=\"lazy\" decoding=\"async\" width=\"768\" height=\"512\" src=\"https:\/\/www.elementlogic.net\/content\/uploads\/sites\/23\/2026\/04\/EL_eLogiq-2-768x512.png\" class=\"\" alt=\"\" \/>\t<div class=\"dekode-link-card__content\">\n\t\t\t\t<p class=\"dekode-link-card__title\">\n\t\t\tKoulutus\t\t<\/p>\n\t\t\t\t\t<p class=\"dekode-link-card__description\">Koulutus Customer Success -palvelun perustana<\/p>\n\t\t\t<\/div>\n\t<\/a>\n\n<a class=\"wp-block-dekode-link-card\" href=\"https:\/\/www.elementlogic.net\/fi\/palvelut-ja-ratkaisut\/customer-success\/huolto\/\"><img loading=\"lazy\" decoding=\"async\" width=\"768\" height=\"512\" src=\"https:\/\/www.elementlogic.net\/content\/uploads\/sites\/23\/2026\/04\/wallpaper_Customer-success-1-768x512.png\" class=\"\" alt=\"\" \/>\t<div class=\"dekode-link-card__content\">\n\t\t\t\t<p class=\"dekode-link-card__title\">\n\t\t\tHuolto\t\t<\/p>\n\t\t\t\t\t<p class=\"dekode-link-card__description\">J\u00e4rjestelm\u00e4si sujuvan toiminnan varmistaminen<\/p>\n\t\t\t<\/div>\n\t<\/a>\n\n<a class=\"wp-block-dekode-link-card\" href=\"https:\/\/www.elementlogic.net\/fi\/palvelut-ja-ratkaisut\/customer-success\/tuki\/\"><img loading=\"lazy\" decoding=\"async\" width=\"768\" height=\"512\" src=\"https:\/\/www.elementlogic.net\/content\/uploads\/sites\/23\/2026\/04\/support_customer-success-1-768x512.png\" class=\"\" alt=\"\" \/>\t<div class=\"dekode-link-card__content\">\n\t\t\t\t<p class=\"dekode-link-card__title\">\n\t\t\tTuki\t\t<\/p>\n\t\t\t\t\t<p class=\"dekode-link-card__description\">24\/7 luottamusta varastosi toimintoihin<\/p>\n\t\t\t<\/div>\n\t<\/a>\n\n\t\t\t<\/div>\n\t\t<\/div>","protected":false},"excerpt":{"rendered":"<p>Keskeinen osa Customer Success -palvelua&nbsp; Element Logicin Customer Success -ohjelmassa on kyse muustakin kuin varastoratkaisun toimittamisesta. Kyse on sen varmistamisesta, [&hellip;]<\/p>\n","protected":false},"author":2,"featured_media":0,"parent":2676,"menu_order":0,"comment_status":"closed","ping_status":"closed","template":"","meta":{"hreflang_relation":4820,"_el_cross_publish_source_blog_url":"","_el_cross_publish_source_blog_id":0,"_el_cross_publish_source_post_id":0,"_el_cross_publish_sync_state":"","exclude_from_search":false,"footnotes":""},"class_list":["post-2678","page","type-page","status-publish","hentry"],"yoast_head":"<!-- This site is optimized with the Yoast SEO Premium plugin v23.9 (Yoast SEO v23.9) - https:\/\/yoast.com\/wordpress\/plugins\/seo\/ -->\n<title>Analyysit ja optimointi - Element Logic Finland<\/title>\n<meta name=\"description\" content=\"Analyysit ja optimointi on palvelumme tulevaisuuteen suuntautuva osa. Varmistamme, ett\u00e4 ratkaisusi tuottaa arvoa vuodesta toiseen.\" \/>\n<meta name=\"robots\" content=\"index, follow, max-snippet:-1, max-image-preview:large, max-video-preview:-1\" \/>\n<link rel=\"canonical\" href=\"https:\/\/www.elementlogic.net\/fi\/palvelut-ja-ratkaisut\/customer-success\/analyysit-ja-optimointi\/\" \/>\n<meta property=\"og:locale\" content=\"fi_FI\" \/>\n<meta property=\"og:type\" content=\"article\" \/>\n<meta property=\"og:title\" content=\"Analyysit ja optimointi\" \/>\n<meta property=\"og:description\" content=\"Analyysit ja optimointi on palvelumme tulevaisuuteen suuntautuva osa. Varmistamme, ett\u00e4 ratkaisusi tuottaa arvoa vuodesta toiseen.\" \/>\n<meta property=\"og:url\" content=\"https:\/\/www.elementlogic.net\/fi\/palvelut-ja-ratkaisut\/customer-success\/analyysit-ja-optimointi\/\" \/>\n<meta property=\"og:site_name\" content=\"Element Logic Finland\" \/>\n<meta property=\"article:modified_time\" content=\"2026-04-01T17:30:46+00:00\" \/>\n<meta name=\"twitter:card\" content=\"summary_large_image\" \/>\n<meta name=\"twitter:label1\" content=\"Arvioitu lukuaika\" \/>\n\t<meta name=\"twitter:data1\" content=\"2 minuuttia\" \/>\n<script type=\"application\/ld+json\" class=\"yoast-schema-graph\">{\"@context\":\"https:\/\/schema.org\",\"@graph\":[{\"@type\":\"WebPage\",\"@id\":\"https:\/\/www.elementlogic.net\/fi\/palvelut-ja-ratkaisut\/customer-success\/analyysit-ja-optimointi\/\",\"url\":\"https:\/\/www.elementlogic.net\/fi\/palvelut-ja-ratkaisut\/customer-success\/analyysit-ja-optimointi\/\",\"name\":\"Analyysit ja optimointi - Element Logic Finland\",\"isPartOf\":{\"@id\":\"https:\/\/www.elementlogic.net\/fi\/#website\"},\"datePublished\":\"2026-04-01T16:45:59+00:00\",\"dateModified\":\"2026-04-01T17:30:46+00:00\",\"description\":\"Analyysit ja optimointi on palvelumme tulevaisuuteen suuntautuva osa. Varmistamme, ett\u00e4 ratkaisusi tuottaa arvoa vuodesta toiseen.\",\"breadcrumb\":{\"@id\":\"https:\/\/www.elementlogic.net\/fi\/palvelut-ja-ratkaisut\/customer-success\/analyysit-ja-optimointi\/#breadcrumb\"},\"inLanguage\":\"fi\",\"potentialAction\":[{\"@type\":\"ReadAction\",\"target\":[\"https:\/\/www.elementlogic.net\/fi\/palvelut-ja-ratkaisut\/customer-success\/analyysit-ja-optimointi\/\"]}]},{\"@type\":\"BreadcrumbList\",\"@id\":\"https:\/\/www.elementlogic.net\/fi\/palvelut-ja-ratkaisut\/customer-success\/analyysit-ja-optimointi\/#breadcrumb\",\"itemListElement\":[{\"@type\":\"ListItem\",\"position\":1,\"name\":\"Palvelut ja ratkaisut\",\"item\":\"https:\/\/www.elementlogic.net\/fi\/palvelut-ja-ratkaisut\/\"},{\"@type\":\"ListItem\",\"position\":2,\"name\":\"Customer Success\",\"item\":\"https:\/\/www.elementlogic.net\/fi\/palvelut-ja-ratkaisut\/customer-success\/\"},{\"@type\":\"ListItem\",\"position\":3,\"name\":\"Analyysit ja optimointi\"}]},{\"@type\":\"WebSite\",\"@id\":\"https:\/\/www.elementlogic.net\/fi\/#website\",\"url\":\"https:\/\/www.elementlogic.net\/fi\/\",\"name\":\"Element Logic Finland\",\"description\":\"\",\"potentialAction\":[{\"@type\":\"SearchAction\",\"target\":{\"@type\":\"EntryPoint\",\"urlTemplate\":\"https:\/\/www.elementlogic.net\/fi\/?s={search_term_string}\"},\"query-input\":{\"@type\":\"PropertyValueSpecification\",\"valueRequired\":true,\"valueName\":\"search_term_string\"}}],\"inLanguage\":\"fi\"}]}<\/script>\n<!-- \/ Yoast SEO Premium plugin. -->","yoast_head_json":{"title":"Analyysit ja optimointi - Element Logic Finland","description":"Analyysit ja optimointi on palvelumme tulevaisuuteen suuntautuva osa. Varmistamme, ett\u00e4 ratkaisusi tuottaa arvoa vuodesta toiseen.","robots":{"index":"index","follow":"follow","max-snippet":"max-snippet:-1","max-image-preview":"max-image-preview:large","max-video-preview":"max-video-preview:-1"},"canonical":"https:\/\/www.elementlogic.net\/fi\/palvelut-ja-ratkaisut\/customer-success\/analyysit-ja-optimointi\/","og_locale":"fi_FI","og_type":"article","og_title":"Analyysit ja optimointi","og_description":"Analyysit ja optimointi on palvelumme tulevaisuuteen suuntautuva osa. Varmistamme, ett\u00e4 ratkaisusi tuottaa arvoa vuodesta toiseen.","og_url":"https:\/\/www.elementlogic.net\/fi\/palvelut-ja-ratkaisut\/customer-success\/analyysit-ja-optimointi\/","og_site_name":"Element Logic Finland","article_modified_time":"2026-04-01T17:30:46+00:00","twitter_card":"summary_large_image","twitter_misc":{"Arvioitu lukuaika":"2 minuuttia"},"schema":{"@context":"https:\/\/schema.org","@graph":[{"@type":"WebPage","@id":"https:\/\/www.elementlogic.net\/fi\/palvelut-ja-ratkaisut\/customer-success\/analyysit-ja-optimointi\/","url":"https:\/\/www.elementlogic.net\/fi\/palvelut-ja-ratkaisut\/customer-success\/analyysit-ja-optimointi\/","name":"Analyysit ja optimointi - Element Logic Finland","isPartOf":{"@id":"https:\/\/www.elementlogic.net\/fi\/#website"},"datePublished":"2026-04-01T16:45:59+00:00","dateModified":"2026-04-01T17:30:46+00:00","description":"Analyysit ja optimointi on palvelumme tulevaisuuteen suuntautuva osa. Varmistamme, ett\u00e4 ratkaisusi tuottaa arvoa vuodesta toiseen.","breadcrumb":{"@id":"https:\/\/www.elementlogic.net\/fi\/palvelut-ja-ratkaisut\/customer-success\/analyysit-ja-optimointi\/#breadcrumb"},"inLanguage":"fi","potentialAction":[{"@type":"ReadAction","target":["https:\/\/www.elementlogic.net\/fi\/palvelut-ja-ratkaisut\/customer-success\/analyysit-ja-optimointi\/"]}]},{"@type":"BreadcrumbList","@id":"https:\/\/www.elementlogic.net\/fi\/palvelut-ja-ratkaisut\/customer-success\/analyysit-ja-optimointi\/#breadcrumb","itemListElement":[{"@type":"ListItem","position":1,"name":"Palvelut ja ratkaisut","item":"https:\/\/www.elementlogic.net\/fi\/palvelut-ja-ratkaisut\/"},{"@type":"ListItem","position":2,"name":"Customer Success","item":"https:\/\/www.elementlogic.net\/fi\/palvelut-ja-ratkaisut\/customer-success\/"},{"@type":"ListItem","position":3,"name":"Analyysit ja optimointi"}]},{"@type":"WebSite","@id":"https:\/\/www.elementlogic.net\/fi\/#website","url":"https:\/\/www.elementlogic.net\/fi\/","name":"Element Logic Finland","description":"","potentialAction":[{"@type":"SearchAction","target":{"@type":"EntryPoint","urlTemplate":"https:\/\/www.elementlogic.net\/fi\/?s={search_term_string}"},"query-input":{"@type":"PropertyValueSpecification","valueRequired":true,"valueName":"search_term_string"}}],"inLanguage":"fi"}]}},"_links":{"self":[{"href":"https:\/\/www.elementlogic.net\/fi\/wp-json\/wp\/v2\/pages\/2678"}],"collection":[{"href":"https:\/\/www.elementlogic.net\/fi\/wp-json\/wp\/v2\/pages"}],"about":[{"href":"https:\/\/www.elementlogic.net\/fi\/wp-json\/wp\/v2\/types\/page"}],"author":[{"embeddable":true,"href":"https:\/\/www.elementlogic.net\/fi\/wp-json\/wp\/v2\/users\/2"}],"replies":[{"embeddable":true,"href":"https:\/\/www.elementlogic.net\/fi\/wp-json\/wp\/v2\/comments?post=2678"}],"version-history":[{"count":4,"href":"https:\/\/www.elementlogic.net\/fi\/wp-json\/wp\/v2\/pages\/2678\/revisions"}],"predecessor-version":[{"id":2908,"href":"https:\/\/www.elementlogic.net\/fi\/wp-json\/wp\/v2\/pages\/2678\/revisions\/2908"}],"up":[{"embeddable":true,"href":"https:\/\/www.elementlogic.net\/fi\/wp-json\/wp\/v2\/pages\/2676"}],"wp:attachment":[{"href":"https:\/\/www.elementlogic.net\/fi\/wp-json\/wp\/v2\/media?parent=2678"}],"curies":[{"name":"wp","href":"https:\/\/api.w.org\/{rel}","templated":true}]}}