{"id":2680,"date":"2026-04-01T16:23:48","date_gmt":"2026-04-01T16:23:48","guid":{"rendered":"https:\/\/www.elementlogic.net\/fi\/?page_id=2680"},"modified":"2026-04-01T17:49:41","modified_gmt":"2026-04-01T17:49:41","slug":"huolto","status":"publish","type":"page","link":"https:\/\/www.elementlogic.net\/fi\/palvelut-ja-ratkaisut\/customer-success\/huolto\/","title":{"rendered":"Huolto"},"content":{"rendered":"\n\t\t<div style=\"--dekode-hero-dim:0.5; --t2-icon-fill:var(--wp--preset--color--white);\" class=\"alignfull dekode-hero-content-position-center has-media-background wp-block-dekode-hero has-text-color has-white-color\">\n\t\t\t<img loading=\"lazy\" decoding=\"async\" width=\"1024\" height=\"429\" src=\"https:\/\/www.elementlogic.net\/content\/uploads\/sites\/23\/\/2024\/09\/Wallpaper-10-scaled-1024x429.jpg\" class=\"dekode-hero__image\" alt=\"\" style=\"--focalpoint: 50% 50%;\" srcset=\"https:\/\/www.elementlogic.net\/content\/uploads\/sites\/23\/2024\/09\/Wallpaper-10-scaled-1024x429.jpg 1024w, https:\/\/www.elementlogic.net\/content\/uploads\/sites\/23\/2024\/09\/Wallpaper-10-scaled-300x126.jpg 300w, https:\/\/www.elementlogic.net\/content\/uploads\/sites\/23\/2024\/09\/Wallpaper-10-scaled-768x322.jpg 768w, https:\/\/www.elementlogic.net\/content\/uploads\/sites\/23\/2024\/09\/Wallpaper-10-scaled-1536x643.jpg 1536w, https:\/\/www.elementlogic.net\/content\/uploads\/sites\/23\/2024\/09\/Wallpaper-10-scaled-2048x858.jpg 2048w\" sizes=\"(max-width: 1024px) 100vw, 1024px\" \/>\n\t\t\t<div class=\"dekode-hero__content\">\n\t\t\t\t<div class=\"dekode-hero__container\">\n\t\t\t\t\t\n\n<h1 class=\"wp-block-heading\" id=\"h-huolto\"><strong>Huolto<\/strong><\/h1>\n\n\n<p class=\"t2-ingress wp-block-t2-ingress\"><strong>J\u00e4rjestelm\u00e4si sujuvan toiminnan varmistaminen<\/strong><\/p>\n\n\t\t\t\t<\/div>\n\t\t\t<\/div>\n\t\t<\/div>\n\t\t\n\n\n<h2 class=\"wp-block-heading\" id=\"h-huolto-osana-menestystarinaasi-nbsp\"><strong>Huolto osana menestystarinaasi<\/strong>&nbsp;<\/h2>\n\n\n\n<p>Huollossa ei ole kyse vain vikojen korjaamisesta. Se on keskeinen osa tapaa, jolla Element Logic tukee varastosi suorituskyky\u00e4 pitk\u00e4ll\u00e4 aikav\u00e4lill\u00e4. Customer Success -ohjelmamme pilarina huoltopalvelumme varmistaa, ett\u00e4 automatisoidut varastoj\u00e4rjestelm\u00e4si pysyv\u00e4t luotettavina, tehokkaina ja valmiina tuleviin haasteisiin.&nbsp;<\/p>\n\n\n\n<h2 class=\"wp-block-heading\" id=\"h-ennakoiva-ja-suunniteltu-huolto\">Ennakoiva ja suunniteltu huolto<\/h2>\n\n\n\n<p>Siit\u00e4 hetkest\u00e4 l\u00e4htien, kun j\u00e4rjestelm\u00e4si otetaan k\u00e4ytt\u00f6\u00f6n, ennakoiva huoltotiimimme laatii kanssasi toimintoihisi r\u00e4\u00e4t\u00e4l\u00f6idyn huoltoaikataulun.<\/p>\n\n\n\n<p>Suoritamme s\u00e4\u00e4nn\u00f6llisi\u00e4 tarkastuksia, puhdistuksia, osien vaihtoja ja ennaltaehk\u00e4isevi\u00e4 toimenpiteit\u00e4 kaikille kriittisille komponenteille \u2013 roboteille, varastoruudukolle, kuljetinj\u00e4rjestelmille, ohjelmistoille ja ohjaukselle. N\u00e4m\u00e4 suunnitellut huoltov\u00e4lit on suunniteltu est\u00e4m\u00e4\u00e4n kulumisen muuttuminen k\u00e4ytt\u00f6katkoiksi.<\/p>\n\n\n\n<p>Aikataulutamme huollot huolellisesti h\u00e4iri\u00f6iden v\u00e4ltt\u00e4miseksi ja koordinoimme ne tiimisi kanssa niin, ett\u00e4 sesonkihuiput huomioidaan ja toiminta jatkuu sujuvasti.<\/p>\n\n\n\n\t\t<div class=\"alignwide is-mode-constrained is-gap-center wp-block-t2-simple-media-text   \">\n\t\t\t<div class=\"t2-simple-media-text__container\">\n\t\t\t\t<div class=\"t2-simple-media-text__image\"><img loading=\"lazy\" decoding=\"async\" width=\"768\" height=\"322\" src=\"https:\/\/www.elementlogic.net\/content\/uploads\/sites\/23\/2025\/02\/Wallpaper-2-768x322.jpg\" class=\"\" alt=\"mies korjaa robottia\" style=\"--focalpoint: 50% 50%;\" srcset=\"https:\/\/www.elementlogic.net\/content\/uploads\/sites\/23\/2025\/02\/Wallpaper-2-768x322.jpg 768w, https:\/\/www.elementlogic.net\/content\/uploads\/sites\/23\/2025\/02\/Wallpaper-2-300x126.jpg 300w, https:\/\/www.elementlogic.net\/content\/uploads\/sites\/23\/2025\/02\/Wallpaper-2-1024x429.jpg 1024w, https:\/\/www.elementlogic.net\/content\/uploads\/sites\/23\/2025\/02\/Wallpaper-2-1536x643.jpg 1536w, https:\/\/www.elementlogic.net\/content\/uploads\/sites\/23\/2025\/02\/Wallpaper-2-2048x858.jpg 2048w\" sizes=\"(max-width: 768px) 100vw, 768px\" \/><\/div>\n\t\t\t\t<div class=\"t2-simple-media-text__content-container\">\n\t\t\t\t\t<div class=\"t2-simple-media-text__content\">\n\t\t\t\t\t\t<div class=\"t2-simple-media-text__content-inner\">\n\t\t\t\t\t\t\t\n\n<h3 class=\"wp-block-heading\" id=\"h-jarjestelman-kunnonvalvonta-ja-kulumisen-tunnistus\"><strong>J\u00e4rjestelm\u00e4n kunnonvalvonta ja kulumisen tunnistus<\/strong><\/h3>\n\n\n\n<p>K\u00e4ytt\u00e4m\u00e4ll\u00e4 <strong>eLogiqin<\/strong> kaltaisia ohjelmistoja j\u00e4rjestelm\u00e4n kunnonvalvontaan, seuraamme keskeisi\u00e4 indikaattoreita, kuten robotiikan k\u00e4ytt\u00e4ytymist\u00e4, moottorien suorituskyky\u00e4, hihnojen kireytt\u00e4, komponenttien kulumista ja j\u00e4rjestelm\u00e4n kuormitusta.<\/p>\n\n\n\n<p>T\u00e4m\u00e4 jatkuva seuranta mahdollistaa varhaiset varoitukset: osien hajoamisen, ep\u00e4normaalit toimintamallit tai antureiden poikkeamat. Kun ongelmia havaitaan, tiimimme puuttuu asiaan s\u00e4\u00e4d\u00f6ill\u00e4 tai huoltotoimenpiteill\u00e4 ennen kuin niist\u00e4 tulee varsinaisia vikoja.<\/p>\n\n\n\t\t\t\t\t\t<\/div>\n\t\t\t\t\t<\/div>\n\t\t\t\t<\/div>\n\t\t\t<\/div>\n\t\t<\/div>\n\t\t\n\n\n\t\t<div class=\"alignwide is-mode-constrained is-gap-center has-media-on-the-right wp-block-t2-simple-media-text   \">\n\t\t\t<div class=\"t2-simple-media-text__container\">\n\t\t\t\t<div class=\"t2-simple-media-text__image\"><img loading=\"lazy\" decoding=\"async\" width=\"768\" height=\"512\" src=\"https:\/\/www.elementlogic.net\/content\/uploads\/sites\/23\/2026\/03\/Material_Handling_at_Royal_Design__ELE_00546-768x512.jpg\" class=\"\" alt=\"kuljetinj\u00e4rjestelm\u00e4 varastossa\" style=\"--focalpoint: 50% 50%;\" srcset=\"https:\/\/www.elementlogic.net\/content\/uploads\/sites\/23\/2026\/03\/Material_Handling_at_Royal_Design__ELE_00546-768x512.jpg 768w, https:\/\/www.elementlogic.net\/content\/uploads\/sites\/23\/2026\/03\/Material_Handling_at_Royal_Design__ELE_00546-300x200.jpg 300w, https:\/\/www.elementlogic.net\/content\/uploads\/sites\/23\/2026\/03\/Material_Handling_at_Royal_Design__ELE_00546-1024x683.jpg 1024w, https:\/\/www.elementlogic.net\/content\/uploads\/sites\/23\/2026\/03\/Material_Handling_at_Royal_Design__ELE_00546-1536x1025.jpg 1536w, https:\/\/www.elementlogic.net\/content\/uploads\/sites\/23\/2026\/03\/Material_Handling_at_Royal_Design__ELE_00546.jpg 2000w\" sizes=\"(max-width: 768px) 100vw, 768px\" \/><\/div>\n\t\t\t\t<div class=\"t2-simple-media-text__content-container\">\n\t\t\t\t\t<div class=\"t2-simple-media-text__content\">\n\t\t\t\t\t\t<div class=\"t2-simple-media-text__content-inner\">\n\t\t\t\t\t\t\t\n\n<h3 class=\"wp-block-heading\" id=\"h-ennustava-huolto-ja-luotettavuuden-parantaminen-nbsp\"><strong>Ennustava huolto ja luotettavuuden parantaminen&nbsp;<\/strong><\/h3>\n\n\n\n<p>Me teemme enemm\u00e4n kuin vain reagoimme. Me ennustamme.<\/p>\n\n\n\n<p>Historiallisen datan, anturitiedon ja trendianalyysien avulla huolto-ohjelmamme sis\u00e4lt\u00e4\u00e4 ennustavia toimenpiteit\u00e4:<\/p>\n\n\n\n<p>Robottien tai ajoj\u00e4rjestelmien vikojen ennustaminen<\/p>\n\n\n\n<p>Kuljetin- tai lajitteluhihnojen huoltotarpeen ennakointi ennen luistoa tai kohdistusvirheit\u00e4<\/p>\n\n\n\n<p>Varastoruudukon poikkeamien, energiatehottomuuden tai komponenttien v\u00e4symisen havaitseminen<\/p>\n\n\n\n<p>Tuloksena on v\u00e4hemm\u00e4n odottamattomia keskeytyksi\u00e4, parempi k\u00e4ytett\u00e4vyys, komponenttien pidempi k\u00e4ytt\u00f6ik\u00e4 ja luotettavampi l\u00e4pimeno.&nbsp;<\/p>\n\n\n\t\t\t\t\t\t<\/div>\n\t\t\t\t\t<\/div>\n\t\t\t\t<\/div>\n\t\t\t<\/div>\n\t\t<\/div>\n\t\t\n\n\n<h2 class=\"wp-block-heading\" id=\"h-hairioiden-minimointi-kayttoian-maksimointi-nbsp\"><strong>H\u00e4iri\u00f6iden minimointi, k\u00e4ytt\u00f6i\u00e4n maksimointi<\/strong>&nbsp;<\/h2>\n\n\n\n<p>Tied\u00e4mme, ett\u00e4 kaikilla huoltotoimilla on kustannuksia: menetetty\u00e4 tuotantoa, aikataulutusta ja resurssien kohdentamista. Siksi huoltopalvelumme on suunniteltu minimoimaan h\u00e4iri\u00f6t ja maksimoimaan elinkaari:&nbsp;<\/p>\n\n\n\n<ul class=\"wp-block-list\">\n<li>Huoltojen ajoittaminen hiljaisiin ajankohtiin aina kun mahdollista<\/li>\n\n\n\n<li>Varaosavarastojen hy\u00f6dynt\u00e4minen nopeiden vaihtojen varmistamiseksi<\/li>\n\n\n\n<li>Koordinoitu p\u00e4\u00e4sy j\u00e4rjestelm\u00e4\u00e4n, jotta huolto ei pys\u00e4yt\u00e4 kriittisi\u00e4 toimintoja<\/li>\n\n\n\n<li>Selke\u00e4 viestint\u00e4 ja suunnittelu operatiivisen tiimisi kanssa<\/li>\n<\/ul>\n\n\n\n<p>Lis\u00e4ksi huolto on osa s\u00e4\u00e4nn\u00f6llisi\u00e4 Customer Success -katselmuksiamme, joten teemme s\u00e4\u00e4t\u00f6j\u00e4 sesonkien, kasvusuunnitelmien ja muuttuvien k\u00e4ytt\u00f6mallien mukaan.&nbsp;<\/p>\n\n\n\n<h2 class=\"wp-block-heading\" id=\"h-miksi-element-logicin-huolto-on-tarkeaa-nbsp\"><strong>Miksi Element Logicin huolto on t\u00e4rke\u00e4\u00e4?<\/strong>&nbsp;<\/h2>\n\n\n\n<ul class=\"wp-block-list\">\n<li><strong>K\u00e4ytett\u00e4vyys:<\/strong> V\u00e4hemm\u00e4n rikkoutumisia. Luotettavampi toiminta.<\/li>\n\n\n\n<li><strong>Alhaisemmat elinkaarikustannukset:<\/strong> S\u00e4\u00e4nn\u00f6llinen huolto v\u00e4hent\u00e4\u00e4 komponenttivikoja ja pident\u00e4\u00e4 j\u00e4rjestelm\u00e4n ik\u00e4\u00e4.<\/li>\n\n\n\n<li><strong>Tasainen suorituskyky:<\/strong> J\u00e4rjestelm\u00e4si s\u00e4ilytt\u00e4\u00e4 l\u00e4pimenon, tarkkuuden ja johdonmukaisuuden ajan my\u00f6t\u00e4.<\/li>\n\n\n\n<li><strong>Skaalautuvuus ja valmius:<\/strong> J\u00e4rjestelm\u00e4 pystyy k\u00e4sittelem\u00e4\u00e4n kapasiteetin kasvun tai uudet tuotetyypit ilman odottamattomia virheit\u00e4.<\/li>\n<\/ul>\n\n\n\n\t\t<div class=\"wp-block-dekode-simple-cta\">\n\t\t\t<div class=\"dekode-simple-cta__inner\">\n\n<h3 class=\"wp-block-heading\" id=\"aloitetaan-huoltoyhteistyo\"><strong>Aloitetaan huoltoyhteisty\u00f6<\/strong><\/h3>\n\n\n<p class=\"t2-ingress wp-block-t2-ingress\">Huolto ei ole valinnaista \u2013 se on v\u00e4ltt\u00e4m\u00e4t\u00f6nt\u00e4 pitk\u00e4n aikav\u00e4lin suorituskyvyn, luotettavuuden ja kustannushallinnan kannalta.\u00a0<\/p>\n\n\n<div class=\"wp-block-buttons is-layout-flex wp-block-buttons-is-layout-flex\">\n<div class=\"wp-block-button has-icon has-icon-theme_arrow\"><a class=\"wp-block-button__link wp-element-button\" href=\"https:\/\/www.elementlogic.net\/fi\/ota-yhteytta\/\">Ota yhteytt\u00e4 meihin<svg xmlns=\"http:\/\/www.w3.org\/2000\/svg\" viewBox=\"0 0 24 24\" height=\"24\" width=\"24\" class=\"t2-icon t2-icon-theme_arrow\" aria-hidden=\"true\" focusable=\"false\"><path d=\"M16.627 12.75H5.25C5.03717 12.75 4.859 12.6782 4.7155 12.5345C4.57183 12.391 4.5 12.2128 4.5 12C4.5 11.7872 4.57183 11.609 4.7155 11.4655C4.859 11.3218 5.03717 11.25 5.25 11.25H16.627L11.4577 6.08076C11.3091 5.93209 11.2357 5.75809 11.2375 5.55876C11.2395 5.35942 11.318 5.18217 11.473 5.02701C11.6282 4.88217 11.8038 4.80717 12 4.80201C12.1962 4.79684 12.3718 4.87184 12.527 5.02701L18.8673 11.3673C18.9609 11.4609 19.0269 11.5597 19.0652 11.6635C19.1037 11.7673 19.123 11.8795 19.123 12C19.123 12.1205 19.1037 12.2327 19.0652 12.3365C19.0269 12.4403 18.9609 12.5391 18.8673 12.6328L12.527 18.973C12.3885 19.1115 12.217 19.1823 12.0125 19.1855C11.808 19.1887 11.6282 19.1178 11.473 18.973C11.318 18.8178 11.2405 18.6397 11.2405 18.4385C11.2405 18.2372 11.318 18.0589 11.473 17.9038L16.627 12.75Z\" fill=\"var(--t2-icon-fill, #000)\"\/><\/svg><\/a><\/div>\n<\/div>\n\n<\/div>\n\t\t<\/div>\n\n\n<h3 class=\"wp-block-heading\" id=\"tutustu-palveluihimme\"><strong>Tutustu palveluihimme:<\/strong><\/h3>\n\n\n\n\t\t<div style=\"--link-cards-grid-columns: 3\" class=\"dekode-link-cards has-3-columns wp-block-dekode-link-cards\">\n\t\t\t<div class=\"dekode-link-cards__items\">\n\t\t\t\t\n<a class=\"wp-block-dekode-link-card\" href=\"https:\/\/www.elementlogic.net\/fi\/palvelut-ja-ratkaisut\/customer-success\/koulutus-ja-kehitys\/\"><img loading=\"lazy\" decoding=\"async\" width=\"768\" height=\"512\" src=\"https:\/\/www.elementlogic.net\/content\/uploads\/sites\/23\/2026\/04\/EL_eLogiq-2-768x512.png\" class=\"\" alt=\"\" \/>\t<div class=\"dekode-link-card__content\">\n\t\t\t\t<p class=\"dekode-link-card__title\">\n\t\t\tKoulutus\t\t<\/p>\n\t\t\t\t\t<p class=\"dekode-link-card__description\">Koulutus Customer Success -palvelun perustana<\/p>\n\t\t\t<\/div>\n\t<\/a>\n\n<a class=\"wp-block-dekode-link-card\" href=\"https:\/\/www.elementlogic.net\/fi\/palvelut-ja-ratkaisut\/customer-success\/analyysit-ja-optimointi\/\"><img loading=\"lazy\" decoding=\"async\" width=\"768\" height=\"512\" src=\"https:\/\/www.elementlogic.net\/content\/uploads\/sites\/23\/\/2024\/09\/EL_eLogiq_-11-1024x683-1-768x512.jpg\" class=\"\" alt=\"\" \/>\t<div class=\"dekode-link-card__content\">\n\t\t\t\t<p class=\"dekode-link-card__title\">\n\t\t\tAnalyysit ja optimointi\t\t<\/p>\n\t\t\t\t\t<p class=\"dekode-link-card__description\">Jatkuvan arvon tuottaminen\u00a0<br><\/p>\n\t\t\t<\/div>\n\t<\/a>\n\n<a class=\"wp-block-dekode-link-card\" href=\"https:\/\/www.elementlogic.net\/fi\/palvelut-ja-ratkaisut\/customer-success\/tuki\/\"><img loading=\"lazy\" decoding=\"async\" width=\"768\" height=\"512\" src=\"https:\/\/www.elementlogic.net\/content\/uploads\/sites\/23\/2026\/04\/support_customer-success-1-768x512.png\" class=\"\" alt=\"\" \/>\t<div class=\"dekode-link-card__content\">\n\t\t\t\t<p class=\"dekode-link-card__title\">\n\t\t\tTuki\t\t<\/p>\n\t\t\t\t\t<p class=\"dekode-link-card__description\">24\/7 luottamusta varastosi toimintoihin<\/p>\n\t\t\t<\/div>\n\t<\/a>\n\n\t\t\t<\/div>\n\t\t<\/div>","protected":false},"excerpt":{"rendered":"<p>Huolto osana menestystarinaasi&nbsp; Huollossa ei ole kyse vain vikojen korjaamisesta. Se on keskeinen osa tapaa, jolla Element Logic tukee varastosi [&hellip;]<\/p>\n","protected":false},"author":2,"featured_media":0,"parent":2676,"menu_order":0,"comment_status":"closed","ping_status":"closed","template":"","meta":{"hreflang_relation":4813,"_el_cross_publish_source_blog_url":"","_el_cross_publish_source_blog_id":0,"_el_cross_publish_source_post_id":0,"_el_cross_publish_sync_state":"","exclude_from_search":false,"footnotes":""},"class_list":["post-2680","page","type-page","status-publish","hentry"],"yoast_head":"<!-- This site is optimized with the Yoast SEO Premium plugin v23.9 (Yoast SEO v23.9) - https:\/\/yoast.com\/wordpress\/plugins\/seo\/ -->\n<title>Huolto - Element Logic Finland<\/title>\n<meta name=\"description\" content=\"Huolto ei ole vain vikojen korjaamista. Se on keskeinen osa tapaa, jolla Element Logic tukee varastosi suorituskyky\u00e4 pitk\u00e4ll\u00e4 aikav\u00e4lill\u00e4.\" \/>\n<meta name=\"robots\" content=\"index, follow, max-snippet:-1, max-image-preview:large, max-video-preview:-1\" \/>\n<link rel=\"canonical\" href=\"https:\/\/www.elementlogic.net\/fi\/palvelut-ja-ratkaisut\/customer-success\/huolto\/\" \/>\n<meta property=\"og:locale\" content=\"fi_FI\" \/>\n<meta property=\"og:type\" content=\"article\" \/>\n<meta property=\"og:title\" content=\"Huolto\" \/>\n<meta property=\"og:description\" content=\"Huolto ei ole vain vikojen korjaamista. Se on keskeinen osa tapaa, jolla Element Logic tukee varastosi suorituskyky\u00e4 pitk\u00e4ll\u00e4 aikav\u00e4lill\u00e4.\" \/>\n<meta property=\"og:url\" content=\"https:\/\/www.elementlogic.net\/fi\/palvelut-ja-ratkaisut\/customer-success\/huolto\/\" \/>\n<meta property=\"og:site_name\" content=\"Element Logic Finland\" \/>\n<meta property=\"article:modified_time\" content=\"2026-04-01T17:49:41+00:00\" \/>\n<meta name=\"twitter:card\" content=\"summary_large_image\" \/>\n<meta name=\"twitter:label1\" content=\"Arvioitu lukuaika\" \/>\n\t<meta name=\"twitter:data1\" content=\"3 minuuttia\" \/>\n<script type=\"application\/ld+json\" class=\"yoast-schema-graph\">{\"@context\":\"https:\/\/schema.org\",\"@graph\":[{\"@type\":\"WebPage\",\"@id\":\"https:\/\/www.elementlogic.net\/fi\/palvelut-ja-ratkaisut\/customer-success\/huolto\/\",\"url\":\"https:\/\/www.elementlogic.net\/fi\/palvelut-ja-ratkaisut\/customer-success\/huolto\/\",\"name\":\"Huolto - Element Logic Finland\",\"isPartOf\":{\"@id\":\"https:\/\/www.elementlogic.net\/fi\/#website\"},\"datePublished\":\"2026-04-01T16:23:48+00:00\",\"dateModified\":\"2026-04-01T17:49:41+00:00\",\"description\":\"Huolto ei ole vain vikojen korjaamista. Se on keskeinen osa tapaa, jolla Element Logic tukee varastosi suorituskyky\u00e4 pitk\u00e4ll\u00e4 aikav\u00e4lill\u00e4.\",\"breadcrumb\":{\"@id\":\"https:\/\/www.elementlogic.net\/fi\/palvelut-ja-ratkaisut\/customer-success\/huolto\/#breadcrumb\"},\"inLanguage\":\"fi\",\"potentialAction\":[{\"@type\":\"ReadAction\",\"target\":[\"https:\/\/www.elementlogic.net\/fi\/palvelut-ja-ratkaisut\/customer-success\/huolto\/\"]}]},{\"@type\":\"BreadcrumbList\",\"@id\":\"https:\/\/www.elementlogic.net\/fi\/palvelut-ja-ratkaisut\/customer-success\/huolto\/#breadcrumb\",\"itemListElement\":[{\"@type\":\"ListItem\",\"position\":1,\"name\":\"Palvelut ja ratkaisut\",\"item\":\"https:\/\/www.elementlogic.net\/fi\/palvelut-ja-ratkaisut\/\"},{\"@type\":\"ListItem\",\"position\":2,\"name\":\"Customer Success\",\"item\":\"https:\/\/www.elementlogic.net\/fi\/palvelut-ja-ratkaisut\/customer-success\/\"},{\"@type\":\"ListItem\",\"position\":3,\"name\":\"Huolto\"}]},{\"@type\":\"WebSite\",\"@id\":\"https:\/\/www.elementlogic.net\/fi\/#website\",\"url\":\"https:\/\/www.elementlogic.net\/fi\/\",\"name\":\"Element Logic Finland\",\"description\":\"\",\"potentialAction\":[{\"@type\":\"SearchAction\",\"target\":{\"@type\":\"EntryPoint\",\"urlTemplate\":\"https:\/\/www.elementlogic.net\/fi\/?s={search_term_string}\"},\"query-input\":{\"@type\":\"PropertyValueSpecification\",\"valueRequired\":true,\"valueName\":\"search_term_string\"}}],\"inLanguage\":\"fi\"}]}<\/script>\n<!-- \/ Yoast SEO Premium plugin. -->","yoast_head_json":{"title":"Huolto - Element Logic Finland","description":"Huolto ei ole vain vikojen korjaamista. Se on keskeinen osa tapaa, jolla Element Logic tukee varastosi suorituskyky\u00e4 pitk\u00e4ll\u00e4 aikav\u00e4lill\u00e4.","robots":{"index":"index","follow":"follow","max-snippet":"max-snippet:-1","max-image-preview":"max-image-preview:large","max-video-preview":"max-video-preview:-1"},"canonical":"https:\/\/www.elementlogic.net\/fi\/palvelut-ja-ratkaisut\/customer-success\/huolto\/","og_locale":"fi_FI","og_type":"article","og_title":"Huolto","og_description":"Huolto ei ole vain vikojen korjaamista. Se on keskeinen osa tapaa, jolla Element Logic tukee varastosi suorituskyky\u00e4 pitk\u00e4ll\u00e4 aikav\u00e4lill\u00e4.","og_url":"https:\/\/www.elementlogic.net\/fi\/palvelut-ja-ratkaisut\/customer-success\/huolto\/","og_site_name":"Element Logic Finland","article_modified_time":"2026-04-01T17:49:41+00:00","twitter_card":"summary_large_image","twitter_misc":{"Arvioitu lukuaika":"3 minuuttia"},"schema":{"@context":"https:\/\/schema.org","@graph":[{"@type":"WebPage","@id":"https:\/\/www.elementlogic.net\/fi\/palvelut-ja-ratkaisut\/customer-success\/huolto\/","url":"https:\/\/www.elementlogic.net\/fi\/palvelut-ja-ratkaisut\/customer-success\/huolto\/","name":"Huolto - Element Logic Finland","isPartOf":{"@id":"https:\/\/www.elementlogic.net\/fi\/#website"},"datePublished":"2026-04-01T16:23:48+00:00","dateModified":"2026-04-01T17:49:41+00:00","description":"Huolto ei ole vain vikojen korjaamista. Se on keskeinen osa tapaa, jolla Element Logic tukee varastosi suorituskyky\u00e4 pitk\u00e4ll\u00e4 aikav\u00e4lill\u00e4.","breadcrumb":{"@id":"https:\/\/www.elementlogic.net\/fi\/palvelut-ja-ratkaisut\/customer-success\/huolto\/#breadcrumb"},"inLanguage":"fi","potentialAction":[{"@type":"ReadAction","target":["https:\/\/www.elementlogic.net\/fi\/palvelut-ja-ratkaisut\/customer-success\/huolto\/"]}]},{"@type":"BreadcrumbList","@id":"https:\/\/www.elementlogic.net\/fi\/palvelut-ja-ratkaisut\/customer-success\/huolto\/#breadcrumb","itemListElement":[{"@type":"ListItem","position":1,"name":"Palvelut ja ratkaisut","item":"https:\/\/www.elementlogic.net\/fi\/palvelut-ja-ratkaisut\/"},{"@type":"ListItem","position":2,"name":"Customer Success","item":"https:\/\/www.elementlogic.net\/fi\/palvelut-ja-ratkaisut\/customer-success\/"},{"@type":"ListItem","position":3,"name":"Huolto"}]},{"@type":"WebSite","@id":"https:\/\/www.elementlogic.net\/fi\/#website","url":"https:\/\/www.elementlogic.net\/fi\/","name":"Element Logic Finland","description":"","potentialAction":[{"@type":"SearchAction","target":{"@type":"EntryPoint","urlTemplate":"https:\/\/www.elementlogic.net\/fi\/?s={search_term_string}"},"query-input":{"@type":"PropertyValueSpecification","valueRequired":true,"valueName":"search_term_string"}}],"inLanguage":"fi"}]}},"_links":{"self":[{"href":"https:\/\/www.elementlogic.net\/fi\/wp-json\/wp\/v2\/pages\/2680"}],"collection":[{"href":"https:\/\/www.elementlogic.net\/fi\/wp-json\/wp\/v2\/pages"}],"about":[{"href":"https:\/\/www.elementlogic.net\/fi\/wp-json\/wp\/v2\/types\/page"}],"author":[{"embeddable":true,"href":"https:\/\/www.elementlogic.net\/fi\/wp-json\/wp\/v2\/users\/2"}],"replies":[{"embeddable":true,"href":"https:\/\/www.elementlogic.net\/fi\/wp-json\/wp\/v2\/comments?post=2680"}],"version-history":[{"count":4,"href":"https:\/\/www.elementlogic.net\/fi\/wp-json\/wp\/v2\/pages\/2680\/revisions"}],"predecessor-version":[{"id":2909,"href":"https:\/\/www.elementlogic.net\/fi\/wp-json\/wp\/v2\/pages\/2680\/revisions\/2909"}],"up":[{"embeddable":true,"href":"https:\/\/www.elementlogic.net\/fi\/wp-json\/wp\/v2\/pages\/2676"}],"wp:attachment":[{"href":"https:\/\/www.elementlogic.net\/fi\/wp-json\/wp\/v2\/media?parent=2680"}],"curies":[{"name":"wp","href":"https:\/\/api.w.org\/{rel}","templated":true}]}}