{"id":2682,"date":"2026-04-01T17:00:33","date_gmt":"2026-04-01T17:00:33","guid":{"rendered":"https:\/\/www.elementlogic.net\/fi\/?page_id=2682"},"modified":"2026-04-01T17:28:00","modified_gmt":"2026-04-01T17:28:00","slug":"tuki","status":"publish","type":"page","link":"https:\/\/www.elementlogic.net\/fi\/palvelut-ja-ratkaisut\/customer-success\/tuki\/","title":{"rendered":"Tuki"},"content":{"rendered":"\n\t\t<div style=\"--dekode-hero-dim:0.5; --t2-icon-fill:var(--wp--preset--color--white);\" class=\"alignfull dekode-hero-content-position-center has-media-background wp-block-dekode-hero has-text-color has-white-color\">\n\t\t\t<img loading=\"lazy\" decoding=\"async\" width=\"1024\" height=\"664\" src=\"https:\/\/www.elementlogic.net\/content\/uploads\/sites\/23\/\/2024\/09\/Element-Logic-and-Bergaard-Amundsen-People-1024x664.jpg\" class=\"dekode-hero__image\" alt=\"\" style=\"--focalpoint: 52% 11%;\" srcset=\"https:\/\/www.elementlogic.net\/content\/uploads\/sites\/23\/2024\/09\/Element-Logic-and-Bergaard-Amundsen-People-1024x664.jpg 1024w, https:\/\/www.elementlogic.net\/content\/uploads\/sites\/23\/2024\/09\/Element-Logic-and-Bergaard-Amundsen-People-300x194.jpg 300w, https:\/\/www.elementlogic.net\/content\/uploads\/sites\/23\/2024\/09\/Element-Logic-and-Bergaard-Amundsen-People-768x498.jpg 768w, https:\/\/www.elementlogic.net\/content\/uploads\/sites\/23\/2024\/09\/Element-Logic-and-Bergaard-Amundsen-People-1536x996.jpg 1536w, https:\/\/www.elementlogic.net\/content\/uploads\/sites\/23\/2024\/09\/Element-Logic-and-Bergaard-Amundsen-People.jpg 1600w\" sizes=\"(max-width: 1024px) 100vw, 1024px\" \/>\n\t\t\t<div class=\"dekode-hero__content\">\n\t\t\t\t<div class=\"dekode-hero__container\">\n\t\t\t\t\t\n\n<p><strong>Tuki: 24\/7 luottamusta varastosi toimintoihin<\/strong>&nbsp;<\/p>\n\n\n\n<h1 class=\"wp-block-heading\" id=\"h-tuki\"><strong>Tuki<\/strong><\/h1>\n\n\n<p class=\"t2-ingress wp-block-t2-ingress\"><strong>Aina saatavilla, aina luotettava<\/strong>\u00a0<\/p>\n\n\n<div class=\"wp-block-buttons is-layout-flex wp-block-buttons-is-layout-flex\">\n<div class=\"wp-block-button\"><a class=\"wp-block-button__link wp-element-button\" href=\"https:\/\/www.elementlogic.net\/fi\/ota-yhteytta\/\">Ota yhteytt\u00e4<\/a><\/div>\n<\/div>\n\n\n\t\t\t\t<\/div>\n\t\t\t<\/div>\n\t\t<\/div>\n\t\t\n\n\n<p>Varastosi on riippuvainen k\u00e4ytett\u00e4vyydest\u00e4. Siksi Element Logic tarjoaa omistautunutta tukea ymp\u00e4ri vuorokauden. Customer Success -tukitiimimme varmistaa, ett\u00e4 ratkaisusi, ohjelmistosi ja integroidut laitteistosi toimivat odotetulla tavalla antaen sinulle varmuuden siit\u00e4, ett\u00e4 varastosi pystyy toimittamaan ajallaan joka kerta.&nbsp;<\/p>\n\n\n\n\t\t<div class=\"alignwide is-mode-constrained is-gap-center wp-block-t2-simple-media-text   \">\n\t\t\t<div class=\"t2-simple-media-text__container\">\n\t\t\t\t<div class=\"t2-simple-media-text__image\"><img loading=\"lazy\" decoding=\"async\" width=\"768\" height=\"512\" src=\"https:\/\/www.elementlogic.net\/content\/uploads\/sites\/23\/2026\/04\/support_customer-success-1-768x512.png\" class=\"\" alt=\"\" style=\"--focalpoint: 50% 50%;\" srcset=\"https:\/\/www.elementlogic.net\/content\/uploads\/sites\/23\/2026\/04\/support_customer-success-1-768x512.png 768w, https:\/\/www.elementlogic.net\/content\/uploads\/sites\/23\/2026\/04\/support_customer-success-1-300x200.png 300w, https:\/\/www.elementlogic.net\/content\/uploads\/sites\/23\/2026\/04\/support_customer-success-1.png 1024w\" sizes=\"(max-width: 768px) 100vw, 768px\" \/><\/div>\n\t\t\t\t<div class=\"t2-simple-media-text__content-container\">\n\t\t\t\t\t<div class=\"t2-simple-media-text__content\">\n\t\t\t\t\t\t<div class=\"t2-simple-media-text__content-inner\">\n\t\t\t\t\t\t\t\n\n<h3 class=\"wp-block-heading\" id=\"h-nopeaa-ja-asiantuntevaa-apua\"><strong>Nopeaa ja asiantuntevaa apua<\/strong><\/h3>\n\n\n\n<p>H\u00e4iri\u00f6tilanteissa ajalla on merkityst\u00e4. Globaalit tukitiimimme vastaavat nopeasti, tunnistavat syyn ja tarjoavat oikeaa asiantuntemusta ongelman ratkaisemiseksi. Useimmat tapaukset voidaan hoitaa et\u00e4yhteyden kautta suojatun VPN-p\u00e4\u00e4syn avulla, mik\u00e4 tarkoittaa lyhyempi\u00e4 seisokkiaikoja ja nopeampaa palautumista. Ennakoivan valvonnan ansiosta havaitsemme ja k\u00e4sittelemme mahdolliset haasteet usein jo ennen kuin ne vaikuttavat toimintaan.&nbsp;<\/p>\n\n\n\n<div class=\"wp-block-buttons is-layout-flex wp-block-buttons-is-layout-flex\">\n<div class=\"wp-block-button is-style-fill has-icon has-icon-theme_arrow\"><a class=\"wp-block-button__link wp-element-button\" href=\"https:\/\/www.elementlogic.net\/fi\/ota-yhteytta\/tuki\/\">Ota yhteytt\u00e4 meihin t\u00e4st\u00e4<svg xmlns=\"http:\/\/www.w3.org\/2000\/svg\" viewBox=\"0 0 24 24\" height=\"24\" width=\"24\" class=\"t2-icon t2-icon-theme_arrow\" aria-hidden=\"true\" focusable=\"false\"><path d=\"M16.627 12.75H5.25C5.03717 12.75 4.859 12.6782 4.7155 12.5345C4.57183 12.391 4.5 12.2128 4.5 12C4.5 11.7872 4.57183 11.609 4.7155 11.4655C4.859 11.3218 5.03717 11.25 5.25 11.25H16.627L11.4577 6.08076C11.3091 5.93209 11.2357 5.75809 11.2375 5.55876C11.2395 5.35942 11.318 5.18217 11.473 5.02701C11.6282 4.88217 11.8038 4.80717 12 4.80201C12.1962 4.79684 12.3718 4.87184 12.527 5.02701L18.8673 11.3673C18.9609 11.4609 19.0269 11.5597 19.0652 11.6635C19.1037 11.7673 19.123 11.8795 19.123 12C19.123 12.1205 19.1037 12.2327 19.0652 12.3365C19.0269 12.4403 18.9609 12.5391 18.8673 12.6328L12.527 18.973C12.3885 19.1115 12.217 19.1823 12.0125 19.1855C11.808 19.1887 11.6282 19.1178 11.473 18.973C11.318 18.8178 11.2405 18.6397 11.2405 18.4385C11.2405 18.2372 11.318 18.0589 11.473 17.9038L16.627 12.75Z\" fill=\"var(--t2-icon-fill, #000)\"\/><\/svg><\/a><\/div>\n<\/div>\n\n\n\t\t\t\t\t\t<\/div>\n\t\t\t\t\t<\/div>\n\t\t\t\t<\/div>\n\t\t\t<\/div>\n\t\t<\/div>\n\t\t\n\n\n\t\t<div class=\"alignwide is-mode-constrained is-gap-center has-media-on-the-right wp-block-t2-simple-media-text   \">\n\t\t\t<div class=\"t2-simple-media-text__container\">\n\t\t\t\t<div class=\"t2-simple-media-text__image\"><img loading=\"lazy\" decoding=\"async\" width=\"768\" height=\"640\" src=\"https:\/\/www.elementlogic.net\/content\/uploads\/sites\/23\/2025\/06\/man-scans-at-autostore-768x640.png\" class=\"\" alt=\"mies skannaa tuotteen automaattivarastossa\" style=\"--focalpoint: 50% 50%;\" srcset=\"https:\/\/www.elementlogic.net\/content\/uploads\/sites\/23\/2025\/06\/man-scans-at-autostore-768x640.png 768w, https:\/\/www.elementlogic.net\/content\/uploads\/sites\/23\/2025\/06\/man-scans-at-autostore-300x250.png 300w, https:\/\/www.elementlogic.net\/content\/uploads\/sites\/23\/2025\/06\/man-scans-at-autostore-1024x853.png 1024w, https:\/\/www.elementlogic.net\/content\/uploads\/sites\/23\/2025\/06\/man-scans-at-autostore.png 1052w\" sizes=\"(max-width: 768px) 100vw, 768px\" \/><\/div>\n\t\t\t\t<div class=\"t2-simple-media-text__content-container\">\n\t\t\t\t\t<div class=\"t2-simple-media-text__content\">\n\t\t\t\t\t\t<div class=\"t2-simple-media-text__content-inner\">\n\t\t\t\t\t\t\t\n\n<h3 class=\"wp-block-heading\" id=\"h-enemman-kuin-pelkkaa-vianmaaritysta-nbsp\"><strong>Enemm\u00e4n kuin pelkk\u00e4\u00e4 vianm\u00e4\u00e4rityst\u00e4&nbsp;<\/strong><\/h3>\n\n\n\n<p>Element Logicin tuki on enemm\u00e4n kuin h\u00e4t\u00e4tilanteisiin reagoimista. Rakenteellinen l\u00e4hestymistapamme sis\u00e4lt\u00e4\u00e4:<\/p>\n\n\n\n<p><strong>H\u00e4iri\u00f6hallinta:<\/strong> Toiminnan nopea palauttaminen.<br><strong>Ongelmanhallinta :<\/strong> Vikojen uusiutumisen est\u00e4minen.<br><strong>Muutos- ja palvelupyynt\u00f6jen hallinta:<\/strong> J\u00e4rjestelm\u00e4n mukauttaminen liiketoimintasi kehittyess\u00e4.<\/p>\n\n\n\n<p>T\u00e4m\u00e4 yhdistelm\u00e4 varmistaa sek\u00e4 nykyhetken vakauden ett\u00e4 tulevaisuuden kest\u00e4vyyden.&nbsp;<\/p>\n\n\n\t\t\t\t\t\t<\/div>\n\t\t\t\t\t<\/div>\n\t\t\t\t<\/div>\n\t\t\t<\/div>\n\t\t<\/div>\n\t\t\n\n\n<h2 class=\"wp-block-heading\" id=\"h-luotettava-kumppani-suorituskyvyssa-nbsp\"><strong>Luotettava kumppani suorituskyvyss\u00e4<\/strong>&nbsp;<\/h2>\n\n\n\n<p>Tuki on osa laajempaa sitoumustamme asiakkaidemme menestykseen. Ty\u00f6skentelem\u00e4ll\u00e4 Element Logicin kanssa saat 24\/7-saatavuuden lis\u00e4ksi varmuuden siit\u00e4, ett\u00e4 varastosi on asiantuntevissa k\u00e4siss\u00e4. Nopeista ratkaisuista pitk\u00e4n aikav\u00e4lin optimointiin, tukipalvelumme on suunniteltu minimoimaan riskit ja maksimoimaan suorituskykysi.&nbsp;<\/p>\n\n\n\n\t\t<div class=\"wp-block-dekode-simple-cta\">\n\t\t\t<div class=\"dekode-simple-cta__inner\">\n\n<h2 class=\"wp-block-heading\" id=\"h-hanki-tukea-jo-tanaan\"><strong>Hanki tukea jo t\u00e4n\u00e4\u00e4n<\/strong><\/h2>\n\n\n<p class=\"t2-ingress wp-block-t2-ingress\">Tarvitsetpa v\u00e4lit\u00f6nt\u00e4 apua tai haluat vahvistaa pitk\u00e4n aikav\u00e4lin tukij\u00e4rjestelyj\u00e4si, Element Logic on t\u00e4\u00e4ll\u00e4 auttamassa.\u00a0<\/p>\n\n\n<div class=\"wp-block-buttons is-layout-flex wp-block-buttons-is-layout-flex\">\n<div class=\"wp-block-button has-icon has-icon-theme_arrow\"><a class=\"wp-block-button__link wp-element-button\" href=\"https:\/\/www.elementlogic.net\/fi\/ota-yhteytta\/\">Ota yhteytt\u00e4 t\u00e4n\u00e4\u00e4n kuullaksesi lis\u00e4\u00e4<svg xmlns=\"http:\/\/www.w3.org\/2000\/svg\" viewBox=\"0 0 24 24\" height=\"24\" width=\"24\" class=\"t2-icon t2-icon-theme_arrow\" aria-hidden=\"true\" focusable=\"false\"><path d=\"M16.627 12.75H5.25C5.03717 12.75 4.859 12.6782 4.7155 12.5345C4.57183 12.391 4.5 12.2128 4.5 12C4.5 11.7872 4.57183 11.609 4.7155 11.4655C4.859 11.3218 5.03717 11.25 5.25 11.25H16.627L11.4577 6.08076C11.3091 5.93209 11.2357 5.75809 11.2375 5.55876C11.2395 5.35942 11.318 5.18217 11.473 5.02701C11.6282 4.88217 11.8038 4.80717 12 4.80201C12.1962 4.79684 12.3718 4.87184 12.527 5.02701L18.8673 11.3673C18.9609 11.4609 19.0269 11.5597 19.0652 11.6635C19.1037 11.7673 19.123 11.8795 19.123 12C19.123 12.1205 19.1037 12.2327 19.0652 12.3365C19.0269 12.4403 18.9609 12.5391 18.8673 12.6328L12.527 18.973C12.3885 19.1115 12.217 19.1823 12.0125 19.1855C11.808 19.1887 11.6282 19.1178 11.473 18.973C11.318 18.8178 11.2405 18.6397 11.2405 18.4385C11.2405 18.2372 11.318 18.0589 11.473 17.9038L16.627 12.75Z\" fill=\"var(--t2-icon-fill, #000)\"\/><\/svg><\/a><\/div>\n<\/div>\n\n<\/div>\n\t\t<\/div>\n\n\n<h3 class=\"wp-block-heading\" id=\"tutustu-palveluihimme\"><strong>Tutustu palveluihimme:<\/strong><\/h3>\n\n\n\n\t\t<div style=\"--link-cards-grid-columns: 3\" class=\"dekode-link-cards has-3-columns wp-block-dekode-link-cards\">\n\t\t\t<div class=\"dekode-link-cards__items\">\n\t\t\t\t\n<a class=\"wp-block-dekode-link-card\" href=\"https:\/\/www.elementlogic.net\/fi\/palvelut-ja-ratkaisut\/customer-success\/koulutus-ja-kehitys\/\"><img loading=\"lazy\" decoding=\"async\" width=\"768\" height=\"512\" src=\"https:\/\/www.elementlogic.net\/content\/uploads\/sites\/23\/2026\/04\/EL_eLogiq-2-768x512.png\" class=\"\" alt=\"\" \/>\t<div class=\"dekode-link-card__content\">\n\t\t\t\t<p class=\"dekode-link-card__title\">\n\t\t\tKoulutus\t\t<\/p>\n\t\t\t\t\t<p class=\"dekode-link-card__description\">Koulutus Customer Success -palvelun perustana<\/p>\n\t\t\t<\/div>\n\t<\/a>\n\n<a class=\"wp-block-dekode-link-card\" href=\"https:\/\/www.elementlogic.net\/fi\/palvelut-ja-ratkaisut\/customer-success\/analyysit-ja-optimointi\/\"><img loading=\"lazy\" decoding=\"async\" width=\"768\" height=\"512\" src=\"https:\/\/www.elementlogic.net\/content\/uploads\/sites\/23\/\/2024\/09\/EL_eLogiq_-11-1024x683-1-768x512.jpg\" class=\"\" alt=\"\" \/>\t<div class=\"dekode-link-card__content\">\n\t\t\t\t<p class=\"dekode-link-card__title\">\n\t\t\tAnalyysit ja optimointi\t\t<\/p>\n\t\t\t\t\t<p class=\"dekode-link-card__description\">Jatkuvan arvon tuottaminen<br><\/p>\n\t\t\t<\/div>\n\t<\/a>\n\n<a class=\"wp-block-dekode-link-card\" href=\"https:\/\/www.elementlogic.net\/fi\/palvelut-ja-ratkaisut\/customer-success\/huolto\/\"><img loading=\"lazy\" decoding=\"async\" width=\"768\" height=\"512\" src=\"https:\/\/www.elementlogic.net\/content\/uploads\/sites\/23\/2026\/04\/wallpaper_Customer-success-1-768x512.png\" class=\"\" alt=\"\" \/>\t<div class=\"dekode-link-card__content\">\n\t\t\t\t<p class=\"dekode-link-card__title\">\n\t\t\tHuolto\t\t<\/p>\n\t\t\t\t\t<p class=\"dekode-link-card__description\">J\u00e4rjestelm\u00e4si sujuvan toiminnan varmistaminen<\/p>\n\t\t\t<\/div>\n\t<\/a>\n\n\t\t\t<\/div>\n\t\t<\/div>","protected":false},"excerpt":{"rendered":"<p>Varastosi on riippuvainen k\u00e4ytett\u00e4vyydest\u00e4. Siksi Element Logic tarjoaa omistautunutta tukea ymp\u00e4ri vuorokauden. Customer Success -tukitiimimme varmistaa, ett\u00e4 ratkaisusi, ohjelmistosi ja [&hellip;]<\/p>\n","protected":false},"author":2,"featured_media":0,"parent":2676,"menu_order":0,"comment_status":"closed","ping_status":"closed","template":"","meta":{"hreflang_relation":2020,"_el_cross_publish_source_blog_url":"","_el_cross_publish_source_blog_id":0,"_el_cross_publish_source_post_id":0,"_el_cross_publish_sync_state":"","exclude_from_search":false,"footnotes":""},"class_list":["post-2682","page","type-page","status-publish","hentry"],"yoast_head":"<!-- This site is optimized with the Yoast SEO Premium plugin v23.9 (Yoast SEO v23.9) - https:\/\/yoast.com\/wordpress\/plugins\/seo\/ -->\n<title>Tuki - Element Logic Finland<\/title>\n<meta name=\"description\" content=\"Varastosi on riippuvainen k\u00e4ytett\u00e4vyydest\u00e4. Siksi Element Logic tarjoaa omistautunutta tukea ymp\u00e4ri vuorokauden.\" \/>\n<meta name=\"robots\" content=\"index, follow, max-snippet:-1, max-image-preview:large, max-video-preview:-1\" \/>\n<link rel=\"canonical\" href=\"https:\/\/www.elementlogic.net\/fi\/palvelut-ja-ratkaisut\/customer-success\/tuki\/\" \/>\n<meta property=\"og:locale\" content=\"fi_FI\" \/>\n<meta property=\"og:type\" content=\"article\" \/>\n<meta property=\"og:title\" content=\"Tuki\" \/>\n<meta property=\"og:description\" content=\"Varastosi on riippuvainen k\u00e4ytett\u00e4vyydest\u00e4. Siksi Element Logic tarjoaa omistautunutta tukea ymp\u00e4ri vuorokauden.\" \/>\n<meta property=\"og:url\" content=\"https:\/\/www.elementlogic.net\/fi\/palvelut-ja-ratkaisut\/customer-success\/tuki\/\" \/>\n<meta property=\"og:site_name\" content=\"Element Logic Finland\" \/>\n<meta property=\"article:modified_time\" content=\"2026-04-01T17:28:00+00:00\" \/>\n<meta name=\"twitter:card\" content=\"summary_large_image\" \/>\n<meta name=\"twitter:label1\" content=\"Arvioitu lukuaika\" \/>\n\t<meta name=\"twitter:data1\" content=\"2 minuuttia\" \/>\n<script type=\"application\/ld+json\" class=\"yoast-schema-graph\">{\"@context\":\"https:\/\/schema.org\",\"@graph\":[{\"@type\":\"WebPage\",\"@id\":\"https:\/\/www.elementlogic.net\/fi\/palvelut-ja-ratkaisut\/customer-success\/tuki\/\",\"url\":\"https:\/\/www.elementlogic.net\/fi\/palvelut-ja-ratkaisut\/customer-success\/tuki\/\",\"name\":\"Tuki - Element Logic Finland\",\"isPartOf\":{\"@id\":\"https:\/\/www.elementlogic.net\/fi\/#website\"},\"datePublished\":\"2026-04-01T17:00:33+00:00\",\"dateModified\":\"2026-04-01T17:28:00+00:00\",\"description\":\"Varastosi on riippuvainen k\u00e4ytett\u00e4vyydest\u00e4. Siksi Element Logic tarjoaa omistautunutta tukea ymp\u00e4ri vuorokauden.\",\"breadcrumb\":{\"@id\":\"https:\/\/www.elementlogic.net\/fi\/palvelut-ja-ratkaisut\/customer-success\/tuki\/#breadcrumb\"},\"inLanguage\":\"fi\",\"potentialAction\":[{\"@type\":\"ReadAction\",\"target\":[\"https:\/\/www.elementlogic.net\/fi\/palvelut-ja-ratkaisut\/customer-success\/tuki\/\"]}]},{\"@type\":\"BreadcrumbList\",\"@id\":\"https:\/\/www.elementlogic.net\/fi\/palvelut-ja-ratkaisut\/customer-success\/tuki\/#breadcrumb\",\"itemListElement\":[{\"@type\":\"ListItem\",\"position\":1,\"name\":\"Palvelut ja ratkaisut\",\"item\":\"https:\/\/www.elementlogic.net\/fi\/palvelut-ja-ratkaisut\/\"},{\"@type\":\"ListItem\",\"position\":2,\"name\":\"Customer Success\",\"item\":\"https:\/\/www.elementlogic.net\/fi\/palvelut-ja-ratkaisut\/customer-success\/\"},{\"@type\":\"ListItem\",\"position\":3,\"name\":\"Tuki\"}]},{\"@type\":\"WebSite\",\"@id\":\"https:\/\/www.elementlogic.net\/fi\/#website\",\"url\":\"https:\/\/www.elementlogic.net\/fi\/\",\"name\":\"Element Logic Finland\",\"description\":\"\",\"potentialAction\":[{\"@type\":\"SearchAction\",\"target\":{\"@type\":\"EntryPoint\",\"urlTemplate\":\"https:\/\/www.elementlogic.net\/fi\/?s={search_term_string}\"},\"query-input\":{\"@type\":\"PropertyValueSpecification\",\"valueRequired\":true,\"valueName\":\"search_term_string\"}}],\"inLanguage\":\"fi\"}]}<\/script>\n<!-- \/ Yoast SEO Premium plugin. -->","yoast_head_json":{"title":"Tuki - Element Logic Finland","description":"Varastosi on riippuvainen k\u00e4ytett\u00e4vyydest\u00e4. Siksi Element Logic tarjoaa omistautunutta tukea ymp\u00e4ri vuorokauden.","robots":{"index":"index","follow":"follow","max-snippet":"max-snippet:-1","max-image-preview":"max-image-preview:large","max-video-preview":"max-video-preview:-1"},"canonical":"https:\/\/www.elementlogic.net\/fi\/palvelut-ja-ratkaisut\/customer-success\/tuki\/","og_locale":"fi_FI","og_type":"article","og_title":"Tuki","og_description":"Varastosi on riippuvainen k\u00e4ytett\u00e4vyydest\u00e4. Siksi Element Logic tarjoaa omistautunutta tukea ymp\u00e4ri vuorokauden.","og_url":"https:\/\/www.elementlogic.net\/fi\/palvelut-ja-ratkaisut\/customer-success\/tuki\/","og_site_name":"Element Logic Finland","article_modified_time":"2026-04-01T17:28:00+00:00","twitter_card":"summary_large_image","twitter_misc":{"Arvioitu lukuaika":"2 minuuttia"},"schema":{"@context":"https:\/\/schema.org","@graph":[{"@type":"WebPage","@id":"https:\/\/www.elementlogic.net\/fi\/palvelut-ja-ratkaisut\/customer-success\/tuki\/","url":"https:\/\/www.elementlogic.net\/fi\/palvelut-ja-ratkaisut\/customer-success\/tuki\/","name":"Tuki - Element Logic Finland","isPartOf":{"@id":"https:\/\/www.elementlogic.net\/fi\/#website"},"datePublished":"2026-04-01T17:00:33+00:00","dateModified":"2026-04-01T17:28:00+00:00","description":"Varastosi on riippuvainen k\u00e4ytett\u00e4vyydest\u00e4. Siksi Element Logic tarjoaa omistautunutta tukea ymp\u00e4ri vuorokauden.","breadcrumb":{"@id":"https:\/\/www.elementlogic.net\/fi\/palvelut-ja-ratkaisut\/customer-success\/tuki\/#breadcrumb"},"inLanguage":"fi","potentialAction":[{"@type":"ReadAction","target":["https:\/\/www.elementlogic.net\/fi\/palvelut-ja-ratkaisut\/customer-success\/tuki\/"]}]},{"@type":"BreadcrumbList","@id":"https:\/\/www.elementlogic.net\/fi\/palvelut-ja-ratkaisut\/customer-success\/tuki\/#breadcrumb","itemListElement":[{"@type":"ListItem","position":1,"name":"Palvelut ja ratkaisut","item":"https:\/\/www.elementlogic.net\/fi\/palvelut-ja-ratkaisut\/"},{"@type":"ListItem","position":2,"name":"Customer Success","item":"https:\/\/www.elementlogic.net\/fi\/palvelut-ja-ratkaisut\/customer-success\/"},{"@type":"ListItem","position":3,"name":"Tuki"}]},{"@type":"WebSite","@id":"https:\/\/www.elementlogic.net\/fi\/#website","url":"https:\/\/www.elementlogic.net\/fi\/","name":"Element Logic Finland","description":"","potentialAction":[{"@type":"SearchAction","target":{"@type":"EntryPoint","urlTemplate":"https:\/\/www.elementlogic.net\/fi\/?s={search_term_string}"},"query-input":{"@type":"PropertyValueSpecification","valueRequired":true,"valueName":"search_term_string"}}],"inLanguage":"fi"}]}},"_links":{"self":[{"href":"https:\/\/www.elementlogic.net\/fi\/wp-json\/wp\/v2\/pages\/2682"}],"collection":[{"href":"https:\/\/www.elementlogic.net\/fi\/wp-json\/wp\/v2\/pages"}],"about":[{"href":"https:\/\/www.elementlogic.net\/fi\/wp-json\/wp\/v2\/types\/page"}],"author":[{"embeddable":true,"href":"https:\/\/www.elementlogic.net\/fi\/wp-json\/wp\/v2\/users\/2"}],"replies":[{"embeddable":true,"href":"https:\/\/www.elementlogic.net\/fi\/wp-json\/wp\/v2\/comments?post=2682"}],"version-history":[{"count":4,"href":"https:\/\/www.elementlogic.net\/fi\/wp-json\/wp\/v2\/pages\/2682\/revisions"}],"predecessor-version":[{"id":2907,"href":"https:\/\/www.elementlogic.net\/fi\/wp-json\/wp\/v2\/pages\/2682\/revisions\/2907"}],"up":[{"embeddable":true,"href":"https:\/\/www.elementlogic.net\/fi\/wp-json\/wp\/v2\/pages\/2676"}],"wp:attachment":[{"href":"https:\/\/www.elementlogic.net\/fi\/wp-json\/wp\/v2\/media?parent=2682"}],"curies":[{"name":"wp","href":"https:\/\/api.w.org\/{rel}","templated":true}]}}